{"id":40429,"date":"2024-04-03T09:38:47","date_gmt":"2024-04-03T02:38:47","guid":{"rendered":"https:\/\/maison-chance.org\/shop\/san-pham\/decorations-dinterieur"},"modified":"2024-11-08T13:59:19","modified_gmt":"2024-11-08T06:59:19","slug":"decorations-dinterieur","status":"publish","type":"product","link":"https:\/\/maison-chance.org\/shop\/fr\/produit\/decorations-dinterieur","title":{"rendered":"D\u00e9corations d&rsquo;int\u00e9rieur"},"content":{"rendered":"<p style=\"text-align: justify;\">Vous recherchez des d\u00e9corations uniques pour illuminer votre maison en cette saison de f\u00eate ? Laissez la collection de d\u00e9corations de No\u00ebl de Maison Chance conqu\u00e9rir votre c\u0153ur. Cr\u00e9\u00e9es par les mains habiles des artisans handicap\u00e9s, chaque pi\u00e8ce n\u2019est pas seulement un joli ornement mais aussi un symbole de r\u00e9silience et d\u2019espoir.<\/p>\n<p style=\"text-align: justify;\">La collection comprend cinq adorables d\u00e9corations : un sapin de No\u00ebl vert fonc\u00e9 (19&#215;26 cm), un ange bleu clair (13&#215;18 cm), une bo\u00eete cadeau jaune vif (16&#215;22 cm), un croissant de lune ivoire (9&#215;12 cm) et une paire de bottes rouges vives (8&#215;6 cm). Tous sont fabriqu\u00e9s en tissu de satin doux, agr\u00e9ment\u00e9s de petites \u00e9toiles dor\u00e9es scintillantes pour un look raffin\u00e9 et \u00e9l\u00e9gant.<\/p>\n<p style=\"text-align: justify;\">Utilisations polyvalentes des d\u00e9corations de No\u00ebl Maison Chance :<\/p>\n<p style=\"text-align: justify;\">D\u00e9coration de sapin : Accrochez ces objets \u00e0 votre sapin de No\u00ebl pour cr\u00e9er un espace festif unique et \u00e9clatant. La combinaison de couleurs vives rendra votre sapin plus remarquable que jamais.<\/p>\n<p style=\"text-align: justify;\">D\u00e9cor pour l\u2019espace de vie : Ces objets sont parfaits pour n&rsquo;importe quel petit coin de votre maison &#8211; de la fen\u00eatre \u00e0 l\u2019\u00e9tag\u00e8re ou m\u00eame votre bureau. Ils apportent une atmosph\u00e8re chaleureuse de No\u00ebl \u00e0 votre espace de vie.<\/p>\n<p style=\"text-align: justify;\">Cadeau significatif : Offrez chaque pi\u00e8ce ou l&rsquo;ensemble de la collection \u00e0 vos proches et amis comme cadeau fait main unique. Chaque objet v\u00e9hiculera amour et chance pendant la saison des f\u00eates.<\/p>\n<p style=\"text-align: justify;\">D\u00e9coration de f\u00eate : Utilisez ces objets pour d\u00e9corer la table, cr\u00e9ant une ambiance joyeuse et conviviale pour les r\u00e9unions de No\u00ebl.<\/p>\n<p style=\"text-align: justify;\">Outil p\u00e9dagogique cr\u00e9atif : Utilisez cet ensemble de d\u00e9corations pour enseigner aux enfants la signification de No\u00ebl, inspirant la cr\u00e9ativit\u00e9 et la compassion.<\/p>\n<p style=\"text-align: justify;\">Chaque point de couture sur ces d\u00e9corations raconte des histoires de pers\u00e9v\u00e9rance et de d\u00e9sir de surmonter l\u2019adversit\u00e9 de la part des artisans handicap\u00e9s chez Maison Chance. Ils ont transform\u00e9 les d\u00e9fis en motivation, cr\u00e9ant des produits de qualit\u00e9 avec soin et d\u00e9vouement.<\/p>\n<p style=\"text-align: justify;\">En choisissant d\u2019acheter le kit de d\u00e9corations de No\u00ebl Maison Chance, vous ne poss\u00e9dez pas seulement de beaux objets, mais contribuez \u00e9galement \u00e0 offrir des opportunit\u00e9s d\u2019emploi et des revenus stables pour les personnes handicap\u00e9es. C\u2019est un moyen pratique de montrer votre soutien et votre respect envers la communaut\u00e9 des personnes handicap\u00e9es, les aidant \u00e0 s\u2019int\u00e9grer dans la soci\u00e9t\u00e9 avec confiance.<\/p>\n<p style=\"text-align: justify;\">Ouvrez votre c\u0153ur et achetez le kit de d\u00e9corations de No\u00ebl de <a href=\"https:\/\/maison-chance.org\/shop\">Maison Chance<\/a> d\u00e8s aujourd\u2019hui ! Chaque produit que vous achetez est une chance de partager espoir et foi en une vie meilleure pour les personnes handicap\u00e9es. Rejoignez Maison Chance pour r\u00e9pandre l\u2019esprit de No\u00ebl \u2013 la saison de l\u2019amour et du partage. Le kit de d\u00e9corations de No\u00ebl Maison Chance &#8211; un cadeau du c\u0153ur, envoy\u00e9 au c\u0153ur !<\/p>\n","protected":false},"excerpt":{"rendered":"<p style=\"text-align: justify;\">Ces produits sont fabriqu\u00e9s \u00e0 la main par des personnes d\u00e9favoris\u00e9es handicap\u00e9es et nous esp\u00e9rons recevoir votre soutien.<\/p>\n<p>Mati\u00e8re : Satin <\/p>\n<p>Hotline : <span style=\"color: #ed1c24;\"><strong>090 906 2528<\/strong><\/span><\/p>\n<p style=\"text-align: justify;\">NSi vous \u00eates au Vietnam, veuillez nous contacter via le num\u00e9ro de la hotline ou la fanpage de notre soci\u00e9t\u00e9 Maison Chance pour conna\u00eetre le prix de vente au Vietnam :\u00a0<a href=\"https:\/\/www.facebook.com\/nhamayman\">https:\/\/www.facebook.com\/nhamayman<\/a><\/p>\n","protected":false},"featured_media":40410,"template":"","meta":[],"product_brand":[],"product_cat":[231,249],"product_tag":[],"class_list":{"0":"post-40429","1":"product","2":"type-product","3":"status-publish","4":"has-post-thumbnail","6":"product_cat-atelier-de-couture","7":"product_cat-decoration-fr-atelier-de-couture","9":"first","10":"instock","11":"shipping-taxable","12":"purchasable","13":"product-type-variable"},"yoast_head":"<!-- This site is optimized with the Yoast SEO Premium plugin v22.7 (Yoast SEO v25.3.1) - https:\/\/yoast.com\/wordpress\/plugins\/seo\/ -->\n<title>D\u00e9corations d&#039;int\u00e9rieur - Nh\u00e0 May M\u1eafn - Maison Chance<\/title>\n<meta name=\"description\" content=\"Vous cherchez des d\u00e9corations uniques pour r\u00e9chauffer votre maison ? Laissez la collection de d\u00e9corations de No\u00ebl de Maison Chance conqu\u00e9rir votre c\u0153ur\" \/>\n<meta name=\"robots\" content=\"index, follow, max-snippet:-1, max-image-preview:large, max-video-preview:-1\" \/>\n<link rel=\"canonical\" href=\"https:\/\/maison-chance.org\/shop\/fr\/produit\/decorations-dinterieur\" \/>\n<meta property=\"og:locale\" content=\"fr_FR\" \/>\n<meta property=\"og:type\" content=\"article\" \/>\n<meta property=\"og:title\" content=\"D\u00e9corations d&#039;int\u00e9rieur\" \/>\n<meta property=\"og:description\" content=\"Vous cherchez des d\u00e9corations uniques pour r\u00e9chauffer votre maison ? Laissez la collection de d\u00e9corations de No\u00ebl de Maison Chance conqu\u00e9rir votre c\u0153ur\" \/>\n<meta property=\"og:url\" content=\"https:\/\/maison-chance.org\/shop\/fr\/produit\/decorations-dinterieur\" \/>\n<meta property=\"og:site_name\" content=\"Nh\u00e0 May M\u1eafn - Maison Chance\" \/>\n<meta property=\"article:publisher\" content=\"https:\/\/www.facebook.com\/dnxh.nhamayman\/\" \/>\n<meta property=\"article:modified_time\" content=\"2024-11-08T06:59:19+00:00\" \/>\n<meta property=\"og:image\" content=\"https:\/\/maison-chance.org\/shop\/wp-content\/uploads\/2024\/04\/Do-trang-tri.jpg\" \/>\n\t<meta property=\"og:image:width\" content=\"600\" \/>\n\t<meta property=\"og:image:height\" content=\"600\" \/>\n\t<meta property=\"og:image:type\" content=\"image\/jpeg\" \/>\n<meta name=\"twitter:card\" content=\"summary_large_image\" \/>\n<meta name=\"twitter:label1\" content=\"Disponibilit\u00e9\" \/>\n\t<meta name=\"twitter:data1\" content=\"En stock\" \/>\n<script type=\"application\/ld+json\" class=\"yoast-schema-graph\">{\"@context\":\"https:\/\/schema.org\",\"@graph\":[{\"@type\":\"WebPage\",\"@id\":\"https:\/\/maison-chance.org\/shop\/fr\/produit\/decorations-dinterieur\",\"url\":\"https:\/\/maison-chance.org\/shop\/fr\/produit\/decorations-dinterieur\",\"name\":\"D\u00e9corations d'int\u00e9rieur - Nh\u00e0 May M\u1eafn - Maison Chance\",\"isPartOf\":{\"@id\":\"https:\/\/maison-chance.org\/shop\/fr#website\"},\"primaryImageOfPage\":{\"@id\":\"https:\/\/maison-chance.org\/shop\/fr\/produit\/decorations-dinterieur#primaryimage\"},\"image\":{\"@id\":\"https:\/\/maison-chance.org\/shop\/fr\/produit\/decorations-dinterieur#primaryimage\"},\"thumbnailUrl\":\"https:\/\/maison-chance.org\/shop\/wp-content\/uploads\/2024\/04\/Do-trang-tri.jpg\",\"datePublished\":\"2024-04-03T02:38:47+00:00\",\"dateModified\":\"2024-11-08T06:59:19+00:00\",\"description\":\"Vous cherchez des d\u00e9corations uniques pour r\u00e9chauffer votre maison ? Laissez la collection de d\u00e9corations de No\u00ebl de Maison Chance conqu\u00e9rir votre c\u0153ur\",\"breadcrumb\":{\"@id\":\"https:\/\/maison-chance.org\/shop\/fr\/produit\/decorations-dinterieur#breadcrumb\"},\"inLanguage\":\"fr-FR\",\"potentialAction\":[{\"@type\":\"ReadAction\",\"target\":[\"https:\/\/maison-chance.org\/shop\/fr\/produit\/decorations-dinterieur\"]}]},{\"@type\":\"ImageObject\",\"inLanguage\":\"fr-FR\",\"@id\":\"https:\/\/maison-chance.org\/shop\/fr\/produit\/decorations-dinterieur#primaryimage\",\"url\":\"https:\/\/maison-chance.org\/shop\/wp-content\/uploads\/2024\/04\/Do-trang-tri.jpg\",\"contentUrl\":\"https:\/\/maison-chance.org\/shop\/wp-content\/uploads\/2024\/04\/Do-trang-tri.jpg\",\"width\":600,\"height\":600,\"caption\":\"D\u00e9coration\"},{\"@type\":\"BreadcrumbList\",\"@id\":\"https:\/\/maison-chance.org\/shop\/fr\/produit\/decorations-dinterieur#breadcrumb\",\"itemListElement\":[{\"@type\":\"ListItem\",\"position\":1,\"name\":\"Trang ch\u1ee7\",\"item\":\"https:\/\/maison-chance.org\/shop\/fr\"},{\"@type\":\"ListItem\",\"position\":2,\"name\":\"Boutique\",\"item\":\"https:\/\/maison-chance.org\/shop\/shop\"},{\"@type\":\"ListItem\",\"position\":3,\"name\":\"D\u00e9corations d&#8217;int\u00e9rieur\"}]},{\"@type\":\"WebSite\",\"@id\":\"https:\/\/maison-chance.org\/shop\/fr#website\",\"url\":\"https:\/\/maison-chance.org\/shop\/fr\",\"name\":\"Nh\u00e0 May M\u1eafn - Maison Chance\",\"description\":\"M\u1ecdi l\u1ee3i nhu\u1eadn thu v\u1ec1 t\u1eeb vi\u1ec7c b\u00e1n h\u00e0ng s\u1ebd tr\u00edch m\u1ed9t ph\u1ea7n \u0111\u1ec3 ch\u0103m lo cho \u0111\u1eddi s\u1ed1ng c\u00e1c b\u1ea1n khuy\u1ebft t\u1eadt v\u00e0 tr\u1ebb m\u1ed3 c\u00f4i \u1edf \u0111\u00e2y\",\"publisher\":{\"@id\":\"https:\/\/maison-chance.org\/shop\/fr#organization\"},\"potentialAction\":[{\"@type\":\"SearchAction\",\"target\":{\"@type\":\"EntryPoint\",\"urlTemplate\":\"https:\/\/maison-chance.org\/shop\/fr?s={search_term_string}\"},\"query-input\":{\"@type\":\"PropertyValueSpecification\",\"valueRequired\":true,\"valueName\":\"search_term_string\"}}],\"inLanguage\":\"fr-FR\"},{\"@type\":\"Organization\",\"@id\":\"https:\/\/maison-chance.org\/shop\/fr#organization\",\"name\":\"Nh\u00e0 May M\u1eafn - Maison Chance\",\"url\":\"https:\/\/maison-chance.org\/shop\/fr\",\"logo\":{\"@type\":\"ImageObject\",\"inLanguage\":\"fr-FR\",\"@id\":\"https:\/\/maison-chance.org\/shop\/fr#\/schema\/logo\/image\/\",\"url\":\"https:\/\/maison-chance.org\/shop\/wp-content\/uploads\/2024\/03\/cropped-Logo_DNXH.png\",\"contentUrl\":\"https:\/\/maison-chance.org\/shop\/wp-content\/uploads\/2024\/03\/cropped-Logo_DNXH.png\",\"width\":512,\"height\":512,\"caption\":\"Nh\u00e0 May M\u1eafn - Maison Chance\"},\"image\":{\"@id\":\"https:\/\/maison-chance.org\/shop\/fr#\/schema\/logo\/image\/\"},\"sameAs\":[\"https:\/\/www.facebook.com\/dnxh.nhamayman\/\"]}]}<\/script>\n<meta property=\"og:availability\" content=\"instock\" \/>\n<meta property=\"product:availability\" content=\"instock\" \/>\n<meta property=\"product:condition\" content=\"new\" \/>\n<!-- \/ Yoast SEO Premium plugin. -->","yoast_head_json":{"title":"D\u00e9corations d'int\u00e9rieur - Nh\u00e0 May M\u1eafn - Maison Chance","description":"Vous cherchez des d\u00e9corations uniques pour r\u00e9chauffer votre maison ? Laissez la collection de d\u00e9corations de No\u00ebl de Maison Chance conqu\u00e9rir votre c\u0153ur","robots":{"index":"index","follow":"follow","max-snippet":"max-snippet:-1","max-image-preview":"max-image-preview:large","max-video-preview":"max-video-preview:-1"},"canonical":"https:\/\/maison-chance.org\/shop\/fr\/produit\/decorations-dinterieur","og_locale":"fr_FR","og_type":"article","og_title":"D\u00e9corations d'int\u00e9rieur","og_description":"Vous cherchez des d\u00e9corations uniques pour r\u00e9chauffer votre maison ? Laissez la collection de d\u00e9corations de No\u00ebl de Maison Chance conqu\u00e9rir votre c\u0153ur","og_url":"https:\/\/maison-chance.org\/shop\/fr\/produit\/decorations-dinterieur","og_site_name":"Nh\u00e0 May M\u1eafn - Maison Chance","article_publisher":"https:\/\/www.facebook.com\/dnxh.nhamayman\/","article_modified_time":"2024-11-08T06:59:19+00:00","og_image":[{"width":600,"height":600,"url":"https:\/\/maison-chance.org\/shop\/wp-content\/uploads\/2024\/04\/Do-trang-tri.jpg","type":"image\/jpeg"}],"twitter_card":"summary_large_image","twitter_misc":{"Disponibilit\u00e9":"En stock"},"schema":{"@context":"https:\/\/schema.org","@graph":[{"@type":"WebPage","@id":"https:\/\/maison-chance.org\/shop\/fr\/produit\/decorations-dinterieur","url":"https:\/\/maison-chance.org\/shop\/fr\/produit\/decorations-dinterieur","name":"D\u00e9corations d'int\u00e9rieur - Nh\u00e0 May M\u1eafn - Maison Chance","isPartOf":{"@id":"https:\/\/maison-chance.org\/shop\/fr#website"},"primaryImageOfPage":{"@id":"https:\/\/maison-chance.org\/shop\/fr\/produit\/decorations-dinterieur#primaryimage"},"image":{"@id":"https:\/\/maison-chance.org\/shop\/fr\/produit\/decorations-dinterieur#primaryimage"},"thumbnailUrl":"https:\/\/maison-chance.org\/shop\/wp-content\/uploads\/2024\/04\/Do-trang-tri.jpg","datePublished":"2024-04-03T02:38:47+00:00","dateModified":"2024-11-08T06:59:19+00:00","description":"Vous cherchez des d\u00e9corations uniques pour r\u00e9chauffer votre maison ? Laissez la collection de d\u00e9corations de No\u00ebl de Maison Chance conqu\u00e9rir votre c\u0153ur","breadcrumb":{"@id":"https:\/\/maison-chance.org\/shop\/fr\/produit\/decorations-dinterieur#breadcrumb"},"inLanguage":"fr-FR","potentialAction":[{"@type":"ReadAction","target":["https:\/\/maison-chance.org\/shop\/fr\/produit\/decorations-dinterieur"]}]},{"@type":"ImageObject","inLanguage":"fr-FR","@id":"https:\/\/maison-chance.org\/shop\/fr\/produit\/decorations-dinterieur#primaryimage","url":"https:\/\/maison-chance.org\/shop\/wp-content\/uploads\/2024\/04\/Do-trang-tri.jpg","contentUrl":"https:\/\/maison-chance.org\/shop\/wp-content\/uploads\/2024\/04\/Do-trang-tri.jpg","width":600,"height":600,"caption":"D\u00e9coration"},{"@type":"BreadcrumbList","@id":"https:\/\/maison-chance.org\/shop\/fr\/produit\/decorations-dinterieur#breadcrumb","itemListElement":[{"@type":"ListItem","position":1,"name":"Trang ch\u1ee7","item":"https:\/\/maison-chance.org\/shop\/fr"},{"@type":"ListItem","position":2,"name":"Boutique","item":"https:\/\/maison-chance.org\/shop\/shop"},{"@type":"ListItem","position":3,"name":"D\u00e9corations d&#8217;int\u00e9rieur"}]},{"@type":"WebSite","@id":"https:\/\/maison-chance.org\/shop\/fr#website","url":"https:\/\/maison-chance.org\/shop\/fr","name":"Nh\u00e0 May M\u1eafn - Maison Chance","description":"M\u1ecdi l\u1ee3i nhu\u1eadn thu v\u1ec1 t\u1eeb vi\u1ec7c b\u00e1n h\u00e0ng s\u1ebd tr\u00edch m\u1ed9t ph\u1ea7n \u0111\u1ec3 ch\u0103m lo cho \u0111\u1eddi s\u1ed1ng c\u00e1c b\u1ea1n khuy\u1ebft t\u1eadt v\u00e0 tr\u1ebb m\u1ed3 c\u00f4i \u1edf \u0111\u00e2y","publisher":{"@id":"https:\/\/maison-chance.org\/shop\/fr#organization"},"potentialAction":[{"@type":"SearchAction","target":{"@type":"EntryPoint","urlTemplate":"https:\/\/maison-chance.org\/shop\/fr?s={search_term_string}"},"query-input":{"@type":"PropertyValueSpecification","valueRequired":true,"valueName":"search_term_string"}}],"inLanguage":"fr-FR"},{"@type":"Organization","@id":"https:\/\/maison-chance.org\/shop\/fr#organization","name":"Nh\u00e0 May M\u1eafn - Maison Chance","url":"https:\/\/maison-chance.org\/shop\/fr","logo":{"@type":"ImageObject","inLanguage":"fr-FR","@id":"https:\/\/maison-chance.org\/shop\/fr#\/schema\/logo\/image\/","url":"https:\/\/maison-chance.org\/shop\/wp-content\/uploads\/2024\/03\/cropped-Logo_DNXH.png","contentUrl":"https:\/\/maison-chance.org\/shop\/wp-content\/uploads\/2024\/03\/cropped-Logo_DNXH.png","width":512,"height":512,"caption":"Nh\u00e0 May M\u1eafn - Maison Chance"},"image":{"@id":"https:\/\/maison-chance.org\/shop\/fr#\/schema\/logo\/image\/"},"sameAs":["https:\/\/www.facebook.com\/dnxh.nhamayman\/"]}]},"og_availability":"instock","product_availability":"instock","product_condition":"new"},"_links":{"self":[{"href":"https:\/\/maison-chance.org\/shop\/fr\/wp-json\/wp\/v2\/product\/40429","targetHints":{"allow":["GET"]}}],"collection":[{"href":"https:\/\/maison-chance.org\/shop\/fr\/wp-json\/wp\/v2\/product"}],"about":[{"href":"https:\/\/maison-chance.org\/shop\/fr\/wp-json\/wp\/v2\/types\/product"}],"wp:featuredmedia":[{"embeddable":true,"href":"https:\/\/maison-chance.org\/shop\/fr\/wp-json\/wp\/v2\/media\/40410"}],"wp:attachment":[{"href":"https:\/\/maison-chance.org\/shop\/fr\/wp-json\/wp\/v2\/media?parent=40429"}],"wp:term":[{"taxonomy":"product_brand","embeddable":true,"href":"https:\/\/maison-chance.org\/shop\/fr\/wp-json\/wp\/v2\/product_brand?post=40429"},{"taxonomy":"product_cat","embeddable":true,"href":"https:\/\/maison-chance.org\/shop\/fr\/wp-json\/wp\/v2\/product_cat?post=40429"},{"taxonomy":"product_tag","embeddable":true,"href":"https:\/\/maison-chance.org\/shop\/fr\/wp-json\/wp\/v2\/product_tag?post=40429"}],"curies":[{"name":"wp","href":"https:\/\/api.w.org\/{rel}","templated":true}]}}