{"id":40484,"date":"2024-09-25T08:03:37","date_gmt":"2024-09-25T01:03:37","guid":{"rendered":"https:\/\/maison-chance.org\/shop\/san-pham\/lelephant"},"modified":"2025-07-16T14:59:41","modified_gmt":"2025-07-16T07:59:41","slug":"lelephant","status":"publish","type":"product","link":"https:\/\/maison-chance.org\/shop\/fr\/produit\/lelephant","title":{"rendered":"L&rsquo;\u00e9l\u00e9phant"},"content":{"rendered":"<p data-start=\"55\" data-end=\"303\">L\u2019\u00e9l\u00e9phant \u00e9voque naturellement la stabilit\u00e9, la douceur et l\u2019amour profond. Avec sa d\u00e9marche lente, son regard bienveillant et sa trompe qui se balance doucement, il incarne le calme, la patience et un c\u0153ur compatissant d\u2019une raret\u00e9 pr\u00e9cieuse.<\/p>\n<p data-start=\"305\" data-end=\"632\">Le porte-cl\u00e9s \u00e9l\u00e9phant est fabriqu\u00e9 \u00e0 la main en tissu brocart \u00e0 <em data-start=\"370\" data-end=\"385\">Maison Chance<\/em> \u2013 un lieu o\u00f9 des artisans en situation de handicap cr\u00e9ent sans rel\u00e2che avec leurs mains et leur c\u0153ur. Ce petit porte-cl\u00e9s charmant, aux couleurs vives et aux coutures soign\u00e9es, refl\u00e8te dans chaque d\u00e9tail toute l\u2019attention et la passion investies.<\/p>\n<p data-start=\"634\" data-end=\"926\">Accroch\u00e9 \u00e0 un sac \u00e0 dos, un sac \u00e0 main ou offert \u00e0 un proche, ce petit \u00e9l\u00e9phant rappelle la pers\u00e9v\u00e9rance, la gentillesse et la force tranquille. Ce n\u2019est pas seulement un joli accessoire \u2013 c\u2019est aussi un message : <em data-start=\"848\" data-end=\"926\">vis avec douceur, mais avec solidit\u00e9 ; sois bienveillant, sans \u00eatre fragile.<\/em><\/p>\n<p data-start=\"928\" data-end=\"1060\">Un objet artisanal \u2013 petit par la taille, mais capable de transmettre une grande chaleur, \u00e0 la mani\u00e8re si propre de <em data-start=\"1044\" data-end=\"1059\">Maison Chance<\/em>.<\/p>\n<p data-start=\"1062\" data-end=\"1235\">\ud83d\udce9 Le prix au Vietnam peut varier. Veuillez nous contacter pour plus d\u2019informations.<br data-start=\"1146\" data-end=\"1149\" \/><strong data-start=\"1149\" data-end=\"1162\">Hotline :<\/strong> 0909\u202f06\u202f25\u202f28<br data-start=\"1176\" data-end=\"1179\" \/><strong data-start=\"1179\" data-end=\"1198\">Page Facebook :<\/strong> <em data-start=\"1199\" data-end=\"1235\">Maison Chance \u2013 Entreprise sociale<\/em><\/p>\n","protected":false},"excerpt":{"rendered":"<p style=\"text-align: justify;\">Les produits fabriqu\u00e9s \u00e0 la main par des individus handicap\u00e9s moins chanceux esp\u00e8rent sinc\u00e8rement recevoir votre soutien.<\/p>\n<p>Mat\u00e9riel : Patchwork<\/p>\n<p>Code : MK13TC<\/p>\n<p>Hotline : <span style=\"font-size: 20px;\"><strong><span style=\"color: #ff0000;\">0909 06 25 28<\/span><\/strong><\/span><\/p>\n<p style=\"text-align: justify;\">Si vous \u00eates au Vietnam, veuillez nous contacter via la hotline ou la page fan de l&rsquo;entreprise Maison Chance pour conna\u00eetre le prix de vente au Vietnam.<\/p>\n","protected":false},"featured_media":37321,"template":"","meta":[],"product_brand":[],"product_cat":[231,240],"product_tag":[],"class_list":{"0":"post-40484","1":"product","2":"type-product","3":"status-publish","4":"has-post-thumbnail","6":"product_cat-atelier-de-couture","7":"product_cat-porte-cles-en-peluche-atelier-de-couture","9":"first","10":"instock","11":"shipping-taxable","12":"purchasable","13":"product-type-simple"},"yoast_head":"<!-- This site is optimized with the Yoast SEO Premium plugin v22.7 (Yoast SEO v25.3.1) - https:\/\/yoast.com\/wordpress\/plugins\/seo\/ -->\n<title>L&#039;\u00e9l\u00e9phant - porte-cl\u00e9s en peluche - Nh\u00e0 May M\u1eafn - Maison Chance<\/title>\n<meta name=\"description\" content=\"Le porte-cl\u00e9s \u00e9l\u00e9phant est m\u00e9ticuleusement fabriqu\u00e9 \u00e0 la main par les mains habiles des artisans handicap\u00e9s chez Maison Chance. Le tissu patchwork durable et beau est s\u00fbr.\" \/>\n<meta name=\"robots\" content=\"index, follow, max-snippet:-1, max-image-preview:large, max-video-preview:-1\" \/>\n<link rel=\"canonical\" href=\"https:\/\/maison-chance.org\/shop\/fr\/produit\/lelephant\" \/>\n<meta property=\"og:locale\" content=\"fr_FR\" \/>\n<meta property=\"og:type\" content=\"article\" \/>\n<meta property=\"og:title\" content=\"L&#039;\u00e9l\u00e9phant\" \/>\n<meta property=\"og:description\" content=\"Le porte-cl\u00e9s \u00e9l\u00e9phant est m\u00e9ticuleusement fabriqu\u00e9 \u00e0 la main par les mains habiles des artisans handicap\u00e9s chez Maison Chance. Le tissu patchwork durable et beau est s\u00fbr.\" \/>\n<meta property=\"og:url\" content=\"https:\/\/maison-chance.org\/shop\/fr\/produit\/lelephant\" \/>\n<meta property=\"og:site_name\" content=\"Nh\u00e0 May M\u1eafn - Maison Chance\" \/>\n<meta property=\"article:publisher\" content=\"https:\/\/www.facebook.com\/dnxh.nhamayman\/\" \/>\n<meta property=\"article:modified_time\" content=\"2025-07-16T07:59:41+00:00\" \/>\n<meta property=\"og:image\" content=\"https:\/\/maison-chance.org\/shop\/wp-content\/uploads\/2024\/04\/moc-khoa-hinh-con-voi-3.jpg\" \/>\n\t<meta property=\"og:image:width\" content=\"600\" \/>\n\t<meta property=\"og:image:height\" content=\"600\" \/>\n\t<meta property=\"og:image:type\" content=\"image\/jpeg\" \/>\n<meta name=\"twitter:card\" content=\"summary_large_image\" \/>\n<meta name=\"twitter:label1\" content=\"Prix\" \/>\n\t<meta name=\"twitter:data1\" content=\"&euro;1.93\" \/>\n\t<meta name=\"twitter:label2\" content=\"Disponibilit\u00e9\" \/>\n\t<meta name=\"twitter:data2\" content=\"En stock\" \/>\n<script type=\"application\/ld+json\" class=\"yoast-schema-graph\">{\"@context\":\"https:\/\/schema.org\",\"@graph\":[{\"@type\":\"WebPage\",\"@id\":\"https:\/\/maison-chance.org\/shop\/fr\/produit\/lelephant\",\"url\":\"https:\/\/maison-chance.org\/shop\/fr\/produit\/lelephant\",\"name\":\"L'\u00e9l\u00e9phant - porte-cl\u00e9s en peluche - Nh\u00e0 May M\u1eafn - Maison Chance\",\"isPartOf\":{\"@id\":\"https:\/\/maison-chance.org\/shop\/fr#website\"},\"primaryImageOfPage\":{\"@id\":\"https:\/\/maison-chance.org\/shop\/fr\/produit\/lelephant#primaryimage\"},\"image\":{\"@id\":\"https:\/\/maison-chance.org\/shop\/fr\/produit\/lelephant#primaryimage\"},\"thumbnailUrl\":\"https:\/\/maison-chance.org\/shop\/wp-content\/uploads\/2024\/04\/moc-khoa-hinh-con-voi-3.jpg\",\"datePublished\":\"2024-09-25T01:03:37+00:00\",\"dateModified\":\"2025-07-16T07:59:41+00:00\",\"description\":\"Le porte-cl\u00e9s \u00e9l\u00e9phant est m\u00e9ticuleusement fabriqu\u00e9 \u00e0 la main par les mains habiles des artisans handicap\u00e9s chez Maison Chance. Le tissu patchwork durable et beau est s\u00fbr.\",\"breadcrumb\":{\"@id\":\"https:\/\/maison-chance.org\/shop\/fr\/produit\/lelephant#breadcrumb\"},\"inLanguage\":\"fr-FR\",\"potentialAction\":[{\"@type\":\"ReadAction\",\"target\":[\"https:\/\/maison-chance.org\/shop\/fr\/produit\/lelephant\"]}]},{\"@type\":\"ImageObject\",\"inLanguage\":\"fr-FR\",\"@id\":\"https:\/\/maison-chance.org\/shop\/fr\/produit\/lelephant#primaryimage\",\"url\":\"https:\/\/maison-chance.org\/shop\/wp-content\/uploads\/2024\/04\/moc-khoa-hinh-con-voi-3.jpg\",\"contentUrl\":\"https:\/\/maison-chance.org\/shop\/wp-content\/uploads\/2024\/04\/moc-khoa-hinh-con-voi-3.jpg\",\"width\":600,\"height\":600,\"caption\":\"Porte-cl\u00e9s en forme d'\u00c9l\u00e9phant\"},{\"@type\":\"BreadcrumbList\",\"@id\":\"https:\/\/maison-chance.org\/shop\/fr\/produit\/lelephant#breadcrumb\",\"itemListElement\":[{\"@type\":\"ListItem\",\"position\":1,\"name\":\"Trang ch\u1ee7\",\"item\":\"https:\/\/maison-chance.org\/shop\/fr\"},{\"@type\":\"ListItem\",\"position\":2,\"name\":\"Boutique\",\"item\":\"https:\/\/maison-chance.org\/shop\/shop\"},{\"@type\":\"ListItem\",\"position\":3,\"name\":\"L&rsquo;\u00e9l\u00e9phant\"}]},{\"@type\":\"WebSite\",\"@id\":\"https:\/\/maison-chance.org\/shop\/fr#website\",\"url\":\"https:\/\/maison-chance.org\/shop\/fr\",\"name\":\"Nh\u00e0 May M\u1eafn - Maison Chance\",\"description\":\"M\u1ecdi l\u1ee3i nhu\u1eadn thu v\u1ec1 t\u1eeb vi\u1ec7c b\u00e1n h\u00e0ng s\u1ebd tr\u00edch m\u1ed9t ph\u1ea7n \u0111\u1ec3 ch\u0103m lo cho \u0111\u1eddi s\u1ed1ng c\u00e1c b\u1ea1n khuy\u1ebft t\u1eadt v\u00e0 tr\u1ebb m\u1ed3 c\u00f4i \u1edf \u0111\u00e2y\",\"publisher\":{\"@id\":\"https:\/\/maison-chance.org\/shop\/fr#organization\"},\"potentialAction\":[{\"@type\":\"SearchAction\",\"target\":{\"@type\":\"EntryPoint\",\"urlTemplate\":\"https:\/\/maison-chance.org\/shop\/fr?s={search_term_string}\"},\"query-input\":{\"@type\":\"PropertyValueSpecification\",\"valueRequired\":true,\"valueName\":\"search_term_string\"}}],\"inLanguage\":\"fr-FR\"},{\"@type\":\"Organization\",\"@id\":\"https:\/\/maison-chance.org\/shop\/fr#organization\",\"name\":\"Nh\u00e0 May M\u1eafn - Maison Chance\",\"url\":\"https:\/\/maison-chance.org\/shop\/fr\",\"logo\":{\"@type\":\"ImageObject\",\"inLanguage\":\"fr-FR\",\"@id\":\"https:\/\/maison-chance.org\/shop\/fr#\/schema\/logo\/image\/\",\"url\":\"https:\/\/maison-chance.org\/shop\/wp-content\/uploads\/2024\/03\/cropped-Logo_DNXH.png\",\"contentUrl\":\"https:\/\/maison-chance.org\/shop\/wp-content\/uploads\/2024\/03\/cropped-Logo_DNXH.png\",\"width\":512,\"height\":512,\"caption\":\"Nh\u00e0 May M\u1eafn - Maison Chance\"},\"image\":{\"@id\":\"https:\/\/maison-chance.org\/shop\/fr#\/schema\/logo\/image\/\"},\"sameAs\":[\"https:\/\/www.facebook.com\/dnxh.nhamayman\/\"]}]}<\/script>\n<meta property=\"product:price:amount\" content=\"1.93\" \/>\n<meta property=\"product:price:currency\" content=\"EUR\" \/>\n<meta property=\"og:availability\" content=\"instock\" \/>\n<meta property=\"product:availability\" content=\"instock\" \/>\n<meta property=\"product:condition\" content=\"new\" \/>\n<!-- \/ Yoast SEO Premium plugin. -->","yoast_head_json":{"title":"L'\u00e9l\u00e9phant - porte-cl\u00e9s en peluche - Nh\u00e0 May M\u1eafn - Maison Chance","description":"Le porte-cl\u00e9s \u00e9l\u00e9phant est m\u00e9ticuleusement fabriqu\u00e9 \u00e0 la main par les mains habiles des artisans handicap\u00e9s chez Maison Chance. Le tissu patchwork durable et beau est s\u00fbr.","robots":{"index":"index","follow":"follow","max-snippet":"max-snippet:-1","max-image-preview":"max-image-preview:large","max-video-preview":"max-video-preview:-1"},"canonical":"https:\/\/maison-chance.org\/shop\/fr\/produit\/lelephant","og_locale":"fr_FR","og_type":"article","og_title":"L'\u00e9l\u00e9phant","og_description":"Le porte-cl\u00e9s \u00e9l\u00e9phant est m\u00e9ticuleusement fabriqu\u00e9 \u00e0 la main par les mains habiles des artisans handicap\u00e9s chez Maison Chance. Le tissu patchwork durable et beau est s\u00fbr.","og_url":"https:\/\/maison-chance.org\/shop\/fr\/produit\/lelephant","og_site_name":"Nh\u00e0 May M\u1eafn - Maison Chance","article_publisher":"https:\/\/www.facebook.com\/dnxh.nhamayman\/","article_modified_time":"2025-07-16T07:59:41+00:00","og_image":[{"width":600,"height":600,"url":"https:\/\/maison-chance.org\/shop\/wp-content\/uploads\/2024\/04\/moc-khoa-hinh-con-voi-3.jpg","type":"image\/jpeg"}],"twitter_card":"summary_large_image","twitter_misc":{"Prix":"&euro;1.93","Disponibilit\u00e9":"En stock"},"schema":{"@context":"https:\/\/schema.org","@graph":[{"@type":"WebPage","@id":"https:\/\/maison-chance.org\/shop\/fr\/produit\/lelephant","url":"https:\/\/maison-chance.org\/shop\/fr\/produit\/lelephant","name":"L'\u00e9l\u00e9phant - porte-cl\u00e9s en peluche - Nh\u00e0 May M\u1eafn - Maison Chance","isPartOf":{"@id":"https:\/\/maison-chance.org\/shop\/fr#website"},"primaryImageOfPage":{"@id":"https:\/\/maison-chance.org\/shop\/fr\/produit\/lelephant#primaryimage"},"image":{"@id":"https:\/\/maison-chance.org\/shop\/fr\/produit\/lelephant#primaryimage"},"thumbnailUrl":"https:\/\/maison-chance.org\/shop\/wp-content\/uploads\/2024\/04\/moc-khoa-hinh-con-voi-3.jpg","datePublished":"2024-09-25T01:03:37+00:00","dateModified":"2025-07-16T07:59:41+00:00","description":"Le porte-cl\u00e9s \u00e9l\u00e9phant est m\u00e9ticuleusement fabriqu\u00e9 \u00e0 la main par les mains habiles des artisans handicap\u00e9s chez Maison Chance. Le tissu patchwork durable et beau est s\u00fbr.","breadcrumb":{"@id":"https:\/\/maison-chance.org\/shop\/fr\/produit\/lelephant#breadcrumb"},"inLanguage":"fr-FR","potentialAction":[{"@type":"ReadAction","target":["https:\/\/maison-chance.org\/shop\/fr\/produit\/lelephant"]}]},{"@type":"ImageObject","inLanguage":"fr-FR","@id":"https:\/\/maison-chance.org\/shop\/fr\/produit\/lelephant#primaryimage","url":"https:\/\/maison-chance.org\/shop\/wp-content\/uploads\/2024\/04\/moc-khoa-hinh-con-voi-3.jpg","contentUrl":"https:\/\/maison-chance.org\/shop\/wp-content\/uploads\/2024\/04\/moc-khoa-hinh-con-voi-3.jpg","width":600,"height":600,"caption":"Porte-cl\u00e9s en forme d'\u00c9l\u00e9phant"},{"@type":"BreadcrumbList","@id":"https:\/\/maison-chance.org\/shop\/fr\/produit\/lelephant#breadcrumb","itemListElement":[{"@type":"ListItem","position":1,"name":"Trang ch\u1ee7","item":"https:\/\/maison-chance.org\/shop\/fr"},{"@type":"ListItem","position":2,"name":"Boutique","item":"https:\/\/maison-chance.org\/shop\/shop"},{"@type":"ListItem","position":3,"name":"L&rsquo;\u00e9l\u00e9phant"}]},{"@type":"WebSite","@id":"https:\/\/maison-chance.org\/shop\/fr#website","url":"https:\/\/maison-chance.org\/shop\/fr","name":"Nh\u00e0 May M\u1eafn - Maison Chance","description":"M\u1ecdi l\u1ee3i nhu\u1eadn thu v\u1ec1 t\u1eeb vi\u1ec7c b\u00e1n h\u00e0ng s\u1ebd tr\u00edch m\u1ed9t ph\u1ea7n \u0111\u1ec3 ch\u0103m lo cho \u0111\u1eddi s\u1ed1ng c\u00e1c b\u1ea1n khuy\u1ebft t\u1eadt v\u00e0 tr\u1ebb m\u1ed3 c\u00f4i \u1edf \u0111\u00e2y","publisher":{"@id":"https:\/\/maison-chance.org\/shop\/fr#organization"},"potentialAction":[{"@type":"SearchAction","target":{"@type":"EntryPoint","urlTemplate":"https:\/\/maison-chance.org\/shop\/fr?s={search_term_string}"},"query-input":{"@type":"PropertyValueSpecification","valueRequired":true,"valueName":"search_term_string"}}],"inLanguage":"fr-FR"},{"@type":"Organization","@id":"https:\/\/maison-chance.org\/shop\/fr#organization","name":"Nh\u00e0 May M\u1eafn - Maison Chance","url":"https:\/\/maison-chance.org\/shop\/fr","logo":{"@type":"ImageObject","inLanguage":"fr-FR","@id":"https:\/\/maison-chance.org\/shop\/fr#\/schema\/logo\/image\/","url":"https:\/\/maison-chance.org\/shop\/wp-content\/uploads\/2024\/03\/cropped-Logo_DNXH.png","contentUrl":"https:\/\/maison-chance.org\/shop\/wp-content\/uploads\/2024\/03\/cropped-Logo_DNXH.png","width":512,"height":512,"caption":"Nh\u00e0 May M\u1eafn - Maison Chance"},"image":{"@id":"https:\/\/maison-chance.org\/shop\/fr#\/schema\/logo\/image\/"},"sameAs":["https:\/\/www.facebook.com\/dnxh.nhamayman\/"]}]},"product_price_amount":"1.93","product_price_currency":"EUR","og_availability":"instock","product_availability":"instock","product_condition":"new"},"_links":{"self":[{"href":"https:\/\/maison-chance.org\/shop\/fr\/wp-json\/wp\/v2\/product\/40484","targetHints":{"allow":["GET"]}}],"collection":[{"href":"https:\/\/maison-chance.org\/shop\/fr\/wp-json\/wp\/v2\/product"}],"about":[{"href":"https:\/\/maison-chance.org\/shop\/fr\/wp-json\/wp\/v2\/types\/product"}],"wp:featuredmedia":[{"embeddable":true,"href":"https:\/\/maison-chance.org\/shop\/fr\/wp-json\/wp\/v2\/media\/37321"}],"wp:attachment":[{"href":"https:\/\/maison-chance.org\/shop\/fr\/wp-json\/wp\/v2\/media?parent=40484"}],"wp:term":[{"taxonomy":"product_brand","embeddable":true,"href":"https:\/\/maison-chance.org\/shop\/fr\/wp-json\/wp\/v2\/product_brand?post=40484"},{"taxonomy":"product_cat","embeddable":true,"href":"https:\/\/maison-chance.org\/shop\/fr\/wp-json\/wp\/v2\/product_cat?post=40484"},{"taxonomy":"product_tag","embeddable":true,"href":"https:\/\/maison-chance.org\/shop\/fr\/wp-json\/wp\/v2\/product_tag?post=40484"}],"curies":[{"name":"wp","href":"https:\/\/api.w.org\/{rel}","templated":true}]}}