{"id":40488,"date":"2024-09-29T07:00:26","date_gmt":"2024-09-29T00:00:26","guid":{"rendered":"https:\/\/maison-chance.org\/shop\/san-pham\/cochon-2"},"modified":"2025-07-16T14:51:38","modified_gmt":"2025-07-16T07:51:38","slug":"cochon-2","status":"publish","type":"product","link":"https:\/\/maison-chance.org\/shop\/fr\/produit\/cochon-2","title":{"rendered":"Cochon"},"content":{"rendered":"<p data-start=\"55\" data-end=\"356\">Le cochon est le dernier animal du zodiaque chinois, symbole d\u2019abondance, de douceur et de s\u00e9r\u00e9nit\u00e9. Associ\u00e9 \u00e0 l\u2019image d\u2019une vie paisible, adorable et un peu \u201cmanger \u00e0 sa faim, dormir \u00e0 son aise\u201d, le cochon \u00e9voque le confort, la d\u00e9tente et l\u2019id\u00e9e qu\u2019il n\u2019est pas toujours n\u00e9cessaire de se presser.<\/p>\n<p data-start=\"358\" data-end=\"691\">Ce porte-cl\u00e9s en forme de cochon est fabriqu\u00e9 \u00e0 la main en tissu brocart, avec une silhouette ronde et mignonne, et des couleurs vives. Chaque pi\u00e8ce est minutieusement cousue par les artisans de <em data-start=\"553\" data-end=\"568\">Maison Chance<\/em> \u2013 des personnes qui mettent tout leur c\u0153ur dans leur travail pour transmettre joie et espoir \u00e0 travers chaque petit objet.<\/p>\n<p data-start=\"693\" data-end=\"1014\">Ce porte-cl\u00e9s est un cadeau parfait pour le Nouvel An, en guise de v\u0153ux de prosp\u00e9rit\u00e9, de joie de vivre et de contentement. Ou tout simplement, un petit accessoire \u00e0 garder sur soi pour se rappeler que le bonheur tient parfois \u00e0 peu de choses : un brin de mignonnerie et une vie o\u00f9 l\u2019on sait se satisfaire de l\u2019essentiel.<\/p>\n<p data-start=\"1016\" data-end=\"1135\">Une belle conclusion toute en rondeur \u00e0 la collection des 12 animaux du zodiaque \u2013 petit, chaleureux et charg\u00e9 de sens.<\/p>\n<p data-start=\"1137\" data-end=\"1310\">\ud83d\udce9 Le prix au Vietnam peut varier. Veuillez nous contacter pour plus d\u2019informations.<br data-start=\"1221\" data-end=\"1224\" \/><strong data-start=\"1224\" data-end=\"1237\">Hotline :<\/strong> 0909\u202f06\u202f25\u202f28<br data-start=\"1251\" data-end=\"1254\" \/><strong data-start=\"1254\" data-end=\"1273\">Page Facebook :<\/strong> <em data-start=\"1274\" data-end=\"1310\">Maison Chance \u2013 Entreprise sociale<\/em><\/p>\n","protected":false},"excerpt":{"rendered":"<p style=\"text-align: justify;\">Les produits fabriqu\u00e9s \u00e0 la main par nos amis handicap\u00e9s d\u00e9favoris\u00e9s esp\u00e8rent recevoir le soutien de nos chers clients.<\/p>\n<p>Mat\u00e9riau : Tissu brocart<\/p>\n<p>Code : MK12TC<\/p>\n<p>Hotline : <span style=\"font-size: 20px;\"><strong><span style=\"color: #ff0000;\">0909 06 25 28<\/span><\/strong><\/span><\/p>\n<p style=\"text-align: justify;\">Si vous \u00eates au Vietnam, veuillez nous contacter via la hotline ou la page fan de l&rsquo;entreprise Maison Chance pour conna\u00eetre le prix au Vietnam.<\/p>\n","protected":false},"featured_media":37292,"template":"","meta":[],"product_brand":[],"product_cat":[231,240],"product_tag":[],"class_list":{"0":"post-40488","1":"product","2":"type-product","3":"status-publish","4":"has-post-thumbnail","6":"product_cat-atelier-de-couture","7":"product_cat-porte-cles-en-peluche-atelier-de-couture","9":"first","10":"instock","11":"shipping-taxable","12":"purchasable","13":"product-type-simple"},"yoast_head":"<!-- This site is optimized with the Yoast SEO Premium plugin v22.7 (Yoast SEO v25.3.1) - https:\/\/yoast.com\/wordpress\/plugins\/seo\/ -->\n<title>Cochon - porte-cl\u00e9s en peluche - Nh\u00e0 May M\u1eafn - Maison Chance<\/title>\n<meta name=\"description\" content=\"Le porte-cl\u00e9s cochon est m\u00e9ticuleusement fabriqu\u00e9 \u00e0 la main par les mains habiles des travailleurs handicap\u00e9s de Maison Chance. Le tissu brocart durable et beau est s\u00fbr\" \/>\n<meta name=\"robots\" content=\"index, follow, max-snippet:-1, max-image-preview:large, max-video-preview:-1\" \/>\n<link rel=\"canonical\" href=\"https:\/\/maison-chance.org\/shop\/fr\/produit\/cochon-2\" \/>\n<meta property=\"og:locale\" content=\"fr_FR\" \/>\n<meta property=\"og:type\" content=\"article\" \/>\n<meta property=\"og:title\" content=\"Cochon\" \/>\n<meta property=\"og:description\" content=\"Le porte-cl\u00e9s cochon est m\u00e9ticuleusement fabriqu\u00e9 \u00e0 la main par les mains habiles des travailleurs handicap\u00e9s de Maison Chance. Le tissu brocart durable et beau est s\u00fbr\" \/>\n<meta property=\"og:url\" content=\"https:\/\/maison-chance.org\/shop\/fr\/produit\/cochon-2\" \/>\n<meta property=\"og:site_name\" content=\"Nh\u00e0 May M\u1eafn - Maison Chance\" \/>\n<meta property=\"article:publisher\" content=\"https:\/\/www.facebook.com\/dnxh.nhamayman\/\" \/>\n<meta property=\"article:modified_time\" content=\"2025-07-16T07:51:38+00:00\" \/>\n<meta property=\"og:image\" content=\"https:\/\/maison-chance.org\/shop\/wp-content\/uploads\/2024\/04\/moc-chia-khoa-hinh-con-heo-3.jpg\" \/>\n\t<meta property=\"og:image:width\" content=\"600\" \/>\n\t<meta property=\"og:image:height\" content=\"600\" \/>\n\t<meta property=\"og:image:type\" content=\"image\/jpeg\" \/>\n<meta name=\"twitter:card\" content=\"summary_large_image\" \/>\n<meta name=\"twitter:label1\" content=\"Prix\" \/>\n\t<meta name=\"twitter:data1\" content=\"&euro;1.93\" \/>\n\t<meta name=\"twitter:label2\" content=\"Disponibilit\u00e9\" \/>\n\t<meta name=\"twitter:data2\" content=\"En stock\" \/>\n<script type=\"application\/ld+json\" class=\"yoast-schema-graph\">{\"@context\":\"https:\/\/schema.org\",\"@graph\":[{\"@type\":\"WebPage\",\"@id\":\"https:\/\/maison-chance.org\/shop\/fr\/produit\/cochon-2\",\"url\":\"https:\/\/maison-chance.org\/shop\/fr\/produit\/cochon-2\",\"name\":\"Cochon - porte-cl\u00e9s en peluche - Nh\u00e0 May M\u1eafn - Maison Chance\",\"isPartOf\":{\"@id\":\"https:\/\/maison-chance.org\/shop\/fr#website\"},\"primaryImageOfPage\":{\"@id\":\"https:\/\/maison-chance.org\/shop\/fr\/produit\/cochon-2#primaryimage\"},\"image\":{\"@id\":\"https:\/\/maison-chance.org\/shop\/fr\/produit\/cochon-2#primaryimage\"},\"thumbnailUrl\":\"https:\/\/maison-chance.org\/shop\/wp-content\/uploads\/2024\/04\/moc-chia-khoa-hinh-con-heo-3.jpg\",\"datePublished\":\"2024-09-29T00:00:26+00:00\",\"dateModified\":\"2025-07-16T07:51:38+00:00\",\"description\":\"Le porte-cl\u00e9s cochon est m\u00e9ticuleusement fabriqu\u00e9 \u00e0 la main par les mains habiles des travailleurs handicap\u00e9s de Maison Chance. Le tissu brocart durable et beau est s\u00fbr\",\"breadcrumb\":{\"@id\":\"https:\/\/maison-chance.org\/shop\/fr\/produit\/cochon-2#breadcrumb\"},\"inLanguage\":\"fr-FR\",\"potentialAction\":[{\"@type\":\"ReadAction\",\"target\":[\"https:\/\/maison-chance.org\/shop\/fr\/produit\/cochon-2\"]}]},{\"@type\":\"ImageObject\",\"inLanguage\":\"fr-FR\",\"@id\":\"https:\/\/maison-chance.org\/shop\/fr\/produit\/cochon-2#primaryimage\",\"url\":\"https:\/\/maison-chance.org\/shop\/wp-content\/uploads\/2024\/04\/moc-chia-khoa-hinh-con-heo-3.jpg\",\"contentUrl\":\"https:\/\/maison-chance.org\/shop\/wp-content\/uploads\/2024\/04\/moc-chia-khoa-hinh-con-heo-3.jpg\",\"width\":600,\"height\":600,\"caption\":\"Porte-cl\u00e9s en forme de cochon\"},{\"@type\":\"BreadcrumbList\",\"@id\":\"https:\/\/maison-chance.org\/shop\/fr\/produit\/cochon-2#breadcrumb\",\"itemListElement\":[{\"@type\":\"ListItem\",\"position\":1,\"name\":\"Trang ch\u1ee7\",\"item\":\"https:\/\/maison-chance.org\/shop\/fr\"},{\"@type\":\"ListItem\",\"position\":2,\"name\":\"Boutique\",\"item\":\"https:\/\/maison-chance.org\/shop\/shop\"},{\"@type\":\"ListItem\",\"position\":3,\"name\":\"Cochon\"}]},{\"@type\":\"WebSite\",\"@id\":\"https:\/\/maison-chance.org\/shop\/fr#website\",\"url\":\"https:\/\/maison-chance.org\/shop\/fr\",\"name\":\"Nh\u00e0 May M\u1eafn - Maison Chance\",\"description\":\"M\u1ecdi l\u1ee3i nhu\u1eadn thu v\u1ec1 t\u1eeb vi\u1ec7c b\u00e1n h\u00e0ng s\u1ebd tr\u00edch m\u1ed9t ph\u1ea7n \u0111\u1ec3 ch\u0103m lo cho \u0111\u1eddi s\u1ed1ng c\u00e1c b\u1ea1n khuy\u1ebft t\u1eadt v\u00e0 tr\u1ebb m\u1ed3 c\u00f4i \u1edf \u0111\u00e2y\",\"publisher\":{\"@id\":\"https:\/\/maison-chance.org\/shop\/fr#organization\"},\"potentialAction\":[{\"@type\":\"SearchAction\",\"target\":{\"@type\":\"EntryPoint\",\"urlTemplate\":\"https:\/\/maison-chance.org\/shop\/fr?s={search_term_string}\"},\"query-input\":{\"@type\":\"PropertyValueSpecification\",\"valueRequired\":true,\"valueName\":\"search_term_string\"}}],\"inLanguage\":\"fr-FR\"},{\"@type\":\"Organization\",\"@id\":\"https:\/\/maison-chance.org\/shop\/fr#organization\",\"name\":\"Nh\u00e0 May M\u1eafn - Maison Chance\",\"url\":\"https:\/\/maison-chance.org\/shop\/fr\",\"logo\":{\"@type\":\"ImageObject\",\"inLanguage\":\"fr-FR\",\"@id\":\"https:\/\/maison-chance.org\/shop\/fr#\/schema\/logo\/image\/\",\"url\":\"https:\/\/maison-chance.org\/shop\/wp-content\/uploads\/2024\/03\/cropped-Logo_DNXH.png\",\"contentUrl\":\"https:\/\/maison-chance.org\/shop\/wp-content\/uploads\/2024\/03\/cropped-Logo_DNXH.png\",\"width\":512,\"height\":512,\"caption\":\"Nh\u00e0 May M\u1eafn - Maison Chance\"},\"image\":{\"@id\":\"https:\/\/maison-chance.org\/shop\/fr#\/schema\/logo\/image\/\"},\"sameAs\":[\"https:\/\/www.facebook.com\/dnxh.nhamayman\/\"]}]}<\/script>\n<meta property=\"product:price:amount\" content=\"1.93\" \/>\n<meta property=\"product:price:currency\" content=\"EUR\" \/>\n<meta property=\"og:availability\" content=\"instock\" \/>\n<meta property=\"product:availability\" content=\"instock\" \/>\n<meta property=\"product:condition\" content=\"new\" \/>\n<!-- \/ Yoast SEO Premium plugin. -->","yoast_head_json":{"title":"Cochon - porte-cl\u00e9s en peluche - Nh\u00e0 May M\u1eafn - Maison Chance","description":"Le porte-cl\u00e9s cochon est m\u00e9ticuleusement fabriqu\u00e9 \u00e0 la main par les mains habiles des travailleurs handicap\u00e9s de Maison Chance. Le tissu brocart durable et beau est s\u00fbr","robots":{"index":"index","follow":"follow","max-snippet":"max-snippet:-1","max-image-preview":"max-image-preview:large","max-video-preview":"max-video-preview:-1"},"canonical":"https:\/\/maison-chance.org\/shop\/fr\/produit\/cochon-2","og_locale":"fr_FR","og_type":"article","og_title":"Cochon","og_description":"Le porte-cl\u00e9s cochon est m\u00e9ticuleusement fabriqu\u00e9 \u00e0 la main par les mains habiles des travailleurs handicap\u00e9s de Maison Chance. Le tissu brocart durable et beau est s\u00fbr","og_url":"https:\/\/maison-chance.org\/shop\/fr\/produit\/cochon-2","og_site_name":"Nh\u00e0 May M\u1eafn - Maison Chance","article_publisher":"https:\/\/www.facebook.com\/dnxh.nhamayman\/","article_modified_time":"2025-07-16T07:51:38+00:00","og_image":[{"width":600,"height":600,"url":"https:\/\/maison-chance.org\/shop\/wp-content\/uploads\/2024\/04\/moc-chia-khoa-hinh-con-heo-3.jpg","type":"image\/jpeg"}],"twitter_card":"summary_large_image","twitter_misc":{"Prix":"&euro;1.93","Disponibilit\u00e9":"En stock"},"schema":{"@context":"https:\/\/schema.org","@graph":[{"@type":"WebPage","@id":"https:\/\/maison-chance.org\/shop\/fr\/produit\/cochon-2","url":"https:\/\/maison-chance.org\/shop\/fr\/produit\/cochon-2","name":"Cochon - porte-cl\u00e9s en peluche - Nh\u00e0 May M\u1eafn - Maison Chance","isPartOf":{"@id":"https:\/\/maison-chance.org\/shop\/fr#website"},"primaryImageOfPage":{"@id":"https:\/\/maison-chance.org\/shop\/fr\/produit\/cochon-2#primaryimage"},"image":{"@id":"https:\/\/maison-chance.org\/shop\/fr\/produit\/cochon-2#primaryimage"},"thumbnailUrl":"https:\/\/maison-chance.org\/shop\/wp-content\/uploads\/2024\/04\/moc-chia-khoa-hinh-con-heo-3.jpg","datePublished":"2024-09-29T00:00:26+00:00","dateModified":"2025-07-16T07:51:38+00:00","description":"Le porte-cl\u00e9s cochon est m\u00e9ticuleusement fabriqu\u00e9 \u00e0 la main par les mains habiles des travailleurs handicap\u00e9s de Maison Chance. Le tissu brocart durable et beau est s\u00fbr","breadcrumb":{"@id":"https:\/\/maison-chance.org\/shop\/fr\/produit\/cochon-2#breadcrumb"},"inLanguage":"fr-FR","potentialAction":[{"@type":"ReadAction","target":["https:\/\/maison-chance.org\/shop\/fr\/produit\/cochon-2"]}]},{"@type":"ImageObject","inLanguage":"fr-FR","@id":"https:\/\/maison-chance.org\/shop\/fr\/produit\/cochon-2#primaryimage","url":"https:\/\/maison-chance.org\/shop\/wp-content\/uploads\/2024\/04\/moc-chia-khoa-hinh-con-heo-3.jpg","contentUrl":"https:\/\/maison-chance.org\/shop\/wp-content\/uploads\/2024\/04\/moc-chia-khoa-hinh-con-heo-3.jpg","width":600,"height":600,"caption":"Porte-cl\u00e9s en forme de cochon"},{"@type":"BreadcrumbList","@id":"https:\/\/maison-chance.org\/shop\/fr\/produit\/cochon-2#breadcrumb","itemListElement":[{"@type":"ListItem","position":1,"name":"Trang ch\u1ee7","item":"https:\/\/maison-chance.org\/shop\/fr"},{"@type":"ListItem","position":2,"name":"Boutique","item":"https:\/\/maison-chance.org\/shop\/shop"},{"@type":"ListItem","position":3,"name":"Cochon"}]},{"@type":"WebSite","@id":"https:\/\/maison-chance.org\/shop\/fr#website","url":"https:\/\/maison-chance.org\/shop\/fr","name":"Nh\u00e0 May M\u1eafn - Maison Chance","description":"M\u1ecdi l\u1ee3i nhu\u1eadn thu v\u1ec1 t\u1eeb vi\u1ec7c b\u00e1n h\u00e0ng s\u1ebd tr\u00edch m\u1ed9t ph\u1ea7n \u0111\u1ec3 ch\u0103m lo cho \u0111\u1eddi s\u1ed1ng c\u00e1c b\u1ea1n khuy\u1ebft t\u1eadt v\u00e0 tr\u1ebb m\u1ed3 c\u00f4i \u1edf \u0111\u00e2y","publisher":{"@id":"https:\/\/maison-chance.org\/shop\/fr#organization"},"potentialAction":[{"@type":"SearchAction","target":{"@type":"EntryPoint","urlTemplate":"https:\/\/maison-chance.org\/shop\/fr?s={search_term_string}"},"query-input":{"@type":"PropertyValueSpecification","valueRequired":true,"valueName":"search_term_string"}}],"inLanguage":"fr-FR"},{"@type":"Organization","@id":"https:\/\/maison-chance.org\/shop\/fr#organization","name":"Nh\u00e0 May M\u1eafn - Maison Chance","url":"https:\/\/maison-chance.org\/shop\/fr","logo":{"@type":"ImageObject","inLanguage":"fr-FR","@id":"https:\/\/maison-chance.org\/shop\/fr#\/schema\/logo\/image\/","url":"https:\/\/maison-chance.org\/shop\/wp-content\/uploads\/2024\/03\/cropped-Logo_DNXH.png","contentUrl":"https:\/\/maison-chance.org\/shop\/wp-content\/uploads\/2024\/03\/cropped-Logo_DNXH.png","width":512,"height":512,"caption":"Nh\u00e0 May M\u1eafn - Maison Chance"},"image":{"@id":"https:\/\/maison-chance.org\/shop\/fr#\/schema\/logo\/image\/"},"sameAs":["https:\/\/www.facebook.com\/dnxh.nhamayman\/"]}]},"product_price_amount":"1.93","product_price_currency":"EUR","og_availability":"instock","product_availability":"instock","product_condition":"new"},"_links":{"self":[{"href":"https:\/\/maison-chance.org\/shop\/fr\/wp-json\/wp\/v2\/product\/40488","targetHints":{"allow":["GET"]}}],"collection":[{"href":"https:\/\/maison-chance.org\/shop\/fr\/wp-json\/wp\/v2\/product"}],"about":[{"href":"https:\/\/maison-chance.org\/shop\/fr\/wp-json\/wp\/v2\/types\/product"}],"wp:featuredmedia":[{"embeddable":true,"href":"https:\/\/maison-chance.org\/shop\/fr\/wp-json\/wp\/v2\/media\/37292"}],"wp:attachment":[{"href":"https:\/\/maison-chance.org\/shop\/fr\/wp-json\/wp\/v2\/media?parent=40488"}],"wp:term":[{"taxonomy":"product_brand","embeddable":true,"href":"https:\/\/maison-chance.org\/shop\/fr\/wp-json\/wp\/v2\/product_brand?post=40488"},{"taxonomy":"product_cat","embeddable":true,"href":"https:\/\/maison-chance.org\/shop\/fr\/wp-json\/wp\/v2\/product_cat?post=40488"},{"taxonomy":"product_tag","embeddable":true,"href":"https:\/\/maison-chance.org\/shop\/fr\/wp-json\/wp\/v2\/product_tag?post=40488"}],"curies":[{"name":"wp","href":"https:\/\/api.w.org\/{rel}","templated":true}]}}