{"id":40496,"date":"2024-09-29T07:02:29","date_gmt":"2024-09-29T00:02:29","guid":{"rendered":"https:\/\/maison-chance.org\/shop\/san-pham\/poulet"},"modified":"2025-07-16T14:35:34","modified_gmt":"2025-07-16T07:35:34","slug":"poulet","status":"publish","type":"product","link":"https:\/\/maison-chance.org\/shop\/fr\/produit\/poulet","title":{"rendered":"Poulet"},"content":{"rendered":"<p data-start=\"55\" data-end=\"300\">Le coq est un animal symbolique associ\u00e9 au travail acharn\u00e9, \u00e0 la ponctualit\u00e9 et \u00e0 l\u2019esprit de progression constante. Dans la culture populaire, il repr\u00e9sente aussi la lumi\u00e8re, les nouveaux d\u00e9parts \u00e9clatants et une d\u00e9termination sans rel\u00e2che.<\/p>\n<p data-start=\"302\" data-end=\"681\">Le porte-cl\u00e9s en forme de coq est fabriqu\u00e9 \u00e0 la main en tissu brocart par les artisans de <em data-start=\"392\" data-end=\"407\">Maison Chance<\/em> \u2013 des personnes qui, malgr\u00e9 les difficult\u00e9s, travaillent avec minutie, soin et une fiert\u00e9 discr\u00e8te. Avec sa silhouette attachante et ses couleurs vives, ce porte-cl\u00e9s est bien plus qu\u2019un simple accessoire pratique : il d\u00e9gage une \u00e9nergie chaleureuse, positive et famili\u00e8re.<\/p>\n<p data-start=\"683\" data-end=\"865\">C\u2019est un cadeau id\u00e9al pour c\u00e9l\u00e9brer le Nouvel An, un porte-bonheur \u00e0 accrocher \u00e0 un sac \u00e0 dos ou un sac \u00e0 main \u2013 ou tout simplement un petit objet qui vous fait sourire au quotidien.<\/p>\n<p data-start=\"867\" data-end=\"996\">Un cadeau artisanal \u2013 discret mais plein de sens \u2013 pour celles et ceux qui se l\u00e8vent t\u00f4t afin de vivre chaque journ\u00e9e pleinement.<\/p>\n<p data-start=\"998\" data-end=\"1171\">\ud83d\udce9 Le prix au Vietnam peut varier. Veuillez nous contacter pour plus d\u2019informations.<br data-start=\"1082\" data-end=\"1085\" \/><strong data-start=\"1085\" data-end=\"1098\">Hotline :<\/strong> 0909\u202f06\u202f25\u202f28<br data-start=\"1112\" data-end=\"1115\" \/><strong data-start=\"1115\" data-end=\"1134\">Page Facebook :<\/strong> <em data-start=\"1135\" data-end=\"1171\">Maison Chance \u2013 Entreprise sociale<\/em><\/p>\n","protected":false},"excerpt":{"rendered":"<p style=\"text-align: justify;\">Les produits fabriqu\u00e9s \u00e0 la main par nos amis handicap\u00e9s d\u00e9favoris\u00e9s esp\u00e8rent recevoir le soutien de nos chers clients.<\/p>\n<p>Mat\u00e9riau : Tissu brocart<\/p>\n<p>Code : MK10TC<\/p>\n<p>Hotline : <span style=\"font-size: 20px;\"><strong><span style=\"color: #ff0000;\">0909 06 25 28<\/span><\/strong><\/span><\/p>\n<p style=\"text-align: justify;\">Si vous \u00eates au Vietnam, veuillez nous contacter via la hotline ou la page fan de l&rsquo;entreprise Maison Chance pour conna\u00eetre le prix au Vietnam.<\/p>\n","protected":false},"featured_media":37287,"template":"","meta":[],"product_brand":[],"product_cat":[231,240],"product_tag":[],"class_list":{"0":"post-40496","1":"product","2":"type-product","3":"status-publish","4":"has-post-thumbnail","6":"product_cat-atelier-de-couture","7":"product_cat-porte-cles-en-peluche-atelier-de-couture","9":"first","10":"instock","11":"shipping-taxable","12":"purchasable","13":"product-type-simple"},"yoast_head":"<!-- This site is optimized with the Yoast SEO Premium plugin v22.7 (Yoast SEO v25.3.1) - https:\/\/yoast.com\/wordpress\/plugins\/seo\/ -->\n<title>Poulet - porte-cl\u00e9s en peluche - Nh\u00e0 May M\u1eafn - Maison Chance<\/title>\n<meta name=\"description\" content=\"Le porte-cl\u00e9s poulet est m\u00e9ticuleusement fabriqu\u00e9 \u00e0 la main par les mains habiles des travailleurs handicap\u00e9s de Maison Chance. Le tissu brocart durable et beau est s\u00fbr\" \/>\n<meta name=\"robots\" content=\"index, follow, max-snippet:-1, max-image-preview:large, max-video-preview:-1\" \/>\n<link rel=\"canonical\" href=\"https:\/\/maison-chance.org\/shop\/fr\/produit\/poulet\" \/>\n<meta property=\"og:locale\" content=\"fr_FR\" \/>\n<meta property=\"og:type\" content=\"article\" \/>\n<meta property=\"og:title\" content=\"Poulet\" \/>\n<meta property=\"og:description\" content=\"Le porte-cl\u00e9s poulet est m\u00e9ticuleusement fabriqu\u00e9 \u00e0 la main par les mains habiles des travailleurs handicap\u00e9s de Maison Chance. Le tissu brocart durable et beau est s\u00fbr\" \/>\n<meta property=\"og:url\" content=\"https:\/\/maison-chance.org\/shop\/fr\/produit\/poulet\" \/>\n<meta property=\"og:site_name\" content=\"Nh\u00e0 May M\u1eafn - Maison Chance\" \/>\n<meta property=\"article:publisher\" content=\"https:\/\/www.facebook.com\/dnxh.nhamayman\/\" \/>\n<meta property=\"article:modified_time\" content=\"2025-07-16T07:35:34+00:00\" \/>\n<meta property=\"og:image\" content=\"https:\/\/maison-chance.org\/shop\/wp-content\/uploads\/2024\/04\/moc-chia-khoa-hinh-con-ga-3.jpg\" \/>\n\t<meta property=\"og:image:width\" content=\"600\" \/>\n\t<meta property=\"og:image:height\" content=\"600\" \/>\n\t<meta property=\"og:image:type\" content=\"image\/jpeg\" \/>\n<meta name=\"twitter:card\" content=\"summary_large_image\" \/>\n<meta name=\"twitter:label1\" content=\"Prix\" \/>\n\t<meta name=\"twitter:data1\" content=\"&euro;1.93\" \/>\n\t<meta name=\"twitter:label2\" content=\"Disponibilit\u00e9\" \/>\n\t<meta name=\"twitter:data2\" content=\"En stock\" \/>\n<script type=\"application\/ld+json\" class=\"yoast-schema-graph\">{\"@context\":\"https:\/\/schema.org\",\"@graph\":[{\"@type\":\"WebPage\",\"@id\":\"https:\/\/maison-chance.org\/shop\/fr\/produit\/poulet\",\"url\":\"https:\/\/maison-chance.org\/shop\/fr\/produit\/poulet\",\"name\":\"Poulet - porte-cl\u00e9s en peluche - Nh\u00e0 May M\u1eafn - Maison Chance\",\"isPartOf\":{\"@id\":\"https:\/\/maison-chance.org\/shop\/fr#website\"},\"primaryImageOfPage\":{\"@id\":\"https:\/\/maison-chance.org\/shop\/fr\/produit\/poulet#primaryimage\"},\"image\":{\"@id\":\"https:\/\/maison-chance.org\/shop\/fr\/produit\/poulet#primaryimage\"},\"thumbnailUrl\":\"https:\/\/maison-chance.org\/shop\/wp-content\/uploads\/2024\/04\/moc-chia-khoa-hinh-con-ga-3.jpg\",\"datePublished\":\"2024-09-29T00:02:29+00:00\",\"dateModified\":\"2025-07-16T07:35:34+00:00\",\"description\":\"Le porte-cl\u00e9s poulet est m\u00e9ticuleusement fabriqu\u00e9 \u00e0 la main par les mains habiles des travailleurs handicap\u00e9s de Maison Chance. Le tissu brocart durable et beau est s\u00fbr\",\"breadcrumb\":{\"@id\":\"https:\/\/maison-chance.org\/shop\/fr\/produit\/poulet#breadcrumb\"},\"inLanguage\":\"fr-FR\",\"potentialAction\":[{\"@type\":\"ReadAction\",\"target\":[\"https:\/\/maison-chance.org\/shop\/fr\/produit\/poulet\"]}]},{\"@type\":\"ImageObject\",\"inLanguage\":\"fr-FR\",\"@id\":\"https:\/\/maison-chance.org\/shop\/fr\/produit\/poulet#primaryimage\",\"url\":\"https:\/\/maison-chance.org\/shop\/wp-content\/uploads\/2024\/04\/moc-chia-khoa-hinh-con-ga-3.jpg\",\"contentUrl\":\"https:\/\/maison-chance.org\/shop\/wp-content\/uploads\/2024\/04\/moc-chia-khoa-hinh-con-ga-3.jpg\",\"width\":600,\"height\":600,\"caption\":\"Porte-cl\u00e9s en forme de poulet\"},{\"@type\":\"BreadcrumbList\",\"@id\":\"https:\/\/maison-chance.org\/shop\/fr\/produit\/poulet#breadcrumb\",\"itemListElement\":[{\"@type\":\"ListItem\",\"position\":1,\"name\":\"Trang ch\u1ee7\",\"item\":\"https:\/\/maison-chance.org\/shop\/fr\"},{\"@type\":\"ListItem\",\"position\":2,\"name\":\"Boutique\",\"item\":\"https:\/\/maison-chance.org\/shop\/shop\"},{\"@type\":\"ListItem\",\"position\":3,\"name\":\"Poulet\"}]},{\"@type\":\"WebSite\",\"@id\":\"https:\/\/maison-chance.org\/shop\/fr#website\",\"url\":\"https:\/\/maison-chance.org\/shop\/fr\",\"name\":\"Nh\u00e0 May M\u1eafn - Maison Chance\",\"description\":\"M\u1ecdi l\u1ee3i nhu\u1eadn thu v\u1ec1 t\u1eeb vi\u1ec7c b\u00e1n h\u00e0ng s\u1ebd tr\u00edch m\u1ed9t ph\u1ea7n \u0111\u1ec3 ch\u0103m lo cho \u0111\u1eddi s\u1ed1ng c\u00e1c b\u1ea1n khuy\u1ebft t\u1eadt v\u00e0 tr\u1ebb m\u1ed3 c\u00f4i \u1edf \u0111\u00e2y\",\"publisher\":{\"@id\":\"https:\/\/maison-chance.org\/shop\/fr#organization\"},\"potentialAction\":[{\"@type\":\"SearchAction\",\"target\":{\"@type\":\"EntryPoint\",\"urlTemplate\":\"https:\/\/maison-chance.org\/shop\/fr?s={search_term_string}\"},\"query-input\":{\"@type\":\"PropertyValueSpecification\",\"valueRequired\":true,\"valueName\":\"search_term_string\"}}],\"inLanguage\":\"fr-FR\"},{\"@type\":\"Organization\",\"@id\":\"https:\/\/maison-chance.org\/shop\/fr#organization\",\"name\":\"Nh\u00e0 May M\u1eafn - Maison Chance\",\"url\":\"https:\/\/maison-chance.org\/shop\/fr\",\"logo\":{\"@type\":\"ImageObject\",\"inLanguage\":\"fr-FR\",\"@id\":\"https:\/\/maison-chance.org\/shop\/fr#\/schema\/logo\/image\/\",\"url\":\"https:\/\/maison-chance.org\/shop\/wp-content\/uploads\/2024\/03\/cropped-Logo_DNXH.png\",\"contentUrl\":\"https:\/\/maison-chance.org\/shop\/wp-content\/uploads\/2024\/03\/cropped-Logo_DNXH.png\",\"width\":512,\"height\":512,\"caption\":\"Nh\u00e0 May M\u1eafn - Maison Chance\"},\"image\":{\"@id\":\"https:\/\/maison-chance.org\/shop\/fr#\/schema\/logo\/image\/\"},\"sameAs\":[\"https:\/\/www.facebook.com\/dnxh.nhamayman\/\"]}]}<\/script>\n<meta property=\"product:price:amount\" content=\"1.93\" \/>\n<meta property=\"product:price:currency\" content=\"EUR\" \/>\n<meta property=\"og:availability\" content=\"instock\" \/>\n<meta property=\"product:availability\" content=\"instock\" \/>\n<meta property=\"product:condition\" content=\"new\" \/>\n<!-- \/ Yoast SEO Premium plugin. -->","yoast_head_json":{"title":"Poulet - porte-cl\u00e9s en peluche - Nh\u00e0 May M\u1eafn - Maison Chance","description":"Le porte-cl\u00e9s poulet est m\u00e9ticuleusement fabriqu\u00e9 \u00e0 la main par les mains habiles des travailleurs handicap\u00e9s de Maison Chance. Le tissu brocart durable et beau est s\u00fbr","robots":{"index":"index","follow":"follow","max-snippet":"max-snippet:-1","max-image-preview":"max-image-preview:large","max-video-preview":"max-video-preview:-1"},"canonical":"https:\/\/maison-chance.org\/shop\/fr\/produit\/poulet","og_locale":"fr_FR","og_type":"article","og_title":"Poulet","og_description":"Le porte-cl\u00e9s poulet est m\u00e9ticuleusement fabriqu\u00e9 \u00e0 la main par les mains habiles des travailleurs handicap\u00e9s de Maison Chance. Le tissu brocart durable et beau est s\u00fbr","og_url":"https:\/\/maison-chance.org\/shop\/fr\/produit\/poulet","og_site_name":"Nh\u00e0 May M\u1eafn - Maison Chance","article_publisher":"https:\/\/www.facebook.com\/dnxh.nhamayman\/","article_modified_time":"2025-07-16T07:35:34+00:00","og_image":[{"width":600,"height":600,"url":"https:\/\/maison-chance.org\/shop\/wp-content\/uploads\/2024\/04\/moc-chia-khoa-hinh-con-ga-3.jpg","type":"image\/jpeg"}],"twitter_card":"summary_large_image","twitter_misc":{"Prix":"&euro;1.93","Disponibilit\u00e9":"En stock"},"schema":{"@context":"https:\/\/schema.org","@graph":[{"@type":"WebPage","@id":"https:\/\/maison-chance.org\/shop\/fr\/produit\/poulet","url":"https:\/\/maison-chance.org\/shop\/fr\/produit\/poulet","name":"Poulet - porte-cl\u00e9s en peluche - Nh\u00e0 May M\u1eafn - Maison Chance","isPartOf":{"@id":"https:\/\/maison-chance.org\/shop\/fr#website"},"primaryImageOfPage":{"@id":"https:\/\/maison-chance.org\/shop\/fr\/produit\/poulet#primaryimage"},"image":{"@id":"https:\/\/maison-chance.org\/shop\/fr\/produit\/poulet#primaryimage"},"thumbnailUrl":"https:\/\/maison-chance.org\/shop\/wp-content\/uploads\/2024\/04\/moc-chia-khoa-hinh-con-ga-3.jpg","datePublished":"2024-09-29T00:02:29+00:00","dateModified":"2025-07-16T07:35:34+00:00","description":"Le porte-cl\u00e9s poulet est m\u00e9ticuleusement fabriqu\u00e9 \u00e0 la main par les mains habiles des travailleurs handicap\u00e9s de Maison Chance. Le tissu brocart durable et beau est s\u00fbr","breadcrumb":{"@id":"https:\/\/maison-chance.org\/shop\/fr\/produit\/poulet#breadcrumb"},"inLanguage":"fr-FR","potentialAction":[{"@type":"ReadAction","target":["https:\/\/maison-chance.org\/shop\/fr\/produit\/poulet"]}]},{"@type":"ImageObject","inLanguage":"fr-FR","@id":"https:\/\/maison-chance.org\/shop\/fr\/produit\/poulet#primaryimage","url":"https:\/\/maison-chance.org\/shop\/wp-content\/uploads\/2024\/04\/moc-chia-khoa-hinh-con-ga-3.jpg","contentUrl":"https:\/\/maison-chance.org\/shop\/wp-content\/uploads\/2024\/04\/moc-chia-khoa-hinh-con-ga-3.jpg","width":600,"height":600,"caption":"Porte-cl\u00e9s en forme de poulet"},{"@type":"BreadcrumbList","@id":"https:\/\/maison-chance.org\/shop\/fr\/produit\/poulet#breadcrumb","itemListElement":[{"@type":"ListItem","position":1,"name":"Trang ch\u1ee7","item":"https:\/\/maison-chance.org\/shop\/fr"},{"@type":"ListItem","position":2,"name":"Boutique","item":"https:\/\/maison-chance.org\/shop\/shop"},{"@type":"ListItem","position":3,"name":"Poulet"}]},{"@type":"WebSite","@id":"https:\/\/maison-chance.org\/shop\/fr#website","url":"https:\/\/maison-chance.org\/shop\/fr","name":"Nh\u00e0 May M\u1eafn - Maison Chance","description":"M\u1ecdi l\u1ee3i nhu\u1eadn thu v\u1ec1 t\u1eeb vi\u1ec7c b\u00e1n h\u00e0ng s\u1ebd tr\u00edch m\u1ed9t ph\u1ea7n \u0111\u1ec3 ch\u0103m lo cho \u0111\u1eddi s\u1ed1ng c\u00e1c b\u1ea1n khuy\u1ebft t\u1eadt v\u00e0 tr\u1ebb m\u1ed3 c\u00f4i \u1edf \u0111\u00e2y","publisher":{"@id":"https:\/\/maison-chance.org\/shop\/fr#organization"},"potentialAction":[{"@type":"SearchAction","target":{"@type":"EntryPoint","urlTemplate":"https:\/\/maison-chance.org\/shop\/fr?s={search_term_string}"},"query-input":{"@type":"PropertyValueSpecification","valueRequired":true,"valueName":"search_term_string"}}],"inLanguage":"fr-FR"},{"@type":"Organization","@id":"https:\/\/maison-chance.org\/shop\/fr#organization","name":"Nh\u00e0 May M\u1eafn - Maison Chance","url":"https:\/\/maison-chance.org\/shop\/fr","logo":{"@type":"ImageObject","inLanguage":"fr-FR","@id":"https:\/\/maison-chance.org\/shop\/fr#\/schema\/logo\/image\/","url":"https:\/\/maison-chance.org\/shop\/wp-content\/uploads\/2024\/03\/cropped-Logo_DNXH.png","contentUrl":"https:\/\/maison-chance.org\/shop\/wp-content\/uploads\/2024\/03\/cropped-Logo_DNXH.png","width":512,"height":512,"caption":"Nh\u00e0 May M\u1eafn - Maison Chance"},"image":{"@id":"https:\/\/maison-chance.org\/shop\/fr#\/schema\/logo\/image\/"},"sameAs":["https:\/\/www.facebook.com\/dnxh.nhamayman\/"]}]},"product_price_amount":"1.93","product_price_currency":"EUR","og_availability":"instock","product_availability":"instock","product_condition":"new"},"_links":{"self":[{"href":"https:\/\/maison-chance.org\/shop\/fr\/wp-json\/wp\/v2\/product\/40496","targetHints":{"allow":["GET"]}}],"collection":[{"href":"https:\/\/maison-chance.org\/shop\/fr\/wp-json\/wp\/v2\/product"}],"about":[{"href":"https:\/\/maison-chance.org\/shop\/fr\/wp-json\/wp\/v2\/types\/product"}],"wp:featuredmedia":[{"embeddable":true,"href":"https:\/\/maison-chance.org\/shop\/fr\/wp-json\/wp\/v2\/media\/37287"}],"wp:attachment":[{"href":"https:\/\/maison-chance.org\/shop\/fr\/wp-json\/wp\/v2\/media?parent=40496"}],"wp:term":[{"taxonomy":"product_brand","embeddable":true,"href":"https:\/\/maison-chance.org\/shop\/fr\/wp-json\/wp\/v2\/product_brand?post=40496"},{"taxonomy":"product_cat","embeddable":true,"href":"https:\/\/maison-chance.org\/shop\/fr\/wp-json\/wp\/v2\/product_cat?post=40496"},{"taxonomy":"product_tag","embeddable":true,"href":"https:\/\/maison-chance.org\/shop\/fr\/wp-json\/wp\/v2\/product_tag?post=40496"}],"curies":[{"name":"wp","href":"https:\/\/api.w.org\/{rel}","templated":true}]}}