{"id":40504,"date":"2024-09-29T07:07:50","date_gmt":"2024-09-29T00:07:50","guid":{"rendered":"https:\/\/maison-chance.org\/shop\/san-pham\/chevre-2"},"modified":"2025-07-16T14:18:20","modified_gmt":"2025-07-16T07:18:20","slug":"chevre-2","status":"publish","type":"product","link":"https:\/\/maison-chance.org\/shop\/fr\/produit\/chevre-2","title":{"rendered":"Ch\u00e8vre"},"content":{"rendered":"<p data-start=\"55\" data-end=\"284\">La ch\u00e8vre est souvent per\u00e7ue comme un symbole de douceur, de d\u00e9licatesse et de capacit\u00e9 \u00e0 vivre en harmonie avec la nature. Mais derri\u00e8re cette douceur se cache une force silencieuse \u2013 une solidit\u00e9 discr\u00e8te, sans ostentation.<\/p>\n<p data-start=\"286\" data-end=\"594\">Ce porte-cl\u00e9s en forme de ch\u00e8vre est fabriqu\u00e9 \u00e0 la main en tissu brocart \u00e0 <em data-start=\"361\" data-end=\"376\">Maison Chance<\/em>, avec un design petit et charmant, des lignes douces et des couleurs fra\u00eeches et lumineuses. Chaque pi\u00e8ce est le fruit de la patience et du soin \u2013 un petit accessoire porteur de gentillesse et d\u2019une esth\u00e9tique simple.<\/p>\n<p data-start=\"596\" data-end=\"876\">Ce porte-cl\u00e9s n\u2019est pas tape-\u00e0-l\u2019\u0153il, mais il poss\u00e8de un charme discret qui attire le regard. Il convient parfaitement \u00e0 ceux qui aiment la subtilit\u00e9, appr\u00e9cient un mode de vie paisible mais profond \u2013 ou tout simplement, \u00e0 offrir \u00e0 une personne aupr\u00e8s de qui l\u2019on se sent en paix.<\/p>\n<p data-start=\"878\" data-end=\"1001\">Un petit cadeau, juste assez pour r\u00e9chauffer le c\u0153ur \u2013 et pour rappeler que la douceur n\u2019est jamais quelque chose de banal.<\/p>\n<p data-start=\"1003\" data-end=\"1176\">\ud83d\udce9 Le prix au Vietnam peut varier. Veuillez nous contacter pour plus d\u2019informations.<br data-start=\"1087\" data-end=\"1090\" \/><strong data-start=\"1090\" data-end=\"1103\">Hotline :<\/strong> 0909\u202f06\u202f25\u202f28<br data-start=\"1117\" data-end=\"1120\" \/><strong data-start=\"1120\" data-end=\"1139\">Page Facebook :<\/strong> <em data-start=\"1140\" data-end=\"1176\">Maison Chance \u2013 Entreprise sociale<\/em><\/p>\n","protected":false},"excerpt":{"rendered":"<p style=\"text-align: justify;\">Produits fabriqu\u00e9s \u00e0 la main par nos amis handicap\u00e9s moins fortun\u00e9s, nous esp\u00e9rons sinc\u00e8rement recevoir votre soutien.<\/p>\n<p>Mat\u00e9riau : Tissu brocart<\/p>\n<p>Code : MK08TC<\/p>\n<p>Hotline : <span style=\"font-size: 20px;\"><strong><span style=\"color: #ff0000;\">0909 06 25 28<\/span><\/strong><\/span><\/p>\n<p style=\"text-align: justify;\">Si vous \u00eates au Vietnam, veuillez nous contacter via la hotline ou la page fan de l&rsquo;entreprise Maison Chance pour conna\u00eetre le prix au Vietnam.<\/p>\n","protected":false},"featured_media":37246,"template":"","meta":[],"product_brand":[],"product_cat":[231,240],"product_tag":[],"class_list":{"0":"post-40504","1":"product","2":"type-product","3":"status-publish","4":"has-post-thumbnail","6":"product_cat-atelier-de-couture","7":"product_cat-porte-cles-en-peluche-atelier-de-couture","9":"first","10":"instock","11":"shipping-taxable","12":"purchasable","13":"product-type-simple"},"yoast_head":"<!-- This site is optimized with the Yoast SEO Premium plugin v22.7 (Yoast SEO v25.3.1) - https:\/\/yoast.com\/wordpress\/plugins\/seo\/ -->\n<title>Ch\u00e8vre - porte-cl\u00e9s en peluche - Nh\u00e0 May M\u1eafn - Maison Chance<\/title>\n<meta name=\"description\" content=\"Le porte-cl\u00e9s ch\u00e8vre est m\u00e9ticuleusement fabriqu\u00e9 \u00e0 la main par les mains habiles des travailleurs handicap\u00e9s de Maison Chance. Tissu brocart durable et beau, s\u00fbr\" \/>\n<meta name=\"robots\" content=\"index, follow, max-snippet:-1, max-image-preview:large, max-video-preview:-1\" \/>\n<link rel=\"canonical\" href=\"https:\/\/maison-chance.org\/shop\/fr\/produit\/chevre-2\" \/>\n<meta property=\"og:locale\" content=\"fr_FR\" \/>\n<meta property=\"og:type\" content=\"article\" \/>\n<meta property=\"og:title\" content=\"Ch\u00e8vre\" \/>\n<meta property=\"og:description\" content=\"Le porte-cl\u00e9s ch\u00e8vre est m\u00e9ticuleusement fabriqu\u00e9 \u00e0 la main par les mains habiles des travailleurs handicap\u00e9s de Maison Chance. Tissu brocart durable et beau, s\u00fbr\" \/>\n<meta property=\"og:url\" content=\"https:\/\/maison-chance.org\/shop\/fr\/produit\/chevre-2\" \/>\n<meta property=\"og:site_name\" content=\"Nh\u00e0 May M\u1eafn - Maison Chance\" \/>\n<meta property=\"article:publisher\" content=\"https:\/\/www.facebook.com\/dnxh.nhamayman\/\" \/>\n<meta property=\"article:modified_time\" content=\"2025-07-16T07:18:20+00:00\" \/>\n<meta property=\"og:image\" content=\"https:\/\/maison-chance.org\/shop\/wp-content\/uploads\/2024\/04\/moc-chia-khoa-hinh-con-de-3.jpg\" \/>\n\t<meta property=\"og:image:width\" content=\"600\" \/>\n\t<meta property=\"og:image:height\" content=\"600\" \/>\n\t<meta property=\"og:image:type\" content=\"image\/jpeg\" \/>\n<meta name=\"twitter:card\" content=\"summary_large_image\" \/>\n<meta name=\"twitter:label1\" content=\"Prix\" \/>\n\t<meta name=\"twitter:data1\" content=\"&euro;1.93\" \/>\n\t<meta name=\"twitter:label2\" content=\"Disponibilit\u00e9\" \/>\n\t<meta name=\"twitter:data2\" content=\"En stock\" \/>\n<script type=\"application\/ld+json\" class=\"yoast-schema-graph\">{\"@context\":\"https:\/\/schema.org\",\"@graph\":[{\"@type\":\"WebPage\",\"@id\":\"https:\/\/maison-chance.org\/shop\/fr\/produit\/chevre-2\",\"url\":\"https:\/\/maison-chance.org\/shop\/fr\/produit\/chevre-2\",\"name\":\"Ch\u00e8vre - porte-cl\u00e9s en peluche - Nh\u00e0 May M\u1eafn - Maison Chance\",\"isPartOf\":{\"@id\":\"https:\/\/maison-chance.org\/shop\/fr#website\"},\"primaryImageOfPage\":{\"@id\":\"https:\/\/maison-chance.org\/shop\/fr\/produit\/chevre-2#primaryimage\"},\"image\":{\"@id\":\"https:\/\/maison-chance.org\/shop\/fr\/produit\/chevre-2#primaryimage\"},\"thumbnailUrl\":\"https:\/\/maison-chance.org\/shop\/wp-content\/uploads\/2024\/04\/moc-chia-khoa-hinh-con-de-3.jpg\",\"datePublished\":\"2024-09-29T00:07:50+00:00\",\"dateModified\":\"2025-07-16T07:18:20+00:00\",\"description\":\"Le porte-cl\u00e9s ch\u00e8vre est m\u00e9ticuleusement fabriqu\u00e9 \u00e0 la main par les mains habiles des travailleurs handicap\u00e9s de Maison Chance. Tissu brocart durable et beau, s\u00fbr\",\"breadcrumb\":{\"@id\":\"https:\/\/maison-chance.org\/shop\/fr\/produit\/chevre-2#breadcrumb\"},\"inLanguage\":\"fr-FR\",\"potentialAction\":[{\"@type\":\"ReadAction\",\"target\":[\"https:\/\/maison-chance.org\/shop\/fr\/produit\/chevre-2\"]}]},{\"@type\":\"ImageObject\",\"inLanguage\":\"fr-FR\",\"@id\":\"https:\/\/maison-chance.org\/shop\/fr\/produit\/chevre-2#primaryimage\",\"url\":\"https:\/\/maison-chance.org\/shop\/wp-content\/uploads\/2024\/04\/moc-chia-khoa-hinh-con-de-3.jpg\",\"contentUrl\":\"https:\/\/maison-chance.org\/shop\/wp-content\/uploads\/2024\/04\/moc-chia-khoa-hinh-con-de-3.jpg\",\"width\":600,\"height\":600,\"caption\":\"Porte-cl\u00e9s en forme de Ch\u00e8vre\"},{\"@type\":\"BreadcrumbList\",\"@id\":\"https:\/\/maison-chance.org\/shop\/fr\/produit\/chevre-2#breadcrumb\",\"itemListElement\":[{\"@type\":\"ListItem\",\"position\":1,\"name\":\"Trang ch\u1ee7\",\"item\":\"https:\/\/maison-chance.org\/shop\/fr\"},{\"@type\":\"ListItem\",\"position\":2,\"name\":\"Boutique\",\"item\":\"https:\/\/maison-chance.org\/shop\/shop\"},{\"@type\":\"ListItem\",\"position\":3,\"name\":\"Ch\u00e8vre\"}]},{\"@type\":\"WebSite\",\"@id\":\"https:\/\/maison-chance.org\/shop\/fr#website\",\"url\":\"https:\/\/maison-chance.org\/shop\/fr\",\"name\":\"Nh\u00e0 May M\u1eafn - Maison Chance\",\"description\":\"M\u1ecdi l\u1ee3i nhu\u1eadn thu v\u1ec1 t\u1eeb vi\u1ec7c b\u00e1n h\u00e0ng s\u1ebd tr\u00edch m\u1ed9t ph\u1ea7n \u0111\u1ec3 ch\u0103m lo cho \u0111\u1eddi s\u1ed1ng c\u00e1c b\u1ea1n khuy\u1ebft t\u1eadt v\u00e0 tr\u1ebb m\u1ed3 c\u00f4i \u1edf \u0111\u00e2y\",\"publisher\":{\"@id\":\"https:\/\/maison-chance.org\/shop\/fr#organization\"},\"potentialAction\":[{\"@type\":\"SearchAction\",\"target\":{\"@type\":\"EntryPoint\",\"urlTemplate\":\"https:\/\/maison-chance.org\/shop\/fr?s={search_term_string}\"},\"query-input\":{\"@type\":\"PropertyValueSpecification\",\"valueRequired\":true,\"valueName\":\"search_term_string\"}}],\"inLanguage\":\"fr-FR\"},{\"@type\":\"Organization\",\"@id\":\"https:\/\/maison-chance.org\/shop\/fr#organization\",\"name\":\"Nh\u00e0 May M\u1eafn - Maison Chance\",\"url\":\"https:\/\/maison-chance.org\/shop\/fr\",\"logo\":{\"@type\":\"ImageObject\",\"inLanguage\":\"fr-FR\",\"@id\":\"https:\/\/maison-chance.org\/shop\/fr#\/schema\/logo\/image\/\",\"url\":\"https:\/\/maison-chance.org\/shop\/wp-content\/uploads\/2024\/03\/cropped-Logo_DNXH.png\",\"contentUrl\":\"https:\/\/maison-chance.org\/shop\/wp-content\/uploads\/2024\/03\/cropped-Logo_DNXH.png\",\"width\":512,\"height\":512,\"caption\":\"Nh\u00e0 May M\u1eafn - Maison Chance\"},\"image\":{\"@id\":\"https:\/\/maison-chance.org\/shop\/fr#\/schema\/logo\/image\/\"},\"sameAs\":[\"https:\/\/www.facebook.com\/dnxh.nhamayman\/\"]}]}<\/script>\n<meta property=\"product:price:amount\" content=\"1.93\" \/>\n<meta property=\"product:price:currency\" content=\"EUR\" \/>\n<meta property=\"og:availability\" content=\"instock\" \/>\n<meta property=\"product:availability\" content=\"instock\" \/>\n<meta property=\"product:condition\" content=\"new\" \/>\n<!-- \/ Yoast SEO Premium plugin. -->","yoast_head_json":{"title":"Ch\u00e8vre - porte-cl\u00e9s en peluche - Nh\u00e0 May M\u1eafn - Maison Chance","description":"Le porte-cl\u00e9s ch\u00e8vre est m\u00e9ticuleusement fabriqu\u00e9 \u00e0 la main par les mains habiles des travailleurs handicap\u00e9s de Maison Chance. Tissu brocart durable et beau, s\u00fbr","robots":{"index":"index","follow":"follow","max-snippet":"max-snippet:-1","max-image-preview":"max-image-preview:large","max-video-preview":"max-video-preview:-1"},"canonical":"https:\/\/maison-chance.org\/shop\/fr\/produit\/chevre-2","og_locale":"fr_FR","og_type":"article","og_title":"Ch\u00e8vre","og_description":"Le porte-cl\u00e9s ch\u00e8vre est m\u00e9ticuleusement fabriqu\u00e9 \u00e0 la main par les mains habiles des travailleurs handicap\u00e9s de Maison Chance. Tissu brocart durable et beau, s\u00fbr","og_url":"https:\/\/maison-chance.org\/shop\/fr\/produit\/chevre-2","og_site_name":"Nh\u00e0 May M\u1eafn - Maison Chance","article_publisher":"https:\/\/www.facebook.com\/dnxh.nhamayman\/","article_modified_time":"2025-07-16T07:18:20+00:00","og_image":[{"width":600,"height":600,"url":"https:\/\/maison-chance.org\/shop\/wp-content\/uploads\/2024\/04\/moc-chia-khoa-hinh-con-de-3.jpg","type":"image\/jpeg"}],"twitter_card":"summary_large_image","twitter_misc":{"Prix":"&euro;1.93","Disponibilit\u00e9":"En stock"},"schema":{"@context":"https:\/\/schema.org","@graph":[{"@type":"WebPage","@id":"https:\/\/maison-chance.org\/shop\/fr\/produit\/chevre-2","url":"https:\/\/maison-chance.org\/shop\/fr\/produit\/chevre-2","name":"Ch\u00e8vre - porte-cl\u00e9s en peluche - Nh\u00e0 May M\u1eafn - Maison Chance","isPartOf":{"@id":"https:\/\/maison-chance.org\/shop\/fr#website"},"primaryImageOfPage":{"@id":"https:\/\/maison-chance.org\/shop\/fr\/produit\/chevre-2#primaryimage"},"image":{"@id":"https:\/\/maison-chance.org\/shop\/fr\/produit\/chevre-2#primaryimage"},"thumbnailUrl":"https:\/\/maison-chance.org\/shop\/wp-content\/uploads\/2024\/04\/moc-chia-khoa-hinh-con-de-3.jpg","datePublished":"2024-09-29T00:07:50+00:00","dateModified":"2025-07-16T07:18:20+00:00","description":"Le porte-cl\u00e9s ch\u00e8vre est m\u00e9ticuleusement fabriqu\u00e9 \u00e0 la main par les mains habiles des travailleurs handicap\u00e9s de Maison Chance. Tissu brocart durable et beau, s\u00fbr","breadcrumb":{"@id":"https:\/\/maison-chance.org\/shop\/fr\/produit\/chevre-2#breadcrumb"},"inLanguage":"fr-FR","potentialAction":[{"@type":"ReadAction","target":["https:\/\/maison-chance.org\/shop\/fr\/produit\/chevre-2"]}]},{"@type":"ImageObject","inLanguage":"fr-FR","@id":"https:\/\/maison-chance.org\/shop\/fr\/produit\/chevre-2#primaryimage","url":"https:\/\/maison-chance.org\/shop\/wp-content\/uploads\/2024\/04\/moc-chia-khoa-hinh-con-de-3.jpg","contentUrl":"https:\/\/maison-chance.org\/shop\/wp-content\/uploads\/2024\/04\/moc-chia-khoa-hinh-con-de-3.jpg","width":600,"height":600,"caption":"Porte-cl\u00e9s en forme de Ch\u00e8vre"},{"@type":"BreadcrumbList","@id":"https:\/\/maison-chance.org\/shop\/fr\/produit\/chevre-2#breadcrumb","itemListElement":[{"@type":"ListItem","position":1,"name":"Trang ch\u1ee7","item":"https:\/\/maison-chance.org\/shop\/fr"},{"@type":"ListItem","position":2,"name":"Boutique","item":"https:\/\/maison-chance.org\/shop\/shop"},{"@type":"ListItem","position":3,"name":"Ch\u00e8vre"}]},{"@type":"WebSite","@id":"https:\/\/maison-chance.org\/shop\/fr#website","url":"https:\/\/maison-chance.org\/shop\/fr","name":"Nh\u00e0 May M\u1eafn - Maison Chance","description":"M\u1ecdi l\u1ee3i nhu\u1eadn thu v\u1ec1 t\u1eeb vi\u1ec7c b\u00e1n h\u00e0ng s\u1ebd tr\u00edch m\u1ed9t ph\u1ea7n \u0111\u1ec3 ch\u0103m lo cho \u0111\u1eddi s\u1ed1ng c\u00e1c b\u1ea1n khuy\u1ebft t\u1eadt v\u00e0 tr\u1ebb m\u1ed3 c\u00f4i \u1edf \u0111\u00e2y","publisher":{"@id":"https:\/\/maison-chance.org\/shop\/fr#organization"},"potentialAction":[{"@type":"SearchAction","target":{"@type":"EntryPoint","urlTemplate":"https:\/\/maison-chance.org\/shop\/fr?s={search_term_string}"},"query-input":{"@type":"PropertyValueSpecification","valueRequired":true,"valueName":"search_term_string"}}],"inLanguage":"fr-FR"},{"@type":"Organization","@id":"https:\/\/maison-chance.org\/shop\/fr#organization","name":"Nh\u00e0 May M\u1eafn - Maison Chance","url":"https:\/\/maison-chance.org\/shop\/fr","logo":{"@type":"ImageObject","inLanguage":"fr-FR","@id":"https:\/\/maison-chance.org\/shop\/fr#\/schema\/logo\/image\/","url":"https:\/\/maison-chance.org\/shop\/wp-content\/uploads\/2024\/03\/cropped-Logo_DNXH.png","contentUrl":"https:\/\/maison-chance.org\/shop\/wp-content\/uploads\/2024\/03\/cropped-Logo_DNXH.png","width":512,"height":512,"caption":"Nh\u00e0 May M\u1eafn - Maison Chance"},"image":{"@id":"https:\/\/maison-chance.org\/shop\/fr#\/schema\/logo\/image\/"},"sameAs":["https:\/\/www.facebook.com\/dnxh.nhamayman\/"]}]},"product_price_amount":"1.93","product_price_currency":"EUR","og_availability":"instock","product_availability":"instock","product_condition":"new"},"_links":{"self":[{"href":"https:\/\/maison-chance.org\/shop\/fr\/wp-json\/wp\/v2\/product\/40504","targetHints":{"allow":["GET"]}}],"collection":[{"href":"https:\/\/maison-chance.org\/shop\/fr\/wp-json\/wp\/v2\/product"}],"about":[{"href":"https:\/\/maison-chance.org\/shop\/fr\/wp-json\/wp\/v2\/types\/product"}],"wp:featuredmedia":[{"embeddable":true,"href":"https:\/\/maison-chance.org\/shop\/fr\/wp-json\/wp\/v2\/media\/37246"}],"wp:attachment":[{"href":"https:\/\/maison-chance.org\/shop\/fr\/wp-json\/wp\/v2\/media?parent=40504"}],"wp:term":[{"taxonomy":"product_brand","embeddable":true,"href":"https:\/\/maison-chance.org\/shop\/fr\/wp-json\/wp\/v2\/product_brand?post=40504"},{"taxonomy":"product_cat","embeddable":true,"href":"https:\/\/maison-chance.org\/shop\/fr\/wp-json\/wp\/v2\/product_cat?post=40504"},{"taxonomy":"product_tag","embeddable":true,"href":"https:\/\/maison-chance.org\/shop\/fr\/wp-json\/wp\/v2\/product_tag?post=40504"}],"curies":[{"name":"wp","href":"https:\/\/api.w.org\/{rel}","templated":true}]}}