{"id":40524,"date":"2024-09-30T07:05:17","date_gmt":"2024-09-30T00:05:17","guid":{"rendered":"https:\/\/maison-chance.org\/shop\/san-pham\/chat-2"},"modified":"2025-07-16T10:30:18","modified_gmt":"2025-07-16T03:30:18","slug":"chat-2","status":"publish","type":"product","link":"https:\/\/maison-chance.org\/shop\/fr\/produit\/chat-2","title":{"rendered":"Chat"},"content":{"rendered":"<p data-start=\"65\" data-end=\"318\">Symbole d\u2019agilit\u00e9, de finesse et d\u2019ind\u00e9pendance, le chat incarne un charme discret, une s\u00e9r\u00e9nit\u00e9 tranquille mais aussi une grande vivacit\u00e9 d\u2019esprit. Dans la culture d\u2019Asie de l\u2019Est, il est \u00e9galement associ\u00e9 \u00e0 la chance, \u00e0 la paix et \u00e0 la prosp\u00e9rit\u00e9.<\/p>\n<p data-start=\"320\" data-end=\"609\">Le <strong data-start=\"323\" data-end=\"354\">porte-cl\u00e9s en forme de chat<\/strong> est fabriqu\u00e9 \u00e0 la main en tissu brocart par des personnes en situation de handicap au sein de <strong data-start=\"449\" data-end=\"466\">Maison Chance<\/strong>. Avec sa silhouette douce, ses couleurs harmonieuses et ses coutures soign\u00e9es, ce produit est \u00e0 la fois attendrissant et d\u00e9licatement raffin\u00e9.<\/p>\n<p data-start=\"611\" data-end=\"848\">Bien plus qu\u2019un simple accessoire pour sac \u00e0 dos, sac \u00e0 main ou trousseau de cl\u00e9s, ce porte-cl\u00e9s est un doux message adress\u00e9 \u00e0 ceux qu\u2019on aime \u2013 un v\u0153u de vie paisible, d\u2019intelligence et de force tranquille dans toutes les circonstances.<\/p>\n<p data-start=\"850\" data-end=\"1004\">Un petit cadeau rempli d\u2019amour, qui contribue aussi \u00e0 donner du courage aux mains silencieuses mais d\u00e9vou\u00e9es travaillant avec passion \u00e0 <strong data-start=\"986\" data-end=\"1003\">Maison Chance<\/strong>.<\/p>\n<p data-start=\"1006\" data-end=\"1203\">\ud83d\udce9 <em data-start=\"1009\" data-end=\"1101\">Le prix de vente au Vietnam peut varier. Veuillez nous contacter pour plus d\u2019informations.<\/em><br data-start=\"1101\" data-end=\"1104\" \/><strong data-start=\"1104\" data-end=\"1117\">Hotline :<\/strong> 0909 06 25 28<br data-start=\"1131\" data-end=\"1134\" \/><strong data-start=\"1134\" data-end=\"1153\">Page Facebook :<\/strong> <em data-start=\"1154\" data-end=\"1203\">Doanh Nghi\u1ec7p X\u00e3 H\u1ed9i Nh\u00e0 May M\u1eafn \u2013 Maison Chance<\/em><\/p>\n","protected":false},"excerpt":{"rendered":"<p style=\"text-align: justify;\">Les produits fabriqu\u00e9s \u00e0 la main par des amis handicap\u00e9s moins chanceux esp\u00e8rent recevoir le soutien de nos pr\u00e9cieux clients.<\/p>\n<p>Mat\u00e9riau : Tissu de brocart<\/p>\n<p>Code : MK04TC<\/p>\n<p>Hotline : <span style=\"font-size: 20px;\"><strong><span style=\"color: #ff0000;\">0909 06 25 28<\/span><\/strong><\/span><\/p>\n<p style=\"text-align: justify;\">Si vous \u00eates au Vietnam, veuillez nous contacter via la hotline ou la page fan de l&rsquo;entreprise Maison Chance pour conna\u00eetre le prix au Vietnam.<\/p>\n","protected":false},"featured_media":36887,"template":"","meta":[],"product_brand":[],"product_cat":[231,240],"product_tag":[],"class_list":{"0":"post-40524","1":"product","2":"type-product","3":"status-publish","4":"has-post-thumbnail","6":"product_cat-atelier-de-couture","7":"product_cat-porte-cles-en-peluche-atelier-de-couture","9":"first","10":"instock","11":"shipping-taxable","12":"purchasable","13":"product-type-simple"},"yoast_head":"<!-- This site is optimized with the Yoast SEO Premium plugin v22.7 (Yoast SEO v25.3.1) - https:\/\/yoast.com\/wordpress\/plugins\/seo\/ -->\n<title>Chat - porte-cl\u00e9s en peluche - Nh\u00e0 May M\u1eafn - Maison Chance<\/title>\n<meta name=\"description\" content=\"Le porte-cl\u00e9s chat est minutieusement fabriqu\u00e9 \u00e0 la main par les mains habiles des travailleurs handicap\u00e9s de Maison Chance. Tissu de brocart durable et beau, s\u00fbr\" \/>\n<meta name=\"robots\" content=\"index, follow, max-snippet:-1, max-image-preview:large, max-video-preview:-1\" \/>\n<link rel=\"canonical\" href=\"https:\/\/maison-chance.org\/shop\/fr\/produit\/chat-2\" \/>\n<meta property=\"og:locale\" content=\"fr_FR\" \/>\n<meta property=\"og:type\" content=\"article\" \/>\n<meta property=\"og:title\" content=\"Chat\" \/>\n<meta property=\"og:description\" content=\"Le porte-cl\u00e9s chat est minutieusement fabriqu\u00e9 \u00e0 la main par les mains habiles des travailleurs handicap\u00e9s de Maison Chance. Tissu de brocart durable et beau, s\u00fbr\" \/>\n<meta property=\"og:url\" content=\"https:\/\/maison-chance.org\/shop\/fr\/produit\/chat-2\" \/>\n<meta property=\"og:site_name\" content=\"Nh\u00e0 May M\u1eafn - Maison Chance\" \/>\n<meta property=\"article:publisher\" content=\"https:\/\/www.facebook.com\/dnxh.nhamayman\/\" \/>\n<meta property=\"article:modified_time\" content=\"2025-07-16T03:30:18+00:00\" \/>\n<meta property=\"og:image\" content=\"https:\/\/maison-chance.org\/shop\/wp-content\/uploads\/2024\/04\/moc-chia-khoa-hinh-con-meo-03.jpg\" \/>\n\t<meta property=\"og:image:width\" content=\"600\" \/>\n\t<meta property=\"og:image:height\" content=\"600\" \/>\n\t<meta property=\"og:image:type\" content=\"image\/jpeg\" \/>\n<meta name=\"twitter:card\" content=\"summary_large_image\" \/>\n<meta name=\"twitter:label1\" content=\"Prix\" \/>\n\t<meta name=\"twitter:data1\" content=\"&euro;1.93\" \/>\n\t<meta name=\"twitter:label2\" content=\"Disponibilit\u00e9\" \/>\n\t<meta name=\"twitter:data2\" content=\"En stock\" \/>\n<script type=\"application\/ld+json\" class=\"yoast-schema-graph\">{\"@context\":\"https:\/\/schema.org\",\"@graph\":[{\"@type\":\"WebPage\",\"@id\":\"https:\/\/maison-chance.org\/shop\/fr\/produit\/chat-2\",\"url\":\"https:\/\/maison-chance.org\/shop\/fr\/produit\/chat-2\",\"name\":\"Chat - porte-cl\u00e9s en peluche - Nh\u00e0 May M\u1eafn - Maison Chance\",\"isPartOf\":{\"@id\":\"https:\/\/maison-chance.org\/shop\/fr#website\"},\"primaryImageOfPage\":{\"@id\":\"https:\/\/maison-chance.org\/shop\/fr\/produit\/chat-2#primaryimage\"},\"image\":{\"@id\":\"https:\/\/maison-chance.org\/shop\/fr\/produit\/chat-2#primaryimage\"},\"thumbnailUrl\":\"https:\/\/maison-chance.org\/shop\/wp-content\/uploads\/2024\/04\/moc-chia-khoa-hinh-con-meo-03.jpg\",\"datePublished\":\"2024-09-30T00:05:17+00:00\",\"dateModified\":\"2025-07-16T03:30:18+00:00\",\"description\":\"Le porte-cl\u00e9s chat est minutieusement fabriqu\u00e9 \u00e0 la main par les mains habiles des travailleurs handicap\u00e9s de Maison Chance. Tissu de brocart durable et beau, s\u00fbr\",\"breadcrumb\":{\"@id\":\"https:\/\/maison-chance.org\/shop\/fr\/produit\/chat-2#breadcrumb\"},\"inLanguage\":\"fr-FR\",\"potentialAction\":[{\"@type\":\"ReadAction\",\"target\":[\"https:\/\/maison-chance.org\/shop\/fr\/produit\/chat-2\"]}]},{\"@type\":\"ImageObject\",\"inLanguage\":\"fr-FR\",\"@id\":\"https:\/\/maison-chance.org\/shop\/fr\/produit\/chat-2#primaryimage\",\"url\":\"https:\/\/maison-chance.org\/shop\/wp-content\/uploads\/2024\/04\/moc-chia-khoa-hinh-con-meo-03.jpg\",\"contentUrl\":\"https:\/\/maison-chance.org\/shop\/wp-content\/uploads\/2024\/04\/moc-chia-khoa-hinh-con-meo-03.jpg\",\"width\":600,\"height\":600,\"caption\":\"Porte-cl\u00e9s en forme de chat\"},{\"@type\":\"BreadcrumbList\",\"@id\":\"https:\/\/maison-chance.org\/shop\/fr\/produit\/chat-2#breadcrumb\",\"itemListElement\":[{\"@type\":\"ListItem\",\"position\":1,\"name\":\"Trang ch\u1ee7\",\"item\":\"https:\/\/maison-chance.org\/shop\/fr\"},{\"@type\":\"ListItem\",\"position\":2,\"name\":\"Boutique\",\"item\":\"https:\/\/maison-chance.org\/shop\/shop\"},{\"@type\":\"ListItem\",\"position\":3,\"name\":\"Chat\"}]},{\"@type\":\"WebSite\",\"@id\":\"https:\/\/maison-chance.org\/shop\/fr#website\",\"url\":\"https:\/\/maison-chance.org\/shop\/fr\",\"name\":\"Nh\u00e0 May M\u1eafn - Maison Chance\",\"description\":\"M\u1ecdi l\u1ee3i nhu\u1eadn thu v\u1ec1 t\u1eeb vi\u1ec7c b\u00e1n h\u00e0ng s\u1ebd tr\u00edch m\u1ed9t ph\u1ea7n \u0111\u1ec3 ch\u0103m lo cho \u0111\u1eddi s\u1ed1ng c\u00e1c b\u1ea1n khuy\u1ebft t\u1eadt v\u00e0 tr\u1ebb m\u1ed3 c\u00f4i \u1edf \u0111\u00e2y\",\"publisher\":{\"@id\":\"https:\/\/maison-chance.org\/shop\/fr#organization\"},\"potentialAction\":[{\"@type\":\"SearchAction\",\"target\":{\"@type\":\"EntryPoint\",\"urlTemplate\":\"https:\/\/maison-chance.org\/shop\/fr?s={search_term_string}\"},\"query-input\":{\"@type\":\"PropertyValueSpecification\",\"valueRequired\":true,\"valueName\":\"search_term_string\"}}],\"inLanguage\":\"fr-FR\"},{\"@type\":\"Organization\",\"@id\":\"https:\/\/maison-chance.org\/shop\/fr#organization\",\"name\":\"Nh\u00e0 May M\u1eafn - Maison Chance\",\"url\":\"https:\/\/maison-chance.org\/shop\/fr\",\"logo\":{\"@type\":\"ImageObject\",\"inLanguage\":\"fr-FR\",\"@id\":\"https:\/\/maison-chance.org\/shop\/fr#\/schema\/logo\/image\/\",\"url\":\"https:\/\/maison-chance.org\/shop\/wp-content\/uploads\/2024\/03\/cropped-Logo_DNXH.png\",\"contentUrl\":\"https:\/\/maison-chance.org\/shop\/wp-content\/uploads\/2024\/03\/cropped-Logo_DNXH.png\",\"width\":512,\"height\":512,\"caption\":\"Nh\u00e0 May M\u1eafn - Maison Chance\"},\"image\":{\"@id\":\"https:\/\/maison-chance.org\/shop\/fr#\/schema\/logo\/image\/\"},\"sameAs\":[\"https:\/\/www.facebook.com\/dnxh.nhamayman\/\"]}]}<\/script>\n<meta property=\"product:price:amount\" content=\"1.93\" \/>\n<meta property=\"product:price:currency\" content=\"EUR\" \/>\n<meta property=\"og:availability\" content=\"instock\" \/>\n<meta property=\"product:availability\" content=\"instock\" \/>\n<meta property=\"product:condition\" content=\"new\" \/>\n<!-- \/ Yoast SEO Premium plugin. -->","yoast_head_json":{"title":"Chat - porte-cl\u00e9s en peluche - Nh\u00e0 May M\u1eafn - Maison Chance","description":"Le porte-cl\u00e9s chat est minutieusement fabriqu\u00e9 \u00e0 la main par les mains habiles des travailleurs handicap\u00e9s de Maison Chance. Tissu de brocart durable et beau, s\u00fbr","robots":{"index":"index","follow":"follow","max-snippet":"max-snippet:-1","max-image-preview":"max-image-preview:large","max-video-preview":"max-video-preview:-1"},"canonical":"https:\/\/maison-chance.org\/shop\/fr\/produit\/chat-2","og_locale":"fr_FR","og_type":"article","og_title":"Chat","og_description":"Le porte-cl\u00e9s chat est minutieusement fabriqu\u00e9 \u00e0 la main par les mains habiles des travailleurs handicap\u00e9s de Maison Chance. Tissu de brocart durable et beau, s\u00fbr","og_url":"https:\/\/maison-chance.org\/shop\/fr\/produit\/chat-2","og_site_name":"Nh\u00e0 May M\u1eafn - Maison Chance","article_publisher":"https:\/\/www.facebook.com\/dnxh.nhamayman\/","article_modified_time":"2025-07-16T03:30:18+00:00","og_image":[{"width":600,"height":600,"url":"https:\/\/maison-chance.org\/shop\/wp-content\/uploads\/2024\/04\/moc-chia-khoa-hinh-con-meo-03.jpg","type":"image\/jpeg"}],"twitter_card":"summary_large_image","twitter_misc":{"Prix":"&euro;1.93","Disponibilit\u00e9":"En stock"},"schema":{"@context":"https:\/\/schema.org","@graph":[{"@type":"WebPage","@id":"https:\/\/maison-chance.org\/shop\/fr\/produit\/chat-2","url":"https:\/\/maison-chance.org\/shop\/fr\/produit\/chat-2","name":"Chat - porte-cl\u00e9s en peluche - Nh\u00e0 May M\u1eafn - Maison Chance","isPartOf":{"@id":"https:\/\/maison-chance.org\/shop\/fr#website"},"primaryImageOfPage":{"@id":"https:\/\/maison-chance.org\/shop\/fr\/produit\/chat-2#primaryimage"},"image":{"@id":"https:\/\/maison-chance.org\/shop\/fr\/produit\/chat-2#primaryimage"},"thumbnailUrl":"https:\/\/maison-chance.org\/shop\/wp-content\/uploads\/2024\/04\/moc-chia-khoa-hinh-con-meo-03.jpg","datePublished":"2024-09-30T00:05:17+00:00","dateModified":"2025-07-16T03:30:18+00:00","description":"Le porte-cl\u00e9s chat est minutieusement fabriqu\u00e9 \u00e0 la main par les mains habiles des travailleurs handicap\u00e9s de Maison Chance. Tissu de brocart durable et beau, s\u00fbr","breadcrumb":{"@id":"https:\/\/maison-chance.org\/shop\/fr\/produit\/chat-2#breadcrumb"},"inLanguage":"fr-FR","potentialAction":[{"@type":"ReadAction","target":["https:\/\/maison-chance.org\/shop\/fr\/produit\/chat-2"]}]},{"@type":"ImageObject","inLanguage":"fr-FR","@id":"https:\/\/maison-chance.org\/shop\/fr\/produit\/chat-2#primaryimage","url":"https:\/\/maison-chance.org\/shop\/wp-content\/uploads\/2024\/04\/moc-chia-khoa-hinh-con-meo-03.jpg","contentUrl":"https:\/\/maison-chance.org\/shop\/wp-content\/uploads\/2024\/04\/moc-chia-khoa-hinh-con-meo-03.jpg","width":600,"height":600,"caption":"Porte-cl\u00e9s en forme de chat"},{"@type":"BreadcrumbList","@id":"https:\/\/maison-chance.org\/shop\/fr\/produit\/chat-2#breadcrumb","itemListElement":[{"@type":"ListItem","position":1,"name":"Trang ch\u1ee7","item":"https:\/\/maison-chance.org\/shop\/fr"},{"@type":"ListItem","position":2,"name":"Boutique","item":"https:\/\/maison-chance.org\/shop\/shop"},{"@type":"ListItem","position":3,"name":"Chat"}]},{"@type":"WebSite","@id":"https:\/\/maison-chance.org\/shop\/fr#website","url":"https:\/\/maison-chance.org\/shop\/fr","name":"Nh\u00e0 May M\u1eafn - Maison Chance","description":"M\u1ecdi l\u1ee3i nhu\u1eadn thu v\u1ec1 t\u1eeb vi\u1ec7c b\u00e1n h\u00e0ng s\u1ebd tr\u00edch m\u1ed9t ph\u1ea7n \u0111\u1ec3 ch\u0103m lo cho \u0111\u1eddi s\u1ed1ng c\u00e1c b\u1ea1n khuy\u1ebft t\u1eadt v\u00e0 tr\u1ebb m\u1ed3 c\u00f4i \u1edf \u0111\u00e2y","publisher":{"@id":"https:\/\/maison-chance.org\/shop\/fr#organization"},"potentialAction":[{"@type":"SearchAction","target":{"@type":"EntryPoint","urlTemplate":"https:\/\/maison-chance.org\/shop\/fr?s={search_term_string}"},"query-input":{"@type":"PropertyValueSpecification","valueRequired":true,"valueName":"search_term_string"}}],"inLanguage":"fr-FR"},{"@type":"Organization","@id":"https:\/\/maison-chance.org\/shop\/fr#organization","name":"Nh\u00e0 May M\u1eafn - Maison Chance","url":"https:\/\/maison-chance.org\/shop\/fr","logo":{"@type":"ImageObject","inLanguage":"fr-FR","@id":"https:\/\/maison-chance.org\/shop\/fr#\/schema\/logo\/image\/","url":"https:\/\/maison-chance.org\/shop\/wp-content\/uploads\/2024\/03\/cropped-Logo_DNXH.png","contentUrl":"https:\/\/maison-chance.org\/shop\/wp-content\/uploads\/2024\/03\/cropped-Logo_DNXH.png","width":512,"height":512,"caption":"Nh\u00e0 May M\u1eafn - Maison Chance"},"image":{"@id":"https:\/\/maison-chance.org\/shop\/fr#\/schema\/logo\/image\/"},"sameAs":["https:\/\/www.facebook.com\/dnxh.nhamayman\/"]}]},"product_price_amount":"1.93","product_price_currency":"EUR","og_availability":"instock","product_availability":"instock","product_condition":"new"},"_links":{"self":[{"href":"https:\/\/maison-chance.org\/shop\/fr\/wp-json\/wp\/v2\/product\/40524","targetHints":{"allow":["GET"]}}],"collection":[{"href":"https:\/\/maison-chance.org\/shop\/fr\/wp-json\/wp\/v2\/product"}],"about":[{"href":"https:\/\/maison-chance.org\/shop\/fr\/wp-json\/wp\/v2\/types\/product"}],"wp:featuredmedia":[{"embeddable":true,"href":"https:\/\/maison-chance.org\/shop\/fr\/wp-json\/wp\/v2\/media\/36887"}],"wp:attachment":[{"href":"https:\/\/maison-chance.org\/shop\/fr\/wp-json\/wp\/v2\/media?parent=40524"}],"wp:term":[{"taxonomy":"product_brand","embeddable":true,"href":"https:\/\/maison-chance.org\/shop\/fr\/wp-json\/wp\/v2\/product_brand?post=40524"},{"taxonomy":"product_cat","embeddable":true,"href":"https:\/\/maison-chance.org\/shop\/fr\/wp-json\/wp\/v2\/product_cat?post=40524"},{"taxonomy":"product_tag","embeddable":true,"href":"https:\/\/maison-chance.org\/shop\/fr\/wp-json\/wp\/v2\/product_tag?post=40524"}],"curies":[{"name":"wp","href":"https:\/\/api.w.org\/{rel}","templated":true}]}}