{"id":40532,"date":"2024-09-30T07:08:47","date_gmt":"2024-09-30T00:08:47","guid":{"rendered":"https:\/\/maison-chance.org\/shop\/san-pham\/buffle-2"},"modified":"2024-11-25T15:28:11","modified_gmt":"2024-11-25T08:28:11","slug":"buffle-2","status":"publish","type":"product","link":"https:\/\/maison-chance.org\/shop\/fr\/produit\/buffle-2","title":{"rendered":"Buffle"},"content":{"rendered":"<p style=\"text-align: justify;\">Vous n&rsquo;avez probablement jamais pens\u00e9 qu&rsquo;un petit porte-cl\u00e9s pourrait contenir une telle force et une telle signification ! Le porte-cl\u00e9s en peluche en forme de buffle n&rsquo;est pas seulement un objet d\u00e9coratif, mais un symbole de pers\u00e9v\u00e9rance, de force et de d\u00e9termination. Avec son design adorable mais puissant, ce porte-cl\u00e9s deviendra votre compagnon id\u00e9al dans toutes les situations !<\/p>\n<p style=\"text-align: justify;\">Dans la culture orientale, le buffle est un symbole de travail acharn\u00e9 et d&rsquo;endurance. Le buffle est toujours associ\u00e9 aux vastes champs, o\u00f9 il travaille diligemment pour apporter abondance et prosp\u00e9rit\u00e9. Un porte-cl\u00e9s en forme de buffle n&rsquo;apporte pas seulement la paix, mais vous inspire \u00e0 rester ferme et \u00e0 surmonter toutes les difficult\u00e9s, tout comme le buffle avance avec confiance sur son chemin.<\/p>\n<p style=\"text-align: justify;\">Le porte-cl\u00e9s en forme de buffle est fabriqu\u00e9 \u00e0 partir de tissu fait main, contenant non seulement un savoir-faire minutieux, mais aussi l&rsquo;essence de la culture traditionnelle. Chaque d\u00e9tail du motif est soigneusement brod\u00e9, cr\u00e9ant une harmonie entre tradition et modernit\u00e9, entre la force et la douceur du buffle. Cela transforme chaque porte-cl\u00e9s en une petite \u0153uvre d&rsquo;art pleine de signification.<\/p>\n<p style=\"text-align: justify;\">Vous cherchez un cadeau significatif ? Le porte-cl\u00e9s en peluche en forme de buffle est le choix parfait ! C&rsquo;est un excellent cadeau pour des amis et des membres de la famille lors d&rsquo;occasions sp\u00e9ciales. Chaque porte-cl\u00e9s apporte non seulement de la chance, mais aussi un v\u0153u pour une vie paisible et r\u00e9ussie, toujours pers\u00e9v\u00e9rante et forte, comme le buffle dans les champs. Ce porte-cl\u00e9s refl\u00e8te \u00e9galement le style personnel de son propri\u00e9taire \u2013 dynamique, jeune, mais avec une grande profondeur.<\/p>\n<p style=\"text-align: justify;\">Maison Chance vous invite chaleureusement \u00e0 soutenir les artisans handicap\u00e9s en poss\u00e9dant un porte-cl\u00e9s en peluche en forme de buffle.<\/p>\n<p style=\"text-align: justify;\">Avec chaque produit vendu, <a href=\"https:\/\/maison-chance.org\/shop\">Maison Chance<\/a> re\u00e7oit des fonds suppl\u00e9mentaires pour maintenir ses activit\u00e9s et soutenir les artisans handicap\u00e9s dans leur qu\u00eate d&rsquo;une vie meilleure.<\/p>\n","protected":false},"excerpt":{"rendered":"<p style=\"text-align: justify;\">Les produits fabriqu\u00e9s \u00e0 la main par des personnes handicap\u00e9es d\u00e9favoris\u00e9es sollicitent aimablement votre soutien.<\/p>\n<p>Mat\u00e9riau : Tissu brocart<\/p>\n<p>Code : MK02TC<\/p>\n<p>Hotline : <span style=\"font-size: 20px;\"><strong><span style=\"color: #ff0000;\">0909 06 25 28<\/span><\/strong><\/span><\/p>\n<p style=\"text-align: justify;\">Si vous \u00eates au Vietnam, veuillez nous contacter via la hotline ou la page fan de l&rsquo;entreprise Maison Chance pour conna\u00eetre le prix au Vietnam.<\/p>\n","protected":false},"featured_media":37344,"template":"","meta":[],"product_brand":[],"product_cat":[231,240],"product_tag":[],"class_list":{"0":"post-40532","1":"product","2":"type-product","3":"status-publish","4":"has-post-thumbnail","6":"product_cat-atelier-de-couture","7":"product_cat-porte-cles-en-peluche-atelier-de-couture","9":"first","10":"instock","11":"shipping-taxable","12":"purchasable","13":"product-type-simple"},"yoast_head":"<!-- This site is optimized with the Yoast SEO Premium plugin v22.7 (Yoast SEO v25.3.1) - https:\/\/yoast.com\/wordpress\/plugins\/seo\/ -->\n<title>Buffle - porte-cl\u00e9s en peluche - Nh\u00e0 May M\u1eafn - Maison Chance<\/title>\n<meta name=\"description\" content=\"Le porte-cl\u00e9s buffle est m\u00e9ticuleusement fabriqu\u00e9 \u00e0 la main par les mains habiles des travailleurs handicap\u00e9s de Maison Chance. Le tissu brocart durable et beau est s\u00fbr\" \/>\n<meta name=\"robots\" content=\"index, follow, max-snippet:-1, max-image-preview:large, max-video-preview:-1\" \/>\n<link rel=\"canonical\" href=\"https:\/\/maison-chance.org\/shop\/fr\/produit\/buffle-2\" \/>\n<meta property=\"og:locale\" content=\"fr_FR\" \/>\n<meta property=\"og:type\" content=\"article\" \/>\n<meta property=\"og:title\" content=\"Buffle\" \/>\n<meta property=\"og:description\" content=\"Le porte-cl\u00e9s buffle est m\u00e9ticuleusement fabriqu\u00e9 \u00e0 la main par les mains habiles des travailleurs handicap\u00e9s de Maison Chance. Le tissu brocart durable et beau est s\u00fbr\" \/>\n<meta property=\"og:url\" content=\"https:\/\/maison-chance.org\/shop\/fr\/produit\/buffle-2\" \/>\n<meta property=\"og:site_name\" content=\"Nh\u00e0 May M\u1eafn - Maison Chance\" \/>\n<meta property=\"article:publisher\" content=\"https:\/\/www.facebook.com\/dnxh.nhamayman\/\" \/>\n<meta property=\"article:modified_time\" content=\"2024-11-25T08:28:11+00:00\" \/>\n<meta property=\"og:image\" content=\"https:\/\/maison-chance.org\/shop\/wp-content\/uploads\/2024\/04\/moc-khoa-hinh-con-trau-3.jpg\" \/>\n\t<meta property=\"og:image:width\" content=\"600\" \/>\n\t<meta property=\"og:image:height\" content=\"600\" \/>\n\t<meta property=\"og:image:type\" content=\"image\/jpeg\" \/>\n<meta name=\"twitter:card\" content=\"summary_large_image\" \/>\n<meta name=\"twitter:label1\" content=\"Prix\" \/>\n\t<meta name=\"twitter:data1\" content=\"&euro;1.93\" \/>\n\t<meta name=\"twitter:label2\" content=\"Disponibilit\u00e9\" \/>\n\t<meta name=\"twitter:data2\" content=\"En stock\" \/>\n<script type=\"application\/ld+json\" class=\"yoast-schema-graph\">{\"@context\":\"https:\/\/schema.org\",\"@graph\":[{\"@type\":\"WebPage\",\"@id\":\"https:\/\/maison-chance.org\/shop\/fr\/produit\/buffle-2\",\"url\":\"https:\/\/maison-chance.org\/shop\/fr\/produit\/buffle-2\",\"name\":\"Buffle - porte-cl\u00e9s en peluche - Nh\u00e0 May M\u1eafn - Maison Chance\",\"isPartOf\":{\"@id\":\"https:\/\/maison-chance.org\/shop\/fr#website\"},\"primaryImageOfPage\":{\"@id\":\"https:\/\/maison-chance.org\/shop\/fr\/produit\/buffle-2#primaryimage\"},\"image\":{\"@id\":\"https:\/\/maison-chance.org\/shop\/fr\/produit\/buffle-2#primaryimage\"},\"thumbnailUrl\":\"https:\/\/maison-chance.org\/shop\/wp-content\/uploads\/2024\/04\/moc-khoa-hinh-con-trau-3.jpg\",\"datePublished\":\"2024-09-30T00:08:47+00:00\",\"dateModified\":\"2024-11-25T08:28:11+00:00\",\"description\":\"Le porte-cl\u00e9s buffle est m\u00e9ticuleusement fabriqu\u00e9 \u00e0 la main par les mains habiles des travailleurs handicap\u00e9s de Maison Chance. Le tissu brocart durable et beau est s\u00fbr\",\"breadcrumb\":{\"@id\":\"https:\/\/maison-chance.org\/shop\/fr\/produit\/buffle-2#breadcrumb\"},\"inLanguage\":\"fr-FR\",\"potentialAction\":[{\"@type\":\"ReadAction\",\"target\":[\"https:\/\/maison-chance.org\/shop\/fr\/produit\/buffle-2\"]}]},{\"@type\":\"ImageObject\",\"inLanguage\":\"fr-FR\",\"@id\":\"https:\/\/maison-chance.org\/shop\/fr\/produit\/buffle-2#primaryimage\",\"url\":\"https:\/\/maison-chance.org\/shop\/wp-content\/uploads\/2024\/04\/moc-khoa-hinh-con-trau-3.jpg\",\"contentUrl\":\"https:\/\/maison-chance.org\/shop\/wp-content\/uploads\/2024\/04\/moc-khoa-hinh-con-trau-3.jpg\",\"width\":600,\"height\":600,\"caption\":\"Porte-cl\u00e9s en forme de Buffle\"},{\"@type\":\"BreadcrumbList\",\"@id\":\"https:\/\/maison-chance.org\/shop\/fr\/produit\/buffle-2#breadcrumb\",\"itemListElement\":[{\"@type\":\"ListItem\",\"position\":1,\"name\":\"Trang ch\u1ee7\",\"item\":\"https:\/\/maison-chance.org\/shop\/fr\"},{\"@type\":\"ListItem\",\"position\":2,\"name\":\"Boutique\",\"item\":\"https:\/\/maison-chance.org\/shop\/shop\"},{\"@type\":\"ListItem\",\"position\":3,\"name\":\"Buffle\"}]},{\"@type\":\"WebSite\",\"@id\":\"https:\/\/maison-chance.org\/shop\/fr#website\",\"url\":\"https:\/\/maison-chance.org\/shop\/fr\",\"name\":\"Nh\u00e0 May M\u1eafn - Maison Chance\",\"description\":\"M\u1ecdi l\u1ee3i nhu\u1eadn thu v\u1ec1 t\u1eeb vi\u1ec7c b\u00e1n h\u00e0ng s\u1ebd tr\u00edch m\u1ed9t ph\u1ea7n \u0111\u1ec3 ch\u0103m lo cho \u0111\u1eddi s\u1ed1ng c\u00e1c b\u1ea1n khuy\u1ebft t\u1eadt v\u00e0 tr\u1ebb m\u1ed3 c\u00f4i \u1edf \u0111\u00e2y\",\"publisher\":{\"@id\":\"https:\/\/maison-chance.org\/shop\/fr#organization\"},\"potentialAction\":[{\"@type\":\"SearchAction\",\"target\":{\"@type\":\"EntryPoint\",\"urlTemplate\":\"https:\/\/maison-chance.org\/shop\/fr?s={search_term_string}\"},\"query-input\":{\"@type\":\"PropertyValueSpecification\",\"valueRequired\":true,\"valueName\":\"search_term_string\"}}],\"inLanguage\":\"fr-FR\"},{\"@type\":\"Organization\",\"@id\":\"https:\/\/maison-chance.org\/shop\/fr#organization\",\"name\":\"Nh\u00e0 May M\u1eafn - Maison Chance\",\"url\":\"https:\/\/maison-chance.org\/shop\/fr\",\"logo\":{\"@type\":\"ImageObject\",\"inLanguage\":\"fr-FR\",\"@id\":\"https:\/\/maison-chance.org\/shop\/fr#\/schema\/logo\/image\/\",\"url\":\"https:\/\/maison-chance.org\/shop\/wp-content\/uploads\/2024\/03\/cropped-Logo_DNXH.png\",\"contentUrl\":\"https:\/\/maison-chance.org\/shop\/wp-content\/uploads\/2024\/03\/cropped-Logo_DNXH.png\",\"width\":512,\"height\":512,\"caption\":\"Nh\u00e0 May M\u1eafn - Maison Chance\"},\"image\":{\"@id\":\"https:\/\/maison-chance.org\/shop\/fr#\/schema\/logo\/image\/\"},\"sameAs\":[\"https:\/\/www.facebook.com\/dnxh.nhamayman\/\"]}]}<\/script>\n<meta property=\"product:price:amount\" content=\"1.93\" \/>\n<meta property=\"product:price:currency\" content=\"EUR\" \/>\n<meta property=\"og:availability\" content=\"instock\" \/>\n<meta property=\"product:availability\" content=\"instock\" \/>\n<meta property=\"product:condition\" content=\"new\" \/>\n<!-- \/ Yoast SEO Premium plugin. -->","yoast_head_json":{"title":"Buffle - porte-cl\u00e9s en peluche - Nh\u00e0 May M\u1eafn - Maison Chance","description":"Le porte-cl\u00e9s buffle est m\u00e9ticuleusement fabriqu\u00e9 \u00e0 la main par les mains habiles des travailleurs handicap\u00e9s de Maison Chance. Le tissu brocart durable et beau est s\u00fbr","robots":{"index":"index","follow":"follow","max-snippet":"max-snippet:-1","max-image-preview":"max-image-preview:large","max-video-preview":"max-video-preview:-1"},"canonical":"https:\/\/maison-chance.org\/shop\/fr\/produit\/buffle-2","og_locale":"fr_FR","og_type":"article","og_title":"Buffle","og_description":"Le porte-cl\u00e9s buffle est m\u00e9ticuleusement fabriqu\u00e9 \u00e0 la main par les mains habiles des travailleurs handicap\u00e9s de Maison Chance. Le tissu brocart durable et beau est s\u00fbr","og_url":"https:\/\/maison-chance.org\/shop\/fr\/produit\/buffle-2","og_site_name":"Nh\u00e0 May M\u1eafn - Maison Chance","article_publisher":"https:\/\/www.facebook.com\/dnxh.nhamayman\/","article_modified_time":"2024-11-25T08:28:11+00:00","og_image":[{"width":600,"height":600,"url":"https:\/\/maison-chance.org\/shop\/wp-content\/uploads\/2024\/04\/moc-khoa-hinh-con-trau-3.jpg","type":"image\/jpeg"}],"twitter_card":"summary_large_image","twitter_misc":{"Prix":"&euro;1.93","Disponibilit\u00e9":"En stock"},"schema":{"@context":"https:\/\/schema.org","@graph":[{"@type":"WebPage","@id":"https:\/\/maison-chance.org\/shop\/fr\/produit\/buffle-2","url":"https:\/\/maison-chance.org\/shop\/fr\/produit\/buffle-2","name":"Buffle - porte-cl\u00e9s en peluche - Nh\u00e0 May M\u1eafn - Maison Chance","isPartOf":{"@id":"https:\/\/maison-chance.org\/shop\/fr#website"},"primaryImageOfPage":{"@id":"https:\/\/maison-chance.org\/shop\/fr\/produit\/buffle-2#primaryimage"},"image":{"@id":"https:\/\/maison-chance.org\/shop\/fr\/produit\/buffle-2#primaryimage"},"thumbnailUrl":"https:\/\/maison-chance.org\/shop\/wp-content\/uploads\/2024\/04\/moc-khoa-hinh-con-trau-3.jpg","datePublished":"2024-09-30T00:08:47+00:00","dateModified":"2024-11-25T08:28:11+00:00","description":"Le porte-cl\u00e9s buffle est m\u00e9ticuleusement fabriqu\u00e9 \u00e0 la main par les mains habiles des travailleurs handicap\u00e9s de Maison Chance. Le tissu brocart durable et beau est s\u00fbr","breadcrumb":{"@id":"https:\/\/maison-chance.org\/shop\/fr\/produit\/buffle-2#breadcrumb"},"inLanguage":"fr-FR","potentialAction":[{"@type":"ReadAction","target":["https:\/\/maison-chance.org\/shop\/fr\/produit\/buffle-2"]}]},{"@type":"ImageObject","inLanguage":"fr-FR","@id":"https:\/\/maison-chance.org\/shop\/fr\/produit\/buffle-2#primaryimage","url":"https:\/\/maison-chance.org\/shop\/wp-content\/uploads\/2024\/04\/moc-khoa-hinh-con-trau-3.jpg","contentUrl":"https:\/\/maison-chance.org\/shop\/wp-content\/uploads\/2024\/04\/moc-khoa-hinh-con-trau-3.jpg","width":600,"height":600,"caption":"Porte-cl\u00e9s en forme de Buffle"},{"@type":"BreadcrumbList","@id":"https:\/\/maison-chance.org\/shop\/fr\/produit\/buffle-2#breadcrumb","itemListElement":[{"@type":"ListItem","position":1,"name":"Trang ch\u1ee7","item":"https:\/\/maison-chance.org\/shop\/fr"},{"@type":"ListItem","position":2,"name":"Boutique","item":"https:\/\/maison-chance.org\/shop\/shop"},{"@type":"ListItem","position":3,"name":"Buffle"}]},{"@type":"WebSite","@id":"https:\/\/maison-chance.org\/shop\/fr#website","url":"https:\/\/maison-chance.org\/shop\/fr","name":"Nh\u00e0 May M\u1eafn - Maison Chance","description":"M\u1ecdi l\u1ee3i nhu\u1eadn thu v\u1ec1 t\u1eeb vi\u1ec7c b\u00e1n h\u00e0ng s\u1ebd tr\u00edch m\u1ed9t ph\u1ea7n \u0111\u1ec3 ch\u0103m lo cho \u0111\u1eddi s\u1ed1ng c\u00e1c b\u1ea1n khuy\u1ebft t\u1eadt v\u00e0 tr\u1ebb m\u1ed3 c\u00f4i \u1edf \u0111\u00e2y","publisher":{"@id":"https:\/\/maison-chance.org\/shop\/fr#organization"},"potentialAction":[{"@type":"SearchAction","target":{"@type":"EntryPoint","urlTemplate":"https:\/\/maison-chance.org\/shop\/fr?s={search_term_string}"},"query-input":{"@type":"PropertyValueSpecification","valueRequired":true,"valueName":"search_term_string"}}],"inLanguage":"fr-FR"},{"@type":"Organization","@id":"https:\/\/maison-chance.org\/shop\/fr#organization","name":"Nh\u00e0 May M\u1eafn - Maison Chance","url":"https:\/\/maison-chance.org\/shop\/fr","logo":{"@type":"ImageObject","inLanguage":"fr-FR","@id":"https:\/\/maison-chance.org\/shop\/fr#\/schema\/logo\/image\/","url":"https:\/\/maison-chance.org\/shop\/wp-content\/uploads\/2024\/03\/cropped-Logo_DNXH.png","contentUrl":"https:\/\/maison-chance.org\/shop\/wp-content\/uploads\/2024\/03\/cropped-Logo_DNXH.png","width":512,"height":512,"caption":"Nh\u00e0 May M\u1eafn - Maison Chance"},"image":{"@id":"https:\/\/maison-chance.org\/shop\/fr#\/schema\/logo\/image\/"},"sameAs":["https:\/\/www.facebook.com\/dnxh.nhamayman\/"]}]},"product_price_amount":"1.93","product_price_currency":"EUR","og_availability":"instock","product_availability":"instock","product_condition":"new"},"_links":{"self":[{"href":"https:\/\/maison-chance.org\/shop\/fr\/wp-json\/wp\/v2\/product\/40532","targetHints":{"allow":["GET"]}}],"collection":[{"href":"https:\/\/maison-chance.org\/shop\/fr\/wp-json\/wp\/v2\/product"}],"about":[{"href":"https:\/\/maison-chance.org\/shop\/fr\/wp-json\/wp\/v2\/types\/product"}],"wp:featuredmedia":[{"embeddable":true,"href":"https:\/\/maison-chance.org\/shop\/fr\/wp-json\/wp\/v2\/media\/37344"}],"wp:attachment":[{"href":"https:\/\/maison-chance.org\/shop\/fr\/wp-json\/wp\/v2\/media?parent=40532"}],"wp:term":[{"taxonomy":"product_brand","embeddable":true,"href":"https:\/\/maison-chance.org\/shop\/fr\/wp-json\/wp\/v2\/product_brand?post=40532"},{"taxonomy":"product_cat","embeddable":true,"href":"https:\/\/maison-chance.org\/shop\/fr\/wp-json\/wp\/v2\/product_cat?post=40532"},{"taxonomy":"product_tag","embeddable":true,"href":"https:\/\/maison-chance.org\/shop\/fr\/wp-json\/wp\/v2\/product_tag?post=40532"}],"curies":[{"name":"wp","href":"https:\/\/api.w.org\/{rel}","templated":true}]}}