{"id":40546,"date":"2024-10-01T07:00:23","date_gmt":"2024-10-01T00:00:23","guid":{"rendered":"https:\/\/maison-chance.org\/shop\/san-pham\/souris-3"},"modified":"2025-07-18T14:13:38","modified_gmt":"2025-07-18T07:13:38","slug":"souris-3","status":"publish","type":"product","link":"https:\/\/maison-chance.org\/shop\/fr\/produit\/souris-3","title":{"rendered":"Souris"},"content":{"rendered":"<p data-start=\"55\" data-end=\"420\">La marionnette en tissu brod\u00e9 en forme de souris apporte une \u00e9nergie joyeuse et vivante \u2014 parfaite pour les s\u00e9ances de conte, les spectacles ou les jeux interactifs avec les jeunes enfants. Avec ses grandes oreilles, son petit nez et son regard malin, cette petite souris devient facilement le personnage principal des histoires amusantes que vous inventez.<\/p>\n<p data-start=\"422\" data-end=\"817\">Le produit est enti\u00e8rement fabriqu\u00e9 \u00e0 la main \u00e0 partir de tissu brocart, avec chaque d\u00e9tail du visage cousu avec soin et pr\u00e9cision. Son format tient parfaitement en main, elle est douce, l\u00e9g\u00e8re, s\u00fbre pour les enfants et agr\u00e9able \u00e0 manipuler. Chaque souris est une version unique \u2014 aucune ne se ressemble \u2014 car chaque pi\u00e8ce est r\u00e9alis\u00e9e enti\u00e8rement \u00e0 la main, sans machine ni production en s\u00e9rie.<\/p>\n<p data-start=\"819\" data-end=\"975\">Bien plus qu\u2019un simple jouet, c\u2019est un petit \u00ab personnage \u00bb qui peut inspirer \u2014 en \u00e9veillant l\u2019imagination, la cr\u00e9ativit\u00e9 et de joyeux moments au quotidien.<\/p>\n<p data-start=\"977\" data-end=\"1163\" data-is-last-node=\"\" data-is-only-node=\"\">\ud83d\udce9 Le prix au Vietnam peut varier. Veuillez nous contacter pour plus d\u2019informations.<br data-start=\"1061\" data-end=\"1064\" \/><strong data-start=\"1064\" data-end=\"1077\">Hotline :<\/strong> 0909 06 25 28<br data-start=\"1091\" data-end=\"1094\" \/><strong data-start=\"1094\" data-end=\"1113\">Page Facebook :<\/strong> <em data-start=\"1114\" data-end=\"1163\" data-is-last-node=\"\">Maison Chance \u2013 Doanh Nghi\u1ec7p X\u00e3 H\u1ed9i Nh\u00e0 May M\u1eafn<\/em><\/p>\n","protected":false},"excerpt":{"rendered":"<p style=\"text-align: justify;\">Le produit est fabriqu\u00e9 \u00e0 la main par des amis handicap\u00e9s d\u00e9favoris\u00e9s, nous esp\u00e9rons sinc\u00e8rement recevoir le soutien de nos clients.<\/p>\n<p>Mat\u00e9riau : Tissu brocart<\/p>\n<p>Taille : 22 x 29<\/p>\n<p>Hotline : <span style=\"font-size: 20px;\"><strong><span style=\"color: #ff0000;\">090 906 2528<\/span><\/strong><\/span><\/p>\n<p style=\"text-align: justify;\">Si vous \u00eates au Vietnam, veuillez nous contacter via la hotline ou la page fan de l&rsquo;entreprise Maison Chance pour conna\u00eetre le prix au Vietnam.<\/p>\n","protected":false},"featured_media":40542,"template":"","meta":[],"product_brand":[],"product_cat":[231,237],"product_tag":[],"class_list":{"0":"post-40546","1":"product","2":"type-product","3":"status-publish","4":"has-post-thumbnail","6":"product_cat-atelier-de-couture","7":"product_cat-marionnettes-atelier-de-couture","9":"first","10":"instock","11":"shipping-taxable","12":"purchasable","13":"product-type-simple"},"yoast_head":"<!-- This site is optimized with the Yoast SEO Premium plugin v22.7 (Yoast SEO v25.3.1) - https:\/\/yoast.com\/wordpress\/plugins\/seo\/ -->\n<title>Souris- marionnette en tissu brocart - Nh\u00e0 May M\u1eafn - Maison Chance<\/title>\n<meta name=\"description\" content=\"Acheter une marionnette en tissu brocart en forme de souris n&#039;est pas seulement poss\u00e9der un jouet unique, mais aussi une fa\u00e7on pour vous de contribuer \u00e0 soutenir les couturiers handicap\u00e9s de Maison Chance\" \/>\n<meta name=\"robots\" content=\"index, follow, max-snippet:-1, max-image-preview:large, max-video-preview:-1\" \/>\n<link rel=\"canonical\" href=\"https:\/\/maison-chance.org\/shop\/fr\/produit\/souris-3\" \/>\n<meta property=\"og:locale\" content=\"fr_FR\" \/>\n<meta property=\"og:type\" content=\"article\" \/>\n<meta property=\"og:title\" content=\"Souris\" \/>\n<meta property=\"og:description\" content=\"Acheter une marionnette en tissu brocart en forme de souris n&#039;est pas seulement poss\u00e9der un jouet unique, mais aussi une fa\u00e7on pour vous de contribuer \u00e0 soutenir les couturiers handicap\u00e9s de Maison Chance\" \/>\n<meta property=\"og:url\" content=\"https:\/\/maison-chance.org\/shop\/fr\/produit\/souris-3\" \/>\n<meta property=\"og:site_name\" content=\"Nh\u00e0 May M\u1eafn - Maison Chance\" \/>\n<meta property=\"article:publisher\" content=\"https:\/\/www.facebook.com\/dnxh.nhamayman\/\" \/>\n<meta property=\"article:modified_time\" content=\"2025-07-18T07:13:38+00:00\" \/>\n<meta property=\"og:image\" content=\"https:\/\/maison-chance.org\/shop\/wp-content\/uploads\/2024\/10\/con-roi-chuot.jpg\" \/>\n\t<meta property=\"og:image:width\" content=\"600\" \/>\n\t<meta property=\"og:image:height\" content=\"600\" \/>\n\t<meta property=\"og:image:type\" content=\"image\/jpeg\" \/>\n<meta name=\"twitter:card\" content=\"summary_large_image\" \/>\n<meta name=\"twitter:label1\" content=\"Prix\" \/>\n\t<meta name=\"twitter:data1\" content=\"&euro;3.68\" \/>\n\t<meta name=\"twitter:label2\" content=\"Disponibilit\u00e9\" \/>\n\t<meta name=\"twitter:data2\" content=\"En stock\" \/>\n<script type=\"application\/ld+json\" class=\"yoast-schema-graph\">{\"@context\":\"https:\/\/schema.org\",\"@graph\":[{\"@type\":\"WebPage\",\"@id\":\"https:\/\/maison-chance.org\/shop\/fr\/produit\/souris-3\",\"url\":\"https:\/\/maison-chance.org\/shop\/fr\/produit\/souris-3\",\"name\":\"Souris- marionnette en tissu brocart - Nh\u00e0 May M\u1eafn - Maison Chance\",\"isPartOf\":{\"@id\":\"https:\/\/maison-chance.org\/shop\/fr#website\"},\"primaryImageOfPage\":{\"@id\":\"https:\/\/maison-chance.org\/shop\/fr\/produit\/souris-3#primaryimage\"},\"image\":{\"@id\":\"https:\/\/maison-chance.org\/shop\/fr\/produit\/souris-3#primaryimage\"},\"thumbnailUrl\":\"https:\/\/maison-chance.org\/shop\/wp-content\/uploads\/2024\/10\/con-roi-chuot.jpg\",\"datePublished\":\"2024-10-01T00:00:23+00:00\",\"dateModified\":\"2025-07-18T07:13:38+00:00\",\"description\":\"Acheter une marionnette en tissu brocart en forme de souris n'est pas seulement poss\u00e9der un jouet unique, mais aussi une fa\u00e7on pour vous de contribuer \u00e0 soutenir les couturiers handicap\u00e9s de Maison Chance\",\"breadcrumb\":{\"@id\":\"https:\/\/maison-chance.org\/shop\/fr\/produit\/souris-3#breadcrumb\"},\"inLanguage\":\"fr-FR\",\"potentialAction\":[{\"@type\":\"ReadAction\",\"target\":[\"https:\/\/maison-chance.org\/shop\/fr\/produit\/souris-3\"]}]},{\"@type\":\"ImageObject\",\"inLanguage\":\"fr-FR\",\"@id\":\"https:\/\/maison-chance.org\/shop\/fr\/produit\/souris-3#primaryimage\",\"url\":\"https:\/\/maison-chance.org\/shop\/wp-content\/uploads\/2024\/10\/con-roi-chuot.jpg\",\"contentUrl\":\"https:\/\/maison-chance.org\/shop\/wp-content\/uploads\/2024\/10\/con-roi-chuot.jpg\",\"width\":600,\"height\":600,\"caption\":\"Marionnette souris en tissu brocart\"},{\"@type\":\"BreadcrumbList\",\"@id\":\"https:\/\/maison-chance.org\/shop\/fr\/produit\/souris-3#breadcrumb\",\"itemListElement\":[{\"@type\":\"ListItem\",\"position\":1,\"name\":\"Trang ch\u1ee7\",\"item\":\"https:\/\/maison-chance.org\/shop\/fr\"},{\"@type\":\"ListItem\",\"position\":2,\"name\":\"Boutique\",\"item\":\"https:\/\/maison-chance.org\/shop\/shop\"},{\"@type\":\"ListItem\",\"position\":3,\"name\":\"Souris\"}]},{\"@type\":\"WebSite\",\"@id\":\"https:\/\/maison-chance.org\/shop\/fr#website\",\"url\":\"https:\/\/maison-chance.org\/shop\/fr\",\"name\":\"Nh\u00e0 May M\u1eafn - Maison Chance\",\"description\":\"M\u1ecdi l\u1ee3i nhu\u1eadn thu v\u1ec1 t\u1eeb vi\u1ec7c b\u00e1n h\u00e0ng s\u1ebd tr\u00edch m\u1ed9t ph\u1ea7n \u0111\u1ec3 ch\u0103m lo cho \u0111\u1eddi s\u1ed1ng c\u00e1c b\u1ea1n khuy\u1ebft t\u1eadt v\u00e0 tr\u1ebb m\u1ed3 c\u00f4i \u1edf \u0111\u00e2y\",\"publisher\":{\"@id\":\"https:\/\/maison-chance.org\/shop\/fr#organization\"},\"potentialAction\":[{\"@type\":\"SearchAction\",\"target\":{\"@type\":\"EntryPoint\",\"urlTemplate\":\"https:\/\/maison-chance.org\/shop\/fr?s={search_term_string}\"},\"query-input\":{\"@type\":\"PropertyValueSpecification\",\"valueRequired\":true,\"valueName\":\"search_term_string\"}}],\"inLanguage\":\"fr-FR\"},{\"@type\":\"Organization\",\"@id\":\"https:\/\/maison-chance.org\/shop\/fr#organization\",\"name\":\"Nh\u00e0 May M\u1eafn - Maison Chance\",\"url\":\"https:\/\/maison-chance.org\/shop\/fr\",\"logo\":{\"@type\":\"ImageObject\",\"inLanguage\":\"fr-FR\",\"@id\":\"https:\/\/maison-chance.org\/shop\/fr#\/schema\/logo\/image\/\",\"url\":\"https:\/\/maison-chance.org\/shop\/wp-content\/uploads\/2024\/03\/cropped-Logo_DNXH.png\",\"contentUrl\":\"https:\/\/maison-chance.org\/shop\/wp-content\/uploads\/2024\/03\/cropped-Logo_DNXH.png\",\"width\":512,\"height\":512,\"caption\":\"Nh\u00e0 May M\u1eafn - Maison Chance\"},\"image\":{\"@id\":\"https:\/\/maison-chance.org\/shop\/fr#\/schema\/logo\/image\/\"},\"sameAs\":[\"https:\/\/www.facebook.com\/dnxh.nhamayman\/\"]}]}<\/script>\n<meta property=\"product:price:amount\" content=\"3.68\" \/>\n<meta property=\"product:price:currency\" content=\"EUR\" \/>\n<meta property=\"og:availability\" content=\"instock\" \/>\n<meta property=\"product:availability\" content=\"instock\" \/>\n<meta property=\"product:condition\" content=\"new\" \/>\n<!-- \/ Yoast SEO Premium plugin. -->","yoast_head_json":{"title":"Souris- marionnette en tissu brocart - Nh\u00e0 May M\u1eafn - Maison Chance","description":"Acheter une marionnette en tissu brocart en forme de souris n'est pas seulement poss\u00e9der un jouet unique, mais aussi une fa\u00e7on pour vous de contribuer \u00e0 soutenir les couturiers handicap\u00e9s de Maison Chance","robots":{"index":"index","follow":"follow","max-snippet":"max-snippet:-1","max-image-preview":"max-image-preview:large","max-video-preview":"max-video-preview:-1"},"canonical":"https:\/\/maison-chance.org\/shop\/fr\/produit\/souris-3","og_locale":"fr_FR","og_type":"article","og_title":"Souris","og_description":"Acheter une marionnette en tissu brocart en forme de souris n'est pas seulement poss\u00e9der un jouet unique, mais aussi une fa\u00e7on pour vous de contribuer \u00e0 soutenir les couturiers handicap\u00e9s de Maison Chance","og_url":"https:\/\/maison-chance.org\/shop\/fr\/produit\/souris-3","og_site_name":"Nh\u00e0 May M\u1eafn - Maison Chance","article_publisher":"https:\/\/www.facebook.com\/dnxh.nhamayman\/","article_modified_time":"2025-07-18T07:13:38+00:00","og_image":[{"width":600,"height":600,"url":"https:\/\/maison-chance.org\/shop\/wp-content\/uploads\/2024\/10\/con-roi-chuot.jpg","type":"image\/jpeg"}],"twitter_card":"summary_large_image","twitter_misc":{"Prix":"&euro;3.68","Disponibilit\u00e9":"En stock"},"schema":{"@context":"https:\/\/schema.org","@graph":[{"@type":"WebPage","@id":"https:\/\/maison-chance.org\/shop\/fr\/produit\/souris-3","url":"https:\/\/maison-chance.org\/shop\/fr\/produit\/souris-3","name":"Souris- marionnette en tissu brocart - Nh\u00e0 May M\u1eafn - Maison Chance","isPartOf":{"@id":"https:\/\/maison-chance.org\/shop\/fr#website"},"primaryImageOfPage":{"@id":"https:\/\/maison-chance.org\/shop\/fr\/produit\/souris-3#primaryimage"},"image":{"@id":"https:\/\/maison-chance.org\/shop\/fr\/produit\/souris-3#primaryimage"},"thumbnailUrl":"https:\/\/maison-chance.org\/shop\/wp-content\/uploads\/2024\/10\/con-roi-chuot.jpg","datePublished":"2024-10-01T00:00:23+00:00","dateModified":"2025-07-18T07:13:38+00:00","description":"Acheter une marionnette en tissu brocart en forme de souris n'est pas seulement poss\u00e9der un jouet unique, mais aussi une fa\u00e7on pour vous de contribuer \u00e0 soutenir les couturiers handicap\u00e9s de Maison Chance","breadcrumb":{"@id":"https:\/\/maison-chance.org\/shop\/fr\/produit\/souris-3#breadcrumb"},"inLanguage":"fr-FR","potentialAction":[{"@type":"ReadAction","target":["https:\/\/maison-chance.org\/shop\/fr\/produit\/souris-3"]}]},{"@type":"ImageObject","inLanguage":"fr-FR","@id":"https:\/\/maison-chance.org\/shop\/fr\/produit\/souris-3#primaryimage","url":"https:\/\/maison-chance.org\/shop\/wp-content\/uploads\/2024\/10\/con-roi-chuot.jpg","contentUrl":"https:\/\/maison-chance.org\/shop\/wp-content\/uploads\/2024\/10\/con-roi-chuot.jpg","width":600,"height":600,"caption":"Marionnette souris en tissu brocart"},{"@type":"BreadcrumbList","@id":"https:\/\/maison-chance.org\/shop\/fr\/produit\/souris-3#breadcrumb","itemListElement":[{"@type":"ListItem","position":1,"name":"Trang ch\u1ee7","item":"https:\/\/maison-chance.org\/shop\/fr"},{"@type":"ListItem","position":2,"name":"Boutique","item":"https:\/\/maison-chance.org\/shop\/shop"},{"@type":"ListItem","position":3,"name":"Souris"}]},{"@type":"WebSite","@id":"https:\/\/maison-chance.org\/shop\/fr#website","url":"https:\/\/maison-chance.org\/shop\/fr","name":"Nh\u00e0 May M\u1eafn - Maison Chance","description":"M\u1ecdi l\u1ee3i nhu\u1eadn thu v\u1ec1 t\u1eeb vi\u1ec7c b\u00e1n h\u00e0ng s\u1ebd tr\u00edch m\u1ed9t ph\u1ea7n \u0111\u1ec3 ch\u0103m lo cho \u0111\u1eddi s\u1ed1ng c\u00e1c b\u1ea1n khuy\u1ebft t\u1eadt v\u00e0 tr\u1ebb m\u1ed3 c\u00f4i \u1edf \u0111\u00e2y","publisher":{"@id":"https:\/\/maison-chance.org\/shop\/fr#organization"},"potentialAction":[{"@type":"SearchAction","target":{"@type":"EntryPoint","urlTemplate":"https:\/\/maison-chance.org\/shop\/fr?s={search_term_string}"},"query-input":{"@type":"PropertyValueSpecification","valueRequired":true,"valueName":"search_term_string"}}],"inLanguage":"fr-FR"},{"@type":"Organization","@id":"https:\/\/maison-chance.org\/shop\/fr#organization","name":"Nh\u00e0 May M\u1eafn - Maison Chance","url":"https:\/\/maison-chance.org\/shop\/fr","logo":{"@type":"ImageObject","inLanguage":"fr-FR","@id":"https:\/\/maison-chance.org\/shop\/fr#\/schema\/logo\/image\/","url":"https:\/\/maison-chance.org\/shop\/wp-content\/uploads\/2024\/03\/cropped-Logo_DNXH.png","contentUrl":"https:\/\/maison-chance.org\/shop\/wp-content\/uploads\/2024\/03\/cropped-Logo_DNXH.png","width":512,"height":512,"caption":"Nh\u00e0 May M\u1eafn - Maison Chance"},"image":{"@id":"https:\/\/maison-chance.org\/shop\/fr#\/schema\/logo\/image\/"},"sameAs":["https:\/\/www.facebook.com\/dnxh.nhamayman\/"]}]},"product_price_amount":"3.68","product_price_currency":"EUR","og_availability":"instock","product_availability":"instock","product_condition":"new"},"_links":{"self":[{"href":"https:\/\/maison-chance.org\/shop\/fr\/wp-json\/wp\/v2\/product\/40546","targetHints":{"allow":["GET"]}}],"collection":[{"href":"https:\/\/maison-chance.org\/shop\/fr\/wp-json\/wp\/v2\/product"}],"about":[{"href":"https:\/\/maison-chance.org\/shop\/fr\/wp-json\/wp\/v2\/types\/product"}],"wp:featuredmedia":[{"embeddable":true,"href":"https:\/\/maison-chance.org\/shop\/fr\/wp-json\/wp\/v2\/media\/40542"}],"wp:attachment":[{"href":"https:\/\/maison-chance.org\/shop\/fr\/wp-json\/wp\/v2\/media?parent=40546"}],"wp:term":[{"taxonomy":"product_brand","embeddable":true,"href":"https:\/\/maison-chance.org\/shop\/fr\/wp-json\/wp\/v2\/product_brand?post=40546"},{"taxonomy":"product_cat","embeddable":true,"href":"https:\/\/maison-chance.org\/shop\/fr\/wp-json\/wp\/v2\/product_cat?post=40546"},{"taxonomy":"product_tag","embeddable":true,"href":"https:\/\/maison-chance.org\/shop\/fr\/wp-json\/wp\/v2\/product_tag?post=40546"}],"curies":[{"name":"wp","href":"https:\/\/api.w.org\/{rel}","templated":true}]}}