{"id":40577,"date":"2024-09-01T07:00:32","date_gmt":"2024-09-01T00:00:32","guid":{"rendered":"https:\/\/maison-chance.org\/shop\/san-pham\/support-de-telephone-cochon"},"modified":"2024-12-18T13:27:46","modified_gmt":"2024-12-18T06:27:46","slug":"support-de-telephone-cochon","status":"publish","type":"product","link":"https:\/\/maison-chance.org\/shop\/fr\/produit\/support-de-telephone-cochon","title":{"rendered":"Support de t\u00e9l\u00e9phone cochon"},"content":{"rendered":"<p style=\"text-align: justify;\">Le produit \u00ab\u00a0cochon porte-t\u00e9l\u00e9phone\u00a0\u00bb de Maison Chance n&rsquo;est pas seulement un objet d\u00e9coratif unique, mais aussi une solution pratique pour la vie quotidienne. Fabriqu\u00e9 \u00e0 partir de tissu brocart traditionnel, ce produit porte en lui une profonde valeur culturelle et la cr\u00e9ativit\u00e9 de tailleurs qualifi\u00e9s.<\/p>\n<p style=\"text-align: justify;\">Tissu brocart : Tiss\u00e9 \u00e0 partir de fils de haute qualit\u00e9, le tissu brocart n&rsquo;est pas seulement durable, mais se distingue \u00e9galement par ses motifs complexes et ses couleurs vives. Chaque produit animal en peluche de Maison Chance poss\u00e8de sa propre beaut\u00e9 unique, mettant en valeur le savoir-faire et le d\u00e9vouement des couturiers.<\/p>\n<p style=\"text-align: justify;\">Forme mignonne : Avec son design de cochon adorable, le produit attire non seulement le regard, mais apporte aussi un sentiment de familiarit\u00e9 et de convivialit\u00e9. Cette forme aide \u00e9galement \u00e0 cr\u00e9er un point focal dans les espaces de vie, apportant joie et cr\u00e9ativit\u00e9 aux bureaux ou tables d&rsquo;\u00e9tude.<\/p>\n<p style=\"text-align: justify;\">Le produit mesure 11 \u00d7 15 cm, adapt\u00e9 pour \u00eatre plac\u00e9 sur n&rsquo;importe quelle surface. Cette taille permet non seulement de tenir le t\u00e9l\u00e9phone en toute s\u00e9curit\u00e9, mais aussi d&rsquo;\u00e9conomiser de l&rsquo;espace, gardant la zone ordonn\u00e9e.<\/p>\n<p style=\"text-align: justify;\">Le \u00ab\u00a0cochon porte-t\u00e9l\u00e9phone\u00a0\u00bb n&rsquo;est pas seulement un simple animal en peluche en brocart ou un objet d\u00e9coratif, mais aussi un support de t\u00e9l\u00e9phone pratique. Le produit aide les utilisateurs \u00e0 garder facilement leur t\u00e9l\u00e9phone en s\u00e9curit\u00e9.<\/p>\n<p style=\"text-align: justify;\">Ce produit n&rsquo;apporte pas seulement une valeur pratique, mais est aussi un symbole de soutien aux tailleurs handicap\u00e9s. Chaque produit de <a href=\"https:\/\/maison-chance.org\/shop\">Maison Chance<\/a> contient la passion et l&rsquo;effort de ses cr\u00e9ateurs, contribuant \u00e0 sensibiliser sur l&rsquo;artisanat et \u00e0 pr\u00e9server la culture traditionnelle.<\/p>\n","protected":false},"excerpt":{"rendered":"<p style=\"text-align: justify;\">Ce produit est fabriqu\u00e9 \u00e0 la main par des personnes handicap\u00e9es d\u00e9favoris\u00e9es, et nous vous demandons gentiment votre soutien.<\/p>\n<p>Mat\u00e9riau : Tissu brocart<\/p>\n<p>Code : TC37TB<\/p>\n<p>Hotline : <span style=\"font-size: 20px;\"><strong><span style=\"color: #ff0000;\">0909 06 25 28<\/span><\/strong><\/span><\/p>\n<p style=\"text-align: justify;\">Si vous \u00eates au Vietnam, veuillez nous contacter via la hotline ou la page fan de l&rsquo;entreprise Maison Chance pour conna\u00eetre le prix de vente au Vietnam.<\/p>\n<p>Tarifs de livraison internationale \u00e0 titre de r\u00e9f\u00e9rence :<\/p>\n<table>\n<thead>\n<tr>\n<th>KG<\/th>\n<th>Europe<\/th>\n<th>Am\u00e9riques<\/th>\n<th>Asie<\/th>\n<\/tr>\n<\/thead>\n<tbody>\n<tr>\n<td>0.5<\/td>\n<td>53\u20ac<\/td>\n<td>70\u20ac<\/td>\n<td>42\u20ac<\/td>\n<\/tr>\n<tr>\n<td>1.0<\/td>\n<td>64\u20ac<\/td>\n<td>85\u20ac<\/td>\n<td>51\u20ac<\/td>\n<\/tr>\n<tr>\n<td>1.5<\/td>\n<td>78\u20ac<\/td>\n<td>101\u20ac<\/td>\n<td>59\u20ac<\/td>\n<\/tr>\n<tr>\n<td>2.0<\/td>\n<td>90\u20ac<\/td>\n<td>119\u20ac<\/td>\n<td>67\u20ac<\/td>\n<\/tr>\n<\/tbody>\n<\/table>\n","protected":false},"featured_media":37015,"template":"","meta":[],"product_brand":[],"product_cat":[243,231],"product_tag":[],"class_list":{"0":"post-40577","1":"product","2":"type-product","3":"status-publish","4":"has-post-thumbnail","6":"product_cat-animal-en-peluche","7":"product_cat-atelier-de-couture","9":"first","10":"instock","11":"shipping-taxable","12":"purchasable","13":"product-type-simple"},"yoast_head":"<!-- This site is optimized with the Yoast SEO Premium plugin v22.7 (Yoast SEO v25.3.1) - https:\/\/yoast.com\/wordpress\/plugins\/seo\/ -->\n<title>Support de t\u00e9l\u00e9phone cochon - animal en peluche en brocart - Nh\u00e0 May M\u1eafn - Maison Chance<\/title>\n<meta name=\"description\" content=\"Le &quot;support de t\u00e9l\u00e9phone cochon&quot; n&#039;est pas seulement un simple animal en peluche en brocart ou un objet d\u00e9coratif, mais aussi un support de t\u00e9l\u00e9phone pratique.\" \/>\n<meta name=\"robots\" content=\"index, follow, max-snippet:-1, max-image-preview:large, max-video-preview:-1\" \/>\n<link rel=\"canonical\" href=\"https:\/\/maison-chance.org\/shop\/fr\/produit\/support-de-telephone-cochon\" \/>\n<meta property=\"og:locale\" content=\"fr_FR\" \/>\n<meta property=\"og:type\" content=\"article\" \/>\n<meta property=\"og:title\" content=\"Support de t\u00e9l\u00e9phone cochon\" \/>\n<meta property=\"og:description\" content=\"Le &quot;support de t\u00e9l\u00e9phone cochon&quot; n&#039;est pas seulement un simple animal en peluche en brocart ou un objet d\u00e9coratif, mais aussi un support de t\u00e9l\u00e9phone pratique.\" \/>\n<meta property=\"og:url\" content=\"https:\/\/maison-chance.org\/shop\/fr\/produit\/support-de-telephone-cochon\" \/>\n<meta property=\"og:site_name\" content=\"Nh\u00e0 May M\u1eafn - Maison Chance\" \/>\n<meta property=\"article:publisher\" content=\"https:\/\/www.facebook.com\/dnxh.nhamayman\/\" \/>\n<meta property=\"article:modified_time\" content=\"2024-12-18T06:27:46+00:00\" \/>\n<meta property=\"og:image\" content=\"https:\/\/maison-chance.org\/shop\/wp-content\/uploads\/2024\/04\/con-heo-de-dien-thoai-07-1.png\" \/>\n\t<meta property=\"og:image:width\" content=\"600\" \/>\n\t<meta property=\"og:image:height\" content=\"600\" \/>\n\t<meta property=\"og:image:type\" content=\"image\/png\" \/>\n<meta name=\"twitter:card\" content=\"summary_large_image\" \/>\n<meta name=\"twitter:label1\" content=\"Prix\" \/>\n\t<meta name=\"twitter:data1\" content=\"&euro;3.96\" \/>\n\t<meta name=\"twitter:label2\" content=\"Disponibilit\u00e9\" \/>\n\t<meta name=\"twitter:data2\" content=\"En stock\" \/>\n<script type=\"application\/ld+json\" class=\"yoast-schema-graph\">{\"@context\":\"https:\/\/schema.org\",\"@graph\":[{\"@type\":\"WebPage\",\"@id\":\"https:\/\/maison-chance.org\/shop\/fr\/produit\/support-de-telephone-cochon\",\"url\":\"https:\/\/maison-chance.org\/shop\/fr\/produit\/support-de-telephone-cochon\",\"name\":\"Support de t\u00e9l\u00e9phone cochon - animal en peluche en brocart - Nh\u00e0 May M\u1eafn - Maison Chance\",\"isPartOf\":{\"@id\":\"https:\/\/maison-chance.org\/shop\/fr#website\"},\"primaryImageOfPage\":{\"@id\":\"https:\/\/maison-chance.org\/shop\/fr\/produit\/support-de-telephone-cochon#primaryimage\"},\"image\":{\"@id\":\"https:\/\/maison-chance.org\/shop\/fr\/produit\/support-de-telephone-cochon#primaryimage\"},\"thumbnailUrl\":\"https:\/\/maison-chance.org\/shop\/wp-content\/uploads\/2024\/04\/con-heo-de-dien-thoai-07-1.png\",\"datePublished\":\"2024-09-01T00:00:32+00:00\",\"dateModified\":\"2024-12-18T06:27:46+00:00\",\"description\":\"Le \\\"support de t\u00e9l\u00e9phone cochon\\\" n'est pas seulement un simple animal en peluche en brocart ou un objet d\u00e9coratif, mais aussi un support de t\u00e9l\u00e9phone pratique.\",\"breadcrumb\":{\"@id\":\"https:\/\/maison-chance.org\/shop\/fr\/produit\/support-de-telephone-cochon#breadcrumb\"},\"inLanguage\":\"fr-FR\",\"potentialAction\":[{\"@type\":\"ReadAction\",\"target\":[\"https:\/\/maison-chance.org\/shop\/fr\/produit\/support-de-telephone-cochon\"]}]},{\"@type\":\"ImageObject\",\"inLanguage\":\"fr-FR\",\"@id\":\"https:\/\/maison-chance.org\/shop\/fr\/produit\/support-de-telephone-cochon#primaryimage\",\"url\":\"https:\/\/maison-chance.org\/shop\/wp-content\/uploads\/2024\/04\/con-heo-de-dien-thoai-07-1.png\",\"contentUrl\":\"https:\/\/maison-chance.org\/shop\/wp-content\/uploads\/2024\/04\/con-heo-de-dien-thoai-07-1.png\",\"width\":600,\"height\":600,\"caption\":\"Support de t\u00e9l\u00e9phone cochon\"},{\"@type\":\"BreadcrumbList\",\"@id\":\"https:\/\/maison-chance.org\/shop\/fr\/produit\/support-de-telephone-cochon#breadcrumb\",\"itemListElement\":[{\"@type\":\"ListItem\",\"position\":1,\"name\":\"Trang ch\u1ee7\",\"item\":\"https:\/\/maison-chance.org\/shop\/fr\"},{\"@type\":\"ListItem\",\"position\":2,\"name\":\"Boutique\",\"item\":\"https:\/\/maison-chance.org\/shop\/shop\"},{\"@type\":\"ListItem\",\"position\":3,\"name\":\"Support de t\u00e9l\u00e9phone cochon\"}]},{\"@type\":\"WebSite\",\"@id\":\"https:\/\/maison-chance.org\/shop\/fr#website\",\"url\":\"https:\/\/maison-chance.org\/shop\/fr\",\"name\":\"Nh\u00e0 May M\u1eafn - Maison Chance\",\"description\":\"M\u1ecdi l\u1ee3i nhu\u1eadn thu v\u1ec1 t\u1eeb vi\u1ec7c b\u00e1n h\u00e0ng s\u1ebd tr\u00edch m\u1ed9t ph\u1ea7n \u0111\u1ec3 ch\u0103m lo cho \u0111\u1eddi s\u1ed1ng c\u00e1c b\u1ea1n khuy\u1ebft t\u1eadt v\u00e0 tr\u1ebb m\u1ed3 c\u00f4i \u1edf \u0111\u00e2y\",\"publisher\":{\"@id\":\"https:\/\/maison-chance.org\/shop\/fr#organization\"},\"potentialAction\":[{\"@type\":\"SearchAction\",\"target\":{\"@type\":\"EntryPoint\",\"urlTemplate\":\"https:\/\/maison-chance.org\/shop\/fr?s={search_term_string}\"},\"query-input\":{\"@type\":\"PropertyValueSpecification\",\"valueRequired\":true,\"valueName\":\"search_term_string\"}}],\"inLanguage\":\"fr-FR\"},{\"@type\":\"Organization\",\"@id\":\"https:\/\/maison-chance.org\/shop\/fr#organization\",\"name\":\"Nh\u00e0 May M\u1eafn - Maison Chance\",\"url\":\"https:\/\/maison-chance.org\/shop\/fr\",\"logo\":{\"@type\":\"ImageObject\",\"inLanguage\":\"fr-FR\",\"@id\":\"https:\/\/maison-chance.org\/shop\/fr#\/schema\/logo\/image\/\",\"url\":\"https:\/\/maison-chance.org\/shop\/wp-content\/uploads\/2024\/03\/cropped-Logo_DNXH.png\",\"contentUrl\":\"https:\/\/maison-chance.org\/shop\/wp-content\/uploads\/2024\/03\/cropped-Logo_DNXH.png\",\"width\":512,\"height\":512,\"caption\":\"Nh\u00e0 May M\u1eafn - Maison Chance\"},\"image\":{\"@id\":\"https:\/\/maison-chance.org\/shop\/fr#\/schema\/logo\/image\/\"},\"sameAs\":[\"https:\/\/www.facebook.com\/dnxh.nhamayman\/\"]}]}<\/script>\n<meta property=\"product:price:amount\" content=\"3.96\" \/>\n<meta property=\"product:price:currency\" content=\"EUR\" \/>\n<meta property=\"og:availability\" content=\"instock\" \/>\n<meta property=\"product:availability\" content=\"instock\" \/>\n<meta property=\"product:condition\" content=\"new\" \/>\n<!-- \/ Yoast SEO Premium plugin. -->","yoast_head_json":{"title":"Support de t\u00e9l\u00e9phone cochon - animal en peluche en brocart - Nh\u00e0 May M\u1eafn - Maison Chance","description":"Le \"support de t\u00e9l\u00e9phone cochon\" n'est pas seulement un simple animal en peluche en brocart ou un objet d\u00e9coratif, mais aussi un support de t\u00e9l\u00e9phone pratique.","robots":{"index":"index","follow":"follow","max-snippet":"max-snippet:-1","max-image-preview":"max-image-preview:large","max-video-preview":"max-video-preview:-1"},"canonical":"https:\/\/maison-chance.org\/shop\/fr\/produit\/support-de-telephone-cochon","og_locale":"fr_FR","og_type":"article","og_title":"Support de t\u00e9l\u00e9phone cochon","og_description":"Le \"support de t\u00e9l\u00e9phone cochon\" n'est pas seulement un simple animal en peluche en brocart ou un objet d\u00e9coratif, mais aussi un support de t\u00e9l\u00e9phone pratique.","og_url":"https:\/\/maison-chance.org\/shop\/fr\/produit\/support-de-telephone-cochon","og_site_name":"Nh\u00e0 May M\u1eafn - Maison Chance","article_publisher":"https:\/\/www.facebook.com\/dnxh.nhamayman\/","article_modified_time":"2024-12-18T06:27:46+00:00","og_image":[{"width":600,"height":600,"url":"https:\/\/maison-chance.org\/shop\/wp-content\/uploads\/2024\/04\/con-heo-de-dien-thoai-07-1.png","type":"image\/png"}],"twitter_card":"summary_large_image","twitter_misc":{"Prix":"&euro;3.96","Disponibilit\u00e9":"En stock"},"schema":{"@context":"https:\/\/schema.org","@graph":[{"@type":"WebPage","@id":"https:\/\/maison-chance.org\/shop\/fr\/produit\/support-de-telephone-cochon","url":"https:\/\/maison-chance.org\/shop\/fr\/produit\/support-de-telephone-cochon","name":"Support de t\u00e9l\u00e9phone cochon - animal en peluche en brocart - Nh\u00e0 May M\u1eafn - Maison Chance","isPartOf":{"@id":"https:\/\/maison-chance.org\/shop\/fr#website"},"primaryImageOfPage":{"@id":"https:\/\/maison-chance.org\/shop\/fr\/produit\/support-de-telephone-cochon#primaryimage"},"image":{"@id":"https:\/\/maison-chance.org\/shop\/fr\/produit\/support-de-telephone-cochon#primaryimage"},"thumbnailUrl":"https:\/\/maison-chance.org\/shop\/wp-content\/uploads\/2024\/04\/con-heo-de-dien-thoai-07-1.png","datePublished":"2024-09-01T00:00:32+00:00","dateModified":"2024-12-18T06:27:46+00:00","description":"Le \"support de t\u00e9l\u00e9phone cochon\" n'est pas seulement un simple animal en peluche en brocart ou un objet d\u00e9coratif, mais aussi un support de t\u00e9l\u00e9phone pratique.","breadcrumb":{"@id":"https:\/\/maison-chance.org\/shop\/fr\/produit\/support-de-telephone-cochon#breadcrumb"},"inLanguage":"fr-FR","potentialAction":[{"@type":"ReadAction","target":["https:\/\/maison-chance.org\/shop\/fr\/produit\/support-de-telephone-cochon"]}]},{"@type":"ImageObject","inLanguage":"fr-FR","@id":"https:\/\/maison-chance.org\/shop\/fr\/produit\/support-de-telephone-cochon#primaryimage","url":"https:\/\/maison-chance.org\/shop\/wp-content\/uploads\/2024\/04\/con-heo-de-dien-thoai-07-1.png","contentUrl":"https:\/\/maison-chance.org\/shop\/wp-content\/uploads\/2024\/04\/con-heo-de-dien-thoai-07-1.png","width":600,"height":600,"caption":"Support de t\u00e9l\u00e9phone cochon"},{"@type":"BreadcrumbList","@id":"https:\/\/maison-chance.org\/shop\/fr\/produit\/support-de-telephone-cochon#breadcrumb","itemListElement":[{"@type":"ListItem","position":1,"name":"Trang ch\u1ee7","item":"https:\/\/maison-chance.org\/shop\/fr"},{"@type":"ListItem","position":2,"name":"Boutique","item":"https:\/\/maison-chance.org\/shop\/shop"},{"@type":"ListItem","position":3,"name":"Support de t\u00e9l\u00e9phone cochon"}]},{"@type":"WebSite","@id":"https:\/\/maison-chance.org\/shop\/fr#website","url":"https:\/\/maison-chance.org\/shop\/fr","name":"Nh\u00e0 May M\u1eafn - Maison Chance","description":"M\u1ecdi l\u1ee3i nhu\u1eadn thu v\u1ec1 t\u1eeb vi\u1ec7c b\u00e1n h\u00e0ng s\u1ebd tr\u00edch m\u1ed9t ph\u1ea7n \u0111\u1ec3 ch\u0103m lo cho \u0111\u1eddi s\u1ed1ng c\u00e1c b\u1ea1n khuy\u1ebft t\u1eadt v\u00e0 tr\u1ebb m\u1ed3 c\u00f4i \u1edf \u0111\u00e2y","publisher":{"@id":"https:\/\/maison-chance.org\/shop\/fr#organization"},"potentialAction":[{"@type":"SearchAction","target":{"@type":"EntryPoint","urlTemplate":"https:\/\/maison-chance.org\/shop\/fr?s={search_term_string}"},"query-input":{"@type":"PropertyValueSpecification","valueRequired":true,"valueName":"search_term_string"}}],"inLanguage":"fr-FR"},{"@type":"Organization","@id":"https:\/\/maison-chance.org\/shop\/fr#organization","name":"Nh\u00e0 May M\u1eafn - Maison Chance","url":"https:\/\/maison-chance.org\/shop\/fr","logo":{"@type":"ImageObject","inLanguage":"fr-FR","@id":"https:\/\/maison-chance.org\/shop\/fr#\/schema\/logo\/image\/","url":"https:\/\/maison-chance.org\/shop\/wp-content\/uploads\/2024\/03\/cropped-Logo_DNXH.png","contentUrl":"https:\/\/maison-chance.org\/shop\/wp-content\/uploads\/2024\/03\/cropped-Logo_DNXH.png","width":512,"height":512,"caption":"Nh\u00e0 May M\u1eafn - Maison Chance"},"image":{"@id":"https:\/\/maison-chance.org\/shop\/fr#\/schema\/logo\/image\/"},"sameAs":["https:\/\/www.facebook.com\/dnxh.nhamayman\/"]}]},"product_price_amount":"3.96","product_price_currency":"EUR","og_availability":"instock","product_availability":"instock","product_condition":"new"},"_links":{"self":[{"href":"https:\/\/maison-chance.org\/shop\/fr\/wp-json\/wp\/v2\/product\/40577","targetHints":{"allow":["GET"]}}],"collection":[{"href":"https:\/\/maison-chance.org\/shop\/fr\/wp-json\/wp\/v2\/product"}],"about":[{"href":"https:\/\/maison-chance.org\/shop\/fr\/wp-json\/wp\/v2\/types\/product"}],"wp:featuredmedia":[{"embeddable":true,"href":"https:\/\/maison-chance.org\/shop\/fr\/wp-json\/wp\/v2\/media\/37015"}],"wp:attachment":[{"href":"https:\/\/maison-chance.org\/shop\/fr\/wp-json\/wp\/v2\/media?parent=40577"}],"wp:term":[{"taxonomy":"product_brand","embeddable":true,"href":"https:\/\/maison-chance.org\/shop\/fr\/wp-json\/wp\/v2\/product_brand?post=40577"},{"taxonomy":"product_cat","embeddable":true,"href":"https:\/\/maison-chance.org\/shop\/fr\/wp-json\/wp\/v2\/product_cat?post=40577"},{"taxonomy":"product_tag","embeddable":true,"href":"https:\/\/maison-chance.org\/shop\/fr\/wp-json\/wp\/v2\/product_tag?post=40577"}],"curies":[{"name":"wp","href":"https:\/\/api.w.org\/{rel}","templated":true}]}}