{"id":40585,"date":"2024-09-03T07:01:34","date_gmt":"2024-09-03T00:01:34","guid":{"rendered":"https:\/\/maison-chance.org\/shop\/san-pham\/rhinoceros"},"modified":"2025-03-12T10:23:59","modified_gmt":"2025-03-12T03:23:59","slug":"rhinoceros","status":"publish","type":"product","link":"https:\/\/maison-chance.org\/shop\/fr\/produit\/rhinoceros","title":{"rendered":"Rhinoc\u00e9ros"},"content":{"rendered":"<p style=\"text-align: justify;\"><strong><a href=\"https:\/\/maison-chance.org\/shop\/thu-nhoi-bong\">Le Rhinoc\u00e9ros Tiss\u00e9<\/a> TC34TB &#8211; Les Couleurs de la Culture dans Chaque Point de Couture<\/strong>&lt;\/p<\/p>\n<p>Portant l&rsquo;image d&rsquo;un animal rare ainsi que la beaut\u00e9 d\u00e9licate du tissu tiss\u00e9 vietnamien, le rhinoc\u00e9ros tiss\u00e9 TC34TB n&rsquo;est pas seulement un objet d\u00e9coratif, mais aussi une \u0153uvre d&rsquo;art unique, contenant de profonds valeurs culturelles et humanitaires.<\/p>\n<p data-start=\"335\" data-end=\"374\"><strong>Beaut\u00e9 D\u00e9licate et Signification Profonde<\/strong><\/p>\n<p data-start=\"375\" data-end=\"759\">Avec une taille compacte de 18 x 28 cm, le rhinoc\u00e9ros tiss\u00e9 se distingue par son m\u00e9lange harmonieux de couleurs vives telles que le vert, le rouge vif et le rose pastel. Les motifs g\u00e9om\u00e9triques caract\u00e9ristiques du tissu tiss\u00e9 vietnamien sont soigneusement brod\u00e9s sur le corps du rhinoc\u00e9ros, cr\u00e9ant une beaut\u00e9 rustique mais vivante. Chaque d\u00e9tail refl\u00e8te le savoir-faire et la d\u00e9votion des couturiers handicap\u00e9s chez Maison Chance.<\/p>\n<p data-start=\"761\" data-end=\"819\"><strong>Am\u00e9liorer l&rsquo;Espace de Vie \u2013 Inspirer des Pens\u00e9es Cr\u00e9atives<\/strong><\/p>\n<p data-start=\"820\" data-end=\"922\">Le rhinoc\u00e9ros tiss\u00e9 ne sert pas seulement d&rsquo;\u00e9l\u00e9ment d\u00e9coratif, mais ouvre \u00e9galement de uniques histoires culturelles :<\/p>\n<ul data-start=\"923\" data-end=\"1414\">\n<li data-start=\"923\" data-end=\"1069\"><strong data-start=\"925\" data-end=\"940\">Salon<\/strong>: Placez-le sur une \u00e9tag\u00e8re ou une table basse pour cr\u00e9er un point focal unique, affichant un go\u00fbt esth\u00e9tique sophistiqu\u00e9 pour le propri\u00e9taire.<\/li>\n<li data-start=\"1070\" data-end=\"1239\"><strong data-start=\"1072\" data-end=\"1092\">Chambre d&rsquo;Enfant<\/strong>: Avec sa forme adorable et ses couleurs vives, ce sera un compagnon id\u00e9al, stimulant l&rsquo;imagination et l&rsquo;amour de la nature chez les enfants.<\/li>\n<li data-start=\"1240\" data-end=\"1414\"><strong data-start=\"1242\" data-end=\"1260\">Bureau \u00e0 Domicile<\/strong>: La pr\u00e9sence du rhinoc\u00e9ros tiss\u00e9 sur le bureau apportera de l&rsquo;inspiration et rappellera la pers\u00e9v\u00e9rance et le d\u00e9passement des d\u00e9fis.<\/li>\n<\/ul>\n<p data-start=\"1416\" data-end=\"1464\"><strong>Cadeau Significatif \u2013 Diffuser des Valeurs Humanitaires<\/strong><\/p>\n<p data-start=\"1465\" data-end=\"1565\">Non seulement un \u00e9l\u00e9ment d\u00e9coratif, le rhinoc\u00e9ros tiss\u00e9 est aussi un cadeau plein de sens :<\/p>\n<ul data-start=\"1566\" data-end=\"2110\">\n<li data-start=\"1566\" data-end=\"1689\"><strong data-start=\"1568\" data-end=\"1612\">Sensibiliser \u00e0 la Protection des Animaux Rares<\/strong> \u2013 Aider le destinataire \u00e0 acqu\u00e9rir des connaissances et de l&rsquo;int\u00e9r\u00eat pour la conservation de la nature.<\/li>\n<li data-start=\"1690\" data-end=\"1799\"><strong data-start=\"1692\" data-end=\"1725\">Honnorer la Culture Traditionnelle<\/strong> \u2013 \u00c9voquant l&rsquo;essence du tissu tiss\u00e9 vietnamien, connectant les valeurs pass\u00e9es et pr\u00e9sentes.<\/li>\n<li data-start=\"1800\" data-end=\"1948\"><strong data-start=\"1802\" data-end=\"1838\">Inspirez la Vitalit\u00e9<\/strong> \u2013 Chaque produit est une histoire de persistance et de d\u00e9sir de surmonter les d\u00e9fis rencontr\u00e9s par les couturiers handicap\u00e9s.<\/li>\n<li data-start=\"1949\" data-end=\"2110\"><strong data-start=\"1951\" data-end=\"1973\">Contribution \u00e0 la Communaut\u00e9<\/strong> \u2013 Chaque produit que vous achetez est un soutien pratique, aidant \u00e0 cr\u00e9er des emplois et encourageant l&rsquo;int\u00e9gration sociale des personnes handicap\u00e9es.<\/li>\n<\/ul>\n<p><strong>Diffuser l&rsquo;Amour \u2013 Continuer l&rsquo;Histoire d&rsquo;Espoir<\/strong><\/p>\n<p style=\"text-align: justify;\">Poss\u00e9der ce <a href=\"https:\/\/maison-chance.org\/shop\/phong-may\">rhinoc\u00e9ros en peluche<\/a> non seulement embellit votre espace de vie, mais diffuse \u00e9galement l&rsquo;amour, partageant avec la communaut\u00e9 des personnes handicap\u00e9es chez Maison Chance. Vous \u00eates celui qui continue l&rsquo;histoire de la r\u00e9silience et de l&rsquo;espoir pour ces couturiers sp\u00e9ciaux.<\/p>\n<p data-start=\"2490\" data-end=\"2806\" data-is-last-node=\"\" data-is-only-node=\"\">Choisissez le rhinoc\u00e9ros tiss\u00e9 TC34TB comme accent unique pour votre espace ou comme un cadeau significatif pour vos proches. Avec chaque produit vendu, vous apportez non seulement de la joie \u00e0 vous-m\u00eame, mais vous contribuez \u00e9galement \u00e0 construire un avenir radieux pour des couturiers handicap \u00e9s d\u00e9termin\u00e9s chez <a href=\"https:\/\/maison-chance.org\/shop\">Maison Chance<\/a>.<\/p>\n","protected":false},"excerpt":{"rendered":"<p style=\"text-align: justify;\">Ce produit est fabriqu\u00e9 \u00e0 la main par des personnes handicap\u00e9es d\u00e9favoris\u00e9es, et nous demandons gentiment votre soutien.<\/p>\n<p>Mat\u00e9riau : Tissu brocart<\/p>\n<p>Code : TC34TB<\/p>\n<p>Hotline : <span style=\"font-size: 20px;\"><strong><span style=\"color: #ff0000;\">0909 06 25 28<\/span><\/strong><\/span><\/p>\n<p style=\"text-align: justify;\">Si vous \u00eates au Vietnam, veuillez nous contacter via la hotline ou la page fan de l&rsquo;entreprise Maison Chance pour conna\u00eetre le prix de vente au Vietnam.<\/p>\n<p>Tarifs de livraison internationale \u00e0 titre de r\u00e9f\u00e9rence :<\/p>\n<table>\n<thead>\n<tr>\n<th>KG<\/th>\n<th>Europe<\/th>\n<th>Am\u00e9riques<\/th>\n<th>Asie<\/th>\n<\/tr>\n<\/thead>\n<tbody>\n<tr>\n<td>0.5<\/td>\n<td>53\u20ac<\/td>\n<td>70\u20ac<\/td>\n<td>42\u20ac<\/td>\n<\/tr>\n<tr>\n<td>1.0<\/td>\n<td>64\u20ac<\/td>\n<td>85\u20ac<\/td>\n<td>51\u20ac<\/td>\n<\/tr>\n<tr>\n<td>1.5<\/td>\n<td>78\u20ac<\/td>\n<td>101\u20ac<\/td>\n<td>59\u20ac<\/td>\n<\/tr>\n<tr>\n<td>2.0<\/td>\n<td>90\u20ac<\/td>\n<td>119\u20ac<\/td>\n<td>67\u20ac<\/td>\n<\/tr>\n<\/tbody>\n<\/table>\n","protected":false},"featured_media":37004,"template":"","meta":[],"product_brand":[],"product_cat":[243,231],"product_tag":[],"class_list":{"0":"post-40585","1":"product","2":"type-product","3":"status-publish","4":"has-post-thumbnail","6":"product_cat-animal-en-peluche","7":"product_cat-atelier-de-couture","9":"first","10":"instock","11":"shipping-taxable","12":"purchasable","13":"product-type-simple"},"yoast_head":"<!-- This site is optimized with the Yoast SEO Premium plugin v22.7 (Yoast SEO v25.3.1) - https:\/\/yoast.com\/wordpress\/plugins\/seo\/ -->\n<title>Rhinoc\u00e9ros- animal en peluche en brocart - Nh\u00e0 May M\u1eafn - Maison Chance<\/title>\n<meta name=\"description\" content=\"Chaque point de couture sur le rhinoc\u00e9ros en peluche contient une histoire de r\u00e9silience et de r\u00eaves de d\u00e9passement du destin des couturiers de Maison Chance.\" \/>\n<meta name=\"robots\" content=\"index, follow, max-snippet:-1, max-image-preview:large, max-video-preview:-1\" \/>\n<link rel=\"canonical\" href=\"https:\/\/maison-chance.org\/shop\/fr\/produit\/rhinoceros\" \/>\n<meta property=\"og:locale\" content=\"fr_FR\" \/>\n<meta property=\"og:type\" content=\"article\" \/>\n<meta property=\"og:title\" content=\"Rhinoc\u00e9ros\" \/>\n<meta property=\"og:description\" content=\"Chaque point de couture sur le rhinoc\u00e9ros en peluche contient une histoire de r\u00e9silience et de r\u00eaves de d\u00e9passement du destin des couturiers de Maison Chance.\" \/>\n<meta property=\"og:url\" content=\"https:\/\/maison-chance.org\/shop\/fr\/produit\/rhinoceros\" \/>\n<meta property=\"og:site_name\" content=\"Nh\u00e0 May M\u1eafn - Maison Chance\" \/>\n<meta property=\"article:publisher\" content=\"https:\/\/www.facebook.com\/dnxh.nhamayman\/\" \/>\n<meta property=\"article:modified_time\" content=\"2025-03-12T03:23:59+00:00\" \/>\n<meta property=\"og:image\" content=\"https:\/\/maison-chance.org\/shop\/wp-content\/uploads\/2024\/04\/thu-nhoi-bong-hinh-con-te-giac-vai-tho-cam-1-1.jpg\" \/>\n\t<meta property=\"og:image:width\" content=\"600\" \/>\n\t<meta property=\"og:image:height\" content=\"600\" \/>\n\t<meta property=\"og:image:type\" content=\"image\/jpeg\" \/>\n<meta name=\"twitter:card\" content=\"summary_large_image\" \/>\n<meta name=\"twitter:label1\" content=\"Prix\" \/>\n\t<meta name=\"twitter:data1\" content=\"&euro;4.42\" \/>\n\t<meta name=\"twitter:label2\" content=\"Disponibilit\u00e9\" \/>\n\t<meta name=\"twitter:data2\" content=\"En stock\" \/>\n<script type=\"application\/ld+json\" class=\"yoast-schema-graph\">{\"@context\":\"https:\/\/schema.org\",\"@graph\":[{\"@type\":\"WebPage\",\"@id\":\"https:\/\/maison-chance.org\/shop\/fr\/produit\/rhinoceros\",\"url\":\"https:\/\/maison-chance.org\/shop\/fr\/produit\/rhinoceros\",\"name\":\"Rhinoc\u00e9ros- animal en peluche en brocart - Nh\u00e0 May M\u1eafn - Maison Chance\",\"isPartOf\":{\"@id\":\"https:\/\/maison-chance.org\/shop\/fr#website\"},\"primaryImageOfPage\":{\"@id\":\"https:\/\/maison-chance.org\/shop\/fr\/produit\/rhinoceros#primaryimage\"},\"image\":{\"@id\":\"https:\/\/maison-chance.org\/shop\/fr\/produit\/rhinoceros#primaryimage\"},\"thumbnailUrl\":\"https:\/\/maison-chance.org\/shop\/wp-content\/uploads\/2024\/04\/thu-nhoi-bong-hinh-con-te-giac-vai-tho-cam-1-1.jpg\",\"datePublished\":\"2024-09-03T00:01:34+00:00\",\"dateModified\":\"2025-03-12T03:23:59+00:00\",\"description\":\"Chaque point de couture sur le rhinoc\u00e9ros en peluche contient une histoire de r\u00e9silience et de r\u00eaves de d\u00e9passement du destin des couturiers de Maison Chance.\",\"breadcrumb\":{\"@id\":\"https:\/\/maison-chance.org\/shop\/fr\/produit\/rhinoceros#breadcrumb\"},\"inLanguage\":\"fr-FR\",\"potentialAction\":[{\"@type\":\"ReadAction\",\"target\":[\"https:\/\/maison-chance.org\/shop\/fr\/produit\/rhinoceros\"]}]},{\"@type\":\"ImageObject\",\"inLanguage\":\"fr-FR\",\"@id\":\"https:\/\/maison-chance.org\/shop\/fr\/produit\/rhinoceros#primaryimage\",\"url\":\"https:\/\/maison-chance.org\/shop\/wp-content\/uploads\/2024\/04\/thu-nhoi-bong-hinh-con-te-giac-vai-tho-cam-1-1.jpg\",\"contentUrl\":\"https:\/\/maison-chance.org\/shop\/wp-content\/uploads\/2024\/04\/thu-nhoi-bong-hinh-con-te-giac-vai-tho-cam-1-1.jpg\",\"width\":600,\"height\":600,\"caption\":\"Rhinoc\u00e9ros\"},{\"@type\":\"BreadcrumbList\",\"@id\":\"https:\/\/maison-chance.org\/shop\/fr\/produit\/rhinoceros#breadcrumb\",\"itemListElement\":[{\"@type\":\"ListItem\",\"position\":1,\"name\":\"Trang ch\u1ee7\",\"item\":\"https:\/\/maison-chance.org\/shop\/fr\"},{\"@type\":\"ListItem\",\"position\":2,\"name\":\"Boutique\",\"item\":\"https:\/\/maison-chance.org\/shop\/shop\"},{\"@type\":\"ListItem\",\"position\":3,\"name\":\"Rhinoc\u00e9ros\"}]},{\"@type\":\"WebSite\",\"@id\":\"https:\/\/maison-chance.org\/shop\/fr#website\",\"url\":\"https:\/\/maison-chance.org\/shop\/fr\",\"name\":\"Nh\u00e0 May M\u1eafn - Maison Chance\",\"description\":\"M\u1ecdi l\u1ee3i nhu\u1eadn thu v\u1ec1 t\u1eeb vi\u1ec7c b\u00e1n h\u00e0ng s\u1ebd tr\u00edch m\u1ed9t ph\u1ea7n \u0111\u1ec3 ch\u0103m lo cho \u0111\u1eddi s\u1ed1ng c\u00e1c b\u1ea1n khuy\u1ebft t\u1eadt v\u00e0 tr\u1ebb m\u1ed3 c\u00f4i \u1edf \u0111\u00e2y\",\"publisher\":{\"@id\":\"https:\/\/maison-chance.org\/shop\/fr#organization\"},\"potentialAction\":[{\"@type\":\"SearchAction\",\"target\":{\"@type\":\"EntryPoint\",\"urlTemplate\":\"https:\/\/maison-chance.org\/shop\/fr?s={search_term_string}\"},\"query-input\":{\"@type\":\"PropertyValueSpecification\",\"valueRequired\":true,\"valueName\":\"search_term_string\"}}],\"inLanguage\":\"fr-FR\"},{\"@type\":\"Organization\",\"@id\":\"https:\/\/maison-chance.org\/shop\/fr#organization\",\"name\":\"Nh\u00e0 May M\u1eafn - Maison Chance\",\"url\":\"https:\/\/maison-chance.org\/shop\/fr\",\"logo\":{\"@type\":\"ImageObject\",\"inLanguage\":\"fr-FR\",\"@id\":\"https:\/\/maison-chance.org\/shop\/fr#\/schema\/logo\/image\/\",\"url\":\"https:\/\/maison-chance.org\/shop\/wp-content\/uploads\/2024\/03\/cropped-Logo_DNXH.png\",\"contentUrl\":\"https:\/\/maison-chance.org\/shop\/wp-content\/uploads\/2024\/03\/cropped-Logo_DNXH.png\",\"width\":512,\"height\":512,\"caption\":\"Nh\u00e0 May M\u1eafn - Maison Chance\"},\"image\":{\"@id\":\"https:\/\/maison-chance.org\/shop\/fr#\/schema\/logo\/image\/\"},\"sameAs\":[\"https:\/\/www.facebook.com\/dnxh.nhamayman\/\"]}]}<\/script>\n<meta property=\"product:price:amount\" content=\"4.42\" \/>\n<meta property=\"product:price:currency\" content=\"EUR\" \/>\n<meta property=\"og:availability\" content=\"instock\" \/>\n<meta property=\"product:availability\" content=\"instock\" \/>\n<meta property=\"product:condition\" content=\"new\" \/>\n<!-- \/ Yoast SEO Premium plugin. -->","yoast_head_json":{"title":"Rhinoc\u00e9ros- animal en peluche en brocart - Nh\u00e0 May M\u1eafn - Maison Chance","description":"Chaque point de couture sur le rhinoc\u00e9ros en peluche contient une histoire de r\u00e9silience et de r\u00eaves de d\u00e9passement du destin des couturiers de Maison Chance.","robots":{"index":"index","follow":"follow","max-snippet":"max-snippet:-1","max-image-preview":"max-image-preview:large","max-video-preview":"max-video-preview:-1"},"canonical":"https:\/\/maison-chance.org\/shop\/fr\/produit\/rhinoceros","og_locale":"fr_FR","og_type":"article","og_title":"Rhinoc\u00e9ros","og_description":"Chaque point de couture sur le rhinoc\u00e9ros en peluche contient une histoire de r\u00e9silience et de r\u00eaves de d\u00e9passement du destin des couturiers de Maison Chance.","og_url":"https:\/\/maison-chance.org\/shop\/fr\/produit\/rhinoceros","og_site_name":"Nh\u00e0 May M\u1eafn - Maison Chance","article_publisher":"https:\/\/www.facebook.com\/dnxh.nhamayman\/","article_modified_time":"2025-03-12T03:23:59+00:00","og_image":[{"width":600,"height":600,"url":"https:\/\/maison-chance.org\/shop\/wp-content\/uploads\/2024\/04\/thu-nhoi-bong-hinh-con-te-giac-vai-tho-cam-1-1.jpg","type":"image\/jpeg"}],"twitter_card":"summary_large_image","twitter_misc":{"Prix":"&euro;4.42","Disponibilit\u00e9":"En stock"},"schema":{"@context":"https:\/\/schema.org","@graph":[{"@type":"WebPage","@id":"https:\/\/maison-chance.org\/shop\/fr\/produit\/rhinoceros","url":"https:\/\/maison-chance.org\/shop\/fr\/produit\/rhinoceros","name":"Rhinoc\u00e9ros- animal en peluche en brocart - Nh\u00e0 May M\u1eafn - Maison Chance","isPartOf":{"@id":"https:\/\/maison-chance.org\/shop\/fr#website"},"primaryImageOfPage":{"@id":"https:\/\/maison-chance.org\/shop\/fr\/produit\/rhinoceros#primaryimage"},"image":{"@id":"https:\/\/maison-chance.org\/shop\/fr\/produit\/rhinoceros#primaryimage"},"thumbnailUrl":"https:\/\/maison-chance.org\/shop\/wp-content\/uploads\/2024\/04\/thu-nhoi-bong-hinh-con-te-giac-vai-tho-cam-1-1.jpg","datePublished":"2024-09-03T00:01:34+00:00","dateModified":"2025-03-12T03:23:59+00:00","description":"Chaque point de couture sur le rhinoc\u00e9ros en peluche contient une histoire de r\u00e9silience et de r\u00eaves de d\u00e9passement du destin des couturiers de Maison Chance.","breadcrumb":{"@id":"https:\/\/maison-chance.org\/shop\/fr\/produit\/rhinoceros#breadcrumb"},"inLanguage":"fr-FR","potentialAction":[{"@type":"ReadAction","target":["https:\/\/maison-chance.org\/shop\/fr\/produit\/rhinoceros"]}]},{"@type":"ImageObject","inLanguage":"fr-FR","@id":"https:\/\/maison-chance.org\/shop\/fr\/produit\/rhinoceros#primaryimage","url":"https:\/\/maison-chance.org\/shop\/wp-content\/uploads\/2024\/04\/thu-nhoi-bong-hinh-con-te-giac-vai-tho-cam-1-1.jpg","contentUrl":"https:\/\/maison-chance.org\/shop\/wp-content\/uploads\/2024\/04\/thu-nhoi-bong-hinh-con-te-giac-vai-tho-cam-1-1.jpg","width":600,"height":600,"caption":"Rhinoc\u00e9ros"},{"@type":"BreadcrumbList","@id":"https:\/\/maison-chance.org\/shop\/fr\/produit\/rhinoceros#breadcrumb","itemListElement":[{"@type":"ListItem","position":1,"name":"Trang ch\u1ee7","item":"https:\/\/maison-chance.org\/shop\/fr"},{"@type":"ListItem","position":2,"name":"Boutique","item":"https:\/\/maison-chance.org\/shop\/shop"},{"@type":"ListItem","position":3,"name":"Rhinoc\u00e9ros"}]},{"@type":"WebSite","@id":"https:\/\/maison-chance.org\/shop\/fr#website","url":"https:\/\/maison-chance.org\/shop\/fr","name":"Nh\u00e0 May M\u1eafn - Maison Chance","description":"M\u1ecdi l\u1ee3i nhu\u1eadn thu v\u1ec1 t\u1eeb vi\u1ec7c b\u00e1n h\u00e0ng s\u1ebd tr\u00edch m\u1ed9t ph\u1ea7n \u0111\u1ec3 ch\u0103m lo cho \u0111\u1eddi s\u1ed1ng c\u00e1c b\u1ea1n khuy\u1ebft t\u1eadt v\u00e0 tr\u1ebb m\u1ed3 c\u00f4i \u1edf \u0111\u00e2y","publisher":{"@id":"https:\/\/maison-chance.org\/shop\/fr#organization"},"potentialAction":[{"@type":"SearchAction","target":{"@type":"EntryPoint","urlTemplate":"https:\/\/maison-chance.org\/shop\/fr?s={search_term_string}"},"query-input":{"@type":"PropertyValueSpecification","valueRequired":true,"valueName":"search_term_string"}}],"inLanguage":"fr-FR"},{"@type":"Organization","@id":"https:\/\/maison-chance.org\/shop\/fr#organization","name":"Nh\u00e0 May M\u1eafn - Maison Chance","url":"https:\/\/maison-chance.org\/shop\/fr","logo":{"@type":"ImageObject","inLanguage":"fr-FR","@id":"https:\/\/maison-chance.org\/shop\/fr#\/schema\/logo\/image\/","url":"https:\/\/maison-chance.org\/shop\/wp-content\/uploads\/2024\/03\/cropped-Logo_DNXH.png","contentUrl":"https:\/\/maison-chance.org\/shop\/wp-content\/uploads\/2024\/03\/cropped-Logo_DNXH.png","width":512,"height":512,"caption":"Nh\u00e0 May M\u1eafn - Maison Chance"},"image":{"@id":"https:\/\/maison-chance.org\/shop\/fr#\/schema\/logo\/image\/"},"sameAs":["https:\/\/www.facebook.com\/dnxh.nhamayman\/"]}]},"product_price_amount":"4.42","product_price_currency":"EUR","og_availability":"instock","product_availability":"instock","product_condition":"new"},"_links":{"self":[{"href":"https:\/\/maison-chance.org\/shop\/fr\/wp-json\/wp\/v2\/product\/40585","targetHints":{"allow":["GET"]}}],"collection":[{"href":"https:\/\/maison-chance.org\/shop\/fr\/wp-json\/wp\/v2\/product"}],"about":[{"href":"https:\/\/maison-chance.org\/shop\/fr\/wp-json\/wp\/v2\/types\/product"}],"wp:featuredmedia":[{"embeddable":true,"href":"https:\/\/maison-chance.org\/shop\/fr\/wp-json\/wp\/v2\/media\/37004"}],"wp:attachment":[{"href":"https:\/\/maison-chance.org\/shop\/fr\/wp-json\/wp\/v2\/media?parent=40585"}],"wp:term":[{"taxonomy":"product_brand","embeddable":true,"href":"https:\/\/maison-chance.org\/shop\/fr\/wp-json\/wp\/v2\/product_brand?post=40585"},{"taxonomy":"product_cat","embeddable":true,"href":"https:\/\/maison-chance.org\/shop\/fr\/wp-json\/wp\/v2\/product_cat?post=40585"},{"taxonomy":"product_tag","embeddable":true,"href":"https:\/\/maison-chance.org\/shop\/fr\/wp-json\/wp\/v2\/product_tag?post=40585"}],"curies":[{"name":"wp","href":"https:\/\/api.w.org\/{rel}","templated":true}]}}