{"id":40589,"date":"2024-09-03T07:03:44","date_gmt":"2024-09-03T00:03:44","guid":{"rendered":"https:\/\/maison-chance.org\/shop\/san-pham\/rhinoceros-2"},"modified":"2025-03-12T10:32:42","modified_gmt":"2025-03-12T03:32:42","slug":"rhinoceros-2","status":"publish","type":"product","link":"https:\/\/maison-chance.org\/shop\/fr\/produit\/rhinoceros-2","title":{"rendered":"Rhinoc\u00e9ros"},"content":{"rendered":"<p style=\"text-align: justify;\"><strong>Le Rhinoc\u00e9ros en Peluche en Toile et Tapisserie : La Fusion Artistique de la Tradition et de la Modernit\u00e9.<\/strong><\/p>\n<p style=\"text-align: justify;\">Avec une taille compacte de 14 x 28 cm, ce produit devient facilement un point focal dans n&rsquo;importe quel espace. Le corps est fabriqu\u00e9 en toile beige douce, cr\u00e9ant une beaut\u00e9 simple mais \u00e9l\u00e9gante. Le point fort se trouve dans les d\u00e9tails en tissu de tapisserie color\u00e9s sur les oreilles, les pattes et la queue, apportant un charme vivant tout en pr\u00e9servant la beaut\u00e9 traditionnelle de la culture ethnique vietnamienne.<\/p>\n<p><strong>Convient \u00e0 tous les styles int\u00e9rieurs.<\/strong><\/p>\n<p style=\"text-align: justify;\">Non seulement un objet d\u00e9coratif, le rhinoc\u00e9ros en peluche est \u00e9galement un compagnon id\u00e9al dans la vie quotidienne. En le pla\u00e7ant sur une \u00e9tag\u00e8re, un bureau ou un lit, vous apporterez une atmosph\u00e8re chaleureuse et amicale dans la pi\u00e8ce. Pour les jeunes enfants, cela peut \u00eatre un ami adorable qui stimule l&rsquo;imagination et l&rsquo;amour de la nature et des animaux.<\/p>\n<p style=\"text-align: justify;\">Ce produit est \u00e9galement un choix parfait pour ceux qui aiment les styles int\u00e9rieurs rustiques, proches de la nature. Vous pouvez le combiner avec des objets en bois et des plantes pour cr\u00e9er un petit coin inspirant chez vous.<\/p>\n<p style=\"text-align: justify;\">Pour les espaces modernes, le rhinoc\u00e9ros en peluche en toile sera un accent int\u00e9ressant, cr\u00e9ant \u00e9quilibre et harmonie.<\/p>\n<p><strong>Apportez chez vous une petite \u0153uvre d&rsquo;art, r\u00e9pandez de grandes valeurs.<\/strong><\/p>\n<p style=\"text-align: justify;\">Plus qu&rsquo;un simple objet d\u00e9coratif, chaque rhinoc\u00e9ros en peluche porte en lui une histoire de r\u00e9silience et d&rsquo;espoir. Cr\u00e9\u00e9 par les mains habiles des couturiers handicap\u00e9s chez Maison Chance, ce produit symbolise la capacit\u00e9 \u00e0 surmonter les difficult\u00e9s et la passion cr\u00e9ative. Lorsque vous achetez ce produit, vous ne poss\u00e9dez pas seulement un objet unique, mais vous contribuez \u00e9galement \u00e0 cr\u00e9er des emplois et \u00e0 am\u00e9liorer la qualit\u00e9 de vie des personnes handicap\u00e9es.<\/p>\n<p style=\"text-align: justify;\">Ouvrez votre c\u0153ur et accueillez le rhinoc\u00e9ros en peluche TC33TB dans votre foyer d\u00e8s aujourd&rsquo;hui. Ce faisant, vous embellissez non seulement votre espace de vie, mais vous aidez \u00e9galement \u00e0 r\u00e9pandre l&rsquo;amour et le partage au sein de la communaut\u00e9. Chaque produit vendu est un sinc\u00e8re remerciement de la part des couturiers handicap\u00e9s chez <a href=\"https:\/\/maison-chance.org\/shop\">Maison Chance<\/a>, et constitue une motivation pour eux \u00e0 continuer de poursuivre leur passion et de surmonter les d\u00e9fis.<\/p>\n","protected":false},"excerpt":{"rendered":"<p style=\"text-align: justify;\">Ce produit est fabriqu\u00e9 \u00e0 la main par des personnes handicap\u00e9es d\u00e9favoris\u00e9es, et nous esp\u00e9rons sinc\u00e8rement recevoir votre soutien.<\/p>\n<p>Mat\u00e9riaux : Toile + brocart<\/p>\n<p>Code : TC33TB<\/p>\n<p>Hotline : <span style=\"font-size: 20px;\"><strong><span style=\"color: #ff0000;\">0909 06 25 28<\/span><\/strong><\/span><\/p>\n<p style=\"text-align: justify;\">Si vous \u00eates au Vietnam, veuillez nous contacter via la hotline ou la page fan de l&rsquo;entreprise Maison Chance pour conna\u00eetre le prix au Vietnam.<\/p>\n<p>Tarifs de livraison internationale \u00e0 titre de r\u00e9f\u00e9rence :<\/p>\n<table>\n<thead>\n<tr>\n<th>KG<\/th>\n<th>Europe<\/th>\n<th>Am\u00e9riques<\/th>\n<th>Asie<\/th>\n<\/tr>\n<\/thead>\n<tbody>\n<tr>\n<td>0.5<\/td>\n<td>53\u20ac<\/td>\n<td>70\u20ac<\/td>\n<td>42\u20ac<\/td>\n<\/tr>\n<tr>\n<td>1.0<\/td>\n<td>64\u20ac<\/td>\n<td>85\u20ac<\/td>\n<td>51\u20ac<\/td>\n<\/tr>\n<tr>\n<td>1.5<\/td>\n<td>78\u20ac<\/td>\n<td>101\u20ac<\/td>\n<td>59\u20ac<\/td>\n<\/tr>\n<tr>\n<td>2.0<\/td>\n<td>90\u20ac<\/td>\n<td>119\u20ac<\/td>\n<td>67\u20ac<\/td>\n<\/tr>\n<\/tbody>\n<\/table>\n","protected":false},"featured_media":36998,"template":"","meta":[],"product_brand":[],"product_cat":[243,231],"product_tag":[],"class_list":{"0":"post-40589","1":"product","2":"type-product","3":"status-publish","4":"has-post-thumbnail","6":"product_cat-animal-en-peluche","7":"product_cat-atelier-de-couture","9":"first","10":"instock","11":"shipping-taxable","12":"purchasable","13":"product-type-simple"},"yoast_head":"<!-- This site is optimized with the Yoast SEO Premium plugin v22.7 (Yoast SEO v25.3.1) - https:\/\/yoast.com\/wordpress\/plugins\/seo\/ -->\n<title>Rhinoc\u00e9ros - animal en peluche en toile et brocart - Nh\u00e0 May M\u1eafn - Maison Chance<\/title>\n<meta name=\"description\" content=\"Le rhinoc\u00e9ros en toile et brocart de Maison Chance : un exemple vivant de la combinaison subtile entre tradition et modernit\u00e9, un point fort dans votre espace de vie.\" \/>\n<meta name=\"robots\" content=\"index, follow, max-snippet:-1, max-image-preview:large, max-video-preview:-1\" \/>\n<link rel=\"canonical\" href=\"https:\/\/maison-chance.org\/shop\/fr\/produit\/rhinoceros-2\" \/>\n<meta property=\"og:locale\" content=\"fr_FR\" \/>\n<meta property=\"og:type\" content=\"article\" \/>\n<meta property=\"og:title\" content=\"Rhinoc\u00e9ros\" \/>\n<meta property=\"og:description\" content=\"Le rhinoc\u00e9ros en toile et brocart de Maison Chance : un exemple vivant de la combinaison subtile entre tradition et modernit\u00e9, un point fort dans votre espace de vie.\" \/>\n<meta property=\"og:url\" content=\"https:\/\/maison-chance.org\/shop\/fr\/produit\/rhinoceros-2\" \/>\n<meta property=\"og:site_name\" content=\"Nh\u00e0 May M\u1eafn - Maison Chance\" \/>\n<meta property=\"article:publisher\" content=\"https:\/\/www.facebook.com\/dnxh.nhamayman\/\" \/>\n<meta property=\"article:modified_time\" content=\"2025-03-12T03:32:42+00:00\" \/>\n<meta property=\"og:image\" content=\"https:\/\/maison-chance.org\/shop\/wp-content\/uploads\/2024\/04\/thu-nhoi-bong-hinh-con-te-giac-vai-bo-4-1.jpg\" \/>\n\t<meta property=\"og:image:width\" content=\"600\" \/>\n\t<meta property=\"og:image:height\" content=\"600\" \/>\n\t<meta property=\"og:image:type\" content=\"image\/jpeg\" \/>\n<meta name=\"twitter:card\" content=\"summary_large_image\" \/>\n<meta name=\"twitter:label1\" content=\"Prix\" \/>\n\t<meta name=\"twitter:data1\" content=\"&euro;4.42\" \/>\n\t<meta name=\"twitter:label2\" content=\"Disponibilit\u00e9\" \/>\n\t<meta name=\"twitter:data2\" content=\"En stock\" \/>\n<script type=\"application\/ld+json\" class=\"yoast-schema-graph\">{\"@context\":\"https:\/\/schema.org\",\"@graph\":[{\"@type\":\"WebPage\",\"@id\":\"https:\/\/maison-chance.org\/shop\/fr\/produit\/rhinoceros-2\",\"url\":\"https:\/\/maison-chance.org\/shop\/fr\/produit\/rhinoceros-2\",\"name\":\"Rhinoc\u00e9ros - animal en peluche en toile et brocart - Nh\u00e0 May M\u1eafn - Maison Chance\",\"isPartOf\":{\"@id\":\"https:\/\/maison-chance.org\/shop\/fr#website\"},\"primaryImageOfPage\":{\"@id\":\"https:\/\/maison-chance.org\/shop\/fr\/produit\/rhinoceros-2#primaryimage\"},\"image\":{\"@id\":\"https:\/\/maison-chance.org\/shop\/fr\/produit\/rhinoceros-2#primaryimage\"},\"thumbnailUrl\":\"https:\/\/maison-chance.org\/shop\/wp-content\/uploads\/2024\/04\/thu-nhoi-bong-hinh-con-te-giac-vai-bo-4-1.jpg\",\"datePublished\":\"2024-09-03T00:03:44+00:00\",\"dateModified\":\"2025-03-12T03:32:42+00:00\",\"description\":\"Le rhinoc\u00e9ros en toile et brocart de Maison Chance : un exemple vivant de la combinaison subtile entre tradition et modernit\u00e9, un point fort dans votre espace de vie.\",\"breadcrumb\":{\"@id\":\"https:\/\/maison-chance.org\/shop\/fr\/produit\/rhinoceros-2#breadcrumb\"},\"inLanguage\":\"fr-FR\",\"potentialAction\":[{\"@type\":\"ReadAction\",\"target\":[\"https:\/\/maison-chance.org\/shop\/fr\/produit\/rhinoceros-2\"]}]},{\"@type\":\"ImageObject\",\"inLanguage\":\"fr-FR\",\"@id\":\"https:\/\/maison-chance.org\/shop\/fr\/produit\/rhinoceros-2#primaryimage\",\"url\":\"https:\/\/maison-chance.org\/shop\/wp-content\/uploads\/2024\/04\/thu-nhoi-bong-hinh-con-te-giac-vai-bo-4-1.jpg\",\"contentUrl\":\"https:\/\/maison-chance.org\/shop\/wp-content\/uploads\/2024\/04\/thu-nhoi-bong-hinh-con-te-giac-vai-bo-4-1.jpg\",\"width\":600,\"height\":600,\"caption\":\"Rhinoc\u00e9ros\"},{\"@type\":\"BreadcrumbList\",\"@id\":\"https:\/\/maison-chance.org\/shop\/fr\/produit\/rhinoceros-2#breadcrumb\",\"itemListElement\":[{\"@type\":\"ListItem\",\"position\":1,\"name\":\"Trang ch\u1ee7\",\"item\":\"https:\/\/maison-chance.org\/shop\/fr\"},{\"@type\":\"ListItem\",\"position\":2,\"name\":\"Boutique\",\"item\":\"https:\/\/maison-chance.org\/shop\/shop\"},{\"@type\":\"ListItem\",\"position\":3,\"name\":\"Rhinoc\u00e9ros\"}]},{\"@type\":\"WebSite\",\"@id\":\"https:\/\/maison-chance.org\/shop\/fr#website\",\"url\":\"https:\/\/maison-chance.org\/shop\/fr\",\"name\":\"Nh\u00e0 May M\u1eafn - Maison Chance\",\"description\":\"M\u1ecdi l\u1ee3i nhu\u1eadn thu v\u1ec1 t\u1eeb vi\u1ec7c b\u00e1n h\u00e0ng s\u1ebd tr\u00edch m\u1ed9t ph\u1ea7n \u0111\u1ec3 ch\u0103m lo cho \u0111\u1eddi s\u1ed1ng c\u00e1c b\u1ea1n khuy\u1ebft t\u1eadt v\u00e0 tr\u1ebb m\u1ed3 c\u00f4i \u1edf \u0111\u00e2y\",\"publisher\":{\"@id\":\"https:\/\/maison-chance.org\/shop\/fr#organization\"},\"potentialAction\":[{\"@type\":\"SearchAction\",\"target\":{\"@type\":\"EntryPoint\",\"urlTemplate\":\"https:\/\/maison-chance.org\/shop\/fr?s={search_term_string}\"},\"query-input\":{\"@type\":\"PropertyValueSpecification\",\"valueRequired\":true,\"valueName\":\"search_term_string\"}}],\"inLanguage\":\"fr-FR\"},{\"@type\":\"Organization\",\"@id\":\"https:\/\/maison-chance.org\/shop\/fr#organization\",\"name\":\"Nh\u00e0 May M\u1eafn - Maison Chance\",\"url\":\"https:\/\/maison-chance.org\/shop\/fr\",\"logo\":{\"@type\":\"ImageObject\",\"inLanguage\":\"fr-FR\",\"@id\":\"https:\/\/maison-chance.org\/shop\/fr#\/schema\/logo\/image\/\",\"url\":\"https:\/\/maison-chance.org\/shop\/wp-content\/uploads\/2024\/03\/cropped-Logo_DNXH.png\",\"contentUrl\":\"https:\/\/maison-chance.org\/shop\/wp-content\/uploads\/2024\/03\/cropped-Logo_DNXH.png\",\"width\":512,\"height\":512,\"caption\":\"Nh\u00e0 May M\u1eafn - Maison Chance\"},\"image\":{\"@id\":\"https:\/\/maison-chance.org\/shop\/fr#\/schema\/logo\/image\/\"},\"sameAs\":[\"https:\/\/www.facebook.com\/dnxh.nhamayman\/\"]}]}<\/script>\n<meta property=\"product:price:amount\" content=\"4.42\" \/>\n<meta property=\"product:price:currency\" content=\"EUR\" \/>\n<meta property=\"og:availability\" content=\"instock\" \/>\n<meta property=\"product:availability\" content=\"instock\" \/>\n<meta property=\"product:condition\" content=\"new\" \/>\n<!-- \/ Yoast SEO Premium plugin. -->","yoast_head_json":{"title":"Rhinoc\u00e9ros - animal en peluche en toile et brocart - Nh\u00e0 May M\u1eafn - Maison Chance","description":"Le rhinoc\u00e9ros en toile et brocart de Maison Chance : un exemple vivant de la combinaison subtile entre tradition et modernit\u00e9, un point fort dans votre espace de vie.","robots":{"index":"index","follow":"follow","max-snippet":"max-snippet:-1","max-image-preview":"max-image-preview:large","max-video-preview":"max-video-preview:-1"},"canonical":"https:\/\/maison-chance.org\/shop\/fr\/produit\/rhinoceros-2","og_locale":"fr_FR","og_type":"article","og_title":"Rhinoc\u00e9ros","og_description":"Le rhinoc\u00e9ros en toile et brocart de Maison Chance : un exemple vivant de la combinaison subtile entre tradition et modernit\u00e9, un point fort dans votre espace de vie.","og_url":"https:\/\/maison-chance.org\/shop\/fr\/produit\/rhinoceros-2","og_site_name":"Nh\u00e0 May M\u1eafn - Maison Chance","article_publisher":"https:\/\/www.facebook.com\/dnxh.nhamayman\/","article_modified_time":"2025-03-12T03:32:42+00:00","og_image":[{"width":600,"height":600,"url":"https:\/\/maison-chance.org\/shop\/wp-content\/uploads\/2024\/04\/thu-nhoi-bong-hinh-con-te-giac-vai-bo-4-1.jpg","type":"image\/jpeg"}],"twitter_card":"summary_large_image","twitter_misc":{"Prix":"&euro;4.42","Disponibilit\u00e9":"En stock"},"schema":{"@context":"https:\/\/schema.org","@graph":[{"@type":"WebPage","@id":"https:\/\/maison-chance.org\/shop\/fr\/produit\/rhinoceros-2","url":"https:\/\/maison-chance.org\/shop\/fr\/produit\/rhinoceros-2","name":"Rhinoc\u00e9ros - animal en peluche en toile et brocart - Nh\u00e0 May M\u1eafn - Maison Chance","isPartOf":{"@id":"https:\/\/maison-chance.org\/shop\/fr#website"},"primaryImageOfPage":{"@id":"https:\/\/maison-chance.org\/shop\/fr\/produit\/rhinoceros-2#primaryimage"},"image":{"@id":"https:\/\/maison-chance.org\/shop\/fr\/produit\/rhinoceros-2#primaryimage"},"thumbnailUrl":"https:\/\/maison-chance.org\/shop\/wp-content\/uploads\/2024\/04\/thu-nhoi-bong-hinh-con-te-giac-vai-bo-4-1.jpg","datePublished":"2024-09-03T00:03:44+00:00","dateModified":"2025-03-12T03:32:42+00:00","description":"Le rhinoc\u00e9ros en toile et brocart de Maison Chance : un exemple vivant de la combinaison subtile entre tradition et modernit\u00e9, un point fort dans votre espace de vie.","breadcrumb":{"@id":"https:\/\/maison-chance.org\/shop\/fr\/produit\/rhinoceros-2#breadcrumb"},"inLanguage":"fr-FR","potentialAction":[{"@type":"ReadAction","target":["https:\/\/maison-chance.org\/shop\/fr\/produit\/rhinoceros-2"]}]},{"@type":"ImageObject","inLanguage":"fr-FR","@id":"https:\/\/maison-chance.org\/shop\/fr\/produit\/rhinoceros-2#primaryimage","url":"https:\/\/maison-chance.org\/shop\/wp-content\/uploads\/2024\/04\/thu-nhoi-bong-hinh-con-te-giac-vai-bo-4-1.jpg","contentUrl":"https:\/\/maison-chance.org\/shop\/wp-content\/uploads\/2024\/04\/thu-nhoi-bong-hinh-con-te-giac-vai-bo-4-1.jpg","width":600,"height":600,"caption":"Rhinoc\u00e9ros"},{"@type":"BreadcrumbList","@id":"https:\/\/maison-chance.org\/shop\/fr\/produit\/rhinoceros-2#breadcrumb","itemListElement":[{"@type":"ListItem","position":1,"name":"Trang ch\u1ee7","item":"https:\/\/maison-chance.org\/shop\/fr"},{"@type":"ListItem","position":2,"name":"Boutique","item":"https:\/\/maison-chance.org\/shop\/shop"},{"@type":"ListItem","position":3,"name":"Rhinoc\u00e9ros"}]},{"@type":"WebSite","@id":"https:\/\/maison-chance.org\/shop\/fr#website","url":"https:\/\/maison-chance.org\/shop\/fr","name":"Nh\u00e0 May M\u1eafn - Maison Chance","description":"M\u1ecdi l\u1ee3i nhu\u1eadn thu v\u1ec1 t\u1eeb vi\u1ec7c b\u00e1n h\u00e0ng s\u1ebd tr\u00edch m\u1ed9t ph\u1ea7n \u0111\u1ec3 ch\u0103m lo cho \u0111\u1eddi s\u1ed1ng c\u00e1c b\u1ea1n khuy\u1ebft t\u1eadt v\u00e0 tr\u1ebb m\u1ed3 c\u00f4i \u1edf \u0111\u00e2y","publisher":{"@id":"https:\/\/maison-chance.org\/shop\/fr#organization"},"potentialAction":[{"@type":"SearchAction","target":{"@type":"EntryPoint","urlTemplate":"https:\/\/maison-chance.org\/shop\/fr?s={search_term_string}"},"query-input":{"@type":"PropertyValueSpecification","valueRequired":true,"valueName":"search_term_string"}}],"inLanguage":"fr-FR"},{"@type":"Organization","@id":"https:\/\/maison-chance.org\/shop\/fr#organization","name":"Nh\u00e0 May M\u1eafn - Maison Chance","url":"https:\/\/maison-chance.org\/shop\/fr","logo":{"@type":"ImageObject","inLanguage":"fr-FR","@id":"https:\/\/maison-chance.org\/shop\/fr#\/schema\/logo\/image\/","url":"https:\/\/maison-chance.org\/shop\/wp-content\/uploads\/2024\/03\/cropped-Logo_DNXH.png","contentUrl":"https:\/\/maison-chance.org\/shop\/wp-content\/uploads\/2024\/03\/cropped-Logo_DNXH.png","width":512,"height":512,"caption":"Nh\u00e0 May M\u1eafn - Maison Chance"},"image":{"@id":"https:\/\/maison-chance.org\/shop\/fr#\/schema\/logo\/image\/"},"sameAs":["https:\/\/www.facebook.com\/dnxh.nhamayman\/"]}]},"product_price_amount":"4.42","product_price_currency":"EUR","og_availability":"instock","product_availability":"instock","product_condition":"new"},"_links":{"self":[{"href":"https:\/\/maison-chance.org\/shop\/fr\/wp-json\/wp\/v2\/product\/40589","targetHints":{"allow":["GET"]}}],"collection":[{"href":"https:\/\/maison-chance.org\/shop\/fr\/wp-json\/wp\/v2\/product"}],"about":[{"href":"https:\/\/maison-chance.org\/shop\/fr\/wp-json\/wp\/v2\/types\/product"}],"wp:featuredmedia":[{"embeddable":true,"href":"https:\/\/maison-chance.org\/shop\/fr\/wp-json\/wp\/v2\/media\/36998"}],"wp:attachment":[{"href":"https:\/\/maison-chance.org\/shop\/fr\/wp-json\/wp\/v2\/media?parent=40589"}],"wp:term":[{"taxonomy":"product_brand","embeddable":true,"href":"https:\/\/maison-chance.org\/shop\/fr\/wp-json\/wp\/v2\/product_brand?post=40589"},{"taxonomy":"product_cat","embeddable":true,"href":"https:\/\/maison-chance.org\/shop\/fr\/wp-json\/wp\/v2\/product_cat?post=40589"},{"taxonomy":"product_tag","embeddable":true,"href":"https:\/\/maison-chance.org\/shop\/fr\/wp-json\/wp\/v2\/product_tag?post=40589"}],"curies":[{"name":"wp","href":"https:\/\/api.w.org\/{rel}","templated":true}]}}