{"id":40593,"date":"2024-09-02T07:25:37","date_gmt":"2024-09-02T00:25:37","guid":{"rendered":"https:\/\/maison-chance.org\/shop\/san-pham\/chat-porte-bonheur"},"modified":"2024-12-18T13:48:07","modified_gmt":"2024-12-18T06:48:07","slug":"chat-porte-bonheur","status":"publish","type":"product","link":"https:\/\/maison-chance.org\/shop\/fr\/produit\/chat-porte-bonheur","title":{"rendered":"Chat Porte Bonheur"},"content":{"rendered":"<p style=\"text-align: justify;\"><a href=\"https:\/\/maison-chance.org\/shop\">Maison Chance<\/a> est connue depuis longtemps comme un endroit chaleureux o\u00f9 les tailleurs handicap\u00e9s cr\u00e9ent non seulement de beaux produits, mais portent \u00e9galement des histoires inspirantes de r\u00e9silience et d&rsquo;amour. L&rsquo;un des produits phares ici est le Chat Heureux, un jouet en peluche fabriqu\u00e9 \u00e0 partir de tissu brocart avec une couture habile dans chaque couture. Ce qui le rend encore plus sp\u00e9cial, c&rsquo;est que chaque chat a des caract\u00e9ristiques uniques gr\u00e2ce \u00e0 des d\u00e9tails soigneusement dessin\u00e9s \u00e0 la main, offrant non seulement un objet d\u00e9coratif mais aussi un symbole de chance et de bonheur.<\/p>\n<p style=\"text-align: justify;\">Avec sa taille compacte de seulement 14 \u00d7 18 cm, le Chat Heureux est un choix parfait pour ceux qui recherchent un objet d\u00e9coratif d\u00e9licat et significatif. Con\u00e7u sur la base de l&rsquo;image d&rsquo;un chat porte-bonheur, ce produit peut \u00eatre plac\u00e9 \u00e0 divers endroits dans les espaces de vie ou de travail.<\/p>\n<p style=\"text-align: justify;\"><strong>Sur le bureau :<\/strong> Placer le Chat Heureux sur votre bureau apportera un sentiment de joie et de d\u00e9tente, vous aidant \u00e0 soulager le stress. De plus, l&rsquo;image du chat levant sa patte comme pour inviter la fortune et la chance vous motivera \u00e0 avoir une journ\u00e9e de travail plus productive.<\/p>\n<p style=\"text-align: justify;\"><strong>Salon :<\/strong> Avec sa couleur rouge chaleureuse et son design adorable, ce chat peut devenir un \u00e9l\u00e9ment marquant dans le salon, apportant un sentiment de confort et de familiarit\u00e9 \u00e0 la famille et aux invit\u00e9s.<\/p>\n<p style=\"text-align: justify;\"><strong>Chambre \u00e0 coucher :<\/strong> Le chat peut \u00eatre un joli objet d\u00e9coratif sur les \u00e9tag\u00e8res ou les tables de chevet, rendant l&rsquo;espace de la chambre plus vivant et plein d&rsquo;\u00e9nergie positive.<\/p>\n<p style=\"text-align: justify;\"><strong>Magasins ou caisses enregistreuses :<\/strong> Si vous \u00eates dans les affaires, le Chat Heureux sera un excellent choix \u00e0 placer \u00e0 la caisse, symbolisant la prosp\u00e9rit\u00e9 et la chance, aidant \u00e0 attirer la fortune et les clients.<\/p>\n<p style=\"text-align: justify;\"><strong>Soutenez les produits de Maison Chance \u2013 Contribuez \u00e0 r\u00e9pandre l&rsquo;amour<\/strong><\/p>\n<p style=\"text-align: justify;\">Le jouet en peluche en forme de Chat Heureux n&rsquo;est pas seulement un bel objet d\u00e9coratif mais porte \u00e9galement un message humanitaire profond. Chaque produit est m\u00e9ticuleusement fabriqu\u00e9 \u00e0 la main par des tailleurs handicap\u00e9s \u00e0 Maison Chance \u2013 o\u00f9 tout le monde travaille avec amour et aspiration \u00e0 s&rsquo;\u00e9lever dans la vie. Poss\u00e9der l&rsquo;un de ces chats mignons vous aide non seulement \u00e0 d\u00e9corer votre espace de vie, mais est aussi une action pratique pour soutenir les personnes handicap\u00e9es ayant l&rsquo;opportunit\u00e9 de travailler et de cr\u00e9er de la valeur pour la communaut\u00e9.<\/p>\n<p style=\"text-align: justify;\">Joignons-nous pour soutenir les produits de Maison Chance, apportant un peu de chance et de joie \u00e0 travers le Chat Heureux. Chaque animal en peluche que vous achetez n&rsquo;est pas seulement un objet d\u00e9coratif mais aussi une fa\u00e7on de partager et de r\u00e9pandre l&rsquo;amour \u00e0 ceux qui sont moins fortun\u00e9s.<\/p>\n<p style=\"text-align: justify;\">Commandez aujourd&rsquo;hui pour vous apporter de la joie et contribuer \u00e0 une vie meilleure !<\/p>\n","protected":false},"excerpt":{"rendered":"<p style=\"text-align: justify;\">Produits faits \u00e0 la main par nos amis handicap\u00e9s moins fortun\u00e9s, nous demandons humblement votre soutien.<\/p>\n<p>Mat\u00e9riau : Tissu brocart<\/p>\n<p>Code : TC35TB<\/p>\n<p>Hotline : <span style=\"font-size: 20px;\"><strong><span style=\"color: #ff0000;\">0909 06 25 28<\/span><\/strong><\/span><\/p>\n<p style=\"text-align: justify;\">Si vous \u00eates au Vietnam, veuillez nous contacter via la hotline ou la page fan de l&rsquo;entreprise Maison Chance pour conna\u00eetre le prix au Vietnam.<\/p>\n<p>Tarifs de livraison internationale \u00e0 titre de r\u00e9f\u00e9rence :<\/p>\n<table>\n<thead>\n<tr>\n<th>KG<\/th>\n<th>Europe<\/th>\n<th>Am\u00e9riques<\/th>\n<th>Asie<\/th>\n<\/tr>\n<\/thead>\n<tbody>\n<tr>\n<td>0.5<\/td>\n<td>53\u20ac<\/td>\n<td>70\u20ac<\/td>\n<td>42\u20ac<\/td>\n<\/tr>\n<tr>\n<td>1.0<\/td>\n<td>64\u20ac<\/td>\n<td>85\u20ac<\/td>\n<td>51\u20ac<\/td>\n<\/tr>\n<tr>\n<td>1.5<\/td>\n<td>78\u20ac<\/td>\n<td>101\u20ac<\/td>\n<td>59\u20ac<\/td>\n<\/tr>\n<tr>\n<td>2.0<\/td>\n<td>90\u20ac<\/td>\n<td>119\u20ac<\/td>\n<td>67\u20ac<\/td>\n<\/tr>\n<\/tbody>\n<\/table>\n","protected":false},"featured_media":37009,"template":"","meta":[],"product_brand":[],"product_cat":[243,231],"product_tag":[],"class_list":{"0":"post-40593","1":"product","2":"type-product","3":"status-publish","4":"has-post-thumbnail","6":"product_cat-animal-en-peluche","7":"product_cat-atelier-de-couture","9":"first","10":"instock","11":"shipping-taxable","12":"purchasable","13":"product-type-simple"},"yoast_head":"<!-- This site is optimized with the Yoast SEO Premium plugin v22.7 (Yoast SEO v25.3.1) - https:\/\/yoast.com\/wordpress\/plugins\/seo\/ -->\n<title>Chat Porte Bonheur - jouet en peluche en tissu brocart - Nh\u00e0 May M\u1eafn - Maison Chance<\/title>\n<meta name=\"description\" content=\"Placer le Chat Heureux en tissu brocart sur votre bureau apportera un sentiment de joie et de d\u00e9tente, vous aidant \u00e0 soulager le stress, invitant la fortune et la chance, et vous motivant \u00e0 avoir une journ\u00e9e de travail plus productive.\" \/>\n<meta name=\"robots\" content=\"index, follow, max-snippet:-1, max-image-preview:large, max-video-preview:-1\" \/>\n<link rel=\"canonical\" href=\"https:\/\/maison-chance.org\/shop\/fr\/produit\/chat-porte-bonheur\" \/>\n<meta property=\"og:locale\" content=\"fr_FR\" \/>\n<meta property=\"og:type\" content=\"article\" \/>\n<meta property=\"og:title\" content=\"Chat Porte Bonheur\" \/>\n<meta property=\"og:description\" content=\"Placer le Chat Heureux en tissu brocart sur votre bureau apportera un sentiment de joie et de d\u00e9tente, vous aidant \u00e0 soulager le stress, invitant la fortune et la chance, et vous motivant \u00e0 avoir une journ\u00e9e de travail plus productive.\" \/>\n<meta property=\"og:url\" content=\"https:\/\/maison-chance.org\/shop\/fr\/produit\/chat-porte-bonheur\" \/>\n<meta property=\"og:site_name\" content=\"Nh\u00e0 May M\u1eafn - Maison Chance\" \/>\n<meta property=\"article:publisher\" content=\"https:\/\/www.facebook.com\/dnxh.nhamayman\/\" \/>\n<meta property=\"article:modified_time\" content=\"2024-12-18T06:48:07+00:00\" \/>\n<meta property=\"og:image\" content=\"https:\/\/maison-chance.org\/shop\/wp-content\/uploads\/2024\/04\/con-meo-chieu-tai-vai-tho-cam.jpg\" \/>\n\t<meta property=\"og:image:width\" content=\"600\" \/>\n\t<meta property=\"og:image:height\" content=\"600\" \/>\n\t<meta property=\"og:image:type\" content=\"image\/jpeg\" \/>\n<meta name=\"twitter:card\" content=\"summary_large_image\" \/>\n<meta name=\"twitter:label1\" content=\"Prix\" \/>\n\t<meta name=\"twitter:data1\" content=\"&euro;6.16\" \/>\n\t<meta name=\"twitter:label2\" content=\"Disponibilit\u00e9\" \/>\n\t<meta name=\"twitter:data2\" content=\"En stock\" \/>\n<script type=\"application\/ld+json\" class=\"yoast-schema-graph\">{\"@context\":\"https:\/\/schema.org\",\"@graph\":[{\"@type\":\"WebPage\",\"@id\":\"https:\/\/maison-chance.org\/shop\/fr\/produit\/chat-porte-bonheur\",\"url\":\"https:\/\/maison-chance.org\/shop\/fr\/produit\/chat-porte-bonheur\",\"name\":\"Chat Porte Bonheur - jouet en peluche en tissu brocart - Nh\u00e0 May M\u1eafn - Maison Chance\",\"isPartOf\":{\"@id\":\"https:\/\/maison-chance.org\/shop\/fr#website\"},\"primaryImageOfPage\":{\"@id\":\"https:\/\/maison-chance.org\/shop\/fr\/produit\/chat-porte-bonheur#primaryimage\"},\"image\":{\"@id\":\"https:\/\/maison-chance.org\/shop\/fr\/produit\/chat-porte-bonheur#primaryimage\"},\"thumbnailUrl\":\"https:\/\/maison-chance.org\/shop\/wp-content\/uploads\/2024\/04\/con-meo-chieu-tai-vai-tho-cam.jpg\",\"datePublished\":\"2024-09-02T00:25:37+00:00\",\"dateModified\":\"2024-12-18T06:48:07+00:00\",\"description\":\"Placer le Chat Heureux en tissu brocart sur votre bureau apportera un sentiment de joie et de d\u00e9tente, vous aidant \u00e0 soulager le stress, invitant la fortune et la chance, et vous motivant \u00e0 avoir une journ\u00e9e de travail plus productive.\",\"breadcrumb\":{\"@id\":\"https:\/\/maison-chance.org\/shop\/fr\/produit\/chat-porte-bonheur#breadcrumb\"},\"inLanguage\":\"fr-FR\",\"potentialAction\":[{\"@type\":\"ReadAction\",\"target\":[\"https:\/\/maison-chance.org\/shop\/fr\/produit\/chat-porte-bonheur\"]}]},{\"@type\":\"ImageObject\",\"inLanguage\":\"fr-FR\",\"@id\":\"https:\/\/maison-chance.org\/shop\/fr\/produit\/chat-porte-bonheur#primaryimage\",\"url\":\"https:\/\/maison-chance.org\/shop\/wp-content\/uploads\/2024\/04\/con-meo-chieu-tai-vai-tho-cam.jpg\",\"contentUrl\":\"https:\/\/maison-chance.org\/shop\/wp-content\/uploads\/2024\/04\/con-meo-chieu-tai-vai-tho-cam.jpg\",\"width\":600,\"height\":600,\"caption\":\"Chat Heureux en tissu brocart\"},{\"@type\":\"BreadcrumbList\",\"@id\":\"https:\/\/maison-chance.org\/shop\/fr\/produit\/chat-porte-bonheur#breadcrumb\",\"itemListElement\":[{\"@type\":\"ListItem\",\"position\":1,\"name\":\"Trang ch\u1ee7\",\"item\":\"https:\/\/maison-chance.org\/shop\/fr\"},{\"@type\":\"ListItem\",\"position\":2,\"name\":\"Boutique\",\"item\":\"https:\/\/maison-chance.org\/shop\/shop\"},{\"@type\":\"ListItem\",\"position\":3,\"name\":\"Chat Porte Bonheur\"}]},{\"@type\":\"WebSite\",\"@id\":\"https:\/\/maison-chance.org\/shop\/fr#website\",\"url\":\"https:\/\/maison-chance.org\/shop\/fr\",\"name\":\"Nh\u00e0 May M\u1eafn - Maison Chance\",\"description\":\"M\u1ecdi l\u1ee3i nhu\u1eadn thu v\u1ec1 t\u1eeb vi\u1ec7c b\u00e1n h\u00e0ng s\u1ebd tr\u00edch m\u1ed9t ph\u1ea7n \u0111\u1ec3 ch\u0103m lo cho \u0111\u1eddi s\u1ed1ng c\u00e1c b\u1ea1n khuy\u1ebft t\u1eadt v\u00e0 tr\u1ebb m\u1ed3 c\u00f4i \u1edf \u0111\u00e2y\",\"publisher\":{\"@id\":\"https:\/\/maison-chance.org\/shop\/fr#organization\"},\"potentialAction\":[{\"@type\":\"SearchAction\",\"target\":{\"@type\":\"EntryPoint\",\"urlTemplate\":\"https:\/\/maison-chance.org\/shop\/fr?s={search_term_string}\"},\"query-input\":{\"@type\":\"PropertyValueSpecification\",\"valueRequired\":true,\"valueName\":\"search_term_string\"}}],\"inLanguage\":\"fr-FR\"},{\"@type\":\"Organization\",\"@id\":\"https:\/\/maison-chance.org\/shop\/fr#organization\",\"name\":\"Nh\u00e0 May M\u1eafn - Maison Chance\",\"url\":\"https:\/\/maison-chance.org\/shop\/fr\",\"logo\":{\"@type\":\"ImageObject\",\"inLanguage\":\"fr-FR\",\"@id\":\"https:\/\/maison-chance.org\/shop\/fr#\/schema\/logo\/image\/\",\"url\":\"https:\/\/maison-chance.org\/shop\/wp-content\/uploads\/2024\/03\/cropped-Logo_DNXH.png\",\"contentUrl\":\"https:\/\/maison-chance.org\/shop\/wp-content\/uploads\/2024\/03\/cropped-Logo_DNXH.png\",\"width\":512,\"height\":512,\"caption\":\"Nh\u00e0 May M\u1eafn - Maison Chance\"},\"image\":{\"@id\":\"https:\/\/maison-chance.org\/shop\/fr#\/schema\/logo\/image\/\"},\"sameAs\":[\"https:\/\/www.facebook.com\/dnxh.nhamayman\/\"]}]}<\/script>\n<meta property=\"product:price:amount\" content=\"6.16\" \/>\n<meta property=\"product:price:currency\" content=\"EUR\" \/>\n<meta property=\"og:availability\" content=\"instock\" \/>\n<meta property=\"product:availability\" content=\"instock\" \/>\n<meta property=\"product:condition\" content=\"new\" \/>\n<!-- \/ Yoast SEO Premium plugin. -->","yoast_head_json":{"title":"Chat Porte Bonheur - jouet en peluche en tissu brocart - Nh\u00e0 May M\u1eafn - Maison Chance","description":"Placer le Chat Heureux en tissu brocart sur votre bureau apportera un sentiment de joie et de d\u00e9tente, vous aidant \u00e0 soulager le stress, invitant la fortune et la chance, et vous motivant \u00e0 avoir une journ\u00e9e de travail plus productive.","robots":{"index":"index","follow":"follow","max-snippet":"max-snippet:-1","max-image-preview":"max-image-preview:large","max-video-preview":"max-video-preview:-1"},"canonical":"https:\/\/maison-chance.org\/shop\/fr\/produit\/chat-porte-bonheur","og_locale":"fr_FR","og_type":"article","og_title":"Chat Porte Bonheur","og_description":"Placer le Chat Heureux en tissu brocart sur votre bureau apportera un sentiment de joie et de d\u00e9tente, vous aidant \u00e0 soulager le stress, invitant la fortune et la chance, et vous motivant \u00e0 avoir une journ\u00e9e de travail plus productive.","og_url":"https:\/\/maison-chance.org\/shop\/fr\/produit\/chat-porte-bonheur","og_site_name":"Nh\u00e0 May M\u1eafn - Maison Chance","article_publisher":"https:\/\/www.facebook.com\/dnxh.nhamayman\/","article_modified_time":"2024-12-18T06:48:07+00:00","og_image":[{"width":600,"height":600,"url":"https:\/\/maison-chance.org\/shop\/wp-content\/uploads\/2024\/04\/con-meo-chieu-tai-vai-tho-cam.jpg","type":"image\/jpeg"}],"twitter_card":"summary_large_image","twitter_misc":{"Prix":"&euro;6.16","Disponibilit\u00e9":"En stock"},"schema":{"@context":"https:\/\/schema.org","@graph":[{"@type":"WebPage","@id":"https:\/\/maison-chance.org\/shop\/fr\/produit\/chat-porte-bonheur","url":"https:\/\/maison-chance.org\/shop\/fr\/produit\/chat-porte-bonheur","name":"Chat Porte Bonheur - jouet en peluche en tissu brocart - Nh\u00e0 May M\u1eafn - Maison Chance","isPartOf":{"@id":"https:\/\/maison-chance.org\/shop\/fr#website"},"primaryImageOfPage":{"@id":"https:\/\/maison-chance.org\/shop\/fr\/produit\/chat-porte-bonheur#primaryimage"},"image":{"@id":"https:\/\/maison-chance.org\/shop\/fr\/produit\/chat-porte-bonheur#primaryimage"},"thumbnailUrl":"https:\/\/maison-chance.org\/shop\/wp-content\/uploads\/2024\/04\/con-meo-chieu-tai-vai-tho-cam.jpg","datePublished":"2024-09-02T00:25:37+00:00","dateModified":"2024-12-18T06:48:07+00:00","description":"Placer le Chat Heureux en tissu brocart sur votre bureau apportera un sentiment de joie et de d\u00e9tente, vous aidant \u00e0 soulager le stress, invitant la fortune et la chance, et vous motivant \u00e0 avoir une journ\u00e9e de travail plus productive.","breadcrumb":{"@id":"https:\/\/maison-chance.org\/shop\/fr\/produit\/chat-porte-bonheur#breadcrumb"},"inLanguage":"fr-FR","potentialAction":[{"@type":"ReadAction","target":["https:\/\/maison-chance.org\/shop\/fr\/produit\/chat-porte-bonheur"]}]},{"@type":"ImageObject","inLanguage":"fr-FR","@id":"https:\/\/maison-chance.org\/shop\/fr\/produit\/chat-porte-bonheur#primaryimage","url":"https:\/\/maison-chance.org\/shop\/wp-content\/uploads\/2024\/04\/con-meo-chieu-tai-vai-tho-cam.jpg","contentUrl":"https:\/\/maison-chance.org\/shop\/wp-content\/uploads\/2024\/04\/con-meo-chieu-tai-vai-tho-cam.jpg","width":600,"height":600,"caption":"Chat Heureux en tissu brocart"},{"@type":"BreadcrumbList","@id":"https:\/\/maison-chance.org\/shop\/fr\/produit\/chat-porte-bonheur#breadcrumb","itemListElement":[{"@type":"ListItem","position":1,"name":"Trang ch\u1ee7","item":"https:\/\/maison-chance.org\/shop\/fr"},{"@type":"ListItem","position":2,"name":"Boutique","item":"https:\/\/maison-chance.org\/shop\/shop"},{"@type":"ListItem","position":3,"name":"Chat Porte Bonheur"}]},{"@type":"WebSite","@id":"https:\/\/maison-chance.org\/shop\/fr#website","url":"https:\/\/maison-chance.org\/shop\/fr","name":"Nh\u00e0 May M\u1eafn - Maison Chance","description":"M\u1ecdi l\u1ee3i nhu\u1eadn thu v\u1ec1 t\u1eeb vi\u1ec7c b\u00e1n h\u00e0ng s\u1ebd tr\u00edch m\u1ed9t ph\u1ea7n \u0111\u1ec3 ch\u0103m lo cho \u0111\u1eddi s\u1ed1ng c\u00e1c b\u1ea1n khuy\u1ebft t\u1eadt v\u00e0 tr\u1ebb m\u1ed3 c\u00f4i \u1edf \u0111\u00e2y","publisher":{"@id":"https:\/\/maison-chance.org\/shop\/fr#organization"},"potentialAction":[{"@type":"SearchAction","target":{"@type":"EntryPoint","urlTemplate":"https:\/\/maison-chance.org\/shop\/fr?s={search_term_string}"},"query-input":{"@type":"PropertyValueSpecification","valueRequired":true,"valueName":"search_term_string"}}],"inLanguage":"fr-FR"},{"@type":"Organization","@id":"https:\/\/maison-chance.org\/shop\/fr#organization","name":"Nh\u00e0 May M\u1eafn - Maison Chance","url":"https:\/\/maison-chance.org\/shop\/fr","logo":{"@type":"ImageObject","inLanguage":"fr-FR","@id":"https:\/\/maison-chance.org\/shop\/fr#\/schema\/logo\/image\/","url":"https:\/\/maison-chance.org\/shop\/wp-content\/uploads\/2024\/03\/cropped-Logo_DNXH.png","contentUrl":"https:\/\/maison-chance.org\/shop\/wp-content\/uploads\/2024\/03\/cropped-Logo_DNXH.png","width":512,"height":512,"caption":"Nh\u00e0 May M\u1eafn - Maison Chance"},"image":{"@id":"https:\/\/maison-chance.org\/shop\/fr#\/schema\/logo\/image\/"},"sameAs":["https:\/\/www.facebook.com\/dnxh.nhamayman\/"]}]},"product_price_amount":"6.16","product_price_currency":"EUR","og_availability":"instock","product_availability":"instock","product_condition":"new"},"_links":{"self":[{"href":"https:\/\/maison-chance.org\/shop\/fr\/wp-json\/wp\/v2\/product\/40593","targetHints":{"allow":["GET"]}}],"collection":[{"href":"https:\/\/maison-chance.org\/shop\/fr\/wp-json\/wp\/v2\/product"}],"about":[{"href":"https:\/\/maison-chance.org\/shop\/fr\/wp-json\/wp\/v2\/types\/product"}],"wp:featuredmedia":[{"embeddable":true,"href":"https:\/\/maison-chance.org\/shop\/fr\/wp-json\/wp\/v2\/media\/37009"}],"wp:attachment":[{"href":"https:\/\/maison-chance.org\/shop\/fr\/wp-json\/wp\/v2\/media?parent=40593"}],"wp:term":[{"taxonomy":"product_brand","embeddable":true,"href":"https:\/\/maison-chance.org\/shop\/fr\/wp-json\/wp\/v2\/product_brand?post=40593"},{"taxonomy":"product_cat","embeddable":true,"href":"https:\/\/maison-chance.org\/shop\/fr\/wp-json\/wp\/v2\/product_cat?post=40593"},{"taxonomy":"product_tag","embeddable":true,"href":"https:\/\/maison-chance.org\/shop\/fr\/wp-json\/wp\/v2\/product_tag?post=40593"}],"curies":[{"name":"wp","href":"https:\/\/api.w.org\/{rel}","templated":true}]}}