{"id":40618,"date":"2024-09-08T07:00:13","date_gmt":"2024-09-08T00:00:13","guid":{"rendered":"https:\/\/maison-chance.org\/shop\/san-pham\/chacal"},"modified":"2025-03-12T10:38:24","modified_gmt":"2025-03-12T03:38:24","slug":"chacal","status":"publish","type":"product","link":"https:\/\/maison-chance.org\/shop\/fr\/produit\/chacal","title":{"rendered":"Chacal"},"content":{"rendered":"<p style=\"text-align: justify;\">Vous recherchez un objet d\u00e9coratif \u00e0 la fois unique et porteur d&rsquo;un profond sens humanitaire ? Laissez le chien Chacal de Maison Chance conqu\u00e9rir votre c\u0153ur ! Le chien Chacal, \u00e9galement connu sous le nom de chien sauvage du d\u00e9sert, est c\u00e9l\u00e8bre pour son agilit\u00e9 et son intelligence aigu\u00eb. En tant que symbole de courage et d&rsquo;adaptabilit\u00e9 forte dans toutes les circonstances, ce chien a inspir\u00e9 la cr\u00e9ation d&rsquo;un produit unique, \u00e0 la fois puissant et adorable.<\/p>\n<p data-start=\"695\" data-end=\"742\"><strong>Artisanat Exquis \u2013 Beaut\u00e9 dans Chaque Coup de Pinceau<\/strong><\/p>\n<p style=\"text-align: justify;\">Avec une taille compacte de 9 x 23 cm, le chien Chacal (code produit TC32TB) est le choix parfait pour d\u00e9corer n&rsquo;importe quel petit coin de votre maison. Ce qui rend ce produit sp\u00e9cial, ce sont les motifs d\u00e9licatement peints \u00e0 la main sur le doux tissu en lin, offrant une sensation r\u00e9aliste et vibrante. Chaque coup de pinceau porte la passion des artisans handicap\u00e9s de Maison Chance, transformant chaque produit en une \u0153uvre d&rsquo;art miniature.<\/p>\n<p style=\"text-align: justify;\"><strong>Applications Vari\u00e9es, Adapt\u00e9es \u00e0 Tout Espace :<\/strong><\/p>\n<p>Dans de nombreuses cultures, ce chien est \u00e9galement consid\u00e9r\u00e9 comme un symbole de protection et de loyaut\u00e9. Placer le chien Chacal en peluche dans votre maison n&rsquo;est pas seulement un objet d\u00e9coratif unique, mais cela porte aussi un sens feng shui de protection et de paix pour la famille.<\/p>\n<p style=\"text-align: justify;\">Placez-le sur une \u00e9tag\u00e8re pour cr\u00e9er un accent int\u00e9ressant dans votre coin lecture. Ou dans le bureau, le chien Chacal en peluche sera un compagnon adorable, apportant une inspiration sans fin. Placez-le dans la chambre des enfants et vous verrez qu&rsquo;il deviendra un ami proche, encourageant l&rsquo;imagination et la cr\u00e9ativit\u00e9 des petits.<\/p>\n<p style=\"text-align: justify;\">Dans le salon, le chien Chacal peut devenir le point central de chaque conversation. Placez-le sur la table basse ou sur l&rsquo;\u00e9tag\u00e8re de la t\u00e9l\u00e9vision, et vous constaterez que votre espace de vie devient plus chaleureux et vivant. Dans la chambre, il sera un compagnon adorable, apportant une sensation de paix et de d\u00e9tente chaque fois que vous rentrez apr\u00e8s une longue journ\u00e9e.<\/p>\n<p style=\"text-align: justify;\"><strong>Plus qu&rsquo;un simple cadeau &#8211; Un message d&rsquo;amour :<\/strong><\/p>\n<p>En int\u00e9grant l&rsquo;image du chien Chacal dans le produit en peluche, Maison Chance souhaite transmettre un message de pers\u00e9v\u00e9rance, de d\u00e9passement des difficult\u00e9s et d&rsquo;esprit indomptable \u2013 qui est aussi l&rsquo;histoire inspirante des couturiers handicap\u00e9s qui ont cr\u00e9\u00e9 ce produit. Chaque animal en peluche en forme de chien Chacal n&rsquo;est pas seulement un produit, mais aussi une histoire de r\u00e9silience et de foi. Lorsque vous achetez ce produit, vous ne poss\u00e9dez pas seulement un objet d\u00e9coratif unique, mais vous soutenez \u00e9galement et offrez des opportunit\u00e9s d&#8217;emploi aux personnes handicap\u00e9es, les aidant \u00e0 avoir plus confiance en elles dans la vie.<\/p>\n<p style=\"text-align: justify;\"><strong>Obtenez le v\u00f4tre d\u00e8s aujourd&rsquo;hui !<\/strong><\/p>\n<p style=\"text-align: justify;\">En choisissant d&rsquo;acheter le chien Chacal, vous embellissez non seulement votre espace de vie, mais vous contribuez aussi \u00e0 une noble mission &#8211; soutenir la communaut\u00e9 des personnes handicap\u00e9es. Chaque produit que vous achetez est une source d&rsquo;encouragement, une opportunit\u00e9 d&#8217;emploi et un phare d&rsquo;espoir pour les couturiers chez <a href=\"https:\/\/maison-chance.org\/shop\">Maison Chance<\/a>.<\/p>\n","protected":false},"excerpt":{"rendered":"<p style=\"text-align: justify;\">Produits fabriqu\u00e9s \u00e0 la main par nos amis handicap\u00e9s moins fortun\u00e9s, nous demandons humblement votre soutien.<\/p>\n<p>Mat\u00e9riau : Tissu de lin + peint \u00e0 la main<\/p>\n<p>Code : TC32TB<\/p>\n<p>Hotline : <span style=\"font-size: 20px;\"><strong><span style=\"color: #ff0000;\">0909 06 25 28<\/span><\/strong><\/span><\/p>\n<p style=\"text-align: justify;\">Si vous \u00eates au Vietnam, veuillez nous contacter via la hotline ou la page fan de l&rsquo;entreprise Maison Chance pour conna\u00eetre le prix au Vietnam.<\/p>\n","protected":false},"featured_media":40603,"template":"","meta":[],"product_brand":[],"product_cat":[243,231],"product_tag":[],"class_list":{"0":"post-40618","1":"product","2":"type-product","3":"status-publish","4":"has-post-thumbnail","6":"product_cat-animal-en-peluche","7":"product_cat-atelier-de-couture","9":"first","10":"instock","11":"shipping-taxable","12":"purchasable","13":"product-type-simple"},"yoast_head":"<!-- This site is optimized with the Yoast SEO Premium plugin v22.7 (Yoast SEO v25.3.1) - https:\/\/yoast.com\/wordpress\/plugins\/seo\/ -->\n<title>Chacal - peluche en tissu de lin + peinte \u00e0 la main - Nh\u00e0 May M\u1eafn - Maison Chance<\/title>\n<meta name=\"description\" content=\"Chaque animal en peluche en forme de chien Chacal n&#039;est pas qu&#039;un produit, mais une histoire de r\u00e9silience et de foi. Cr\u00e9\u00e9 par des tailleurs handicap\u00e9s \u00e0 Maison Chance\" \/>\n<meta name=\"robots\" content=\"index, follow, max-snippet:-1, max-image-preview:large, max-video-preview:-1\" \/>\n<link rel=\"canonical\" href=\"https:\/\/maison-chance.org\/shop\/fr\/produit\/chacal\" \/>\n<meta property=\"og:locale\" content=\"fr_FR\" \/>\n<meta property=\"og:type\" content=\"article\" \/>\n<meta property=\"og:title\" content=\"Chacal\" \/>\n<meta property=\"og:description\" content=\"Chaque animal en peluche en forme de chien Chacal n&#039;est pas qu&#039;un produit, mais une histoire de r\u00e9silience et de foi. Cr\u00e9\u00e9 par des tailleurs handicap\u00e9s \u00e0 Maison Chance\" \/>\n<meta property=\"og:url\" content=\"https:\/\/maison-chance.org\/shop\/fr\/produit\/chacal\" \/>\n<meta property=\"og:site_name\" content=\"Nh\u00e0 May M\u1eafn - Maison Chance\" \/>\n<meta property=\"article:publisher\" content=\"https:\/\/www.facebook.com\/dnxh.nhamayman\/\" \/>\n<meta property=\"article:modified_time\" content=\"2025-03-12T03:38:24+00:00\" \/>\n<meta property=\"og:image\" content=\"https:\/\/maison-chance.org\/shop\/wp-content\/uploads\/2024\/09\/con-cho-Chacal-02.jpg\" \/>\n\t<meta property=\"og:image:width\" content=\"600\" \/>\n\t<meta property=\"og:image:height\" content=\"600\" \/>\n\t<meta property=\"og:image:type\" content=\"image\/jpeg\" \/>\n<meta name=\"twitter:card\" content=\"summary_large_image\" \/>\n<meta name=\"twitter:label1\" content=\"Prix\" \/>\n\t<meta name=\"twitter:data1\" content=\"&euro;9.38\" \/>\n\t<meta name=\"twitter:label2\" content=\"Disponibilit\u00e9\" \/>\n\t<meta name=\"twitter:data2\" content=\"En stock\" \/>\n<script type=\"application\/ld+json\" class=\"yoast-schema-graph\">{\"@context\":\"https:\/\/schema.org\",\"@graph\":[{\"@type\":\"WebPage\",\"@id\":\"https:\/\/maison-chance.org\/shop\/fr\/produit\/chacal\",\"url\":\"https:\/\/maison-chance.org\/shop\/fr\/produit\/chacal\",\"name\":\"Chacal - peluche en tissu de lin + peinte \u00e0 la main - Nh\u00e0 May M\u1eafn - Maison Chance\",\"isPartOf\":{\"@id\":\"https:\/\/maison-chance.org\/shop\/fr#website\"},\"primaryImageOfPage\":{\"@id\":\"https:\/\/maison-chance.org\/shop\/fr\/produit\/chacal#primaryimage\"},\"image\":{\"@id\":\"https:\/\/maison-chance.org\/shop\/fr\/produit\/chacal#primaryimage\"},\"thumbnailUrl\":\"https:\/\/maison-chance.org\/shop\/wp-content\/uploads\/2024\/09\/con-cho-Chacal-02.jpg\",\"datePublished\":\"2024-09-08T00:00:13+00:00\",\"dateModified\":\"2025-03-12T03:38:24+00:00\",\"description\":\"Chaque animal en peluche en forme de chien Chacal n'est pas qu'un produit, mais une histoire de r\u00e9silience et de foi. Cr\u00e9\u00e9 par des tailleurs handicap\u00e9s \u00e0 Maison Chance\",\"breadcrumb\":{\"@id\":\"https:\/\/maison-chance.org\/shop\/fr\/produit\/chacal#breadcrumb\"},\"inLanguage\":\"fr-FR\",\"potentialAction\":[{\"@type\":\"ReadAction\",\"target\":[\"https:\/\/maison-chance.org\/shop\/fr\/produit\/chacal\"]}]},{\"@type\":\"ImageObject\",\"inLanguage\":\"fr-FR\",\"@id\":\"https:\/\/maison-chance.org\/shop\/fr\/produit\/chacal#primaryimage\",\"url\":\"https:\/\/maison-chance.org\/shop\/wp-content\/uploads\/2024\/09\/con-cho-Chacal-02.jpg\",\"contentUrl\":\"https:\/\/maison-chance.org\/shop\/wp-content\/uploads\/2024\/09\/con-cho-Chacal-02.jpg\",\"width\":600,\"height\":600,\"caption\":\"Chacal\"},{\"@type\":\"BreadcrumbList\",\"@id\":\"https:\/\/maison-chance.org\/shop\/fr\/produit\/chacal#breadcrumb\",\"itemListElement\":[{\"@type\":\"ListItem\",\"position\":1,\"name\":\"Trang ch\u1ee7\",\"item\":\"https:\/\/maison-chance.org\/shop\/fr\"},{\"@type\":\"ListItem\",\"position\":2,\"name\":\"Boutique\",\"item\":\"https:\/\/maison-chance.org\/shop\/shop\"},{\"@type\":\"ListItem\",\"position\":3,\"name\":\"Chacal\"}]},{\"@type\":\"WebSite\",\"@id\":\"https:\/\/maison-chance.org\/shop\/fr#website\",\"url\":\"https:\/\/maison-chance.org\/shop\/fr\",\"name\":\"Nh\u00e0 May M\u1eafn - Maison Chance\",\"description\":\"M\u1ecdi l\u1ee3i nhu\u1eadn thu v\u1ec1 t\u1eeb vi\u1ec7c b\u00e1n h\u00e0ng s\u1ebd tr\u00edch m\u1ed9t ph\u1ea7n \u0111\u1ec3 ch\u0103m lo cho \u0111\u1eddi s\u1ed1ng c\u00e1c b\u1ea1n khuy\u1ebft t\u1eadt v\u00e0 tr\u1ebb m\u1ed3 c\u00f4i \u1edf \u0111\u00e2y\",\"publisher\":{\"@id\":\"https:\/\/maison-chance.org\/shop\/fr#organization\"},\"potentialAction\":[{\"@type\":\"SearchAction\",\"target\":{\"@type\":\"EntryPoint\",\"urlTemplate\":\"https:\/\/maison-chance.org\/shop\/fr?s={search_term_string}\"},\"query-input\":{\"@type\":\"PropertyValueSpecification\",\"valueRequired\":true,\"valueName\":\"search_term_string\"}}],\"inLanguage\":\"fr-FR\"},{\"@type\":\"Organization\",\"@id\":\"https:\/\/maison-chance.org\/shop\/fr#organization\",\"name\":\"Nh\u00e0 May M\u1eafn - Maison Chance\",\"url\":\"https:\/\/maison-chance.org\/shop\/fr\",\"logo\":{\"@type\":\"ImageObject\",\"inLanguage\":\"fr-FR\",\"@id\":\"https:\/\/maison-chance.org\/shop\/fr#\/schema\/logo\/image\/\",\"url\":\"https:\/\/maison-chance.org\/shop\/wp-content\/uploads\/2024\/03\/cropped-Logo_DNXH.png\",\"contentUrl\":\"https:\/\/maison-chance.org\/shop\/wp-content\/uploads\/2024\/03\/cropped-Logo_DNXH.png\",\"width\":512,\"height\":512,\"caption\":\"Nh\u00e0 May M\u1eafn - Maison Chance\"},\"image\":{\"@id\":\"https:\/\/maison-chance.org\/shop\/fr#\/schema\/logo\/image\/\"},\"sameAs\":[\"https:\/\/www.facebook.com\/dnxh.nhamayman\/\"]}]}<\/script>\n<meta property=\"product:price:amount\" content=\"9.38\" \/>\n<meta property=\"product:price:currency\" content=\"EUR\" \/>\n<meta property=\"og:availability\" content=\"instock\" \/>\n<meta property=\"product:availability\" content=\"instock\" \/>\n<meta property=\"product:condition\" content=\"new\" \/>\n<!-- \/ Yoast SEO Premium plugin. -->","yoast_head_json":{"title":"Chacal - peluche en tissu de lin + peinte \u00e0 la main - Nh\u00e0 May M\u1eafn - Maison Chance","description":"Chaque animal en peluche en forme de chien Chacal n'est pas qu'un produit, mais une histoire de r\u00e9silience et de foi. Cr\u00e9\u00e9 par des tailleurs handicap\u00e9s \u00e0 Maison Chance","robots":{"index":"index","follow":"follow","max-snippet":"max-snippet:-1","max-image-preview":"max-image-preview:large","max-video-preview":"max-video-preview:-1"},"canonical":"https:\/\/maison-chance.org\/shop\/fr\/produit\/chacal","og_locale":"fr_FR","og_type":"article","og_title":"Chacal","og_description":"Chaque animal en peluche en forme de chien Chacal n'est pas qu'un produit, mais une histoire de r\u00e9silience et de foi. Cr\u00e9\u00e9 par des tailleurs handicap\u00e9s \u00e0 Maison Chance","og_url":"https:\/\/maison-chance.org\/shop\/fr\/produit\/chacal","og_site_name":"Nh\u00e0 May M\u1eafn - Maison Chance","article_publisher":"https:\/\/www.facebook.com\/dnxh.nhamayman\/","article_modified_time":"2025-03-12T03:38:24+00:00","og_image":[{"width":600,"height":600,"url":"https:\/\/maison-chance.org\/shop\/wp-content\/uploads\/2024\/09\/con-cho-Chacal-02.jpg","type":"image\/jpeg"}],"twitter_card":"summary_large_image","twitter_misc":{"Prix":"&euro;9.38","Disponibilit\u00e9":"En stock"},"schema":{"@context":"https:\/\/schema.org","@graph":[{"@type":"WebPage","@id":"https:\/\/maison-chance.org\/shop\/fr\/produit\/chacal","url":"https:\/\/maison-chance.org\/shop\/fr\/produit\/chacal","name":"Chacal - peluche en tissu de lin + peinte \u00e0 la main - Nh\u00e0 May M\u1eafn - Maison Chance","isPartOf":{"@id":"https:\/\/maison-chance.org\/shop\/fr#website"},"primaryImageOfPage":{"@id":"https:\/\/maison-chance.org\/shop\/fr\/produit\/chacal#primaryimage"},"image":{"@id":"https:\/\/maison-chance.org\/shop\/fr\/produit\/chacal#primaryimage"},"thumbnailUrl":"https:\/\/maison-chance.org\/shop\/wp-content\/uploads\/2024\/09\/con-cho-Chacal-02.jpg","datePublished":"2024-09-08T00:00:13+00:00","dateModified":"2025-03-12T03:38:24+00:00","description":"Chaque animal en peluche en forme de chien Chacal n'est pas qu'un produit, mais une histoire de r\u00e9silience et de foi. Cr\u00e9\u00e9 par des tailleurs handicap\u00e9s \u00e0 Maison Chance","breadcrumb":{"@id":"https:\/\/maison-chance.org\/shop\/fr\/produit\/chacal#breadcrumb"},"inLanguage":"fr-FR","potentialAction":[{"@type":"ReadAction","target":["https:\/\/maison-chance.org\/shop\/fr\/produit\/chacal"]}]},{"@type":"ImageObject","inLanguage":"fr-FR","@id":"https:\/\/maison-chance.org\/shop\/fr\/produit\/chacal#primaryimage","url":"https:\/\/maison-chance.org\/shop\/wp-content\/uploads\/2024\/09\/con-cho-Chacal-02.jpg","contentUrl":"https:\/\/maison-chance.org\/shop\/wp-content\/uploads\/2024\/09\/con-cho-Chacal-02.jpg","width":600,"height":600,"caption":"Chacal"},{"@type":"BreadcrumbList","@id":"https:\/\/maison-chance.org\/shop\/fr\/produit\/chacal#breadcrumb","itemListElement":[{"@type":"ListItem","position":1,"name":"Trang ch\u1ee7","item":"https:\/\/maison-chance.org\/shop\/fr"},{"@type":"ListItem","position":2,"name":"Boutique","item":"https:\/\/maison-chance.org\/shop\/shop"},{"@type":"ListItem","position":3,"name":"Chacal"}]},{"@type":"WebSite","@id":"https:\/\/maison-chance.org\/shop\/fr#website","url":"https:\/\/maison-chance.org\/shop\/fr","name":"Nh\u00e0 May M\u1eafn - Maison Chance","description":"M\u1ecdi l\u1ee3i nhu\u1eadn thu v\u1ec1 t\u1eeb vi\u1ec7c b\u00e1n h\u00e0ng s\u1ebd tr\u00edch m\u1ed9t ph\u1ea7n \u0111\u1ec3 ch\u0103m lo cho \u0111\u1eddi s\u1ed1ng c\u00e1c b\u1ea1n khuy\u1ebft t\u1eadt v\u00e0 tr\u1ebb m\u1ed3 c\u00f4i \u1edf \u0111\u00e2y","publisher":{"@id":"https:\/\/maison-chance.org\/shop\/fr#organization"},"potentialAction":[{"@type":"SearchAction","target":{"@type":"EntryPoint","urlTemplate":"https:\/\/maison-chance.org\/shop\/fr?s={search_term_string}"},"query-input":{"@type":"PropertyValueSpecification","valueRequired":true,"valueName":"search_term_string"}}],"inLanguage":"fr-FR"},{"@type":"Organization","@id":"https:\/\/maison-chance.org\/shop\/fr#organization","name":"Nh\u00e0 May M\u1eafn - Maison Chance","url":"https:\/\/maison-chance.org\/shop\/fr","logo":{"@type":"ImageObject","inLanguage":"fr-FR","@id":"https:\/\/maison-chance.org\/shop\/fr#\/schema\/logo\/image\/","url":"https:\/\/maison-chance.org\/shop\/wp-content\/uploads\/2024\/03\/cropped-Logo_DNXH.png","contentUrl":"https:\/\/maison-chance.org\/shop\/wp-content\/uploads\/2024\/03\/cropped-Logo_DNXH.png","width":512,"height":512,"caption":"Nh\u00e0 May M\u1eafn - Maison Chance"},"image":{"@id":"https:\/\/maison-chance.org\/shop\/fr#\/schema\/logo\/image\/"},"sameAs":["https:\/\/www.facebook.com\/dnxh.nhamayman\/"]}]},"product_price_amount":"9.38","product_price_currency":"EUR","og_availability":"instock","product_availability":"instock","product_condition":"new"},"_links":{"self":[{"href":"https:\/\/maison-chance.org\/shop\/fr\/wp-json\/wp\/v2\/product\/40618","targetHints":{"allow":["GET"]}}],"collection":[{"href":"https:\/\/maison-chance.org\/shop\/fr\/wp-json\/wp\/v2\/product"}],"about":[{"href":"https:\/\/maison-chance.org\/shop\/fr\/wp-json\/wp\/v2\/types\/product"}],"wp:featuredmedia":[{"embeddable":true,"href":"https:\/\/maison-chance.org\/shop\/fr\/wp-json\/wp\/v2\/media\/40603"}],"wp:attachment":[{"href":"https:\/\/maison-chance.org\/shop\/fr\/wp-json\/wp\/v2\/media?parent=40618"}],"wp:term":[{"taxonomy":"product_brand","embeddable":true,"href":"https:\/\/maison-chance.org\/shop\/fr\/wp-json\/wp\/v2\/product_brand?post=40618"},{"taxonomy":"product_cat","embeddable":true,"href":"https:\/\/maison-chance.org\/shop\/fr\/wp-json\/wp\/v2\/product_cat?post=40618"},{"taxonomy":"product_tag","embeddable":true,"href":"https:\/\/maison-chance.org\/shop\/fr\/wp-json\/wp\/v2\/product_tag?post=40618"}],"curies":[{"name":"wp","href":"https:\/\/api.w.org\/{rel}","templated":true}]}}