{"id":40622,"date":"2024-09-09T07:00:18","date_gmt":"2024-09-09T00:00:18","guid":{"rendered":"https:\/\/maison-chance.org\/shop\/san-pham\/ours-2"},"modified":"2025-03-12T10:46:17","modified_gmt":"2025-03-12T03:46:17","slug":"ours-2","status":"publish","type":"product","link":"https:\/\/maison-chance.org\/shop\/fr\/produit\/ours-2","title":{"rendered":"Ours"},"content":{"rendered":"<p style=\"text-align: justify;\">Vous cherchez un objet \u00e0 la fois mignon et \u00e9l\u00e9gant pour rafra\u00eechir votre espace de vie ? Ou peut-\u00eatre souhaitez-vous offrir \u00e0 quelqu&rsquo;un un cadeau adorable et plein de sens ?<br data-start=\"230\" data-end=\"233\" \/>L&rsquo;ours en peluche en jean et kate est le candidat parfait !<\/p>\n<p style=\"text-align: justify;\">Compact mais incroyablement adorable, mesurant seulement 10 x 15 cm, cet ours en peluche en jean et kate est s\u00fbr de conqu\u00e9rir le c\u0153ur de quiconque d\u00e8s le premier regard ! Son corps entier est d\u00e9cor\u00e9 d&rsquo;un motif \u00e0 pois ludique, \u00e0 la fois classique et espi\u00e8gle. De plus, le n\u0153ud rouge autour de son cou ajoute \u00e0 la personnalit\u00e9 charmante de l&rsquo;ours.<\/p>\n<p data-start=\"783\" data-end=\"831\"><strong>Une d\u00e9coration belle partout \u2013 Belle o\u00f9 que vous le mettiez<\/strong><\/p>\n<ul data-start=\"832\" data-end=\"1138\">\n<li data-start=\"832\" data-end=\"938\"><strong data-start=\"834\" data-end=\"850\">Salon :<\/strong> Placez-le sur le canap\u00e9 ou l&rsquo;\u00e9tag\u00e8re de d\u00e9coration, et vos invit\u00e9s ne manqueront pas de l&rsquo;admirer.<\/li>\n<li data-start=\"939\" data-end=\"1033\"><strong data-start=\"941\" data-end=\"955\">Chambre :<\/strong> Cet adorable compagnon rendra vos nuits plus douces et agr\u00e9ables.<\/li>\n<li data-start=\"1034\" data-end=\"1138\"><strong data-start=\"1036\" data-end=\"1053\">Bureau :<\/strong> Placez-le dans un coin de votre bureau, et il apportera joie et inspiration cr\u00e9ative chaque jour.<\/li>\n<\/ul>\n<p style=\"text-align: justify;\">Non seulement un jouet ordinaire, cet ours en peluche porte \u00e9galement une signification plus profonde. Il repr\u00e9sente le d\u00e9vouement, l&rsquo;effort et le talent des couturi\u00e8res handicap\u00e9es chez Maison Chance. Chaque produit comme celui-ci raconte une histoire de d\u00e9passement des difficult\u00e9s et de volont\u00e9 de vivre de ces personnes exceptionnelles.<\/p>\n<p style=\"text-align: justify;\">Ne laissez pas cet ours mignon attendre plus longtemps ! Achetez-le aujourd&rsquo;hui pour r\u00e9pandre la joie, l&rsquo;amour et continuer \u00e0 \u00e9crire des histoires significatives avec <a href=\"https:\/\/maison-chance.org\/shop\">Maison Chance<\/a> !<br data-start=\"1729\" data-end=\"1732\" \/><strong data-start=\"1732\" data-end=\"1763\" data-is-last-node=\"\">Ne tardez pas, avant qu&rsquo;ils ne soient \u00e9puis\u00e9s !<\/strong><\/p>\n","protected":false},"excerpt":{"rendered":"<p style=\"text-align: justify;\">Les produits sont fabriqu\u00e9s \u00e0 la main par des amis handicap\u00e9s d\u00e9favoris\u00e9s, et nous esp\u00e9rons recevoir le soutien de nos pr\u00e9cieux clients.<\/p>\n<p>Mat\u00e9riau : Tissu en lin + peint \u00e0 la main<\/p>\n<p>Code : TC31TB<\/p>\n<p>Hotline : <span style=\"font-size: 20px;\"><strong><span style=\"color: #ff0000;\">0909 06 25 28<\/span><\/strong><\/span><\/p>\n<p style=\"text-align: justify;\">Si vous \u00eates au Vietnam, veuillez nous contacter via la hotline ou la page fan de l&rsquo;entreprise Maison Chance pour conna\u00eetre le prix de vente au Vietnam.<\/p>\n","protected":false},"featured_media":36986,"template":"","meta":[],"product_brand":[],"product_cat":[243,231],"product_tag":[],"class_list":{"0":"post-40622","1":"product","2":"type-product","3":"status-publish","4":"has-post-thumbnail","6":"product_cat-animal-en-peluche","7":"product_cat-atelier-de-couture","9":"first","10":"instock","11":"shipping-taxable","12":"purchasable","13":"product-type-simple"},"yoast_head":"<!-- This site is optimized with the Yoast SEO Premium plugin v22.7 (Yoast SEO v25.3.1) - https:\/\/yoast.com\/wordpress\/plugins\/seo\/ -->\n<title>Ours- Peluche en tissu Jean + Kate - Nh\u00e0 May M\u1eafn - Maison Chance<\/title>\n<meta name=\"description\" content=\"Cet ours en peluche en jean et kate, un produit fabriqu\u00e9 par des personnes handicap\u00e9es, est parfait comme jouet, d\u00e9coration d&#039;int\u00e9rieur ou cadeau pour les proches.\" \/>\n<meta name=\"robots\" content=\"index, follow, max-snippet:-1, max-image-preview:large, max-video-preview:-1\" \/>\n<link rel=\"canonical\" href=\"https:\/\/maison-chance.org\/shop\/fr\/produit\/ours-2\" \/>\n<meta property=\"og:locale\" content=\"fr_FR\" \/>\n<meta property=\"og:type\" content=\"article\" \/>\n<meta property=\"og:title\" content=\"Ours\" \/>\n<meta property=\"og:description\" content=\"Cet ours en peluche en jean et kate, un produit fabriqu\u00e9 par des personnes handicap\u00e9es, est parfait comme jouet, d\u00e9coration d&#039;int\u00e9rieur ou cadeau pour les proches.\" \/>\n<meta property=\"og:url\" content=\"https:\/\/maison-chance.org\/shop\/fr\/produit\/ours-2\" \/>\n<meta property=\"og:site_name\" content=\"Nh\u00e0 May M\u1eafn - Maison Chance\" \/>\n<meta property=\"article:publisher\" content=\"https:\/\/www.facebook.com\/dnxh.nhamayman\/\" \/>\n<meta property=\"article:modified_time\" content=\"2025-03-12T03:46:17+00:00\" \/>\n<meta property=\"og:image\" content=\"https:\/\/maison-chance.org\/shop\/wp-content\/uploads\/2024\/04\/thu-nhoi-bong-hinh-con-gau-jena-vai-tho-cam-1.jpg\" \/>\n\t<meta property=\"og:image:width\" content=\"600\" \/>\n\t<meta property=\"og:image:height\" content=\"600\" \/>\n\t<meta property=\"og:image:type\" content=\"image\/jpeg\" \/>\n<meta name=\"twitter:card\" content=\"summary_large_image\" \/>\n<meta name=\"twitter:label1\" content=\"Prix\" \/>\n\t<meta name=\"twitter:data1\" content=\"&euro;3.96\" \/>\n\t<meta name=\"twitter:label2\" content=\"Disponibilit\u00e9\" \/>\n\t<meta name=\"twitter:data2\" content=\"En stock\" \/>\n<script type=\"application\/ld+json\" class=\"yoast-schema-graph\">{\"@context\":\"https:\/\/schema.org\",\"@graph\":[{\"@type\":\"WebPage\",\"@id\":\"https:\/\/maison-chance.org\/shop\/fr\/produit\/ours-2\",\"url\":\"https:\/\/maison-chance.org\/shop\/fr\/produit\/ours-2\",\"name\":\"Ours- Peluche en tissu Jean + Kate - Nh\u00e0 May M\u1eafn - Maison Chance\",\"isPartOf\":{\"@id\":\"https:\/\/maison-chance.org\/shop\/fr#website\"},\"primaryImageOfPage\":{\"@id\":\"https:\/\/maison-chance.org\/shop\/fr\/produit\/ours-2#primaryimage\"},\"image\":{\"@id\":\"https:\/\/maison-chance.org\/shop\/fr\/produit\/ours-2#primaryimage\"},\"thumbnailUrl\":\"https:\/\/maison-chance.org\/shop\/wp-content\/uploads\/2024\/04\/thu-nhoi-bong-hinh-con-gau-jena-vai-tho-cam-1.jpg\",\"datePublished\":\"2024-09-09T00:00:18+00:00\",\"dateModified\":\"2025-03-12T03:46:17+00:00\",\"description\":\"Cet ours en peluche en jean et kate, un produit fabriqu\u00e9 par des personnes handicap\u00e9es, est parfait comme jouet, d\u00e9coration d'int\u00e9rieur ou cadeau pour les proches.\",\"breadcrumb\":{\"@id\":\"https:\/\/maison-chance.org\/shop\/fr\/produit\/ours-2#breadcrumb\"},\"inLanguage\":\"fr-FR\",\"potentialAction\":[{\"@type\":\"ReadAction\",\"target\":[\"https:\/\/maison-chance.org\/shop\/fr\/produit\/ours-2\"]}]},{\"@type\":\"ImageObject\",\"inLanguage\":\"fr-FR\",\"@id\":\"https:\/\/maison-chance.org\/shop\/fr\/produit\/ours-2#primaryimage\",\"url\":\"https:\/\/maison-chance.org\/shop\/wp-content\/uploads\/2024\/04\/thu-nhoi-bong-hinh-con-gau-jena-vai-tho-cam-1.jpg\",\"contentUrl\":\"https:\/\/maison-chance.org\/shop\/wp-content\/uploads\/2024\/04\/thu-nhoi-bong-hinh-con-gau-jena-vai-tho-cam-1.jpg\",\"width\":600,\"height\":600,\"caption\":\"Peluche en forme d'Ours en tissu ethnique\"},{\"@type\":\"BreadcrumbList\",\"@id\":\"https:\/\/maison-chance.org\/shop\/fr\/produit\/ours-2#breadcrumb\",\"itemListElement\":[{\"@type\":\"ListItem\",\"position\":1,\"name\":\"Trang ch\u1ee7\",\"item\":\"https:\/\/maison-chance.org\/shop\/fr\"},{\"@type\":\"ListItem\",\"position\":2,\"name\":\"Boutique\",\"item\":\"https:\/\/maison-chance.org\/shop\/shop\"},{\"@type\":\"ListItem\",\"position\":3,\"name\":\"Ours\"}]},{\"@type\":\"WebSite\",\"@id\":\"https:\/\/maison-chance.org\/shop\/fr#website\",\"url\":\"https:\/\/maison-chance.org\/shop\/fr\",\"name\":\"Nh\u00e0 May M\u1eafn - Maison Chance\",\"description\":\"M\u1ecdi l\u1ee3i nhu\u1eadn thu v\u1ec1 t\u1eeb vi\u1ec7c b\u00e1n h\u00e0ng s\u1ebd tr\u00edch m\u1ed9t ph\u1ea7n \u0111\u1ec3 ch\u0103m lo cho \u0111\u1eddi s\u1ed1ng c\u00e1c b\u1ea1n khuy\u1ebft t\u1eadt v\u00e0 tr\u1ebb m\u1ed3 c\u00f4i \u1edf \u0111\u00e2y\",\"publisher\":{\"@id\":\"https:\/\/maison-chance.org\/shop\/fr#organization\"},\"potentialAction\":[{\"@type\":\"SearchAction\",\"target\":{\"@type\":\"EntryPoint\",\"urlTemplate\":\"https:\/\/maison-chance.org\/shop\/fr?s={search_term_string}\"},\"query-input\":{\"@type\":\"PropertyValueSpecification\",\"valueRequired\":true,\"valueName\":\"search_term_string\"}}],\"inLanguage\":\"fr-FR\"},{\"@type\":\"Organization\",\"@id\":\"https:\/\/maison-chance.org\/shop\/fr#organization\",\"name\":\"Nh\u00e0 May M\u1eafn - Maison Chance\",\"url\":\"https:\/\/maison-chance.org\/shop\/fr\",\"logo\":{\"@type\":\"ImageObject\",\"inLanguage\":\"fr-FR\",\"@id\":\"https:\/\/maison-chance.org\/shop\/fr#\/schema\/logo\/image\/\",\"url\":\"https:\/\/maison-chance.org\/shop\/wp-content\/uploads\/2024\/03\/cropped-Logo_DNXH.png\",\"contentUrl\":\"https:\/\/maison-chance.org\/shop\/wp-content\/uploads\/2024\/03\/cropped-Logo_DNXH.png\",\"width\":512,\"height\":512,\"caption\":\"Nh\u00e0 May M\u1eafn - Maison Chance\"},\"image\":{\"@id\":\"https:\/\/maison-chance.org\/shop\/fr#\/schema\/logo\/image\/\"},\"sameAs\":[\"https:\/\/www.facebook.com\/dnxh.nhamayman\/\"]}]}<\/script>\n<meta property=\"product:price:amount\" content=\"3.96\" \/>\n<meta property=\"product:price:currency\" content=\"EUR\" \/>\n<meta property=\"og:availability\" content=\"instock\" \/>\n<meta property=\"product:availability\" content=\"instock\" \/>\n<meta property=\"product:condition\" content=\"new\" \/>\n<!-- \/ Yoast SEO Premium plugin. -->","yoast_head_json":{"title":"Ours- Peluche en tissu Jean + Kate - Nh\u00e0 May M\u1eafn - Maison Chance","description":"Cet ours en peluche en jean et kate, un produit fabriqu\u00e9 par des personnes handicap\u00e9es, est parfait comme jouet, d\u00e9coration d'int\u00e9rieur ou cadeau pour les proches.","robots":{"index":"index","follow":"follow","max-snippet":"max-snippet:-1","max-image-preview":"max-image-preview:large","max-video-preview":"max-video-preview:-1"},"canonical":"https:\/\/maison-chance.org\/shop\/fr\/produit\/ours-2","og_locale":"fr_FR","og_type":"article","og_title":"Ours","og_description":"Cet ours en peluche en jean et kate, un produit fabriqu\u00e9 par des personnes handicap\u00e9es, est parfait comme jouet, d\u00e9coration d'int\u00e9rieur ou cadeau pour les proches.","og_url":"https:\/\/maison-chance.org\/shop\/fr\/produit\/ours-2","og_site_name":"Nh\u00e0 May M\u1eafn - Maison Chance","article_publisher":"https:\/\/www.facebook.com\/dnxh.nhamayman\/","article_modified_time":"2025-03-12T03:46:17+00:00","og_image":[{"width":600,"height":600,"url":"https:\/\/maison-chance.org\/shop\/wp-content\/uploads\/2024\/04\/thu-nhoi-bong-hinh-con-gau-jena-vai-tho-cam-1.jpg","type":"image\/jpeg"}],"twitter_card":"summary_large_image","twitter_misc":{"Prix":"&euro;3.96","Disponibilit\u00e9":"En stock"},"schema":{"@context":"https:\/\/schema.org","@graph":[{"@type":"WebPage","@id":"https:\/\/maison-chance.org\/shop\/fr\/produit\/ours-2","url":"https:\/\/maison-chance.org\/shop\/fr\/produit\/ours-2","name":"Ours- Peluche en tissu Jean + Kate - Nh\u00e0 May M\u1eafn - Maison Chance","isPartOf":{"@id":"https:\/\/maison-chance.org\/shop\/fr#website"},"primaryImageOfPage":{"@id":"https:\/\/maison-chance.org\/shop\/fr\/produit\/ours-2#primaryimage"},"image":{"@id":"https:\/\/maison-chance.org\/shop\/fr\/produit\/ours-2#primaryimage"},"thumbnailUrl":"https:\/\/maison-chance.org\/shop\/wp-content\/uploads\/2024\/04\/thu-nhoi-bong-hinh-con-gau-jena-vai-tho-cam-1.jpg","datePublished":"2024-09-09T00:00:18+00:00","dateModified":"2025-03-12T03:46:17+00:00","description":"Cet ours en peluche en jean et kate, un produit fabriqu\u00e9 par des personnes handicap\u00e9es, est parfait comme jouet, d\u00e9coration d'int\u00e9rieur ou cadeau pour les proches.","breadcrumb":{"@id":"https:\/\/maison-chance.org\/shop\/fr\/produit\/ours-2#breadcrumb"},"inLanguage":"fr-FR","potentialAction":[{"@type":"ReadAction","target":["https:\/\/maison-chance.org\/shop\/fr\/produit\/ours-2"]}]},{"@type":"ImageObject","inLanguage":"fr-FR","@id":"https:\/\/maison-chance.org\/shop\/fr\/produit\/ours-2#primaryimage","url":"https:\/\/maison-chance.org\/shop\/wp-content\/uploads\/2024\/04\/thu-nhoi-bong-hinh-con-gau-jena-vai-tho-cam-1.jpg","contentUrl":"https:\/\/maison-chance.org\/shop\/wp-content\/uploads\/2024\/04\/thu-nhoi-bong-hinh-con-gau-jena-vai-tho-cam-1.jpg","width":600,"height":600,"caption":"Peluche en forme d'Ours en tissu ethnique"},{"@type":"BreadcrumbList","@id":"https:\/\/maison-chance.org\/shop\/fr\/produit\/ours-2#breadcrumb","itemListElement":[{"@type":"ListItem","position":1,"name":"Trang ch\u1ee7","item":"https:\/\/maison-chance.org\/shop\/fr"},{"@type":"ListItem","position":2,"name":"Boutique","item":"https:\/\/maison-chance.org\/shop\/shop"},{"@type":"ListItem","position":3,"name":"Ours"}]},{"@type":"WebSite","@id":"https:\/\/maison-chance.org\/shop\/fr#website","url":"https:\/\/maison-chance.org\/shop\/fr","name":"Nh\u00e0 May M\u1eafn - Maison Chance","description":"M\u1ecdi l\u1ee3i nhu\u1eadn thu v\u1ec1 t\u1eeb vi\u1ec7c b\u00e1n h\u00e0ng s\u1ebd tr\u00edch m\u1ed9t ph\u1ea7n \u0111\u1ec3 ch\u0103m lo cho \u0111\u1eddi s\u1ed1ng c\u00e1c b\u1ea1n khuy\u1ebft t\u1eadt v\u00e0 tr\u1ebb m\u1ed3 c\u00f4i \u1edf \u0111\u00e2y","publisher":{"@id":"https:\/\/maison-chance.org\/shop\/fr#organization"},"potentialAction":[{"@type":"SearchAction","target":{"@type":"EntryPoint","urlTemplate":"https:\/\/maison-chance.org\/shop\/fr?s={search_term_string}"},"query-input":{"@type":"PropertyValueSpecification","valueRequired":true,"valueName":"search_term_string"}}],"inLanguage":"fr-FR"},{"@type":"Organization","@id":"https:\/\/maison-chance.org\/shop\/fr#organization","name":"Nh\u00e0 May M\u1eafn - Maison Chance","url":"https:\/\/maison-chance.org\/shop\/fr","logo":{"@type":"ImageObject","inLanguage":"fr-FR","@id":"https:\/\/maison-chance.org\/shop\/fr#\/schema\/logo\/image\/","url":"https:\/\/maison-chance.org\/shop\/wp-content\/uploads\/2024\/03\/cropped-Logo_DNXH.png","contentUrl":"https:\/\/maison-chance.org\/shop\/wp-content\/uploads\/2024\/03\/cropped-Logo_DNXH.png","width":512,"height":512,"caption":"Nh\u00e0 May M\u1eafn - Maison Chance"},"image":{"@id":"https:\/\/maison-chance.org\/shop\/fr#\/schema\/logo\/image\/"},"sameAs":["https:\/\/www.facebook.com\/dnxh.nhamayman\/"]}]},"product_price_amount":"3.96","product_price_currency":"EUR","og_availability":"instock","product_availability":"instock","product_condition":"new"},"_links":{"self":[{"href":"https:\/\/maison-chance.org\/shop\/fr\/wp-json\/wp\/v2\/product\/40622","targetHints":{"allow":["GET"]}}],"collection":[{"href":"https:\/\/maison-chance.org\/shop\/fr\/wp-json\/wp\/v2\/product"}],"about":[{"href":"https:\/\/maison-chance.org\/shop\/fr\/wp-json\/wp\/v2\/types\/product"}],"wp:featuredmedia":[{"embeddable":true,"href":"https:\/\/maison-chance.org\/shop\/fr\/wp-json\/wp\/v2\/media\/36986"}],"wp:attachment":[{"href":"https:\/\/maison-chance.org\/shop\/fr\/wp-json\/wp\/v2\/media?parent=40622"}],"wp:term":[{"taxonomy":"product_brand","embeddable":true,"href":"https:\/\/maison-chance.org\/shop\/fr\/wp-json\/wp\/v2\/product_brand?post=40622"},{"taxonomy":"product_cat","embeddable":true,"href":"https:\/\/maison-chance.org\/shop\/fr\/wp-json\/wp\/v2\/product_cat?post=40622"},{"taxonomy":"product_tag","embeddable":true,"href":"https:\/\/maison-chance.org\/shop\/fr\/wp-json\/wp\/v2\/product_tag?post=40622"}],"curies":[{"name":"wp","href":"https:\/\/api.w.org\/{rel}","templated":true}]}}