{"id":40626,"date":"2024-09-09T08:19:47","date_gmt":"2024-09-09T01:19:47","guid":{"rendered":"https:\/\/maison-chance.org\/shop\/san-pham\/girafe"},"modified":"2025-03-12T10:54:57","modified_gmt":"2025-03-12T03:54:57","slug":"girafe","status":"publish","type":"product","link":"https:\/\/maison-chance.org\/shop\/fr\/produit\/girafe","title":{"rendered":"Girafe"},"content":{"rendered":"<p>Bonjour, je suis la Girafe en Lin \u2013 est-ce un coussin c\u00e2lin ? Un objet d\u00e9coratif ? Un ami ? Tout en un !<\/p>\n<p>Mes caract\u00e9ristiques sp\u00e9ciales :<br data-start=\"223\" data-end=\"226\" \/><strong data-start=\"228\" data-end=\"245\">Artisanat Exquis<\/strong> \u2013 Je suis n\u00e9 des mains habiles des artisans handicap\u00e9s de <a href=\"https:\/\/maison-chance.org\/shop\">Maison Chance<\/a>. Chaque point et chaque couture contiennent de la pers\u00e9v\u00e9rance, de l&rsquo;amour et des r\u00eaves.<br data-start=\"386\" data-end=\"389\" \/><strong data-start=\"391\" data-end=\"409\">Polyvalence In\u00e9gal\u00e9e<\/strong> \u2013 Avec une taille de 31 \u00d7 13 cm, je peux tenir droit sur une \u00e9tag\u00e8re, faire un accent sur un canap\u00e9 ou vous encourager silencieusement sur votre bureau.<br data-start=\"558\" data-end=\"561\" \/><strong>Douceur et S\u00e9curit\u00e9<\/strong> \u2013 Fabriqu\u00e9 en lin de haute qualit\u00e9, je suis doux pour la peau et s\u00fbr pour les enfants et les adultes, qui peuvent jouer et me c\u00e2liner confortablement sans craindre de se blesser ou d&rsquo;avoir des irritations.<br data-start=\"685\" data-end=\"688\" \/><strong>Cadeau Unique en Son Genre<\/strong> \u2013 Non seulement je suis adorable, mais je porte aussi une signification profonde, apportant une histoire de r\u00e9silience, de cr\u00e9ativit\u00e9 et de croyance en l&rsquo;avenir.<\/p>\n<p style=\"text-align: justify;\">Laissez-moi apporter de la chance et de la joie \u00e0 vous ou \u00e0 vos proches ! Emportez-moi chez vous d\u00e8s aujourd&rsquo;hui et diffusons ensemble des valeurs humanitaires \u2013 car chaque produit n&rsquo;est pas seulement un objet, mais un parcours d&rsquo;amour !<\/p>\n","protected":false},"excerpt":{"rendered":"<p style=\"text-align: justify;\">Les produits sont fabriqu\u00e9s \u00e0 la main par des amis handicap\u00e9s d\u00e9favoris\u00e9s, et nous esp\u00e9rons recevoir le soutien de nos pr\u00e9cieux clients.<\/p>\n<p>Mat\u00e9riau : Tissu en lin + peint \u00e0 la main<\/p>\n<p>Code : TC30TB<\/p>\n<p>Hotline : <span style=\"font-size: 20px;\"><strong><span style=\"color: #ff0000;\">0909 06 25 28<\/span><\/strong><\/span><\/p>\n<p style=\"text-align: justify;\">Si vous \u00eates au Vietnam, veuillez nous contacter via la hotline ou la page fan de l&rsquo;entreprise Maison Chance pour conna\u00eetre le prix de vente au Vietnam.<\/p>\n","protected":false},"featured_media":36992,"template":"","meta":[],"product_brand":[],"product_cat":[243,231],"product_tag":[],"class_list":{"0":"post-40626","1":"product","2":"type-product","3":"status-publish","4":"has-post-thumbnail","6":"product_cat-animal-en-peluche","7":"product_cat-atelier-de-couture","9":"first","10":"instock","11":"shipping-taxable","12":"purchasable","13":"product-type-simple"},"yoast_head":"<!-- This site is optimized with the Yoast SEO Premium plugin v22.7 (Yoast SEO v25.3.1) - https:\/\/yoast.com\/wordpress\/plugins\/seo\/ -->\n<title>Girafe - peluche en tissu de lin + peinte \u00e0 la main - Nh\u00e0 May M\u1eafn - Maison Chance<\/title>\n<meta name=\"description\" content=\"Girafe en Lin de Maison Chance \u2013 un produit unique fait main, aidant \u00e0 d\u00e9corer les espaces de vie joyeusement et \u00e0 soutenir les tailleurs handicap\u00e9s. Achetez maintenant pour r\u00e9pandre l&#039;amour !\" \/>\n<meta name=\"robots\" content=\"index, follow, max-snippet:-1, max-image-preview:large, max-video-preview:-1\" \/>\n<link rel=\"canonical\" href=\"https:\/\/maison-chance.org\/shop\/fr\/produit\/girafe\" \/>\n<meta property=\"og:locale\" content=\"fr_FR\" \/>\n<meta property=\"og:type\" content=\"article\" \/>\n<meta property=\"og:title\" content=\"Girafe\" \/>\n<meta property=\"og:description\" content=\"Girafe en Lin de Maison Chance \u2013 un produit unique fait main, aidant \u00e0 d\u00e9corer les espaces de vie joyeusement et \u00e0 soutenir les tailleurs handicap\u00e9s. Achetez maintenant pour r\u00e9pandre l&#039;amour !\" \/>\n<meta property=\"og:url\" content=\"https:\/\/maison-chance.org\/shop\/fr\/produit\/girafe\" \/>\n<meta property=\"og:site_name\" content=\"Nh\u00e0 May M\u1eafn - Maison Chance\" \/>\n<meta property=\"article:publisher\" content=\"https:\/\/www.facebook.com\/dnxh.nhamayman\/\" \/>\n<meta property=\"article:modified_time\" content=\"2025-03-12T03:54:57+00:00\" \/>\n<meta property=\"og:image\" content=\"https:\/\/maison-chance.org\/shop\/wp-content\/uploads\/2024\/04\/Huou-cao-co-3-vai-Linen-2.jpg\" \/>\n\t<meta property=\"og:image:width\" content=\"600\" \/>\n\t<meta property=\"og:image:height\" content=\"600\" \/>\n\t<meta property=\"og:image:type\" content=\"image\/jpeg\" \/>\n<meta name=\"twitter:card\" content=\"summary_large_image\" \/>\n<meta name=\"twitter:label1\" content=\"Prix\" \/>\n\t<meta name=\"twitter:data1\" content=\"&euro;12.24\" \/>\n\t<meta name=\"twitter:label2\" content=\"Disponibilit\u00e9\" \/>\n\t<meta name=\"twitter:data2\" content=\"En stock\" \/>\n<script type=\"application\/ld+json\" class=\"yoast-schema-graph\">{\"@context\":\"https:\/\/schema.org\",\"@graph\":[{\"@type\":\"WebPage\",\"@id\":\"https:\/\/maison-chance.org\/shop\/fr\/produit\/girafe\",\"url\":\"https:\/\/maison-chance.org\/shop\/fr\/produit\/girafe\",\"name\":\"Girafe - peluche en tissu de lin + peinte \u00e0 la main - Nh\u00e0 May M\u1eafn - Maison Chance\",\"isPartOf\":{\"@id\":\"https:\/\/maison-chance.org\/shop\/fr#website\"},\"primaryImageOfPage\":{\"@id\":\"https:\/\/maison-chance.org\/shop\/fr\/produit\/girafe#primaryimage\"},\"image\":{\"@id\":\"https:\/\/maison-chance.org\/shop\/fr\/produit\/girafe#primaryimage\"},\"thumbnailUrl\":\"https:\/\/maison-chance.org\/shop\/wp-content\/uploads\/2024\/04\/Huou-cao-co-3-vai-Linen-2.jpg\",\"datePublished\":\"2024-09-09T01:19:47+00:00\",\"dateModified\":\"2025-03-12T03:54:57+00:00\",\"description\":\"Girafe en Lin de Maison Chance \u2013 un produit unique fait main, aidant \u00e0 d\u00e9corer les espaces de vie joyeusement et \u00e0 soutenir les tailleurs handicap\u00e9s. Achetez maintenant pour r\u00e9pandre l'amour !\",\"breadcrumb\":{\"@id\":\"https:\/\/maison-chance.org\/shop\/fr\/produit\/girafe#breadcrumb\"},\"inLanguage\":\"fr-FR\",\"potentialAction\":[{\"@type\":\"ReadAction\",\"target\":[\"https:\/\/maison-chance.org\/shop\/fr\/produit\/girafe\"]}]},{\"@type\":\"ImageObject\",\"inLanguage\":\"fr-FR\",\"@id\":\"https:\/\/maison-chance.org\/shop\/fr\/produit\/girafe#primaryimage\",\"url\":\"https:\/\/maison-chance.org\/shop\/wp-content\/uploads\/2024\/04\/Huou-cao-co-3-vai-Linen-2.jpg\",\"contentUrl\":\"https:\/\/maison-chance.org\/shop\/wp-content\/uploads\/2024\/04\/Huou-cao-co-3-vai-Linen-2.jpg\",\"width\":600,\"height\":600,\"caption\":\"Girafe en Lin\"},{\"@type\":\"BreadcrumbList\",\"@id\":\"https:\/\/maison-chance.org\/shop\/fr\/produit\/girafe#breadcrumb\",\"itemListElement\":[{\"@type\":\"ListItem\",\"position\":1,\"name\":\"Trang ch\u1ee7\",\"item\":\"https:\/\/maison-chance.org\/shop\/fr\"},{\"@type\":\"ListItem\",\"position\":2,\"name\":\"Boutique\",\"item\":\"https:\/\/maison-chance.org\/shop\/shop\"},{\"@type\":\"ListItem\",\"position\":3,\"name\":\"Girafe\"}]},{\"@type\":\"WebSite\",\"@id\":\"https:\/\/maison-chance.org\/shop\/fr#website\",\"url\":\"https:\/\/maison-chance.org\/shop\/fr\",\"name\":\"Nh\u00e0 May M\u1eafn - Maison Chance\",\"description\":\"M\u1ecdi l\u1ee3i nhu\u1eadn thu v\u1ec1 t\u1eeb vi\u1ec7c b\u00e1n h\u00e0ng s\u1ebd tr\u00edch m\u1ed9t ph\u1ea7n \u0111\u1ec3 ch\u0103m lo cho \u0111\u1eddi s\u1ed1ng c\u00e1c b\u1ea1n khuy\u1ebft t\u1eadt v\u00e0 tr\u1ebb m\u1ed3 c\u00f4i \u1edf \u0111\u00e2y\",\"publisher\":{\"@id\":\"https:\/\/maison-chance.org\/shop\/fr#organization\"},\"potentialAction\":[{\"@type\":\"SearchAction\",\"target\":{\"@type\":\"EntryPoint\",\"urlTemplate\":\"https:\/\/maison-chance.org\/shop\/fr?s={search_term_string}\"},\"query-input\":{\"@type\":\"PropertyValueSpecification\",\"valueRequired\":true,\"valueName\":\"search_term_string\"}}],\"inLanguage\":\"fr-FR\"},{\"@type\":\"Organization\",\"@id\":\"https:\/\/maison-chance.org\/shop\/fr#organization\",\"name\":\"Nh\u00e0 May M\u1eafn - Maison Chance\",\"url\":\"https:\/\/maison-chance.org\/shop\/fr\",\"logo\":{\"@type\":\"ImageObject\",\"inLanguage\":\"fr-FR\",\"@id\":\"https:\/\/maison-chance.org\/shop\/fr#\/schema\/logo\/image\/\",\"url\":\"https:\/\/maison-chance.org\/shop\/wp-content\/uploads\/2024\/03\/cropped-Logo_DNXH.png\",\"contentUrl\":\"https:\/\/maison-chance.org\/shop\/wp-content\/uploads\/2024\/03\/cropped-Logo_DNXH.png\",\"width\":512,\"height\":512,\"caption\":\"Nh\u00e0 May M\u1eafn - Maison Chance\"},\"image\":{\"@id\":\"https:\/\/maison-chance.org\/shop\/fr#\/schema\/logo\/image\/\"},\"sameAs\":[\"https:\/\/www.facebook.com\/dnxh.nhamayman\/\"]}]}<\/script>\n<meta property=\"product:price:amount\" content=\"12.24\" \/>\n<meta property=\"product:price:currency\" content=\"EUR\" \/>\n<meta property=\"og:availability\" content=\"instock\" \/>\n<meta property=\"product:availability\" content=\"instock\" \/>\n<meta property=\"product:condition\" content=\"new\" \/>\n<!-- \/ Yoast SEO Premium plugin. -->","yoast_head_json":{"title":"Girafe - peluche en tissu de lin + peinte \u00e0 la main - Nh\u00e0 May M\u1eafn - Maison Chance","description":"Girafe en Lin de Maison Chance \u2013 un produit unique fait main, aidant \u00e0 d\u00e9corer les espaces de vie joyeusement et \u00e0 soutenir les tailleurs handicap\u00e9s. Achetez maintenant pour r\u00e9pandre l'amour !","robots":{"index":"index","follow":"follow","max-snippet":"max-snippet:-1","max-image-preview":"max-image-preview:large","max-video-preview":"max-video-preview:-1"},"canonical":"https:\/\/maison-chance.org\/shop\/fr\/produit\/girafe","og_locale":"fr_FR","og_type":"article","og_title":"Girafe","og_description":"Girafe en Lin de Maison Chance \u2013 un produit unique fait main, aidant \u00e0 d\u00e9corer les espaces de vie joyeusement et \u00e0 soutenir les tailleurs handicap\u00e9s. Achetez maintenant pour r\u00e9pandre l'amour !","og_url":"https:\/\/maison-chance.org\/shop\/fr\/produit\/girafe","og_site_name":"Nh\u00e0 May M\u1eafn - Maison Chance","article_publisher":"https:\/\/www.facebook.com\/dnxh.nhamayman\/","article_modified_time":"2025-03-12T03:54:57+00:00","og_image":[{"width":600,"height":600,"url":"https:\/\/maison-chance.org\/shop\/wp-content\/uploads\/2024\/04\/Huou-cao-co-3-vai-Linen-2.jpg","type":"image\/jpeg"}],"twitter_card":"summary_large_image","twitter_misc":{"Prix":"&euro;12.24","Disponibilit\u00e9":"En stock"},"schema":{"@context":"https:\/\/schema.org","@graph":[{"@type":"WebPage","@id":"https:\/\/maison-chance.org\/shop\/fr\/produit\/girafe","url":"https:\/\/maison-chance.org\/shop\/fr\/produit\/girafe","name":"Girafe - peluche en tissu de lin + peinte \u00e0 la main - Nh\u00e0 May M\u1eafn - Maison Chance","isPartOf":{"@id":"https:\/\/maison-chance.org\/shop\/fr#website"},"primaryImageOfPage":{"@id":"https:\/\/maison-chance.org\/shop\/fr\/produit\/girafe#primaryimage"},"image":{"@id":"https:\/\/maison-chance.org\/shop\/fr\/produit\/girafe#primaryimage"},"thumbnailUrl":"https:\/\/maison-chance.org\/shop\/wp-content\/uploads\/2024\/04\/Huou-cao-co-3-vai-Linen-2.jpg","datePublished":"2024-09-09T01:19:47+00:00","dateModified":"2025-03-12T03:54:57+00:00","description":"Girafe en Lin de Maison Chance \u2013 un produit unique fait main, aidant \u00e0 d\u00e9corer les espaces de vie joyeusement et \u00e0 soutenir les tailleurs handicap\u00e9s. Achetez maintenant pour r\u00e9pandre l'amour !","breadcrumb":{"@id":"https:\/\/maison-chance.org\/shop\/fr\/produit\/girafe#breadcrumb"},"inLanguage":"fr-FR","potentialAction":[{"@type":"ReadAction","target":["https:\/\/maison-chance.org\/shop\/fr\/produit\/girafe"]}]},{"@type":"ImageObject","inLanguage":"fr-FR","@id":"https:\/\/maison-chance.org\/shop\/fr\/produit\/girafe#primaryimage","url":"https:\/\/maison-chance.org\/shop\/wp-content\/uploads\/2024\/04\/Huou-cao-co-3-vai-Linen-2.jpg","contentUrl":"https:\/\/maison-chance.org\/shop\/wp-content\/uploads\/2024\/04\/Huou-cao-co-3-vai-Linen-2.jpg","width":600,"height":600,"caption":"Girafe en Lin"},{"@type":"BreadcrumbList","@id":"https:\/\/maison-chance.org\/shop\/fr\/produit\/girafe#breadcrumb","itemListElement":[{"@type":"ListItem","position":1,"name":"Trang ch\u1ee7","item":"https:\/\/maison-chance.org\/shop\/fr"},{"@type":"ListItem","position":2,"name":"Boutique","item":"https:\/\/maison-chance.org\/shop\/shop"},{"@type":"ListItem","position":3,"name":"Girafe"}]},{"@type":"WebSite","@id":"https:\/\/maison-chance.org\/shop\/fr#website","url":"https:\/\/maison-chance.org\/shop\/fr","name":"Nh\u00e0 May M\u1eafn - Maison Chance","description":"M\u1ecdi l\u1ee3i nhu\u1eadn thu v\u1ec1 t\u1eeb vi\u1ec7c b\u00e1n h\u00e0ng s\u1ebd tr\u00edch m\u1ed9t ph\u1ea7n \u0111\u1ec3 ch\u0103m lo cho \u0111\u1eddi s\u1ed1ng c\u00e1c b\u1ea1n khuy\u1ebft t\u1eadt v\u00e0 tr\u1ebb m\u1ed3 c\u00f4i \u1edf \u0111\u00e2y","publisher":{"@id":"https:\/\/maison-chance.org\/shop\/fr#organization"},"potentialAction":[{"@type":"SearchAction","target":{"@type":"EntryPoint","urlTemplate":"https:\/\/maison-chance.org\/shop\/fr?s={search_term_string}"},"query-input":{"@type":"PropertyValueSpecification","valueRequired":true,"valueName":"search_term_string"}}],"inLanguage":"fr-FR"},{"@type":"Organization","@id":"https:\/\/maison-chance.org\/shop\/fr#organization","name":"Nh\u00e0 May M\u1eafn - Maison Chance","url":"https:\/\/maison-chance.org\/shop\/fr","logo":{"@type":"ImageObject","inLanguage":"fr-FR","@id":"https:\/\/maison-chance.org\/shop\/fr#\/schema\/logo\/image\/","url":"https:\/\/maison-chance.org\/shop\/wp-content\/uploads\/2024\/03\/cropped-Logo_DNXH.png","contentUrl":"https:\/\/maison-chance.org\/shop\/wp-content\/uploads\/2024\/03\/cropped-Logo_DNXH.png","width":512,"height":512,"caption":"Nh\u00e0 May M\u1eafn - Maison Chance"},"image":{"@id":"https:\/\/maison-chance.org\/shop\/fr#\/schema\/logo\/image\/"},"sameAs":["https:\/\/www.facebook.com\/dnxh.nhamayman\/"]}]},"product_price_amount":"12.24","product_price_currency":"EUR","og_availability":"instock","product_availability":"instock","product_condition":"new"},"_links":{"self":[{"href":"https:\/\/maison-chance.org\/shop\/fr\/wp-json\/wp\/v2\/product\/40626","targetHints":{"allow":["GET"]}}],"collection":[{"href":"https:\/\/maison-chance.org\/shop\/fr\/wp-json\/wp\/v2\/product"}],"about":[{"href":"https:\/\/maison-chance.org\/shop\/fr\/wp-json\/wp\/v2\/types\/product"}],"wp:featuredmedia":[{"embeddable":true,"href":"https:\/\/maison-chance.org\/shop\/fr\/wp-json\/wp\/v2\/media\/36992"}],"wp:attachment":[{"href":"https:\/\/maison-chance.org\/shop\/fr\/wp-json\/wp\/v2\/media?parent=40626"}],"wp:term":[{"taxonomy":"product_brand","embeddable":true,"href":"https:\/\/maison-chance.org\/shop\/fr\/wp-json\/wp\/v2\/product_brand?post=40626"},{"taxonomy":"product_cat","embeddable":true,"href":"https:\/\/maison-chance.org\/shop\/fr\/wp-json\/wp\/v2\/product_cat?post=40626"},{"taxonomy":"product_tag","embeddable":true,"href":"https:\/\/maison-chance.org\/shop\/fr\/wp-json\/wp\/v2\/product_tag?post=40626"}],"curies":[{"name":"wp","href":"https:\/\/api.w.org\/{rel}","templated":true}]}}