{"id":40630,"date":"2024-09-09T09:16:14","date_gmt":"2024-09-09T02:16:14","guid":{"rendered":"https:\/\/maison-chance.org\/shop\/san-pham\/girafe-2"},"modified":"2025-03-12T11:04:58","modified_gmt":"2025-03-12T04:04:58","slug":"girafe-2","status":"publish","type":"product","link":"https:\/\/maison-chance.org\/shop\/fr\/produit\/girafe-2","title":{"rendered":"Girafe"},"content":{"rendered":"<p style=\"text-align: justify;\">Les adorables girafes en peluche en toile et tapisserie de Maison Chance sont pr\u00eates \u00e0 conqu\u00e9rir votre c\u0153ur ! Cr\u00e9\u00e9es par les mains habiles des couturiers handicap\u00e9s, chaque girafe n&rsquo;est pas seulement un joli objet d\u00e9coratif, mais renferme aussi une histoire de r\u00e9silience et une passion pour la cr\u00e9ativit\u00e9.<\/p>\n<p style=\"text-align: justify;\">Avec une taille compacte de 22 x 6 cm, cette girafe en peluche est l&rsquo;accent parfait pour tous les petits coins de votre maison. Essayez de les placer sur une \u00e9tag\u00e8re, un bureau ou de les accrocher au mur \u2013 leur charme et leur mignonnerie illumineront s\u00fbrement votre espace de vie. Avec leur couleur blanc cass\u00e9 \u00e9l\u00e9gante, ces girafes s&rsquo;int\u00e8grent facilement \u00e0 n&rsquo;importe quel style d&rsquo;int\u00e9rieur, du classique au moderne.<\/p>\n<p style=\"text-align: justify;\">La combinaison unique de toile douce et de tissu de tapisserie traditionnel cr\u00e9e un attrait irr\u00e9sistible pour chaque produit. Non seulement ces mat\u00e9riaux sont s\u00fbrs pour les jeunes enfants, mais ils sont \u00e9galement respectueux de l&rsquo;environnement, totalement en accord avec le mode de vie durable et \u00e9cologique actuellement en vogue.<\/p>\n<p style=\"text-align: justify;\">Chaque point et chaque couture sont soigneusement r\u00e9alis\u00e9s par les couturiers de Maison Chance, garantissant que les girafes sont \u00e0 la fois durables et portent une signature unique. Et saviez-vous ? Le joli n\u0153ud autour de leur cou est un accent sp\u00e9cial que les couturiers ont soigneusement choisi, comme s&rsquo;ils voulaient insuffler une touche de charme et de joie dans chaque adorable girafe !<\/p>\n<p style=\"text-align: justify;\">Lorsque vous choisissez de acheter une girafe en peluche chez <a href=\"https:\/\/maison-chance.org\/shop\">Maison Chance<\/a>, vous ne gagnez pas seulement un \u00ab\u00a0petit ami\u00a0\u00bb extr\u00eamement mignon, mais vous contribuez \u00e9galement \u00e0 soutenir la communaut\u00e9 des personnes handicap\u00e9es. Chaque produit vendu est une opportunit\u00e9 d&#8217;emploi et une source de revenus stable pour les couturiers. Cela les aide \u00e0 gagner en confiance, \u00e0 mieux s&rsquo;int\u00e9grer dans la soci\u00e9t\u00e9 et \u00e0 mener une vie meilleure.<\/p>\n<p style=\"text-align: justify;\">Alors, pourquoi attendre ? Recrutez vite une (ou plusieurs) girafes dans votre famille ! Ensemble, diffusons la joie, partageons l&rsquo;amour et rendons chaque petit coin de votre maison plus anim\u00e9 avec ces adorables girafes en peluche !<\/p>\n","protected":false},"excerpt":{"rendered":"<p style=\"text-align: justify;\">Les produits sont fabriqu\u00e9s \u00e0 la main par des amis handicap\u00e9s d\u00e9favoris\u00e9s, et nous esp\u00e9rons recevoir le soutien de nos pr\u00e9cieux clients.<\/p>\n<p>Mat\u00e9riau : Toile de jute + tissu ethnique<\/p>\n<p>Code : TC29TB<\/p>\n<p>Hotline : <span style=\"font-size: 20px;\"><strong><span style=\"color: #ff0000;\">0909 06 25 28<\/span><\/strong><\/span><\/p>\n<p style=\"text-align: justify;\">Si vous \u00eates au Vietnam, veuillez nous contacter via la hotline ou la page fan de l&rsquo;entreprise Maison Chance pour conna\u00eetre le prix de vente au Vietnam.<\/p>\n","protected":false},"featured_media":36980,"template":"","meta":[],"product_brand":[],"product_cat":[243,231],"product_tag":[],"class_list":{"0":"post-40630","1":"product","2":"type-product","3":"status-publish","4":"has-post-thumbnail","6":"product_cat-animal-en-peluche","7":"product_cat-atelier-de-couture","9":"first","10":"instock","11":"shipping-taxable","12":"purchasable","13":"product-type-simple"},"yoast_head":"<!-- This site is optimized with the Yoast SEO Premium plugin v22.7 (Yoast SEO v25.3.1) - https:\/\/yoast.com\/wordpress\/plugins\/seo\/ -->\n<title>Girafe - peluche en toile de jute + tissu ethnique - Nh\u00e0 May M\u1eafn - Maison Chance<\/title>\n<meta name=\"description\" content=\"Girafe en peluche faite main en toile de jute + tissu ethnique de Maison Chance - un cadeau significatif et une d\u00e9coration unique. Produit de tailleurs handicap\u00e9s\" \/>\n<meta name=\"robots\" content=\"index, follow, max-snippet:-1, max-image-preview:large, max-video-preview:-1\" \/>\n<link rel=\"canonical\" href=\"https:\/\/maison-chance.org\/shop\/fr\/produit\/girafe-2\" \/>\n<meta property=\"og:locale\" content=\"fr_FR\" \/>\n<meta property=\"og:type\" content=\"article\" \/>\n<meta property=\"og:title\" content=\"Girafe\" \/>\n<meta property=\"og:description\" content=\"Girafe en peluche faite main en toile de jute + tissu ethnique de Maison Chance - un cadeau significatif et une d\u00e9coration unique. Produit de tailleurs handicap\u00e9s\" \/>\n<meta property=\"og:url\" content=\"https:\/\/maison-chance.org\/shop\/fr\/produit\/girafe-2\" \/>\n<meta property=\"og:site_name\" content=\"Nh\u00e0 May M\u1eafn - Maison Chance\" \/>\n<meta property=\"article:publisher\" content=\"https:\/\/www.facebook.com\/dnxh.nhamayman\/\" \/>\n<meta property=\"article:modified_time\" content=\"2025-03-12T04:04:58+00:00\" \/>\n<meta property=\"og:image\" content=\"https:\/\/maison-chance.org\/shop\/wp-content\/uploads\/2024\/04\/thu-nhoi-bong-hinh-con-huou-cao-co-vai-tho-cam-1.jpg\" \/>\n\t<meta property=\"og:image:width\" content=\"600\" \/>\n\t<meta property=\"og:image:height\" content=\"600\" \/>\n\t<meta property=\"og:image:type\" content=\"image\/jpeg\" \/>\n<meta name=\"twitter:card\" content=\"summary_large_image\" \/>\n<meta name=\"twitter:label1\" content=\"Prix\" \/>\n\t<meta name=\"twitter:data1\" content=\"&euro;3.68\" \/>\n\t<meta name=\"twitter:label2\" content=\"Disponibilit\u00e9\" \/>\n\t<meta name=\"twitter:data2\" content=\"En stock\" \/>\n<script type=\"application\/ld+json\" class=\"yoast-schema-graph\">{\"@context\":\"https:\/\/schema.org\",\"@graph\":[{\"@type\":\"WebPage\",\"@id\":\"https:\/\/maison-chance.org\/shop\/fr\/produit\/girafe-2\",\"url\":\"https:\/\/maison-chance.org\/shop\/fr\/produit\/girafe-2\",\"name\":\"Girafe - peluche en toile de jute + tissu ethnique - Nh\u00e0 May M\u1eafn - Maison Chance\",\"isPartOf\":{\"@id\":\"https:\/\/maison-chance.org\/shop\/fr#website\"},\"primaryImageOfPage\":{\"@id\":\"https:\/\/maison-chance.org\/shop\/fr\/produit\/girafe-2#primaryimage\"},\"image\":{\"@id\":\"https:\/\/maison-chance.org\/shop\/fr\/produit\/girafe-2#primaryimage\"},\"thumbnailUrl\":\"https:\/\/maison-chance.org\/shop\/wp-content\/uploads\/2024\/04\/thu-nhoi-bong-hinh-con-huou-cao-co-vai-tho-cam-1.jpg\",\"datePublished\":\"2024-09-09T02:16:14+00:00\",\"dateModified\":\"2025-03-12T04:04:58+00:00\",\"description\":\"Girafe en peluche faite main en toile de jute + tissu ethnique de Maison Chance - un cadeau significatif et une d\u00e9coration unique. Produit de tailleurs handicap\u00e9s\",\"breadcrumb\":{\"@id\":\"https:\/\/maison-chance.org\/shop\/fr\/produit\/girafe-2#breadcrumb\"},\"inLanguage\":\"fr-FR\",\"potentialAction\":[{\"@type\":\"ReadAction\",\"target\":[\"https:\/\/maison-chance.org\/shop\/fr\/produit\/girafe-2\"]}]},{\"@type\":\"ImageObject\",\"inLanguage\":\"fr-FR\",\"@id\":\"https:\/\/maison-chance.org\/shop\/fr\/produit\/girafe-2#primaryimage\",\"url\":\"https:\/\/maison-chance.org\/shop\/wp-content\/uploads\/2024\/04\/thu-nhoi-bong-hinh-con-huou-cao-co-vai-tho-cam-1.jpg\",\"contentUrl\":\"https:\/\/maison-chance.org\/shop\/wp-content\/uploads\/2024\/04\/thu-nhoi-bong-hinh-con-huou-cao-co-vai-tho-cam-1.jpg\",\"width\":600,\"height\":600,\"caption\":\"Peluche en forme de Girafe en tissu ethnique\"},{\"@type\":\"BreadcrumbList\",\"@id\":\"https:\/\/maison-chance.org\/shop\/fr\/produit\/girafe-2#breadcrumb\",\"itemListElement\":[{\"@type\":\"ListItem\",\"position\":1,\"name\":\"Trang ch\u1ee7\",\"item\":\"https:\/\/maison-chance.org\/shop\/fr\"},{\"@type\":\"ListItem\",\"position\":2,\"name\":\"Boutique\",\"item\":\"https:\/\/maison-chance.org\/shop\/shop\"},{\"@type\":\"ListItem\",\"position\":3,\"name\":\"Girafe\"}]},{\"@type\":\"WebSite\",\"@id\":\"https:\/\/maison-chance.org\/shop\/fr#website\",\"url\":\"https:\/\/maison-chance.org\/shop\/fr\",\"name\":\"Nh\u00e0 May M\u1eafn - Maison Chance\",\"description\":\"M\u1ecdi l\u1ee3i nhu\u1eadn thu v\u1ec1 t\u1eeb vi\u1ec7c b\u00e1n h\u00e0ng s\u1ebd tr\u00edch m\u1ed9t ph\u1ea7n \u0111\u1ec3 ch\u0103m lo cho \u0111\u1eddi s\u1ed1ng c\u00e1c b\u1ea1n khuy\u1ebft t\u1eadt v\u00e0 tr\u1ebb m\u1ed3 c\u00f4i \u1edf \u0111\u00e2y\",\"publisher\":{\"@id\":\"https:\/\/maison-chance.org\/shop\/fr#organization\"},\"potentialAction\":[{\"@type\":\"SearchAction\",\"target\":{\"@type\":\"EntryPoint\",\"urlTemplate\":\"https:\/\/maison-chance.org\/shop\/fr?s={search_term_string}\"},\"query-input\":{\"@type\":\"PropertyValueSpecification\",\"valueRequired\":true,\"valueName\":\"search_term_string\"}}],\"inLanguage\":\"fr-FR\"},{\"@type\":\"Organization\",\"@id\":\"https:\/\/maison-chance.org\/shop\/fr#organization\",\"name\":\"Nh\u00e0 May M\u1eafn - Maison Chance\",\"url\":\"https:\/\/maison-chance.org\/shop\/fr\",\"logo\":{\"@type\":\"ImageObject\",\"inLanguage\":\"fr-FR\",\"@id\":\"https:\/\/maison-chance.org\/shop\/fr#\/schema\/logo\/image\/\",\"url\":\"https:\/\/maison-chance.org\/shop\/wp-content\/uploads\/2024\/03\/cropped-Logo_DNXH.png\",\"contentUrl\":\"https:\/\/maison-chance.org\/shop\/wp-content\/uploads\/2024\/03\/cropped-Logo_DNXH.png\",\"width\":512,\"height\":512,\"caption\":\"Nh\u00e0 May M\u1eafn - Maison Chance\"},\"image\":{\"@id\":\"https:\/\/maison-chance.org\/shop\/fr#\/schema\/logo\/image\/\"},\"sameAs\":[\"https:\/\/www.facebook.com\/dnxh.nhamayman\/\"]}]}<\/script>\n<meta property=\"product:price:amount\" content=\"3.68\" \/>\n<meta property=\"product:price:currency\" content=\"EUR\" \/>\n<meta property=\"og:availability\" content=\"instock\" \/>\n<meta property=\"product:availability\" content=\"instock\" \/>\n<meta property=\"product:condition\" content=\"new\" \/>\n<!-- \/ Yoast SEO Premium plugin. -->","yoast_head_json":{"title":"Girafe - peluche en toile de jute + tissu ethnique - Nh\u00e0 May M\u1eafn - Maison Chance","description":"Girafe en peluche faite main en toile de jute + tissu ethnique de Maison Chance - un cadeau significatif et une d\u00e9coration unique. Produit de tailleurs handicap\u00e9s","robots":{"index":"index","follow":"follow","max-snippet":"max-snippet:-1","max-image-preview":"max-image-preview:large","max-video-preview":"max-video-preview:-1"},"canonical":"https:\/\/maison-chance.org\/shop\/fr\/produit\/girafe-2","og_locale":"fr_FR","og_type":"article","og_title":"Girafe","og_description":"Girafe en peluche faite main en toile de jute + tissu ethnique de Maison Chance - un cadeau significatif et une d\u00e9coration unique. Produit de tailleurs handicap\u00e9s","og_url":"https:\/\/maison-chance.org\/shop\/fr\/produit\/girafe-2","og_site_name":"Nh\u00e0 May M\u1eafn - Maison Chance","article_publisher":"https:\/\/www.facebook.com\/dnxh.nhamayman\/","article_modified_time":"2025-03-12T04:04:58+00:00","og_image":[{"width":600,"height":600,"url":"https:\/\/maison-chance.org\/shop\/wp-content\/uploads\/2024\/04\/thu-nhoi-bong-hinh-con-huou-cao-co-vai-tho-cam-1.jpg","type":"image\/jpeg"}],"twitter_card":"summary_large_image","twitter_misc":{"Prix":"&euro;3.68","Disponibilit\u00e9":"En stock"},"schema":{"@context":"https:\/\/schema.org","@graph":[{"@type":"WebPage","@id":"https:\/\/maison-chance.org\/shop\/fr\/produit\/girafe-2","url":"https:\/\/maison-chance.org\/shop\/fr\/produit\/girafe-2","name":"Girafe - peluche en toile de jute + tissu ethnique - Nh\u00e0 May M\u1eafn - Maison Chance","isPartOf":{"@id":"https:\/\/maison-chance.org\/shop\/fr#website"},"primaryImageOfPage":{"@id":"https:\/\/maison-chance.org\/shop\/fr\/produit\/girafe-2#primaryimage"},"image":{"@id":"https:\/\/maison-chance.org\/shop\/fr\/produit\/girafe-2#primaryimage"},"thumbnailUrl":"https:\/\/maison-chance.org\/shop\/wp-content\/uploads\/2024\/04\/thu-nhoi-bong-hinh-con-huou-cao-co-vai-tho-cam-1.jpg","datePublished":"2024-09-09T02:16:14+00:00","dateModified":"2025-03-12T04:04:58+00:00","description":"Girafe en peluche faite main en toile de jute + tissu ethnique de Maison Chance - un cadeau significatif et une d\u00e9coration unique. Produit de tailleurs handicap\u00e9s","breadcrumb":{"@id":"https:\/\/maison-chance.org\/shop\/fr\/produit\/girafe-2#breadcrumb"},"inLanguage":"fr-FR","potentialAction":[{"@type":"ReadAction","target":["https:\/\/maison-chance.org\/shop\/fr\/produit\/girafe-2"]}]},{"@type":"ImageObject","inLanguage":"fr-FR","@id":"https:\/\/maison-chance.org\/shop\/fr\/produit\/girafe-2#primaryimage","url":"https:\/\/maison-chance.org\/shop\/wp-content\/uploads\/2024\/04\/thu-nhoi-bong-hinh-con-huou-cao-co-vai-tho-cam-1.jpg","contentUrl":"https:\/\/maison-chance.org\/shop\/wp-content\/uploads\/2024\/04\/thu-nhoi-bong-hinh-con-huou-cao-co-vai-tho-cam-1.jpg","width":600,"height":600,"caption":"Peluche en forme de Girafe en tissu ethnique"},{"@type":"BreadcrumbList","@id":"https:\/\/maison-chance.org\/shop\/fr\/produit\/girafe-2#breadcrumb","itemListElement":[{"@type":"ListItem","position":1,"name":"Trang ch\u1ee7","item":"https:\/\/maison-chance.org\/shop\/fr"},{"@type":"ListItem","position":2,"name":"Boutique","item":"https:\/\/maison-chance.org\/shop\/shop"},{"@type":"ListItem","position":3,"name":"Girafe"}]},{"@type":"WebSite","@id":"https:\/\/maison-chance.org\/shop\/fr#website","url":"https:\/\/maison-chance.org\/shop\/fr","name":"Nh\u00e0 May M\u1eafn - Maison Chance","description":"M\u1ecdi l\u1ee3i nhu\u1eadn thu v\u1ec1 t\u1eeb vi\u1ec7c b\u00e1n h\u00e0ng s\u1ebd tr\u00edch m\u1ed9t ph\u1ea7n \u0111\u1ec3 ch\u0103m lo cho \u0111\u1eddi s\u1ed1ng c\u00e1c b\u1ea1n khuy\u1ebft t\u1eadt v\u00e0 tr\u1ebb m\u1ed3 c\u00f4i \u1edf \u0111\u00e2y","publisher":{"@id":"https:\/\/maison-chance.org\/shop\/fr#organization"},"potentialAction":[{"@type":"SearchAction","target":{"@type":"EntryPoint","urlTemplate":"https:\/\/maison-chance.org\/shop\/fr?s={search_term_string}"},"query-input":{"@type":"PropertyValueSpecification","valueRequired":true,"valueName":"search_term_string"}}],"inLanguage":"fr-FR"},{"@type":"Organization","@id":"https:\/\/maison-chance.org\/shop\/fr#organization","name":"Nh\u00e0 May M\u1eafn - Maison Chance","url":"https:\/\/maison-chance.org\/shop\/fr","logo":{"@type":"ImageObject","inLanguage":"fr-FR","@id":"https:\/\/maison-chance.org\/shop\/fr#\/schema\/logo\/image\/","url":"https:\/\/maison-chance.org\/shop\/wp-content\/uploads\/2024\/03\/cropped-Logo_DNXH.png","contentUrl":"https:\/\/maison-chance.org\/shop\/wp-content\/uploads\/2024\/03\/cropped-Logo_DNXH.png","width":512,"height":512,"caption":"Nh\u00e0 May M\u1eafn - Maison Chance"},"image":{"@id":"https:\/\/maison-chance.org\/shop\/fr#\/schema\/logo\/image\/"},"sameAs":["https:\/\/www.facebook.com\/dnxh.nhamayman\/"]}]},"product_price_amount":"3.68","product_price_currency":"EUR","og_availability":"instock","product_availability":"instock","product_condition":"new"},"_links":{"self":[{"href":"https:\/\/maison-chance.org\/shop\/fr\/wp-json\/wp\/v2\/product\/40630","targetHints":{"allow":["GET"]}}],"collection":[{"href":"https:\/\/maison-chance.org\/shop\/fr\/wp-json\/wp\/v2\/product"}],"about":[{"href":"https:\/\/maison-chance.org\/shop\/fr\/wp-json\/wp\/v2\/types\/product"}],"wp:featuredmedia":[{"embeddable":true,"href":"https:\/\/maison-chance.org\/shop\/fr\/wp-json\/wp\/v2\/media\/36980"}],"wp:attachment":[{"href":"https:\/\/maison-chance.org\/shop\/fr\/wp-json\/wp\/v2\/media?parent=40630"}],"wp:term":[{"taxonomy":"product_brand","embeddable":true,"href":"https:\/\/maison-chance.org\/shop\/fr\/wp-json\/wp\/v2\/product_brand?post=40630"},{"taxonomy":"product_cat","embeddable":true,"href":"https:\/\/maison-chance.org\/shop\/fr\/wp-json\/wp\/v2\/product_cat?post=40630"},{"taxonomy":"product_tag","embeddable":true,"href":"https:\/\/maison-chance.org\/shop\/fr\/wp-json\/wp\/v2\/product_tag?post=40630"}],"curies":[{"name":"wp","href":"https:\/\/api.w.org\/{rel}","templated":true}]}}