{"id":40635,"date":"2024-10-01T07:00:06","date_gmt":"2024-10-01T00:00:06","guid":{"rendered":"https:\/\/maison-chance.org\/shop\/san-pham\/lapin-2"},"modified":"2025-03-13T09:46:45","modified_gmt":"2025-03-13T02:46:45","slug":"lapin-2","status":"publish","type":"product","link":"https:\/\/maison-chance.org\/shop\/fr\/produit\/lapin-2","title":{"rendered":"Lapin"},"content":{"rendered":"<p data-start=\"0\" data-end=\"53\"><strong data-start=\"3\" data-end=\"48\">Bonjour, je suis le Lapin Tiss\u00e9 TC28TB !<\/strong><\/p>\n<p data-start=\"55\" data-end=\"337\">Qui a dit que les petits ne peuvent pas se d\u00e9marquer ? Je ne mesure que 15 cm de haut et 6 cm de large, mais je peux faire fondre tout le monde d\u00e8s le premier regard ! Je porte un v\u00eatement en tapisserie unique, orn\u00e9 de motifs raffin\u00e9s et color\u00e9s \u2013 une beaut\u00e9 \u00e0 la fois traditionnelle et moderne. Ce qui est sp\u00e9cial, c&rsquo;est que chaque motif de mon v\u00eatement est soigneusement \u00e9labor\u00e9 par les mains habiles des couturiers handicap\u00e9s de <a href=\"https:\/\/maison-chance.org\/shop\">Maison Chance<\/a>, avec une attention m\u00e9ticuleuse port\u00e9e \u00e0 chaque point et \u00e0 chaque couture.<\/p>\n<p data-start=\"796\" data-end=\"878\"><strong data-start=\"796\" data-end=\"876\">Le saviez-vous ? Je suis peut-\u00eatre petit, mais j&rsquo;ai de nombreuses utilisations :<\/strong><\/p>\n<ul data-start=\"879\" data-end=\"1619\">\n<li data-start=\"879\" data-end=\"1077\">D\u00e9corez votre espace de travail : Placez-moi sur votre bureau, et je vous aiderai \u00e0 r\u00e9duire le stress et la fatigue. Me regarder chaque jour vous apportera une \u00e9nergie positive et un esprit joyeux !<\/li>\n<li data-start=\"1078\" data-end=\"1203\">Emb\u00e9lissez votre coin d&rsquo;\u00e9tude : Mettez-moi sur l&rsquo;\u00e9tag\u00e8re ou le bureau d&rsquo;\u00e9tude, et je rendrai cet petit coin vivant et incroyablement mignon !<\/li>\n<li data-start=\"1204\" data-end=\"1406\">Un compagnon joyeux : Avec ma taille l\u00e9g\u00e8re, vous pouvez m&#8217;emporter partout \u2013 des sacs, des sacs \u00e0 dos \u00e0 la voiture. Je serai toujours \u00e0 vos c\u00f4t\u00e9s, apportant de petites joies tout au long de votre chemin.<\/li>\n<li data-start=\"1407\" data-end=\"1619\">Un cadeau plein de sens : Non seulement je suis mignon, mais je suis aussi un cadeau rempli d&rsquo;amour et de soin profond\u00e9ment enracin\u00e9. Offrez-moi \u00e0 vos amis, \u00e0 vos proches ou aux petits, et je suis s\u00fbr que tout le monde m&rsquo;adorera !<\/li>\n<\/ul>\n<p data-start=\"1621\" data-end=\"2078\">La chose la plus sp\u00e9ciale \u00e0 propos de moi est l&rsquo;histoire derri\u00e8re chaque point et chaque couture. Je suis fabriqu\u00e9 par les mains talentueuses des couturiers handicap\u00e9s de chez Maison Chance \u2013 un endroit qui donne des ailes aux r\u00eaves et offre une meilleure vie \u00e0 la communaut\u00e9 des personnes handicap\u00e9es. Chaque produit vendu apporte non seulement de la joie \u00e0 son propri\u00e9taire, mais constitue \u00e9galement une grande encouragement pour les travailleurs ici, les aidant \u00e0 gagner en confiance, \u00e0 s\u00e9curiser des emplois stables et \u00e0 s&rsquo;int\u00e9grer dans la soci\u00e9t\u00e9.<\/p>\n<p data-start=\"1621\" data-end=\"2078\"><em>Alors, qu&rsquo;attendez-vous ? Ramenez chez vous ce adorable Lapin Tiss\u00e9 TC28TB pour cr\u00e9er des moments joyeux chaque jour ! Et n&rsquo;oubliez pas de partager cette joie avec vos amis et vos proches !<\/em><\/p>\n","protected":false},"excerpt":{"rendered":"<p style=\"text-align: justify;\">Les produits fabriqu\u00e9s \u00e0 la main par des personnes handicap\u00e9es d\u00e9favoris\u00e9es sollicitent aimablement le soutien de nos pr\u00e9cieux clients.<\/p>\n<p>Mat\u00e9riau : Brocart<\/p>\n<p>Code : TC28TB<\/p>\n<p>Hotline : <span style=\"font-size: 20px;\"><strong><span style=\"color: #ff0000;\">0909 06 25 28<\/span><\/strong><\/span><\/p>\n<p style=\"text-align: justify;\">Si vous \u00eates au Vietnam, veuillez nous contacter via notre hotline ou la page fan de l&rsquo;entreprise Maison Chance pour conna\u00eetre le prix de vente au Vietnam.<\/p>\n","protected":false},"featured_media":36905,"template":"","meta":[],"product_brand":[],"product_cat":[243,231],"product_tag":[],"class_list":{"0":"post-40635","1":"product","2":"type-product","3":"status-publish","4":"has-post-thumbnail","6":"product_cat-animal-en-peluche","7":"product_cat-atelier-de-couture","9":"first","10":"instock","11":"shipping-taxable","12":"purchasable","13":"product-type-simple"},"yoast_head":"<!-- This site is optimized with the Yoast SEO Premium plugin v22.7 (Yoast SEO v25.3.1) - https:\/\/yoast.com\/wordpress\/plugins\/seo\/ -->\n<title>Lapin - peluche en tissu brocart - Nh\u00e0 May M\u1eafn - Maison Chance<\/title>\n<meta name=\"description\" content=\"Lapin en peluche fabriqu\u00e9 en tissu brocart, un produit artisanal unique r\u00e9alis\u00e9 par des couturiers handicap\u00e9s de Maison Chance. D\u00e9corez vos espaces de vie et soutenez les personnes handicap\u00e9es\" \/>\n<meta name=\"robots\" content=\"index, follow, max-snippet:-1, max-image-preview:large, max-video-preview:-1\" \/>\n<link rel=\"canonical\" href=\"https:\/\/maison-chance.org\/shop\/fr\/produit\/lapin-2\" \/>\n<meta property=\"og:locale\" content=\"fr_FR\" \/>\n<meta property=\"og:type\" content=\"article\" \/>\n<meta property=\"og:title\" content=\"Lapin\" \/>\n<meta property=\"og:description\" content=\"Lapin en peluche fabriqu\u00e9 en tissu brocart, un produit artisanal unique r\u00e9alis\u00e9 par des couturiers handicap\u00e9s de Maison Chance. D\u00e9corez vos espaces de vie et soutenez les personnes handicap\u00e9es\" \/>\n<meta property=\"og:url\" content=\"https:\/\/maison-chance.org\/shop\/fr\/produit\/lapin-2\" \/>\n<meta property=\"og:site_name\" content=\"Nh\u00e0 May M\u1eafn - Maison Chance\" \/>\n<meta property=\"article:publisher\" content=\"https:\/\/www.facebook.com\/dnxh.nhamayman\/\" \/>\n<meta property=\"article:modified_time\" content=\"2025-03-13T02:46:45+00:00\" \/>\n<meta property=\"og:image\" content=\"https:\/\/maison-chance.org\/shop\/wp-content\/uploads\/2024\/04\/thu-nhoi-bong-hinh-con-tho-vai-tho-cam-1.jpg\" \/>\n\t<meta property=\"og:image:width\" content=\"600\" \/>\n\t<meta property=\"og:image:height\" content=\"600\" \/>\n\t<meta property=\"og:image:type\" content=\"image\/jpeg\" \/>\n<meta name=\"twitter:card\" content=\"summary_large_image\" \/>\n<meta name=\"twitter:label1\" content=\"Prix\" \/>\n\t<meta name=\"twitter:data1\" content=\"&euro;3.68\" \/>\n\t<meta name=\"twitter:label2\" content=\"Disponibilit\u00e9\" \/>\n\t<meta name=\"twitter:data2\" content=\"En stock\" \/>\n<script type=\"application\/ld+json\" class=\"yoast-schema-graph\">{\"@context\":\"https:\/\/schema.org\",\"@graph\":[{\"@type\":\"WebPage\",\"@id\":\"https:\/\/maison-chance.org\/shop\/fr\/produit\/lapin-2\",\"url\":\"https:\/\/maison-chance.org\/shop\/fr\/produit\/lapin-2\",\"name\":\"Lapin - peluche en tissu brocart - Nh\u00e0 May M\u1eafn - Maison Chance\",\"isPartOf\":{\"@id\":\"https:\/\/maison-chance.org\/shop\/fr#website\"},\"primaryImageOfPage\":{\"@id\":\"https:\/\/maison-chance.org\/shop\/fr\/produit\/lapin-2#primaryimage\"},\"image\":{\"@id\":\"https:\/\/maison-chance.org\/shop\/fr\/produit\/lapin-2#primaryimage\"},\"thumbnailUrl\":\"https:\/\/maison-chance.org\/shop\/wp-content\/uploads\/2024\/04\/thu-nhoi-bong-hinh-con-tho-vai-tho-cam-1.jpg\",\"datePublished\":\"2024-10-01T00:00:06+00:00\",\"dateModified\":\"2025-03-13T02:46:45+00:00\",\"description\":\"Lapin en peluche fabriqu\u00e9 en tissu brocart, un produit artisanal unique r\u00e9alis\u00e9 par des couturiers handicap\u00e9s de Maison Chance. D\u00e9corez vos espaces de vie et soutenez les personnes handicap\u00e9es\",\"breadcrumb\":{\"@id\":\"https:\/\/maison-chance.org\/shop\/fr\/produit\/lapin-2#breadcrumb\"},\"inLanguage\":\"fr-FR\",\"potentialAction\":[{\"@type\":\"ReadAction\",\"target\":[\"https:\/\/maison-chance.org\/shop\/fr\/produit\/lapin-2\"]}]},{\"@type\":\"ImageObject\",\"inLanguage\":\"fr-FR\",\"@id\":\"https:\/\/maison-chance.org\/shop\/fr\/produit\/lapin-2#primaryimage\",\"url\":\"https:\/\/maison-chance.org\/shop\/wp-content\/uploads\/2024\/04\/thu-nhoi-bong-hinh-con-tho-vai-tho-cam-1.jpg\",\"contentUrl\":\"https:\/\/maison-chance.org\/shop\/wp-content\/uploads\/2024\/04\/thu-nhoi-bong-hinh-con-tho-vai-tho-cam-1.jpg\",\"width\":600,\"height\":600,\"caption\":\"Lapin en Peluche en Tissu Brocart\"},{\"@type\":\"BreadcrumbList\",\"@id\":\"https:\/\/maison-chance.org\/shop\/fr\/produit\/lapin-2#breadcrumb\",\"itemListElement\":[{\"@type\":\"ListItem\",\"position\":1,\"name\":\"Trang ch\u1ee7\",\"item\":\"https:\/\/maison-chance.org\/shop\/fr\"},{\"@type\":\"ListItem\",\"position\":2,\"name\":\"Boutique\",\"item\":\"https:\/\/maison-chance.org\/shop\/shop\"},{\"@type\":\"ListItem\",\"position\":3,\"name\":\"Lapin\"}]},{\"@type\":\"WebSite\",\"@id\":\"https:\/\/maison-chance.org\/shop\/fr#website\",\"url\":\"https:\/\/maison-chance.org\/shop\/fr\",\"name\":\"Nh\u00e0 May M\u1eafn - Maison Chance\",\"description\":\"M\u1ecdi l\u1ee3i nhu\u1eadn thu v\u1ec1 t\u1eeb vi\u1ec7c b\u00e1n h\u00e0ng s\u1ebd tr\u00edch m\u1ed9t ph\u1ea7n \u0111\u1ec3 ch\u0103m lo cho \u0111\u1eddi s\u1ed1ng c\u00e1c b\u1ea1n khuy\u1ebft t\u1eadt v\u00e0 tr\u1ebb m\u1ed3 c\u00f4i \u1edf \u0111\u00e2y\",\"publisher\":{\"@id\":\"https:\/\/maison-chance.org\/shop\/fr#organization\"},\"potentialAction\":[{\"@type\":\"SearchAction\",\"target\":{\"@type\":\"EntryPoint\",\"urlTemplate\":\"https:\/\/maison-chance.org\/shop\/fr?s={search_term_string}\"},\"query-input\":{\"@type\":\"PropertyValueSpecification\",\"valueRequired\":true,\"valueName\":\"search_term_string\"}}],\"inLanguage\":\"fr-FR\"},{\"@type\":\"Organization\",\"@id\":\"https:\/\/maison-chance.org\/shop\/fr#organization\",\"name\":\"Nh\u00e0 May M\u1eafn - Maison Chance\",\"url\":\"https:\/\/maison-chance.org\/shop\/fr\",\"logo\":{\"@type\":\"ImageObject\",\"inLanguage\":\"fr-FR\",\"@id\":\"https:\/\/maison-chance.org\/shop\/fr#\/schema\/logo\/image\/\",\"url\":\"https:\/\/maison-chance.org\/shop\/wp-content\/uploads\/2024\/03\/cropped-Logo_DNXH.png\",\"contentUrl\":\"https:\/\/maison-chance.org\/shop\/wp-content\/uploads\/2024\/03\/cropped-Logo_DNXH.png\",\"width\":512,\"height\":512,\"caption\":\"Nh\u00e0 May M\u1eafn - Maison Chance\"},\"image\":{\"@id\":\"https:\/\/maison-chance.org\/shop\/fr#\/schema\/logo\/image\/\"},\"sameAs\":[\"https:\/\/www.facebook.com\/dnxh.nhamayman\/\"]}]}<\/script>\n<meta property=\"product:price:amount\" content=\"3.68\" \/>\n<meta property=\"product:price:currency\" content=\"EUR\" \/>\n<meta property=\"og:availability\" content=\"instock\" \/>\n<meta property=\"product:availability\" content=\"instock\" \/>\n<meta property=\"product:condition\" content=\"new\" \/>\n<!-- \/ Yoast SEO Premium plugin. -->","yoast_head_json":{"title":"Lapin - peluche en tissu brocart - Nh\u00e0 May M\u1eafn - Maison Chance","description":"Lapin en peluche fabriqu\u00e9 en tissu brocart, un produit artisanal unique r\u00e9alis\u00e9 par des couturiers handicap\u00e9s de Maison Chance. D\u00e9corez vos espaces de vie et soutenez les personnes handicap\u00e9es","robots":{"index":"index","follow":"follow","max-snippet":"max-snippet:-1","max-image-preview":"max-image-preview:large","max-video-preview":"max-video-preview:-1"},"canonical":"https:\/\/maison-chance.org\/shop\/fr\/produit\/lapin-2","og_locale":"fr_FR","og_type":"article","og_title":"Lapin","og_description":"Lapin en peluche fabriqu\u00e9 en tissu brocart, un produit artisanal unique r\u00e9alis\u00e9 par des couturiers handicap\u00e9s de Maison Chance. D\u00e9corez vos espaces de vie et soutenez les personnes handicap\u00e9es","og_url":"https:\/\/maison-chance.org\/shop\/fr\/produit\/lapin-2","og_site_name":"Nh\u00e0 May M\u1eafn - Maison Chance","article_publisher":"https:\/\/www.facebook.com\/dnxh.nhamayman\/","article_modified_time":"2025-03-13T02:46:45+00:00","og_image":[{"width":600,"height":600,"url":"https:\/\/maison-chance.org\/shop\/wp-content\/uploads\/2024\/04\/thu-nhoi-bong-hinh-con-tho-vai-tho-cam-1.jpg","type":"image\/jpeg"}],"twitter_card":"summary_large_image","twitter_misc":{"Prix":"&euro;3.68","Disponibilit\u00e9":"En stock"},"schema":{"@context":"https:\/\/schema.org","@graph":[{"@type":"WebPage","@id":"https:\/\/maison-chance.org\/shop\/fr\/produit\/lapin-2","url":"https:\/\/maison-chance.org\/shop\/fr\/produit\/lapin-2","name":"Lapin - peluche en tissu brocart - Nh\u00e0 May M\u1eafn - Maison Chance","isPartOf":{"@id":"https:\/\/maison-chance.org\/shop\/fr#website"},"primaryImageOfPage":{"@id":"https:\/\/maison-chance.org\/shop\/fr\/produit\/lapin-2#primaryimage"},"image":{"@id":"https:\/\/maison-chance.org\/shop\/fr\/produit\/lapin-2#primaryimage"},"thumbnailUrl":"https:\/\/maison-chance.org\/shop\/wp-content\/uploads\/2024\/04\/thu-nhoi-bong-hinh-con-tho-vai-tho-cam-1.jpg","datePublished":"2024-10-01T00:00:06+00:00","dateModified":"2025-03-13T02:46:45+00:00","description":"Lapin en peluche fabriqu\u00e9 en tissu brocart, un produit artisanal unique r\u00e9alis\u00e9 par des couturiers handicap\u00e9s de Maison Chance. D\u00e9corez vos espaces de vie et soutenez les personnes handicap\u00e9es","breadcrumb":{"@id":"https:\/\/maison-chance.org\/shop\/fr\/produit\/lapin-2#breadcrumb"},"inLanguage":"fr-FR","potentialAction":[{"@type":"ReadAction","target":["https:\/\/maison-chance.org\/shop\/fr\/produit\/lapin-2"]}]},{"@type":"ImageObject","inLanguage":"fr-FR","@id":"https:\/\/maison-chance.org\/shop\/fr\/produit\/lapin-2#primaryimage","url":"https:\/\/maison-chance.org\/shop\/wp-content\/uploads\/2024\/04\/thu-nhoi-bong-hinh-con-tho-vai-tho-cam-1.jpg","contentUrl":"https:\/\/maison-chance.org\/shop\/wp-content\/uploads\/2024\/04\/thu-nhoi-bong-hinh-con-tho-vai-tho-cam-1.jpg","width":600,"height":600,"caption":"Lapin en Peluche en Tissu Brocart"},{"@type":"BreadcrumbList","@id":"https:\/\/maison-chance.org\/shop\/fr\/produit\/lapin-2#breadcrumb","itemListElement":[{"@type":"ListItem","position":1,"name":"Trang ch\u1ee7","item":"https:\/\/maison-chance.org\/shop\/fr"},{"@type":"ListItem","position":2,"name":"Boutique","item":"https:\/\/maison-chance.org\/shop\/shop"},{"@type":"ListItem","position":3,"name":"Lapin"}]},{"@type":"WebSite","@id":"https:\/\/maison-chance.org\/shop\/fr#website","url":"https:\/\/maison-chance.org\/shop\/fr","name":"Nh\u00e0 May M\u1eafn - Maison Chance","description":"M\u1ecdi l\u1ee3i nhu\u1eadn thu v\u1ec1 t\u1eeb vi\u1ec7c b\u00e1n h\u00e0ng s\u1ebd tr\u00edch m\u1ed9t ph\u1ea7n \u0111\u1ec3 ch\u0103m lo cho \u0111\u1eddi s\u1ed1ng c\u00e1c b\u1ea1n khuy\u1ebft t\u1eadt v\u00e0 tr\u1ebb m\u1ed3 c\u00f4i \u1edf \u0111\u00e2y","publisher":{"@id":"https:\/\/maison-chance.org\/shop\/fr#organization"},"potentialAction":[{"@type":"SearchAction","target":{"@type":"EntryPoint","urlTemplate":"https:\/\/maison-chance.org\/shop\/fr?s={search_term_string}"},"query-input":{"@type":"PropertyValueSpecification","valueRequired":true,"valueName":"search_term_string"}}],"inLanguage":"fr-FR"},{"@type":"Organization","@id":"https:\/\/maison-chance.org\/shop\/fr#organization","name":"Nh\u00e0 May M\u1eafn - Maison Chance","url":"https:\/\/maison-chance.org\/shop\/fr","logo":{"@type":"ImageObject","inLanguage":"fr-FR","@id":"https:\/\/maison-chance.org\/shop\/fr#\/schema\/logo\/image\/","url":"https:\/\/maison-chance.org\/shop\/wp-content\/uploads\/2024\/03\/cropped-Logo_DNXH.png","contentUrl":"https:\/\/maison-chance.org\/shop\/wp-content\/uploads\/2024\/03\/cropped-Logo_DNXH.png","width":512,"height":512,"caption":"Nh\u00e0 May M\u1eafn - Maison Chance"},"image":{"@id":"https:\/\/maison-chance.org\/shop\/fr#\/schema\/logo\/image\/"},"sameAs":["https:\/\/www.facebook.com\/dnxh.nhamayman\/"]}]},"product_price_amount":"3.68","product_price_currency":"EUR","og_availability":"instock","product_availability":"instock","product_condition":"new"},"_links":{"self":[{"href":"https:\/\/maison-chance.org\/shop\/fr\/wp-json\/wp\/v2\/product\/40635","targetHints":{"allow":["GET"]}}],"collection":[{"href":"https:\/\/maison-chance.org\/shop\/fr\/wp-json\/wp\/v2\/product"}],"about":[{"href":"https:\/\/maison-chance.org\/shop\/fr\/wp-json\/wp\/v2\/types\/product"}],"wp:featuredmedia":[{"embeddable":true,"href":"https:\/\/maison-chance.org\/shop\/fr\/wp-json\/wp\/v2\/media\/36905"}],"wp:attachment":[{"href":"https:\/\/maison-chance.org\/shop\/fr\/wp-json\/wp\/v2\/media?parent=40635"}],"wp:term":[{"taxonomy":"product_brand","embeddable":true,"href":"https:\/\/maison-chance.org\/shop\/fr\/wp-json\/wp\/v2\/product_brand?post=40635"},{"taxonomy":"product_cat","embeddable":true,"href":"https:\/\/maison-chance.org\/shop\/fr\/wp-json\/wp\/v2\/product_cat?post=40635"},{"taxonomy":"product_tag","embeddable":true,"href":"https:\/\/maison-chance.org\/shop\/fr\/wp-json\/wp\/v2\/product_tag?post=40635"}],"curies":[{"name":"wp","href":"https:\/\/api.w.org\/{rel}","templated":true}]}}