{"id":40639,"date":"2024-10-01T07:01:30","date_gmt":"2024-10-01T00:01:30","guid":{"rendered":"https:\/\/maison-chance.org\/shop\/san-pham\/crocodile"},"modified":"2025-03-13T09:52:14","modified_gmt":"2025-03-13T02:52:14","slug":"crocodile","status":"publish","type":"product","link":"https:\/\/maison-chance.org\/shop\/fr\/produit\/crocodile","title":{"rendered":"Crocodile"},"content":{"rendered":"<p>Maison Chance est une organisation \u00e0 but non lucratif sp\u00e9cialis\u00e9e dans l&rsquo;aide aux personnes handicap\u00e9es au Vietnam pour d\u00e9velopper des comp\u00e9tences en couture et cr\u00e9er des opportunit\u00e9s d&#8217;emploi pour elles. Les produits artisanaux de Maison Chance ne sont pas seulement d&rsquo;une grande valeur esth\u00e9tique, mais ils refl\u00e8tent \u00e9galement l&rsquo;effort et le talent des couturiers handicap\u00e9s. Parmi eux, le crocodile en tapisserie est l&rsquo;un des produits phares de Maison Chance.<\/p>\n<p style=\"text-align: justify;\">Le crocodile en peluche en tapisserie porte un \u201cv\u00eatement\u201d en tapisserie unique, alliant harmonieusement la beaut\u00e9 de la culture traditionnelle et la modernit\u00e9. Avec une taille compacte (6 x 16 cm) et des couleurs vari\u00e9es, le crocodile en tapisserie peut \u00eatre utilis\u00e9 pour d\u00e9corer divers espaces.<\/p>\n<p><strong data-start=\"605\" data-end=\"653\">D\u00e9corez votre espace de travail, votre biblioth\u00e8que ou votre bureau:<\/strong> Ajoutez une touche de couleur et de gaiet\u00e9, vous aidant \u00e0 trouver l&rsquo;inspiration dans votre travail et vos \u00e9tudes.<\/p>\n<p><strong data-start=\"749\" data-end=\"790\">Transformez-vous en porte-cl\u00e9s ou en accroche-sac :<\/strong> Compact et ajoutant une touche personnelle \u00e0 votre style.<\/p>\n<p><strong data-start=\"862\" data-end=\"884\">Un cadeau mignon :<\/strong> Parfait pour les amis, la famille ou m\u00eame comme \u201ccadeau\u201d pour vous-m\u00eame. Un petit cadeau rempli d&rsquo;affection.<\/p>\n<p>Avec ses yeux p\u00e9tillants et son grand sourire amical, ce petit crocodile rondouillard saura \u201cfendre le c\u0153ur\u201d de quiconque d\u00e8s le premier regard. Ce n&rsquo;est plus la cr\u00e9ature f\u00e9roce que vous pensez, cette version en tapisserie du crocodile est extr\u00eamement mignonne et douce !<\/p>\n<p style=\"text-align: justify;\">Procurez-vous d\u00e8s maintenant un de ces crocodiles pour embellir votre vie ! Acheter chez Maison Chance vous permet non seulement de poss\u00e9der un produit artisanal unique, mais \u00e9galement de cr\u00e9er des opportunit\u00e9s d&#8217;emploi pour les couturiers handicap\u00e9s. Soutenez et aidez la communaut\u00e9 des personnes handicap\u00e9es chez <a href=\"https:\/\/maison-chance.org\/shop\">Maison Chance<\/a> en faisant vos achats ici.<\/p>\n","protected":false},"excerpt":{"rendered":"<p style=\"text-align: justify;\">Les produits fabriqu\u00e9s \u00e0 la main par des personnes handicap\u00e9es d\u00e9favoris\u00e9es sollicitent aimablement le soutien de nos pr\u00e9cieux clients.<\/p>\n<p>Mat\u00e9riau : Brocart<\/p>\n<p>Code : TC27TB<\/p>\n<p>Hotline : <span style=\"font-size: 20px;\"><strong><span style=\"color: #ff0000;\">0909 06 25 28<\/span><\/strong><\/span><\/p>\n<p style=\"text-align: justify;\">Si vous \u00eates au Vietnam, veuillez nous contacter via notre hotline ou la page fan de l&rsquo;entreprise Maison Chance pour conna\u00eetre le prix de vente au Vietnam.<\/p>\n","protected":false},"featured_media":36899,"template":"","meta":[],"product_brand":[],"product_cat":[243,231],"product_tag":[],"class_list":{"0":"post-40639","1":"product","2":"type-product","3":"status-publish","4":"has-post-thumbnail","6":"product_cat-animal-en-peluche","7":"product_cat-atelier-de-couture","9":"first","10":"instock","11":"shipping-taxable","12":"purchasable","13":"product-type-simple"},"yoast_head":"<!-- This site is optimized with the Yoast SEO Premium plugin v22.7 (Yoast SEO v25.3.1) - https:\/\/yoast.com\/wordpress\/plugins\/seo\/ -->\n<title>Crocodile - peluche en tissu brocart - Nh\u00e0 May M\u1eafn - Maison Chance<\/title>\n<meta name=\"description\" content=\"Le crocodile en peluche en tissu brocart n&#039;est pas seulement un simple jouet mais aussi un objet d\u00e9coratif unique et impressionnant. Avec sa taille compacte (6 x 16 cm) et ses couleurs vari\u00e9es,\" \/>\n<meta name=\"robots\" content=\"index, follow, max-snippet:-1, max-image-preview:large, max-video-preview:-1\" \/>\n<link rel=\"canonical\" href=\"https:\/\/maison-chance.org\/shop\/fr\/produit\/crocodile\" \/>\n<meta property=\"og:locale\" content=\"fr_FR\" \/>\n<meta property=\"og:type\" content=\"article\" \/>\n<meta property=\"og:title\" content=\"Crocodile\" \/>\n<meta property=\"og:description\" content=\"Le crocodile en peluche en tissu brocart n&#039;est pas seulement un simple jouet mais aussi un objet d\u00e9coratif unique et impressionnant. Avec sa taille compacte (6 x 16 cm) et ses couleurs vari\u00e9es,\" \/>\n<meta property=\"og:url\" content=\"https:\/\/maison-chance.org\/shop\/fr\/produit\/crocodile\" \/>\n<meta property=\"og:site_name\" content=\"Nh\u00e0 May M\u1eafn - Maison Chance\" \/>\n<meta property=\"article:publisher\" content=\"https:\/\/www.facebook.com\/dnxh.nhamayman\/\" \/>\n<meta property=\"article:modified_time\" content=\"2025-03-13T02:52:14+00:00\" \/>\n<meta property=\"og:image\" content=\"https:\/\/maison-chance.org\/shop\/wp-content\/uploads\/2024\/04\/thu-nhoi-bong-hinh-con-ca-sau-vai-tho-cam-1.jpg\" \/>\n\t<meta property=\"og:image:width\" content=\"600\" \/>\n\t<meta property=\"og:image:height\" content=\"600\" \/>\n\t<meta property=\"og:image:type\" content=\"image\/jpeg\" \/>\n<meta name=\"twitter:card\" content=\"summary_large_image\" \/>\n<meta name=\"twitter:label1\" content=\"Prix\" \/>\n\t<meta name=\"twitter:data1\" content=\"&euro;3.04\" \/>\n\t<meta name=\"twitter:label2\" content=\"Disponibilit\u00e9\" \/>\n\t<meta name=\"twitter:data2\" content=\"En stock\" \/>\n<script type=\"application\/ld+json\" class=\"yoast-schema-graph\">{\"@context\":\"https:\/\/schema.org\",\"@graph\":[{\"@type\":\"WebPage\",\"@id\":\"https:\/\/maison-chance.org\/shop\/fr\/produit\/crocodile\",\"url\":\"https:\/\/maison-chance.org\/shop\/fr\/produit\/crocodile\",\"name\":\"Crocodile - peluche en tissu brocart - Nh\u00e0 May M\u1eafn - Maison Chance\",\"isPartOf\":{\"@id\":\"https:\/\/maison-chance.org\/shop\/fr#website\"},\"primaryImageOfPage\":{\"@id\":\"https:\/\/maison-chance.org\/shop\/fr\/produit\/crocodile#primaryimage\"},\"image\":{\"@id\":\"https:\/\/maison-chance.org\/shop\/fr\/produit\/crocodile#primaryimage\"},\"thumbnailUrl\":\"https:\/\/maison-chance.org\/shop\/wp-content\/uploads\/2024\/04\/thu-nhoi-bong-hinh-con-ca-sau-vai-tho-cam-1.jpg\",\"datePublished\":\"2024-10-01T00:01:30+00:00\",\"dateModified\":\"2025-03-13T02:52:14+00:00\",\"description\":\"Le crocodile en peluche en tissu brocart n'est pas seulement un simple jouet mais aussi un objet d\u00e9coratif unique et impressionnant. Avec sa taille compacte (6 x 16 cm) et ses couleurs vari\u00e9es,\",\"breadcrumb\":{\"@id\":\"https:\/\/maison-chance.org\/shop\/fr\/produit\/crocodile#breadcrumb\"},\"inLanguage\":\"fr-FR\",\"potentialAction\":[{\"@type\":\"ReadAction\",\"target\":[\"https:\/\/maison-chance.org\/shop\/fr\/produit\/crocodile\"]}]},{\"@type\":\"ImageObject\",\"inLanguage\":\"fr-FR\",\"@id\":\"https:\/\/maison-chance.org\/shop\/fr\/produit\/crocodile#primaryimage\",\"url\":\"https:\/\/maison-chance.org\/shop\/wp-content\/uploads\/2024\/04\/thu-nhoi-bong-hinh-con-ca-sau-vai-tho-cam-1.jpg\",\"contentUrl\":\"https:\/\/maison-chance.org\/shop\/wp-content\/uploads\/2024\/04\/thu-nhoi-bong-hinh-con-ca-sau-vai-tho-cam-1.jpg\",\"width\":600,\"height\":600,\"caption\":\"Crocodile en Peluche en Tissu Brocart\"},{\"@type\":\"BreadcrumbList\",\"@id\":\"https:\/\/maison-chance.org\/shop\/fr\/produit\/crocodile#breadcrumb\",\"itemListElement\":[{\"@type\":\"ListItem\",\"position\":1,\"name\":\"Trang ch\u1ee7\",\"item\":\"https:\/\/maison-chance.org\/shop\/fr\"},{\"@type\":\"ListItem\",\"position\":2,\"name\":\"Boutique\",\"item\":\"https:\/\/maison-chance.org\/shop\/shop\"},{\"@type\":\"ListItem\",\"position\":3,\"name\":\"Crocodile\"}]},{\"@type\":\"WebSite\",\"@id\":\"https:\/\/maison-chance.org\/shop\/fr#website\",\"url\":\"https:\/\/maison-chance.org\/shop\/fr\",\"name\":\"Nh\u00e0 May M\u1eafn - Maison Chance\",\"description\":\"M\u1ecdi l\u1ee3i nhu\u1eadn thu v\u1ec1 t\u1eeb vi\u1ec7c b\u00e1n h\u00e0ng s\u1ebd tr\u00edch m\u1ed9t ph\u1ea7n \u0111\u1ec3 ch\u0103m lo cho \u0111\u1eddi s\u1ed1ng c\u00e1c b\u1ea1n khuy\u1ebft t\u1eadt v\u00e0 tr\u1ebb m\u1ed3 c\u00f4i \u1edf \u0111\u00e2y\",\"publisher\":{\"@id\":\"https:\/\/maison-chance.org\/shop\/fr#organization\"},\"potentialAction\":[{\"@type\":\"SearchAction\",\"target\":{\"@type\":\"EntryPoint\",\"urlTemplate\":\"https:\/\/maison-chance.org\/shop\/fr?s={search_term_string}\"},\"query-input\":{\"@type\":\"PropertyValueSpecification\",\"valueRequired\":true,\"valueName\":\"search_term_string\"}}],\"inLanguage\":\"fr-FR\"},{\"@type\":\"Organization\",\"@id\":\"https:\/\/maison-chance.org\/shop\/fr#organization\",\"name\":\"Nh\u00e0 May M\u1eafn - Maison Chance\",\"url\":\"https:\/\/maison-chance.org\/shop\/fr\",\"logo\":{\"@type\":\"ImageObject\",\"inLanguage\":\"fr-FR\",\"@id\":\"https:\/\/maison-chance.org\/shop\/fr#\/schema\/logo\/image\/\",\"url\":\"https:\/\/maison-chance.org\/shop\/wp-content\/uploads\/2024\/03\/cropped-Logo_DNXH.png\",\"contentUrl\":\"https:\/\/maison-chance.org\/shop\/wp-content\/uploads\/2024\/03\/cropped-Logo_DNXH.png\",\"width\":512,\"height\":512,\"caption\":\"Nh\u00e0 May M\u1eafn - Maison Chance\"},\"image\":{\"@id\":\"https:\/\/maison-chance.org\/shop\/fr#\/schema\/logo\/image\/\"},\"sameAs\":[\"https:\/\/www.facebook.com\/dnxh.nhamayman\/\"]}]}<\/script>\n<meta property=\"product:price:amount\" content=\"3.04\" \/>\n<meta property=\"product:price:currency\" content=\"EUR\" \/>\n<meta property=\"og:availability\" content=\"instock\" \/>\n<meta property=\"product:availability\" content=\"instock\" \/>\n<meta property=\"product:condition\" content=\"new\" \/>\n<!-- \/ Yoast SEO Premium plugin. -->","yoast_head_json":{"title":"Crocodile - peluche en tissu brocart - Nh\u00e0 May M\u1eafn - Maison Chance","description":"Le crocodile en peluche en tissu brocart n'est pas seulement un simple jouet mais aussi un objet d\u00e9coratif unique et impressionnant. Avec sa taille compacte (6 x 16 cm) et ses couleurs vari\u00e9es,","robots":{"index":"index","follow":"follow","max-snippet":"max-snippet:-1","max-image-preview":"max-image-preview:large","max-video-preview":"max-video-preview:-1"},"canonical":"https:\/\/maison-chance.org\/shop\/fr\/produit\/crocodile","og_locale":"fr_FR","og_type":"article","og_title":"Crocodile","og_description":"Le crocodile en peluche en tissu brocart n'est pas seulement un simple jouet mais aussi un objet d\u00e9coratif unique et impressionnant. Avec sa taille compacte (6 x 16 cm) et ses couleurs vari\u00e9es,","og_url":"https:\/\/maison-chance.org\/shop\/fr\/produit\/crocodile","og_site_name":"Nh\u00e0 May M\u1eafn - Maison Chance","article_publisher":"https:\/\/www.facebook.com\/dnxh.nhamayman\/","article_modified_time":"2025-03-13T02:52:14+00:00","og_image":[{"width":600,"height":600,"url":"https:\/\/maison-chance.org\/shop\/wp-content\/uploads\/2024\/04\/thu-nhoi-bong-hinh-con-ca-sau-vai-tho-cam-1.jpg","type":"image\/jpeg"}],"twitter_card":"summary_large_image","twitter_misc":{"Prix":"&euro;3.04","Disponibilit\u00e9":"En stock"},"schema":{"@context":"https:\/\/schema.org","@graph":[{"@type":"WebPage","@id":"https:\/\/maison-chance.org\/shop\/fr\/produit\/crocodile","url":"https:\/\/maison-chance.org\/shop\/fr\/produit\/crocodile","name":"Crocodile - peluche en tissu brocart - Nh\u00e0 May M\u1eafn - Maison Chance","isPartOf":{"@id":"https:\/\/maison-chance.org\/shop\/fr#website"},"primaryImageOfPage":{"@id":"https:\/\/maison-chance.org\/shop\/fr\/produit\/crocodile#primaryimage"},"image":{"@id":"https:\/\/maison-chance.org\/shop\/fr\/produit\/crocodile#primaryimage"},"thumbnailUrl":"https:\/\/maison-chance.org\/shop\/wp-content\/uploads\/2024\/04\/thu-nhoi-bong-hinh-con-ca-sau-vai-tho-cam-1.jpg","datePublished":"2024-10-01T00:01:30+00:00","dateModified":"2025-03-13T02:52:14+00:00","description":"Le crocodile en peluche en tissu brocart n'est pas seulement un simple jouet mais aussi un objet d\u00e9coratif unique et impressionnant. Avec sa taille compacte (6 x 16 cm) et ses couleurs vari\u00e9es,","breadcrumb":{"@id":"https:\/\/maison-chance.org\/shop\/fr\/produit\/crocodile#breadcrumb"},"inLanguage":"fr-FR","potentialAction":[{"@type":"ReadAction","target":["https:\/\/maison-chance.org\/shop\/fr\/produit\/crocodile"]}]},{"@type":"ImageObject","inLanguage":"fr-FR","@id":"https:\/\/maison-chance.org\/shop\/fr\/produit\/crocodile#primaryimage","url":"https:\/\/maison-chance.org\/shop\/wp-content\/uploads\/2024\/04\/thu-nhoi-bong-hinh-con-ca-sau-vai-tho-cam-1.jpg","contentUrl":"https:\/\/maison-chance.org\/shop\/wp-content\/uploads\/2024\/04\/thu-nhoi-bong-hinh-con-ca-sau-vai-tho-cam-1.jpg","width":600,"height":600,"caption":"Crocodile en Peluche en Tissu Brocart"},{"@type":"BreadcrumbList","@id":"https:\/\/maison-chance.org\/shop\/fr\/produit\/crocodile#breadcrumb","itemListElement":[{"@type":"ListItem","position":1,"name":"Trang ch\u1ee7","item":"https:\/\/maison-chance.org\/shop\/fr"},{"@type":"ListItem","position":2,"name":"Boutique","item":"https:\/\/maison-chance.org\/shop\/shop"},{"@type":"ListItem","position":3,"name":"Crocodile"}]},{"@type":"WebSite","@id":"https:\/\/maison-chance.org\/shop\/fr#website","url":"https:\/\/maison-chance.org\/shop\/fr","name":"Nh\u00e0 May M\u1eafn - Maison Chance","description":"M\u1ecdi l\u1ee3i nhu\u1eadn thu v\u1ec1 t\u1eeb vi\u1ec7c b\u00e1n h\u00e0ng s\u1ebd tr\u00edch m\u1ed9t ph\u1ea7n \u0111\u1ec3 ch\u0103m lo cho \u0111\u1eddi s\u1ed1ng c\u00e1c b\u1ea1n khuy\u1ebft t\u1eadt v\u00e0 tr\u1ebb m\u1ed3 c\u00f4i \u1edf \u0111\u00e2y","publisher":{"@id":"https:\/\/maison-chance.org\/shop\/fr#organization"},"potentialAction":[{"@type":"SearchAction","target":{"@type":"EntryPoint","urlTemplate":"https:\/\/maison-chance.org\/shop\/fr?s={search_term_string}"},"query-input":{"@type":"PropertyValueSpecification","valueRequired":true,"valueName":"search_term_string"}}],"inLanguage":"fr-FR"},{"@type":"Organization","@id":"https:\/\/maison-chance.org\/shop\/fr#organization","name":"Nh\u00e0 May M\u1eafn - Maison Chance","url":"https:\/\/maison-chance.org\/shop\/fr","logo":{"@type":"ImageObject","inLanguage":"fr-FR","@id":"https:\/\/maison-chance.org\/shop\/fr#\/schema\/logo\/image\/","url":"https:\/\/maison-chance.org\/shop\/wp-content\/uploads\/2024\/03\/cropped-Logo_DNXH.png","contentUrl":"https:\/\/maison-chance.org\/shop\/wp-content\/uploads\/2024\/03\/cropped-Logo_DNXH.png","width":512,"height":512,"caption":"Nh\u00e0 May M\u1eafn - Maison Chance"},"image":{"@id":"https:\/\/maison-chance.org\/shop\/fr#\/schema\/logo\/image\/"},"sameAs":["https:\/\/www.facebook.com\/dnxh.nhamayman\/"]}]},"product_price_amount":"3.04","product_price_currency":"EUR","og_availability":"instock","product_availability":"instock","product_condition":"new"},"_links":{"self":[{"href":"https:\/\/maison-chance.org\/shop\/fr\/wp-json\/wp\/v2\/product\/40639","targetHints":{"allow":["GET"]}}],"collection":[{"href":"https:\/\/maison-chance.org\/shop\/fr\/wp-json\/wp\/v2\/product"}],"about":[{"href":"https:\/\/maison-chance.org\/shop\/fr\/wp-json\/wp\/v2\/types\/product"}],"wp:featuredmedia":[{"embeddable":true,"href":"https:\/\/maison-chance.org\/shop\/fr\/wp-json\/wp\/v2\/media\/36899"}],"wp:attachment":[{"href":"https:\/\/maison-chance.org\/shop\/fr\/wp-json\/wp\/v2\/media?parent=40639"}],"wp:term":[{"taxonomy":"product_brand","embeddable":true,"href":"https:\/\/maison-chance.org\/shop\/fr\/wp-json\/wp\/v2\/product_brand?post=40639"},{"taxonomy":"product_cat","embeddable":true,"href":"https:\/\/maison-chance.org\/shop\/fr\/wp-json\/wp\/v2\/product_cat?post=40639"},{"taxonomy":"product_tag","embeddable":true,"href":"https:\/\/maison-chance.org\/shop\/fr\/wp-json\/wp\/v2\/product_tag?post=40639"}],"curies":[{"name":"wp","href":"https:\/\/api.w.org\/{rel}","templated":true}]}}