{"id":40643,"date":"2024-10-10T07:06:51","date_gmt":"2024-10-10T00:06:51","guid":{"rendered":"https:\/\/maison-chance.org\/shop\/san-pham\/cerf"},"modified":"2025-03-13T09:57:06","modified_gmt":"2025-03-13T02:57:06","slug":"cerf","status":"publish","type":"product","link":"https:\/\/maison-chance.org\/shop\/fr\/produit\/cerf","title":{"rendered":"Cerf"},"content":{"rendered":"<p style=\"text-align: justify;\">Maison Chance &#8211; l&rsquo;endroit qui nourrit les r\u00eaves et les talents des couturiers handicap\u00e9s, a cr\u00e9\u00e9 des produits artisanaux uniques portant les empreintes de la culture vietnamienne. Chaque produit n&rsquo;est pas seulement le r\u00e9sultat d&rsquo;une habilet\u00e9 et d&rsquo;un soin minutieux, mais est aussi un t\u00e9moignage de la r\u00e9silience extraordinaire et des aspirations des couturiers talentueux. Parmi eux, le cerf en peluche en tapisserie (TC26TB) se distingue par sa beaut\u00e9 rustique et famili\u00e8re, promettant d&rsquo;apporter une nouvelle brise \u00e0 votre espace de vie.<\/p>\n<p style=\"text-align: justify;\">Fabriqu\u00e9 \u00e0 partir de tissu de tapisserie traditionnel, le cerf en tapisserie apporte une sensation de chaleur et de familiarit\u00e9, rappelant la beaut\u00e9 pristine et majestueuse des montagnes du Nord-Ouest. Le tissu de tapisserie est tiss\u00e9 \u00e0 la main avec des motifs d\u00e9licats, cr\u00e9ant des designs uniques aux couleurs vives qui durent dans le temps.<\/p>\n<p style=\"text-align: justify;\">Avec une taille compacte (8 x 16 cm), le cerf en tapisserie s&rsquo;adapte facilement \u00e0 de nombreux espaces. Vous pouvez le placer sur une \u00e9tag\u00e8re, un bureau ou un coin d&rsquo;\u00e9tude pour cr\u00e9er un accent vivant, inspirant la cr\u00e9ativit\u00e9. Alternativement, vous pouvez \u00e9galement utiliser le cerf comme un objet d\u00e9coratif unique sur une table \u00e0 th\u00e9 ou une \u00e9tag\u00e8re, rendant l&rsquo;espace plus chaleureux et accueillant.<\/p>\n<p style=\"text-align: justify;\">La combinaison harmonieuse de couleurs vives telles que le rouge, le vert, le bleu et le jaune sur le tissu de tapisserie cr\u00e9e une composition accrocheuse qui attire tous les regards. Le cerf en tapisserie n&rsquo;est pas seulement un objet d\u00e9coratif, mais l&rsquo;image du cerf dans le folklore symbolise \u00e9galement la chance, la richesse et la prosp\u00e9rit\u00e9. Avoir un cerf en tapisserie dans votre maison apportera joie, paix et b\u00e9n\u00e9dictions \u00e0 votre famille, tout en refl\u00e9tant le go\u00fbt esth\u00e9tique raffin\u00e9 de son propri\u00e9taire.<\/p>\n<p style=\"text-align: justify;\">De plus, lorsque vous choisissez le cerf en tapisserie de Maison Chance, vous contribuez \u00e9galement \u00e0 soutenir et \u00e0 cr\u00e9er des opportunit\u00e9s d&#8217;emploi pour les personnes handicap\u00e9es, les aidant \u00e0 gagner en motivation pour progresser dans la vie. Chaque produit cr\u00e9\u00e9 t\u00e9moigne de l&rsquo;amour, du partage et de l&rsquo;esprit optimiste des couturiers.<\/p>\n<p style=\"text-align: justify;\">Ne manquez pas l&rsquo;occasion de poss\u00e9der ce adorable cerf en tapisserie. Contactez d\u00e8s maintenant <a href=\"https:\/\/maison-chance.org\/shop\">Maison Chance<\/a> pour passer votre commande et joignez-vous \u00e0 nous pour r\u00e9pandre l&rsquo;amour et partager avec les personnes handicap\u00e9es. Chaque produit que vous achetez est une action significative, contribuant \u00e0 une soci\u00e9t\u00e9 compatissante et diffusant de belles valeurs au sein de la communaut\u00e9.<\/p>\n","protected":false},"excerpt":{"rendered":"<p style=\"text-align: justify;\">Les produits fabriqu\u00e9s \u00e0 la main par des personnes handicap\u00e9es d\u00e9favoris\u00e9es sollicitent aimablement le soutien de nos pr\u00e9cieux clients.<\/p>\n<p>Mat\u00e9riau : Tissu brocart<\/p>\n<p>Code : TC26TB<\/p>\n<p>Hotline : <span style=\"font-size: 20px;\"><strong><span style=\"color: #ff0000;\">0909 06 25 28<\/span><\/strong><\/span><\/p>\n<p style=\"text-align: justify;\">Si vous \u00eates au Vietnam, veuillez nous contacter via notre hotline ou la page fan de l&rsquo;entreprise Maison Chance pour conna\u00eetre le prix de vente au Vietnam.<\/p>\n","protected":false},"featured_media":36867,"template":"","meta":[],"product_brand":[],"product_cat":[243,231],"product_tag":[],"class_list":{"0":"post-40643","1":"product","2":"type-product","3":"status-publish","4":"has-post-thumbnail","6":"product_cat-animal-en-peluche","7":"product_cat-atelier-de-couture","9":"first","10":"instock","11":"shipping-taxable","12":"purchasable","13":"product-type-simple"},"yoast_head":"<!-- This site is optimized with the Yoast SEO Premium plugin v22.7 (Yoast SEO v25.3.1) - https:\/\/yoast.com\/wordpress\/plugins\/seo\/ -->\n<title>Cerf - peluche en tissu brocart - Nh\u00e0 May M\u1eafn - Maison Chance<\/title>\n<meta name=\"description\" content=\"Le cerf en peluche TC26TB en brocart est fabriqu\u00e9 \u00e0 la main par des couturiers handicap\u00e9s chez Maison Chance. Le produit apporte une beaut\u00e9 rustique, adapt\u00e9 \u00e0 la d\u00e9coration de maisons et de bureaux\" \/>\n<meta name=\"robots\" content=\"index, follow, max-snippet:-1, max-image-preview:large, max-video-preview:-1\" \/>\n<link rel=\"canonical\" href=\"https:\/\/maison-chance.org\/shop\/fr\/produit\/cerf\" \/>\n<meta property=\"og:locale\" content=\"fr_FR\" \/>\n<meta property=\"og:type\" content=\"article\" \/>\n<meta property=\"og:title\" content=\"Cerf\" \/>\n<meta property=\"og:description\" content=\"Le cerf en peluche TC26TB en brocart est fabriqu\u00e9 \u00e0 la main par des couturiers handicap\u00e9s chez Maison Chance. Le produit apporte une beaut\u00e9 rustique, adapt\u00e9 \u00e0 la d\u00e9coration de maisons et de bureaux\" \/>\n<meta property=\"og:url\" content=\"https:\/\/maison-chance.org\/shop\/fr\/produit\/cerf\" \/>\n<meta property=\"og:site_name\" content=\"Nh\u00e0 May M\u1eafn - Maison Chance\" \/>\n<meta property=\"article:publisher\" content=\"https:\/\/www.facebook.com\/dnxh.nhamayman\/\" \/>\n<meta property=\"article:modified_time\" content=\"2025-03-13T02:57:06+00:00\" \/>\n<meta property=\"og:image\" content=\"https:\/\/maison-chance.org\/shop\/wp-content\/uploads\/2024\/04\/thu-nhoi-bong-hinh-con-nai-vai-tho-cam-1.jpg\" \/>\n\t<meta property=\"og:image:width\" content=\"600\" \/>\n\t<meta property=\"og:image:height\" content=\"600\" \/>\n\t<meta property=\"og:image:type\" content=\"image\/jpeg\" \/>\n<meta name=\"twitter:card\" content=\"summary_large_image\" \/>\n<meta name=\"twitter:label1\" content=\"Prix\" \/>\n\t<meta name=\"twitter:data1\" content=\"&euro;3.04\" \/>\n\t<meta name=\"twitter:label2\" content=\"Disponibilit\u00e9\" \/>\n\t<meta name=\"twitter:data2\" content=\"En stock\" \/>\n<script type=\"application\/ld+json\" class=\"yoast-schema-graph\">{\"@context\":\"https:\/\/schema.org\",\"@graph\":[{\"@type\":\"WebPage\",\"@id\":\"https:\/\/maison-chance.org\/shop\/fr\/produit\/cerf\",\"url\":\"https:\/\/maison-chance.org\/shop\/fr\/produit\/cerf\",\"name\":\"Cerf - peluche en tissu brocart - Nh\u00e0 May M\u1eafn - Maison Chance\",\"isPartOf\":{\"@id\":\"https:\/\/maison-chance.org\/shop\/fr#website\"},\"primaryImageOfPage\":{\"@id\":\"https:\/\/maison-chance.org\/shop\/fr\/produit\/cerf#primaryimage\"},\"image\":{\"@id\":\"https:\/\/maison-chance.org\/shop\/fr\/produit\/cerf#primaryimage\"},\"thumbnailUrl\":\"https:\/\/maison-chance.org\/shop\/wp-content\/uploads\/2024\/04\/thu-nhoi-bong-hinh-con-nai-vai-tho-cam-1.jpg\",\"datePublished\":\"2024-10-10T00:06:51+00:00\",\"dateModified\":\"2025-03-13T02:57:06+00:00\",\"description\":\"Le cerf en peluche TC26TB en brocart est fabriqu\u00e9 \u00e0 la main par des couturiers handicap\u00e9s chez Maison Chance. Le produit apporte une beaut\u00e9 rustique, adapt\u00e9 \u00e0 la d\u00e9coration de maisons et de bureaux\",\"breadcrumb\":{\"@id\":\"https:\/\/maison-chance.org\/shop\/fr\/produit\/cerf#breadcrumb\"},\"inLanguage\":\"fr-FR\",\"potentialAction\":[{\"@type\":\"ReadAction\",\"target\":[\"https:\/\/maison-chance.org\/shop\/fr\/produit\/cerf\"]}]},{\"@type\":\"ImageObject\",\"inLanguage\":\"fr-FR\",\"@id\":\"https:\/\/maison-chance.org\/shop\/fr\/produit\/cerf#primaryimage\",\"url\":\"https:\/\/maison-chance.org\/shop\/wp-content\/uploads\/2024\/04\/thu-nhoi-bong-hinh-con-nai-vai-tho-cam-1.jpg\",\"contentUrl\":\"https:\/\/maison-chance.org\/shop\/wp-content\/uploads\/2024\/04\/thu-nhoi-bong-hinh-con-nai-vai-tho-cam-1.jpg\",\"width\":600,\"height\":600,\"caption\":\"Cerf en Peluche en Tissu Brocart\"},{\"@type\":\"BreadcrumbList\",\"@id\":\"https:\/\/maison-chance.org\/shop\/fr\/produit\/cerf#breadcrumb\",\"itemListElement\":[{\"@type\":\"ListItem\",\"position\":1,\"name\":\"Trang ch\u1ee7\",\"item\":\"https:\/\/maison-chance.org\/shop\/fr\"},{\"@type\":\"ListItem\",\"position\":2,\"name\":\"Boutique\",\"item\":\"https:\/\/maison-chance.org\/shop\/shop\"},{\"@type\":\"ListItem\",\"position\":3,\"name\":\"Cerf\"}]},{\"@type\":\"WebSite\",\"@id\":\"https:\/\/maison-chance.org\/shop\/fr#website\",\"url\":\"https:\/\/maison-chance.org\/shop\/fr\",\"name\":\"Nh\u00e0 May M\u1eafn - Maison Chance\",\"description\":\"M\u1ecdi l\u1ee3i nhu\u1eadn thu v\u1ec1 t\u1eeb vi\u1ec7c b\u00e1n h\u00e0ng s\u1ebd tr\u00edch m\u1ed9t ph\u1ea7n \u0111\u1ec3 ch\u0103m lo cho \u0111\u1eddi s\u1ed1ng c\u00e1c b\u1ea1n khuy\u1ebft t\u1eadt v\u00e0 tr\u1ebb m\u1ed3 c\u00f4i \u1edf \u0111\u00e2y\",\"publisher\":{\"@id\":\"https:\/\/maison-chance.org\/shop\/fr#organization\"},\"potentialAction\":[{\"@type\":\"SearchAction\",\"target\":{\"@type\":\"EntryPoint\",\"urlTemplate\":\"https:\/\/maison-chance.org\/shop\/fr?s={search_term_string}\"},\"query-input\":{\"@type\":\"PropertyValueSpecification\",\"valueRequired\":true,\"valueName\":\"search_term_string\"}}],\"inLanguage\":\"fr-FR\"},{\"@type\":\"Organization\",\"@id\":\"https:\/\/maison-chance.org\/shop\/fr#organization\",\"name\":\"Nh\u00e0 May M\u1eafn - Maison Chance\",\"url\":\"https:\/\/maison-chance.org\/shop\/fr\",\"logo\":{\"@type\":\"ImageObject\",\"inLanguage\":\"fr-FR\",\"@id\":\"https:\/\/maison-chance.org\/shop\/fr#\/schema\/logo\/image\/\",\"url\":\"https:\/\/maison-chance.org\/shop\/wp-content\/uploads\/2024\/03\/cropped-Logo_DNXH.png\",\"contentUrl\":\"https:\/\/maison-chance.org\/shop\/wp-content\/uploads\/2024\/03\/cropped-Logo_DNXH.png\",\"width\":512,\"height\":512,\"caption\":\"Nh\u00e0 May M\u1eafn - Maison Chance\"},\"image\":{\"@id\":\"https:\/\/maison-chance.org\/shop\/fr#\/schema\/logo\/image\/\"},\"sameAs\":[\"https:\/\/www.facebook.com\/dnxh.nhamayman\/\"]}]}<\/script>\n<meta property=\"product:price:amount\" content=\"3.04\" \/>\n<meta property=\"product:price:currency\" content=\"EUR\" \/>\n<meta property=\"og:availability\" content=\"instock\" \/>\n<meta property=\"product:availability\" content=\"instock\" \/>\n<meta property=\"product:condition\" content=\"new\" \/>\n<!-- \/ Yoast SEO Premium plugin. -->","yoast_head_json":{"title":"Cerf - peluche en tissu brocart - Nh\u00e0 May M\u1eafn - Maison Chance","description":"Le cerf en peluche TC26TB en brocart est fabriqu\u00e9 \u00e0 la main par des couturiers handicap\u00e9s chez Maison Chance. Le produit apporte une beaut\u00e9 rustique, adapt\u00e9 \u00e0 la d\u00e9coration de maisons et de bureaux","robots":{"index":"index","follow":"follow","max-snippet":"max-snippet:-1","max-image-preview":"max-image-preview:large","max-video-preview":"max-video-preview:-1"},"canonical":"https:\/\/maison-chance.org\/shop\/fr\/produit\/cerf","og_locale":"fr_FR","og_type":"article","og_title":"Cerf","og_description":"Le cerf en peluche TC26TB en brocart est fabriqu\u00e9 \u00e0 la main par des couturiers handicap\u00e9s chez Maison Chance. Le produit apporte une beaut\u00e9 rustique, adapt\u00e9 \u00e0 la d\u00e9coration de maisons et de bureaux","og_url":"https:\/\/maison-chance.org\/shop\/fr\/produit\/cerf","og_site_name":"Nh\u00e0 May M\u1eafn - Maison Chance","article_publisher":"https:\/\/www.facebook.com\/dnxh.nhamayman\/","article_modified_time":"2025-03-13T02:57:06+00:00","og_image":[{"width":600,"height":600,"url":"https:\/\/maison-chance.org\/shop\/wp-content\/uploads\/2024\/04\/thu-nhoi-bong-hinh-con-nai-vai-tho-cam-1.jpg","type":"image\/jpeg"}],"twitter_card":"summary_large_image","twitter_misc":{"Prix":"&euro;3.04","Disponibilit\u00e9":"En stock"},"schema":{"@context":"https:\/\/schema.org","@graph":[{"@type":"WebPage","@id":"https:\/\/maison-chance.org\/shop\/fr\/produit\/cerf","url":"https:\/\/maison-chance.org\/shop\/fr\/produit\/cerf","name":"Cerf - peluche en tissu brocart - Nh\u00e0 May M\u1eafn - Maison Chance","isPartOf":{"@id":"https:\/\/maison-chance.org\/shop\/fr#website"},"primaryImageOfPage":{"@id":"https:\/\/maison-chance.org\/shop\/fr\/produit\/cerf#primaryimage"},"image":{"@id":"https:\/\/maison-chance.org\/shop\/fr\/produit\/cerf#primaryimage"},"thumbnailUrl":"https:\/\/maison-chance.org\/shop\/wp-content\/uploads\/2024\/04\/thu-nhoi-bong-hinh-con-nai-vai-tho-cam-1.jpg","datePublished":"2024-10-10T00:06:51+00:00","dateModified":"2025-03-13T02:57:06+00:00","description":"Le cerf en peluche TC26TB en brocart est fabriqu\u00e9 \u00e0 la main par des couturiers handicap\u00e9s chez Maison Chance. Le produit apporte une beaut\u00e9 rustique, adapt\u00e9 \u00e0 la d\u00e9coration de maisons et de bureaux","breadcrumb":{"@id":"https:\/\/maison-chance.org\/shop\/fr\/produit\/cerf#breadcrumb"},"inLanguage":"fr-FR","potentialAction":[{"@type":"ReadAction","target":["https:\/\/maison-chance.org\/shop\/fr\/produit\/cerf"]}]},{"@type":"ImageObject","inLanguage":"fr-FR","@id":"https:\/\/maison-chance.org\/shop\/fr\/produit\/cerf#primaryimage","url":"https:\/\/maison-chance.org\/shop\/wp-content\/uploads\/2024\/04\/thu-nhoi-bong-hinh-con-nai-vai-tho-cam-1.jpg","contentUrl":"https:\/\/maison-chance.org\/shop\/wp-content\/uploads\/2024\/04\/thu-nhoi-bong-hinh-con-nai-vai-tho-cam-1.jpg","width":600,"height":600,"caption":"Cerf en Peluche en Tissu Brocart"},{"@type":"BreadcrumbList","@id":"https:\/\/maison-chance.org\/shop\/fr\/produit\/cerf#breadcrumb","itemListElement":[{"@type":"ListItem","position":1,"name":"Trang ch\u1ee7","item":"https:\/\/maison-chance.org\/shop\/fr"},{"@type":"ListItem","position":2,"name":"Boutique","item":"https:\/\/maison-chance.org\/shop\/shop"},{"@type":"ListItem","position":3,"name":"Cerf"}]},{"@type":"WebSite","@id":"https:\/\/maison-chance.org\/shop\/fr#website","url":"https:\/\/maison-chance.org\/shop\/fr","name":"Nh\u00e0 May M\u1eafn - Maison Chance","description":"M\u1ecdi l\u1ee3i nhu\u1eadn thu v\u1ec1 t\u1eeb vi\u1ec7c b\u00e1n h\u00e0ng s\u1ebd tr\u00edch m\u1ed9t ph\u1ea7n \u0111\u1ec3 ch\u0103m lo cho \u0111\u1eddi s\u1ed1ng c\u00e1c b\u1ea1n khuy\u1ebft t\u1eadt v\u00e0 tr\u1ebb m\u1ed3 c\u00f4i \u1edf \u0111\u00e2y","publisher":{"@id":"https:\/\/maison-chance.org\/shop\/fr#organization"},"potentialAction":[{"@type":"SearchAction","target":{"@type":"EntryPoint","urlTemplate":"https:\/\/maison-chance.org\/shop\/fr?s={search_term_string}"},"query-input":{"@type":"PropertyValueSpecification","valueRequired":true,"valueName":"search_term_string"}}],"inLanguage":"fr-FR"},{"@type":"Organization","@id":"https:\/\/maison-chance.org\/shop\/fr#organization","name":"Nh\u00e0 May M\u1eafn - Maison Chance","url":"https:\/\/maison-chance.org\/shop\/fr","logo":{"@type":"ImageObject","inLanguage":"fr-FR","@id":"https:\/\/maison-chance.org\/shop\/fr#\/schema\/logo\/image\/","url":"https:\/\/maison-chance.org\/shop\/wp-content\/uploads\/2024\/03\/cropped-Logo_DNXH.png","contentUrl":"https:\/\/maison-chance.org\/shop\/wp-content\/uploads\/2024\/03\/cropped-Logo_DNXH.png","width":512,"height":512,"caption":"Nh\u00e0 May M\u1eafn - Maison Chance"},"image":{"@id":"https:\/\/maison-chance.org\/shop\/fr#\/schema\/logo\/image\/"},"sameAs":["https:\/\/www.facebook.com\/dnxh.nhamayman\/"]}]},"product_price_amount":"3.04","product_price_currency":"EUR","og_availability":"instock","product_availability":"instock","product_condition":"new"},"_links":{"self":[{"href":"https:\/\/maison-chance.org\/shop\/fr\/wp-json\/wp\/v2\/product\/40643","targetHints":{"allow":["GET"]}}],"collection":[{"href":"https:\/\/maison-chance.org\/shop\/fr\/wp-json\/wp\/v2\/product"}],"about":[{"href":"https:\/\/maison-chance.org\/shop\/fr\/wp-json\/wp\/v2\/types\/product"}],"wp:featuredmedia":[{"embeddable":true,"href":"https:\/\/maison-chance.org\/shop\/fr\/wp-json\/wp\/v2\/media\/36867"}],"wp:attachment":[{"href":"https:\/\/maison-chance.org\/shop\/fr\/wp-json\/wp\/v2\/media?parent=40643"}],"wp:term":[{"taxonomy":"product_brand","embeddable":true,"href":"https:\/\/maison-chance.org\/shop\/fr\/wp-json\/wp\/v2\/product_brand?post=40643"},{"taxonomy":"product_cat","embeddable":true,"href":"https:\/\/maison-chance.org\/shop\/fr\/wp-json\/wp\/v2\/product_cat?post=40643"},{"taxonomy":"product_tag","embeddable":true,"href":"https:\/\/maison-chance.org\/shop\/fr\/wp-json\/wp\/v2\/product_tag?post=40643"}],"curies":[{"name":"wp","href":"https:\/\/api.w.org\/{rel}","templated":true}]}}