{"id":40647,"date":"2024-10-10T07:07:35","date_gmt":"2024-10-10T00:07:35","guid":{"rendered":"https:\/\/maison-chance.org\/shop\/san-pham\/buffle-des-sea-games"},"modified":"2025-03-13T10:01:19","modified_gmt":"2025-03-13T03:01:19","slug":"buffle-des-sea-games","status":"publish","type":"product","link":"https:\/\/maison-chance.org\/shop\/fr\/produit\/buffle-des-sea-games","title":{"rendered":"Buffle des SEA GAMES"},"content":{"rendered":"<p style=\"text-align: justify;\">Le petit buffle est con\u00e7u avec une posture assise adorable, ses pattes avant lev\u00e9es comme s&rsquo;il vous saluait avec un sourire amical, apportant un sentiment de proximit\u00e9 et de chaleur. Le tissu de tapisserie, un h\u00e9ritage culturel exceptionnel du peuple vietnamien, est habilement combin\u00e9 par les couturiers de Maison Chance, cr\u00e9ant une image multicolore et vivante sur le corps du buffle.<\/p>\n<p style=\"text-align: justify;\">Avec sa taille compacte (13 x 18 cm), le buffalo en tapisserie SEA Games se transforme en un objet d\u00e9coratif id\u00e9al pour tous les espaces de vie. Vous pouvez placer le buffle sur votre bureau, votre biblioth\u00e8que, votre coin d&rsquo;\u00e9tude, ou m\u00eame dans votre voiture, pour ajouter une touche unique et une \u00e9nergie positive \u00e0 votre environnement.<\/p>\n<p style=\"text-align: justify;\"><strong>Salle de s\u00e9jour<\/strong> : Placez-le sur une table basse, une \u00e9tag\u00e8re de t\u00e9l\u00e9vision, ou \u00e0 c\u00f4t\u00e9 d&rsquo;une th\u00e9i\u00e8re pour cr\u00e9er un accent impressionnant, apportant une atmosph\u00e8re chaleureuse et conviviale \u00e0 votre salon.<\/p>\n<p style=\"text-align: justify;\"><strong>Chambre<\/strong> : En tant que petit ami adorable sur votre bureau, table de chevet ou coin lecture, le buffle ne rend pas seulement l&rsquo;espace plus beau, mais il apporte \u00e9galement une sensation de paix, vous aidant \u00e0 vous d\u00e9tendre et \u00e0 mieux dormir.<\/p>\n<p style=\"text-align: justify;\"><strong>Bureau<\/strong> : Le buffalo SEA Games sur votre bureau sera une source d&rsquo;inspiration in\u00e9puisable, vous aidant \u00e0 dissiper le stress et la fatigue tout en apportant fortune et chance dans votre travail.<\/p>\n<p style=\"text-align: justify;\"><strong>Espaces commerciaux<\/strong> : Utiliser le buffalo SEA Games pour d\u00e9corer des caf\u00e9s, des restaurants ou des boutiques cr\u00e9era un point focal unique, attirant les clients tout en affichant un go\u00fbt esth\u00e9tique raffin\u00e9 et en honorant la culture traditionnelle.<\/p>\n<p style=\"text-align: justify;\">Non seulement c&rsquo;est un objet d\u00e9coratif raffin\u00e9, mais le buffalo SEA Games est aussi un cadeau significatif \u00e0 offrir \u00e0 des amis, \u00e0 des proches ou \u00e0 des partenaires lors d&rsquo;occasions sp\u00e9ciales comme des anniversaires, des vacances ou des c\u00e9l\u00e9brations, transmettant des v\u0153ux de bonne chance et de paix.<\/p>\n<p>Ce qui rend le buffalo SEA Games si sp\u00e9cial ne r\u00e9side pas uniquement dans son apparence unique, mais aussi dans sa profonde signification humanitaire. Chaque produit est le fruit de l&rsquo;amour, de la pers\u00e9v\u00e9rance et de la r\u00e9silience extraordinaire des couturiers handicap\u00e9s de Maison Chance. Chaque point et chaque couture contiennent une passion et une comp\u00e9tence qui transforment le buffle en une \u0153uvre portant une valeur spirituelle inestimable.<\/p>\n<p style=\"text-align: justify;\">En acqu\u00e9rant le buffalo SEA Games, vous ne vous contentez pas d&rsquo;acheter un objet d\u00e9coratif unique, mais vous apportez \u00e9galement votre soutien et votre encouragement aux personnes handicap\u00e9es pour qu&rsquo;elles s&rsquo;\u00e9l\u00e8vent dans la vie, affirmant ainsi leur valeur et s&rsquo;int\u00e9grant dans la communaut\u00e9.<\/p>\n<p style=\"text-align: justify;\">Unissons nos efforts pour r\u00e9pandre l&rsquo;amour et offrir des opportunit\u00e9s aux personnes handicap\u00e9es en soutenant les produits de <a href=\"https:\/\/maison-chance.org\/shop\">Maison Chance<\/a> !<\/p>\n","protected":false},"excerpt":{"rendered":"<p style=\"text-align: justify;\">Les produits fabriqu\u00e9s \u00e0 la main par des amis handicap\u00e9s d\u00e9favoris\u00e9s demandent gentiment le soutien de nos clients estim\u00e9s.<\/p>\n<p>Mat\u00e9riau : Tissu brocart<\/p>\n<p>Code : TC25TB<\/p>\n<p>Hotline : <span style=\"font-size: 20px;\"><strong><span style=\"color: #ff0000;\">0909 06 25 28<\/span><\/strong><\/span><\/p>\n<p style=\"text-align: justify;\">Si vous \u00eates au Vietnam, veuillez nous contacter via la hotline ou la page fan de l&rsquo;entreprise Maison Chance pour conna\u00eetre le prix au Vietnam.<\/p>\n","protected":false},"featured_media":36965,"template":"","meta":[],"product_brand":[],"product_cat":[243,231],"product_tag":[],"class_list":{"0":"post-40647","1":"product","2":"type-product","3":"status-publish","4":"has-post-thumbnail","6":"product_cat-animal-en-peluche","7":"product_cat-atelier-de-couture","9":"first","10":"instock","11":"shipping-taxable","12":"purchasable","13":"product-type-simple"},"yoast_head":"<!-- This site is optimized with the Yoast SEO Premium plugin v22.7 (Yoast SEO v25.3.1) - https:\/\/yoast.com\/wordpress\/plugins\/seo\/ -->\n<title>Buffle des SEA GAMES - peluche en tissu brocart - Nh\u00e0 May M\u1eafn - Maison Chance<\/title>\n<meta name=\"description\" content=\"Le buffle est con\u00e7u avec une posture assise adorable, ses deux pattes avant lev\u00e9es comme un salut amical, apportant une sensation de chaleur et de proximit\u00e9. Le tissu brocart, patrimoine culturel distinctif du peuple vietnamien\" \/>\n<meta name=\"robots\" content=\"index, follow, max-snippet:-1, max-image-preview:large, max-video-preview:-1\" \/>\n<link rel=\"canonical\" href=\"https:\/\/maison-chance.org\/shop\/fr\/produit\/buffle-des-sea-games\" \/>\n<meta property=\"og:locale\" content=\"fr_FR\" \/>\n<meta property=\"og:type\" content=\"article\" \/>\n<meta property=\"og:title\" content=\"Buffle des SEA GAMES\" \/>\n<meta property=\"og:description\" content=\"Le buffle est con\u00e7u avec une posture assise adorable, ses deux pattes avant lev\u00e9es comme un salut amical, apportant une sensation de chaleur et de proximit\u00e9. Le tissu brocart, patrimoine culturel distinctif du peuple vietnamien\" \/>\n<meta property=\"og:url\" content=\"https:\/\/maison-chance.org\/shop\/fr\/produit\/buffle-des-sea-games\" \/>\n<meta property=\"og:site_name\" content=\"Nh\u00e0 May M\u1eafn - Maison Chance\" \/>\n<meta property=\"article:publisher\" content=\"https:\/\/www.facebook.com\/dnxh.nhamayman\/\" \/>\n<meta property=\"article:modified_time\" content=\"2025-03-13T03:01:19+00:00\" \/>\n<meta property=\"og:image\" content=\"https:\/\/maison-chance.org\/shop\/wp-content\/uploads\/2024\/04\/thu-nhoi-bong-hinh-chu-trau-bill-2-1.jpg\" \/>\n\t<meta property=\"og:image:width\" content=\"600\" \/>\n\t<meta property=\"og:image:height\" content=\"600\" \/>\n\t<meta property=\"og:image:type\" content=\"image\/jpeg\" \/>\n<meta name=\"twitter:card\" content=\"summary_large_image\" \/>\n<meta name=\"twitter:label1\" content=\"Prix\" \/>\n\t<meta name=\"twitter:data1\" content=\"&euro;3.96\" \/>\n\t<meta name=\"twitter:label2\" content=\"Disponibilit\u00e9\" \/>\n\t<meta name=\"twitter:data2\" content=\"En stock\" \/>\n<script type=\"application\/ld+json\" class=\"yoast-schema-graph\">{\"@context\":\"https:\/\/schema.org\",\"@graph\":[{\"@type\":\"WebPage\",\"@id\":\"https:\/\/maison-chance.org\/shop\/fr\/produit\/buffle-des-sea-games\",\"url\":\"https:\/\/maison-chance.org\/shop\/fr\/produit\/buffle-des-sea-games\",\"name\":\"Buffle des SEA GAMES - peluche en tissu brocart - Nh\u00e0 May M\u1eafn - Maison Chance\",\"isPartOf\":{\"@id\":\"https:\/\/maison-chance.org\/shop\/fr#website\"},\"primaryImageOfPage\":{\"@id\":\"https:\/\/maison-chance.org\/shop\/fr\/produit\/buffle-des-sea-games#primaryimage\"},\"image\":{\"@id\":\"https:\/\/maison-chance.org\/shop\/fr\/produit\/buffle-des-sea-games#primaryimage\"},\"thumbnailUrl\":\"https:\/\/maison-chance.org\/shop\/wp-content\/uploads\/2024\/04\/thu-nhoi-bong-hinh-chu-trau-bill-2-1.jpg\",\"datePublished\":\"2024-10-10T00:07:35+00:00\",\"dateModified\":\"2025-03-13T03:01:19+00:00\",\"description\":\"Le buffle est con\u00e7u avec une posture assise adorable, ses deux pattes avant lev\u00e9es comme un salut amical, apportant une sensation de chaleur et de proximit\u00e9. Le tissu brocart, patrimoine culturel distinctif du peuple vietnamien\",\"breadcrumb\":{\"@id\":\"https:\/\/maison-chance.org\/shop\/fr\/produit\/buffle-des-sea-games#breadcrumb\"},\"inLanguage\":\"fr-FR\",\"potentialAction\":[{\"@type\":\"ReadAction\",\"target\":[\"https:\/\/maison-chance.org\/shop\/fr\/produit\/buffle-des-sea-games\"]}]},{\"@type\":\"ImageObject\",\"inLanguage\":\"fr-FR\",\"@id\":\"https:\/\/maison-chance.org\/shop\/fr\/produit\/buffle-des-sea-games#primaryimage\",\"url\":\"https:\/\/maison-chance.org\/shop\/wp-content\/uploads\/2024\/04\/thu-nhoi-bong-hinh-chu-trau-bill-2-1.jpg\",\"contentUrl\":\"https:\/\/maison-chance.org\/shop\/wp-content\/uploads\/2024\/04\/thu-nhoi-bong-hinh-chu-trau-bill-2-1.jpg\",\"width\":600,\"height\":600,\"caption\":\"Peluche buffle assis\"},{\"@type\":\"BreadcrumbList\",\"@id\":\"https:\/\/maison-chance.org\/shop\/fr\/produit\/buffle-des-sea-games#breadcrumb\",\"itemListElement\":[{\"@type\":\"ListItem\",\"position\":1,\"name\":\"Trang ch\u1ee7\",\"item\":\"https:\/\/maison-chance.org\/shop\/fr\"},{\"@type\":\"ListItem\",\"position\":2,\"name\":\"Boutique\",\"item\":\"https:\/\/maison-chance.org\/shop\/shop\"},{\"@type\":\"ListItem\",\"position\":3,\"name\":\"Buffle des SEA GAMES\"}]},{\"@type\":\"WebSite\",\"@id\":\"https:\/\/maison-chance.org\/shop\/fr#website\",\"url\":\"https:\/\/maison-chance.org\/shop\/fr\",\"name\":\"Nh\u00e0 May M\u1eafn - Maison Chance\",\"description\":\"M\u1ecdi l\u1ee3i nhu\u1eadn thu v\u1ec1 t\u1eeb vi\u1ec7c b\u00e1n h\u00e0ng s\u1ebd tr\u00edch m\u1ed9t ph\u1ea7n \u0111\u1ec3 ch\u0103m lo cho \u0111\u1eddi s\u1ed1ng c\u00e1c b\u1ea1n khuy\u1ebft t\u1eadt v\u00e0 tr\u1ebb m\u1ed3 c\u00f4i \u1edf \u0111\u00e2y\",\"publisher\":{\"@id\":\"https:\/\/maison-chance.org\/shop\/fr#organization\"},\"potentialAction\":[{\"@type\":\"SearchAction\",\"target\":{\"@type\":\"EntryPoint\",\"urlTemplate\":\"https:\/\/maison-chance.org\/shop\/fr?s={search_term_string}\"},\"query-input\":{\"@type\":\"PropertyValueSpecification\",\"valueRequired\":true,\"valueName\":\"search_term_string\"}}],\"inLanguage\":\"fr-FR\"},{\"@type\":\"Organization\",\"@id\":\"https:\/\/maison-chance.org\/shop\/fr#organization\",\"name\":\"Nh\u00e0 May M\u1eafn - Maison Chance\",\"url\":\"https:\/\/maison-chance.org\/shop\/fr\",\"logo\":{\"@type\":\"ImageObject\",\"inLanguage\":\"fr-FR\",\"@id\":\"https:\/\/maison-chance.org\/shop\/fr#\/schema\/logo\/image\/\",\"url\":\"https:\/\/maison-chance.org\/shop\/wp-content\/uploads\/2024\/03\/cropped-Logo_DNXH.png\",\"contentUrl\":\"https:\/\/maison-chance.org\/shop\/wp-content\/uploads\/2024\/03\/cropped-Logo_DNXH.png\",\"width\":512,\"height\":512,\"caption\":\"Nh\u00e0 May M\u1eafn - Maison Chance\"},\"image\":{\"@id\":\"https:\/\/maison-chance.org\/shop\/fr#\/schema\/logo\/image\/\"},\"sameAs\":[\"https:\/\/www.facebook.com\/dnxh.nhamayman\/\"]}]}<\/script>\n<meta property=\"product:price:amount\" content=\"3.96\" \/>\n<meta property=\"product:price:currency\" content=\"EUR\" \/>\n<meta property=\"og:availability\" content=\"instock\" \/>\n<meta property=\"product:availability\" content=\"instock\" \/>\n<meta property=\"product:condition\" content=\"new\" \/>\n<!-- \/ Yoast SEO Premium plugin. -->","yoast_head_json":{"title":"Buffle des SEA GAMES - peluche en tissu brocart - Nh\u00e0 May M\u1eafn - Maison Chance","description":"Le buffle est con\u00e7u avec une posture assise adorable, ses deux pattes avant lev\u00e9es comme un salut amical, apportant une sensation de chaleur et de proximit\u00e9. Le tissu brocart, patrimoine culturel distinctif du peuple vietnamien","robots":{"index":"index","follow":"follow","max-snippet":"max-snippet:-1","max-image-preview":"max-image-preview:large","max-video-preview":"max-video-preview:-1"},"canonical":"https:\/\/maison-chance.org\/shop\/fr\/produit\/buffle-des-sea-games","og_locale":"fr_FR","og_type":"article","og_title":"Buffle des SEA GAMES","og_description":"Le buffle est con\u00e7u avec une posture assise adorable, ses deux pattes avant lev\u00e9es comme un salut amical, apportant une sensation de chaleur et de proximit\u00e9. Le tissu brocart, patrimoine culturel distinctif du peuple vietnamien","og_url":"https:\/\/maison-chance.org\/shop\/fr\/produit\/buffle-des-sea-games","og_site_name":"Nh\u00e0 May M\u1eafn - Maison Chance","article_publisher":"https:\/\/www.facebook.com\/dnxh.nhamayman\/","article_modified_time":"2025-03-13T03:01:19+00:00","og_image":[{"width":600,"height":600,"url":"https:\/\/maison-chance.org\/shop\/wp-content\/uploads\/2024\/04\/thu-nhoi-bong-hinh-chu-trau-bill-2-1.jpg","type":"image\/jpeg"}],"twitter_card":"summary_large_image","twitter_misc":{"Prix":"&euro;3.96","Disponibilit\u00e9":"En stock"},"schema":{"@context":"https:\/\/schema.org","@graph":[{"@type":"WebPage","@id":"https:\/\/maison-chance.org\/shop\/fr\/produit\/buffle-des-sea-games","url":"https:\/\/maison-chance.org\/shop\/fr\/produit\/buffle-des-sea-games","name":"Buffle des SEA GAMES - peluche en tissu brocart - Nh\u00e0 May M\u1eafn - Maison Chance","isPartOf":{"@id":"https:\/\/maison-chance.org\/shop\/fr#website"},"primaryImageOfPage":{"@id":"https:\/\/maison-chance.org\/shop\/fr\/produit\/buffle-des-sea-games#primaryimage"},"image":{"@id":"https:\/\/maison-chance.org\/shop\/fr\/produit\/buffle-des-sea-games#primaryimage"},"thumbnailUrl":"https:\/\/maison-chance.org\/shop\/wp-content\/uploads\/2024\/04\/thu-nhoi-bong-hinh-chu-trau-bill-2-1.jpg","datePublished":"2024-10-10T00:07:35+00:00","dateModified":"2025-03-13T03:01:19+00:00","description":"Le buffle est con\u00e7u avec une posture assise adorable, ses deux pattes avant lev\u00e9es comme un salut amical, apportant une sensation de chaleur et de proximit\u00e9. Le tissu brocart, patrimoine culturel distinctif du peuple vietnamien","breadcrumb":{"@id":"https:\/\/maison-chance.org\/shop\/fr\/produit\/buffle-des-sea-games#breadcrumb"},"inLanguage":"fr-FR","potentialAction":[{"@type":"ReadAction","target":["https:\/\/maison-chance.org\/shop\/fr\/produit\/buffle-des-sea-games"]}]},{"@type":"ImageObject","inLanguage":"fr-FR","@id":"https:\/\/maison-chance.org\/shop\/fr\/produit\/buffle-des-sea-games#primaryimage","url":"https:\/\/maison-chance.org\/shop\/wp-content\/uploads\/2024\/04\/thu-nhoi-bong-hinh-chu-trau-bill-2-1.jpg","contentUrl":"https:\/\/maison-chance.org\/shop\/wp-content\/uploads\/2024\/04\/thu-nhoi-bong-hinh-chu-trau-bill-2-1.jpg","width":600,"height":600,"caption":"Peluche buffle assis"},{"@type":"BreadcrumbList","@id":"https:\/\/maison-chance.org\/shop\/fr\/produit\/buffle-des-sea-games#breadcrumb","itemListElement":[{"@type":"ListItem","position":1,"name":"Trang ch\u1ee7","item":"https:\/\/maison-chance.org\/shop\/fr"},{"@type":"ListItem","position":2,"name":"Boutique","item":"https:\/\/maison-chance.org\/shop\/shop"},{"@type":"ListItem","position":3,"name":"Buffle des SEA GAMES"}]},{"@type":"WebSite","@id":"https:\/\/maison-chance.org\/shop\/fr#website","url":"https:\/\/maison-chance.org\/shop\/fr","name":"Nh\u00e0 May M\u1eafn - Maison Chance","description":"M\u1ecdi l\u1ee3i nhu\u1eadn thu v\u1ec1 t\u1eeb vi\u1ec7c b\u00e1n h\u00e0ng s\u1ebd tr\u00edch m\u1ed9t ph\u1ea7n \u0111\u1ec3 ch\u0103m lo cho \u0111\u1eddi s\u1ed1ng c\u00e1c b\u1ea1n khuy\u1ebft t\u1eadt v\u00e0 tr\u1ebb m\u1ed3 c\u00f4i \u1edf \u0111\u00e2y","publisher":{"@id":"https:\/\/maison-chance.org\/shop\/fr#organization"},"potentialAction":[{"@type":"SearchAction","target":{"@type":"EntryPoint","urlTemplate":"https:\/\/maison-chance.org\/shop\/fr?s={search_term_string}"},"query-input":{"@type":"PropertyValueSpecification","valueRequired":true,"valueName":"search_term_string"}}],"inLanguage":"fr-FR"},{"@type":"Organization","@id":"https:\/\/maison-chance.org\/shop\/fr#organization","name":"Nh\u00e0 May M\u1eafn - Maison Chance","url":"https:\/\/maison-chance.org\/shop\/fr","logo":{"@type":"ImageObject","inLanguage":"fr-FR","@id":"https:\/\/maison-chance.org\/shop\/fr#\/schema\/logo\/image\/","url":"https:\/\/maison-chance.org\/shop\/wp-content\/uploads\/2024\/03\/cropped-Logo_DNXH.png","contentUrl":"https:\/\/maison-chance.org\/shop\/wp-content\/uploads\/2024\/03\/cropped-Logo_DNXH.png","width":512,"height":512,"caption":"Nh\u00e0 May M\u1eafn - Maison Chance"},"image":{"@id":"https:\/\/maison-chance.org\/shop\/fr#\/schema\/logo\/image\/"},"sameAs":["https:\/\/www.facebook.com\/dnxh.nhamayman\/"]}]},"product_price_amount":"3.96","product_price_currency":"EUR","og_availability":"instock","product_availability":"instock","product_condition":"new"},"_links":{"self":[{"href":"https:\/\/maison-chance.org\/shop\/fr\/wp-json\/wp\/v2\/product\/40647","targetHints":{"allow":["GET"]}}],"collection":[{"href":"https:\/\/maison-chance.org\/shop\/fr\/wp-json\/wp\/v2\/product"}],"about":[{"href":"https:\/\/maison-chance.org\/shop\/fr\/wp-json\/wp\/v2\/types\/product"}],"wp:featuredmedia":[{"embeddable":true,"href":"https:\/\/maison-chance.org\/shop\/fr\/wp-json\/wp\/v2\/media\/36965"}],"wp:attachment":[{"href":"https:\/\/maison-chance.org\/shop\/fr\/wp-json\/wp\/v2\/media?parent=40647"}],"wp:term":[{"taxonomy":"product_brand","embeddable":true,"href":"https:\/\/maison-chance.org\/shop\/fr\/wp-json\/wp\/v2\/product_brand?post=40647"},{"taxonomy":"product_cat","embeddable":true,"href":"https:\/\/maison-chance.org\/shop\/fr\/wp-json\/wp\/v2\/product_cat?post=40647"},{"taxonomy":"product_tag","embeddable":true,"href":"https:\/\/maison-chance.org\/shop\/fr\/wp-json\/wp\/v2\/product_tag?post=40647"}],"curies":[{"name":"wp","href":"https:\/\/api.w.org\/{rel}","templated":true}]}}