{"id":40661,"date":"2024-10-16T07:00:30","date_gmt":"2024-10-16T00:00:30","guid":{"rendered":"https:\/\/maison-chance.org\/shop\/san-pham\/crevette-2"},"modified":"2025-03-13T10:05:59","modified_gmt":"2025-03-13T03:05:59","slug":"crevette-2","status":"publish","type":"product","link":"https:\/\/maison-chance.org\/shop\/fr\/produit\/crevette-2","title":{"rendered":"Crevette"},"content":{"rendered":"<p style=\"text-align: justify;\">Les produits de Maison Chance sont cr\u00e9\u00e9s par des couturiers handicap\u00e9s, et chacun d&rsquo;entre eux renferme leur passion et cr\u00e9ativit\u00e9. L&rsquo;un des produits phares que vous ne pouvez pas manquer est le crevette en peluche en tapisserie &#8211; un jouet color\u00e9 et significatif qui s&rsquo;assurera de capturer votre attention.<\/p>\n<p style=\"text-align: justify;\"><strong>Mat\u00e9riau Unique<\/strong> : Fabriqu\u00e9e \u00e0 partir de tissu de tapisserie traditionnel, chaque crevette en peluche porte l&rsquo;essence du patrimoine culturel, unissant l&rsquo;art et la tradition. Les couleurs vives et les motifs d\u00e9licats sur la tapisserie cr\u00e9ent un attrait irr\u00e9sistible pour le produit.<\/p>\n<p style=\"text-align: justify;\"><strong>Taille Vari\u00e9e<\/strong> : Avec trois tailles flexibles (5x13cm, 6x15cm et 7x19cm), vous pouvez facilement choisir la taille qui convient \u00e0 chaque besoin. Que ce soit comme un petit objet d\u00e9coratif ou un adorable compagnon \u00e0 c\u00e2liner, la crevette en peluche a toujours une version qui vous convient.<\/p>\n<p style=\"text-align: justify;\"><strong>Conception M\u00e9ticuleuse<\/strong> : Chaque d\u00e9tail de la crevette est soigneusement travaill\u00e9. De son corps allong\u00e9, ses pattes, ses antennes jusqu&rsquo;\u00e0 sa queue, tout est cousu \u00e0 la main avec soin, cr\u00e9ant un ensemble harmonieux, vivant et naturel.<\/p>\n<p style=\"text-align: justify;\"><strong>Couleurs Diverses<\/strong> : De plus, la palette de couleurs riche allant du rose pastel doux, au jaune chaleureux jusqu\u2019au rouge \u00e9clatant, associ\u00e9e \u00e0 des motifs uniques, vous permet de choisir facilement selon votre style de d\u00e9coration pr\u00e9f\u00e9r\u00e9.<\/p>\n<p style=\"text-align: justify;\"><strong>Yeux Expressifs<\/strong> : Un accent particulier de chaque crevette est ses yeux, soigneusement brod\u00e9s ou orn\u00e9s de perles, cr\u00e9ant une adorabilit\u00e9 irr\u00e9sistible et une vivacit\u00e9 pour le produit.<\/p>\n<p data-start=\"1637\" data-end=\"1674\"><strong data-start=\"1644\" data-end=\"1672\">Transformer Votre Espace de Vie<\/strong><\/p>\n<ul data-start=\"1734\" data-end=\"2102\">\n<li data-start=\"1734\" data-end=\"1832\"><strong data-start=\"1736\" data-end=\"1752\">Salon :<\/strong> Cr\u00e9ez un accent frappant sur la table basse ou la biblioth\u00e8que, apportant une atmosph\u00e8re chaleureuse.<\/li>\n<li data-start=\"1833\" data-end=\"1919\"><strong data-start=\"1835\" data-end=\"1849\">Chambre :<\/strong> Un adorable compagnon qui aide \u00e0 la d\u00e9tente et assure une bonne nuit de sommeil.<\/li>\n<li data-start=\"1920\" data-end=\"1993\"><strong data-start=\"1922\" data-end=\"1941\">Bureau :<\/strong> Contribuant \u00e0 l&rsquo;inspiration, aidant \u00e0 chasser le stress.<\/li>\n<li data-start=\"1994\" data-end=\"2102\"><strong data-start=\"1996\" data-end=\"2018\">Espace Enfants :<\/strong> Apportant joie et amiti\u00e9, aidant les petits \u00e0 appr\u00e9cier encore plus leur coin personnel.<\/li>\n<\/ul>\n<p style=\"text-align: justify;\">De plus, les motifs vibrant de la tapisserie en tissu haut de gamme non seulement accentuent l&rsquo;espace mais montrent \u00e9galement l&rsquo;habilet\u00e9 et l&rsquo;art des couturiers handicap\u00e9s. Vous pouvez combiner ces crevettes avec d&rsquo;autres articles d\u00e9coratifs comme des fleurs, des lampes ou des tableaux pour cr\u00e9er un espace chaleureux et color\u00e9. Ce produit en crevette est \u00e9galement un excellent cadeau pour des amis et des proches lors des vacances, des anniversaires ou des \u00e9v\u00e9nements sp\u00e9ciaux, t\u00e9moignant de votre attention et de votre affection.<\/p>\n<p style=\"text-align: justify;\">Le produit en peluche de crevette de Maison Chance n&rsquo;est pas simplement un jouet ou un article d\u00e9coratif ; c&rsquo;est \u00e9galement un symbole de l&rsquo;effort et de la cr\u00e9ativit\u00e9 des couturiers handicap\u00e9s. Chaque produit porte sa propre histoire, montrant la pers\u00e9v\u00e9rance et la passion dans leur travail. Soutenez-leux en achetant la crevette pour apporter du bonheur non seulement \u00e0 vous-m\u00eame mais aussi \u00e0 ceux qui s&rsquo;efforcent de surmonter les difficult\u00e9s.<\/p>\n<p style=\"text-align: justify;\">Ne tardez plus, visitez <a href=\"https:\/\/maison-chance.org\/shop\">Maison Chance<\/a> pour en choisir une ou plusieurs de ces adorables crevettes ! Chaque produit que vous achetez n&rsquo;est pas seulement un bel \u00e9l\u00e9ment, mais \u00e9galement un acte humanitaire, contribuant \u00e0 soutenir la vie des couturiers handicap\u00e9s. R\u00e9pandons ensemble l&rsquo;amour et le partage !<\/p>\n","protected":false},"excerpt":{"rendered":"<p style=\"text-align: justify;\">Les produits faits \u00e0 la main par des amis handicap\u00e9s d\u00e9favoris\u00e9s sollicitent aimablement le soutien de nos pr\u00e9cieux clients.<\/p>\n<p>Mat\u00e9riau : Tissu brocart<\/p>\n<p>Code : TC24TB<\/p>\n<p>Hotline : <span style=\"font-size: 20px;\"><strong><span style=\"color: #ff0000;\">0909 06 25 28<\/span><\/strong><\/span><\/p>\n<p style=\"text-align: justify;\">Si vous \u00eates au Vietnam, veuillez nous contacter via la hotline ou la page fan de l&rsquo;entreprise Maison Chance pour conna\u00eetre le prix de vente au Vietnam.<\/p>\n","protected":false},"featured_media":36938,"template":"","meta":[],"product_brand":[],"product_cat":[243,231],"product_tag":[],"class_list":{"0":"post-40661","1":"product","2":"type-product","3":"status-publish","4":"has-post-thumbnail","6":"product_cat-animal-en-peluche","7":"product_cat-atelier-de-couture","9":"first","10":"instock","11":"shipping-taxable","12":"purchasable","13":"product-type-variable"},"yoast_head":"<!-- This site is optimized with the Yoast SEO Premium plugin v22.7 (Yoast SEO v25.3.1) - https:\/\/yoast.com\/wordpress\/plugins\/seo\/ -->\n<title>Crevette - jouet en peluche en tissu brocart - Nh\u00e0 May M\u1eafn - Maison Chance<\/title>\n<meta name=\"description\" content=\"Jouet en peluche crevette en tissu brocart chez Maison Chance, o\u00f9 les tailleurs handicap\u00e9s apportent des cr\u00e9ations artisanales uniques et significatives. Achetez maintenant pour les soutenir !\" \/>\n<meta name=\"robots\" content=\"index, follow, max-snippet:-1, max-image-preview:large, max-video-preview:-1\" \/>\n<link rel=\"canonical\" href=\"https:\/\/maison-chance.org\/shop\/fr\/produit\/crevette-2\" \/>\n<meta property=\"og:locale\" content=\"fr_FR\" \/>\n<meta property=\"og:type\" content=\"article\" \/>\n<meta property=\"og:title\" content=\"Crevette\" \/>\n<meta property=\"og:description\" content=\"Jouet en peluche crevette en tissu brocart chez Maison Chance, o\u00f9 les tailleurs handicap\u00e9s apportent des cr\u00e9ations artisanales uniques et significatives. Achetez maintenant pour les soutenir !\" \/>\n<meta property=\"og:url\" content=\"https:\/\/maison-chance.org\/shop\/fr\/produit\/crevette-2\" \/>\n<meta property=\"og:site_name\" content=\"Nh\u00e0 May M\u1eafn - Maison Chance\" \/>\n<meta property=\"article:publisher\" content=\"https:\/\/www.facebook.com\/dnxh.nhamayman\/\" \/>\n<meta property=\"article:modified_time\" content=\"2025-03-13T03:05:59+00:00\" \/>\n<meta property=\"og:image\" content=\"https:\/\/maison-chance.org\/shop\/wp-content\/uploads\/2024\/04\/thu-nhoi-bong-hinh-con-tom-vai-tho-cam-1.jpg\" \/>\n\t<meta property=\"og:image:width\" content=\"600\" \/>\n\t<meta property=\"og:image:height\" content=\"600\" \/>\n\t<meta property=\"og:image:type\" content=\"image\/jpeg\" \/>\n<meta name=\"twitter:card\" content=\"summary_large_image\" \/>\n<meta name=\"twitter:label1\" content=\"Disponibilit\u00e9\" \/>\n\t<meta name=\"twitter:data1\" content=\"En stock\" \/>\n<script type=\"application\/ld+json\" class=\"yoast-schema-graph\">{\"@context\":\"https:\/\/schema.org\",\"@graph\":[{\"@type\":\"WebPage\",\"@id\":\"https:\/\/maison-chance.org\/shop\/fr\/produit\/crevette-2\",\"url\":\"https:\/\/maison-chance.org\/shop\/fr\/produit\/crevette-2\",\"name\":\"Crevette - jouet en peluche en tissu brocart - Nh\u00e0 May M\u1eafn - Maison Chance\",\"isPartOf\":{\"@id\":\"https:\/\/maison-chance.org\/shop\/fr#website\"},\"primaryImageOfPage\":{\"@id\":\"https:\/\/maison-chance.org\/shop\/fr\/produit\/crevette-2#primaryimage\"},\"image\":{\"@id\":\"https:\/\/maison-chance.org\/shop\/fr\/produit\/crevette-2#primaryimage\"},\"thumbnailUrl\":\"https:\/\/maison-chance.org\/shop\/wp-content\/uploads\/2024\/04\/thu-nhoi-bong-hinh-con-tom-vai-tho-cam-1.jpg\",\"datePublished\":\"2024-10-16T00:00:30+00:00\",\"dateModified\":\"2025-03-13T03:05:59+00:00\",\"description\":\"Jouet en peluche crevette en tissu brocart chez Maison Chance, o\u00f9 les tailleurs handicap\u00e9s apportent des cr\u00e9ations artisanales uniques et significatives. Achetez maintenant pour les soutenir !\",\"breadcrumb\":{\"@id\":\"https:\/\/maison-chance.org\/shop\/fr\/produit\/crevette-2#breadcrumb\"},\"inLanguage\":\"fr-FR\",\"potentialAction\":[{\"@type\":\"ReadAction\",\"target\":[\"https:\/\/maison-chance.org\/shop\/fr\/produit\/crevette-2\"]}]},{\"@type\":\"ImageObject\",\"inLanguage\":\"fr-FR\",\"@id\":\"https:\/\/maison-chance.org\/shop\/fr\/produit\/crevette-2#primaryimage\",\"url\":\"https:\/\/maison-chance.org\/shop\/wp-content\/uploads\/2024\/04\/thu-nhoi-bong-hinh-con-tom-vai-tho-cam-1.jpg\",\"contentUrl\":\"https:\/\/maison-chance.org\/shop\/wp-content\/uploads\/2024\/04\/thu-nhoi-bong-hinh-con-tom-vai-tho-cam-1.jpg\",\"width\":600,\"height\":600,\"caption\":\"Jouet en peluche crevette en tissu brocart\"},{\"@type\":\"BreadcrumbList\",\"@id\":\"https:\/\/maison-chance.org\/shop\/fr\/produit\/crevette-2#breadcrumb\",\"itemListElement\":[{\"@type\":\"ListItem\",\"position\":1,\"name\":\"Trang ch\u1ee7\",\"item\":\"https:\/\/maison-chance.org\/shop\/fr\"},{\"@type\":\"ListItem\",\"position\":2,\"name\":\"Boutique\",\"item\":\"https:\/\/maison-chance.org\/shop\/shop\"},{\"@type\":\"ListItem\",\"position\":3,\"name\":\"Crevette\"}]},{\"@type\":\"WebSite\",\"@id\":\"https:\/\/maison-chance.org\/shop\/fr#website\",\"url\":\"https:\/\/maison-chance.org\/shop\/fr\",\"name\":\"Nh\u00e0 May M\u1eafn - Maison Chance\",\"description\":\"M\u1ecdi l\u1ee3i nhu\u1eadn thu v\u1ec1 t\u1eeb vi\u1ec7c b\u00e1n h\u00e0ng s\u1ebd tr\u00edch m\u1ed9t ph\u1ea7n \u0111\u1ec3 ch\u0103m lo cho \u0111\u1eddi s\u1ed1ng c\u00e1c b\u1ea1n khuy\u1ebft t\u1eadt v\u00e0 tr\u1ebb m\u1ed3 c\u00f4i \u1edf \u0111\u00e2y\",\"publisher\":{\"@id\":\"https:\/\/maison-chance.org\/shop\/fr#organization\"},\"potentialAction\":[{\"@type\":\"SearchAction\",\"target\":{\"@type\":\"EntryPoint\",\"urlTemplate\":\"https:\/\/maison-chance.org\/shop\/fr?s={search_term_string}\"},\"query-input\":{\"@type\":\"PropertyValueSpecification\",\"valueRequired\":true,\"valueName\":\"search_term_string\"}}],\"inLanguage\":\"fr-FR\"},{\"@type\":\"Organization\",\"@id\":\"https:\/\/maison-chance.org\/shop\/fr#organization\",\"name\":\"Nh\u00e0 May M\u1eafn - Maison Chance\",\"url\":\"https:\/\/maison-chance.org\/shop\/fr\",\"logo\":{\"@type\":\"ImageObject\",\"inLanguage\":\"fr-FR\",\"@id\":\"https:\/\/maison-chance.org\/shop\/fr#\/schema\/logo\/image\/\",\"url\":\"https:\/\/maison-chance.org\/shop\/wp-content\/uploads\/2024\/03\/cropped-Logo_DNXH.png\",\"contentUrl\":\"https:\/\/maison-chance.org\/shop\/wp-content\/uploads\/2024\/03\/cropped-Logo_DNXH.png\",\"width\":512,\"height\":512,\"caption\":\"Nh\u00e0 May M\u1eafn - Maison Chance\"},\"image\":{\"@id\":\"https:\/\/maison-chance.org\/shop\/fr#\/schema\/logo\/image\/\"},\"sameAs\":[\"https:\/\/www.facebook.com\/dnxh.nhamayman\/\"]}]}<\/script>\n<meta property=\"og:availability\" content=\"instock\" \/>\n<meta property=\"product:availability\" content=\"instock\" \/>\n<meta property=\"product:condition\" content=\"new\" \/>\n<!-- \/ Yoast SEO Premium plugin. -->","yoast_head_json":{"title":"Crevette - jouet en peluche en tissu brocart - Nh\u00e0 May M\u1eafn - Maison Chance","description":"Jouet en peluche crevette en tissu brocart chez Maison Chance, o\u00f9 les tailleurs handicap\u00e9s apportent des cr\u00e9ations artisanales uniques et significatives. Achetez maintenant pour les soutenir !","robots":{"index":"index","follow":"follow","max-snippet":"max-snippet:-1","max-image-preview":"max-image-preview:large","max-video-preview":"max-video-preview:-1"},"canonical":"https:\/\/maison-chance.org\/shop\/fr\/produit\/crevette-2","og_locale":"fr_FR","og_type":"article","og_title":"Crevette","og_description":"Jouet en peluche crevette en tissu brocart chez Maison Chance, o\u00f9 les tailleurs handicap\u00e9s apportent des cr\u00e9ations artisanales uniques et significatives. Achetez maintenant pour les soutenir !","og_url":"https:\/\/maison-chance.org\/shop\/fr\/produit\/crevette-2","og_site_name":"Nh\u00e0 May M\u1eafn - Maison Chance","article_publisher":"https:\/\/www.facebook.com\/dnxh.nhamayman\/","article_modified_time":"2025-03-13T03:05:59+00:00","og_image":[{"width":600,"height":600,"url":"https:\/\/maison-chance.org\/shop\/wp-content\/uploads\/2024\/04\/thu-nhoi-bong-hinh-con-tom-vai-tho-cam-1.jpg","type":"image\/jpeg"}],"twitter_card":"summary_large_image","twitter_misc":{"Disponibilit\u00e9":"En stock"},"schema":{"@context":"https:\/\/schema.org","@graph":[{"@type":"WebPage","@id":"https:\/\/maison-chance.org\/shop\/fr\/produit\/crevette-2","url":"https:\/\/maison-chance.org\/shop\/fr\/produit\/crevette-2","name":"Crevette - jouet en peluche en tissu brocart - Nh\u00e0 May M\u1eafn - Maison Chance","isPartOf":{"@id":"https:\/\/maison-chance.org\/shop\/fr#website"},"primaryImageOfPage":{"@id":"https:\/\/maison-chance.org\/shop\/fr\/produit\/crevette-2#primaryimage"},"image":{"@id":"https:\/\/maison-chance.org\/shop\/fr\/produit\/crevette-2#primaryimage"},"thumbnailUrl":"https:\/\/maison-chance.org\/shop\/wp-content\/uploads\/2024\/04\/thu-nhoi-bong-hinh-con-tom-vai-tho-cam-1.jpg","datePublished":"2024-10-16T00:00:30+00:00","dateModified":"2025-03-13T03:05:59+00:00","description":"Jouet en peluche crevette en tissu brocart chez Maison Chance, o\u00f9 les tailleurs handicap\u00e9s apportent des cr\u00e9ations artisanales uniques et significatives. Achetez maintenant pour les soutenir !","breadcrumb":{"@id":"https:\/\/maison-chance.org\/shop\/fr\/produit\/crevette-2#breadcrumb"},"inLanguage":"fr-FR","potentialAction":[{"@type":"ReadAction","target":["https:\/\/maison-chance.org\/shop\/fr\/produit\/crevette-2"]}]},{"@type":"ImageObject","inLanguage":"fr-FR","@id":"https:\/\/maison-chance.org\/shop\/fr\/produit\/crevette-2#primaryimage","url":"https:\/\/maison-chance.org\/shop\/wp-content\/uploads\/2024\/04\/thu-nhoi-bong-hinh-con-tom-vai-tho-cam-1.jpg","contentUrl":"https:\/\/maison-chance.org\/shop\/wp-content\/uploads\/2024\/04\/thu-nhoi-bong-hinh-con-tom-vai-tho-cam-1.jpg","width":600,"height":600,"caption":"Jouet en peluche crevette en tissu brocart"},{"@type":"BreadcrumbList","@id":"https:\/\/maison-chance.org\/shop\/fr\/produit\/crevette-2#breadcrumb","itemListElement":[{"@type":"ListItem","position":1,"name":"Trang ch\u1ee7","item":"https:\/\/maison-chance.org\/shop\/fr"},{"@type":"ListItem","position":2,"name":"Boutique","item":"https:\/\/maison-chance.org\/shop\/shop"},{"@type":"ListItem","position":3,"name":"Crevette"}]},{"@type":"WebSite","@id":"https:\/\/maison-chance.org\/shop\/fr#website","url":"https:\/\/maison-chance.org\/shop\/fr","name":"Nh\u00e0 May M\u1eafn - Maison Chance","description":"M\u1ecdi l\u1ee3i nhu\u1eadn thu v\u1ec1 t\u1eeb vi\u1ec7c b\u00e1n h\u00e0ng s\u1ebd tr\u00edch m\u1ed9t ph\u1ea7n \u0111\u1ec3 ch\u0103m lo cho \u0111\u1eddi s\u1ed1ng c\u00e1c b\u1ea1n khuy\u1ebft t\u1eadt v\u00e0 tr\u1ebb m\u1ed3 c\u00f4i \u1edf \u0111\u00e2y","publisher":{"@id":"https:\/\/maison-chance.org\/shop\/fr#organization"},"potentialAction":[{"@type":"SearchAction","target":{"@type":"EntryPoint","urlTemplate":"https:\/\/maison-chance.org\/shop\/fr?s={search_term_string}"},"query-input":{"@type":"PropertyValueSpecification","valueRequired":true,"valueName":"search_term_string"}}],"inLanguage":"fr-FR"},{"@type":"Organization","@id":"https:\/\/maison-chance.org\/shop\/fr#organization","name":"Nh\u00e0 May M\u1eafn - Maison Chance","url":"https:\/\/maison-chance.org\/shop\/fr","logo":{"@type":"ImageObject","inLanguage":"fr-FR","@id":"https:\/\/maison-chance.org\/shop\/fr#\/schema\/logo\/image\/","url":"https:\/\/maison-chance.org\/shop\/wp-content\/uploads\/2024\/03\/cropped-Logo_DNXH.png","contentUrl":"https:\/\/maison-chance.org\/shop\/wp-content\/uploads\/2024\/03\/cropped-Logo_DNXH.png","width":512,"height":512,"caption":"Nh\u00e0 May M\u1eafn - Maison Chance"},"image":{"@id":"https:\/\/maison-chance.org\/shop\/fr#\/schema\/logo\/image\/"},"sameAs":["https:\/\/www.facebook.com\/dnxh.nhamayman\/"]}]},"og_availability":"instock","product_availability":"instock","product_condition":"new"},"_links":{"self":[{"href":"https:\/\/maison-chance.org\/shop\/fr\/wp-json\/wp\/v2\/product\/40661","targetHints":{"allow":["GET"]}}],"collection":[{"href":"https:\/\/maison-chance.org\/shop\/fr\/wp-json\/wp\/v2\/product"}],"about":[{"href":"https:\/\/maison-chance.org\/shop\/fr\/wp-json\/wp\/v2\/types\/product"}],"wp:featuredmedia":[{"embeddable":true,"href":"https:\/\/maison-chance.org\/shop\/fr\/wp-json\/wp\/v2\/media\/36938"}],"wp:attachment":[{"href":"https:\/\/maison-chance.org\/shop\/fr\/wp-json\/wp\/v2\/media?parent=40661"}],"wp:term":[{"taxonomy":"product_brand","embeddable":true,"href":"https:\/\/maison-chance.org\/shop\/fr\/wp-json\/wp\/v2\/product_brand?post=40661"},{"taxonomy":"product_cat","embeddable":true,"href":"https:\/\/maison-chance.org\/shop\/fr\/wp-json\/wp\/v2\/product_cat?post=40661"},{"taxonomy":"product_tag","embeddable":true,"href":"https:\/\/maison-chance.org\/shop\/fr\/wp-json\/wp\/v2\/product_tag?post=40661"}],"curies":[{"name":"wp","href":"https:\/\/api.w.org\/{rel}","templated":true}]}}