{"id":40674,"date":"2024-10-16T07:02:07","date_gmt":"2024-10-16T00:02:07","guid":{"rendered":"https:\/\/maison-chance.org\/shop\/san-pham\/poulpe-2"},"modified":"2025-03-13T10:12:05","modified_gmt":"2025-03-13T03:12:05","slug":"poulpe-2","status":"publish","type":"product","link":"https:\/\/maison-chance.org\/shop\/fr\/produit\/poulpe-2","title":{"rendered":"Poulpe"},"content":{"rendered":"<p style=\"text-align: justify;\">Maison Chance est un lieu qui rassemble des couturiers handicap\u00e9s pleins de d\u00e9termination, qui investissent tout leur c\u0153ur dans chaque point de couture pour cr\u00e9er des produits artisanaux exquis et significatifs. L&rsquo;un des produits les plus remarquables est le pieuvre en tapisserie \u2013 non seulement s\u00e9duisante par sa beaut\u00e9 rustique, mais aussi porteur d&rsquo;une histoire de pers\u00e9v\u00e9rance et d&rsquo;une r\u00e9silience extraordinaire de ceux qui l&rsquo;ont fabriqu\u00e9e. Avec un mat\u00e9riau en tapisserie riche en essence culturelle, ce produit est non seulement un cadeau d\u00e9coratif parfait, mais il t\u00e9moigne \u00e9galement de la cr\u00e9ativit\u00e9 et du savoir-faire des couturiers ici.<\/p>\n<p style=\"text-align: justify;\">Ce n&rsquo;est pas seulement un produit artisanal ordinaire, la pieuvre en tapisserie est \u00e9galement un accessoire de d\u00e9coration incroyablement unique, apportant un souffle nouveau \u00e0 votre espace de vie. Le tissu de tapisserie avec des motifs distinctifs cr\u00e9e une diff\u00e9rence, offrant une beaut\u00e9 rustique mais \u00e9l\u00e9gante. Alors o\u00f9 ce produit devrait-il \u00eatre plac\u00e9 pour maximiser sa valeur esth\u00e9tique ?<\/p>\n<p style=\"text-align: justify;\"><strong>Salle de s\u00e9jour :<\/strong> C&rsquo;est l&rsquo;endroit o\u00f9 nous accueillons souvent des amis et la famille, donc la salle de s\u00e9jour n\u00e9cessite chaleur et convivialit\u00e9. Placer la pieuvre en tapisserie sur une table basse ou une \u00e9tag\u00e8re de t\u00e9l\u00e9vision ne cr\u00e9e pas seulement un accent frappant, mais laisse \u00e9galement une impression durable sur vos invit\u00e9s concernant votre go\u00fbt esth\u00e9tique.<\/p>\n<p style=\"text-align: justify;\"><strong>Chambre :<\/strong> Gr\u00e2ce \u00e0 sa forme adorable et \u00e0 son mat\u00e9riau doux, vous pouvez placer la pieuvre sur votre lit ou sur votre coiffeuse pour cr\u00e9er une atmosph\u00e8re l\u00e9g\u00e8re et relaxante. Chaque fois que vous la regardez, vous ressentirez de la chaleur et du r\u00e9confort.<\/p>\n<p style=\"text-align: justify;\"><strong>Chambre d&rsquo;enfants :<\/strong> Les petits seront ravis d&rsquo;avoir une pieuvre amusante, s\u00fbre et douce. C&rsquo;est le cadeau id\u00e9al pour devenir un compagnon pendant les siestes ou les s\u00e9ances de jeux. De plus, ce produit aide \u00e0 d\u00e9velopper la pens\u00e9e cr\u00e9ative des enfants, car ils peuvent imaginer et cr\u00e9er des histoires int\u00e9ressantes autour de ce jouet.<\/p>\n<p style=\"text-align: justify;\"><strong>Bureau :<\/strong> Si vous aimez \u00eatre cr\u00e9atif, placez la pieuvre en tapisserie sur votre bureau. Avec sa combinaison de couleurs d\u00e9licates et de forme adorable, elle sera une source d&rsquo;inspiration chaque jour, vous aidant \u00e0 vous sentir \u00e0 l&rsquo;aise et d\u00e9tendu dans votre travail.<\/p>\n<p style=\"text-align: justify;\">La peluche pieuvre est disponible en trois tailles diff\u00e9rentes :<\/p>\n<ul data-start=\"1850\" data-end=\"1930\">\n<li data-start=\"1850\" data-end=\"1876\"><strong data-start=\"1852\" data-end=\"1864\">Petit :<\/strong> 6 x 12 cm<\/li>\n<li data-start=\"1877\" data-end=\"1906\"><strong data-start=\"1879\" data-end=\"1894\">Moyen :<\/strong> 8 x 16 cm<\/li>\n<li data-start=\"1907\" data-end=\"1930\"><strong data-start=\"1909\" data-end=\"1917\">Grand :<\/strong> 14 x 28 cm<\/li>\n<\/ul>\n<p data-start=\"1932\" data-end=\"2041\">Ob es un grand salon ou un petit bureau, vous pouvez choisir la taille qui convient le mieux \u00e0 vos besoins.<\/p>\n<p style=\"text-align: justify;\">Acheter des produits artisanaux de Maison Chance n&rsquo;est pas seulement une mani\u00e8re de poss\u00e9der un bel objet d\u00e9coratif, mais c&rsquo;est aussi un moyen de soutenir les couturiers handicap\u00e9s en leur offrant l&rsquo;opportunit\u00e9 de s&rsquo;\u00e9lever dans la vie. La pieuvre en tapisserie est un symbole de pers\u00e9v\u00e9rance et d&rsquo;esprit fort de ceux qui, malgr\u00e9 les difficult\u00e9s, n&rsquo;abandonnent jamais leur espoir. Avec chaque produit vendu, vous apportez non seulement de la joie pour vous-m\u00eame mais aussi \u00e0 ceux qui travaillent dur pour surmonter les difficult\u00e9s.<\/p>\n<p style=\"text-align: justify;\">N&rsquo;h\u00e9sitez plus, visitez <a href=\"https:\/\/maison-chance.org\/shop\">Maison Chance<\/a> pour en choisir une ou plusieurs de ces adorables pieuvres ! Chaque produit que vous achetez n&rsquo;est pas seulement un bel objet, mais \u00e9galement un acte humanitaire, contribuant \u00e0 soutenir les vies des couturiers handicap\u00e9s. R\u00e9pandons ensemble l&rsquo;amour et le partage !<\/p>\n","protected":false},"excerpt":{"rendered":"<p style=\"text-align: justify;\">Les produits faits \u00e0 la main par des amis handicap\u00e9s d\u00e9favoris\u00e9s sollicitent aimablement le soutien de nos pr\u00e9cieux clients.<\/p>\n<p>Mat\u00e9riau : Tissu brocart<\/p>\n<p>Code : TC23TB<\/p>\n<p>Hotline : <span style=\"font-size: 20px;\"><strong><span style=\"color: #ff0000;\">0909 06 25 28<\/span><\/strong><\/span><\/p>\n<p style=\"text-align: justify;\">Si vous \u00eates au Vietnam, veuillez nous contacter via la hotline ou la page fan de l&rsquo;entreprise Maison Chance pour conna\u00eetre le prix de vente au Vietnam.<\/p>\n","protected":false},"featured_media":36930,"template":"","meta":[],"product_brand":[],"product_cat":[243,231],"product_tag":[],"class_list":{"0":"post-40674","1":"product","2":"type-product","3":"status-publish","4":"has-post-thumbnail","6":"product_cat-animal-en-peluche","7":"product_cat-atelier-de-couture","9":"first","10":"instock","11":"shipping-taxable","12":"purchasable","13":"product-type-variable"},"yoast_head":"<!-- This site is optimized with the Yoast SEO Premium plugin v22.7 (Yoast SEO v25.3.1) - https:\/\/yoast.com\/wordpress\/plugins\/seo\/ -->\n<title>Poulpe - jouet en peluche en tissu brocart - Nh\u00e0 May M\u1eafn - Maison Chance<\/title>\n<meta name=\"description\" content=\"Jouet en peluche Poulpe en tissu brocart fait \u00e0 la main par des tailleurs handicap\u00e9s de Maison Chance \u2013 Un produit d\u00e9coratif unique, riche en signification humanitaire, apportant de la beaut\u00e9 aux espaces de vie.\" \/>\n<meta name=\"robots\" content=\"index, follow, max-snippet:-1, max-image-preview:large, max-video-preview:-1\" \/>\n<link rel=\"canonical\" href=\"https:\/\/maison-chance.org\/shop\/fr\/produit\/poulpe-2\" \/>\n<meta property=\"og:locale\" content=\"fr_FR\" \/>\n<meta property=\"og:type\" content=\"article\" \/>\n<meta property=\"og:title\" content=\"Poulpe\" \/>\n<meta property=\"og:description\" content=\"Jouet en peluche Poulpe en tissu brocart fait \u00e0 la main par des tailleurs handicap\u00e9s de Maison Chance \u2013 Un produit d\u00e9coratif unique, riche en signification humanitaire, apportant de la beaut\u00e9 aux espaces de vie.\" \/>\n<meta property=\"og:url\" content=\"https:\/\/maison-chance.org\/shop\/fr\/produit\/poulpe-2\" \/>\n<meta property=\"og:site_name\" content=\"Nh\u00e0 May M\u1eafn - Maison Chance\" \/>\n<meta property=\"article:publisher\" content=\"https:\/\/www.facebook.com\/dnxh.nhamayman\/\" \/>\n<meta property=\"article:modified_time\" content=\"2025-03-13T03:12:05+00:00\" \/>\n<meta property=\"og:image\" content=\"https:\/\/maison-chance.org\/shop\/wp-content\/uploads\/2024\/04\/thu-nhoi-bong-hinh-con-bach-tuoc-vai-tho-cam-1.jpg\" \/>\n\t<meta property=\"og:image:width\" content=\"600\" \/>\n\t<meta property=\"og:image:height\" content=\"600\" \/>\n\t<meta property=\"og:image:type\" content=\"image\/jpeg\" \/>\n<meta name=\"twitter:card\" content=\"summary_large_image\" \/>\n<meta name=\"twitter:label1\" content=\"Disponibilit\u00e9\" \/>\n\t<meta name=\"twitter:data1\" content=\"En stock\" \/>\n<script type=\"application\/ld+json\" class=\"yoast-schema-graph\">{\"@context\":\"https:\/\/schema.org\",\"@graph\":[{\"@type\":\"WebPage\",\"@id\":\"https:\/\/maison-chance.org\/shop\/fr\/produit\/poulpe-2\",\"url\":\"https:\/\/maison-chance.org\/shop\/fr\/produit\/poulpe-2\",\"name\":\"Poulpe - jouet en peluche en tissu brocart - Nh\u00e0 May M\u1eafn - Maison Chance\",\"isPartOf\":{\"@id\":\"https:\/\/maison-chance.org\/shop\/fr#website\"},\"primaryImageOfPage\":{\"@id\":\"https:\/\/maison-chance.org\/shop\/fr\/produit\/poulpe-2#primaryimage\"},\"image\":{\"@id\":\"https:\/\/maison-chance.org\/shop\/fr\/produit\/poulpe-2#primaryimage\"},\"thumbnailUrl\":\"https:\/\/maison-chance.org\/shop\/wp-content\/uploads\/2024\/04\/thu-nhoi-bong-hinh-con-bach-tuoc-vai-tho-cam-1.jpg\",\"datePublished\":\"2024-10-16T00:02:07+00:00\",\"dateModified\":\"2025-03-13T03:12:05+00:00\",\"description\":\"Jouet en peluche Poulpe en tissu brocart fait \u00e0 la main par des tailleurs handicap\u00e9s de Maison Chance \u2013 Un produit d\u00e9coratif unique, riche en signification humanitaire, apportant de la beaut\u00e9 aux espaces de vie.\",\"breadcrumb\":{\"@id\":\"https:\/\/maison-chance.org\/shop\/fr\/produit\/poulpe-2#breadcrumb\"},\"inLanguage\":\"fr-FR\",\"potentialAction\":[{\"@type\":\"ReadAction\",\"target\":[\"https:\/\/maison-chance.org\/shop\/fr\/produit\/poulpe-2\"]}]},{\"@type\":\"ImageObject\",\"inLanguage\":\"fr-FR\",\"@id\":\"https:\/\/maison-chance.org\/shop\/fr\/produit\/poulpe-2#primaryimage\",\"url\":\"https:\/\/maison-chance.org\/shop\/wp-content\/uploads\/2024\/04\/thu-nhoi-bong-hinh-con-bach-tuoc-vai-tho-cam-1.jpg\",\"contentUrl\":\"https:\/\/maison-chance.org\/shop\/wp-content\/uploads\/2024\/04\/thu-nhoi-bong-hinh-con-bach-tuoc-vai-tho-cam-1.jpg\",\"width\":600,\"height\":600,\"caption\":\"Jouet en peluche Poulpe en tissu brocart\"},{\"@type\":\"BreadcrumbList\",\"@id\":\"https:\/\/maison-chance.org\/shop\/fr\/produit\/poulpe-2#breadcrumb\",\"itemListElement\":[{\"@type\":\"ListItem\",\"position\":1,\"name\":\"Trang ch\u1ee7\",\"item\":\"https:\/\/maison-chance.org\/shop\/fr\"},{\"@type\":\"ListItem\",\"position\":2,\"name\":\"Boutique\",\"item\":\"https:\/\/maison-chance.org\/shop\/shop\"},{\"@type\":\"ListItem\",\"position\":3,\"name\":\"Poulpe\"}]},{\"@type\":\"WebSite\",\"@id\":\"https:\/\/maison-chance.org\/shop\/fr#website\",\"url\":\"https:\/\/maison-chance.org\/shop\/fr\",\"name\":\"Nh\u00e0 May M\u1eafn - Maison Chance\",\"description\":\"M\u1ecdi l\u1ee3i nhu\u1eadn thu v\u1ec1 t\u1eeb vi\u1ec7c b\u00e1n h\u00e0ng s\u1ebd tr\u00edch m\u1ed9t ph\u1ea7n \u0111\u1ec3 ch\u0103m lo cho \u0111\u1eddi s\u1ed1ng c\u00e1c b\u1ea1n khuy\u1ebft t\u1eadt v\u00e0 tr\u1ebb m\u1ed3 c\u00f4i \u1edf \u0111\u00e2y\",\"publisher\":{\"@id\":\"https:\/\/maison-chance.org\/shop\/fr#organization\"},\"potentialAction\":[{\"@type\":\"SearchAction\",\"target\":{\"@type\":\"EntryPoint\",\"urlTemplate\":\"https:\/\/maison-chance.org\/shop\/fr?s={search_term_string}\"},\"query-input\":{\"@type\":\"PropertyValueSpecification\",\"valueRequired\":true,\"valueName\":\"search_term_string\"}}],\"inLanguage\":\"fr-FR\"},{\"@type\":\"Organization\",\"@id\":\"https:\/\/maison-chance.org\/shop\/fr#organization\",\"name\":\"Nh\u00e0 May M\u1eafn - Maison Chance\",\"url\":\"https:\/\/maison-chance.org\/shop\/fr\",\"logo\":{\"@type\":\"ImageObject\",\"inLanguage\":\"fr-FR\",\"@id\":\"https:\/\/maison-chance.org\/shop\/fr#\/schema\/logo\/image\/\",\"url\":\"https:\/\/maison-chance.org\/shop\/wp-content\/uploads\/2024\/03\/cropped-Logo_DNXH.png\",\"contentUrl\":\"https:\/\/maison-chance.org\/shop\/wp-content\/uploads\/2024\/03\/cropped-Logo_DNXH.png\",\"width\":512,\"height\":512,\"caption\":\"Nh\u00e0 May M\u1eafn - Maison Chance\"},\"image\":{\"@id\":\"https:\/\/maison-chance.org\/shop\/fr#\/schema\/logo\/image\/\"},\"sameAs\":[\"https:\/\/www.facebook.com\/dnxh.nhamayman\/\"]}]}<\/script>\n<meta property=\"og:availability\" content=\"instock\" \/>\n<meta property=\"product:availability\" content=\"instock\" \/>\n<meta property=\"product:condition\" content=\"new\" \/>\n<!-- \/ Yoast SEO Premium plugin. -->","yoast_head_json":{"title":"Poulpe - jouet en peluche en tissu brocart - Nh\u00e0 May M\u1eafn - Maison Chance","description":"Jouet en peluche Poulpe en tissu brocart fait \u00e0 la main par des tailleurs handicap\u00e9s de Maison Chance \u2013 Un produit d\u00e9coratif unique, riche en signification humanitaire, apportant de la beaut\u00e9 aux espaces de vie.","robots":{"index":"index","follow":"follow","max-snippet":"max-snippet:-1","max-image-preview":"max-image-preview:large","max-video-preview":"max-video-preview:-1"},"canonical":"https:\/\/maison-chance.org\/shop\/fr\/produit\/poulpe-2","og_locale":"fr_FR","og_type":"article","og_title":"Poulpe","og_description":"Jouet en peluche Poulpe en tissu brocart fait \u00e0 la main par des tailleurs handicap\u00e9s de Maison Chance \u2013 Un produit d\u00e9coratif unique, riche en signification humanitaire, apportant de la beaut\u00e9 aux espaces de vie.","og_url":"https:\/\/maison-chance.org\/shop\/fr\/produit\/poulpe-2","og_site_name":"Nh\u00e0 May M\u1eafn - Maison Chance","article_publisher":"https:\/\/www.facebook.com\/dnxh.nhamayman\/","article_modified_time":"2025-03-13T03:12:05+00:00","og_image":[{"width":600,"height":600,"url":"https:\/\/maison-chance.org\/shop\/wp-content\/uploads\/2024\/04\/thu-nhoi-bong-hinh-con-bach-tuoc-vai-tho-cam-1.jpg","type":"image\/jpeg"}],"twitter_card":"summary_large_image","twitter_misc":{"Disponibilit\u00e9":"En stock"},"schema":{"@context":"https:\/\/schema.org","@graph":[{"@type":"WebPage","@id":"https:\/\/maison-chance.org\/shop\/fr\/produit\/poulpe-2","url":"https:\/\/maison-chance.org\/shop\/fr\/produit\/poulpe-2","name":"Poulpe - jouet en peluche en tissu brocart - Nh\u00e0 May M\u1eafn - Maison Chance","isPartOf":{"@id":"https:\/\/maison-chance.org\/shop\/fr#website"},"primaryImageOfPage":{"@id":"https:\/\/maison-chance.org\/shop\/fr\/produit\/poulpe-2#primaryimage"},"image":{"@id":"https:\/\/maison-chance.org\/shop\/fr\/produit\/poulpe-2#primaryimage"},"thumbnailUrl":"https:\/\/maison-chance.org\/shop\/wp-content\/uploads\/2024\/04\/thu-nhoi-bong-hinh-con-bach-tuoc-vai-tho-cam-1.jpg","datePublished":"2024-10-16T00:02:07+00:00","dateModified":"2025-03-13T03:12:05+00:00","description":"Jouet en peluche Poulpe en tissu brocart fait \u00e0 la main par des tailleurs handicap\u00e9s de Maison Chance \u2013 Un produit d\u00e9coratif unique, riche en signification humanitaire, apportant de la beaut\u00e9 aux espaces de vie.","breadcrumb":{"@id":"https:\/\/maison-chance.org\/shop\/fr\/produit\/poulpe-2#breadcrumb"},"inLanguage":"fr-FR","potentialAction":[{"@type":"ReadAction","target":["https:\/\/maison-chance.org\/shop\/fr\/produit\/poulpe-2"]}]},{"@type":"ImageObject","inLanguage":"fr-FR","@id":"https:\/\/maison-chance.org\/shop\/fr\/produit\/poulpe-2#primaryimage","url":"https:\/\/maison-chance.org\/shop\/wp-content\/uploads\/2024\/04\/thu-nhoi-bong-hinh-con-bach-tuoc-vai-tho-cam-1.jpg","contentUrl":"https:\/\/maison-chance.org\/shop\/wp-content\/uploads\/2024\/04\/thu-nhoi-bong-hinh-con-bach-tuoc-vai-tho-cam-1.jpg","width":600,"height":600,"caption":"Jouet en peluche Poulpe en tissu brocart"},{"@type":"BreadcrumbList","@id":"https:\/\/maison-chance.org\/shop\/fr\/produit\/poulpe-2#breadcrumb","itemListElement":[{"@type":"ListItem","position":1,"name":"Trang ch\u1ee7","item":"https:\/\/maison-chance.org\/shop\/fr"},{"@type":"ListItem","position":2,"name":"Boutique","item":"https:\/\/maison-chance.org\/shop\/shop"},{"@type":"ListItem","position":3,"name":"Poulpe"}]},{"@type":"WebSite","@id":"https:\/\/maison-chance.org\/shop\/fr#website","url":"https:\/\/maison-chance.org\/shop\/fr","name":"Nh\u00e0 May M\u1eafn - Maison Chance","description":"M\u1ecdi l\u1ee3i nhu\u1eadn thu v\u1ec1 t\u1eeb vi\u1ec7c b\u00e1n h\u00e0ng s\u1ebd tr\u00edch m\u1ed9t ph\u1ea7n \u0111\u1ec3 ch\u0103m lo cho \u0111\u1eddi s\u1ed1ng c\u00e1c b\u1ea1n khuy\u1ebft t\u1eadt v\u00e0 tr\u1ebb m\u1ed3 c\u00f4i \u1edf \u0111\u00e2y","publisher":{"@id":"https:\/\/maison-chance.org\/shop\/fr#organization"},"potentialAction":[{"@type":"SearchAction","target":{"@type":"EntryPoint","urlTemplate":"https:\/\/maison-chance.org\/shop\/fr?s={search_term_string}"},"query-input":{"@type":"PropertyValueSpecification","valueRequired":true,"valueName":"search_term_string"}}],"inLanguage":"fr-FR"},{"@type":"Organization","@id":"https:\/\/maison-chance.org\/shop\/fr#organization","name":"Nh\u00e0 May M\u1eafn - Maison Chance","url":"https:\/\/maison-chance.org\/shop\/fr","logo":{"@type":"ImageObject","inLanguage":"fr-FR","@id":"https:\/\/maison-chance.org\/shop\/fr#\/schema\/logo\/image\/","url":"https:\/\/maison-chance.org\/shop\/wp-content\/uploads\/2024\/03\/cropped-Logo_DNXH.png","contentUrl":"https:\/\/maison-chance.org\/shop\/wp-content\/uploads\/2024\/03\/cropped-Logo_DNXH.png","width":512,"height":512,"caption":"Nh\u00e0 May M\u1eafn - Maison Chance"},"image":{"@id":"https:\/\/maison-chance.org\/shop\/fr#\/schema\/logo\/image\/"},"sameAs":["https:\/\/www.facebook.com\/dnxh.nhamayman\/"]}]},"og_availability":"instock","product_availability":"instock","product_condition":"new"},"_links":{"self":[{"href":"https:\/\/maison-chance.org\/shop\/fr\/wp-json\/wp\/v2\/product\/40674","targetHints":{"allow":["GET"]}}],"collection":[{"href":"https:\/\/maison-chance.org\/shop\/fr\/wp-json\/wp\/v2\/product"}],"about":[{"href":"https:\/\/maison-chance.org\/shop\/fr\/wp-json\/wp\/v2\/types\/product"}],"wp:featuredmedia":[{"embeddable":true,"href":"https:\/\/maison-chance.org\/shop\/fr\/wp-json\/wp\/v2\/media\/36930"}],"wp:attachment":[{"href":"https:\/\/maison-chance.org\/shop\/fr\/wp-json\/wp\/v2\/media?parent=40674"}],"wp:term":[{"taxonomy":"product_brand","embeddable":true,"href":"https:\/\/maison-chance.org\/shop\/fr\/wp-json\/wp\/v2\/product_brand?post=40674"},{"taxonomy":"product_cat","embeddable":true,"href":"https:\/\/maison-chance.org\/shop\/fr\/wp-json\/wp\/v2\/product_cat?post=40674"},{"taxonomy":"product_tag","embeddable":true,"href":"https:\/\/maison-chance.org\/shop\/fr\/wp-json\/wp\/v2\/product_tag?post=40674"}],"curies":[{"name":"wp","href":"https:\/\/api.w.org\/{rel}","templated":true}]}}