{"id":40687,"date":"2024-10-16T07:05:32","date_gmt":"2024-10-16T00:05:32","guid":{"rendered":"https:\/\/maison-chance.org\/shop\/san-pham\/lezard-2"},"modified":"2025-03-13T10:19:30","modified_gmt":"2025-03-13T03:19:30","slug":"lezard-2","status":"publish","type":"product","link":"https:\/\/maison-chance.org\/shop\/fr\/produit\/lezard-2","title":{"rendered":"L\u00e9zard"},"content":{"rendered":"<p style=\"text-align: justify;\">Avez-vous d\u00e9j\u00e0 vu un l\u00e9zard et eu envie de le prendre dans vos bras ? Certainement pas \u2013 \u00e0 moins que vous n&rsquo;ayez rencontr\u00e9 ces adorables l\u00e9zards en peluche ! Le l\u00e9zard en tapisserie est un m\u00e9lange parfait d&rsquo;art traditionnel et de techniques de couture modernes. Fabriqu\u00e9 \u00e0 partir de tissu de tapisserie distinctif, chaque l\u00e9zard pr\u00e9sente des motifs uniques et des couleurs vives qui repr\u00e9sentent la culture ethnique. Avec son design mignon et son gros ventre en forme de pose de reptile hilarante, il est s\u00fbr de vous surprendre par son niveau de mignonnerie !<\/p>\n<p data-start=\"637\" data-end=\"673\"><strong>Trois Tailles \u2013 \u00c0 Vous de Choisir !<\/strong><\/p>\n<p data-start=\"674\" data-end=\"806\">Ce produit, identifi\u00e9 par le code TC22TB, est disponible en trois tailles diff\u00e9rentes pour s&rsquo;adapter \u00e0 divers espaces et besoins :<\/p>\n<ul data-start=\"807\" data-end=\"1062\">\n<li data-start=\"807\" data-end=\"890\"><strong data-start=\"809\" data-end=\"823\">7 x 15 cm :<\/strong> Petit et mignon \u2013 parfait sur votre bureau ou votre \u00e9tag\u00e8re.<\/li>\n<li data-start=\"891\" data-end=\"977\"><strong data-start=\"893\" data-end=\"907\">9 x 22 cm :<\/strong> Juste ce qu&rsquo;il faut pour d\u00e9corer votre sofa, votre table basse, ou servir de coussin \u00e0 c\u00e2liner.<\/li>\n<li data-start=\"978\" data-end=\"1062\"><strong data-start=\"980\" data-end=\"&quot;995\">11 x 27 cm :<\/strong> Un accent impressionnant sur une chaise, un lit ou dans un coin d\u00e9tente chez vous.<\/li>\n<\/ul>\n<p style=\"text-align: justify;\">Plus qu&rsquo;un simple objet d\u00e9coratif, le l\u00e9zard en tapisserie porte aussi une histoire significative. Chaque produit est le fruit des efforts et de la passion des couturiers handicap\u00e9s de Maison Chance. Ils ont surmont\u00e9 les d\u00e9fis de la vie pour cr\u00e9er des \u0153uvres uniques, contribuant \u00e0 la pr\u00e9servation et \u00e0 la valorisation des valeurs culturelles de l&rsquo;ethnie.<\/p>\n<p style=\"text-align: justify;\">En poss\u00e9dant un l\u00e9zard en tapisserie, vous n&rsquo;acqu\u00e9rez pas seulement un bel objet d\u00e9coratif, mais vous soutenez \u00e9galement le travail significatif des couturiers handicap\u00e9s. Chaque produit vendu repr\u00e9sente une opportunit\u00e9 pour eux d&rsquo;affirmer leur valeur personnelle et de s&rsquo;int\u00e9grer dans la communaut\u00e9. C&rsquo;est une fa\u00e7on concr\u00e8te pour nous de contribuer \u00e0 la construction d&rsquo;une soci\u00e9t\u00e9 plus \u00e9galitaire et bienveillante.<\/p>\n<p style=\"text-align: justify;\">Ne manquez pas l&rsquo;occasion d&rsquo;acqu\u00e9rir ce adorable l\u00e9zard. Visitez d\u00e8s maintenant <a href=\"https:\/\/maison-chance.org\/shop\">Maison Chance<\/a> pour en choisir une ou plusieurs ! Chaque produit que vous achetez n&rsquo;est pas seulement un bel objet, mais aussi une action humanitaire qui soutient la vie des couturiers handicap\u00e9s. R\u00e9pandons ensemble l&rsquo;amour et le partage !<\/p>\n","protected":false},"excerpt":{"rendered":"<p style=\"text-align: justify;\">Le produit est fabriqu\u00e9 \u00e0 la main par des amis handicap\u00e9s d\u00e9favoris\u00e9s. Nous esp\u00e9rons sinc\u00e8rement recevoir le soutien de nos chers clients.<\/p>\n<p>Mat\u00e9riau : Tissu brocart<\/p>\n<p>Code : TC22TB<\/p>\n<p>Hotline : <span style=\"font-size: 20px;\"><strong><span style=\"color: #ff0000;\">0909 06 25 28<\/span><\/strong><\/span><\/p>\n<p style=\"text-align: justify;\">Si vous \u00eates au Vietnam, veuillez nous contacter via la hotline ou la page fan de l&rsquo;entreprise Maison Chance pour conna\u00eetre le prix au Vietnam.<\/p>\n","protected":false},"featured_media":36572,"template":"","meta":[],"product_brand":[],"product_cat":[243,231],"product_tag":[],"class_list":{"0":"post-40687","1":"product","2":"type-product","3":"status-publish","4":"has-post-thumbnail","6":"product_cat-animal-en-peluche","7":"product_cat-atelier-de-couture","9":"first","10":"instock","11":"shipping-taxable","12":"purchasable","13":"product-type-variable"},"yoast_head":"<!-- This site is optimized with the Yoast SEO Premium plugin v22.7 (Yoast SEO v25.3.1) - https:\/\/yoast.com\/wordpress\/plugins\/seo\/ -->\n<title>L\u00e9zard - peluche en tissu brocart - Nh\u00e0 May M\u1eafn - Maison Chance<\/title>\n<meta name=\"description\" content=\"La peluche en forme de l\u00e9zard en tissu brocart est une combinaison parfaite entre l&#039;art traditionnel et les techniques de couture modernes. Fabriqu\u00e9e \u00e0 partir de tissu brocart caract\u00e9ristique\" \/>\n<meta name=\"robots\" content=\"index, follow, max-snippet:-1, max-image-preview:large, max-video-preview:-1\" \/>\n<link rel=\"canonical\" href=\"https:\/\/maison-chance.org\/shop\/fr\/produit\/lezard-2\" \/>\n<meta property=\"og:locale\" content=\"fr_FR\" \/>\n<meta property=\"og:type\" content=\"article\" \/>\n<meta property=\"og:title\" content=\"L\u00e9zard\" \/>\n<meta property=\"og:description\" content=\"La peluche en forme de l\u00e9zard en tissu brocart est une combinaison parfaite entre l&#039;art traditionnel et les techniques de couture modernes. Fabriqu\u00e9e \u00e0 partir de tissu brocart caract\u00e9ristique\" \/>\n<meta property=\"og:url\" content=\"https:\/\/maison-chance.org\/shop\/fr\/produit\/lezard-2\" \/>\n<meta property=\"og:site_name\" content=\"Nh\u00e0 May M\u1eafn - Maison Chance\" \/>\n<meta property=\"article:publisher\" content=\"https:\/\/www.facebook.com\/dnxh.nhamayman\/\" \/>\n<meta property=\"article:modified_time\" content=\"2025-03-13T03:19:30+00:00\" \/>\n<meta property=\"og:image\" content=\"https:\/\/maison-chance.org\/shop\/wp-content\/uploads\/2024\/03\/thu-nhoi-bong-hinh-con-than-lan-vai-tho-cam-1.jpg\" \/>\n\t<meta property=\"og:image:width\" content=\"600\" \/>\n\t<meta property=\"og:image:height\" content=\"600\" \/>\n\t<meta property=\"og:image:type\" content=\"image\/jpeg\" \/>\n<meta name=\"twitter:card\" content=\"summary_large_image\" \/>\n<meta name=\"twitter:label1\" content=\"Disponibilit\u00e9\" \/>\n\t<meta name=\"twitter:data1\" content=\"En stock\" \/>\n<script type=\"application\/ld+json\" class=\"yoast-schema-graph\">{\"@context\":\"https:\/\/schema.org\",\"@graph\":[{\"@type\":\"WebPage\",\"@id\":\"https:\/\/maison-chance.org\/shop\/fr\/produit\/lezard-2\",\"url\":\"https:\/\/maison-chance.org\/shop\/fr\/produit\/lezard-2\",\"name\":\"L\u00e9zard - peluche en tissu brocart - Nh\u00e0 May M\u1eafn - Maison Chance\",\"isPartOf\":{\"@id\":\"https:\/\/maison-chance.org\/shop\/fr#website\"},\"primaryImageOfPage\":{\"@id\":\"https:\/\/maison-chance.org\/shop\/fr\/produit\/lezard-2#primaryimage\"},\"image\":{\"@id\":\"https:\/\/maison-chance.org\/shop\/fr\/produit\/lezard-2#primaryimage\"},\"thumbnailUrl\":\"https:\/\/maison-chance.org\/shop\/wp-content\/uploads\/2024\/03\/thu-nhoi-bong-hinh-con-than-lan-vai-tho-cam-1.jpg\",\"datePublished\":\"2024-10-16T00:05:32+00:00\",\"dateModified\":\"2025-03-13T03:19:30+00:00\",\"description\":\"La peluche en forme de l\u00e9zard en tissu brocart est une combinaison parfaite entre l'art traditionnel et les techniques de couture modernes. Fabriqu\u00e9e \u00e0 partir de tissu brocart caract\u00e9ristique\",\"breadcrumb\":{\"@id\":\"https:\/\/maison-chance.org\/shop\/fr\/produit\/lezard-2#breadcrumb\"},\"inLanguage\":\"fr-FR\",\"potentialAction\":[{\"@type\":\"ReadAction\",\"target\":[\"https:\/\/maison-chance.org\/shop\/fr\/produit\/lezard-2\"]}]},{\"@type\":\"ImageObject\",\"inLanguage\":\"fr-FR\",\"@id\":\"https:\/\/maison-chance.org\/shop\/fr\/produit\/lezard-2#primaryimage\",\"url\":\"https:\/\/maison-chance.org\/shop\/wp-content\/uploads\/2024\/03\/thu-nhoi-bong-hinh-con-than-lan-vai-tho-cam-1.jpg\",\"contentUrl\":\"https:\/\/maison-chance.org\/shop\/wp-content\/uploads\/2024\/03\/thu-nhoi-bong-hinh-con-than-lan-vai-tho-cam-1.jpg\",\"width\":600,\"height\":600,\"caption\":\"Peluche en forme de L\u00e9zard en tissu brocart\"},{\"@type\":\"BreadcrumbList\",\"@id\":\"https:\/\/maison-chance.org\/shop\/fr\/produit\/lezard-2#breadcrumb\",\"itemListElement\":[{\"@type\":\"ListItem\",\"position\":1,\"name\":\"Trang ch\u1ee7\",\"item\":\"https:\/\/maison-chance.org\/shop\/fr\"},{\"@type\":\"ListItem\",\"position\":2,\"name\":\"Boutique\",\"item\":\"https:\/\/maison-chance.org\/shop\/shop\"},{\"@type\":\"ListItem\",\"position\":3,\"name\":\"L\u00e9zard\"}]},{\"@type\":\"WebSite\",\"@id\":\"https:\/\/maison-chance.org\/shop\/fr#website\",\"url\":\"https:\/\/maison-chance.org\/shop\/fr\",\"name\":\"Nh\u00e0 May M\u1eafn - Maison Chance\",\"description\":\"M\u1ecdi l\u1ee3i nhu\u1eadn thu v\u1ec1 t\u1eeb vi\u1ec7c b\u00e1n h\u00e0ng s\u1ebd tr\u00edch m\u1ed9t ph\u1ea7n \u0111\u1ec3 ch\u0103m lo cho \u0111\u1eddi s\u1ed1ng c\u00e1c b\u1ea1n khuy\u1ebft t\u1eadt v\u00e0 tr\u1ebb m\u1ed3 c\u00f4i \u1edf \u0111\u00e2y\",\"publisher\":{\"@id\":\"https:\/\/maison-chance.org\/shop\/fr#organization\"},\"potentialAction\":[{\"@type\":\"SearchAction\",\"target\":{\"@type\":\"EntryPoint\",\"urlTemplate\":\"https:\/\/maison-chance.org\/shop\/fr?s={search_term_string}\"},\"query-input\":{\"@type\":\"PropertyValueSpecification\",\"valueRequired\":true,\"valueName\":\"search_term_string\"}}],\"inLanguage\":\"fr-FR\"},{\"@type\":\"Organization\",\"@id\":\"https:\/\/maison-chance.org\/shop\/fr#organization\",\"name\":\"Nh\u00e0 May M\u1eafn - Maison Chance\",\"url\":\"https:\/\/maison-chance.org\/shop\/fr\",\"logo\":{\"@type\":\"ImageObject\",\"inLanguage\":\"fr-FR\",\"@id\":\"https:\/\/maison-chance.org\/shop\/fr#\/schema\/logo\/image\/\",\"url\":\"https:\/\/maison-chance.org\/shop\/wp-content\/uploads\/2024\/03\/cropped-Logo_DNXH.png\",\"contentUrl\":\"https:\/\/maison-chance.org\/shop\/wp-content\/uploads\/2024\/03\/cropped-Logo_DNXH.png\",\"width\":512,\"height\":512,\"caption\":\"Nh\u00e0 May M\u1eafn - Maison Chance\"},\"image\":{\"@id\":\"https:\/\/maison-chance.org\/shop\/fr#\/schema\/logo\/image\/\"},\"sameAs\":[\"https:\/\/www.facebook.com\/dnxh.nhamayman\/\"]}]}<\/script>\n<meta property=\"og:availability\" content=\"instock\" \/>\n<meta property=\"product:availability\" content=\"instock\" \/>\n<meta property=\"product:condition\" content=\"new\" \/>\n<!-- \/ Yoast SEO Premium plugin. -->","yoast_head_json":{"title":"L\u00e9zard - peluche en tissu brocart - Nh\u00e0 May M\u1eafn - Maison Chance","description":"La peluche en forme de l\u00e9zard en tissu brocart est une combinaison parfaite entre l'art traditionnel et les techniques de couture modernes. Fabriqu\u00e9e \u00e0 partir de tissu brocart caract\u00e9ristique","robots":{"index":"index","follow":"follow","max-snippet":"max-snippet:-1","max-image-preview":"max-image-preview:large","max-video-preview":"max-video-preview:-1"},"canonical":"https:\/\/maison-chance.org\/shop\/fr\/produit\/lezard-2","og_locale":"fr_FR","og_type":"article","og_title":"L\u00e9zard","og_description":"La peluche en forme de l\u00e9zard en tissu brocart est une combinaison parfaite entre l'art traditionnel et les techniques de couture modernes. Fabriqu\u00e9e \u00e0 partir de tissu brocart caract\u00e9ristique","og_url":"https:\/\/maison-chance.org\/shop\/fr\/produit\/lezard-2","og_site_name":"Nh\u00e0 May M\u1eafn - Maison Chance","article_publisher":"https:\/\/www.facebook.com\/dnxh.nhamayman\/","article_modified_time":"2025-03-13T03:19:30+00:00","og_image":[{"width":600,"height":600,"url":"https:\/\/maison-chance.org\/shop\/wp-content\/uploads\/2024\/03\/thu-nhoi-bong-hinh-con-than-lan-vai-tho-cam-1.jpg","type":"image\/jpeg"}],"twitter_card":"summary_large_image","twitter_misc":{"Disponibilit\u00e9":"En stock"},"schema":{"@context":"https:\/\/schema.org","@graph":[{"@type":"WebPage","@id":"https:\/\/maison-chance.org\/shop\/fr\/produit\/lezard-2","url":"https:\/\/maison-chance.org\/shop\/fr\/produit\/lezard-2","name":"L\u00e9zard - peluche en tissu brocart - Nh\u00e0 May M\u1eafn - Maison Chance","isPartOf":{"@id":"https:\/\/maison-chance.org\/shop\/fr#website"},"primaryImageOfPage":{"@id":"https:\/\/maison-chance.org\/shop\/fr\/produit\/lezard-2#primaryimage"},"image":{"@id":"https:\/\/maison-chance.org\/shop\/fr\/produit\/lezard-2#primaryimage"},"thumbnailUrl":"https:\/\/maison-chance.org\/shop\/wp-content\/uploads\/2024\/03\/thu-nhoi-bong-hinh-con-than-lan-vai-tho-cam-1.jpg","datePublished":"2024-10-16T00:05:32+00:00","dateModified":"2025-03-13T03:19:30+00:00","description":"La peluche en forme de l\u00e9zard en tissu brocart est une combinaison parfaite entre l'art traditionnel et les techniques de couture modernes. Fabriqu\u00e9e \u00e0 partir de tissu brocart caract\u00e9ristique","breadcrumb":{"@id":"https:\/\/maison-chance.org\/shop\/fr\/produit\/lezard-2#breadcrumb"},"inLanguage":"fr-FR","potentialAction":[{"@type":"ReadAction","target":["https:\/\/maison-chance.org\/shop\/fr\/produit\/lezard-2"]}]},{"@type":"ImageObject","inLanguage":"fr-FR","@id":"https:\/\/maison-chance.org\/shop\/fr\/produit\/lezard-2#primaryimage","url":"https:\/\/maison-chance.org\/shop\/wp-content\/uploads\/2024\/03\/thu-nhoi-bong-hinh-con-than-lan-vai-tho-cam-1.jpg","contentUrl":"https:\/\/maison-chance.org\/shop\/wp-content\/uploads\/2024\/03\/thu-nhoi-bong-hinh-con-than-lan-vai-tho-cam-1.jpg","width":600,"height":600,"caption":"Peluche en forme de L\u00e9zard en tissu brocart"},{"@type":"BreadcrumbList","@id":"https:\/\/maison-chance.org\/shop\/fr\/produit\/lezard-2#breadcrumb","itemListElement":[{"@type":"ListItem","position":1,"name":"Trang ch\u1ee7","item":"https:\/\/maison-chance.org\/shop\/fr"},{"@type":"ListItem","position":2,"name":"Boutique","item":"https:\/\/maison-chance.org\/shop\/shop"},{"@type":"ListItem","position":3,"name":"L\u00e9zard"}]},{"@type":"WebSite","@id":"https:\/\/maison-chance.org\/shop\/fr#website","url":"https:\/\/maison-chance.org\/shop\/fr","name":"Nh\u00e0 May M\u1eafn - Maison Chance","description":"M\u1ecdi l\u1ee3i nhu\u1eadn thu v\u1ec1 t\u1eeb vi\u1ec7c b\u00e1n h\u00e0ng s\u1ebd tr\u00edch m\u1ed9t ph\u1ea7n \u0111\u1ec3 ch\u0103m lo cho \u0111\u1eddi s\u1ed1ng c\u00e1c b\u1ea1n khuy\u1ebft t\u1eadt v\u00e0 tr\u1ebb m\u1ed3 c\u00f4i \u1edf \u0111\u00e2y","publisher":{"@id":"https:\/\/maison-chance.org\/shop\/fr#organization"},"potentialAction":[{"@type":"SearchAction","target":{"@type":"EntryPoint","urlTemplate":"https:\/\/maison-chance.org\/shop\/fr?s={search_term_string}"},"query-input":{"@type":"PropertyValueSpecification","valueRequired":true,"valueName":"search_term_string"}}],"inLanguage":"fr-FR"},{"@type":"Organization","@id":"https:\/\/maison-chance.org\/shop\/fr#organization","name":"Nh\u00e0 May M\u1eafn - Maison Chance","url":"https:\/\/maison-chance.org\/shop\/fr","logo":{"@type":"ImageObject","inLanguage":"fr-FR","@id":"https:\/\/maison-chance.org\/shop\/fr#\/schema\/logo\/image\/","url":"https:\/\/maison-chance.org\/shop\/wp-content\/uploads\/2024\/03\/cropped-Logo_DNXH.png","contentUrl":"https:\/\/maison-chance.org\/shop\/wp-content\/uploads\/2024\/03\/cropped-Logo_DNXH.png","width":512,"height":512,"caption":"Nh\u00e0 May M\u1eafn - Maison Chance"},"image":{"@id":"https:\/\/maison-chance.org\/shop\/fr#\/schema\/logo\/image\/"},"sameAs":["https:\/\/www.facebook.com\/dnxh.nhamayman\/"]}]},"og_availability":"instock","product_availability":"instock","product_condition":"new"},"_links":{"self":[{"href":"https:\/\/maison-chance.org\/shop\/fr\/wp-json\/wp\/v2\/product\/40687","targetHints":{"allow":["GET"]}}],"collection":[{"href":"https:\/\/maison-chance.org\/shop\/fr\/wp-json\/wp\/v2\/product"}],"about":[{"href":"https:\/\/maison-chance.org\/shop\/fr\/wp-json\/wp\/v2\/types\/product"}],"wp:featuredmedia":[{"embeddable":true,"href":"https:\/\/maison-chance.org\/shop\/fr\/wp-json\/wp\/v2\/media\/36572"}],"wp:attachment":[{"href":"https:\/\/maison-chance.org\/shop\/fr\/wp-json\/wp\/v2\/media?parent=40687"}],"wp:term":[{"taxonomy":"product_brand","embeddable":true,"href":"https:\/\/maison-chance.org\/shop\/fr\/wp-json\/wp\/v2\/product_brand?post=40687"},{"taxonomy":"product_cat","embeddable":true,"href":"https:\/\/maison-chance.org\/shop\/fr\/wp-json\/wp\/v2\/product_cat?post=40687"},{"taxonomy":"product_tag","embeddable":true,"href":"https:\/\/maison-chance.org\/shop\/fr\/wp-json\/wp\/v2\/product_tag?post=40687"}],"curies":[{"name":"wp","href":"https:\/\/api.w.org\/{rel}","templated":true}]}}