{"id":40700,"date":"2024-10-16T07:06:01","date_gmt":"2024-10-16T00:06:01","guid":{"rendered":"https:\/\/maison-chance.org\/shop\/san-pham\/crabe-2"},"modified":"2025-03-13T10:25:30","modified_gmt":"2025-03-13T03:25:30","slug":"crabe-2","status":"publish","type":"product","link":"https:\/\/maison-chance.org\/shop\/fr\/produit\/crabe-2","title":{"rendered":"Crabe"},"content":{"rendered":"<p style=\"text-align: justify;\">Bonjour \u00e0 tous ! Avez-vous d\u00e9j\u00e0 pens\u00e9 \u00e0 ramener un crabe \u00e0 la maison sans vous soucier de&#8230; le cuisiner ?<br data-start=\"173\" data-end=\"176\" \/>Le crabe en tapisserie TC21TB vous fera craquer d\u00e8s le premier regard !<\/p>\n<p style=\"text-align: justify;\">Fabriqu\u00e9 \u00e0 partir de tissu de tapisserie traditionnel color\u00e9, les mains habiles des couturiers handicap\u00e9s de Maison Chance ont cr\u00e9\u00e9 ce crabe en tapisserie (code TC21TB) incroyablement cr\u00e9atif et adorable. Le tissu de tapisserie traditionnel se m\u00e9lange avec des couleurs vives comme l&rsquo;orange, le rouge, et le bleu, associ\u00e9 de mani\u00e8re artistique au noir et au blanc, cr\u00e9ant une apparence vivante et captivante \u2013 c&rsquo;est un coup de c\u0153ur instantan\u00e9, et il se d\u00e9marque dans n&rsquo;importe quel d\u00e9cor !<\/p>\n<p style=\"text-align: justify;\">Le crabe en peluche en tapisserie poss\u00e8de un corps rond adorable avec des pinces qui s&rsquo;\u00e9tendent dans toutes les directions. Chaque point est soigneusement r\u00e9alis\u00e9, donnant une beaut\u00e9 vibrante avec des courbes douces et fluides. Le produit est disponible en trois tailles allant de 12x16cm \u00e0 23x35cm, adapt\u00e9es \u00e0 n&rsquo;importe quel espace d\u00e9coratif. La taille la plus petite peut \u00eatre plac\u00e9e sur un bureau, une \u00e9tag\u00e8re ou dans une voiture, tandis que la taille plus grande sera un accent marquant lors de la d\u00e9coration d&rsquo;une \u00e9tag\u00e8re, d&rsquo;une table \u00e0 caf\u00e9 ou d&rsquo;un coin lecture.<\/p>\n<p style=\"text-align: justify;\">Ce qui rend le crabe en tapisserie TC21TB sp\u00e9cial, c&rsquo;est qu&rsquo;il est enti\u00e8rement fabriqu\u00e9 par les mains des couturiers handicap\u00e9s de Maison Chance. Chaque produit est non seulement un objet d\u00e9coratif mais aussi une source de fiert\u00e9 et de revenus cruciale qui aide ces couturiers \u00e0 surmonter leurs circonstances. En poss\u00e9dant un crabe en tapisserie, vous contribuez \u00e0 r\u00e9pandre l&rsquo;esprit optim iste et les aspirations de ces individus exceptionnels.<\/p>\n<p style=\"text-align: justify;\">Choisissez le crabe en tapisserie TC21TB comme un cadeau d\u00e9coratif significatif pour votre maison, votre bureau ou votre voiture. En m\u00eame temps, vous partagez votre amour avec la communaut\u00e9 des couturiers handicap\u00e9s de <a href=\"https:\/\/maison-chance.org\/shop\">Maison Chance<\/a>. Les produits authentiques garantissent la qualit\u00e9 et sont disponibles dans diverses conceptions et tailles. Commandez d\u00e8s aujourd&rsquo;hui pour recevoir des offres excitantes de Maison Chance !<\/p>\n<p><em>O\u00f9 que le crabe \u00ab\u00a0se d\u00e9place\u00a0\u00bb, la joie se r\u00e9pand !<\/em><\/p>\n","protected":false},"excerpt":{"rendered":"<p style=\"text-align: justify;\">Le produit est fabriqu\u00e9 \u00e0 la main par des amis handicap\u00e9s d\u00e9favoris\u00e9s. Nous esp\u00e9rons sinc\u00e8rement recevoir le soutien de nos chers clients.<\/p>\n<p>Mat\u00e9riau : Tissu brocart<\/p>\n<p>Code : TC21TB<\/p>\n<p>Hotline : <span style=\"font-size: 20px;\"><strong><span style=\"color: #ff0000;\">0909 06 25 28<\/span><\/strong><\/span><\/p>\n<p style=\"text-align: justify;\">Si vous \u00eates au Vietnam, veuillez nous contacter via la hotline ou la page fan de l&rsquo;entreprise Maison Chance pour conna\u00eetre le prix au Vietnam.<\/p>\n","protected":false},"featured_media":36564,"template":"","meta":[],"product_brand":[],"product_cat":[243,231],"product_tag":[],"class_list":{"0":"post-40700","1":"product","2":"type-product","3":"status-publish","4":"has-post-thumbnail","6":"product_cat-animal-en-peluche","7":"product_cat-atelier-de-couture","9":"first","10":"instock","11":"shipping-taxable","12":"purchasable","13":"product-type-variable"},"yoast_head":"<!-- This site is optimized with the Yoast SEO Premium plugin v22.7 (Yoast SEO v25.3.1) - https:\/\/yoast.com\/wordpress\/plugins\/seo\/ -->\n<title>Crabe - peluche en tissu brocart - Nh\u00e0 May M\u1eafn - Maison Chance<\/title>\n<meta name=\"description\" content=\"La peluche en forme de crabe en tissu brocart poss\u00e8de une forme adorable avec un corps dodu et des pinces habilement \u00e9tendues autour. Chaque point est soigneusement cousu\" \/>\n<meta name=\"robots\" content=\"index, follow, max-snippet:-1, max-image-preview:large, max-video-preview:-1\" \/>\n<link rel=\"canonical\" href=\"https:\/\/maison-chance.org\/shop\/fr\/produit\/crabe-2\" \/>\n<meta property=\"og:locale\" content=\"fr_FR\" \/>\n<meta property=\"og:type\" content=\"article\" \/>\n<meta property=\"og:title\" content=\"Crabe\" \/>\n<meta property=\"og:description\" content=\"La peluche en forme de crabe en tissu brocart poss\u00e8de une forme adorable avec un corps dodu et des pinces habilement \u00e9tendues autour. Chaque point est soigneusement cousu\" \/>\n<meta property=\"og:url\" content=\"https:\/\/maison-chance.org\/shop\/fr\/produit\/crabe-2\" \/>\n<meta property=\"og:site_name\" content=\"Nh\u00e0 May M\u1eafn - Maison Chance\" \/>\n<meta property=\"article:publisher\" content=\"https:\/\/www.facebook.com\/dnxh.nhamayman\/\" \/>\n<meta property=\"article:modified_time\" content=\"2025-03-13T03:25:30+00:00\" \/>\n<meta property=\"og:image\" content=\"https:\/\/maison-chance.org\/shop\/wp-content\/uploads\/2024\/03\/thu-nhoi-bong-hinh-con-cua-vai-tho-cam-1.jpg\" \/>\n\t<meta property=\"og:image:width\" content=\"600\" \/>\n\t<meta property=\"og:image:height\" content=\"600\" \/>\n\t<meta property=\"og:image:type\" content=\"image\/jpeg\" \/>\n<meta name=\"twitter:card\" content=\"summary_large_image\" \/>\n<meta name=\"twitter:label1\" content=\"Disponibilit\u00e9\" \/>\n\t<meta name=\"twitter:data1\" content=\"En stock\" \/>\n<script type=\"application\/ld+json\" class=\"yoast-schema-graph\">{\"@context\":\"https:\/\/schema.org\",\"@graph\":[{\"@type\":\"WebPage\",\"@id\":\"https:\/\/maison-chance.org\/shop\/fr\/produit\/crabe-2\",\"url\":\"https:\/\/maison-chance.org\/shop\/fr\/produit\/crabe-2\",\"name\":\"Crabe - peluche en tissu brocart - Nh\u00e0 May M\u1eafn - Maison Chance\",\"isPartOf\":{\"@id\":\"https:\/\/maison-chance.org\/shop\/fr#website\"},\"primaryImageOfPage\":{\"@id\":\"https:\/\/maison-chance.org\/shop\/fr\/produit\/crabe-2#primaryimage\"},\"image\":{\"@id\":\"https:\/\/maison-chance.org\/shop\/fr\/produit\/crabe-2#primaryimage\"},\"thumbnailUrl\":\"https:\/\/maison-chance.org\/shop\/wp-content\/uploads\/2024\/03\/thu-nhoi-bong-hinh-con-cua-vai-tho-cam-1.jpg\",\"datePublished\":\"2024-10-16T00:06:01+00:00\",\"dateModified\":\"2025-03-13T03:25:30+00:00\",\"description\":\"La peluche en forme de crabe en tissu brocart poss\u00e8de une forme adorable avec un corps dodu et des pinces habilement \u00e9tendues autour. Chaque point est soigneusement cousu\",\"breadcrumb\":{\"@id\":\"https:\/\/maison-chance.org\/shop\/fr\/produit\/crabe-2#breadcrumb\"},\"inLanguage\":\"fr-FR\",\"potentialAction\":[{\"@type\":\"ReadAction\",\"target\":[\"https:\/\/maison-chance.org\/shop\/fr\/produit\/crabe-2\"]}]},{\"@type\":\"ImageObject\",\"inLanguage\":\"fr-FR\",\"@id\":\"https:\/\/maison-chance.org\/shop\/fr\/produit\/crabe-2#primaryimage\",\"url\":\"https:\/\/maison-chance.org\/shop\/wp-content\/uploads\/2024\/03\/thu-nhoi-bong-hinh-con-cua-vai-tho-cam-1.jpg\",\"contentUrl\":\"https:\/\/maison-chance.org\/shop\/wp-content\/uploads\/2024\/03\/thu-nhoi-bong-hinh-con-cua-vai-tho-cam-1.jpg\",\"width\":600,\"height\":600,\"caption\":\"Peluche en forme de Crabe en Tissu Brocart\"},{\"@type\":\"BreadcrumbList\",\"@id\":\"https:\/\/maison-chance.org\/shop\/fr\/produit\/crabe-2#breadcrumb\",\"itemListElement\":[{\"@type\":\"ListItem\",\"position\":1,\"name\":\"Trang ch\u1ee7\",\"item\":\"https:\/\/maison-chance.org\/shop\/fr\"},{\"@type\":\"ListItem\",\"position\":2,\"name\":\"Boutique\",\"item\":\"https:\/\/maison-chance.org\/shop\/shop\"},{\"@type\":\"ListItem\",\"position\":3,\"name\":\"Crabe\"}]},{\"@type\":\"WebSite\",\"@id\":\"https:\/\/maison-chance.org\/shop\/fr#website\",\"url\":\"https:\/\/maison-chance.org\/shop\/fr\",\"name\":\"Nh\u00e0 May M\u1eafn - Maison Chance\",\"description\":\"M\u1ecdi l\u1ee3i nhu\u1eadn thu v\u1ec1 t\u1eeb vi\u1ec7c b\u00e1n h\u00e0ng s\u1ebd tr\u00edch m\u1ed9t ph\u1ea7n \u0111\u1ec3 ch\u0103m lo cho \u0111\u1eddi s\u1ed1ng c\u00e1c b\u1ea1n khuy\u1ebft t\u1eadt v\u00e0 tr\u1ebb m\u1ed3 c\u00f4i \u1edf \u0111\u00e2y\",\"publisher\":{\"@id\":\"https:\/\/maison-chance.org\/shop\/fr#organization\"},\"potentialAction\":[{\"@type\":\"SearchAction\",\"target\":{\"@type\":\"EntryPoint\",\"urlTemplate\":\"https:\/\/maison-chance.org\/shop\/fr?s={search_term_string}\"},\"query-input\":{\"@type\":\"PropertyValueSpecification\",\"valueRequired\":true,\"valueName\":\"search_term_string\"}}],\"inLanguage\":\"fr-FR\"},{\"@type\":\"Organization\",\"@id\":\"https:\/\/maison-chance.org\/shop\/fr#organization\",\"name\":\"Nh\u00e0 May M\u1eafn - Maison Chance\",\"url\":\"https:\/\/maison-chance.org\/shop\/fr\",\"logo\":{\"@type\":\"ImageObject\",\"inLanguage\":\"fr-FR\",\"@id\":\"https:\/\/maison-chance.org\/shop\/fr#\/schema\/logo\/image\/\",\"url\":\"https:\/\/maison-chance.org\/shop\/wp-content\/uploads\/2024\/03\/cropped-Logo_DNXH.png\",\"contentUrl\":\"https:\/\/maison-chance.org\/shop\/wp-content\/uploads\/2024\/03\/cropped-Logo_DNXH.png\",\"width\":512,\"height\":512,\"caption\":\"Nh\u00e0 May M\u1eafn - Maison Chance\"},\"image\":{\"@id\":\"https:\/\/maison-chance.org\/shop\/fr#\/schema\/logo\/image\/\"},\"sameAs\":[\"https:\/\/www.facebook.com\/dnxh.nhamayman\/\"]}]}<\/script>\n<meta property=\"og:availability\" content=\"instock\" \/>\n<meta property=\"product:availability\" content=\"instock\" \/>\n<meta property=\"product:condition\" content=\"new\" \/>\n<!-- \/ Yoast SEO Premium plugin. -->","yoast_head_json":{"title":"Crabe - peluche en tissu brocart - Nh\u00e0 May M\u1eafn - Maison Chance","description":"La peluche en forme de crabe en tissu brocart poss\u00e8de une forme adorable avec un corps dodu et des pinces habilement \u00e9tendues autour. Chaque point est soigneusement cousu","robots":{"index":"index","follow":"follow","max-snippet":"max-snippet:-1","max-image-preview":"max-image-preview:large","max-video-preview":"max-video-preview:-1"},"canonical":"https:\/\/maison-chance.org\/shop\/fr\/produit\/crabe-2","og_locale":"fr_FR","og_type":"article","og_title":"Crabe","og_description":"La peluche en forme de crabe en tissu brocart poss\u00e8de une forme adorable avec un corps dodu et des pinces habilement \u00e9tendues autour. Chaque point est soigneusement cousu","og_url":"https:\/\/maison-chance.org\/shop\/fr\/produit\/crabe-2","og_site_name":"Nh\u00e0 May M\u1eafn - Maison Chance","article_publisher":"https:\/\/www.facebook.com\/dnxh.nhamayman\/","article_modified_time":"2025-03-13T03:25:30+00:00","og_image":[{"width":600,"height":600,"url":"https:\/\/maison-chance.org\/shop\/wp-content\/uploads\/2024\/03\/thu-nhoi-bong-hinh-con-cua-vai-tho-cam-1.jpg","type":"image\/jpeg"}],"twitter_card":"summary_large_image","twitter_misc":{"Disponibilit\u00e9":"En stock"},"schema":{"@context":"https:\/\/schema.org","@graph":[{"@type":"WebPage","@id":"https:\/\/maison-chance.org\/shop\/fr\/produit\/crabe-2","url":"https:\/\/maison-chance.org\/shop\/fr\/produit\/crabe-2","name":"Crabe - peluche en tissu brocart - Nh\u00e0 May M\u1eafn - Maison Chance","isPartOf":{"@id":"https:\/\/maison-chance.org\/shop\/fr#website"},"primaryImageOfPage":{"@id":"https:\/\/maison-chance.org\/shop\/fr\/produit\/crabe-2#primaryimage"},"image":{"@id":"https:\/\/maison-chance.org\/shop\/fr\/produit\/crabe-2#primaryimage"},"thumbnailUrl":"https:\/\/maison-chance.org\/shop\/wp-content\/uploads\/2024\/03\/thu-nhoi-bong-hinh-con-cua-vai-tho-cam-1.jpg","datePublished":"2024-10-16T00:06:01+00:00","dateModified":"2025-03-13T03:25:30+00:00","description":"La peluche en forme de crabe en tissu brocart poss\u00e8de une forme adorable avec un corps dodu et des pinces habilement \u00e9tendues autour. Chaque point est soigneusement cousu","breadcrumb":{"@id":"https:\/\/maison-chance.org\/shop\/fr\/produit\/crabe-2#breadcrumb"},"inLanguage":"fr-FR","potentialAction":[{"@type":"ReadAction","target":["https:\/\/maison-chance.org\/shop\/fr\/produit\/crabe-2"]}]},{"@type":"ImageObject","inLanguage":"fr-FR","@id":"https:\/\/maison-chance.org\/shop\/fr\/produit\/crabe-2#primaryimage","url":"https:\/\/maison-chance.org\/shop\/wp-content\/uploads\/2024\/03\/thu-nhoi-bong-hinh-con-cua-vai-tho-cam-1.jpg","contentUrl":"https:\/\/maison-chance.org\/shop\/wp-content\/uploads\/2024\/03\/thu-nhoi-bong-hinh-con-cua-vai-tho-cam-1.jpg","width":600,"height":600,"caption":"Peluche en forme de Crabe en Tissu Brocart"},{"@type":"BreadcrumbList","@id":"https:\/\/maison-chance.org\/shop\/fr\/produit\/crabe-2#breadcrumb","itemListElement":[{"@type":"ListItem","position":1,"name":"Trang ch\u1ee7","item":"https:\/\/maison-chance.org\/shop\/fr"},{"@type":"ListItem","position":2,"name":"Boutique","item":"https:\/\/maison-chance.org\/shop\/shop"},{"@type":"ListItem","position":3,"name":"Crabe"}]},{"@type":"WebSite","@id":"https:\/\/maison-chance.org\/shop\/fr#website","url":"https:\/\/maison-chance.org\/shop\/fr","name":"Nh\u00e0 May M\u1eafn - Maison Chance","description":"M\u1ecdi l\u1ee3i nhu\u1eadn thu v\u1ec1 t\u1eeb vi\u1ec7c b\u00e1n h\u00e0ng s\u1ebd tr\u00edch m\u1ed9t ph\u1ea7n \u0111\u1ec3 ch\u0103m lo cho \u0111\u1eddi s\u1ed1ng c\u00e1c b\u1ea1n khuy\u1ebft t\u1eadt v\u00e0 tr\u1ebb m\u1ed3 c\u00f4i \u1edf \u0111\u00e2y","publisher":{"@id":"https:\/\/maison-chance.org\/shop\/fr#organization"},"potentialAction":[{"@type":"SearchAction","target":{"@type":"EntryPoint","urlTemplate":"https:\/\/maison-chance.org\/shop\/fr?s={search_term_string}"},"query-input":{"@type":"PropertyValueSpecification","valueRequired":true,"valueName":"search_term_string"}}],"inLanguage":"fr-FR"},{"@type":"Organization","@id":"https:\/\/maison-chance.org\/shop\/fr#organization","name":"Nh\u00e0 May M\u1eafn - Maison Chance","url":"https:\/\/maison-chance.org\/shop\/fr","logo":{"@type":"ImageObject","inLanguage":"fr-FR","@id":"https:\/\/maison-chance.org\/shop\/fr#\/schema\/logo\/image\/","url":"https:\/\/maison-chance.org\/shop\/wp-content\/uploads\/2024\/03\/cropped-Logo_DNXH.png","contentUrl":"https:\/\/maison-chance.org\/shop\/wp-content\/uploads\/2024\/03\/cropped-Logo_DNXH.png","width":512,"height":512,"caption":"Nh\u00e0 May M\u1eafn - Maison Chance"},"image":{"@id":"https:\/\/maison-chance.org\/shop\/fr#\/schema\/logo\/image\/"},"sameAs":["https:\/\/www.facebook.com\/dnxh.nhamayman\/"]}]},"og_availability":"instock","product_availability":"instock","product_condition":"new"},"_links":{"self":[{"href":"https:\/\/maison-chance.org\/shop\/fr\/wp-json\/wp\/v2\/product\/40700","targetHints":{"allow":["GET"]}}],"collection":[{"href":"https:\/\/maison-chance.org\/shop\/fr\/wp-json\/wp\/v2\/product"}],"about":[{"href":"https:\/\/maison-chance.org\/shop\/fr\/wp-json\/wp\/v2\/types\/product"}],"wp:featuredmedia":[{"embeddable":true,"href":"https:\/\/maison-chance.org\/shop\/fr\/wp-json\/wp\/v2\/media\/36564"}],"wp:attachment":[{"href":"https:\/\/maison-chance.org\/shop\/fr\/wp-json\/wp\/v2\/media?parent=40700"}],"wp:term":[{"taxonomy":"product_brand","embeddable":true,"href":"https:\/\/maison-chance.org\/shop\/fr\/wp-json\/wp\/v2\/product_brand?post=40700"},{"taxonomy":"product_cat","embeddable":true,"href":"https:\/\/maison-chance.org\/shop\/fr\/wp-json\/wp\/v2\/product_cat?post=40700"},{"taxonomy":"product_tag","embeddable":true,"href":"https:\/\/maison-chance.org\/shop\/fr\/wp-json\/wp\/v2\/product_tag?post=40700"}],"curies":[{"name":"wp","href":"https:\/\/api.w.org\/{rel}","templated":true}]}}