{"id":40743,"date":"2024-10-22T07:10:19","date_gmt":"2024-10-22T00:10:19","guid":{"rendered":"https:\/\/maison-chance.org\/shop\/san-pham\/tortue-2"},"modified":"2025-03-13T10:41:57","modified_gmt":"2025-03-13T03:41:57","slug":"tortue-2","status":"publish","type":"product","link":"https:\/\/maison-chance.org\/shop\/fr\/produit\/tortue-2","title":{"rendered":"Tortue"},"content":{"rendered":"<p style=\"text-align: justify;\">Savez-vous que les tortues sont des symboles de long\u00e9vit\u00e9, de paix et de stabilit\u00e9 ? D\u00e9sormais, cette image est recr\u00e9\u00e9e de mani\u00e8re color\u00e9e et adorable avec la tortue en peluche en tapisserie \u2013 un cadeau \u00e0 la fois mignon et significatif, adapt\u00e9 \u00e0 tout espace !<\/p>\n<p style=\"text-align: justify;\"><strong data-start=\"357\" data-end=\"410\">Une petite carapace \u2013 Un monde vibrant \u00e0 l&rsquo;int\u00e9rieur !<\/strong><br data-start=\"410\" data-end=\"413\" \/>Inspir\u00e9e par la douce tortue de la nature, ce produit est con\u00e7u avec une carapace ronde et solide, quatre petites pattes et de grands yeux p\u00e9tillants, remplis de gentillesse. Le corps doux de la tortue est parfait pour les c\u00e2lins, apportant une sensation de d\u00e9tente et de chaleur chaque fois que vous le touchez.<\/p>\n<p style=\"text-align: justify;\"><strong data-start=\"620\" data-end=\"654\">Une petite tortue avec un grand sens !<\/strong><br data-start=\"654\" data-end=\"657\" \/>Tout le monde sait que les tortues symbolisent la pers\u00e9v\u00e9rance, la chance et la paix. Placer une tortue en peluche sur votre bureau, votre \u00e9tag\u00e8re ou votre lit vous rappellera toujours que lenteur et constance m\u00e8nent \u00e0 la r\u00e9ussite \u2013 le succ\u00e8s viendra !<\/p>\n<p style=\"text-align: justify;\">Chaque produit de tortue en peluche n&rsquo;est pas seulement un jouet, mais porte aussi un message d&rsquo;amour et d&rsquo;espoir. Les couturiers handicap\u00e9s ont surmont\u00e9 des difficult\u00e9s pour cr\u00e9er ces produits, prouvant que l&rsquo;effort et la passion peuvent changer des vies. En poss\u00e9dant une tortue, vous n&rsquo;acqu\u00e9rez pas seulement un objet, mais vous devenez aussi une partie du voyage pour aider et encourager les personnes handicap\u00e9es.<\/p>\n<p style=\"text-align: justify;\">Laissez la tortue en peluche en tapisserie de <a href=\"https:\/\/maison-chance.org\/shop\">Maison Chance<\/a> devenir une partie de votre espace de vie ! Acheter ce produit n&rsquo;est pas seulement un choix intelligent pour votre famille, mais c&rsquo;est \u00e9galement une action pleine de sens qui soutient les couturiers handicap\u00e9s.Faites une diff\u00e9rence et apportez de la joie \u00e0 ceux qui luttent chaque jour. Commandez d\u00e8s aujourd&rsquo;hui pour poss\u00e9der un produit adorable et contribuer \u00e0 la noble mission de la soci\u00e9t\u00e9 !<\/p>\n<p><em>Petite mais significative, simple mais inspirante \u2013 c&rsquo;est le cadeau que tout le monde aimerait avoir !<\/em><\/p>\n","protected":false},"excerpt":{"rendered":"<p style=\"text-align: justify;\">Les produits sont fabriqu\u00e9s \u00e0 la main par des amis handicap\u00e9s d\u00e9favoris\u00e9s, esp\u00e9rant recevoir le soutien des clients.<\/p>\n<p>Mat\u00e9riel: Tissu brocart<\/p>\n<p>Code: TC18TB<\/p>\n<p>Hotline: <span style=\"font-size: 20px;\"><strong><span style=\"color: #ff0000;\">0909 06 25 28<\/span><\/strong><\/span><\/p>\n<p style=\"text-align: justify;\">Si vous \u00eates au Vietnam, veuillez nous contacter via la hotline ou la page fan de l&rsquo;entreprise Maison Chance pour conna\u00eetre le prix au Vietnam.<\/p>\n","protected":false},"featured_media":36554,"template":"","meta":[],"product_brand":[],"product_cat":[243,231],"product_tag":[],"class_list":{"0":"post-40743","1":"product","2":"type-product","3":"status-publish","4":"has-post-thumbnail","6":"product_cat-animal-en-peluche","7":"product_cat-atelier-de-couture","9":"first","10":"instock","11":"shipping-taxable","12":"purchasable","13":"product-type-variable"},"yoast_head":"<!-- This site is optimized with the Yoast SEO Premium plugin v22.7 (Yoast SEO v25.3.1) - https:\/\/yoast.com\/wordpress\/plugins\/seo\/ -->\n<title>Tortue - jouet en peluche en tissu brocart - Nh\u00e0 May M\u1eafn - Maison Chance<\/title>\n<meta name=\"description\" content=\"La tortue en peluche en tissu brocart n&#039;est pas qu&#039;un simple jouet mais une partie essentielle dans la d\u00e9coration de votre espace de vie.\" \/>\n<meta name=\"robots\" content=\"index, follow, max-snippet:-1, max-image-preview:large, max-video-preview:-1\" \/>\n<link rel=\"canonical\" href=\"https:\/\/maison-chance.org\/shop\/fr\/produit\/tortue-2\" \/>\n<meta property=\"og:locale\" content=\"fr_FR\" \/>\n<meta property=\"og:type\" content=\"article\" \/>\n<meta property=\"og:title\" content=\"Tortue\" \/>\n<meta property=\"og:description\" content=\"La tortue en peluche en tissu brocart n&#039;est pas qu&#039;un simple jouet mais une partie essentielle dans la d\u00e9coration de votre espace de vie.\" \/>\n<meta property=\"og:url\" content=\"https:\/\/maison-chance.org\/shop\/fr\/produit\/tortue-2\" \/>\n<meta property=\"og:site_name\" content=\"Nh\u00e0 May M\u1eafn - Maison Chance\" \/>\n<meta property=\"article:publisher\" content=\"https:\/\/www.facebook.com\/dnxh.nhamayman\/\" \/>\n<meta property=\"article:modified_time\" content=\"2025-03-13T03:41:57+00:00\" \/>\n<meta property=\"og:image\" content=\"https:\/\/maison-chance.org\/shop\/wp-content\/uploads\/2024\/03\/thu-nhoi-bong-hinh-con-rua-vai-thai-1.jpg\" \/>\n\t<meta property=\"og:image:width\" content=\"600\" \/>\n\t<meta property=\"og:image:height\" content=\"600\" \/>\n\t<meta property=\"og:image:type\" content=\"image\/jpeg\" \/>\n<meta name=\"twitter:card\" content=\"summary_large_image\" \/>\n<meta name=\"twitter:label1\" content=\"Disponibilit\u00e9\" \/>\n\t<meta name=\"twitter:data1\" content=\"En stock\" \/>\n<script type=\"application\/ld+json\" class=\"yoast-schema-graph\">{\"@context\":\"https:\/\/schema.org\",\"@graph\":[{\"@type\":\"WebPage\",\"@id\":\"https:\/\/maison-chance.org\/shop\/fr\/produit\/tortue-2\",\"url\":\"https:\/\/maison-chance.org\/shop\/fr\/produit\/tortue-2\",\"name\":\"Tortue - jouet en peluche en tissu brocart - Nh\u00e0 May M\u1eafn - Maison Chance\",\"isPartOf\":{\"@id\":\"https:\/\/maison-chance.org\/shop\/fr#website\"},\"primaryImageOfPage\":{\"@id\":\"https:\/\/maison-chance.org\/shop\/fr\/produit\/tortue-2#primaryimage\"},\"image\":{\"@id\":\"https:\/\/maison-chance.org\/shop\/fr\/produit\/tortue-2#primaryimage\"},\"thumbnailUrl\":\"https:\/\/maison-chance.org\/shop\/wp-content\/uploads\/2024\/03\/thu-nhoi-bong-hinh-con-rua-vai-thai-1.jpg\",\"datePublished\":\"2024-10-22T00:10:19+00:00\",\"dateModified\":\"2025-03-13T03:41:57+00:00\",\"description\":\"La tortue en peluche en tissu brocart n'est pas qu'un simple jouet mais une partie essentielle dans la d\u00e9coration de votre espace de vie.\",\"breadcrumb\":{\"@id\":\"https:\/\/maison-chance.org\/shop\/fr\/produit\/tortue-2#breadcrumb\"},\"inLanguage\":\"fr-FR\",\"potentialAction\":[{\"@type\":\"ReadAction\",\"target\":[\"https:\/\/maison-chance.org\/shop\/fr\/produit\/tortue-2\"]}]},{\"@type\":\"ImageObject\",\"inLanguage\":\"fr-FR\",\"@id\":\"https:\/\/maison-chance.org\/shop\/fr\/produit\/tortue-2#primaryimage\",\"url\":\"https:\/\/maison-chance.org\/shop\/wp-content\/uploads\/2024\/03\/thu-nhoi-bong-hinh-con-rua-vai-thai-1.jpg\",\"contentUrl\":\"https:\/\/maison-chance.org\/shop\/wp-content\/uploads\/2024\/03\/thu-nhoi-bong-hinh-con-rua-vai-thai-1.jpg\",\"width\":600,\"height\":600,\"caption\":\"Jouet Tortue en Peluche en Tissu Tha\u00ef\"},{\"@type\":\"BreadcrumbList\",\"@id\":\"https:\/\/maison-chance.org\/shop\/fr\/produit\/tortue-2#breadcrumb\",\"itemListElement\":[{\"@type\":\"ListItem\",\"position\":1,\"name\":\"Trang ch\u1ee7\",\"item\":\"https:\/\/maison-chance.org\/shop\/fr\"},{\"@type\":\"ListItem\",\"position\":2,\"name\":\"Boutique\",\"item\":\"https:\/\/maison-chance.org\/shop\/shop\"},{\"@type\":\"ListItem\",\"position\":3,\"name\":\"Tortue\"}]},{\"@type\":\"WebSite\",\"@id\":\"https:\/\/maison-chance.org\/shop\/fr#website\",\"url\":\"https:\/\/maison-chance.org\/shop\/fr\",\"name\":\"Nh\u00e0 May M\u1eafn - Maison Chance\",\"description\":\"M\u1ecdi l\u1ee3i nhu\u1eadn thu v\u1ec1 t\u1eeb vi\u1ec7c b\u00e1n h\u00e0ng s\u1ebd tr\u00edch m\u1ed9t ph\u1ea7n \u0111\u1ec3 ch\u0103m lo cho \u0111\u1eddi s\u1ed1ng c\u00e1c b\u1ea1n khuy\u1ebft t\u1eadt v\u00e0 tr\u1ebb m\u1ed3 c\u00f4i \u1edf \u0111\u00e2y\",\"publisher\":{\"@id\":\"https:\/\/maison-chance.org\/shop\/fr#organization\"},\"potentialAction\":[{\"@type\":\"SearchAction\",\"target\":{\"@type\":\"EntryPoint\",\"urlTemplate\":\"https:\/\/maison-chance.org\/shop\/fr?s={search_term_string}\"},\"query-input\":{\"@type\":\"PropertyValueSpecification\",\"valueRequired\":true,\"valueName\":\"search_term_string\"}}],\"inLanguage\":\"fr-FR\"},{\"@type\":\"Organization\",\"@id\":\"https:\/\/maison-chance.org\/shop\/fr#organization\",\"name\":\"Nh\u00e0 May M\u1eafn - Maison Chance\",\"url\":\"https:\/\/maison-chance.org\/shop\/fr\",\"logo\":{\"@type\":\"ImageObject\",\"inLanguage\":\"fr-FR\",\"@id\":\"https:\/\/maison-chance.org\/shop\/fr#\/schema\/logo\/image\/\",\"url\":\"https:\/\/maison-chance.org\/shop\/wp-content\/uploads\/2024\/03\/cropped-Logo_DNXH.png\",\"contentUrl\":\"https:\/\/maison-chance.org\/shop\/wp-content\/uploads\/2024\/03\/cropped-Logo_DNXH.png\",\"width\":512,\"height\":512,\"caption\":\"Nh\u00e0 May M\u1eafn - Maison Chance\"},\"image\":{\"@id\":\"https:\/\/maison-chance.org\/shop\/fr#\/schema\/logo\/image\/\"},\"sameAs\":[\"https:\/\/www.facebook.com\/dnxh.nhamayman\/\"]}]}<\/script>\n<meta property=\"og:availability\" content=\"instock\" \/>\n<meta property=\"product:availability\" content=\"instock\" \/>\n<meta property=\"product:condition\" content=\"new\" \/>\n<!-- \/ Yoast SEO Premium plugin. -->","yoast_head_json":{"title":"Tortue - jouet en peluche en tissu brocart - Nh\u00e0 May M\u1eafn - Maison Chance","description":"La tortue en peluche en tissu brocart n'est pas qu'un simple jouet mais une partie essentielle dans la d\u00e9coration de votre espace de vie.","robots":{"index":"index","follow":"follow","max-snippet":"max-snippet:-1","max-image-preview":"max-image-preview:large","max-video-preview":"max-video-preview:-1"},"canonical":"https:\/\/maison-chance.org\/shop\/fr\/produit\/tortue-2","og_locale":"fr_FR","og_type":"article","og_title":"Tortue","og_description":"La tortue en peluche en tissu brocart n'est pas qu'un simple jouet mais une partie essentielle dans la d\u00e9coration de votre espace de vie.","og_url":"https:\/\/maison-chance.org\/shop\/fr\/produit\/tortue-2","og_site_name":"Nh\u00e0 May M\u1eafn - Maison Chance","article_publisher":"https:\/\/www.facebook.com\/dnxh.nhamayman\/","article_modified_time":"2025-03-13T03:41:57+00:00","og_image":[{"width":600,"height":600,"url":"https:\/\/maison-chance.org\/shop\/wp-content\/uploads\/2024\/03\/thu-nhoi-bong-hinh-con-rua-vai-thai-1.jpg","type":"image\/jpeg"}],"twitter_card":"summary_large_image","twitter_misc":{"Disponibilit\u00e9":"En stock"},"schema":{"@context":"https:\/\/schema.org","@graph":[{"@type":"WebPage","@id":"https:\/\/maison-chance.org\/shop\/fr\/produit\/tortue-2","url":"https:\/\/maison-chance.org\/shop\/fr\/produit\/tortue-2","name":"Tortue - jouet en peluche en tissu brocart - Nh\u00e0 May M\u1eafn - Maison Chance","isPartOf":{"@id":"https:\/\/maison-chance.org\/shop\/fr#website"},"primaryImageOfPage":{"@id":"https:\/\/maison-chance.org\/shop\/fr\/produit\/tortue-2#primaryimage"},"image":{"@id":"https:\/\/maison-chance.org\/shop\/fr\/produit\/tortue-2#primaryimage"},"thumbnailUrl":"https:\/\/maison-chance.org\/shop\/wp-content\/uploads\/2024\/03\/thu-nhoi-bong-hinh-con-rua-vai-thai-1.jpg","datePublished":"2024-10-22T00:10:19+00:00","dateModified":"2025-03-13T03:41:57+00:00","description":"La tortue en peluche en tissu brocart n'est pas qu'un simple jouet mais une partie essentielle dans la d\u00e9coration de votre espace de vie.","breadcrumb":{"@id":"https:\/\/maison-chance.org\/shop\/fr\/produit\/tortue-2#breadcrumb"},"inLanguage":"fr-FR","potentialAction":[{"@type":"ReadAction","target":["https:\/\/maison-chance.org\/shop\/fr\/produit\/tortue-2"]}]},{"@type":"ImageObject","inLanguage":"fr-FR","@id":"https:\/\/maison-chance.org\/shop\/fr\/produit\/tortue-2#primaryimage","url":"https:\/\/maison-chance.org\/shop\/wp-content\/uploads\/2024\/03\/thu-nhoi-bong-hinh-con-rua-vai-thai-1.jpg","contentUrl":"https:\/\/maison-chance.org\/shop\/wp-content\/uploads\/2024\/03\/thu-nhoi-bong-hinh-con-rua-vai-thai-1.jpg","width":600,"height":600,"caption":"Jouet Tortue en Peluche en Tissu Tha\u00ef"},{"@type":"BreadcrumbList","@id":"https:\/\/maison-chance.org\/shop\/fr\/produit\/tortue-2#breadcrumb","itemListElement":[{"@type":"ListItem","position":1,"name":"Trang ch\u1ee7","item":"https:\/\/maison-chance.org\/shop\/fr"},{"@type":"ListItem","position":2,"name":"Boutique","item":"https:\/\/maison-chance.org\/shop\/shop"},{"@type":"ListItem","position":3,"name":"Tortue"}]},{"@type":"WebSite","@id":"https:\/\/maison-chance.org\/shop\/fr#website","url":"https:\/\/maison-chance.org\/shop\/fr","name":"Nh\u00e0 May M\u1eafn - Maison Chance","description":"M\u1ecdi l\u1ee3i nhu\u1eadn thu v\u1ec1 t\u1eeb vi\u1ec7c b\u00e1n h\u00e0ng s\u1ebd tr\u00edch m\u1ed9t ph\u1ea7n \u0111\u1ec3 ch\u0103m lo cho \u0111\u1eddi s\u1ed1ng c\u00e1c b\u1ea1n khuy\u1ebft t\u1eadt v\u00e0 tr\u1ebb m\u1ed3 c\u00f4i \u1edf \u0111\u00e2y","publisher":{"@id":"https:\/\/maison-chance.org\/shop\/fr#organization"},"potentialAction":[{"@type":"SearchAction","target":{"@type":"EntryPoint","urlTemplate":"https:\/\/maison-chance.org\/shop\/fr?s={search_term_string}"},"query-input":{"@type":"PropertyValueSpecification","valueRequired":true,"valueName":"search_term_string"}}],"inLanguage":"fr-FR"},{"@type":"Organization","@id":"https:\/\/maison-chance.org\/shop\/fr#organization","name":"Nh\u00e0 May M\u1eafn - Maison Chance","url":"https:\/\/maison-chance.org\/shop\/fr","logo":{"@type":"ImageObject","inLanguage":"fr-FR","@id":"https:\/\/maison-chance.org\/shop\/fr#\/schema\/logo\/image\/","url":"https:\/\/maison-chance.org\/shop\/wp-content\/uploads\/2024\/03\/cropped-Logo_DNXH.png","contentUrl":"https:\/\/maison-chance.org\/shop\/wp-content\/uploads\/2024\/03\/cropped-Logo_DNXH.png","width":512,"height":512,"caption":"Nh\u00e0 May M\u1eafn - Maison Chance"},"image":{"@id":"https:\/\/maison-chance.org\/shop\/fr#\/schema\/logo\/image\/"},"sameAs":["https:\/\/www.facebook.com\/dnxh.nhamayman\/"]}]},"og_availability":"instock","product_availability":"instock","product_condition":"new"},"_links":{"self":[{"href":"https:\/\/maison-chance.org\/shop\/fr\/wp-json\/wp\/v2\/product\/40743","targetHints":{"allow":["GET"]}}],"collection":[{"href":"https:\/\/maison-chance.org\/shop\/fr\/wp-json\/wp\/v2\/product"}],"about":[{"href":"https:\/\/maison-chance.org\/shop\/fr\/wp-json\/wp\/v2\/types\/product"}],"wp:featuredmedia":[{"embeddable":true,"href":"https:\/\/maison-chance.org\/shop\/fr\/wp-json\/wp\/v2\/media\/36554"}],"wp:attachment":[{"href":"https:\/\/maison-chance.org\/shop\/fr\/wp-json\/wp\/v2\/media?parent=40743"}],"wp:term":[{"taxonomy":"product_brand","embeddable":true,"href":"https:\/\/maison-chance.org\/shop\/fr\/wp-json\/wp\/v2\/product_brand?post=40743"},{"taxonomy":"product_cat","embeddable":true,"href":"https:\/\/maison-chance.org\/shop\/fr\/wp-json\/wp\/v2\/product_cat?post=40743"},{"taxonomy":"product_tag","embeddable":true,"href":"https:\/\/maison-chance.org\/shop\/fr\/wp-json\/wp\/v2\/product_tag?post=40743"}],"curies":[{"name":"wp","href":"https:\/\/api.w.org\/{rel}","templated":true}]}}