{"id":40762,"date":"2024-10-22T07:20:40","date_gmt":"2024-10-22T00:20:40","guid":{"rendered":"https:\/\/maison-chance.org\/shop\/san-pham\/tortue-3"},"modified":"2025-03-13T10:47:10","modified_gmt":"2025-03-13T03:47:10","slug":"tortue-3","status":"publish","type":"product","link":"https:\/\/maison-chance.org\/shop\/fr\/produit\/tortue-3","title":{"rendered":"Tortue"},"content":{"rendered":"<p style=\"text-align: justify;\">Lent mais s\u00fbr, doux mais plein de force \u2013 la tortue est depuis longtemps un symbole de pers\u00e9v\u00e9rance, de paix et de chance. Et maintenant, vous pouvez tenir cette chance entre vos mains avec la tortue en peluche en tapisserie \u2013 un petit ami adorable, doux et color\u00e9 !<\/p>\n<p style=\"text-align: justify;\">Avec un aspect adorable et une carapace ronde faite de tissu de tapisserie color\u00e9, chaque tortue arbore des motifs raffin\u00e9s et uniques. Avec ses yeux doux et ses pattes courtes et potel\u00e9es, rien qu\u2019en la regardant, vous aurez envie de la ch\u00e9rir ! Nous proposons plusieurs tailles allant de 9 x 12 cm \u00e0 23 x 34 cm, vous permettant de la placer facilement dans diff\u00e9rents endroits et de cr\u00e9er un espace chaleureux et dynamique.<\/p>\n<p style=\"text-align: justify;\">&#8211; Placez la tortue en peluche sur le lit ou l&rsquo;\u00e9tag\u00e8re d&rsquo;un enfant, et elle deviendra un compagnon adorable et s\u00fbr. Les couleurs vives et les motifs de tapisserie stimuleront l&rsquo;imagination et la cr\u00e9ativit\u00e9 des enfants, cr\u00e9ant ainsi de beaux r\u00eaves.<\/p>\n<p style=\"text-align: justify;\">&#8211; Non seulement pour la chambre, vous pouvez \u00e9galement d\u00e9corer avec la tortue en peluche sur votre bureau, votre \u00e9tag\u00e8re ou votre table basse. Le produit apportera de la vie \u00e0 l&rsquo;espace et refl\u00e9tera votre style de vie. De plus, la tortue en peluche ajoute un sentiment de proximit\u00e9 et de chaleur \u00e0 votre maison.<\/p>\n<p style=\"text-align: justify;\">&#8211; Si vous cherchez un cadeau sp\u00e9cial pour des amis ou des proches, la tortue en peluche est le choix parfait. Ce n&rsquo;est pas seulement un cadeau adorable, mais il contient \u00e9galement un message de compassion et de soutien pour les couturiers handicap\u00e9s. Ce cadeau apportera du r\u00e9confort et sera appr\u00e9ci\u00e9 par le destinataire.<\/p>\n<p style=\"text-align: justify;\">Devenez une part de ce parcours significatif en choisissant d&rsquo;acheter la tortue en peluche en tapisserie de Maison Chance. Chaque produit n&rsquo;est pas simplement un article d\u00e9coratif ou un jouet, mais \u00e9galement un symbole des efforts inlassables des couturiers handicap\u00e9s. En choisissant ce produit, vous n&rsquo;apportez pas seulement chez vous un article unique, mais vous aidez aussi \u00e0 soutenir et \u00e0 cr\u00e9er des opportunit\u00e9s pour les personnes handicap\u00e9es afin qu&rsquo;elles puissent s&rsquo;int\u00e9grer et s&rsquo;\u00e9panouir dans la vie. Visitez <a href=\"https:\/\/maison-chance.org\/shop\">Maison Chance<\/a> et ramenez chez vous un produit charg\u00e9 de sens d\u00e8s aujourd&rsquo;hui !<\/p>\n<p><em>Tortue en Tapisserie \u2013 Une touche de tradition, une pinc\u00e9e d&rsquo;amour, et&#8230; beaucoup de chance !<\/em><\/p>\n","protected":false},"excerpt":{"rendered":"<p style=\"text-align: justify;\">Les produits sont fabriqu\u00e9s \u00e0 la main par des amis handicap\u00e9s d\u00e9favoris\u00e9s, esp\u00e9rant recevoir le soutien des clients.<\/p>\n<p>Mat\u00e9riel: Tissu brocart<\/p>\n<p>Code: TC17TB<\/p>\n<p>Hotline: <span style=\"font-size: 20px;\"><strong><span style=\"color: #ff0000;\">0909 06 25 28<\/span><\/strong><\/span><\/p>\n<p style=\"text-align: justify;\">Si vous \u00eates au Vietnam, veuillez nous contacter via la hotline ou la page fan de l&rsquo;entreprise Maison Chance pour conna\u00eetre le prix au Vietnam.<\/p>\n","protected":false},"featured_media":36911,"template":"","meta":[],"product_brand":[],"product_cat":[243,231],"product_tag":[],"class_list":{"0":"post-40762","1":"product","2":"type-product","3":"status-publish","4":"has-post-thumbnail","6":"product_cat-animal-en-peluche","7":"product_cat-atelier-de-couture","9":"first","10":"instock","11":"shipping-taxable","12":"purchasable","13":"product-type-variable"},"yoast_head":"<!-- This site is optimized with the Yoast SEO Premium plugin v22.7 (Yoast SEO v25.3.1) - https:\/\/yoast.com\/wordpress\/plugins\/seo\/ -->\n<title>Tortue - jouet en peluche en tissu brocart - Nh\u00e0 May M\u1eafn - Maison Chance<\/title>\n<meta name=\"description\" content=\"Le jouet tortue en peluche en tissu brocart est un jouet et un accent cr\u00e9atif dans votre espace de vie. Le produit peut \u00eatre dispos\u00e9 de mani\u00e8re flexible \u00e0 diff\u00e9rents endroits, aidant \u00e0 cr\u00e9er un espace chaleureux et vivant.\" \/>\n<meta name=\"robots\" content=\"index, follow, max-snippet:-1, max-image-preview:large, max-video-preview:-1\" \/>\n<link rel=\"canonical\" href=\"https:\/\/maison-chance.org\/shop\/fr\/produit\/tortue-3\" \/>\n<meta property=\"og:locale\" content=\"fr_FR\" \/>\n<meta property=\"og:type\" content=\"article\" \/>\n<meta property=\"og:title\" content=\"Tortue\" \/>\n<meta property=\"og:description\" content=\"Le jouet tortue en peluche en tissu brocart est un jouet et un accent cr\u00e9atif dans votre espace de vie. Le produit peut \u00eatre dispos\u00e9 de mani\u00e8re flexible \u00e0 diff\u00e9rents endroits, aidant \u00e0 cr\u00e9er un espace chaleureux et vivant.\" \/>\n<meta property=\"og:url\" content=\"https:\/\/maison-chance.org\/shop\/fr\/produit\/tortue-3\" \/>\n<meta property=\"og:site_name\" content=\"Nh\u00e0 May M\u1eafn - Maison Chance\" \/>\n<meta property=\"article:publisher\" content=\"https:\/\/www.facebook.com\/dnxh.nhamayman\/\" \/>\n<meta property=\"article:modified_time\" content=\"2025-03-13T03:47:10+00:00\" \/>\n<meta property=\"og:image\" content=\"https:\/\/maison-chance.org\/shop\/wp-content\/uploads\/2024\/04\/thu-nhoi-bong-hinh-con-rua-vai-tho-cam-1.jpg\" \/>\n\t<meta property=\"og:image:width\" content=\"600\" \/>\n\t<meta property=\"og:image:height\" content=\"600\" \/>\n\t<meta property=\"og:image:type\" content=\"image\/jpeg\" \/>\n<meta name=\"twitter:card\" content=\"summary_large_image\" \/>\n<meta name=\"twitter:label1\" content=\"Disponibilit\u00e9\" \/>\n\t<meta name=\"twitter:data1\" content=\"En stock\" \/>\n<script type=\"application\/ld+json\" class=\"yoast-schema-graph\">{\"@context\":\"https:\/\/schema.org\",\"@graph\":[{\"@type\":\"WebPage\",\"@id\":\"https:\/\/maison-chance.org\/shop\/fr\/produit\/tortue-3\",\"url\":\"https:\/\/maison-chance.org\/shop\/fr\/produit\/tortue-3\",\"name\":\"Tortue - jouet en peluche en tissu brocart - Nh\u00e0 May M\u1eafn - Maison Chance\",\"isPartOf\":{\"@id\":\"https:\/\/maison-chance.org\/shop\/fr#website\"},\"primaryImageOfPage\":{\"@id\":\"https:\/\/maison-chance.org\/shop\/fr\/produit\/tortue-3#primaryimage\"},\"image\":{\"@id\":\"https:\/\/maison-chance.org\/shop\/fr\/produit\/tortue-3#primaryimage\"},\"thumbnailUrl\":\"https:\/\/maison-chance.org\/shop\/wp-content\/uploads\/2024\/04\/thu-nhoi-bong-hinh-con-rua-vai-tho-cam-1.jpg\",\"datePublished\":\"2024-10-22T00:20:40+00:00\",\"dateModified\":\"2025-03-13T03:47:10+00:00\",\"description\":\"Le jouet tortue en peluche en tissu brocart est un jouet et un accent cr\u00e9atif dans votre espace de vie. Le produit peut \u00eatre dispos\u00e9 de mani\u00e8re flexible \u00e0 diff\u00e9rents endroits, aidant \u00e0 cr\u00e9er un espace chaleureux et vivant.\",\"breadcrumb\":{\"@id\":\"https:\/\/maison-chance.org\/shop\/fr\/produit\/tortue-3#breadcrumb\"},\"inLanguage\":\"fr-FR\",\"potentialAction\":[{\"@type\":\"ReadAction\",\"target\":[\"https:\/\/maison-chance.org\/shop\/fr\/produit\/tortue-3\"]}]},{\"@type\":\"ImageObject\",\"inLanguage\":\"fr-FR\",\"@id\":\"https:\/\/maison-chance.org\/shop\/fr\/produit\/tortue-3#primaryimage\",\"url\":\"https:\/\/maison-chance.org\/shop\/wp-content\/uploads\/2024\/04\/thu-nhoi-bong-hinh-con-rua-vai-tho-cam-1.jpg\",\"contentUrl\":\"https:\/\/maison-chance.org\/shop\/wp-content\/uploads\/2024\/04\/thu-nhoi-bong-hinh-con-rua-vai-tho-cam-1.jpg\",\"width\":600,\"height\":600,\"caption\":\"Jouet Tortue en Peluche en Tissu Brocart\"},{\"@type\":\"BreadcrumbList\",\"@id\":\"https:\/\/maison-chance.org\/shop\/fr\/produit\/tortue-3#breadcrumb\",\"itemListElement\":[{\"@type\":\"ListItem\",\"position\":1,\"name\":\"Trang ch\u1ee7\",\"item\":\"https:\/\/maison-chance.org\/shop\/fr\"},{\"@type\":\"ListItem\",\"position\":2,\"name\":\"Boutique\",\"item\":\"https:\/\/maison-chance.org\/shop\/shop\"},{\"@type\":\"ListItem\",\"position\":3,\"name\":\"Tortue\"}]},{\"@type\":\"WebSite\",\"@id\":\"https:\/\/maison-chance.org\/shop\/fr#website\",\"url\":\"https:\/\/maison-chance.org\/shop\/fr\",\"name\":\"Nh\u00e0 May M\u1eafn - Maison Chance\",\"description\":\"M\u1ecdi l\u1ee3i nhu\u1eadn thu v\u1ec1 t\u1eeb vi\u1ec7c b\u00e1n h\u00e0ng s\u1ebd tr\u00edch m\u1ed9t ph\u1ea7n \u0111\u1ec3 ch\u0103m lo cho \u0111\u1eddi s\u1ed1ng c\u00e1c b\u1ea1n khuy\u1ebft t\u1eadt v\u00e0 tr\u1ebb m\u1ed3 c\u00f4i \u1edf \u0111\u00e2y\",\"publisher\":{\"@id\":\"https:\/\/maison-chance.org\/shop\/fr#organization\"},\"potentialAction\":[{\"@type\":\"SearchAction\",\"target\":{\"@type\":\"EntryPoint\",\"urlTemplate\":\"https:\/\/maison-chance.org\/shop\/fr?s={search_term_string}\"},\"query-input\":{\"@type\":\"PropertyValueSpecification\",\"valueRequired\":true,\"valueName\":\"search_term_string\"}}],\"inLanguage\":\"fr-FR\"},{\"@type\":\"Organization\",\"@id\":\"https:\/\/maison-chance.org\/shop\/fr#organization\",\"name\":\"Nh\u00e0 May M\u1eafn - Maison Chance\",\"url\":\"https:\/\/maison-chance.org\/shop\/fr\",\"logo\":{\"@type\":\"ImageObject\",\"inLanguage\":\"fr-FR\",\"@id\":\"https:\/\/maison-chance.org\/shop\/fr#\/schema\/logo\/image\/\",\"url\":\"https:\/\/maison-chance.org\/shop\/wp-content\/uploads\/2024\/03\/cropped-Logo_DNXH.png\",\"contentUrl\":\"https:\/\/maison-chance.org\/shop\/wp-content\/uploads\/2024\/03\/cropped-Logo_DNXH.png\",\"width\":512,\"height\":512,\"caption\":\"Nh\u00e0 May M\u1eafn - Maison Chance\"},\"image\":{\"@id\":\"https:\/\/maison-chance.org\/shop\/fr#\/schema\/logo\/image\/\"},\"sameAs\":[\"https:\/\/www.facebook.com\/dnxh.nhamayman\/\"]}]}<\/script>\n<meta property=\"og:availability\" content=\"instock\" \/>\n<meta property=\"product:availability\" content=\"instock\" \/>\n<meta property=\"product:condition\" content=\"new\" \/>\n<!-- \/ Yoast SEO Premium plugin. -->","yoast_head_json":{"title":"Tortue - jouet en peluche en tissu brocart - Nh\u00e0 May M\u1eafn - Maison Chance","description":"Le jouet tortue en peluche en tissu brocart est un jouet et un accent cr\u00e9atif dans votre espace de vie. Le produit peut \u00eatre dispos\u00e9 de mani\u00e8re flexible \u00e0 diff\u00e9rents endroits, aidant \u00e0 cr\u00e9er un espace chaleureux et vivant.","robots":{"index":"index","follow":"follow","max-snippet":"max-snippet:-1","max-image-preview":"max-image-preview:large","max-video-preview":"max-video-preview:-1"},"canonical":"https:\/\/maison-chance.org\/shop\/fr\/produit\/tortue-3","og_locale":"fr_FR","og_type":"article","og_title":"Tortue","og_description":"Le jouet tortue en peluche en tissu brocart est un jouet et un accent cr\u00e9atif dans votre espace de vie. Le produit peut \u00eatre dispos\u00e9 de mani\u00e8re flexible \u00e0 diff\u00e9rents endroits, aidant \u00e0 cr\u00e9er un espace chaleureux et vivant.","og_url":"https:\/\/maison-chance.org\/shop\/fr\/produit\/tortue-3","og_site_name":"Nh\u00e0 May M\u1eafn - Maison Chance","article_publisher":"https:\/\/www.facebook.com\/dnxh.nhamayman\/","article_modified_time":"2025-03-13T03:47:10+00:00","og_image":[{"width":600,"height":600,"url":"https:\/\/maison-chance.org\/shop\/wp-content\/uploads\/2024\/04\/thu-nhoi-bong-hinh-con-rua-vai-tho-cam-1.jpg","type":"image\/jpeg"}],"twitter_card":"summary_large_image","twitter_misc":{"Disponibilit\u00e9":"En stock"},"schema":{"@context":"https:\/\/schema.org","@graph":[{"@type":"WebPage","@id":"https:\/\/maison-chance.org\/shop\/fr\/produit\/tortue-3","url":"https:\/\/maison-chance.org\/shop\/fr\/produit\/tortue-3","name":"Tortue - jouet en peluche en tissu brocart - Nh\u00e0 May M\u1eafn - Maison Chance","isPartOf":{"@id":"https:\/\/maison-chance.org\/shop\/fr#website"},"primaryImageOfPage":{"@id":"https:\/\/maison-chance.org\/shop\/fr\/produit\/tortue-3#primaryimage"},"image":{"@id":"https:\/\/maison-chance.org\/shop\/fr\/produit\/tortue-3#primaryimage"},"thumbnailUrl":"https:\/\/maison-chance.org\/shop\/wp-content\/uploads\/2024\/04\/thu-nhoi-bong-hinh-con-rua-vai-tho-cam-1.jpg","datePublished":"2024-10-22T00:20:40+00:00","dateModified":"2025-03-13T03:47:10+00:00","description":"Le jouet tortue en peluche en tissu brocart est un jouet et un accent cr\u00e9atif dans votre espace de vie. Le produit peut \u00eatre dispos\u00e9 de mani\u00e8re flexible \u00e0 diff\u00e9rents endroits, aidant \u00e0 cr\u00e9er un espace chaleureux et vivant.","breadcrumb":{"@id":"https:\/\/maison-chance.org\/shop\/fr\/produit\/tortue-3#breadcrumb"},"inLanguage":"fr-FR","potentialAction":[{"@type":"ReadAction","target":["https:\/\/maison-chance.org\/shop\/fr\/produit\/tortue-3"]}]},{"@type":"ImageObject","inLanguage":"fr-FR","@id":"https:\/\/maison-chance.org\/shop\/fr\/produit\/tortue-3#primaryimage","url":"https:\/\/maison-chance.org\/shop\/wp-content\/uploads\/2024\/04\/thu-nhoi-bong-hinh-con-rua-vai-tho-cam-1.jpg","contentUrl":"https:\/\/maison-chance.org\/shop\/wp-content\/uploads\/2024\/04\/thu-nhoi-bong-hinh-con-rua-vai-tho-cam-1.jpg","width":600,"height":600,"caption":"Jouet Tortue en Peluche en Tissu Brocart"},{"@type":"BreadcrumbList","@id":"https:\/\/maison-chance.org\/shop\/fr\/produit\/tortue-3#breadcrumb","itemListElement":[{"@type":"ListItem","position":1,"name":"Trang ch\u1ee7","item":"https:\/\/maison-chance.org\/shop\/fr"},{"@type":"ListItem","position":2,"name":"Boutique","item":"https:\/\/maison-chance.org\/shop\/shop"},{"@type":"ListItem","position":3,"name":"Tortue"}]},{"@type":"WebSite","@id":"https:\/\/maison-chance.org\/shop\/fr#website","url":"https:\/\/maison-chance.org\/shop\/fr","name":"Nh\u00e0 May M\u1eafn - Maison Chance","description":"M\u1ecdi l\u1ee3i nhu\u1eadn thu v\u1ec1 t\u1eeb vi\u1ec7c b\u00e1n h\u00e0ng s\u1ebd tr\u00edch m\u1ed9t ph\u1ea7n \u0111\u1ec3 ch\u0103m lo cho \u0111\u1eddi s\u1ed1ng c\u00e1c b\u1ea1n khuy\u1ebft t\u1eadt v\u00e0 tr\u1ebb m\u1ed3 c\u00f4i \u1edf \u0111\u00e2y","publisher":{"@id":"https:\/\/maison-chance.org\/shop\/fr#organization"},"potentialAction":[{"@type":"SearchAction","target":{"@type":"EntryPoint","urlTemplate":"https:\/\/maison-chance.org\/shop\/fr?s={search_term_string}"},"query-input":{"@type":"PropertyValueSpecification","valueRequired":true,"valueName":"search_term_string"}}],"inLanguage":"fr-FR"},{"@type":"Organization","@id":"https:\/\/maison-chance.org\/shop\/fr#organization","name":"Nh\u00e0 May M\u1eafn - Maison Chance","url":"https:\/\/maison-chance.org\/shop\/fr","logo":{"@type":"ImageObject","inLanguage":"fr-FR","@id":"https:\/\/maison-chance.org\/shop\/fr#\/schema\/logo\/image\/","url":"https:\/\/maison-chance.org\/shop\/wp-content\/uploads\/2024\/03\/cropped-Logo_DNXH.png","contentUrl":"https:\/\/maison-chance.org\/shop\/wp-content\/uploads\/2024\/03\/cropped-Logo_DNXH.png","width":512,"height":512,"caption":"Nh\u00e0 May M\u1eafn - Maison Chance"},"image":{"@id":"https:\/\/maison-chance.org\/shop\/fr#\/schema\/logo\/image\/"},"sameAs":["https:\/\/www.facebook.com\/dnxh.nhamayman\/"]}]},"og_availability":"instock","product_availability":"instock","product_condition":"new"},"_links":{"self":[{"href":"https:\/\/maison-chance.org\/shop\/fr\/wp-json\/wp\/v2\/product\/40762","targetHints":{"allow":["GET"]}}],"collection":[{"href":"https:\/\/maison-chance.org\/shop\/fr\/wp-json\/wp\/v2\/product"}],"about":[{"href":"https:\/\/maison-chance.org\/shop\/fr\/wp-json\/wp\/v2\/types\/product"}],"wp:featuredmedia":[{"embeddable":true,"href":"https:\/\/maison-chance.org\/shop\/fr\/wp-json\/wp\/v2\/media\/36911"}],"wp:attachment":[{"href":"https:\/\/maison-chance.org\/shop\/fr\/wp-json\/wp\/v2\/media?parent=40762"}],"wp:term":[{"taxonomy":"product_brand","embeddable":true,"href":"https:\/\/maison-chance.org\/shop\/fr\/wp-json\/wp\/v2\/product_brand?post=40762"},{"taxonomy":"product_cat","embeddable":true,"href":"https:\/\/maison-chance.org\/shop\/fr\/wp-json\/wp\/v2\/product_cat?post=40762"},{"taxonomy":"product_tag","embeddable":true,"href":"https:\/\/maison-chance.org\/shop\/fr\/wp-json\/wp\/v2\/product_tag?post=40762"}],"curies":[{"name":"wp","href":"https:\/\/api.w.org\/{rel}","templated":true}]}}