{"id":40779,"date":"2024-10-23T07:00:21","date_gmt":"2024-10-23T00:00:21","guid":{"rendered":"https:\/\/maison-chance.org\/shop\/san-pham\/elephant"},"modified":"2025-03-13T11:04:41","modified_gmt":"2025-03-13T04:04:41","slug":"elephant","status":"publish","type":"product","link":"https:\/\/maison-chance.org\/shop\/fr\/produit\/elephant","title":{"rendered":"\u00c9l\u00e9phant"},"content":{"rendered":"<p data-start=\"0\" data-end=\"67\"><strong data-start=\"3\" data-end=\"62\">\u00c9L\u00c9PHANT EN TISSU THA\u00cf HAUT DE GAMME \u2013 SYMBOLE DE BONHEUR ET DE PAIX<\/strong><\/p>\n<p data-start=\"69\" data-end=\"332\">Saviez-vous que les \u00e9l\u00e9phants ne sont pas seulement des animaux puissants, mais aussi des symboles de sagesse, de chance et de r\u00e9silience ? Aujourd&rsquo;hui, cette beaut\u00e9 est parfaitement incarn\u00e9e dans l&rsquo;\u00e9l\u00e9phant en tissu tha\u00ef haut de gamme (TH16TB) \u2013 un cadeau \u00e0 la fois raffin\u00e9 et charg\u00e9 de sens.<\/p>\n<p data-start=\"69\" data-end=\"332\"><strong data-start=\"337\" data-end=\"390\">FORME ADORABLE \u2013 INSUFFLER LA VIE \u00c0 VOTRE ESPACE DE VIE<\/strong><\/p>\n<p data-start=\"69\" data-end=\"332\">Chaque \u00e9l\u00e9phant en peluche tha\u00ef est fabriqu\u00e9 \u00e0 la main \u00e0 partir de tissu tha\u00ef de haute qualit\u00e9, avec des points de couture doux mais solides. Son corps rond, ses grandes oreilles arrondies qui enveloppent toute la chaleur, et sa trompe courb\u00e9e qui semble saluer cr\u00e9ent un ensemble \u00e0 la fois mignon et raffin\u00e9.<\/p>\n<p data-start=\"657\" data-end=\"700\"><strong data-start=\"660\" data-end=\"698\">TROIS TAILLES, ADAPT\u00c9ES \u00c0 TOUS LES BESOINS<\/strong><\/p>\n<ul data-start=\"701\" data-end=\"1038\">\n<li data-start=\"701\" data-end=\"813\"><strong data-start=\"709\" data-end=\"740\">Petit (10 x 19 cm)<\/strong> \u2013 \u00c0 placer sur votre bureau, votre \u00e9tag\u00e8re, ou \u00e0 emporter comme porte-bonheur.<\/li>\n<li data-start=\"814\" data-end=\"915\"><strong data-start=\"893\" data-end=\"907\">Moyen (13 x 20 cm)<\/strong> \u2013 Id\u00e9al pour d\u00e9corer un coin d&rsquo;\u00e9tude, une armoire, ou servir de talisman signifiant.<\/li>\n<li data-start=\"916\" data-end=\"1038\"><strong data-start=\"980\" data-end=\"995\">Grand (15 x 23 cm)<\/strong> \u2013 Parfait comme coussin \u00e0 c\u00e2liner ou comme point fort dans votre salon ou votre chambre, apportant chaleur et paix.<\/li>\n<\/ul>\n<p><strong data-start=\"819\" data-end=\"860\">UN CADEAU SIGNIFICATIF \u2013 EXPRIMER L&rsquo;AMOUR !<\/strong><\/p>\n<p>Dans de nombreuses cultures, les \u00e9l\u00e9phants symbolisent la stabilit\u00e9, la chance et la sagesse. Offrir un \u00e9l\u00e9phant en tissu tha\u00ef \u00e0 un \u00eatre cher, un ami ou un partenaire signifie transmettre des v\u0153ux de paix, de succ\u00e8s et de bonheur. Que ce soit pour un cadeau d&rsquo;anniversaire, une d\u00e9coration int\u00e9rieure ou quelque chose \u00e0 emporter, cet \u00e9l\u00e9phant apportera toujours de bonnes choses.<\/p>\n<p style=\"text-align: justify;\">Ce qui rend ce produit particuli\u00e8rement sp\u00e9cial, c\u2019est l\u2019histoire qui le sous-tend. Chaque \u00e9l\u00e9phant est le r\u00e9sultat des efforts inlassables des couturiers handicap\u00e9s de chez Maison Chance. Ils ont surmont\u00e9 des obstacles physiques pour cr\u00e9er des produits de qualit\u00e9, artistiques. En poss\u00e9dant un \u00e9l\u00e9phant en peluche, vous ne recevez pas seulement un objet mignon, mais vous participez aussi \u00e0 un parcours d\u2019aide et d\u2019encouragement pour ces personnes extraordinaires.<\/p>\n<p style=\"text-align: justify;\">Acheter un \u00e9l\u00e9phant en peluche de <a href=\"https:\/\/maison-chance.org\/shop\">Maison Chance<\/a> n\u2019est pas qu\u2019une simple d\u00e9cision d\u2019achat. C\u2019est un acte de soutien envers une communaut\u00e9 qui lutte pour progresser, une mani\u00e8re de participer \u00e0 la cr\u00e9ation d\u2019une soci\u00e9t\u00e9 plus tol\u00e9rante et bienveillante. Chaque euro d\u00e9pens\u00e9 ne sert pas seulement \u00e0 acqu\u00e9rir un produit de qualit\u00e9, mais \u00e9galement \u00e0 encourager ceux qui fabriquent ces beaux articles.<\/p>\n<p><em>\u00c9l\u00e9phant en Tissu Tha\u00ef Haut de Gamme \u2013 Un peu de paix dans un monde agit\u00e9 !<\/em><\/p>\n","protected":false},"excerpt":{"rendered":"<p style=\"text-align: justify;\">Les produits faits \u00e0 la main par nos amis handicap\u00e9s d\u00e9favoris\u00e9s esp\u00e8rent recevoir le soutien des clients.<\/p>\n<p>Mat\u00e9riau : Tissu ethnique<\/p>\n<p>Code : TH16TB<\/p>\n<p>Hotline : <span style=\"font-size: 20px;\"><strong><span style=\"color: #ff0000;\">0909 06 25 28<\/span><\/strong><\/span><\/p>\n<p style=\"text-align: justify;\">Si vous \u00eates au Vietnam, veuillez nous contacter via la hotline ou la page fan de l&rsquo;entreprise Maison Chance pour conna\u00eetre le prix au Vietnam.<\/p>\n","protected":false},"featured_media":36546,"template":"","meta":[],"product_brand":[],"product_cat":[243,231],"product_tag":[],"class_list":{"0":"post-40779","1":"product","2":"type-product","3":"status-publish","4":"has-post-thumbnail","6":"product_cat-animal-en-peluche","7":"product_cat-atelier-de-couture","9":"first","10":"instock","11":"shipping-taxable","12":"purchasable","13":"product-type-variable"},"yoast_head":"<!-- This site is optimized with the Yoast SEO Premium plugin v22.7 (Yoast SEO v25.3.1) - https:\/\/yoast.com\/wordpress\/plugins\/seo\/ -->\n<title>\u00c9l\u00e9phant - animal en peluche en tissu tha\u00eflandais - Nh\u00e0 May M\u1eafn - Maison Chance<\/title>\n<meta name=\"description\" content=\"L&#039;\u00e9l\u00e9phant en peluche en tissu tha\u00eflandais est une \u0153uvre artisanale d\u00e9licate fabriqu\u00e9e \u00e0 partir de tissu tha\u00eflandais premium. La combinaison de couleurs luxueuses et de motifs traditionnels cr\u00e9e un ensemble harmonieux et accrocheur\" \/>\n<meta name=\"robots\" content=\"index, follow, max-snippet:-1, max-image-preview:large, max-video-preview:-1\" \/>\n<link rel=\"canonical\" href=\"https:\/\/maison-chance.org\/shop\/fr\/produit\/elephant\" \/>\n<meta property=\"og:locale\" content=\"fr_FR\" \/>\n<meta property=\"og:type\" content=\"article\" \/>\n<meta property=\"og:title\" content=\"\u00c9l\u00e9phant\" \/>\n<meta property=\"og:description\" content=\"L&#039;\u00e9l\u00e9phant en peluche en tissu tha\u00eflandais est une \u0153uvre artisanale d\u00e9licate fabriqu\u00e9e \u00e0 partir de tissu tha\u00eflandais premium. La combinaison de couleurs luxueuses et de motifs traditionnels cr\u00e9e un ensemble harmonieux et accrocheur\" \/>\n<meta property=\"og:url\" content=\"https:\/\/maison-chance.org\/shop\/fr\/produit\/elephant\" \/>\n<meta property=\"og:site_name\" content=\"Nh\u00e0 May M\u1eafn - Maison Chance\" \/>\n<meta property=\"article:publisher\" content=\"https:\/\/www.facebook.com\/dnxh.nhamayman\/\" \/>\n<meta property=\"article:modified_time\" content=\"2025-03-13T04:04:41+00:00\" \/>\n<meta property=\"og:image\" content=\"https:\/\/maison-chance.org\/shop\/wp-content\/uploads\/2024\/03\/thu-nhoi-bong-hinh-con-voi-vai-thai-1.jpg\" \/>\n\t<meta property=\"og:image:width\" content=\"600\" \/>\n\t<meta property=\"og:image:height\" content=\"600\" \/>\n\t<meta property=\"og:image:type\" content=\"image\/jpeg\" \/>\n<meta name=\"twitter:card\" content=\"summary_large_image\" \/>\n<meta name=\"twitter:label1\" content=\"Disponibilit\u00e9\" \/>\n\t<meta name=\"twitter:data1\" content=\"En stock\" \/>\n<script type=\"application\/ld+json\" class=\"yoast-schema-graph\">{\"@context\":\"https:\/\/schema.org\",\"@graph\":[{\"@type\":\"WebPage\",\"@id\":\"https:\/\/maison-chance.org\/shop\/fr\/produit\/elephant\",\"url\":\"https:\/\/maison-chance.org\/shop\/fr\/produit\/elephant\",\"name\":\"\u00c9l\u00e9phant - animal en peluche en tissu tha\u00eflandais - Nh\u00e0 May M\u1eafn - Maison Chance\",\"isPartOf\":{\"@id\":\"https:\/\/maison-chance.org\/shop\/fr#website\"},\"primaryImageOfPage\":{\"@id\":\"https:\/\/maison-chance.org\/shop\/fr\/produit\/elephant#primaryimage\"},\"image\":{\"@id\":\"https:\/\/maison-chance.org\/shop\/fr\/produit\/elephant#primaryimage\"},\"thumbnailUrl\":\"https:\/\/maison-chance.org\/shop\/wp-content\/uploads\/2024\/03\/thu-nhoi-bong-hinh-con-voi-vai-thai-1.jpg\",\"datePublished\":\"2024-10-23T00:00:21+00:00\",\"dateModified\":\"2025-03-13T04:04:41+00:00\",\"description\":\"L'\u00e9l\u00e9phant en peluche en tissu tha\u00eflandais est une \u0153uvre artisanale d\u00e9licate fabriqu\u00e9e \u00e0 partir de tissu tha\u00eflandais premium. La combinaison de couleurs luxueuses et de motifs traditionnels cr\u00e9e un ensemble harmonieux et accrocheur\",\"breadcrumb\":{\"@id\":\"https:\/\/maison-chance.org\/shop\/fr\/produit\/elephant#breadcrumb\"},\"inLanguage\":\"fr-FR\",\"potentialAction\":[{\"@type\":\"ReadAction\",\"target\":[\"https:\/\/maison-chance.org\/shop\/fr\/produit\/elephant\"]}]},{\"@type\":\"ImageObject\",\"inLanguage\":\"fr-FR\",\"@id\":\"https:\/\/maison-chance.org\/shop\/fr\/produit\/elephant#primaryimage\",\"url\":\"https:\/\/maison-chance.org\/shop\/wp-content\/uploads\/2024\/03\/thu-nhoi-bong-hinh-con-voi-vai-thai-1.jpg\",\"contentUrl\":\"https:\/\/maison-chance.org\/shop\/wp-content\/uploads\/2024\/03\/thu-nhoi-bong-hinh-con-voi-vai-thai-1.jpg\",\"width\":600,\"height\":600,\"caption\":\"\u00c9l\u00e9phant en Peluche en Tissu Tha\u00eflandais\"},{\"@type\":\"BreadcrumbList\",\"@id\":\"https:\/\/maison-chance.org\/shop\/fr\/produit\/elephant#breadcrumb\",\"itemListElement\":[{\"@type\":\"ListItem\",\"position\":1,\"name\":\"Trang ch\u1ee7\",\"item\":\"https:\/\/maison-chance.org\/shop\/fr\"},{\"@type\":\"ListItem\",\"position\":2,\"name\":\"Boutique\",\"item\":\"https:\/\/maison-chance.org\/shop\/shop\"},{\"@type\":\"ListItem\",\"position\":3,\"name\":\"\u00c9l\u00e9phant\"}]},{\"@type\":\"WebSite\",\"@id\":\"https:\/\/maison-chance.org\/shop\/fr#website\",\"url\":\"https:\/\/maison-chance.org\/shop\/fr\",\"name\":\"Nh\u00e0 May M\u1eafn - Maison Chance\",\"description\":\"M\u1ecdi l\u1ee3i nhu\u1eadn thu v\u1ec1 t\u1eeb vi\u1ec7c b\u00e1n h\u00e0ng s\u1ebd tr\u00edch m\u1ed9t ph\u1ea7n \u0111\u1ec3 ch\u0103m lo cho \u0111\u1eddi s\u1ed1ng c\u00e1c b\u1ea1n khuy\u1ebft t\u1eadt v\u00e0 tr\u1ebb m\u1ed3 c\u00f4i \u1edf \u0111\u00e2y\",\"publisher\":{\"@id\":\"https:\/\/maison-chance.org\/shop\/fr#organization\"},\"potentialAction\":[{\"@type\":\"SearchAction\",\"target\":{\"@type\":\"EntryPoint\",\"urlTemplate\":\"https:\/\/maison-chance.org\/shop\/fr?s={search_term_string}\"},\"query-input\":{\"@type\":\"PropertyValueSpecification\",\"valueRequired\":true,\"valueName\":\"search_term_string\"}}],\"inLanguage\":\"fr-FR\"},{\"@type\":\"Organization\",\"@id\":\"https:\/\/maison-chance.org\/shop\/fr#organization\",\"name\":\"Nh\u00e0 May M\u1eafn - Maison Chance\",\"url\":\"https:\/\/maison-chance.org\/shop\/fr\",\"logo\":{\"@type\":\"ImageObject\",\"inLanguage\":\"fr-FR\",\"@id\":\"https:\/\/maison-chance.org\/shop\/fr#\/schema\/logo\/image\/\",\"url\":\"https:\/\/maison-chance.org\/shop\/wp-content\/uploads\/2024\/03\/cropped-Logo_DNXH.png\",\"contentUrl\":\"https:\/\/maison-chance.org\/shop\/wp-content\/uploads\/2024\/03\/cropped-Logo_DNXH.png\",\"width\":512,\"height\":512,\"caption\":\"Nh\u00e0 May M\u1eafn - Maison Chance\"},\"image\":{\"@id\":\"https:\/\/maison-chance.org\/shop\/fr#\/schema\/logo\/image\/\"},\"sameAs\":[\"https:\/\/www.facebook.com\/dnxh.nhamayman\/\"]}]}<\/script>\n<meta property=\"og:availability\" content=\"instock\" \/>\n<meta property=\"product:availability\" content=\"instock\" \/>\n<meta property=\"product:condition\" content=\"new\" \/>\n<!-- \/ Yoast SEO Premium plugin. -->","yoast_head_json":{"title":"\u00c9l\u00e9phant - animal en peluche en tissu tha\u00eflandais - Nh\u00e0 May M\u1eafn - Maison Chance","description":"L'\u00e9l\u00e9phant en peluche en tissu tha\u00eflandais est une \u0153uvre artisanale d\u00e9licate fabriqu\u00e9e \u00e0 partir de tissu tha\u00eflandais premium. La combinaison de couleurs luxueuses et de motifs traditionnels cr\u00e9e un ensemble harmonieux et accrocheur","robots":{"index":"index","follow":"follow","max-snippet":"max-snippet:-1","max-image-preview":"max-image-preview:large","max-video-preview":"max-video-preview:-1"},"canonical":"https:\/\/maison-chance.org\/shop\/fr\/produit\/elephant","og_locale":"fr_FR","og_type":"article","og_title":"\u00c9l\u00e9phant","og_description":"L'\u00e9l\u00e9phant en peluche en tissu tha\u00eflandais est une \u0153uvre artisanale d\u00e9licate fabriqu\u00e9e \u00e0 partir de tissu tha\u00eflandais premium. La combinaison de couleurs luxueuses et de motifs traditionnels cr\u00e9e un ensemble harmonieux et accrocheur","og_url":"https:\/\/maison-chance.org\/shop\/fr\/produit\/elephant","og_site_name":"Nh\u00e0 May M\u1eafn - Maison Chance","article_publisher":"https:\/\/www.facebook.com\/dnxh.nhamayman\/","article_modified_time":"2025-03-13T04:04:41+00:00","og_image":[{"width":600,"height":600,"url":"https:\/\/maison-chance.org\/shop\/wp-content\/uploads\/2024\/03\/thu-nhoi-bong-hinh-con-voi-vai-thai-1.jpg","type":"image\/jpeg"}],"twitter_card":"summary_large_image","twitter_misc":{"Disponibilit\u00e9":"En stock"},"schema":{"@context":"https:\/\/schema.org","@graph":[{"@type":"WebPage","@id":"https:\/\/maison-chance.org\/shop\/fr\/produit\/elephant","url":"https:\/\/maison-chance.org\/shop\/fr\/produit\/elephant","name":"\u00c9l\u00e9phant - animal en peluche en tissu tha\u00eflandais - Nh\u00e0 May M\u1eafn - Maison Chance","isPartOf":{"@id":"https:\/\/maison-chance.org\/shop\/fr#website"},"primaryImageOfPage":{"@id":"https:\/\/maison-chance.org\/shop\/fr\/produit\/elephant#primaryimage"},"image":{"@id":"https:\/\/maison-chance.org\/shop\/fr\/produit\/elephant#primaryimage"},"thumbnailUrl":"https:\/\/maison-chance.org\/shop\/wp-content\/uploads\/2024\/03\/thu-nhoi-bong-hinh-con-voi-vai-thai-1.jpg","datePublished":"2024-10-23T00:00:21+00:00","dateModified":"2025-03-13T04:04:41+00:00","description":"L'\u00e9l\u00e9phant en peluche en tissu tha\u00eflandais est une \u0153uvre artisanale d\u00e9licate fabriqu\u00e9e \u00e0 partir de tissu tha\u00eflandais premium. La combinaison de couleurs luxueuses et de motifs traditionnels cr\u00e9e un ensemble harmonieux et accrocheur","breadcrumb":{"@id":"https:\/\/maison-chance.org\/shop\/fr\/produit\/elephant#breadcrumb"},"inLanguage":"fr-FR","potentialAction":[{"@type":"ReadAction","target":["https:\/\/maison-chance.org\/shop\/fr\/produit\/elephant"]}]},{"@type":"ImageObject","inLanguage":"fr-FR","@id":"https:\/\/maison-chance.org\/shop\/fr\/produit\/elephant#primaryimage","url":"https:\/\/maison-chance.org\/shop\/wp-content\/uploads\/2024\/03\/thu-nhoi-bong-hinh-con-voi-vai-thai-1.jpg","contentUrl":"https:\/\/maison-chance.org\/shop\/wp-content\/uploads\/2024\/03\/thu-nhoi-bong-hinh-con-voi-vai-thai-1.jpg","width":600,"height":600,"caption":"\u00c9l\u00e9phant en Peluche en Tissu Tha\u00eflandais"},{"@type":"BreadcrumbList","@id":"https:\/\/maison-chance.org\/shop\/fr\/produit\/elephant#breadcrumb","itemListElement":[{"@type":"ListItem","position":1,"name":"Trang ch\u1ee7","item":"https:\/\/maison-chance.org\/shop\/fr"},{"@type":"ListItem","position":2,"name":"Boutique","item":"https:\/\/maison-chance.org\/shop\/shop"},{"@type":"ListItem","position":3,"name":"\u00c9l\u00e9phant"}]},{"@type":"WebSite","@id":"https:\/\/maison-chance.org\/shop\/fr#website","url":"https:\/\/maison-chance.org\/shop\/fr","name":"Nh\u00e0 May M\u1eafn - Maison Chance","description":"M\u1ecdi l\u1ee3i nhu\u1eadn thu v\u1ec1 t\u1eeb vi\u1ec7c b\u00e1n h\u00e0ng s\u1ebd tr\u00edch m\u1ed9t ph\u1ea7n \u0111\u1ec3 ch\u0103m lo cho \u0111\u1eddi s\u1ed1ng c\u00e1c b\u1ea1n khuy\u1ebft t\u1eadt v\u00e0 tr\u1ebb m\u1ed3 c\u00f4i \u1edf \u0111\u00e2y","publisher":{"@id":"https:\/\/maison-chance.org\/shop\/fr#organization"},"potentialAction":[{"@type":"SearchAction","target":{"@type":"EntryPoint","urlTemplate":"https:\/\/maison-chance.org\/shop\/fr?s={search_term_string}"},"query-input":{"@type":"PropertyValueSpecification","valueRequired":true,"valueName":"search_term_string"}}],"inLanguage":"fr-FR"},{"@type":"Organization","@id":"https:\/\/maison-chance.org\/shop\/fr#organization","name":"Nh\u00e0 May M\u1eafn - Maison Chance","url":"https:\/\/maison-chance.org\/shop\/fr","logo":{"@type":"ImageObject","inLanguage":"fr-FR","@id":"https:\/\/maison-chance.org\/shop\/fr#\/schema\/logo\/image\/","url":"https:\/\/maison-chance.org\/shop\/wp-content\/uploads\/2024\/03\/cropped-Logo_DNXH.png","contentUrl":"https:\/\/maison-chance.org\/shop\/wp-content\/uploads\/2024\/03\/cropped-Logo_DNXH.png","width":512,"height":512,"caption":"Nh\u00e0 May M\u1eafn - Maison Chance"},"image":{"@id":"https:\/\/maison-chance.org\/shop\/fr#\/schema\/logo\/image\/"},"sameAs":["https:\/\/www.facebook.com\/dnxh.nhamayman\/"]}]},"og_availability":"instock","product_availability":"instock","product_condition":"new"},"_links":{"self":[{"href":"https:\/\/maison-chance.org\/shop\/fr\/wp-json\/wp\/v2\/product\/40779","targetHints":{"allow":["GET"]}}],"collection":[{"href":"https:\/\/maison-chance.org\/shop\/fr\/wp-json\/wp\/v2\/product"}],"about":[{"href":"https:\/\/maison-chance.org\/shop\/fr\/wp-json\/wp\/v2\/types\/product"}],"wp:featuredmedia":[{"embeddable":true,"href":"https:\/\/maison-chance.org\/shop\/fr\/wp-json\/wp\/v2\/media\/36546"}],"wp:attachment":[{"href":"https:\/\/maison-chance.org\/shop\/fr\/wp-json\/wp\/v2\/media?parent=40779"}],"wp:term":[{"taxonomy":"product_brand","embeddable":true,"href":"https:\/\/maison-chance.org\/shop\/fr\/wp-json\/wp\/v2\/product_brand?post=40779"},{"taxonomy":"product_cat","embeddable":true,"href":"https:\/\/maison-chance.org\/shop\/fr\/wp-json\/wp\/v2\/product_cat?post=40779"},{"taxonomy":"product_tag","embeddable":true,"href":"https:\/\/maison-chance.org\/shop\/fr\/wp-json\/wp\/v2\/product_tag?post=40779"}],"curies":[{"name":"wp","href":"https:\/\/api.w.org\/{rel}","templated":true}]}}