{"id":40794,"date":"2024-10-23T07:05:29","date_gmt":"2024-10-23T00:05:29","guid":{"rendered":"https:\/\/maison-chance.org\/shop\/san-pham\/elephant-2"},"modified":"2025-03-13T11:38:52","modified_gmt":"2025-03-13T04:38:52","slug":"elephant-2","status":"publish","type":"product","link":"https:\/\/maison-chance.org\/shop\/fr\/produit\/elephant-2","title":{"rendered":"\u00c9l\u00e9phant"},"content":{"rendered":"<p style=\"text-align: justify;\">Dans le rythme de vie moderne d&rsquo;aujourd&rsquo;hui, les jouets en peluche artisanaux traditionnels continuent de s\u00e9duire. Chez Maison Chance, les couturiers handicap\u00e9s consacrent leur temps et leur \u00e9nergie \u00e0 chaque point de couture pour cr\u00e9er des \u00e9l\u00e9phants en peluche en tapisserie uniques. Chaque produit est non seulement un simple objet d\u00e9coratif, mais aussi une histoire inspirante de pers\u00e9v\u00e9rance et de passion.<\/p>\n<p style=\"text-align: justify;\">L&rsquo;\u00e9l\u00e9phant en tapisserie avec le code TH16TB est enti\u00e8rement fait \u00e0 la main avec du tissu tha\u00ef haut de gamme, offrant une beaut\u00e9 \u00e0 la fois rustique et raffin\u00e9e. Ce produit se d\u00e9cline en quatre tailles diff\u00e9rentes, allant de 10 x 19 cm \u00e0 15 x 23 cm, pour r\u00e9pondre \u00e0 des besoins vari\u00e9s. Avec ses couleurs pastel douces et ses motifs g\u00e9om\u00e9triques traditionnels, chaque \u00e9l\u00e9phant raconte une histoire culturelle tiss\u00e9e de tissu et de fil.<\/p>\n<p style=\"text-align: justify;\">En ce qui concerne la d\u00e9coration, l&rsquo;\u00e9l\u00e9phant en tapisserie peut apporter une touche de vie \u00e0 n&rsquo;importe quel espace de vie. Dans le salon, il sert d&rsquo;accent charmant sur une table basse ou une \u00e9tag\u00e8re. Lorsqu&rsquo;il est plac\u00e9 dans la chambre, ces petits \u00e9l\u00e9phants cr\u00e9ent un coin d\u00e9coratif chaleureux et accueillant. En particulier dans les chambres des enfants, le produit sert non seulement de jouet s\u00fbr mais aide \u00e9galement les enfants \u00e0 se familiariser avec le patrimoine culturel de mani\u00e8re naturelle.<\/p>\n<p>Non seulement un objet d\u00e9coratif, l&rsquo;\u00e9l\u00e9phant en tapisserie est \u00e9galement un cadeau parfait :<\/p>\n<ul>\n<li><strong>Pour des amis internationaux<\/strong> \u2013 Un souvenir qui incarne la culture vietnamienne, raffin\u00e9 et charg\u00e9 de sens.<\/li>\n<li><strong>Pour la famille et les amis<\/strong> \u2013 Comme un v\u0153u de force, de chance et de paix.<\/li>\n<li><strong>Pour vous-m\u00eame<\/strong> \u2013 Une touche de paix au milieu du tumulte, un produit apportant joie et s\u00e9r\u00e9nit\u00e9.<\/li>\n<\/ul>\n<p style=\"text-align: justify;\">Chaque \u00e9l\u00e9phant termin\u00e9 passe par un processus de contr\u00f4le qualit\u00e9 strict. Du choix du tissu, \u00e0 la coordination des couleurs, chaque point de couture est ex\u00e9cut\u00e9 avec soin par les talentueuses mains des couturiers de Maison Chance. Cela garantit non seulement l&rsquo;esth\u00e9tique, mais cr\u00e9e \u00e9galement la vraie valeur des produits artisanaux.<\/p>\n<p style=\"text-align: justify;\">Lorsque vous achetez un produit chez Maison Chance, vous ne vous contentez pas d&rsquo;acqu\u00e9rir un objet d\u00e9coratif unique, mais vous contribuez \u00e9galement \u00e0 cr\u00e9er des opportunit\u00e9s d&#8217;emploi significatives pour les couturiers handicap\u00e9s. Ils ne se contentent pas de coudre des tissus mais tissent des r\u00eaves pour un avenir meilleur. Chaque petite couture se combine pour cr\u00e9er des images vibrantes, portant avec elles les histoires de personnes qui paraissent peut-\u00eatre fragiles mais sont en r\u00e9alit\u00e9 plus fortes que quiconque.<\/p>\n<p style=\"text-align: justify;\">Venez d\u00e9couvrir <a href=\"https:\/\/maison-chance.org\/shop\">Maison Chance<\/a> pour vous procurer ces charmants \u00e9l\u00e9phants en tapisserie, qui non seulement embellissent votre espace de vie, mais transmettent \u00e9galement de l&rsquo;amour \u00e0 la communaut\u00e9. Chaque produit est une \u0153uvre d&rsquo;art unique, fa\u00e7onn\u00e9e avec le c\u0153ur et le savoir-faire de ces artisans extraordinaires. Contactez-nous d\u00e8s aujourd&rsquo;hui pour poss\u00e9der ces produits significatifs et contribuer \u00e0 construire une communaut\u00e9 plus bienveillante.<\/p>\n<p><em>\u00c9l\u00e9phant en Tapisserie \u2013 Une touche de paix dans un monde agit\u00e9 !<\/em><\/p>\n","protected":false},"excerpt":{"rendered":"<p style=\"text-align: justify;\">Les produits faits \u00e0 la main par nos amis handicap\u00e9s d\u00e9favoris\u00e9s esp\u00e8rent recevoir le soutien des clients.<\/p>\n<p>Mat\u00e9riau : Tissu brocart ethnique<\/p>\n<p>Code : TC15TB<\/p>\n<p>Hotline : <span style=\"font-size: 20px;\"><strong><span style=\"color: #ff0000;\">0909 06 25 28<\/span><\/strong><\/span><\/p>\n<p style=\"text-align: justify;\">Si vous \u00eates au Vietnam, veuillez nous contacter via la hotline ou la page fan de l&rsquo;entreprise Maison Chance pour conna\u00eetre le prix au Vietnam.<\/p>\n","protected":false},"featured_media":36521,"template":"","meta":[],"product_brand":[],"product_cat":[243,231],"product_tag":[],"class_list":{"0":"post-40794","1":"product","2":"type-product","3":"status-publish","4":"has-post-thumbnail","6":"product_cat-animal-en-peluche","7":"product_cat-atelier-de-couture","9":"first","10":"instock","11":"shipping-taxable","12":"purchasable","13":"product-type-variable"},"yoast_head":"<!-- This site is optimized with the Yoast SEO Premium plugin v22.7 (Yoast SEO v25.3.1) - https:\/\/yoast.com\/wordpress\/plugins\/seo\/ -->\n<title>\u00c9l\u00e9phant - animal en peluche en brocart ethnique - Nh\u00e0 May M\u1eafn - Maison Chance<\/title>\n<meta name=\"description\" content=\"L&#039;\u00e9l\u00e9phant en peluche en brocart ethnique est enti\u00e8rement fait \u00e0 la main avec du tissu brocart ethnique de premi\u00e8re qualit\u00e9, apportant une beaut\u00e9 \u00e0 la fois rustique et sophistiqu\u00e9e.\" \/>\n<meta name=\"robots\" content=\"index, follow, max-snippet:-1, max-image-preview:large, max-video-preview:-1\" \/>\n<link rel=\"canonical\" href=\"https:\/\/maison-chance.org\/shop\/fr\/produit\/elephant-2\" \/>\n<meta property=\"og:locale\" content=\"fr_FR\" \/>\n<meta property=\"og:type\" content=\"article\" \/>\n<meta property=\"og:title\" content=\"\u00c9l\u00e9phant\" \/>\n<meta property=\"og:description\" content=\"L&#039;\u00e9l\u00e9phant en peluche en brocart ethnique est enti\u00e8rement fait \u00e0 la main avec du tissu brocart ethnique de premi\u00e8re qualit\u00e9, apportant une beaut\u00e9 \u00e0 la fois rustique et sophistiqu\u00e9e.\" \/>\n<meta property=\"og:url\" content=\"https:\/\/maison-chance.org\/shop\/fr\/produit\/elephant-2\" \/>\n<meta property=\"og:site_name\" content=\"Nh\u00e0 May M\u1eafn - Maison Chance\" \/>\n<meta property=\"article:publisher\" content=\"https:\/\/www.facebook.com\/dnxh.nhamayman\/\" \/>\n<meta property=\"article:modified_time\" content=\"2025-03-13T04:38:52+00:00\" \/>\n<meta property=\"og:image\" content=\"https:\/\/maison-chance.org\/shop\/wp-content\/uploads\/2024\/03\/thu-nhoi-bong-hinh-con-voi-vai-tho-cam-1.jpg\" \/>\n\t<meta property=\"og:image:width\" content=\"600\" \/>\n\t<meta property=\"og:image:height\" content=\"600\" \/>\n\t<meta property=\"og:image:type\" content=\"image\/jpeg\" \/>\n<meta name=\"twitter:card\" content=\"summary_large_image\" \/>\n<meta name=\"twitter:label1\" content=\"Disponibilit\u00e9\" \/>\n\t<meta name=\"twitter:data1\" content=\"En stock\" \/>\n<script type=\"application\/ld+json\" class=\"yoast-schema-graph\">{\"@context\":\"https:\/\/schema.org\",\"@graph\":[{\"@type\":\"WebPage\",\"@id\":\"https:\/\/maison-chance.org\/shop\/fr\/produit\/elephant-2\",\"url\":\"https:\/\/maison-chance.org\/shop\/fr\/produit\/elephant-2\",\"name\":\"\u00c9l\u00e9phant - animal en peluche en brocart ethnique - Nh\u00e0 May M\u1eafn - Maison Chance\",\"isPartOf\":{\"@id\":\"https:\/\/maison-chance.org\/shop\/fr#website\"},\"primaryImageOfPage\":{\"@id\":\"https:\/\/maison-chance.org\/shop\/fr\/produit\/elephant-2#primaryimage\"},\"image\":{\"@id\":\"https:\/\/maison-chance.org\/shop\/fr\/produit\/elephant-2#primaryimage\"},\"thumbnailUrl\":\"https:\/\/maison-chance.org\/shop\/wp-content\/uploads\/2024\/03\/thu-nhoi-bong-hinh-con-voi-vai-tho-cam-1.jpg\",\"datePublished\":\"2024-10-23T00:05:29+00:00\",\"dateModified\":\"2025-03-13T04:38:52+00:00\",\"description\":\"L'\u00e9l\u00e9phant en peluche en brocart ethnique est enti\u00e8rement fait \u00e0 la main avec du tissu brocart ethnique de premi\u00e8re qualit\u00e9, apportant une beaut\u00e9 \u00e0 la fois rustique et sophistiqu\u00e9e.\",\"breadcrumb\":{\"@id\":\"https:\/\/maison-chance.org\/shop\/fr\/produit\/elephant-2#breadcrumb\"},\"inLanguage\":\"fr-FR\",\"potentialAction\":[{\"@type\":\"ReadAction\",\"target\":[\"https:\/\/maison-chance.org\/shop\/fr\/produit\/elephant-2\"]}]},{\"@type\":\"ImageObject\",\"inLanguage\":\"fr-FR\",\"@id\":\"https:\/\/maison-chance.org\/shop\/fr\/produit\/elephant-2#primaryimage\",\"url\":\"https:\/\/maison-chance.org\/shop\/wp-content\/uploads\/2024\/03\/thu-nhoi-bong-hinh-con-voi-vai-tho-cam-1.jpg\",\"contentUrl\":\"https:\/\/maison-chance.org\/shop\/wp-content\/uploads\/2024\/03\/thu-nhoi-bong-hinh-con-voi-vai-tho-cam-1.jpg\",\"width\":600,\"height\":600,\"caption\":\"\u00c9l\u00e9phant en Peluche en Brocart Ethnique\"},{\"@type\":\"BreadcrumbList\",\"@id\":\"https:\/\/maison-chance.org\/shop\/fr\/produit\/elephant-2#breadcrumb\",\"itemListElement\":[{\"@type\":\"ListItem\",\"position\":1,\"name\":\"Trang ch\u1ee7\",\"item\":\"https:\/\/maison-chance.org\/shop\/fr\"},{\"@type\":\"ListItem\",\"position\":2,\"name\":\"Boutique\",\"item\":\"https:\/\/maison-chance.org\/shop\/shop\"},{\"@type\":\"ListItem\",\"position\":3,\"name\":\"\u00c9l\u00e9phant\"}]},{\"@type\":\"WebSite\",\"@id\":\"https:\/\/maison-chance.org\/shop\/fr#website\",\"url\":\"https:\/\/maison-chance.org\/shop\/fr\",\"name\":\"Nh\u00e0 May M\u1eafn - Maison Chance\",\"description\":\"M\u1ecdi l\u1ee3i nhu\u1eadn thu v\u1ec1 t\u1eeb vi\u1ec7c b\u00e1n h\u00e0ng s\u1ebd tr\u00edch m\u1ed9t ph\u1ea7n \u0111\u1ec3 ch\u0103m lo cho \u0111\u1eddi s\u1ed1ng c\u00e1c b\u1ea1n khuy\u1ebft t\u1eadt v\u00e0 tr\u1ebb m\u1ed3 c\u00f4i \u1edf \u0111\u00e2y\",\"publisher\":{\"@id\":\"https:\/\/maison-chance.org\/shop\/fr#organization\"},\"potentialAction\":[{\"@type\":\"SearchAction\",\"target\":{\"@type\":\"EntryPoint\",\"urlTemplate\":\"https:\/\/maison-chance.org\/shop\/fr?s={search_term_string}\"},\"query-input\":{\"@type\":\"PropertyValueSpecification\",\"valueRequired\":true,\"valueName\":\"search_term_string\"}}],\"inLanguage\":\"fr-FR\"},{\"@type\":\"Organization\",\"@id\":\"https:\/\/maison-chance.org\/shop\/fr#organization\",\"name\":\"Nh\u00e0 May M\u1eafn - Maison Chance\",\"url\":\"https:\/\/maison-chance.org\/shop\/fr\",\"logo\":{\"@type\":\"ImageObject\",\"inLanguage\":\"fr-FR\",\"@id\":\"https:\/\/maison-chance.org\/shop\/fr#\/schema\/logo\/image\/\",\"url\":\"https:\/\/maison-chance.org\/shop\/wp-content\/uploads\/2024\/03\/cropped-Logo_DNXH.png\",\"contentUrl\":\"https:\/\/maison-chance.org\/shop\/wp-content\/uploads\/2024\/03\/cropped-Logo_DNXH.png\",\"width\":512,\"height\":512,\"caption\":\"Nh\u00e0 May M\u1eafn - Maison Chance\"},\"image\":{\"@id\":\"https:\/\/maison-chance.org\/shop\/fr#\/schema\/logo\/image\/\"},\"sameAs\":[\"https:\/\/www.facebook.com\/dnxh.nhamayman\/\"]}]}<\/script>\n<meta property=\"og:availability\" content=\"instock\" \/>\n<meta property=\"product:availability\" content=\"instock\" \/>\n<meta property=\"product:condition\" content=\"new\" \/>\n<!-- \/ Yoast SEO Premium plugin. -->","yoast_head_json":{"title":"\u00c9l\u00e9phant - animal en peluche en brocart ethnique - Nh\u00e0 May M\u1eafn - Maison Chance","description":"L'\u00e9l\u00e9phant en peluche en brocart ethnique est enti\u00e8rement fait \u00e0 la main avec du tissu brocart ethnique de premi\u00e8re qualit\u00e9, apportant une beaut\u00e9 \u00e0 la fois rustique et sophistiqu\u00e9e.","robots":{"index":"index","follow":"follow","max-snippet":"max-snippet:-1","max-image-preview":"max-image-preview:large","max-video-preview":"max-video-preview:-1"},"canonical":"https:\/\/maison-chance.org\/shop\/fr\/produit\/elephant-2","og_locale":"fr_FR","og_type":"article","og_title":"\u00c9l\u00e9phant","og_description":"L'\u00e9l\u00e9phant en peluche en brocart ethnique est enti\u00e8rement fait \u00e0 la main avec du tissu brocart ethnique de premi\u00e8re qualit\u00e9, apportant une beaut\u00e9 \u00e0 la fois rustique et sophistiqu\u00e9e.","og_url":"https:\/\/maison-chance.org\/shop\/fr\/produit\/elephant-2","og_site_name":"Nh\u00e0 May M\u1eafn - Maison Chance","article_publisher":"https:\/\/www.facebook.com\/dnxh.nhamayman\/","article_modified_time":"2025-03-13T04:38:52+00:00","og_image":[{"width":600,"height":600,"url":"https:\/\/maison-chance.org\/shop\/wp-content\/uploads\/2024\/03\/thu-nhoi-bong-hinh-con-voi-vai-tho-cam-1.jpg","type":"image\/jpeg"}],"twitter_card":"summary_large_image","twitter_misc":{"Disponibilit\u00e9":"En stock"},"schema":{"@context":"https:\/\/schema.org","@graph":[{"@type":"WebPage","@id":"https:\/\/maison-chance.org\/shop\/fr\/produit\/elephant-2","url":"https:\/\/maison-chance.org\/shop\/fr\/produit\/elephant-2","name":"\u00c9l\u00e9phant - animal en peluche en brocart ethnique - Nh\u00e0 May M\u1eafn - Maison Chance","isPartOf":{"@id":"https:\/\/maison-chance.org\/shop\/fr#website"},"primaryImageOfPage":{"@id":"https:\/\/maison-chance.org\/shop\/fr\/produit\/elephant-2#primaryimage"},"image":{"@id":"https:\/\/maison-chance.org\/shop\/fr\/produit\/elephant-2#primaryimage"},"thumbnailUrl":"https:\/\/maison-chance.org\/shop\/wp-content\/uploads\/2024\/03\/thu-nhoi-bong-hinh-con-voi-vai-tho-cam-1.jpg","datePublished":"2024-10-23T00:05:29+00:00","dateModified":"2025-03-13T04:38:52+00:00","description":"L'\u00e9l\u00e9phant en peluche en brocart ethnique est enti\u00e8rement fait \u00e0 la main avec du tissu brocart ethnique de premi\u00e8re qualit\u00e9, apportant une beaut\u00e9 \u00e0 la fois rustique et sophistiqu\u00e9e.","breadcrumb":{"@id":"https:\/\/maison-chance.org\/shop\/fr\/produit\/elephant-2#breadcrumb"},"inLanguage":"fr-FR","potentialAction":[{"@type":"ReadAction","target":["https:\/\/maison-chance.org\/shop\/fr\/produit\/elephant-2"]}]},{"@type":"ImageObject","inLanguage":"fr-FR","@id":"https:\/\/maison-chance.org\/shop\/fr\/produit\/elephant-2#primaryimage","url":"https:\/\/maison-chance.org\/shop\/wp-content\/uploads\/2024\/03\/thu-nhoi-bong-hinh-con-voi-vai-tho-cam-1.jpg","contentUrl":"https:\/\/maison-chance.org\/shop\/wp-content\/uploads\/2024\/03\/thu-nhoi-bong-hinh-con-voi-vai-tho-cam-1.jpg","width":600,"height":600,"caption":"\u00c9l\u00e9phant en Peluche en Brocart Ethnique"},{"@type":"BreadcrumbList","@id":"https:\/\/maison-chance.org\/shop\/fr\/produit\/elephant-2#breadcrumb","itemListElement":[{"@type":"ListItem","position":1,"name":"Trang ch\u1ee7","item":"https:\/\/maison-chance.org\/shop\/fr"},{"@type":"ListItem","position":2,"name":"Boutique","item":"https:\/\/maison-chance.org\/shop\/shop"},{"@type":"ListItem","position":3,"name":"\u00c9l\u00e9phant"}]},{"@type":"WebSite","@id":"https:\/\/maison-chance.org\/shop\/fr#website","url":"https:\/\/maison-chance.org\/shop\/fr","name":"Nh\u00e0 May M\u1eafn - Maison Chance","description":"M\u1ecdi l\u1ee3i nhu\u1eadn thu v\u1ec1 t\u1eeb vi\u1ec7c b\u00e1n h\u00e0ng s\u1ebd tr\u00edch m\u1ed9t ph\u1ea7n \u0111\u1ec3 ch\u0103m lo cho \u0111\u1eddi s\u1ed1ng c\u00e1c b\u1ea1n khuy\u1ebft t\u1eadt v\u00e0 tr\u1ebb m\u1ed3 c\u00f4i \u1edf \u0111\u00e2y","publisher":{"@id":"https:\/\/maison-chance.org\/shop\/fr#organization"},"potentialAction":[{"@type":"SearchAction","target":{"@type":"EntryPoint","urlTemplate":"https:\/\/maison-chance.org\/shop\/fr?s={search_term_string}"},"query-input":{"@type":"PropertyValueSpecification","valueRequired":true,"valueName":"search_term_string"}}],"inLanguage":"fr-FR"},{"@type":"Organization","@id":"https:\/\/maison-chance.org\/shop\/fr#organization","name":"Nh\u00e0 May M\u1eafn - Maison Chance","url":"https:\/\/maison-chance.org\/shop\/fr","logo":{"@type":"ImageObject","inLanguage":"fr-FR","@id":"https:\/\/maison-chance.org\/shop\/fr#\/schema\/logo\/image\/","url":"https:\/\/maison-chance.org\/shop\/wp-content\/uploads\/2024\/03\/cropped-Logo_DNXH.png","contentUrl":"https:\/\/maison-chance.org\/shop\/wp-content\/uploads\/2024\/03\/cropped-Logo_DNXH.png","width":512,"height":512,"caption":"Nh\u00e0 May M\u1eafn - Maison Chance"},"image":{"@id":"https:\/\/maison-chance.org\/shop\/fr#\/schema\/logo\/image\/"},"sameAs":["https:\/\/www.facebook.com\/dnxh.nhamayman\/"]}]},"og_availability":"instock","product_availability":"instock","product_condition":"new"},"_links":{"self":[{"href":"https:\/\/maison-chance.org\/shop\/fr\/wp-json\/wp\/v2\/product\/40794","targetHints":{"allow":["GET"]}}],"collection":[{"href":"https:\/\/maison-chance.org\/shop\/fr\/wp-json\/wp\/v2\/product"}],"about":[{"href":"https:\/\/maison-chance.org\/shop\/fr\/wp-json\/wp\/v2\/types\/product"}],"wp:featuredmedia":[{"embeddable":true,"href":"https:\/\/maison-chance.org\/shop\/fr\/wp-json\/wp\/v2\/media\/36521"}],"wp:attachment":[{"href":"https:\/\/maison-chance.org\/shop\/fr\/wp-json\/wp\/v2\/media?parent=40794"}],"wp:term":[{"taxonomy":"product_brand","embeddable":true,"href":"https:\/\/maison-chance.org\/shop\/fr\/wp-json\/wp\/v2\/product_brand?post=40794"},{"taxonomy":"product_cat","embeddable":true,"href":"https:\/\/maison-chance.org\/shop\/fr\/wp-json\/wp\/v2\/product_cat?post=40794"},{"taxonomy":"product_tag","embeddable":true,"href":"https:\/\/maison-chance.org\/shop\/fr\/wp-json\/wp\/v2\/product_tag?post=40794"}],"curies":[{"name":"wp","href":"https:\/\/api.w.org\/{rel}","templated":true}]}}