{"id":40809,"date":"2024-10-23T07:15:21","date_gmt":"2024-10-23T00:15:21","guid":{"rendered":"https:\/\/maison-chance.org\/shop\/san-pham\/ane-2"},"modified":"2025-03-17T09:24:57","modified_gmt":"2025-03-17T02:24:57","slug":"ane-2","status":"publish","type":"product","link":"https:\/\/maison-chance.org\/shop\/fr\/produit\/ane-2","title":{"rendered":"\u00c2ne"},"content":{"rendered":"<p style=\"text-align: justify;\">\u00c0 partir de tissus de brocart color\u00e9s, les tailleurs handicap\u00e9s de Maison Chance ont cr\u00e9\u00e9 des produits faits main uniques qui refl\u00e8tent profond\u00e9ment l\u2019identit\u00e9 culturelle vietnamienne. L\u2019\u00e2ne en peluche en brocart est l\u2019une de leurs pi\u00e8ces embl\u00e9matiques, mettant en valeur le savoir-faire et le d\u00e9vouement de ces tailleurs exceptionnels.<\/p>\n<p style=\"text-align: justify;\">Cod\u00e9 TC14TB, chaque \u00e2ne en peluche en brocart est une \u0153uvre d\u2019art miniature disponible en trois tailles diff\u00e9rentes : 14 x 15 cm, 15 x 21 cm et 22 x 24 cm, r\u00e9pondant aux divers besoins des clients. Ce qui rend chaque produit sp\u00e9cial, c\u2019est la combinaison harmonieuse du mat\u00e9riau traditionnel en brocart et des techniques de couture modernes, cr\u00e9ant un ensemble parfait des lignes aux couleurs.<\/p>\n<p style=\"text-align: justify;\">Les motifs g\u00e9om\u00e9triques caract\u00e9ristiques du tissu en brocart sont d\u00e9licatement assortis en couleurs. La crini\u00e8re et la queue sont faites de laine blanche douce, ajoutant non seulement du charme mais aussi de l\u2019authenticit\u00e9 au produit. Chaque petit d\u00e9tail comme les yeux, le nez et les oreilles est minutieusement cousu, d\u00e9montrant un professionnalisme dans chaque point.<\/p>\n<p style=\"text-align: justify;\">L\u2019\u00e2ne en peluche en brocart peut devenir un accent unique dans votre espace de vie. Plac\u00e9 sur un bureau, il devient un compagnon adorable pendant les heures de travail stressantes. Dans les chambres d\u2019enfants, ce n\u2019est pas seulement un jouet s\u00fbr, mais il aide aussi les enfants \u00e0 se familiariser avec la culture traditionnelle gr\u00e2ce aux motifs distinctifs du brocart. Sur les \u00e9tag\u00e8res ou dans les coins de d\u00e9tente, le produit cr\u00e9e un accent impressionnant, refl\u00e9tant le go\u00fbt esth\u00e9tique raffin\u00e9 du propri\u00e9taire.<\/p>\n<p style=\"text-align: justify;\">Chaque \u00e2ne en peluche n\u2019est pas seulement un objet d\u00e9coratif, mais aussi une histoire touchante sur la d\u00e9termination et la passion des tailleurs handicap\u00e9s. \u00c0 travers chaque point, ils transmettent leur amour pour l\u2019artisanat et leur aspiration \u00e0 s\u2019int\u00e9grer dans la communaut\u00e9. Le produit est \u00e9galement un cadeau significatif, montrant un soutien et une appr\u00e9ciation pour les efforts continus de la communaut\u00e9 handicap\u00e9e.<\/p>\n<p style=\"text-align: justify;\">Veuillez ouvrir votre c\u0153ur et nous rejoindre pour soutenir ces produits significatifs de <a href=\"https:\/\/maison-chance.org\/shop\">Maison Chance<\/a>. L\u2019\u00e2ne en peluche en brocart n\u2019est pas seulement un cadeau unique, mais aussi un pont d\u2019amour, encourageant les tailleurs handicap\u00e9s \u00e0 surmonter les difficult\u00e9s et \u00e0 s\u2019int\u00e9grer dans la communaut\u00e9. Chaque produit est une belle histoire de foi et d\u2019espoir ; rejoignez-nous pour diffuser ces bonnes valeurs \u00e0 tous.<\/p>\n","protected":false},"excerpt":{"rendered":"<p style=\"text-align: justify;\">Produits fabriqu\u00e9s \u00e0 la main par nos amis handicap\u00e9s d\u00e9favoris\u00e9s sollicitent gentiment votre soutien.<\/p>\n<p>Mat\u00e9riau : Tissu brocart<\/p>\n<p>Code : TC14TB<\/p>\n<p>Hotline : <span style=\"font-size: 20px;\"><strong><span style=\"color: #ff0000;\">0909 06 25 28<\/span><\/strong><\/span><\/p>\n<p style=\"text-align: justify;\">Si vous \u00eates au Vietnam, veuillez nous contacter via la hotline ou la page fan de l&rsquo;entreprise Maison Chance pour conna\u00eetre le prix au Vietnam.<\/p>\n","protected":false},"featured_media":36780,"template":"","meta":[],"product_brand":[],"product_cat":[243,231],"product_tag":[],"class_list":{"0":"post-40809","1":"product","2":"type-product","3":"status-publish","4":"has-post-thumbnail","6":"product_cat-animal-en-peluche","7":"product_cat-atelier-de-couture","9":"first","10":"instock","11":"shipping-taxable","12":"purchasable","13":"product-type-variable"},"yoast_head":"<!-- This site is optimized with the Yoast SEO Premium plugin v22.7 (Yoast SEO v25.3.1) - https:\/\/yoast.com\/wordpress\/plugins\/seo\/ -->\n<title>\u00c2ne- peluches en brocart - Nh\u00e0 May M\u1eafn - Maison Chance<\/title>\n<meta name=\"description\" content=\"\u00c2ne en peluche en brocart de Maison Chance, m\u00e9ticuleusement cousu par des couturiers handicap\u00e9s talentueux, est un cadeau significatif contribuant \u00e0 soutenir l&#039;int\u00e9gration sociale de la communaut\u00e9 handicap\u00e9e\" \/>\n<meta name=\"robots\" content=\"index, follow, max-snippet:-1, max-image-preview:large, max-video-preview:-1\" \/>\n<link rel=\"canonical\" href=\"https:\/\/maison-chance.org\/shop\/fr\/produit\/ane-2\" \/>\n<meta property=\"og:locale\" content=\"fr_FR\" \/>\n<meta property=\"og:type\" content=\"article\" \/>\n<meta property=\"og:title\" content=\"\u00c2ne\" \/>\n<meta property=\"og:description\" content=\"\u00c2ne en peluche en brocart de Maison Chance, m\u00e9ticuleusement cousu par des couturiers handicap\u00e9s talentueux, est un cadeau significatif contribuant \u00e0 soutenir l&#039;int\u00e9gration sociale de la communaut\u00e9 handicap\u00e9e\" \/>\n<meta property=\"og:url\" content=\"https:\/\/maison-chance.org\/shop\/fr\/produit\/ane-2\" \/>\n<meta property=\"og:site_name\" content=\"Nh\u00e0 May M\u1eafn - Maison Chance\" \/>\n<meta property=\"article:publisher\" content=\"https:\/\/www.facebook.com\/dnxh.nhamayman\/\" \/>\n<meta property=\"article:modified_time\" content=\"2025-03-17T02:24:57+00:00\" \/>\n<meta property=\"og:image\" content=\"https:\/\/maison-chance.org\/shop\/wp-content\/uploads\/2024\/04\/thu-nhoi-bong-hinh-con-lua-vai-tho-cam-1.jpg\" \/>\n\t<meta property=\"og:image:width\" content=\"600\" \/>\n\t<meta property=\"og:image:height\" content=\"600\" \/>\n\t<meta property=\"og:image:type\" content=\"image\/jpeg\" \/>\n<meta name=\"twitter:card\" content=\"summary_large_image\" \/>\n<meta name=\"twitter:label1\" content=\"Disponibilit\u00e9\" \/>\n\t<meta name=\"twitter:data1\" content=\"En stock\" \/>\n<script type=\"application\/ld+json\" class=\"yoast-schema-graph\">{\"@context\":\"https:\/\/schema.org\",\"@graph\":[{\"@type\":\"WebPage\",\"@id\":\"https:\/\/maison-chance.org\/shop\/fr\/produit\/ane-2\",\"url\":\"https:\/\/maison-chance.org\/shop\/fr\/produit\/ane-2\",\"name\":\"\u00c2ne- peluches en brocart - Nh\u00e0 May M\u1eafn - Maison Chance\",\"isPartOf\":{\"@id\":\"https:\/\/maison-chance.org\/shop\/fr#website\"},\"primaryImageOfPage\":{\"@id\":\"https:\/\/maison-chance.org\/shop\/fr\/produit\/ane-2#primaryimage\"},\"image\":{\"@id\":\"https:\/\/maison-chance.org\/shop\/fr\/produit\/ane-2#primaryimage\"},\"thumbnailUrl\":\"https:\/\/maison-chance.org\/shop\/wp-content\/uploads\/2024\/04\/thu-nhoi-bong-hinh-con-lua-vai-tho-cam-1.jpg\",\"datePublished\":\"2024-10-23T00:15:21+00:00\",\"dateModified\":\"2025-03-17T02:24:57+00:00\",\"description\":\"\u00c2ne en peluche en brocart de Maison Chance, m\u00e9ticuleusement cousu par des couturiers handicap\u00e9s talentueux, est un cadeau significatif contribuant \u00e0 soutenir l'int\u00e9gration sociale de la communaut\u00e9 handicap\u00e9e\",\"breadcrumb\":{\"@id\":\"https:\/\/maison-chance.org\/shop\/fr\/produit\/ane-2#breadcrumb\"},\"inLanguage\":\"fr-FR\",\"potentialAction\":[{\"@type\":\"ReadAction\",\"target\":[\"https:\/\/maison-chance.org\/shop\/fr\/produit\/ane-2\"]}]},{\"@type\":\"ImageObject\",\"inLanguage\":\"fr-FR\",\"@id\":\"https:\/\/maison-chance.org\/shop\/fr\/produit\/ane-2#primaryimage\",\"url\":\"https:\/\/maison-chance.org\/shop\/wp-content\/uploads\/2024\/04\/thu-nhoi-bong-hinh-con-lua-vai-tho-cam-1.jpg\",\"contentUrl\":\"https:\/\/maison-chance.org\/shop\/wp-content\/uploads\/2024\/04\/thu-nhoi-bong-hinh-con-lua-vai-tho-cam-1.jpg\",\"width\":600,\"height\":600,\"caption\":\"\u00c2ne en Peluche en Brocart\"},{\"@type\":\"BreadcrumbList\",\"@id\":\"https:\/\/maison-chance.org\/shop\/fr\/produit\/ane-2#breadcrumb\",\"itemListElement\":[{\"@type\":\"ListItem\",\"position\":1,\"name\":\"Trang ch\u1ee7\",\"item\":\"https:\/\/maison-chance.org\/shop\/fr\"},{\"@type\":\"ListItem\",\"position\":2,\"name\":\"Boutique\",\"item\":\"https:\/\/maison-chance.org\/shop\/shop\"},{\"@type\":\"ListItem\",\"position\":3,\"name\":\"\u00c2ne\"}]},{\"@type\":\"WebSite\",\"@id\":\"https:\/\/maison-chance.org\/shop\/fr#website\",\"url\":\"https:\/\/maison-chance.org\/shop\/fr\",\"name\":\"Nh\u00e0 May M\u1eafn - Maison Chance\",\"description\":\"M\u1ecdi l\u1ee3i nhu\u1eadn thu v\u1ec1 t\u1eeb vi\u1ec7c b\u00e1n h\u00e0ng s\u1ebd tr\u00edch m\u1ed9t ph\u1ea7n \u0111\u1ec3 ch\u0103m lo cho \u0111\u1eddi s\u1ed1ng c\u00e1c b\u1ea1n khuy\u1ebft t\u1eadt v\u00e0 tr\u1ebb m\u1ed3 c\u00f4i \u1edf \u0111\u00e2y\",\"publisher\":{\"@id\":\"https:\/\/maison-chance.org\/shop\/fr#organization\"},\"potentialAction\":[{\"@type\":\"SearchAction\",\"target\":{\"@type\":\"EntryPoint\",\"urlTemplate\":\"https:\/\/maison-chance.org\/shop\/fr?s={search_term_string}\"},\"query-input\":{\"@type\":\"PropertyValueSpecification\",\"valueRequired\":true,\"valueName\":\"search_term_string\"}}],\"inLanguage\":\"fr-FR\"},{\"@type\":\"Organization\",\"@id\":\"https:\/\/maison-chance.org\/shop\/fr#organization\",\"name\":\"Nh\u00e0 May M\u1eafn - Maison Chance\",\"url\":\"https:\/\/maison-chance.org\/shop\/fr\",\"logo\":{\"@type\":\"ImageObject\",\"inLanguage\":\"fr-FR\",\"@id\":\"https:\/\/maison-chance.org\/shop\/fr#\/schema\/logo\/image\/\",\"url\":\"https:\/\/maison-chance.org\/shop\/wp-content\/uploads\/2024\/03\/cropped-Logo_DNXH.png\",\"contentUrl\":\"https:\/\/maison-chance.org\/shop\/wp-content\/uploads\/2024\/03\/cropped-Logo_DNXH.png\",\"width\":512,\"height\":512,\"caption\":\"Nh\u00e0 May M\u1eafn - Maison Chance\"},\"image\":{\"@id\":\"https:\/\/maison-chance.org\/shop\/fr#\/schema\/logo\/image\/\"},\"sameAs\":[\"https:\/\/www.facebook.com\/dnxh.nhamayman\/\"]}]}<\/script>\n<meta property=\"og:availability\" content=\"instock\" \/>\n<meta property=\"product:availability\" content=\"instock\" \/>\n<meta property=\"product:condition\" content=\"new\" \/>\n<!-- \/ Yoast SEO Premium plugin. -->","yoast_head_json":{"title":"\u00c2ne- peluches en brocart - Nh\u00e0 May M\u1eafn - Maison Chance","description":"\u00c2ne en peluche en brocart de Maison Chance, m\u00e9ticuleusement cousu par des couturiers handicap\u00e9s talentueux, est un cadeau significatif contribuant \u00e0 soutenir l'int\u00e9gration sociale de la communaut\u00e9 handicap\u00e9e","robots":{"index":"index","follow":"follow","max-snippet":"max-snippet:-1","max-image-preview":"max-image-preview:large","max-video-preview":"max-video-preview:-1"},"canonical":"https:\/\/maison-chance.org\/shop\/fr\/produit\/ane-2","og_locale":"fr_FR","og_type":"article","og_title":"\u00c2ne","og_description":"\u00c2ne en peluche en brocart de Maison Chance, m\u00e9ticuleusement cousu par des couturiers handicap\u00e9s talentueux, est un cadeau significatif contribuant \u00e0 soutenir l'int\u00e9gration sociale de la communaut\u00e9 handicap\u00e9e","og_url":"https:\/\/maison-chance.org\/shop\/fr\/produit\/ane-2","og_site_name":"Nh\u00e0 May M\u1eafn - Maison Chance","article_publisher":"https:\/\/www.facebook.com\/dnxh.nhamayman\/","article_modified_time":"2025-03-17T02:24:57+00:00","og_image":[{"width":600,"height":600,"url":"https:\/\/maison-chance.org\/shop\/wp-content\/uploads\/2024\/04\/thu-nhoi-bong-hinh-con-lua-vai-tho-cam-1.jpg","type":"image\/jpeg"}],"twitter_card":"summary_large_image","twitter_misc":{"Disponibilit\u00e9":"En stock"},"schema":{"@context":"https:\/\/schema.org","@graph":[{"@type":"WebPage","@id":"https:\/\/maison-chance.org\/shop\/fr\/produit\/ane-2","url":"https:\/\/maison-chance.org\/shop\/fr\/produit\/ane-2","name":"\u00c2ne- peluches en brocart - Nh\u00e0 May M\u1eafn - Maison Chance","isPartOf":{"@id":"https:\/\/maison-chance.org\/shop\/fr#website"},"primaryImageOfPage":{"@id":"https:\/\/maison-chance.org\/shop\/fr\/produit\/ane-2#primaryimage"},"image":{"@id":"https:\/\/maison-chance.org\/shop\/fr\/produit\/ane-2#primaryimage"},"thumbnailUrl":"https:\/\/maison-chance.org\/shop\/wp-content\/uploads\/2024\/04\/thu-nhoi-bong-hinh-con-lua-vai-tho-cam-1.jpg","datePublished":"2024-10-23T00:15:21+00:00","dateModified":"2025-03-17T02:24:57+00:00","description":"\u00c2ne en peluche en brocart de Maison Chance, m\u00e9ticuleusement cousu par des couturiers handicap\u00e9s talentueux, est un cadeau significatif contribuant \u00e0 soutenir l'int\u00e9gration sociale de la communaut\u00e9 handicap\u00e9e","breadcrumb":{"@id":"https:\/\/maison-chance.org\/shop\/fr\/produit\/ane-2#breadcrumb"},"inLanguage":"fr-FR","potentialAction":[{"@type":"ReadAction","target":["https:\/\/maison-chance.org\/shop\/fr\/produit\/ane-2"]}]},{"@type":"ImageObject","inLanguage":"fr-FR","@id":"https:\/\/maison-chance.org\/shop\/fr\/produit\/ane-2#primaryimage","url":"https:\/\/maison-chance.org\/shop\/wp-content\/uploads\/2024\/04\/thu-nhoi-bong-hinh-con-lua-vai-tho-cam-1.jpg","contentUrl":"https:\/\/maison-chance.org\/shop\/wp-content\/uploads\/2024\/04\/thu-nhoi-bong-hinh-con-lua-vai-tho-cam-1.jpg","width":600,"height":600,"caption":"\u00c2ne en Peluche en Brocart"},{"@type":"BreadcrumbList","@id":"https:\/\/maison-chance.org\/shop\/fr\/produit\/ane-2#breadcrumb","itemListElement":[{"@type":"ListItem","position":1,"name":"Trang ch\u1ee7","item":"https:\/\/maison-chance.org\/shop\/fr"},{"@type":"ListItem","position":2,"name":"Boutique","item":"https:\/\/maison-chance.org\/shop\/shop"},{"@type":"ListItem","position":3,"name":"\u00c2ne"}]},{"@type":"WebSite","@id":"https:\/\/maison-chance.org\/shop\/fr#website","url":"https:\/\/maison-chance.org\/shop\/fr","name":"Nh\u00e0 May M\u1eafn - Maison Chance","description":"M\u1ecdi l\u1ee3i nhu\u1eadn thu v\u1ec1 t\u1eeb vi\u1ec7c b\u00e1n h\u00e0ng s\u1ebd tr\u00edch m\u1ed9t ph\u1ea7n \u0111\u1ec3 ch\u0103m lo cho \u0111\u1eddi s\u1ed1ng c\u00e1c b\u1ea1n khuy\u1ebft t\u1eadt v\u00e0 tr\u1ebb m\u1ed3 c\u00f4i \u1edf \u0111\u00e2y","publisher":{"@id":"https:\/\/maison-chance.org\/shop\/fr#organization"},"potentialAction":[{"@type":"SearchAction","target":{"@type":"EntryPoint","urlTemplate":"https:\/\/maison-chance.org\/shop\/fr?s={search_term_string}"},"query-input":{"@type":"PropertyValueSpecification","valueRequired":true,"valueName":"search_term_string"}}],"inLanguage":"fr-FR"},{"@type":"Organization","@id":"https:\/\/maison-chance.org\/shop\/fr#organization","name":"Nh\u00e0 May M\u1eafn - Maison Chance","url":"https:\/\/maison-chance.org\/shop\/fr","logo":{"@type":"ImageObject","inLanguage":"fr-FR","@id":"https:\/\/maison-chance.org\/shop\/fr#\/schema\/logo\/image\/","url":"https:\/\/maison-chance.org\/shop\/wp-content\/uploads\/2024\/03\/cropped-Logo_DNXH.png","contentUrl":"https:\/\/maison-chance.org\/shop\/wp-content\/uploads\/2024\/03\/cropped-Logo_DNXH.png","width":512,"height":512,"caption":"Nh\u00e0 May M\u1eafn - Maison Chance"},"image":{"@id":"https:\/\/maison-chance.org\/shop\/fr#\/schema\/logo\/image\/"},"sameAs":["https:\/\/www.facebook.com\/dnxh.nhamayman\/"]}]},"og_availability":"instock","product_availability":"instock","product_condition":"new"},"_links":{"self":[{"href":"https:\/\/maison-chance.org\/shop\/fr\/wp-json\/wp\/v2\/product\/40809","targetHints":{"allow":["GET"]}}],"collection":[{"href":"https:\/\/maison-chance.org\/shop\/fr\/wp-json\/wp\/v2\/product"}],"about":[{"href":"https:\/\/maison-chance.org\/shop\/fr\/wp-json\/wp\/v2\/types\/product"}],"wp:featuredmedia":[{"embeddable":true,"href":"https:\/\/maison-chance.org\/shop\/fr\/wp-json\/wp\/v2\/media\/36780"}],"wp:attachment":[{"href":"https:\/\/maison-chance.org\/shop\/fr\/wp-json\/wp\/v2\/media?parent=40809"}],"wp:term":[{"taxonomy":"product_brand","embeddable":true,"href":"https:\/\/maison-chance.org\/shop\/fr\/wp-json\/wp\/v2\/product_brand?post=40809"},{"taxonomy":"product_cat","embeddable":true,"href":"https:\/\/maison-chance.org\/shop\/fr\/wp-json\/wp\/v2\/product_cat?post=40809"},{"taxonomy":"product_tag","embeddable":true,"href":"https:\/\/maison-chance.org\/shop\/fr\/wp-json\/wp\/v2\/product_tag?post=40809"}],"curies":[{"name":"wp","href":"https:\/\/api.w.org\/{rel}","templated":true}]}}