{"id":40835,"date":"2024-10-28T07:00:53","date_gmt":"2024-10-28T00:00:53","guid":{"rendered":"https:\/\/maison-chance.org\/shop\/san-pham\/chien-3"},"modified":"2025-03-17T09:33:06","modified_gmt":"2025-03-17T02:33:06","slug":"chien-3","status":"publish","type":"product","link":"https:\/\/maison-chance.org\/shop\/fr\/produit\/chien-3","title":{"rendered":"Chien"},"content":{"rendered":"<p style=\"text-align: justify;\">Maison Chance est une organisation sp\u00e9ciale o\u00f9 des tailleurs handicap\u00e9s talentueux expriment leurs comp\u00e9tences et leur cr\u00e9ativit\u00e9 \u00e0 travers chaque produit fait main. L\u2019un des produits les plus populaires et appr\u00e9ci\u00e9s ici est le chien en peluche en brocart. Avec d\u00e9vouement et amour pour la couture, les tailleurs ont cr\u00e9\u00e9 des chiens en peluche uniques, pleins de couleurs et profond\u00e9ment impr\u00e9gn\u00e9s de culture traditionnelle.<\/p>\n<p style=\"text-align: justify;\">Le jouet chien en peluche en brocart n\u2019est pas seulement un jouet mignon, mais aussi une magnifique d\u00e9coration pour votre espace de vie. Avec trois tailles diff\u00e9rentes (4\u00d79 cm, 5\u00d711 cm et 6\u00d713 cm), ce produit s\u2019adapte facilement \u00e0 de nombreuses positions dans la maison.<\/p>\n<p style=\"text-align: justify;\">&#8211; Placez le chien en peluche sur des \u00e9tag\u00e8res, des tables basses ou des canap\u00e9s pour ajouter de la convivialit\u00e9 et de la couleur \u00e0 votre espace salon.<\/p>\n<p style=\"text-align: justify;\">&#8211; Plac\u00e9 \u00e0 c\u00f4t\u00e9 des oreillers ou sur des tables de chevet, le chien en peluche deviendra un compagnon adorable, aidant \u00e0 rendre l\u2019espace de la chambre plus vivant et chaleureux.<\/p>\n<p style=\"text-align: justify;\">&#8211; Plac\u00e9 sur des bureaux ou des \u00e9tag\u00e8res, le produit aide non seulement \u00e0 r\u00e9duire le stress, mais sert \u00e9galement d\u2019inspiration cr\u00e9ative gr\u00e2ce \u00e0 ses motifs d\u00e9licats en brocart.<\/p>\n<p style=\"text-align: justify;\">&#8211; Ce sera certainement un merveilleux cadeau pour les enfants, contribuant \u00e0 rendre les chambres d\u2019enfants plus joyeuses et color\u00e9es.<\/p>\n<p style=\"text-align: justify;\">Le chien en peluche en brocart n\u2019est pas seulement un beau produit d\u00e9coratif, mais porte \u00e9galement l\u2019histoire de la pers\u00e9v\u00e9rance et de la d\u00e9termination des tailleurs handicap\u00e9s de Maison Chance. Chaque produit t\u00e9moigne de leur talent et de leur effort incessant.<\/p>\n<p style=\"text-align: justify;\">Rejoignez <a href=\"https:\/\/maison-chance.org\/shop\">Maison Chance<\/a> pour diffuser le message d\u2019amour et soutenir les tailleurs handicap\u00e9s en poss\u00e9dant d\u00e8s maintenant un (ou plusieurs) chien(s) en peluche en brocart. Le produit embellit non seulement votre espace de vie, mais aide \u00e9galement \u00e0 soutenir et motiver les personnes handicap\u00e9es \u00e0 surmonter les difficult\u00e9s et \u00e0 continuer de cr\u00e9er.<\/p>\n","protected":false},"excerpt":{"rendered":"<p style=\"text-align: justify;\">Les produits sont fabriqu\u00e9s \u00e0 la main par des amis handicap\u00e9s d\u00e9favoris\u00e9s, nous esp\u00e9rons recevoir le soutien des clients.<\/p>\n<p>Mat\u00e9riel: Tissu brocart<\/p>\n<p>Code: TC12TB<\/p>\n<p>Hotline : <span style=\"font-size: 20px;\"><strong><span style=\"color: #ff0000;\">0909 06 25 28<\/span><\/strong><\/span><\/p>\n<p style=\"text-align: justify;\">Si vous \u00eates au Vietnam, veuillez nous contacter via la hotline ou la page fan de l&rsquo;entreprise Maison Chance pour conna\u00eetre le prix au Vietnam.<\/p>\n","protected":false},"featured_media":36793,"template":"","meta":[],"product_brand":[],"product_cat":[243,231],"product_tag":[],"class_list":{"0":"post-40835","1":"product","2":"type-product","3":"status-publish","4":"has-post-thumbnail","6":"product_cat-animal-en-peluche","7":"product_cat-atelier-de-couture","9":"first","10":"instock","11":"shipping-taxable","12":"purchasable","13":"product-type-variable"},"yoast_head":"<!-- This site is optimized with the Yoast SEO Premium plugin v22.7 (Yoast SEO v25.3.1) - https:\/\/yoast.com\/wordpress\/plugins\/seo\/ -->\n<title>Chien - peluche en brocart - Nh\u00e0 May M\u1eafn - Maison Chance<\/title>\n<meta name=\"description\" content=\"Le chien en peluche en brocart n&#039;est pas seulement un jouet mignon mais aussi une merveilleuse d\u00e9coration pour votre espace de vie. Avec trois tailles diff\u00e9rentes\" \/>\n<meta name=\"robots\" content=\"index, follow, max-snippet:-1, max-image-preview:large, max-video-preview:-1\" \/>\n<link rel=\"canonical\" href=\"https:\/\/maison-chance.org\/shop\/fr\/produit\/chien-3\" \/>\n<meta property=\"og:locale\" content=\"fr_FR\" \/>\n<meta property=\"og:type\" content=\"article\" \/>\n<meta property=\"og:title\" content=\"Chien\" \/>\n<meta property=\"og:description\" content=\"Le chien en peluche en brocart n&#039;est pas seulement un jouet mignon mais aussi une merveilleuse d\u00e9coration pour votre espace de vie. Avec trois tailles diff\u00e9rentes\" \/>\n<meta property=\"og:url\" content=\"https:\/\/maison-chance.org\/shop\/fr\/produit\/chien-3\" \/>\n<meta property=\"og:site_name\" content=\"Nh\u00e0 May M\u1eafn - Maison Chance\" \/>\n<meta property=\"article:publisher\" content=\"https:\/\/www.facebook.com\/dnxh.nhamayman\/\" \/>\n<meta property=\"article:modified_time\" content=\"2025-03-17T02:33:06+00:00\" \/>\n<meta property=\"og:image\" content=\"https:\/\/maison-chance.org\/shop\/wp-content\/uploads\/2024\/04\/thu-nhoi-bong-hinh-con-cho-vai-tho-cam-1.jpg\" \/>\n\t<meta property=\"og:image:width\" content=\"600\" \/>\n\t<meta property=\"og:image:height\" content=\"600\" \/>\n\t<meta property=\"og:image:type\" content=\"image\/jpeg\" \/>\n<meta name=\"twitter:card\" content=\"summary_large_image\" \/>\n<meta name=\"twitter:label1\" content=\"Disponibilit\u00e9\" \/>\n\t<meta name=\"twitter:data1\" content=\"En stock\" \/>\n<script type=\"application\/ld+json\" class=\"yoast-schema-graph\">{\"@context\":\"https:\/\/schema.org\",\"@graph\":[{\"@type\":\"WebPage\",\"@id\":\"https:\/\/maison-chance.org\/shop\/fr\/produit\/chien-3\",\"url\":\"https:\/\/maison-chance.org\/shop\/fr\/produit\/chien-3\",\"name\":\"Chien - peluche en brocart - Nh\u00e0 May M\u1eafn - Maison Chance\",\"isPartOf\":{\"@id\":\"https:\/\/maison-chance.org\/shop\/fr#website\"},\"primaryImageOfPage\":{\"@id\":\"https:\/\/maison-chance.org\/shop\/fr\/produit\/chien-3#primaryimage\"},\"image\":{\"@id\":\"https:\/\/maison-chance.org\/shop\/fr\/produit\/chien-3#primaryimage\"},\"thumbnailUrl\":\"https:\/\/maison-chance.org\/shop\/wp-content\/uploads\/2024\/04\/thu-nhoi-bong-hinh-con-cho-vai-tho-cam-1.jpg\",\"datePublished\":\"2024-10-28T00:00:53+00:00\",\"dateModified\":\"2025-03-17T02:33:06+00:00\",\"description\":\"Le chien en peluche en brocart n'est pas seulement un jouet mignon mais aussi une merveilleuse d\u00e9coration pour votre espace de vie. Avec trois tailles diff\u00e9rentes\",\"breadcrumb\":{\"@id\":\"https:\/\/maison-chance.org\/shop\/fr\/produit\/chien-3#breadcrumb\"},\"inLanguage\":\"fr-FR\",\"potentialAction\":[{\"@type\":\"ReadAction\",\"target\":[\"https:\/\/maison-chance.org\/shop\/fr\/produit\/chien-3\"]}]},{\"@type\":\"ImageObject\",\"inLanguage\":\"fr-FR\",\"@id\":\"https:\/\/maison-chance.org\/shop\/fr\/produit\/chien-3#primaryimage\",\"url\":\"https:\/\/maison-chance.org\/shop\/wp-content\/uploads\/2024\/04\/thu-nhoi-bong-hinh-con-cho-vai-tho-cam-1.jpg\",\"contentUrl\":\"https:\/\/maison-chance.org\/shop\/wp-content\/uploads\/2024\/04\/thu-nhoi-bong-hinh-con-cho-vai-tho-cam-1.jpg\",\"width\":600,\"height\":600,\"caption\":\"Chien en Peluche en Brocart\"},{\"@type\":\"BreadcrumbList\",\"@id\":\"https:\/\/maison-chance.org\/shop\/fr\/produit\/chien-3#breadcrumb\",\"itemListElement\":[{\"@type\":\"ListItem\",\"position\":1,\"name\":\"Trang ch\u1ee7\",\"item\":\"https:\/\/maison-chance.org\/shop\/fr\"},{\"@type\":\"ListItem\",\"position\":2,\"name\":\"Boutique\",\"item\":\"https:\/\/maison-chance.org\/shop\/shop\"},{\"@type\":\"ListItem\",\"position\":3,\"name\":\"Chien\"}]},{\"@type\":\"WebSite\",\"@id\":\"https:\/\/maison-chance.org\/shop\/fr#website\",\"url\":\"https:\/\/maison-chance.org\/shop\/fr\",\"name\":\"Nh\u00e0 May M\u1eafn - Maison Chance\",\"description\":\"M\u1ecdi l\u1ee3i nhu\u1eadn thu v\u1ec1 t\u1eeb vi\u1ec7c b\u00e1n h\u00e0ng s\u1ebd tr\u00edch m\u1ed9t ph\u1ea7n \u0111\u1ec3 ch\u0103m lo cho \u0111\u1eddi s\u1ed1ng c\u00e1c b\u1ea1n khuy\u1ebft t\u1eadt v\u00e0 tr\u1ebb m\u1ed3 c\u00f4i \u1edf \u0111\u00e2y\",\"publisher\":{\"@id\":\"https:\/\/maison-chance.org\/shop\/fr#organization\"},\"potentialAction\":[{\"@type\":\"SearchAction\",\"target\":{\"@type\":\"EntryPoint\",\"urlTemplate\":\"https:\/\/maison-chance.org\/shop\/fr?s={search_term_string}\"},\"query-input\":{\"@type\":\"PropertyValueSpecification\",\"valueRequired\":true,\"valueName\":\"search_term_string\"}}],\"inLanguage\":\"fr-FR\"},{\"@type\":\"Organization\",\"@id\":\"https:\/\/maison-chance.org\/shop\/fr#organization\",\"name\":\"Nh\u00e0 May M\u1eafn - Maison Chance\",\"url\":\"https:\/\/maison-chance.org\/shop\/fr\",\"logo\":{\"@type\":\"ImageObject\",\"inLanguage\":\"fr-FR\",\"@id\":\"https:\/\/maison-chance.org\/shop\/fr#\/schema\/logo\/image\/\",\"url\":\"https:\/\/maison-chance.org\/shop\/wp-content\/uploads\/2024\/03\/cropped-Logo_DNXH.png\",\"contentUrl\":\"https:\/\/maison-chance.org\/shop\/wp-content\/uploads\/2024\/03\/cropped-Logo_DNXH.png\",\"width\":512,\"height\":512,\"caption\":\"Nh\u00e0 May M\u1eafn - Maison Chance\"},\"image\":{\"@id\":\"https:\/\/maison-chance.org\/shop\/fr#\/schema\/logo\/image\/\"},\"sameAs\":[\"https:\/\/www.facebook.com\/dnxh.nhamayman\/\"]}]}<\/script>\n<meta property=\"og:availability\" content=\"instock\" \/>\n<meta property=\"product:availability\" content=\"instock\" \/>\n<meta property=\"product:condition\" content=\"new\" \/>\n<!-- \/ Yoast SEO Premium plugin. -->","yoast_head_json":{"title":"Chien - peluche en brocart - Nh\u00e0 May M\u1eafn - Maison Chance","description":"Le chien en peluche en brocart n'est pas seulement un jouet mignon mais aussi une merveilleuse d\u00e9coration pour votre espace de vie. Avec trois tailles diff\u00e9rentes","robots":{"index":"index","follow":"follow","max-snippet":"max-snippet:-1","max-image-preview":"max-image-preview:large","max-video-preview":"max-video-preview:-1"},"canonical":"https:\/\/maison-chance.org\/shop\/fr\/produit\/chien-3","og_locale":"fr_FR","og_type":"article","og_title":"Chien","og_description":"Le chien en peluche en brocart n'est pas seulement un jouet mignon mais aussi une merveilleuse d\u00e9coration pour votre espace de vie. Avec trois tailles diff\u00e9rentes","og_url":"https:\/\/maison-chance.org\/shop\/fr\/produit\/chien-3","og_site_name":"Nh\u00e0 May M\u1eafn - Maison Chance","article_publisher":"https:\/\/www.facebook.com\/dnxh.nhamayman\/","article_modified_time":"2025-03-17T02:33:06+00:00","og_image":[{"width":600,"height":600,"url":"https:\/\/maison-chance.org\/shop\/wp-content\/uploads\/2024\/04\/thu-nhoi-bong-hinh-con-cho-vai-tho-cam-1.jpg","type":"image\/jpeg"}],"twitter_card":"summary_large_image","twitter_misc":{"Disponibilit\u00e9":"En stock"},"schema":{"@context":"https:\/\/schema.org","@graph":[{"@type":"WebPage","@id":"https:\/\/maison-chance.org\/shop\/fr\/produit\/chien-3","url":"https:\/\/maison-chance.org\/shop\/fr\/produit\/chien-3","name":"Chien - peluche en brocart - Nh\u00e0 May M\u1eafn - Maison Chance","isPartOf":{"@id":"https:\/\/maison-chance.org\/shop\/fr#website"},"primaryImageOfPage":{"@id":"https:\/\/maison-chance.org\/shop\/fr\/produit\/chien-3#primaryimage"},"image":{"@id":"https:\/\/maison-chance.org\/shop\/fr\/produit\/chien-3#primaryimage"},"thumbnailUrl":"https:\/\/maison-chance.org\/shop\/wp-content\/uploads\/2024\/04\/thu-nhoi-bong-hinh-con-cho-vai-tho-cam-1.jpg","datePublished":"2024-10-28T00:00:53+00:00","dateModified":"2025-03-17T02:33:06+00:00","description":"Le chien en peluche en brocart n'est pas seulement un jouet mignon mais aussi une merveilleuse d\u00e9coration pour votre espace de vie. Avec trois tailles diff\u00e9rentes","breadcrumb":{"@id":"https:\/\/maison-chance.org\/shop\/fr\/produit\/chien-3#breadcrumb"},"inLanguage":"fr-FR","potentialAction":[{"@type":"ReadAction","target":["https:\/\/maison-chance.org\/shop\/fr\/produit\/chien-3"]}]},{"@type":"ImageObject","inLanguage":"fr-FR","@id":"https:\/\/maison-chance.org\/shop\/fr\/produit\/chien-3#primaryimage","url":"https:\/\/maison-chance.org\/shop\/wp-content\/uploads\/2024\/04\/thu-nhoi-bong-hinh-con-cho-vai-tho-cam-1.jpg","contentUrl":"https:\/\/maison-chance.org\/shop\/wp-content\/uploads\/2024\/04\/thu-nhoi-bong-hinh-con-cho-vai-tho-cam-1.jpg","width":600,"height":600,"caption":"Chien en Peluche en Brocart"},{"@type":"BreadcrumbList","@id":"https:\/\/maison-chance.org\/shop\/fr\/produit\/chien-3#breadcrumb","itemListElement":[{"@type":"ListItem","position":1,"name":"Trang ch\u1ee7","item":"https:\/\/maison-chance.org\/shop\/fr"},{"@type":"ListItem","position":2,"name":"Boutique","item":"https:\/\/maison-chance.org\/shop\/shop"},{"@type":"ListItem","position":3,"name":"Chien"}]},{"@type":"WebSite","@id":"https:\/\/maison-chance.org\/shop\/fr#website","url":"https:\/\/maison-chance.org\/shop\/fr","name":"Nh\u00e0 May M\u1eafn - Maison Chance","description":"M\u1ecdi l\u1ee3i nhu\u1eadn thu v\u1ec1 t\u1eeb vi\u1ec7c b\u00e1n h\u00e0ng s\u1ebd tr\u00edch m\u1ed9t ph\u1ea7n \u0111\u1ec3 ch\u0103m lo cho \u0111\u1eddi s\u1ed1ng c\u00e1c b\u1ea1n khuy\u1ebft t\u1eadt v\u00e0 tr\u1ebb m\u1ed3 c\u00f4i \u1edf \u0111\u00e2y","publisher":{"@id":"https:\/\/maison-chance.org\/shop\/fr#organization"},"potentialAction":[{"@type":"SearchAction","target":{"@type":"EntryPoint","urlTemplate":"https:\/\/maison-chance.org\/shop\/fr?s={search_term_string}"},"query-input":{"@type":"PropertyValueSpecification","valueRequired":true,"valueName":"search_term_string"}}],"inLanguage":"fr-FR"},{"@type":"Organization","@id":"https:\/\/maison-chance.org\/shop\/fr#organization","name":"Nh\u00e0 May M\u1eafn - Maison Chance","url":"https:\/\/maison-chance.org\/shop\/fr","logo":{"@type":"ImageObject","inLanguage":"fr-FR","@id":"https:\/\/maison-chance.org\/shop\/fr#\/schema\/logo\/image\/","url":"https:\/\/maison-chance.org\/shop\/wp-content\/uploads\/2024\/03\/cropped-Logo_DNXH.png","contentUrl":"https:\/\/maison-chance.org\/shop\/wp-content\/uploads\/2024\/03\/cropped-Logo_DNXH.png","width":512,"height":512,"caption":"Nh\u00e0 May M\u1eafn - Maison Chance"},"image":{"@id":"https:\/\/maison-chance.org\/shop\/fr#\/schema\/logo\/image\/"},"sameAs":["https:\/\/www.facebook.com\/dnxh.nhamayman\/"]}]},"og_availability":"instock","product_availability":"instock","product_condition":"new"},"_links":{"self":[{"href":"https:\/\/maison-chance.org\/shop\/fr\/wp-json\/wp\/v2\/product\/40835","targetHints":{"allow":["GET"]}}],"collection":[{"href":"https:\/\/maison-chance.org\/shop\/fr\/wp-json\/wp\/v2\/product"}],"about":[{"href":"https:\/\/maison-chance.org\/shop\/fr\/wp-json\/wp\/v2\/types\/product"}],"wp:featuredmedia":[{"embeddable":true,"href":"https:\/\/maison-chance.org\/shop\/fr\/wp-json\/wp\/v2\/media\/36793"}],"wp:attachment":[{"href":"https:\/\/maison-chance.org\/shop\/fr\/wp-json\/wp\/v2\/media?parent=40835"}],"wp:term":[{"taxonomy":"product_brand","embeddable":true,"href":"https:\/\/maison-chance.org\/shop\/fr\/wp-json\/wp\/v2\/product_brand?post=40835"},{"taxonomy":"product_cat","embeddable":true,"href":"https:\/\/maison-chance.org\/shop\/fr\/wp-json\/wp\/v2\/product_cat?post=40835"},{"taxonomy":"product_tag","embeddable":true,"href":"https:\/\/maison-chance.org\/shop\/fr\/wp-json\/wp\/v2\/product_tag?post=40835"}],"curies":[{"name":"wp","href":"https:\/\/api.w.org\/{rel}","templated":true}]}}