{"id":40862,"date":"2024-10-28T07:10:19","date_gmt":"2024-10-28T00:10:19","guid":{"rendered":"https:\/\/maison-chance.org\/shop\/san-pham\/singe-3"},"modified":"2025-03-17T09:40:11","modified_gmt":"2025-03-17T02:40:11","slug":"singe-3","status":"publish","type":"product","link":"https:\/\/maison-chance.org\/shop\/fr\/produit\/singe-3","title":{"rendered":"Singe"},"content":{"rendered":"<p style=\"text-align: justify;\">Au milieu du rythme effr\u00e9n\u00e9 de la vie moderne d\u2019aujourd\u2019hui, les produits artisanaux portent toujours une valeur spirituelle particuli\u00e8re. Chez Maison Chance, le singe en peluche en brocart est une cristallisation de l\u2019amour et de la cr\u00e9ativit\u00e9 sans cesse renouvel\u00e9e des mains habiles des tailleurs handicap\u00e9s. Chaque produit est une \u0153uvre unique, cousue \u00e0 la main avec soin et c\u0153ur.<\/p>\n<p style=\"text-align: justify;\">Le singe en peluche en brocart, cod\u00e9 TC10TB, est une fusion parfaite entre des mat\u00e9riaux traditionnels et un design moderne. Le produit est fabriqu\u00e9 \u00e0 partir de tissu de brocart haut de gamme, disponible en trois tailles flexibles : petit et adorable 4\u00d710cm, moyen 5\u00d713cm, et grand 6\u00d715cm. Cela permet aux clients de choisir facilement une taille adapt\u00e9e \u00e0 leurs besoins et \u00e0 leur espace d\u2019exposition. Ce singe n\u2019est pas seulement un cadeau charmant, il aide aussi \u00e0 activer une \u00e9nergie positive dans votre vie.<\/p>\n<p><strong>POINTS SP\u00c9CIAUX QUI FONT IMPRESSION : <\/strong><\/p>\n<p>_Un visage doux et amical, avec des yeux noirs ronds et brillants qui semblent sourire, apportant une sensation de joie et de positivit\u00e9.<br data-start=\"394\" data-end=\"397\" \/>_Une silhouette petite qui tient parfaitement dans la paume de la main, si adorable qu\u2019on veut la ch\u00e9rir pour toujours !<br data-start=\"488\" data-end=\"491\" \/>_Une palette de couleurs parfaitement coordonn\u00e9e :<br data-start=\"523\" data-end=\"526\" \/>+Jaune vif \u2013 Symbole de richesse, de chaleur et d\u2019\u00e9nergie positive.<br data-start=\"600\" data-end=\"603\" \/>+Bleu marine \u2013 Luxueux, raffin\u00e9, repr\u00e9sentant une croissance stable.<br data-start=\"682\" data-end=\"685\" \/>+Blanc ivoire \u2013 \u00c9l\u00e9gant, doux, aidant \u00e0 \u00e9quilibrer l\u2019\u00e9nergie.<br data-start=\"753\" data-end=\"756\" \/>_Les motifs traditionnels en brocart sont subtilement mis en valeur, c\u00e9l\u00e9brant la beaut\u00e9 culturelle et l\u2019artisanat habile.<\/p>\n<p><strong data-start=\"767\" data-end=\"816\">SINGE \u2013 SYMBOLE D\u2019AGILIT\u00c9 ET DE PROGR\u00c8S<\/strong><br data-start=\"816\" data-end=\"819\" \/>Dans le feng shui, l\u2019image du singe est souvent associ\u00e9e au pouvoir, au prestige et \u00e0 la flexibilit\u00e9 au travail. Placer un singe en peluche dans votre maison ou bureau aide \u00e0 :<\/p>\n<p>_Stimuler l\u2019intelligence et la cr\u00e9ativit\u00e9, am\u00e9liorant l\u2019efficacit\u00e9 dans les \u00e9tudes et le travail.<br data-start=\"1055\" data-end=\"1058\" data-is-only-node=\"\" \/>_Attirer des bienfaiteurs et du soutien, favorisant le succ\u00e8s professionnel.<br data-start=\"1117\" data-end=\"1120\" \/>_Apporter chance et prosp\u00e9rit\u00e9, surtout pour ceux qui font du commerce ou des affaires.<\/p>\n<p style=\"text-align: justify;\">Chaque produit est soumis \u00e0 des contr\u00f4les de qualit\u00e9 stricts, garantissant une s\u00e9curit\u00e9 absolue pour les utilisateurs. Le processus de production est rigoureusement supervis\u00e9, de la s\u00e9lection des mat\u00e9riaux \u00e0 la finition du produit final. Des mat\u00e9riaux haut de gamme, doux et s\u00fbrs sont utilis\u00e9s, non irritants pour la peau et adapt\u00e9s \u00e0 tous les \u00e2ges. Chaque couture minutieuse assure que le produit conserve sa forme et reste beau et durable avec le temps !<\/p>\n<p style=\"text-align: justify;\">Rendez-vous sur <a href=\"https:\/\/maison-chance.org\/shop\">Maison Chance<\/a> pour ramener chez vous ces adorables singes en peluche en brocart, parfaits comme cadeaux significatifs tout en contribuant \u00e0 diffuser des valeurs positives dans la communaut\u00e9. Chaque produit n\u2019est pas qu\u2019un simple objet d\u00e9coratif, mais un pont d\u2019amour, apportant joie et bonheur aux tailleurs sp\u00e9ciaux de Maison Chance.<\/p>\n<p><em>Petit singe \u2013 Offrir la foi, transmettre l\u2019amour !<\/em><\/p>\n","protected":false},"excerpt":{"rendered":"<p style=\"text-align: justify;\">Les produits sont fabriqu\u00e9s \u00e0 la main par des amis handicap\u00e9s d\u00e9favoris\u00e9s, demandant gentiment le soutien des clients estim\u00e9s.<\/p>\n<p>Mat\u00e9riau : Tissu brocart<\/p>\n<p>Code : TC10TB<\/p>\n<p>Hotline : <span style=\"font-size: 20px;\"><strong><span style=\"color: #ff0000;\">0909 06 25 28<\/span><\/strong><\/span><\/p>\n<p style=\"text-align: justify;\">Si vous \u00eates au Vietnam, veuillez nous contacter via la hotline ou la page fan de l&rsquo;entreprise Maison Chance pour conna\u00eetre le prix au Vietnam.<\/p>\n","protected":false},"featured_media":40872,"template":"","meta":[],"product_brand":[],"product_cat":[243,231],"product_tag":[],"class_list":{"0":"post-40862","1":"product","2":"type-product","3":"status-publish","4":"has-post-thumbnail","6":"product_cat-animal-en-peluche","7":"product_cat-atelier-de-couture","9":"first","10":"instock","11":"shipping-taxable","12":"purchasable","13":"product-type-variable"},"yoast_head":"<!-- This site is optimized with the Yoast SEO Premium plugin v22.7 (Yoast SEO v25.3.1) - https:\/\/yoast.com\/wordpress\/plugins\/seo\/ -->\n<title>Singe - peluche en brocart - Nh\u00e0 May M\u1eafn - Maison Chance<\/title>\n<meta name=\"description\" content=\"Le singe en peluche en brocart est une combinaison parfaite de mat\u00e9riaux traditionnels et de design moderne. Le produit est fabriqu\u00e9 en tissu brocart de premi\u00e8re qualit\u00e9, disponible en trois tailles flexibles : petit 4\u00d710cm, moyen 5\u00d713cm et grand 6\u00d715cm.\" \/>\n<meta name=\"robots\" content=\"index, follow, max-snippet:-1, max-image-preview:large, max-video-preview:-1\" \/>\n<link rel=\"canonical\" href=\"https:\/\/maison-chance.org\/shop\/fr\/produit\/singe-3\" \/>\n<meta property=\"og:locale\" content=\"fr_FR\" \/>\n<meta property=\"og:type\" content=\"article\" \/>\n<meta property=\"og:title\" content=\"Singe\" \/>\n<meta property=\"og:description\" content=\"Le singe en peluche en brocart est une combinaison parfaite de mat\u00e9riaux traditionnels et de design moderne. Le produit est fabriqu\u00e9 en tissu brocart de premi\u00e8re qualit\u00e9, disponible en trois tailles flexibles : petit 4\u00d710cm, moyen 5\u00d713cm et grand 6\u00d715cm.\" \/>\n<meta property=\"og:url\" content=\"https:\/\/maison-chance.org\/shop\/fr\/produit\/singe-3\" \/>\n<meta property=\"og:site_name\" content=\"Nh\u00e0 May M\u1eafn - Maison Chance\" \/>\n<meta property=\"article:publisher\" content=\"https:\/\/www.facebook.com\/dnxh.nhamayman\/\" \/>\n<meta property=\"article:modified_time\" content=\"2025-03-17T02:40:11+00:00\" \/>\n<meta property=\"og:image\" content=\"https:\/\/maison-chance.org\/shop\/wp-content\/uploads\/2024\/10\/thu-nhoi-bong-hinh-con-khi-vai-tho-cam-01.png\" \/>\n\t<meta property=\"og:image:width\" content=\"600\" \/>\n\t<meta property=\"og:image:height\" content=\"600\" \/>\n\t<meta property=\"og:image:type\" content=\"image\/png\" \/>\n<meta name=\"twitter:card\" content=\"summary_large_image\" \/>\n<meta name=\"twitter:label1\" content=\"Disponibilit\u00e9\" \/>\n\t<meta name=\"twitter:data1\" content=\"En stock\" \/>\n<script type=\"application\/ld+json\" class=\"yoast-schema-graph\">{\"@context\":\"https:\/\/schema.org\",\"@graph\":[{\"@type\":\"WebPage\",\"@id\":\"https:\/\/maison-chance.org\/shop\/fr\/produit\/singe-3\",\"url\":\"https:\/\/maison-chance.org\/shop\/fr\/produit\/singe-3\",\"name\":\"Singe - peluche en brocart - Nh\u00e0 May M\u1eafn - Maison Chance\",\"isPartOf\":{\"@id\":\"https:\/\/maison-chance.org\/shop\/fr#website\"},\"primaryImageOfPage\":{\"@id\":\"https:\/\/maison-chance.org\/shop\/fr\/produit\/singe-3#primaryimage\"},\"image\":{\"@id\":\"https:\/\/maison-chance.org\/shop\/fr\/produit\/singe-3#primaryimage\"},\"thumbnailUrl\":\"https:\/\/maison-chance.org\/shop\/wp-content\/uploads\/2024\/10\/thu-nhoi-bong-hinh-con-khi-vai-tho-cam-01.png\",\"datePublished\":\"2024-10-28T00:10:19+00:00\",\"dateModified\":\"2025-03-17T02:40:11+00:00\",\"description\":\"Le singe en peluche en brocart est une combinaison parfaite de mat\u00e9riaux traditionnels et de design moderne. Le produit est fabriqu\u00e9 en tissu brocart de premi\u00e8re qualit\u00e9, disponible en trois tailles flexibles : petit 4\u00d710cm, moyen 5\u00d713cm et grand 6\u00d715cm.\",\"breadcrumb\":{\"@id\":\"https:\/\/maison-chance.org\/shop\/fr\/produit\/singe-3#breadcrumb\"},\"inLanguage\":\"fr-FR\",\"potentialAction\":[{\"@type\":\"ReadAction\",\"target\":[\"https:\/\/maison-chance.org\/shop\/fr\/produit\/singe-3\"]}]},{\"@type\":\"ImageObject\",\"inLanguage\":\"fr-FR\",\"@id\":\"https:\/\/maison-chance.org\/shop\/fr\/produit\/singe-3#primaryimage\",\"url\":\"https:\/\/maison-chance.org\/shop\/wp-content\/uploads\/2024\/10\/thu-nhoi-bong-hinh-con-khi-vai-tho-cam-01.png\",\"contentUrl\":\"https:\/\/maison-chance.org\/shop\/wp-content\/uploads\/2024\/10\/thu-nhoi-bong-hinh-con-khi-vai-tho-cam-01.png\",\"width\":600,\"height\":600,\"caption\":\"Singe en Peluche en Brocart\"},{\"@type\":\"BreadcrumbList\",\"@id\":\"https:\/\/maison-chance.org\/shop\/fr\/produit\/singe-3#breadcrumb\",\"itemListElement\":[{\"@type\":\"ListItem\",\"position\":1,\"name\":\"Trang ch\u1ee7\",\"item\":\"https:\/\/maison-chance.org\/shop\/fr\"},{\"@type\":\"ListItem\",\"position\":2,\"name\":\"Boutique\",\"item\":\"https:\/\/maison-chance.org\/shop\/shop\"},{\"@type\":\"ListItem\",\"position\":3,\"name\":\"Singe\"}]},{\"@type\":\"WebSite\",\"@id\":\"https:\/\/maison-chance.org\/shop\/fr#website\",\"url\":\"https:\/\/maison-chance.org\/shop\/fr\",\"name\":\"Nh\u00e0 May M\u1eafn - Maison Chance\",\"description\":\"M\u1ecdi l\u1ee3i nhu\u1eadn thu v\u1ec1 t\u1eeb vi\u1ec7c b\u00e1n h\u00e0ng s\u1ebd tr\u00edch m\u1ed9t ph\u1ea7n \u0111\u1ec3 ch\u0103m lo cho \u0111\u1eddi s\u1ed1ng c\u00e1c b\u1ea1n khuy\u1ebft t\u1eadt v\u00e0 tr\u1ebb m\u1ed3 c\u00f4i \u1edf \u0111\u00e2y\",\"publisher\":{\"@id\":\"https:\/\/maison-chance.org\/shop\/fr#organization\"},\"potentialAction\":[{\"@type\":\"SearchAction\",\"target\":{\"@type\":\"EntryPoint\",\"urlTemplate\":\"https:\/\/maison-chance.org\/shop\/fr?s={search_term_string}\"},\"query-input\":{\"@type\":\"PropertyValueSpecification\",\"valueRequired\":true,\"valueName\":\"search_term_string\"}}],\"inLanguage\":\"fr-FR\"},{\"@type\":\"Organization\",\"@id\":\"https:\/\/maison-chance.org\/shop\/fr#organization\",\"name\":\"Nh\u00e0 May M\u1eafn - Maison Chance\",\"url\":\"https:\/\/maison-chance.org\/shop\/fr\",\"logo\":{\"@type\":\"ImageObject\",\"inLanguage\":\"fr-FR\",\"@id\":\"https:\/\/maison-chance.org\/shop\/fr#\/schema\/logo\/image\/\",\"url\":\"https:\/\/maison-chance.org\/shop\/wp-content\/uploads\/2024\/03\/cropped-Logo_DNXH.png\",\"contentUrl\":\"https:\/\/maison-chance.org\/shop\/wp-content\/uploads\/2024\/03\/cropped-Logo_DNXH.png\",\"width\":512,\"height\":512,\"caption\":\"Nh\u00e0 May M\u1eafn - Maison Chance\"},\"image\":{\"@id\":\"https:\/\/maison-chance.org\/shop\/fr#\/schema\/logo\/image\/\"},\"sameAs\":[\"https:\/\/www.facebook.com\/dnxh.nhamayman\/\"]}]}<\/script>\n<meta property=\"og:availability\" content=\"instock\" \/>\n<meta property=\"product:availability\" content=\"instock\" \/>\n<meta property=\"product:condition\" content=\"new\" \/>\n<!-- \/ Yoast SEO Premium plugin. -->","yoast_head_json":{"title":"Singe - peluche en brocart - Nh\u00e0 May M\u1eafn - Maison Chance","description":"Le singe en peluche en brocart est une combinaison parfaite de mat\u00e9riaux traditionnels et de design moderne. Le produit est fabriqu\u00e9 en tissu brocart de premi\u00e8re qualit\u00e9, disponible en trois tailles flexibles : petit 4\u00d710cm, moyen 5\u00d713cm et grand 6\u00d715cm.","robots":{"index":"index","follow":"follow","max-snippet":"max-snippet:-1","max-image-preview":"max-image-preview:large","max-video-preview":"max-video-preview:-1"},"canonical":"https:\/\/maison-chance.org\/shop\/fr\/produit\/singe-3","og_locale":"fr_FR","og_type":"article","og_title":"Singe","og_description":"Le singe en peluche en brocart est une combinaison parfaite de mat\u00e9riaux traditionnels et de design moderne. Le produit est fabriqu\u00e9 en tissu brocart de premi\u00e8re qualit\u00e9, disponible en trois tailles flexibles : petit 4\u00d710cm, moyen 5\u00d713cm et grand 6\u00d715cm.","og_url":"https:\/\/maison-chance.org\/shop\/fr\/produit\/singe-3","og_site_name":"Nh\u00e0 May M\u1eafn - Maison Chance","article_publisher":"https:\/\/www.facebook.com\/dnxh.nhamayman\/","article_modified_time":"2025-03-17T02:40:11+00:00","og_image":[{"width":600,"height":600,"url":"https:\/\/maison-chance.org\/shop\/wp-content\/uploads\/2024\/10\/thu-nhoi-bong-hinh-con-khi-vai-tho-cam-01.png","type":"image\/png"}],"twitter_card":"summary_large_image","twitter_misc":{"Disponibilit\u00e9":"En stock"},"schema":{"@context":"https:\/\/schema.org","@graph":[{"@type":"WebPage","@id":"https:\/\/maison-chance.org\/shop\/fr\/produit\/singe-3","url":"https:\/\/maison-chance.org\/shop\/fr\/produit\/singe-3","name":"Singe - peluche en brocart - Nh\u00e0 May M\u1eafn - Maison Chance","isPartOf":{"@id":"https:\/\/maison-chance.org\/shop\/fr#website"},"primaryImageOfPage":{"@id":"https:\/\/maison-chance.org\/shop\/fr\/produit\/singe-3#primaryimage"},"image":{"@id":"https:\/\/maison-chance.org\/shop\/fr\/produit\/singe-3#primaryimage"},"thumbnailUrl":"https:\/\/maison-chance.org\/shop\/wp-content\/uploads\/2024\/10\/thu-nhoi-bong-hinh-con-khi-vai-tho-cam-01.png","datePublished":"2024-10-28T00:10:19+00:00","dateModified":"2025-03-17T02:40:11+00:00","description":"Le singe en peluche en brocart est une combinaison parfaite de mat\u00e9riaux traditionnels et de design moderne. Le produit est fabriqu\u00e9 en tissu brocart de premi\u00e8re qualit\u00e9, disponible en trois tailles flexibles : petit 4\u00d710cm, moyen 5\u00d713cm et grand 6\u00d715cm.","breadcrumb":{"@id":"https:\/\/maison-chance.org\/shop\/fr\/produit\/singe-3#breadcrumb"},"inLanguage":"fr-FR","potentialAction":[{"@type":"ReadAction","target":["https:\/\/maison-chance.org\/shop\/fr\/produit\/singe-3"]}]},{"@type":"ImageObject","inLanguage":"fr-FR","@id":"https:\/\/maison-chance.org\/shop\/fr\/produit\/singe-3#primaryimage","url":"https:\/\/maison-chance.org\/shop\/wp-content\/uploads\/2024\/10\/thu-nhoi-bong-hinh-con-khi-vai-tho-cam-01.png","contentUrl":"https:\/\/maison-chance.org\/shop\/wp-content\/uploads\/2024\/10\/thu-nhoi-bong-hinh-con-khi-vai-tho-cam-01.png","width":600,"height":600,"caption":"Singe en Peluche en Brocart"},{"@type":"BreadcrumbList","@id":"https:\/\/maison-chance.org\/shop\/fr\/produit\/singe-3#breadcrumb","itemListElement":[{"@type":"ListItem","position":1,"name":"Trang ch\u1ee7","item":"https:\/\/maison-chance.org\/shop\/fr"},{"@type":"ListItem","position":2,"name":"Boutique","item":"https:\/\/maison-chance.org\/shop\/shop"},{"@type":"ListItem","position":3,"name":"Singe"}]},{"@type":"WebSite","@id":"https:\/\/maison-chance.org\/shop\/fr#website","url":"https:\/\/maison-chance.org\/shop\/fr","name":"Nh\u00e0 May M\u1eafn - Maison Chance","description":"M\u1ecdi l\u1ee3i nhu\u1eadn thu v\u1ec1 t\u1eeb vi\u1ec7c b\u00e1n h\u00e0ng s\u1ebd tr\u00edch m\u1ed9t ph\u1ea7n \u0111\u1ec3 ch\u0103m lo cho \u0111\u1eddi s\u1ed1ng c\u00e1c b\u1ea1n khuy\u1ebft t\u1eadt v\u00e0 tr\u1ebb m\u1ed3 c\u00f4i \u1edf \u0111\u00e2y","publisher":{"@id":"https:\/\/maison-chance.org\/shop\/fr#organization"},"potentialAction":[{"@type":"SearchAction","target":{"@type":"EntryPoint","urlTemplate":"https:\/\/maison-chance.org\/shop\/fr?s={search_term_string}"},"query-input":{"@type":"PropertyValueSpecification","valueRequired":true,"valueName":"search_term_string"}}],"inLanguage":"fr-FR"},{"@type":"Organization","@id":"https:\/\/maison-chance.org\/shop\/fr#organization","name":"Nh\u00e0 May M\u1eafn - Maison Chance","url":"https:\/\/maison-chance.org\/shop\/fr","logo":{"@type":"ImageObject","inLanguage":"fr-FR","@id":"https:\/\/maison-chance.org\/shop\/fr#\/schema\/logo\/image\/","url":"https:\/\/maison-chance.org\/shop\/wp-content\/uploads\/2024\/03\/cropped-Logo_DNXH.png","contentUrl":"https:\/\/maison-chance.org\/shop\/wp-content\/uploads\/2024\/03\/cropped-Logo_DNXH.png","width":512,"height":512,"caption":"Nh\u00e0 May M\u1eafn - Maison Chance"},"image":{"@id":"https:\/\/maison-chance.org\/shop\/fr#\/schema\/logo\/image\/"},"sameAs":["https:\/\/www.facebook.com\/dnxh.nhamayman\/"]}]},"og_availability":"instock","product_availability":"instock","product_condition":"new"},"_links":{"self":[{"href":"https:\/\/maison-chance.org\/shop\/fr\/wp-json\/wp\/v2\/product\/40862","targetHints":{"allow":["GET"]}}],"collection":[{"href":"https:\/\/maison-chance.org\/shop\/fr\/wp-json\/wp\/v2\/product"}],"about":[{"href":"https:\/\/maison-chance.org\/shop\/fr\/wp-json\/wp\/v2\/types\/product"}],"wp:featuredmedia":[{"embeddable":true,"href":"https:\/\/maison-chance.org\/shop\/fr\/wp-json\/wp\/v2\/media\/40872"}],"wp:attachment":[{"href":"https:\/\/maison-chance.org\/shop\/fr\/wp-json\/wp\/v2\/media?parent=40862"}],"wp:term":[{"taxonomy":"product_brand","embeddable":true,"href":"https:\/\/maison-chance.org\/shop\/fr\/wp-json\/wp\/v2\/product_brand?post=40862"},{"taxonomy":"product_cat","embeddable":true,"href":"https:\/\/maison-chance.org\/shop\/fr\/wp-json\/wp\/v2\/product_cat?post=40862"},{"taxonomy":"product_tag","embeddable":true,"href":"https:\/\/maison-chance.org\/shop\/fr\/wp-json\/wp\/v2\/product_tag?post=40862"}],"curies":[{"name":"wp","href":"https:\/\/api.w.org\/{rel}","templated":true}]}}