{"id":40891,"date":"2024-10-28T07:20:59","date_gmt":"2024-10-28T00:20:59","guid":{"rendered":"https:\/\/maison-chance.org\/shop\/san-pham\/chevre-3"},"modified":"2025-03-17T09:43:57","modified_gmt":"2025-03-17T02:43:57","slug":"chevre-3","status":"publish","type":"product","link":"https:\/\/maison-chance.org\/shop\/fr\/produit\/chevre-3","title":{"rendered":"Ch\u00e8vre"},"content":{"rendered":"<p>Cr\u00e9\u00e9 par les mains habiles des tailleurs handicap\u00e9s de Maison Chance, le ch\u00e8vre en peluche en brocart est un produit artisanal unique impr\u00e9gn\u00e9 de l\u2019identit\u00e9 culturelle ethnique. Chaque article est une cristallisation de la patience, de la minutie et de l\u2019amour du m\u00e9tier de couture de ces artisans sp\u00e9ciaux, donnant vie \u00e0 des objets d\u00e9coratifs \u00e0 la fois esth\u00e9tiques et significatifs.<\/p>\n<p>La ch\u00e8vre en brocart (code TC09TB) est fabriqu\u00e9e \u00e0 partir de tissu de brocart traditionnel avec des motifs uniques refl\u00e9tant la riche culture des groupes ethniques du Vietnam. La palette de couleurs dominante bleu et blanc, associ\u00e9e \u00e0 des motifs g\u00e9om\u00e9triques caract\u00e9ristiques, cr\u00e9e une beaut\u00e9 rustique mais n\u00e9anmoins raffin\u00e9e.<\/p>\n<p data-start=\"867\" data-end=\"920\"><strong data-start=\"874\" data-end=\"918\">3 TAILLES \u2013 IL Y A TOUJOURS LA TAILLE QUE VOUS VOULEZ !<\/strong><\/p>\n<ul>\n<li data-start=\"921\" data-end=\"1143\">Petite (14\u00d715cm) \u2013 Tient dans la main, facile \u00e0 emporter partout.<\/li>\n<li data-start=\"921\" data-end=\"1143\">Moyenne (18\u00d720cm) \u2013 Parfaite pour les bureaux ou les coins d\u2019\u00e9tude, stimulant une \u00e9nergie positive.<\/li>\n<li data-start=\"921\" data-end=\"1143\">Grande et confortable (22\u00d724cm) \u2013 \u00c0 c\u00e2liner, douce et incroyablement apaisante !<\/li>\n<\/ul>\n<p><strong>CH\u00c8VRE &#8211; UN SYMBOLE DE CHANCE EN FENG SHUI<\/strong><\/p>\n<ul>\n<li>La ch\u00e8vre n\u2019est pas seulement un animal doux, elle porte \u00e9galement une signification profonde en feng shui :<\/li>\n<li>Symbole de r\u00e9silience et de pers\u00e9v\u00e9rance \u2013 Comme les ch\u00e8vres escaladant les montagnes, avan\u00e7ant sans rel\u00e2che malgr\u00e9 des chemins escarp\u00e9s.<\/li>\n<li>Apportant richesse et chance \u2013 On croit que la ch\u00e8vre attire une \u00e9nergie positive, favorisant prosp\u00e9rit\u00e9 et succ\u00e8s harmonieux.<\/li>\n<li>\u00c9voquant paix et bonheur \u2013 Avec son allure calme, la ch\u00e8vre en peluche repr\u00e9sente chaleur et pl\u00e9nitude.<\/li>\n<li>Surmontant les d\u00e9fis et insufflant de la force \u2013 Une petite ch\u00e8vre sur votre bureau agit comme un compagnon, vous rappelant de pers\u00e9v\u00e9rer.<\/li>\n<\/ul>\n<p>En particulier, ce produit est \u00e9galement id\u00e9al comme souvenir pour les touristes, gr\u00e2ce \u00e0 sa taille compacte facile \u00e0 transporter. Le tissu de brocart durable et magnifique est facile \u00e0 nettoyer et \u00e0 entretenir, garantissant que le produit conserve son charme initial au fil du temps.<\/p>\n<p>Chaque ch\u00e8vre en brocart n\u2019est pas seulement un objet d\u00e9coratif attrayant, mais aussi un t\u00e9moignage de la d\u00e9termination et du talent des tailleurs handicap\u00e9s de <a href=\"https:\/\/maison-chance.org\/shop\">Maison Chance<\/a>. En achetant ce produit, vous poss\u00e9dez non seulement un objet artisanal unique, mais vous contribuez \u00e9galement \u00e0 motiver et \u00e0 cr\u00e9er des opportunit\u00e9s d\u2019emploi pour ces artisans sp\u00e9ciaux.<\/p>\n<p><em>Achetez d\u00e8s aujourd\u2019hui \u2013 Pour que l\u2019amour touche plus de c\u0153urs !<\/em><\/p>\n","protected":false},"excerpt":{"rendered":"<p style=\"text-align: justify;\">Les produits sont fabriqu\u00e9s \u00e0 la main par des amis handicap\u00e9s d\u00e9favoris\u00e9s, demandant gentiment le soutien des clients estim\u00e9s.<\/p>\n<p>Mat\u00e9riau : Tissu brocart<\/p>\n<p>Code : TC09TB<\/p>\n<p>Hotline : <span style=\"font-size: 20px;\"><strong><span style=\"color: #ff0000;\">0909 06 25 28<\/span><\/strong><\/span><\/p>\n<p style=\"text-align: justify;\">Si vous \u00eates au Vietnam, veuillez nous contacter via la hotline ou la page fan de l&rsquo;entreprise Maison Chance pour conna\u00eetre le prix au Vietnam.<\/p>\n","protected":false},"featured_media":36956,"template":"","meta":[],"product_brand":[],"product_cat":[243,231],"product_tag":[],"class_list":{"0":"post-40891","1":"product","2":"type-product","3":"status-publish","4":"has-post-thumbnail","6":"product_cat-animal-en-peluche","7":"product_cat-atelier-de-couture","9":"first","10":"instock","11":"shipping-taxable","12":"purchasable","13":"product-type-variable"},"yoast_head":"<!-- This site is optimized with the Yoast SEO Premium plugin v22.7 (Yoast SEO v25.3.1) - https:\/\/yoast.com\/wordpress\/plugins\/seo\/ -->\n<title>Ch\u00e8vre - peluche en brocart - Nh\u00e0 May M\u1eafn - Maison Chance<\/title>\n<meta name=\"description\" content=\"La ch\u00e8vre en peluche en brocart est un produit artisanal unique riche en identit\u00e9 culturelle ethnique. Chaque produit est la cristallisation de la patience, de la m\u00e9ticulosit\u00e9 et de l&#039;amour du m\u00e9tier de ces artisans sp\u00e9ciaux, cr\u00e9ant des objets d\u00e9coratifs \u00e0 la fois beaux et significatifs\" \/>\n<meta name=\"robots\" content=\"index, follow, max-snippet:-1, max-image-preview:large, max-video-preview:-1\" \/>\n<link rel=\"canonical\" href=\"https:\/\/maison-chance.org\/shop\/fr\/produit\/chevre-3\" \/>\n<meta property=\"og:locale\" content=\"fr_FR\" \/>\n<meta property=\"og:type\" content=\"article\" \/>\n<meta property=\"og:title\" content=\"Ch\u00e8vre\" \/>\n<meta property=\"og:description\" content=\"La ch\u00e8vre en peluche en brocart est un produit artisanal unique riche en identit\u00e9 culturelle ethnique. Chaque produit est la cristallisation de la patience, de la m\u00e9ticulosit\u00e9 et de l&#039;amour du m\u00e9tier de ces artisans sp\u00e9ciaux, cr\u00e9ant des objets d\u00e9coratifs \u00e0 la fois beaux et significatifs\" \/>\n<meta property=\"og:url\" content=\"https:\/\/maison-chance.org\/shop\/fr\/produit\/chevre-3\" \/>\n<meta property=\"og:site_name\" content=\"Nh\u00e0 May M\u1eafn - Maison Chance\" \/>\n<meta property=\"article:publisher\" content=\"https:\/\/www.facebook.com\/dnxh.nhamayman\/\" \/>\n<meta property=\"article:modified_time\" content=\"2025-03-17T02:43:57+00:00\" \/>\n<meta property=\"og:image\" content=\"https:\/\/maison-chance.org\/shop\/wp-content\/uploads\/2024\/04\/thu-nhoi-bong-hinh-con-de-vai-tho-cam-1.jpg\" \/>\n\t<meta property=\"og:image:width\" content=\"600\" \/>\n\t<meta property=\"og:image:height\" content=\"600\" \/>\n\t<meta property=\"og:image:type\" content=\"image\/jpeg\" \/>\n<meta name=\"twitter:card\" content=\"summary_large_image\" \/>\n<meta name=\"twitter:label1\" content=\"Disponibilit\u00e9\" \/>\n\t<meta name=\"twitter:data1\" content=\"En stock\" \/>\n<script type=\"application\/ld+json\" class=\"yoast-schema-graph\">{\"@context\":\"https:\/\/schema.org\",\"@graph\":[{\"@type\":\"WebPage\",\"@id\":\"https:\/\/maison-chance.org\/shop\/fr\/produit\/chevre-3\",\"url\":\"https:\/\/maison-chance.org\/shop\/fr\/produit\/chevre-3\",\"name\":\"Ch\u00e8vre - peluche en brocart - Nh\u00e0 May M\u1eafn - Maison Chance\",\"isPartOf\":{\"@id\":\"https:\/\/maison-chance.org\/shop\/fr#website\"},\"primaryImageOfPage\":{\"@id\":\"https:\/\/maison-chance.org\/shop\/fr\/produit\/chevre-3#primaryimage\"},\"image\":{\"@id\":\"https:\/\/maison-chance.org\/shop\/fr\/produit\/chevre-3#primaryimage\"},\"thumbnailUrl\":\"https:\/\/maison-chance.org\/shop\/wp-content\/uploads\/2024\/04\/thu-nhoi-bong-hinh-con-de-vai-tho-cam-1.jpg\",\"datePublished\":\"2024-10-28T00:20:59+00:00\",\"dateModified\":\"2025-03-17T02:43:57+00:00\",\"description\":\"La ch\u00e8vre en peluche en brocart est un produit artisanal unique riche en identit\u00e9 culturelle ethnique. Chaque produit est la cristallisation de la patience, de la m\u00e9ticulosit\u00e9 et de l'amour du m\u00e9tier de ces artisans sp\u00e9ciaux, cr\u00e9ant des objets d\u00e9coratifs \u00e0 la fois beaux et significatifs\",\"breadcrumb\":{\"@id\":\"https:\/\/maison-chance.org\/shop\/fr\/produit\/chevre-3#breadcrumb\"},\"inLanguage\":\"fr-FR\",\"potentialAction\":[{\"@type\":\"ReadAction\",\"target\":[\"https:\/\/maison-chance.org\/shop\/fr\/produit\/chevre-3\"]}]},{\"@type\":\"ImageObject\",\"inLanguage\":\"fr-FR\",\"@id\":\"https:\/\/maison-chance.org\/shop\/fr\/produit\/chevre-3#primaryimage\",\"url\":\"https:\/\/maison-chance.org\/shop\/wp-content\/uploads\/2024\/04\/thu-nhoi-bong-hinh-con-de-vai-tho-cam-1.jpg\",\"contentUrl\":\"https:\/\/maison-chance.org\/shop\/wp-content\/uploads\/2024\/04\/thu-nhoi-bong-hinh-con-de-vai-tho-cam-1.jpg\",\"width\":600,\"height\":600,\"caption\":\"Ch\u00e8vre en Peluche en Brocart\"},{\"@type\":\"BreadcrumbList\",\"@id\":\"https:\/\/maison-chance.org\/shop\/fr\/produit\/chevre-3#breadcrumb\",\"itemListElement\":[{\"@type\":\"ListItem\",\"position\":1,\"name\":\"Trang ch\u1ee7\",\"item\":\"https:\/\/maison-chance.org\/shop\/fr\"},{\"@type\":\"ListItem\",\"position\":2,\"name\":\"Boutique\",\"item\":\"https:\/\/maison-chance.org\/shop\/shop\"},{\"@type\":\"ListItem\",\"position\":3,\"name\":\"Ch\u00e8vre\"}]},{\"@type\":\"WebSite\",\"@id\":\"https:\/\/maison-chance.org\/shop\/fr#website\",\"url\":\"https:\/\/maison-chance.org\/shop\/fr\",\"name\":\"Nh\u00e0 May M\u1eafn - Maison Chance\",\"description\":\"M\u1ecdi l\u1ee3i nhu\u1eadn thu v\u1ec1 t\u1eeb vi\u1ec7c b\u00e1n h\u00e0ng s\u1ebd tr\u00edch m\u1ed9t ph\u1ea7n \u0111\u1ec3 ch\u0103m lo cho \u0111\u1eddi s\u1ed1ng c\u00e1c b\u1ea1n khuy\u1ebft t\u1eadt v\u00e0 tr\u1ebb m\u1ed3 c\u00f4i \u1edf \u0111\u00e2y\",\"publisher\":{\"@id\":\"https:\/\/maison-chance.org\/shop\/fr#organization\"},\"potentialAction\":[{\"@type\":\"SearchAction\",\"target\":{\"@type\":\"EntryPoint\",\"urlTemplate\":\"https:\/\/maison-chance.org\/shop\/fr?s={search_term_string}\"},\"query-input\":{\"@type\":\"PropertyValueSpecification\",\"valueRequired\":true,\"valueName\":\"search_term_string\"}}],\"inLanguage\":\"fr-FR\"},{\"@type\":\"Organization\",\"@id\":\"https:\/\/maison-chance.org\/shop\/fr#organization\",\"name\":\"Nh\u00e0 May M\u1eafn - Maison Chance\",\"url\":\"https:\/\/maison-chance.org\/shop\/fr\",\"logo\":{\"@type\":\"ImageObject\",\"inLanguage\":\"fr-FR\",\"@id\":\"https:\/\/maison-chance.org\/shop\/fr#\/schema\/logo\/image\/\",\"url\":\"https:\/\/maison-chance.org\/shop\/wp-content\/uploads\/2024\/03\/cropped-Logo_DNXH.png\",\"contentUrl\":\"https:\/\/maison-chance.org\/shop\/wp-content\/uploads\/2024\/03\/cropped-Logo_DNXH.png\",\"width\":512,\"height\":512,\"caption\":\"Nh\u00e0 May M\u1eafn - Maison Chance\"},\"image\":{\"@id\":\"https:\/\/maison-chance.org\/shop\/fr#\/schema\/logo\/image\/\"},\"sameAs\":[\"https:\/\/www.facebook.com\/dnxh.nhamayman\/\"]}]}<\/script>\n<meta property=\"og:availability\" content=\"instock\" \/>\n<meta property=\"product:availability\" content=\"instock\" \/>\n<meta property=\"product:condition\" content=\"new\" \/>\n<!-- \/ Yoast SEO Premium plugin. -->","yoast_head_json":{"title":"Ch\u00e8vre - peluche en brocart - Nh\u00e0 May M\u1eafn - Maison Chance","description":"La ch\u00e8vre en peluche en brocart est un produit artisanal unique riche en identit\u00e9 culturelle ethnique. Chaque produit est la cristallisation de la patience, de la m\u00e9ticulosit\u00e9 et de l'amour du m\u00e9tier de ces artisans sp\u00e9ciaux, cr\u00e9ant des objets d\u00e9coratifs \u00e0 la fois beaux et significatifs","robots":{"index":"index","follow":"follow","max-snippet":"max-snippet:-1","max-image-preview":"max-image-preview:large","max-video-preview":"max-video-preview:-1"},"canonical":"https:\/\/maison-chance.org\/shop\/fr\/produit\/chevre-3","og_locale":"fr_FR","og_type":"article","og_title":"Ch\u00e8vre","og_description":"La ch\u00e8vre en peluche en brocart est un produit artisanal unique riche en identit\u00e9 culturelle ethnique. Chaque produit est la cristallisation de la patience, de la m\u00e9ticulosit\u00e9 et de l'amour du m\u00e9tier de ces artisans sp\u00e9ciaux, cr\u00e9ant des objets d\u00e9coratifs \u00e0 la fois beaux et significatifs","og_url":"https:\/\/maison-chance.org\/shop\/fr\/produit\/chevre-3","og_site_name":"Nh\u00e0 May M\u1eafn - Maison Chance","article_publisher":"https:\/\/www.facebook.com\/dnxh.nhamayman\/","article_modified_time":"2025-03-17T02:43:57+00:00","og_image":[{"width":600,"height":600,"url":"https:\/\/maison-chance.org\/shop\/wp-content\/uploads\/2024\/04\/thu-nhoi-bong-hinh-con-de-vai-tho-cam-1.jpg","type":"image\/jpeg"}],"twitter_card":"summary_large_image","twitter_misc":{"Disponibilit\u00e9":"En stock"},"schema":{"@context":"https:\/\/schema.org","@graph":[{"@type":"WebPage","@id":"https:\/\/maison-chance.org\/shop\/fr\/produit\/chevre-3","url":"https:\/\/maison-chance.org\/shop\/fr\/produit\/chevre-3","name":"Ch\u00e8vre - peluche en brocart - Nh\u00e0 May M\u1eafn - Maison Chance","isPartOf":{"@id":"https:\/\/maison-chance.org\/shop\/fr#website"},"primaryImageOfPage":{"@id":"https:\/\/maison-chance.org\/shop\/fr\/produit\/chevre-3#primaryimage"},"image":{"@id":"https:\/\/maison-chance.org\/shop\/fr\/produit\/chevre-3#primaryimage"},"thumbnailUrl":"https:\/\/maison-chance.org\/shop\/wp-content\/uploads\/2024\/04\/thu-nhoi-bong-hinh-con-de-vai-tho-cam-1.jpg","datePublished":"2024-10-28T00:20:59+00:00","dateModified":"2025-03-17T02:43:57+00:00","description":"La ch\u00e8vre en peluche en brocart est un produit artisanal unique riche en identit\u00e9 culturelle ethnique. Chaque produit est la cristallisation de la patience, de la m\u00e9ticulosit\u00e9 et de l'amour du m\u00e9tier de ces artisans sp\u00e9ciaux, cr\u00e9ant des objets d\u00e9coratifs \u00e0 la fois beaux et significatifs","breadcrumb":{"@id":"https:\/\/maison-chance.org\/shop\/fr\/produit\/chevre-3#breadcrumb"},"inLanguage":"fr-FR","potentialAction":[{"@type":"ReadAction","target":["https:\/\/maison-chance.org\/shop\/fr\/produit\/chevre-3"]}]},{"@type":"ImageObject","inLanguage":"fr-FR","@id":"https:\/\/maison-chance.org\/shop\/fr\/produit\/chevre-3#primaryimage","url":"https:\/\/maison-chance.org\/shop\/wp-content\/uploads\/2024\/04\/thu-nhoi-bong-hinh-con-de-vai-tho-cam-1.jpg","contentUrl":"https:\/\/maison-chance.org\/shop\/wp-content\/uploads\/2024\/04\/thu-nhoi-bong-hinh-con-de-vai-tho-cam-1.jpg","width":600,"height":600,"caption":"Ch\u00e8vre en Peluche en Brocart"},{"@type":"BreadcrumbList","@id":"https:\/\/maison-chance.org\/shop\/fr\/produit\/chevre-3#breadcrumb","itemListElement":[{"@type":"ListItem","position":1,"name":"Trang ch\u1ee7","item":"https:\/\/maison-chance.org\/shop\/fr"},{"@type":"ListItem","position":2,"name":"Boutique","item":"https:\/\/maison-chance.org\/shop\/shop"},{"@type":"ListItem","position":3,"name":"Ch\u00e8vre"}]},{"@type":"WebSite","@id":"https:\/\/maison-chance.org\/shop\/fr#website","url":"https:\/\/maison-chance.org\/shop\/fr","name":"Nh\u00e0 May M\u1eafn - Maison Chance","description":"M\u1ecdi l\u1ee3i nhu\u1eadn thu v\u1ec1 t\u1eeb vi\u1ec7c b\u00e1n h\u00e0ng s\u1ebd tr\u00edch m\u1ed9t ph\u1ea7n \u0111\u1ec3 ch\u0103m lo cho \u0111\u1eddi s\u1ed1ng c\u00e1c b\u1ea1n khuy\u1ebft t\u1eadt v\u00e0 tr\u1ebb m\u1ed3 c\u00f4i \u1edf \u0111\u00e2y","publisher":{"@id":"https:\/\/maison-chance.org\/shop\/fr#organization"},"potentialAction":[{"@type":"SearchAction","target":{"@type":"EntryPoint","urlTemplate":"https:\/\/maison-chance.org\/shop\/fr?s={search_term_string}"},"query-input":{"@type":"PropertyValueSpecification","valueRequired":true,"valueName":"search_term_string"}}],"inLanguage":"fr-FR"},{"@type":"Organization","@id":"https:\/\/maison-chance.org\/shop\/fr#organization","name":"Nh\u00e0 May M\u1eafn - Maison Chance","url":"https:\/\/maison-chance.org\/shop\/fr","logo":{"@type":"ImageObject","inLanguage":"fr-FR","@id":"https:\/\/maison-chance.org\/shop\/fr#\/schema\/logo\/image\/","url":"https:\/\/maison-chance.org\/shop\/wp-content\/uploads\/2024\/03\/cropped-Logo_DNXH.png","contentUrl":"https:\/\/maison-chance.org\/shop\/wp-content\/uploads\/2024\/03\/cropped-Logo_DNXH.png","width":512,"height":512,"caption":"Nh\u00e0 May M\u1eafn - Maison Chance"},"image":{"@id":"https:\/\/maison-chance.org\/shop\/fr#\/schema\/logo\/image\/"},"sameAs":["https:\/\/www.facebook.com\/dnxh.nhamayman\/"]}]},"og_availability":"instock","product_availability":"instock","product_condition":"new"},"_links":{"self":[{"href":"https:\/\/maison-chance.org\/shop\/fr\/wp-json\/wp\/v2\/product\/40891","targetHints":{"allow":["GET"]}}],"collection":[{"href":"https:\/\/maison-chance.org\/shop\/fr\/wp-json\/wp\/v2\/product"}],"about":[{"href":"https:\/\/maison-chance.org\/shop\/fr\/wp-json\/wp\/v2\/types\/product"}],"wp:featuredmedia":[{"embeddable":true,"href":"https:\/\/maison-chance.org\/shop\/fr\/wp-json\/wp\/v2\/media\/36956"}],"wp:attachment":[{"href":"https:\/\/maison-chance.org\/shop\/fr\/wp-json\/wp\/v2\/media?parent=40891"}],"wp:term":[{"taxonomy":"product_brand","embeddable":true,"href":"https:\/\/maison-chance.org\/shop\/fr\/wp-json\/wp\/v2\/product_brand?post=40891"},{"taxonomy":"product_cat","embeddable":true,"href":"https:\/\/maison-chance.org\/shop\/fr\/wp-json\/wp\/v2\/product_cat?post=40891"},{"taxonomy":"product_tag","embeddable":true,"href":"https:\/\/maison-chance.org\/shop\/fr\/wp-json\/wp\/v2\/product_tag?post=40891"}],"curies":[{"name":"wp","href":"https:\/\/api.w.org\/{rel}","templated":true}]}}