{"id":40931,"date":"2024-11-05T07:00:15","date_gmt":"2024-11-05T00:00:15","guid":{"rendered":"https:\/\/maison-chance.org\/shop\/san-pham\/cheval-3"},"modified":"2025-03-17T09:53:29","modified_gmt":"2025-03-17T02:53:29","slug":"cheval-3","status":"publish","type":"product","link":"https:\/\/maison-chance.org\/shop\/fr\/produit\/cheval-3","title":{"rendered":"Cheval"},"content":{"rendered":"<p style=\"text-align: justify;\">Dans l\u2019atmosph\u00e8re chaleureuse de Maison Chance, les tailleurs handicap\u00e9s travaillent sans rel\u00e2che pour cr\u00e9er des produits artisanaux uniques, dont ces adorables chevaux en tissu de brocart. D\u00e9couvrez le \u00ab\u00a0Cheval en Peluche en Brocart\u00a0\u00bb \u2013 un petit cheval dot\u00e9 d\u2019un esprit puissant, vous aidant \u00e0 repousser toutes les limites et \u00e0 galoper vers l\u2019avant comme un v\u00e9ritable \u00ab\u00a0cheval de guerre\u00a0\u00bb !<\/p>\n<p><strong>DESIGN DE CHEVAL FENG SHUI \u2013 MAGNIFIQUE JUSQU\u2019AU MOINDRE D\u00c9TAIL !<\/strong><\/p>\n<ul>\n<li>Crini\u00e8re et queue en fibres blanches douces \u2013 Flottantes comme des nuages, ajoutant une touche d\u2019\u00e9l\u00e9gance au cheval.<\/li>\n<li>Quatre petites pattes noires \u2013 Stables sur toutes les surfaces, pr\u00eates \u00e0 \u00ab\u00a0galoper\u00a0\u00bb \u00e0 vos c\u00f4t\u00e9s !<\/li>\n<li>Tissu de brocart unique \u2013 Un m\u00e9lange raffin\u00e9 de motifs traditionnels et de style moderne.<\/li>\n<li>Couleurs vives et motifs accrocheurs \u2013 Permettant au cheval de se d\u00e9marquer partout, du bureau aux \u00e9tag\u00e8res d\u2019exposition.<\/li>\n<\/ul>\n<p style=\"text-align: justify;\">Avec trois tailles vari\u00e9es (14x15cm, 15x21cm et 22x24cm), l\u2019animal en peluche en forme de cheval en brocart peut convenir \u00e0 diff\u00e9rents espaces d\u00e9coratifs. Plac\u00e9 sur une \u00e9tag\u00e8re dans la chambre d\u2019\u00e9tude d\u2019un enfant, ce cheval n\u2019est pas seulement un accent mignon, mais stimule \u00e9galement l\u2019imagination des petits. Dans le salon, il peut \u00eatre dispos\u00e9 sur une \u00e9tag\u00e8re d\u00e9corative avec d\u2019autres objets faits main, cr\u00e9ant un coin empreint de charme ethnique et de convivialit\u00e9.<\/p>\n<p style=\"text-align: justify;\">En ramenant chez vous un cheval en tissu de brocart (code produit TC08TB), vous n\u2019acqu\u00e9rez pas seulement une pi\u00e8ce d\u00e9corative unique, mais vous soutenez \u00e9galement le travail significatif des tailleurs handicap\u00e9s de Maison Chance. Chaque produit vendu repr\u00e9sente une opportunit\u00e9 d\u2019emploi et une source de revenus pr\u00e9cieuse, les aidant \u00e0 gagner en confiance dans la vie et \u00e0 poursuivre leur passion pour la couture.<\/p>\n<p style=\"text-align: justify;\">Ouvrez grand vos bras et accueillez ces cadeaux artisanaux empreints de sens. Chaque cheval en brocart n\u2019est pas seulement une \u0153uvre d\u2019art faite main, mais aussi un pont d\u2019amour, apportant joie et espoir aux tailleurs de <a href=\"https:\/\/maison-chance.org\/shop\">Maison Chance<\/a>. Contactez-nous d\u00e8s aujourd\u2019hui pour poss\u00e9der ces adorables chevaux en brocart et contribuer \u00e0 diffuser de belles valeurs au sein de la communaut\u00e9.<\/p>\n<p><em><strong>CHEVAL EN PELUCHE EN BROCAST &#8211; GALOPANT AVEC CHANCE, CHARGEANT VERS LA RICHESSE !<\/strong><\/em><\/p>\n","protected":false},"excerpt":{"rendered":"<p style=\"text-align: justify;\">Les produits sont fabriqu\u00e9s \u00e0 la main par des artisans handicap\u00e9s qui esp\u00e8rent sinc\u00e8rement votre soutien.<\/p>\n<p>Mat\u00e9riau : Tissu brod\u00e9<\/p>\n<p>Code : TC08TB<\/p>\n<p>Hotline : <span style=\"font-size: 20px;\"><strong><span style=\"color: #ff0000;\">0909 06 25 28<\/span><\/strong><\/span><\/p>\n<p style=\"text-align: justify;\">Si vous \u00eates au Vietnam, veuillez nous contacter via la hotline ou la page fan de Maison Chance pour conna\u00eetre le prix au Vietnam.<\/p>\n","protected":false},"featured_media":36770,"template":"","meta":[],"product_brand":[],"product_cat":[243,231],"product_tag":[],"class_list":{"0":"post-40931","1":"product","2":"type-product","3":"status-publish","4":"has-post-thumbnail","6":"product_cat-animal-en-peluche","7":"product_cat-atelier-de-couture","9":"first","10":"instock","11":"shipping-taxable","12":"purchasable","13":"product-type-variable"},"yoast_head":"<!-- This site is optimized with the Yoast SEO Premium plugin v22.7 (Yoast SEO v25.3.1) - https:\/\/yoast.com\/wordpress\/plugins\/seo\/ -->\n<title>Cheval - jouet en tissu brod\u00e9 - Nh\u00e0 May M\u1eafn - Maison Chance<\/title>\n<meta name=\"description\" content=\"Le jouet cheval en tissu brod\u00e9 est fabriqu\u00e9 \u00e0 la main avec des motifs traditionnels uniques, m\u00e9langeant des couleurs harmonieuses comme le violet, le bleu, le rouge et le rose.\" \/>\n<meta name=\"robots\" content=\"index, follow, max-snippet:-1, max-image-preview:large, max-video-preview:-1\" \/>\n<link rel=\"canonical\" href=\"https:\/\/maison-chance.org\/shop\/fr\/produit\/cheval-3\" \/>\n<meta property=\"og:locale\" content=\"fr_FR\" \/>\n<meta property=\"og:type\" content=\"article\" \/>\n<meta property=\"og:title\" content=\"Cheval\" \/>\n<meta property=\"og:description\" content=\"Le jouet cheval en tissu brod\u00e9 est fabriqu\u00e9 \u00e0 la main avec des motifs traditionnels uniques, m\u00e9langeant des couleurs harmonieuses comme le violet, le bleu, le rouge et le rose.\" \/>\n<meta property=\"og:url\" content=\"https:\/\/maison-chance.org\/shop\/fr\/produit\/cheval-3\" \/>\n<meta property=\"og:site_name\" content=\"Nh\u00e0 May M\u1eafn - Maison Chance\" \/>\n<meta property=\"article:publisher\" content=\"https:\/\/www.facebook.com\/dnxh.nhamayman\/\" \/>\n<meta property=\"article:modified_time\" content=\"2025-03-17T02:53:29+00:00\" \/>\n<meta property=\"og:image\" content=\"https:\/\/maison-chance.org\/shop\/wp-content\/uploads\/2024\/04\/thu-nhoi-bong-hinh-con-ngua-vai-tho-cam-1.jpg\" \/>\n\t<meta property=\"og:image:width\" content=\"600\" \/>\n\t<meta property=\"og:image:height\" content=\"600\" \/>\n\t<meta property=\"og:image:type\" content=\"image\/jpeg\" \/>\n<meta name=\"twitter:card\" content=\"summary_large_image\" \/>\n<meta name=\"twitter:label1\" content=\"Disponibilit\u00e9\" \/>\n\t<meta name=\"twitter:data1\" content=\"En stock\" \/>\n<script type=\"application\/ld+json\" class=\"yoast-schema-graph\">{\"@context\":\"https:\/\/schema.org\",\"@graph\":[{\"@type\":\"WebPage\",\"@id\":\"https:\/\/maison-chance.org\/shop\/fr\/produit\/cheval-3\",\"url\":\"https:\/\/maison-chance.org\/shop\/fr\/produit\/cheval-3\",\"name\":\"Cheval - jouet en tissu brod\u00e9 - Nh\u00e0 May M\u1eafn - Maison Chance\",\"isPartOf\":{\"@id\":\"https:\/\/maison-chance.org\/shop\/fr#website\"},\"primaryImageOfPage\":{\"@id\":\"https:\/\/maison-chance.org\/shop\/fr\/produit\/cheval-3#primaryimage\"},\"image\":{\"@id\":\"https:\/\/maison-chance.org\/shop\/fr\/produit\/cheval-3#primaryimage\"},\"thumbnailUrl\":\"https:\/\/maison-chance.org\/shop\/wp-content\/uploads\/2024\/04\/thu-nhoi-bong-hinh-con-ngua-vai-tho-cam-1.jpg\",\"datePublished\":\"2024-11-05T00:00:15+00:00\",\"dateModified\":\"2025-03-17T02:53:29+00:00\",\"description\":\"Le jouet cheval en tissu brod\u00e9 est fabriqu\u00e9 \u00e0 la main avec des motifs traditionnels uniques, m\u00e9langeant des couleurs harmonieuses comme le violet, le bleu, le rouge et le rose.\",\"breadcrumb\":{\"@id\":\"https:\/\/maison-chance.org\/shop\/fr\/produit\/cheval-3#breadcrumb\"},\"inLanguage\":\"fr-FR\",\"potentialAction\":[{\"@type\":\"ReadAction\",\"target\":[\"https:\/\/maison-chance.org\/shop\/fr\/produit\/cheval-3\"]}]},{\"@type\":\"ImageObject\",\"inLanguage\":\"fr-FR\",\"@id\":\"https:\/\/maison-chance.org\/shop\/fr\/produit\/cheval-3#primaryimage\",\"url\":\"https:\/\/maison-chance.org\/shop\/wp-content\/uploads\/2024\/04\/thu-nhoi-bong-hinh-con-ngua-vai-tho-cam-1.jpg\",\"contentUrl\":\"https:\/\/maison-chance.org\/shop\/wp-content\/uploads\/2024\/04\/thu-nhoi-bong-hinh-con-ngua-vai-tho-cam-1.jpg\",\"width\":600,\"height\":600,\"caption\":\"Jouet Cheval en Tissu Brod\u00e9\"},{\"@type\":\"BreadcrumbList\",\"@id\":\"https:\/\/maison-chance.org\/shop\/fr\/produit\/cheval-3#breadcrumb\",\"itemListElement\":[{\"@type\":\"ListItem\",\"position\":1,\"name\":\"Trang ch\u1ee7\",\"item\":\"https:\/\/maison-chance.org\/shop\/fr\"},{\"@type\":\"ListItem\",\"position\":2,\"name\":\"Boutique\",\"item\":\"https:\/\/maison-chance.org\/shop\/shop\"},{\"@type\":\"ListItem\",\"position\":3,\"name\":\"Cheval\"}]},{\"@type\":\"WebSite\",\"@id\":\"https:\/\/maison-chance.org\/shop\/fr#website\",\"url\":\"https:\/\/maison-chance.org\/shop\/fr\",\"name\":\"Nh\u00e0 May M\u1eafn - Maison Chance\",\"description\":\"M\u1ecdi l\u1ee3i nhu\u1eadn thu v\u1ec1 t\u1eeb vi\u1ec7c b\u00e1n h\u00e0ng s\u1ebd tr\u00edch m\u1ed9t ph\u1ea7n \u0111\u1ec3 ch\u0103m lo cho \u0111\u1eddi s\u1ed1ng c\u00e1c b\u1ea1n khuy\u1ebft t\u1eadt v\u00e0 tr\u1ebb m\u1ed3 c\u00f4i \u1edf \u0111\u00e2y\",\"publisher\":{\"@id\":\"https:\/\/maison-chance.org\/shop\/fr#organization\"},\"potentialAction\":[{\"@type\":\"SearchAction\",\"target\":{\"@type\":\"EntryPoint\",\"urlTemplate\":\"https:\/\/maison-chance.org\/shop\/fr?s={search_term_string}\"},\"query-input\":{\"@type\":\"PropertyValueSpecification\",\"valueRequired\":true,\"valueName\":\"search_term_string\"}}],\"inLanguage\":\"fr-FR\"},{\"@type\":\"Organization\",\"@id\":\"https:\/\/maison-chance.org\/shop\/fr#organization\",\"name\":\"Nh\u00e0 May M\u1eafn - Maison Chance\",\"url\":\"https:\/\/maison-chance.org\/shop\/fr\",\"logo\":{\"@type\":\"ImageObject\",\"inLanguage\":\"fr-FR\",\"@id\":\"https:\/\/maison-chance.org\/shop\/fr#\/schema\/logo\/image\/\",\"url\":\"https:\/\/maison-chance.org\/shop\/wp-content\/uploads\/2024\/03\/cropped-Logo_DNXH.png\",\"contentUrl\":\"https:\/\/maison-chance.org\/shop\/wp-content\/uploads\/2024\/03\/cropped-Logo_DNXH.png\",\"width\":512,\"height\":512,\"caption\":\"Nh\u00e0 May M\u1eafn - Maison Chance\"},\"image\":{\"@id\":\"https:\/\/maison-chance.org\/shop\/fr#\/schema\/logo\/image\/\"},\"sameAs\":[\"https:\/\/www.facebook.com\/dnxh.nhamayman\/\"]}]}<\/script>\n<meta property=\"og:availability\" content=\"instock\" \/>\n<meta property=\"product:availability\" content=\"instock\" \/>\n<meta property=\"product:condition\" content=\"new\" \/>\n<!-- \/ Yoast SEO Premium plugin. -->","yoast_head_json":{"title":"Cheval - jouet en tissu brod\u00e9 - Nh\u00e0 May M\u1eafn - Maison Chance","description":"Le jouet cheval en tissu brod\u00e9 est fabriqu\u00e9 \u00e0 la main avec des motifs traditionnels uniques, m\u00e9langeant des couleurs harmonieuses comme le violet, le bleu, le rouge et le rose.","robots":{"index":"index","follow":"follow","max-snippet":"max-snippet:-1","max-image-preview":"max-image-preview:large","max-video-preview":"max-video-preview:-1"},"canonical":"https:\/\/maison-chance.org\/shop\/fr\/produit\/cheval-3","og_locale":"fr_FR","og_type":"article","og_title":"Cheval","og_description":"Le jouet cheval en tissu brod\u00e9 est fabriqu\u00e9 \u00e0 la main avec des motifs traditionnels uniques, m\u00e9langeant des couleurs harmonieuses comme le violet, le bleu, le rouge et le rose.","og_url":"https:\/\/maison-chance.org\/shop\/fr\/produit\/cheval-3","og_site_name":"Nh\u00e0 May M\u1eafn - Maison Chance","article_publisher":"https:\/\/www.facebook.com\/dnxh.nhamayman\/","article_modified_time":"2025-03-17T02:53:29+00:00","og_image":[{"width":600,"height":600,"url":"https:\/\/maison-chance.org\/shop\/wp-content\/uploads\/2024\/04\/thu-nhoi-bong-hinh-con-ngua-vai-tho-cam-1.jpg","type":"image\/jpeg"}],"twitter_card":"summary_large_image","twitter_misc":{"Disponibilit\u00e9":"En stock"},"schema":{"@context":"https:\/\/schema.org","@graph":[{"@type":"WebPage","@id":"https:\/\/maison-chance.org\/shop\/fr\/produit\/cheval-3","url":"https:\/\/maison-chance.org\/shop\/fr\/produit\/cheval-3","name":"Cheval - jouet en tissu brod\u00e9 - Nh\u00e0 May M\u1eafn - Maison Chance","isPartOf":{"@id":"https:\/\/maison-chance.org\/shop\/fr#website"},"primaryImageOfPage":{"@id":"https:\/\/maison-chance.org\/shop\/fr\/produit\/cheval-3#primaryimage"},"image":{"@id":"https:\/\/maison-chance.org\/shop\/fr\/produit\/cheval-3#primaryimage"},"thumbnailUrl":"https:\/\/maison-chance.org\/shop\/wp-content\/uploads\/2024\/04\/thu-nhoi-bong-hinh-con-ngua-vai-tho-cam-1.jpg","datePublished":"2024-11-05T00:00:15+00:00","dateModified":"2025-03-17T02:53:29+00:00","description":"Le jouet cheval en tissu brod\u00e9 est fabriqu\u00e9 \u00e0 la main avec des motifs traditionnels uniques, m\u00e9langeant des couleurs harmonieuses comme le violet, le bleu, le rouge et le rose.","breadcrumb":{"@id":"https:\/\/maison-chance.org\/shop\/fr\/produit\/cheval-3#breadcrumb"},"inLanguage":"fr-FR","potentialAction":[{"@type":"ReadAction","target":["https:\/\/maison-chance.org\/shop\/fr\/produit\/cheval-3"]}]},{"@type":"ImageObject","inLanguage":"fr-FR","@id":"https:\/\/maison-chance.org\/shop\/fr\/produit\/cheval-3#primaryimage","url":"https:\/\/maison-chance.org\/shop\/wp-content\/uploads\/2024\/04\/thu-nhoi-bong-hinh-con-ngua-vai-tho-cam-1.jpg","contentUrl":"https:\/\/maison-chance.org\/shop\/wp-content\/uploads\/2024\/04\/thu-nhoi-bong-hinh-con-ngua-vai-tho-cam-1.jpg","width":600,"height":600,"caption":"Jouet Cheval en Tissu Brod\u00e9"},{"@type":"BreadcrumbList","@id":"https:\/\/maison-chance.org\/shop\/fr\/produit\/cheval-3#breadcrumb","itemListElement":[{"@type":"ListItem","position":1,"name":"Trang ch\u1ee7","item":"https:\/\/maison-chance.org\/shop\/fr"},{"@type":"ListItem","position":2,"name":"Boutique","item":"https:\/\/maison-chance.org\/shop\/shop"},{"@type":"ListItem","position":3,"name":"Cheval"}]},{"@type":"WebSite","@id":"https:\/\/maison-chance.org\/shop\/fr#website","url":"https:\/\/maison-chance.org\/shop\/fr","name":"Nh\u00e0 May M\u1eafn - Maison Chance","description":"M\u1ecdi l\u1ee3i nhu\u1eadn thu v\u1ec1 t\u1eeb vi\u1ec7c b\u00e1n h\u00e0ng s\u1ebd tr\u00edch m\u1ed9t ph\u1ea7n \u0111\u1ec3 ch\u0103m lo cho \u0111\u1eddi s\u1ed1ng c\u00e1c b\u1ea1n khuy\u1ebft t\u1eadt v\u00e0 tr\u1ebb m\u1ed3 c\u00f4i \u1edf \u0111\u00e2y","publisher":{"@id":"https:\/\/maison-chance.org\/shop\/fr#organization"},"potentialAction":[{"@type":"SearchAction","target":{"@type":"EntryPoint","urlTemplate":"https:\/\/maison-chance.org\/shop\/fr?s={search_term_string}"},"query-input":{"@type":"PropertyValueSpecification","valueRequired":true,"valueName":"search_term_string"}}],"inLanguage":"fr-FR"},{"@type":"Organization","@id":"https:\/\/maison-chance.org\/shop\/fr#organization","name":"Nh\u00e0 May M\u1eafn - Maison Chance","url":"https:\/\/maison-chance.org\/shop\/fr","logo":{"@type":"ImageObject","inLanguage":"fr-FR","@id":"https:\/\/maison-chance.org\/shop\/fr#\/schema\/logo\/image\/","url":"https:\/\/maison-chance.org\/shop\/wp-content\/uploads\/2024\/03\/cropped-Logo_DNXH.png","contentUrl":"https:\/\/maison-chance.org\/shop\/wp-content\/uploads\/2024\/03\/cropped-Logo_DNXH.png","width":512,"height":512,"caption":"Nh\u00e0 May M\u1eafn - Maison Chance"},"image":{"@id":"https:\/\/maison-chance.org\/shop\/fr#\/schema\/logo\/image\/"},"sameAs":["https:\/\/www.facebook.com\/dnxh.nhamayman\/"]}]},"og_availability":"instock","product_availability":"instock","product_condition":"new"},"_links":{"self":[{"href":"https:\/\/maison-chance.org\/shop\/fr\/wp-json\/wp\/v2\/product\/40931","targetHints":{"allow":["GET"]}}],"collection":[{"href":"https:\/\/maison-chance.org\/shop\/fr\/wp-json\/wp\/v2\/product"}],"about":[{"href":"https:\/\/maison-chance.org\/shop\/fr\/wp-json\/wp\/v2\/types\/product"}],"wp:featuredmedia":[{"embeddable":true,"href":"https:\/\/maison-chance.org\/shop\/fr\/wp-json\/wp\/v2\/media\/36770"}],"wp:attachment":[{"href":"https:\/\/maison-chance.org\/shop\/fr\/wp-json\/wp\/v2\/media?parent=40931"}],"wp:term":[{"taxonomy":"product_brand","embeddable":true,"href":"https:\/\/maison-chance.org\/shop\/fr\/wp-json\/wp\/v2\/product_brand?post=40931"},{"taxonomy":"product_cat","embeddable":true,"href":"https:\/\/maison-chance.org\/shop\/fr\/wp-json\/wp\/v2\/product_cat?post=40931"},{"taxonomy":"product_tag","embeddable":true,"href":"https:\/\/maison-chance.org\/shop\/fr\/wp-json\/wp\/v2\/product_tag?post=40931"}],"curies":[{"name":"wp","href":"https:\/\/api.w.org\/{rel}","templated":true}]}}