{"id":40944,"date":"2024-11-05T07:05:43","date_gmt":"2024-11-05T00:05:43","guid":{"rendered":"https:\/\/maison-chance.org\/shop\/san-pham\/serpent-3"},"modified":"2025-03-17T09:58:54","modified_gmt":"2025-03-17T02:58:54","slug":"serpent-3","status":"publish","type":"product","link":"https:\/\/maison-chance.org\/shop\/fr\/produit\/serpent-3","title":{"rendered":"Serpent"},"content":{"rendered":"<p style=\"text-align: justify;\">Dans la culture orientale, le serpent est un symbole de sagesse, d\u2019autorit\u00e9 et de force. Porter un serpent sur soi renforce l\u2019intelligence, la flexibilit\u00e9 et l\u2019agilit\u00e9 dans la vie. De plus, le serpent repr\u00e9sente la richesse, attirant la bonne fortune et prot\u00e9geant son propri\u00e9taire des malheurs. Pour ceux qui recherchent une transformation positive et des perc\u00e9es, le serpent est le compagnon spirituel id\u00e9al !<\/p>\n<p style=\"text-align: justify;\">Le produit animal en peluche se distingue par son design de serpent enroul\u00e9 dynamique, confectionn\u00e9 \u00e0 partir de tissu de brocart haut de gamme (code TC07TB). La t\u00eate du serpent, en bleu avec des motifs d\u00e9licats de flocons de neige blancs, est orn\u00e9e d\u2019yeux noirs brillants et d\u2019une langue rouge vif, cr\u00e9ant un accent unique et saisissant. Le corps est fait de tissu de brocart rose avec des motifs g\u00e9om\u00e9triques traditionnels, offrant une harmonie visuelle.<\/p>\n<p style=\"text-align: justify;\">Avec trois tailles vari\u00e9es (4\u00d77cm, 5\u00d79cm, 6\u00d712cm), le serpent en tissu de brocart s\u2019adapte \u00e0 divers espaces d\u00e9coratifs. Plac\u00e9 sur un bureau d\u2019\u00e9tude, une \u00e9tag\u00e8re ou un coin de travail, ce produit n\u2019est pas seulement un objet d\u00e9coratif charmant, mais il apporte \u00e9galement chance et \u00e9nergie positive. Les courbes douces du serpent nous rappellent la souplesse et la capacit\u00e9 d\u2019adaptation dans la vie.<\/p>\n<p>Pour votre bureau \u2013 Stimule la concentration et l\u2019intellect !<br data-start=\"1848\" data-end=\"1851\" \/>Comme cadeau \u2013 Un pr\u00e9sent empreint de feng shui et d\u2019une attention sinc\u00e8re.<br data-start=\"1934\" data-end=\"1937\" \/>Pour la d\u00e9coration int\u00e9rieure \u2013 Cr\u00e9e un espace harmonieux, attirant l\u2019\u00e9nergie positive. Maintient la chance et repousse les malheurs !<\/p>\n<p>Chaque petit serpent est fa\u00e7onn\u00e9 par les mains talentueuses de personnes handicap\u00e9es \u2013 des individus qui ont surmont\u00e9 leur destin pour tisser chaque point avec sens. Chaque produit est unique, fabriqu\u00e9 \u00e0 la main avec une grande minutie, refl\u00e9tant l\u2019affection et l\u2019estime du donneur envers le destinataire.<\/p>\n<p style=\"text-align: justify;\">En ramenant chez vous un serpent en tissu de brocart, vous acqu\u00e9rez non seulement une pi\u00e8ce d\u00e9corative unique, mais vous soutenez \u00e9galement les tailleurs handicap\u00e9s de <a href=\"https:\/\/maison-chance.org\/shop\">Maison Chance<\/a>. Chaque vente renforce la motivation, la foi et l\u2019espoir de ces artisans sp\u00e9ciaux. Ouvre votre c\u0153ur et accueillez ces cadeaux significatifs de Maison Chance \u2013 un lieu o\u00f9 les limites se transforment en merveilles.<\/p>\n<p><em>Serpent en brocart \u2013 Petit et charmant, richesse durable, amour partag\u00e9 !<\/em><\/p>\n","protected":false},"excerpt":{"rendered":"<p style=\"text-align: justify;\">Fabriqu\u00e9 \u00e0 la main par des artisans handicap\u00e9s moins fortun\u00e9s, nous esp\u00e9rons sinc\u00e8rement recevoir le soutien de nos pr\u00e9cieux clients.<\/p>\n<p>Mat\u00e9riau : Tissu brod\u00e9<\/p>\n<p>Code : TC07TB<\/p>\n<p>Hotline : <span style=\"font-size: 20px;\"><strong><span style=\"color: #ff0000;\">0909 06 25 28<\/span><\/strong><\/span><\/p>\n<p style=\"text-align: justify;\">Si vous \u00eates au Vietnam, veuillez nous contacter via la hotline ou la page fan de Maison Chance pour conna\u00eetre le prix au Vietnam.<\/p>\n","protected":false},"featured_media":36971,"template":"","meta":[],"product_brand":[],"product_cat":[243,231],"product_tag":[],"class_list":{"0":"post-40944","1":"product","2":"type-product","3":"status-publish","4":"has-post-thumbnail","6":"product_cat-animal-en-peluche","7":"product_cat-atelier-de-couture","9":"first","10":"instock","11":"shipping-taxable","12":"purchasable","13":"product-type-variable"},"yoast_head":"<!-- This site is optimized with the Yoast SEO Premium plugin v22.7 (Yoast SEO v25.3.1) - https:\/\/yoast.com\/wordpress\/plugins\/seo\/ -->\n<title>Serpent - serpent en tissu brod\u00e9 - Nh\u00e0 May M\u1eafn - Maison Chance<\/title>\n<meta name=\"description\" content=\"Le serpent en tissu brod\u00e9 est l\u2019un des produits embl\u00e9matiques cr\u00e9\u00e9s par les mains habiles des couturiers handicap\u00e9s de Maison Chance.\" \/>\n<meta name=\"robots\" content=\"index, follow, max-snippet:-1, max-image-preview:large, max-video-preview:-1\" \/>\n<link rel=\"canonical\" href=\"https:\/\/maison-chance.org\/shop\/fr\/produit\/serpent-3\" \/>\n<meta property=\"og:locale\" content=\"fr_FR\" \/>\n<meta property=\"og:type\" content=\"article\" \/>\n<meta property=\"og:title\" content=\"Serpent\" \/>\n<meta property=\"og:description\" content=\"Le serpent en tissu brod\u00e9 est l\u2019un des produits embl\u00e9matiques cr\u00e9\u00e9s par les mains habiles des couturiers handicap\u00e9s de Maison Chance.\" \/>\n<meta property=\"og:url\" content=\"https:\/\/maison-chance.org\/shop\/fr\/produit\/serpent-3\" \/>\n<meta property=\"og:site_name\" content=\"Nh\u00e0 May M\u1eafn - Maison Chance\" \/>\n<meta property=\"article:publisher\" content=\"https:\/\/www.facebook.com\/dnxh.nhamayman\/\" \/>\n<meta property=\"article:modified_time\" content=\"2025-03-17T02:58:54+00:00\" \/>\n<meta property=\"og:image\" content=\"https:\/\/maison-chance.org\/shop\/wp-content\/uploads\/2024\/04\/thu-nhoi-bong-hinh-con-ran-vai-tho-cam-1-1.jpg\" \/>\n\t<meta property=\"og:image:width\" content=\"600\" \/>\n\t<meta property=\"og:image:height\" content=\"600\" \/>\n\t<meta property=\"og:image:type\" content=\"image\/jpeg\" \/>\n<meta name=\"twitter:card\" content=\"summary_large_image\" \/>\n<meta name=\"twitter:label1\" content=\"Disponibilit\u00e9\" \/>\n\t<meta name=\"twitter:data1\" content=\"En stock\" \/>\n<script type=\"application\/ld+json\" class=\"yoast-schema-graph\">{\"@context\":\"https:\/\/schema.org\",\"@graph\":[{\"@type\":\"WebPage\",\"@id\":\"https:\/\/maison-chance.org\/shop\/fr\/produit\/serpent-3\",\"url\":\"https:\/\/maison-chance.org\/shop\/fr\/produit\/serpent-3\",\"name\":\"Serpent - serpent en tissu brod\u00e9 - Nh\u00e0 May M\u1eafn - Maison Chance\",\"isPartOf\":{\"@id\":\"https:\/\/maison-chance.org\/shop\/fr#website\"},\"primaryImageOfPage\":{\"@id\":\"https:\/\/maison-chance.org\/shop\/fr\/produit\/serpent-3#primaryimage\"},\"image\":{\"@id\":\"https:\/\/maison-chance.org\/shop\/fr\/produit\/serpent-3#primaryimage\"},\"thumbnailUrl\":\"https:\/\/maison-chance.org\/shop\/wp-content\/uploads\/2024\/04\/thu-nhoi-bong-hinh-con-ran-vai-tho-cam-1-1.jpg\",\"datePublished\":\"2024-11-05T00:05:43+00:00\",\"dateModified\":\"2025-03-17T02:58:54+00:00\",\"description\":\"Le serpent en tissu brod\u00e9 est l\u2019un des produits embl\u00e9matiques cr\u00e9\u00e9s par les mains habiles des couturiers handicap\u00e9s de Maison Chance.\",\"breadcrumb\":{\"@id\":\"https:\/\/maison-chance.org\/shop\/fr\/produit\/serpent-3#breadcrumb\"},\"inLanguage\":\"fr-FR\",\"potentialAction\":[{\"@type\":\"ReadAction\",\"target\":[\"https:\/\/maison-chance.org\/shop\/fr\/produit\/serpent-3\"]}]},{\"@type\":\"ImageObject\",\"inLanguage\":\"fr-FR\",\"@id\":\"https:\/\/maison-chance.org\/shop\/fr\/produit\/serpent-3#primaryimage\",\"url\":\"https:\/\/maison-chance.org\/shop\/wp-content\/uploads\/2024\/04\/thu-nhoi-bong-hinh-con-ran-vai-tho-cam-1-1.jpg\",\"contentUrl\":\"https:\/\/maison-chance.org\/shop\/wp-content\/uploads\/2024\/04\/thu-nhoi-bong-hinh-con-ran-vai-tho-cam-1-1.jpg\",\"width\":600,\"height\":600,\"caption\":\"Serpent en tissu brod\u00e9\"},{\"@type\":\"BreadcrumbList\",\"@id\":\"https:\/\/maison-chance.org\/shop\/fr\/produit\/serpent-3#breadcrumb\",\"itemListElement\":[{\"@type\":\"ListItem\",\"position\":1,\"name\":\"Trang ch\u1ee7\",\"item\":\"https:\/\/maison-chance.org\/shop\/fr\"},{\"@type\":\"ListItem\",\"position\":2,\"name\":\"Boutique\",\"item\":\"https:\/\/maison-chance.org\/shop\/shop\"},{\"@type\":\"ListItem\",\"position\":3,\"name\":\"Serpent\"}]},{\"@type\":\"WebSite\",\"@id\":\"https:\/\/maison-chance.org\/shop\/fr#website\",\"url\":\"https:\/\/maison-chance.org\/shop\/fr\",\"name\":\"Nh\u00e0 May M\u1eafn - Maison Chance\",\"description\":\"M\u1ecdi l\u1ee3i nhu\u1eadn thu v\u1ec1 t\u1eeb vi\u1ec7c b\u00e1n h\u00e0ng s\u1ebd tr\u00edch m\u1ed9t ph\u1ea7n \u0111\u1ec3 ch\u0103m lo cho \u0111\u1eddi s\u1ed1ng c\u00e1c b\u1ea1n khuy\u1ebft t\u1eadt v\u00e0 tr\u1ebb m\u1ed3 c\u00f4i \u1edf \u0111\u00e2y\",\"publisher\":{\"@id\":\"https:\/\/maison-chance.org\/shop\/fr#organization\"},\"potentialAction\":[{\"@type\":\"SearchAction\",\"target\":{\"@type\":\"EntryPoint\",\"urlTemplate\":\"https:\/\/maison-chance.org\/shop\/fr?s={search_term_string}\"},\"query-input\":{\"@type\":\"PropertyValueSpecification\",\"valueRequired\":true,\"valueName\":\"search_term_string\"}}],\"inLanguage\":\"fr-FR\"},{\"@type\":\"Organization\",\"@id\":\"https:\/\/maison-chance.org\/shop\/fr#organization\",\"name\":\"Nh\u00e0 May M\u1eafn - Maison Chance\",\"url\":\"https:\/\/maison-chance.org\/shop\/fr\",\"logo\":{\"@type\":\"ImageObject\",\"inLanguage\":\"fr-FR\",\"@id\":\"https:\/\/maison-chance.org\/shop\/fr#\/schema\/logo\/image\/\",\"url\":\"https:\/\/maison-chance.org\/shop\/wp-content\/uploads\/2024\/03\/cropped-Logo_DNXH.png\",\"contentUrl\":\"https:\/\/maison-chance.org\/shop\/wp-content\/uploads\/2024\/03\/cropped-Logo_DNXH.png\",\"width\":512,\"height\":512,\"caption\":\"Nh\u00e0 May M\u1eafn - Maison Chance\"},\"image\":{\"@id\":\"https:\/\/maison-chance.org\/shop\/fr#\/schema\/logo\/image\/\"},\"sameAs\":[\"https:\/\/www.facebook.com\/dnxh.nhamayman\/\"]}]}<\/script>\n<meta property=\"og:availability\" content=\"instock\" \/>\n<meta property=\"product:availability\" content=\"instock\" \/>\n<meta property=\"product:condition\" content=\"new\" \/>\n<!-- \/ Yoast SEO Premium plugin. -->","yoast_head_json":{"title":"Serpent - serpent en tissu brod\u00e9 - Nh\u00e0 May M\u1eafn - Maison Chance","description":"Le serpent en tissu brod\u00e9 est l\u2019un des produits embl\u00e9matiques cr\u00e9\u00e9s par les mains habiles des couturiers handicap\u00e9s de Maison Chance.","robots":{"index":"index","follow":"follow","max-snippet":"max-snippet:-1","max-image-preview":"max-image-preview:large","max-video-preview":"max-video-preview:-1"},"canonical":"https:\/\/maison-chance.org\/shop\/fr\/produit\/serpent-3","og_locale":"fr_FR","og_type":"article","og_title":"Serpent","og_description":"Le serpent en tissu brod\u00e9 est l\u2019un des produits embl\u00e9matiques cr\u00e9\u00e9s par les mains habiles des couturiers handicap\u00e9s de Maison Chance.","og_url":"https:\/\/maison-chance.org\/shop\/fr\/produit\/serpent-3","og_site_name":"Nh\u00e0 May M\u1eafn - Maison Chance","article_publisher":"https:\/\/www.facebook.com\/dnxh.nhamayman\/","article_modified_time":"2025-03-17T02:58:54+00:00","og_image":[{"width":600,"height":600,"url":"https:\/\/maison-chance.org\/shop\/wp-content\/uploads\/2024\/04\/thu-nhoi-bong-hinh-con-ran-vai-tho-cam-1-1.jpg","type":"image\/jpeg"}],"twitter_card":"summary_large_image","twitter_misc":{"Disponibilit\u00e9":"En stock"},"schema":{"@context":"https:\/\/schema.org","@graph":[{"@type":"WebPage","@id":"https:\/\/maison-chance.org\/shop\/fr\/produit\/serpent-3","url":"https:\/\/maison-chance.org\/shop\/fr\/produit\/serpent-3","name":"Serpent - serpent en tissu brod\u00e9 - Nh\u00e0 May M\u1eafn - Maison Chance","isPartOf":{"@id":"https:\/\/maison-chance.org\/shop\/fr#website"},"primaryImageOfPage":{"@id":"https:\/\/maison-chance.org\/shop\/fr\/produit\/serpent-3#primaryimage"},"image":{"@id":"https:\/\/maison-chance.org\/shop\/fr\/produit\/serpent-3#primaryimage"},"thumbnailUrl":"https:\/\/maison-chance.org\/shop\/wp-content\/uploads\/2024\/04\/thu-nhoi-bong-hinh-con-ran-vai-tho-cam-1-1.jpg","datePublished":"2024-11-05T00:05:43+00:00","dateModified":"2025-03-17T02:58:54+00:00","description":"Le serpent en tissu brod\u00e9 est l\u2019un des produits embl\u00e9matiques cr\u00e9\u00e9s par les mains habiles des couturiers handicap\u00e9s de Maison Chance.","breadcrumb":{"@id":"https:\/\/maison-chance.org\/shop\/fr\/produit\/serpent-3#breadcrumb"},"inLanguage":"fr-FR","potentialAction":[{"@type":"ReadAction","target":["https:\/\/maison-chance.org\/shop\/fr\/produit\/serpent-3"]}]},{"@type":"ImageObject","inLanguage":"fr-FR","@id":"https:\/\/maison-chance.org\/shop\/fr\/produit\/serpent-3#primaryimage","url":"https:\/\/maison-chance.org\/shop\/wp-content\/uploads\/2024\/04\/thu-nhoi-bong-hinh-con-ran-vai-tho-cam-1-1.jpg","contentUrl":"https:\/\/maison-chance.org\/shop\/wp-content\/uploads\/2024\/04\/thu-nhoi-bong-hinh-con-ran-vai-tho-cam-1-1.jpg","width":600,"height":600,"caption":"Serpent en tissu brod\u00e9"},{"@type":"BreadcrumbList","@id":"https:\/\/maison-chance.org\/shop\/fr\/produit\/serpent-3#breadcrumb","itemListElement":[{"@type":"ListItem","position":1,"name":"Trang ch\u1ee7","item":"https:\/\/maison-chance.org\/shop\/fr"},{"@type":"ListItem","position":2,"name":"Boutique","item":"https:\/\/maison-chance.org\/shop\/shop"},{"@type":"ListItem","position":3,"name":"Serpent"}]},{"@type":"WebSite","@id":"https:\/\/maison-chance.org\/shop\/fr#website","url":"https:\/\/maison-chance.org\/shop\/fr","name":"Nh\u00e0 May M\u1eafn - Maison Chance","description":"M\u1ecdi l\u1ee3i nhu\u1eadn thu v\u1ec1 t\u1eeb vi\u1ec7c b\u00e1n h\u00e0ng s\u1ebd tr\u00edch m\u1ed9t ph\u1ea7n \u0111\u1ec3 ch\u0103m lo cho \u0111\u1eddi s\u1ed1ng c\u00e1c b\u1ea1n khuy\u1ebft t\u1eadt v\u00e0 tr\u1ebb m\u1ed3 c\u00f4i \u1edf \u0111\u00e2y","publisher":{"@id":"https:\/\/maison-chance.org\/shop\/fr#organization"},"potentialAction":[{"@type":"SearchAction","target":{"@type":"EntryPoint","urlTemplate":"https:\/\/maison-chance.org\/shop\/fr?s={search_term_string}"},"query-input":{"@type":"PropertyValueSpecification","valueRequired":true,"valueName":"search_term_string"}}],"inLanguage":"fr-FR"},{"@type":"Organization","@id":"https:\/\/maison-chance.org\/shop\/fr#organization","name":"Nh\u00e0 May M\u1eafn - Maison Chance","url":"https:\/\/maison-chance.org\/shop\/fr","logo":{"@type":"ImageObject","inLanguage":"fr-FR","@id":"https:\/\/maison-chance.org\/shop\/fr#\/schema\/logo\/image\/","url":"https:\/\/maison-chance.org\/shop\/wp-content\/uploads\/2024\/03\/cropped-Logo_DNXH.png","contentUrl":"https:\/\/maison-chance.org\/shop\/wp-content\/uploads\/2024\/03\/cropped-Logo_DNXH.png","width":512,"height":512,"caption":"Nh\u00e0 May M\u1eafn - Maison Chance"},"image":{"@id":"https:\/\/maison-chance.org\/shop\/fr#\/schema\/logo\/image\/"},"sameAs":["https:\/\/www.facebook.com\/dnxh.nhamayman\/"]}]},"og_availability":"instock","product_availability":"instock","product_condition":"new"},"_links":{"self":[{"href":"https:\/\/maison-chance.org\/shop\/fr\/wp-json\/wp\/v2\/product\/40944","targetHints":{"allow":["GET"]}}],"collection":[{"href":"https:\/\/maison-chance.org\/shop\/fr\/wp-json\/wp\/v2\/product"}],"about":[{"href":"https:\/\/maison-chance.org\/shop\/fr\/wp-json\/wp\/v2\/types\/product"}],"wp:featuredmedia":[{"embeddable":true,"href":"https:\/\/maison-chance.org\/shop\/fr\/wp-json\/wp\/v2\/media\/36971"}],"wp:attachment":[{"href":"https:\/\/maison-chance.org\/shop\/fr\/wp-json\/wp\/v2\/media?parent=40944"}],"wp:term":[{"taxonomy":"product_brand","embeddable":true,"href":"https:\/\/maison-chance.org\/shop\/fr\/wp-json\/wp\/v2\/product_brand?post=40944"},{"taxonomy":"product_cat","embeddable":true,"href":"https:\/\/maison-chance.org\/shop\/fr\/wp-json\/wp\/v2\/product_cat?post=40944"},{"taxonomy":"product_tag","embeddable":true,"href":"https:\/\/maison-chance.org\/shop\/fr\/wp-json\/wp\/v2\/product_tag?post=40944"}],"curies":[{"name":"wp","href":"https:\/\/api.w.org\/{rel}","templated":true}]}}