{"id":40986,"date":"2024-11-06T07:00:57","date_gmt":"2024-11-06T00:00:57","guid":{"rendered":"https:\/\/maison-chance.org\/shop\/san-pham\/dragon-4"},"modified":"2025-03-17T10:03:39","modified_gmt":"2025-03-17T03:03:39","slug":"dragon-4","status":"publish","type":"product","link":"https:\/\/maison-chance.org\/shop\/fr\/produit\/dragon-4","title":{"rendered":"Dragon"},"content":{"rendered":"<p data-start=\"76\" data-end=\"318\">Croyez-vous au pouvoir d\u2019un talisman ? Croyez-vous qu\u2019un petit objet puisse apporter chance et inspiration ? Et croyez-vous que chaque point, chaque fil sur ce dragon soit le fruit d\u2019une volont\u00e9 extraordinaire ? Laissez notre dragon en tissu tha\u00ef TH06TB devenir un symbole de succ\u00e8s et de r\u00e9silience, vous accompagnant dans votre qu\u00eate de nouveaux sommets !<\/p>\n<p style=\"text-align: justify;\">Le dragon en tissu tha\u00ef (code produit TH06TB) est une cr\u00e9ation artisanale raffin\u00e9e mesurant 6 \u00d7 30 cm, r\u00e9alis\u00e9e \u00e0 partir de tissu tha\u00ef de premi\u00e8re qualit\u00e9. Il se distingue par sa couleur verte mousse luxueuse, rehauss\u00e9e de motifs dor\u00e9s chatoyants qui lui conf\u00e8rent une beaut\u00e9 \u00e9l\u00e9gante et unique. Chaque d\u00e9tail \u2013 comme la barbe, les \u00e9cailles et les griffes du dragon \u2013 est minutieusement travaill\u00e9 par des tailleurs talentueux, donnant vie \u00e0 une \u0153uvre d\u2019art vibrante.<\/p>\n<p>Dans le feng shui, le dragon est la cr\u00e9ature spirituelle la plus puissante, symbolisant l\u2019autorit\u00e9, la richesse et la bonne fortune. Placer un dragon chez vous, sur votre bureau ou le porter avec vous vous permet de ressentir constamment l\u2019\u00e9nergie puissante et la protection de ce talisman :<\/p>\n<ul>\n<li>Attire la richesse, renforce la chance et accro\u00eet la prosp\u00e9rit\u00e9<\/li>\n<li>Apporte force, pers\u00e9v\u00e9rance et volont\u00e9 d\u2019aller loin<\/li>\n<li>Prot\u00e8ge la famille et repousse les \u00e9nergies n\u00e9gatives<\/li>\n<\/ul>\n<p>Ce dragon n\u2019est pas fabriqu\u00e9 sur une cha\u00eene de production industrielle froide, mais na\u00eet des mains habiles et des c\u0153urs chaleureux d\u2019artisans handicap\u00e9s.<\/p>\n<ul>\n<li style=\"text-align: justify;\">Chaque couture raconte une histoire de r\u00e9silience<\/li>\n<li style=\"text-align: justify;\">Chaque point porte un r\u00eave d\u2019un avenir meilleur<\/li>\n<li style=\"text-align: justify;\">Chaque achat que vous faites leur offre une opportunit\u00e9 de se tenir plus forts sur le chemin de l\u2019ind\u00e9pendance<\/li>\n<\/ul>\n<p style=\"text-align: justify;\">Faites du dragon en tissu tha\u00ef le prochain cadeau significatif que vous offrez \u00e0 vos proches, vos amis ou \u00e0 vous-m\u00eame. Ce faisant, vous ne diffusez pas seulement la chance, mais vous contribuez \u00e9galement \u00e0 cr\u00e9er du positif dans la communaut\u00e9. COMMANDEZ MAINTENANT pour poss\u00e9der ce talisman porte-bonheur et soutenir les mains r\u00e9silientes qui le fa\u00e7onnent !<\/p>\n<p data-start=\"593\" data-end=\"663\"><em>Ramenez un petit dragon chez vous d\u00e8s aujourd\u2019hui pour : Que la chance vous suive et que la prosp\u00e9rit\u00e9 emplisse votre vie !<\/em><\/p>\n","protected":false},"excerpt":{"rendered":"<p style=\"text-align: justify;\">Les produits sont fabriqu\u00e9s \u00e0 la main par des amis handicap\u00e9s d\u00e9favoris\u00e9s, esp\u00e9rant recevoir le soutien des clients.<\/p>\n<p>Mat\u00e9riau : Tissu traditionnel tiss\u00e9<\/p>\n<p>Code : TC06TH<\/p>\n<p>Hotline : <span style=\"font-size: 20px;\"><strong><span style=\"color: #ff0000;\">0909 06 25 28<\/span><\/strong><\/span><\/p>\n<p style=\"text-align: justify;\">Si vous \u00eates au Vietnam, veuillez nous contacter via la hotline ou la page fan de l&rsquo;entreprise Maison Chance pour conna\u00eetre le prix au Vietnam.<\/p>\n","protected":false},"featured_media":40956,"template":"","meta":[],"product_brand":[],"product_cat":[243,231],"product_tag":[],"class_list":{"0":"post-40986","1":"product","2":"type-product","3":"status-publish","4":"has-post-thumbnail","6":"product_cat-animal-en-peluche","7":"product_cat-atelier-de-couture","9":"first","10":"instock","11":"shipping-taxable","12":"purchasable","13":"product-type-simple"},"yoast_head":"<!-- This site is optimized with the Yoast SEO Premium plugin v22.7 (Yoast SEO v25.3.1) - https:\/\/yoast.com\/wordpress\/plugins\/seo\/ -->\n<title>Dragon - peluche en tissu tha\u00eflandais - Nh\u00e0 May M\u1eafn - Maison Chance<\/title>\n<meta name=\"description\" content=\"La peluche dragon en tissu tha\u00eflandais est une pi\u00e8ce artisanale exquise mesurant 6 \u00d7 30 cm, fabriqu\u00e9e en tissu tha\u00eflandais haut de gamme. Accentu\u00e9e de motifs dor\u00e9s cr\u00e9ant une beaut\u00e9 luxueuse et unique.\" \/>\n<meta name=\"robots\" content=\"index, follow, max-snippet:-1, max-image-preview:large, max-video-preview:-1\" \/>\n<link rel=\"canonical\" href=\"https:\/\/maison-chance.org\/shop\/fr\/produit\/dragon-4\" \/>\n<meta property=\"og:locale\" content=\"fr_FR\" \/>\n<meta property=\"og:type\" content=\"article\" \/>\n<meta property=\"og:title\" content=\"Dragon\" \/>\n<meta property=\"og:description\" content=\"La peluche dragon en tissu tha\u00eflandais est une pi\u00e8ce artisanale exquise mesurant 6 \u00d7 30 cm, fabriqu\u00e9e en tissu tha\u00eflandais haut de gamme. Accentu\u00e9e de motifs dor\u00e9s cr\u00e9ant une beaut\u00e9 luxueuse et unique.\" \/>\n<meta property=\"og:url\" content=\"https:\/\/maison-chance.org\/shop\/fr\/produit\/dragon-4\" \/>\n<meta property=\"og:site_name\" content=\"Nh\u00e0 May M\u1eafn - Maison Chance\" \/>\n<meta property=\"article:publisher\" content=\"https:\/\/www.facebook.com\/dnxh.nhamayman\/\" \/>\n<meta property=\"article:modified_time\" content=\"2025-03-17T03:03:39+00:00\" \/>\n<meta property=\"og:image\" content=\"https:\/\/maison-chance.org\/shop\/wp-content\/uploads\/2024\/11\/thu-nhoi-bong-hinh-con-rong-vai-thai.jpg\" \/>\n\t<meta property=\"og:image:width\" content=\"600\" \/>\n\t<meta property=\"og:image:height\" content=\"600\" \/>\n\t<meta property=\"og:image:type\" content=\"image\/jpeg\" \/>\n<meta name=\"twitter:card\" content=\"summary_large_image\" \/>\n<meta name=\"twitter:label1\" content=\"Prix\" \/>\n\t<meta name=\"twitter:data1\" content=\"&euro;7.54\" \/>\n\t<meta name=\"twitter:label2\" content=\"Disponibilit\u00e9\" \/>\n\t<meta name=\"twitter:data2\" content=\"En stock\" \/>\n<script type=\"application\/ld+json\" class=\"yoast-schema-graph\">{\"@context\":\"https:\/\/schema.org\",\"@graph\":[{\"@type\":\"WebPage\",\"@id\":\"https:\/\/maison-chance.org\/shop\/fr\/produit\/dragon-4\",\"url\":\"https:\/\/maison-chance.org\/shop\/fr\/produit\/dragon-4\",\"name\":\"Dragon - peluche en tissu tha\u00eflandais - Nh\u00e0 May M\u1eafn - Maison Chance\",\"isPartOf\":{\"@id\":\"https:\/\/maison-chance.org\/shop\/fr#website\"},\"primaryImageOfPage\":{\"@id\":\"https:\/\/maison-chance.org\/shop\/fr\/produit\/dragon-4#primaryimage\"},\"image\":{\"@id\":\"https:\/\/maison-chance.org\/shop\/fr\/produit\/dragon-4#primaryimage\"},\"thumbnailUrl\":\"https:\/\/maison-chance.org\/shop\/wp-content\/uploads\/2024\/11\/thu-nhoi-bong-hinh-con-rong-vai-thai.jpg\",\"datePublished\":\"2024-11-06T00:00:57+00:00\",\"dateModified\":\"2025-03-17T03:03:39+00:00\",\"description\":\"La peluche dragon en tissu tha\u00eflandais est une pi\u00e8ce artisanale exquise mesurant 6 \u00d7 30 cm, fabriqu\u00e9e en tissu tha\u00eflandais haut de gamme. Accentu\u00e9e de motifs dor\u00e9s cr\u00e9ant une beaut\u00e9 luxueuse et unique.\",\"breadcrumb\":{\"@id\":\"https:\/\/maison-chance.org\/shop\/fr\/produit\/dragon-4#breadcrumb\"},\"inLanguage\":\"fr-FR\",\"potentialAction\":[{\"@type\":\"ReadAction\",\"target\":[\"https:\/\/maison-chance.org\/shop\/fr\/produit\/dragon-4\"]}]},{\"@type\":\"ImageObject\",\"inLanguage\":\"fr-FR\",\"@id\":\"https:\/\/maison-chance.org\/shop\/fr\/produit\/dragon-4#primaryimage\",\"url\":\"https:\/\/maison-chance.org\/shop\/wp-content\/uploads\/2024\/11\/thu-nhoi-bong-hinh-con-rong-vai-thai.jpg\",\"contentUrl\":\"https:\/\/maison-chance.org\/shop\/wp-content\/uploads\/2024\/11\/thu-nhoi-bong-hinh-con-rong-vai-thai.jpg\",\"width\":600,\"height\":600,\"caption\":\"Peluche Dragon en Tissu Tha\u00eflandais\"},{\"@type\":\"BreadcrumbList\",\"@id\":\"https:\/\/maison-chance.org\/shop\/fr\/produit\/dragon-4#breadcrumb\",\"itemListElement\":[{\"@type\":\"ListItem\",\"position\":1,\"name\":\"Trang ch\u1ee7\",\"item\":\"https:\/\/maison-chance.org\/shop\/fr\"},{\"@type\":\"ListItem\",\"position\":2,\"name\":\"Boutique\",\"item\":\"https:\/\/maison-chance.org\/shop\/shop\"},{\"@type\":\"ListItem\",\"position\":3,\"name\":\"Dragon\"}]},{\"@type\":\"WebSite\",\"@id\":\"https:\/\/maison-chance.org\/shop\/fr#website\",\"url\":\"https:\/\/maison-chance.org\/shop\/fr\",\"name\":\"Nh\u00e0 May M\u1eafn - Maison Chance\",\"description\":\"M\u1ecdi l\u1ee3i nhu\u1eadn thu v\u1ec1 t\u1eeb vi\u1ec7c b\u00e1n h\u00e0ng s\u1ebd tr\u00edch m\u1ed9t ph\u1ea7n \u0111\u1ec3 ch\u0103m lo cho \u0111\u1eddi s\u1ed1ng c\u00e1c b\u1ea1n khuy\u1ebft t\u1eadt v\u00e0 tr\u1ebb m\u1ed3 c\u00f4i \u1edf \u0111\u00e2y\",\"publisher\":{\"@id\":\"https:\/\/maison-chance.org\/shop\/fr#organization\"},\"potentialAction\":[{\"@type\":\"SearchAction\",\"target\":{\"@type\":\"EntryPoint\",\"urlTemplate\":\"https:\/\/maison-chance.org\/shop\/fr?s={search_term_string}\"},\"query-input\":{\"@type\":\"PropertyValueSpecification\",\"valueRequired\":true,\"valueName\":\"search_term_string\"}}],\"inLanguage\":\"fr-FR\"},{\"@type\":\"Organization\",\"@id\":\"https:\/\/maison-chance.org\/shop\/fr#organization\",\"name\":\"Nh\u00e0 May M\u1eafn - Maison Chance\",\"url\":\"https:\/\/maison-chance.org\/shop\/fr\",\"logo\":{\"@type\":\"ImageObject\",\"inLanguage\":\"fr-FR\",\"@id\":\"https:\/\/maison-chance.org\/shop\/fr#\/schema\/logo\/image\/\",\"url\":\"https:\/\/maison-chance.org\/shop\/wp-content\/uploads\/2024\/03\/cropped-Logo_DNXH.png\",\"contentUrl\":\"https:\/\/maison-chance.org\/shop\/wp-content\/uploads\/2024\/03\/cropped-Logo_DNXH.png\",\"width\":512,\"height\":512,\"caption\":\"Nh\u00e0 May M\u1eafn - Maison Chance\"},\"image\":{\"@id\":\"https:\/\/maison-chance.org\/shop\/fr#\/schema\/logo\/image\/\"},\"sameAs\":[\"https:\/\/www.facebook.com\/dnxh.nhamayman\/\"]}]}<\/script>\n<meta property=\"product:price:amount\" content=\"7.54\" \/>\n<meta property=\"product:price:currency\" content=\"EUR\" \/>\n<meta property=\"og:availability\" content=\"instock\" \/>\n<meta property=\"product:availability\" content=\"instock\" \/>\n<meta property=\"product:condition\" content=\"new\" \/>\n<!-- \/ Yoast SEO Premium plugin. -->","yoast_head_json":{"title":"Dragon - peluche en tissu tha\u00eflandais - Nh\u00e0 May M\u1eafn - Maison Chance","description":"La peluche dragon en tissu tha\u00eflandais est une pi\u00e8ce artisanale exquise mesurant 6 \u00d7 30 cm, fabriqu\u00e9e en tissu tha\u00eflandais haut de gamme. Accentu\u00e9e de motifs dor\u00e9s cr\u00e9ant une beaut\u00e9 luxueuse et unique.","robots":{"index":"index","follow":"follow","max-snippet":"max-snippet:-1","max-image-preview":"max-image-preview:large","max-video-preview":"max-video-preview:-1"},"canonical":"https:\/\/maison-chance.org\/shop\/fr\/produit\/dragon-4","og_locale":"fr_FR","og_type":"article","og_title":"Dragon","og_description":"La peluche dragon en tissu tha\u00eflandais est une pi\u00e8ce artisanale exquise mesurant 6 \u00d7 30 cm, fabriqu\u00e9e en tissu tha\u00eflandais haut de gamme. Accentu\u00e9e de motifs dor\u00e9s cr\u00e9ant une beaut\u00e9 luxueuse et unique.","og_url":"https:\/\/maison-chance.org\/shop\/fr\/produit\/dragon-4","og_site_name":"Nh\u00e0 May M\u1eafn - Maison Chance","article_publisher":"https:\/\/www.facebook.com\/dnxh.nhamayman\/","article_modified_time":"2025-03-17T03:03:39+00:00","og_image":[{"width":600,"height":600,"url":"https:\/\/maison-chance.org\/shop\/wp-content\/uploads\/2024\/11\/thu-nhoi-bong-hinh-con-rong-vai-thai.jpg","type":"image\/jpeg"}],"twitter_card":"summary_large_image","twitter_misc":{"Prix":"&euro;7.54","Disponibilit\u00e9":"En stock"},"schema":{"@context":"https:\/\/schema.org","@graph":[{"@type":"WebPage","@id":"https:\/\/maison-chance.org\/shop\/fr\/produit\/dragon-4","url":"https:\/\/maison-chance.org\/shop\/fr\/produit\/dragon-4","name":"Dragon - peluche en tissu tha\u00eflandais - Nh\u00e0 May M\u1eafn - Maison Chance","isPartOf":{"@id":"https:\/\/maison-chance.org\/shop\/fr#website"},"primaryImageOfPage":{"@id":"https:\/\/maison-chance.org\/shop\/fr\/produit\/dragon-4#primaryimage"},"image":{"@id":"https:\/\/maison-chance.org\/shop\/fr\/produit\/dragon-4#primaryimage"},"thumbnailUrl":"https:\/\/maison-chance.org\/shop\/wp-content\/uploads\/2024\/11\/thu-nhoi-bong-hinh-con-rong-vai-thai.jpg","datePublished":"2024-11-06T00:00:57+00:00","dateModified":"2025-03-17T03:03:39+00:00","description":"La peluche dragon en tissu tha\u00eflandais est une pi\u00e8ce artisanale exquise mesurant 6 \u00d7 30 cm, fabriqu\u00e9e en tissu tha\u00eflandais haut de gamme. Accentu\u00e9e de motifs dor\u00e9s cr\u00e9ant une beaut\u00e9 luxueuse et unique.","breadcrumb":{"@id":"https:\/\/maison-chance.org\/shop\/fr\/produit\/dragon-4#breadcrumb"},"inLanguage":"fr-FR","potentialAction":[{"@type":"ReadAction","target":["https:\/\/maison-chance.org\/shop\/fr\/produit\/dragon-4"]}]},{"@type":"ImageObject","inLanguage":"fr-FR","@id":"https:\/\/maison-chance.org\/shop\/fr\/produit\/dragon-4#primaryimage","url":"https:\/\/maison-chance.org\/shop\/wp-content\/uploads\/2024\/11\/thu-nhoi-bong-hinh-con-rong-vai-thai.jpg","contentUrl":"https:\/\/maison-chance.org\/shop\/wp-content\/uploads\/2024\/11\/thu-nhoi-bong-hinh-con-rong-vai-thai.jpg","width":600,"height":600,"caption":"Peluche Dragon en Tissu Tha\u00eflandais"},{"@type":"BreadcrumbList","@id":"https:\/\/maison-chance.org\/shop\/fr\/produit\/dragon-4#breadcrumb","itemListElement":[{"@type":"ListItem","position":1,"name":"Trang ch\u1ee7","item":"https:\/\/maison-chance.org\/shop\/fr"},{"@type":"ListItem","position":2,"name":"Boutique","item":"https:\/\/maison-chance.org\/shop\/shop"},{"@type":"ListItem","position":3,"name":"Dragon"}]},{"@type":"WebSite","@id":"https:\/\/maison-chance.org\/shop\/fr#website","url":"https:\/\/maison-chance.org\/shop\/fr","name":"Nh\u00e0 May M\u1eafn - Maison Chance","description":"M\u1ecdi l\u1ee3i nhu\u1eadn thu v\u1ec1 t\u1eeb vi\u1ec7c b\u00e1n h\u00e0ng s\u1ebd tr\u00edch m\u1ed9t ph\u1ea7n \u0111\u1ec3 ch\u0103m lo cho \u0111\u1eddi s\u1ed1ng c\u00e1c b\u1ea1n khuy\u1ebft t\u1eadt v\u00e0 tr\u1ebb m\u1ed3 c\u00f4i \u1edf \u0111\u00e2y","publisher":{"@id":"https:\/\/maison-chance.org\/shop\/fr#organization"},"potentialAction":[{"@type":"SearchAction","target":{"@type":"EntryPoint","urlTemplate":"https:\/\/maison-chance.org\/shop\/fr?s={search_term_string}"},"query-input":{"@type":"PropertyValueSpecification","valueRequired":true,"valueName":"search_term_string"}}],"inLanguage":"fr-FR"},{"@type":"Organization","@id":"https:\/\/maison-chance.org\/shop\/fr#organization","name":"Nh\u00e0 May M\u1eafn - Maison Chance","url":"https:\/\/maison-chance.org\/shop\/fr","logo":{"@type":"ImageObject","inLanguage":"fr-FR","@id":"https:\/\/maison-chance.org\/shop\/fr#\/schema\/logo\/image\/","url":"https:\/\/maison-chance.org\/shop\/wp-content\/uploads\/2024\/03\/cropped-Logo_DNXH.png","contentUrl":"https:\/\/maison-chance.org\/shop\/wp-content\/uploads\/2024\/03\/cropped-Logo_DNXH.png","width":512,"height":512,"caption":"Nh\u00e0 May M\u1eafn - Maison Chance"},"image":{"@id":"https:\/\/maison-chance.org\/shop\/fr#\/schema\/logo\/image\/"},"sameAs":["https:\/\/www.facebook.com\/dnxh.nhamayman\/"]}]},"product_price_amount":"7.54","product_price_currency":"EUR","og_availability":"instock","product_availability":"instock","product_condition":"new"},"_links":{"self":[{"href":"https:\/\/maison-chance.org\/shop\/fr\/wp-json\/wp\/v2\/product\/40986","targetHints":{"allow":["GET"]}}],"collection":[{"href":"https:\/\/maison-chance.org\/shop\/fr\/wp-json\/wp\/v2\/product"}],"about":[{"href":"https:\/\/maison-chance.org\/shop\/fr\/wp-json\/wp\/v2\/types\/product"}],"wp:featuredmedia":[{"embeddable":true,"href":"https:\/\/maison-chance.org\/shop\/fr\/wp-json\/wp\/v2\/media\/40956"}],"wp:attachment":[{"href":"https:\/\/maison-chance.org\/shop\/fr\/wp-json\/wp\/v2\/media?parent=40986"}],"wp:term":[{"taxonomy":"product_brand","embeddable":true,"href":"https:\/\/maison-chance.org\/shop\/fr\/wp-json\/wp\/v2\/product_brand?post=40986"},{"taxonomy":"product_cat","embeddable":true,"href":"https:\/\/maison-chance.org\/shop\/fr\/wp-json\/wp\/v2\/product_cat?post=40986"},{"taxonomy":"product_tag","embeddable":true,"href":"https:\/\/maison-chance.org\/shop\/fr\/wp-json\/wp\/v2\/product_tag?post=40986"}],"curies":[{"name":"wp","href":"https:\/\/api.w.org\/{rel}","templated":true}]}}