{"id":40993,"date":"2024-11-06T07:05:28","date_gmt":"2024-11-06T00:05:28","guid":{"rendered":"https:\/\/maison-chance.org\/shop\/san-pham\/dragon-5"},"modified":"2024-11-06T07:05:28","modified_gmt":"2024-11-06T00:05:28","slug":"dragon-5","status":"publish","type":"product","link":"https:\/\/maison-chance.org\/shop\/fr\/produit\/dragon-5","title":{"rendered":"Dragon"},"content":{"rendered":"<p style=\"text-align: justify;\">Dans l&rsquo;espace culturel est-asiatique, le symbole du dragon apporte toujours de belles significations de prosp\u00e9rit\u00e9 et de chance. Aujourd&rsquo;hui, nous sommes fiers de vous pr\u00e9senter notre dragon unique en tissu tha\u00eflandais, cr\u00e9\u00e9 par les mains talentueuses des couturiers handicap\u00e9s de Maison Chance. Chaque point de couture contient une histoire de r\u00e9silience et de passion cr\u00e9ative sans fin.<\/p>\n<p style=\"text-align: justify;\">Le dragon en tissu tha\u00eflandais (code produit TH06TB) est une pi\u00e8ce artisanale exquise mesurant 6 \u00d7 30 cm, fabriqu\u00e9e en tissu tha\u00eflandais haut de gamme. Le produit se distingue par sa couleur vert mousse \u00e9l\u00e9gante, accentu\u00e9e de motifs dor\u00e9s cr\u00e9ant une beaut\u00e9 luxueuse et unique. Chaque petit d\u00e9tail comme les moustaches, les \u00e9cailles et les griffes du dragon sont m\u00e9ticuleusement travaill\u00e9s par les couturiers, cr\u00e9ant une \u0153uvre d&rsquo;art vivante.<\/p>\n<p style=\"text-align: justify;\">Avec son design compact et \u00e9l\u00e9gant, la peluche dragon en tissu tha\u00eflandais peut devenir un accent d\u00e9coratif parfait pour diff\u00e9rents espaces. Plac\u00e9 sur un bureau, le dragon apporte non seulement la chance mais inspire aussi la cr\u00e9ativit\u00e9 \u00e0 son propri\u00e9taire. Dans le salon, il peut \u00eatre expos\u00e9 sur des \u00e9tag\u00e8res ou des vitrines, ajoutant une touche de culture est-asiatique subtile. Particuli\u00e8rement dans les chambres d&rsquo;enfants, le dragon en tissu tha\u00eflandais peut devenir un compagnon amical, stimulant l&rsquo;imagination des enfants.<\/p>\n<p style=\"text-align: justify;\">Pas seulement un objet d\u00e9coratif, le dragon en tissu tha\u00eflandais est aussi un cadeau significatif pour les occasions sp\u00e9ciales. Offrir un dragon en tissu tha\u00eflandais, c&rsquo;est comme offrir des v\u0153ux de chance et de succ\u00e8s, tout en montrant de la sophistication dans la culture du don. Particuli\u00e8rement, chaque produit est unique, enti\u00e8rement fait \u00e0 la main, apportant une valeur exclusive non r\u00e9p\u00e9table.<\/p>\n<p style=\"text-align: justify;\">En poss\u00e9dant un dragon en tissu tha\u00eflandais, vous obtenez non seulement un artisanat exquis mais contribuez aussi au voyage significatif de soutien \u00e0 la communaut\u00e9 des couturiers handicap\u00e9s de Maison Chance. Chaque produit vendu est une opportunit\u00e9 de fournir motivation et confiance \u00e0 ces couturiers sp\u00e9ciaux pour s&rsquo;\u00e9lever dans la vie.<\/p>\n<p style=\"text-align: justify;\">Laissez le dragon en tissu tha\u00eflandais devenir votre prochain cadeau significatif pour la famille, les amis ou vous-m\u00eame. De cette fa\u00e7on, vous ne r\u00e9pandez pas seulement la chance mais contribuez aussi \u00e0 cr\u00e9er de bonnes choses pour la communaut\u00e9. Contactez <a href=\"https:\/\/maison-chance.org\/shop\">Maison Chance<\/a> maintenant pour poss\u00e9der ce dragon unique en tissu tha\u00eflandais et joignez-vous au soutien des couturiers handicap\u00e9s talentueux.<\/p>\n","protected":false},"excerpt":{"rendered":"<p style=\"text-align: justify;\">Les produits sont fabriqu\u00e9s \u00e0 la main par des amis handicap\u00e9s d\u00e9favoris\u00e9s, esp\u00e9rant recevoir le soutien des clients.<\/p>\n<p>Mat\u00e9riau : Tissu traditionnel tiss\u00e9<\/p>\n<p>Code : TC06TB<\/p>\n<p>Hotline : <span style=\"font-size: 20px;\"><strong><span style=\"color: #ff0000;\">0909 06 25 28<\/span><\/strong><\/span><\/p>\n<p style=\"text-align: justify;\">Si vous \u00eates au Vietnam, veuillez nous contacter via la hotline ou la page fan de l&rsquo;entreprise Maison Chance pour conna\u00eetre le prix au Vietnam.<\/p>\n","protected":false},"featured_media":36853,"template":"","meta":[],"product_brand":[],"product_cat":[243,231],"product_tag":[],"class_list":{"0":"post-40993","1":"product","2":"type-product","3":"status-publish","4":"has-post-thumbnail","6":"product_cat-animal-en-peluche","7":"product_cat-atelier-de-couture","9":"first","10":"instock","11":"shipping-taxable","12":"purchasable","13":"product-type-variable"},"yoast_head":"<!-- This site is optimized with the Yoast SEO Premium plugin v22.7 (Yoast SEO v25.3.1) - https:\/\/yoast.com\/wordpress\/plugins\/seo\/ -->\n<title>Dragon - peluche en tissu tha\u00eflandais - Nh\u00e0 May M\u1eafn - Maison Chance<\/title>\n<meta name=\"description\" content=\"La peluche dragon en tissu tha\u00eflandais est une pi\u00e8ce artisanale exquise mesurant 6 \u00d7 30 cm, fabriqu\u00e9e en tissu tha\u00eflandais haut de gamme. Accentu\u00e9e de motifs dor\u00e9s cr\u00e9ant une beaut\u00e9 luxueuse et unique.\" \/>\n<meta name=\"robots\" content=\"index, follow, max-snippet:-1, max-image-preview:large, max-video-preview:-1\" \/>\n<link rel=\"canonical\" href=\"https:\/\/maison-chance.org\/shop\/fr\/produit\/dragon-5\" \/>\n<meta property=\"og:locale\" content=\"fr_FR\" \/>\n<meta property=\"og:type\" content=\"article\" \/>\n<meta property=\"og:title\" content=\"Dragon\" \/>\n<meta property=\"og:description\" content=\"La peluche dragon en tissu tha\u00eflandais est une pi\u00e8ce artisanale exquise mesurant 6 \u00d7 30 cm, fabriqu\u00e9e en tissu tha\u00eflandais haut de gamme. Accentu\u00e9e de motifs dor\u00e9s cr\u00e9ant une beaut\u00e9 luxueuse et unique.\" \/>\n<meta property=\"og:url\" content=\"https:\/\/maison-chance.org\/shop\/fr\/produit\/dragon-5\" \/>\n<meta property=\"og:site_name\" content=\"Nh\u00e0 May M\u1eafn - Maison Chance\" \/>\n<meta property=\"article:publisher\" content=\"https:\/\/www.facebook.com\/dnxh.nhamayman\/\" \/>\n<meta property=\"og:image\" content=\"https:\/\/maison-chance.org\/shop\/wp-content\/uploads\/2024\/04\/moc-chia-khoa-hinh-con-rong-5.jpg\" \/>\n\t<meta property=\"og:image:width\" content=\"600\" \/>\n\t<meta property=\"og:image:height\" content=\"600\" \/>\n\t<meta property=\"og:image:type\" content=\"image\/jpeg\" \/>\n<meta name=\"twitter:card\" content=\"summary_large_image\" \/>\n<meta name=\"twitter:label1\" content=\"Disponibilit\u00e9\" \/>\n\t<meta name=\"twitter:data1\" content=\"En stock\" \/>\n<script type=\"application\/ld+json\" class=\"yoast-schema-graph\">{\"@context\":\"https:\/\/schema.org\",\"@graph\":[{\"@type\":\"WebPage\",\"@id\":\"https:\/\/maison-chance.org\/shop\/fr\/produit\/dragon-5\",\"url\":\"https:\/\/maison-chance.org\/shop\/fr\/produit\/dragon-5\",\"name\":\"Dragon - peluche en tissu tha\u00eflandais - Nh\u00e0 May M\u1eafn - Maison Chance\",\"isPartOf\":{\"@id\":\"https:\/\/maison-chance.org\/shop\/fr#website\"},\"primaryImageOfPage\":{\"@id\":\"https:\/\/maison-chance.org\/shop\/fr\/produit\/dragon-5#primaryimage\"},\"image\":{\"@id\":\"https:\/\/maison-chance.org\/shop\/fr\/produit\/dragon-5#primaryimage\"},\"thumbnailUrl\":\"https:\/\/maison-chance.org\/shop\/wp-content\/uploads\/2024\/04\/moc-chia-khoa-hinh-con-rong-5.jpg\",\"datePublished\":\"2024-11-06T00:05:28+00:00\",\"description\":\"La peluche dragon en tissu tha\u00eflandais est une pi\u00e8ce artisanale exquise mesurant 6 \u00d7 30 cm, fabriqu\u00e9e en tissu tha\u00eflandais haut de gamme. Accentu\u00e9e de motifs dor\u00e9s cr\u00e9ant une beaut\u00e9 luxueuse et unique.\",\"breadcrumb\":{\"@id\":\"https:\/\/maison-chance.org\/shop\/fr\/produit\/dragon-5#breadcrumb\"},\"inLanguage\":\"fr-FR\",\"potentialAction\":[{\"@type\":\"ReadAction\",\"target\":[\"https:\/\/maison-chance.org\/shop\/fr\/produit\/dragon-5\"]}]},{\"@type\":\"ImageObject\",\"inLanguage\":\"fr-FR\",\"@id\":\"https:\/\/maison-chance.org\/shop\/fr\/produit\/dragon-5#primaryimage\",\"url\":\"https:\/\/maison-chance.org\/shop\/wp-content\/uploads\/2024\/04\/moc-chia-khoa-hinh-con-rong-5.jpg\",\"contentUrl\":\"https:\/\/maison-chance.org\/shop\/wp-content\/uploads\/2024\/04\/moc-chia-khoa-hinh-con-rong-5.jpg\",\"width\":600,\"height\":600,\"caption\":\"Peluche Dragon en Tissu Tha\u00eflandais\"},{\"@type\":\"BreadcrumbList\",\"@id\":\"https:\/\/maison-chance.org\/shop\/fr\/produit\/dragon-5#breadcrumb\",\"itemListElement\":[{\"@type\":\"ListItem\",\"position\":1,\"name\":\"Trang ch\u1ee7\",\"item\":\"https:\/\/maison-chance.org\/shop\/fr\"},{\"@type\":\"ListItem\",\"position\":2,\"name\":\"Boutique\",\"item\":\"https:\/\/maison-chance.org\/shop\/shop\"},{\"@type\":\"ListItem\",\"position\":3,\"name\":\"Dragon\"}]},{\"@type\":\"WebSite\",\"@id\":\"https:\/\/maison-chance.org\/shop\/fr#website\",\"url\":\"https:\/\/maison-chance.org\/shop\/fr\",\"name\":\"Nh\u00e0 May M\u1eafn - Maison Chance\",\"description\":\"M\u1ecdi l\u1ee3i nhu\u1eadn thu v\u1ec1 t\u1eeb vi\u1ec7c b\u00e1n h\u00e0ng s\u1ebd tr\u00edch m\u1ed9t ph\u1ea7n \u0111\u1ec3 ch\u0103m lo cho \u0111\u1eddi s\u1ed1ng c\u00e1c b\u1ea1n khuy\u1ebft t\u1eadt v\u00e0 tr\u1ebb m\u1ed3 c\u00f4i \u1edf \u0111\u00e2y\",\"publisher\":{\"@id\":\"https:\/\/maison-chance.org\/shop\/fr#organization\"},\"potentialAction\":[{\"@type\":\"SearchAction\",\"target\":{\"@type\":\"EntryPoint\",\"urlTemplate\":\"https:\/\/maison-chance.org\/shop\/fr?s={search_term_string}\"},\"query-input\":{\"@type\":\"PropertyValueSpecification\",\"valueRequired\":true,\"valueName\":\"search_term_string\"}}],\"inLanguage\":\"fr-FR\"},{\"@type\":\"Organization\",\"@id\":\"https:\/\/maison-chance.org\/shop\/fr#organization\",\"name\":\"Nh\u00e0 May M\u1eafn - Maison Chance\",\"url\":\"https:\/\/maison-chance.org\/shop\/fr\",\"logo\":{\"@type\":\"ImageObject\",\"inLanguage\":\"fr-FR\",\"@id\":\"https:\/\/maison-chance.org\/shop\/fr#\/schema\/logo\/image\/\",\"url\":\"https:\/\/maison-chance.org\/shop\/wp-content\/uploads\/2024\/03\/cropped-Logo_DNXH.png\",\"contentUrl\":\"https:\/\/maison-chance.org\/shop\/wp-content\/uploads\/2024\/03\/cropped-Logo_DNXH.png\",\"width\":512,\"height\":512,\"caption\":\"Nh\u00e0 May M\u1eafn - Maison Chance\"},\"image\":{\"@id\":\"https:\/\/maison-chance.org\/shop\/fr#\/schema\/logo\/image\/\"},\"sameAs\":[\"https:\/\/www.facebook.com\/dnxh.nhamayman\/\"]}]}<\/script>\n<meta property=\"og:availability\" content=\"instock\" \/>\n<meta property=\"product:availability\" content=\"instock\" \/>\n<meta property=\"product:condition\" content=\"new\" \/>\n<!-- \/ Yoast SEO Premium plugin. -->","yoast_head_json":{"title":"Dragon - peluche en tissu tha\u00eflandais - Nh\u00e0 May M\u1eafn - Maison Chance","description":"La peluche dragon en tissu tha\u00eflandais est une pi\u00e8ce artisanale exquise mesurant 6 \u00d7 30 cm, fabriqu\u00e9e en tissu tha\u00eflandais haut de gamme. Accentu\u00e9e de motifs dor\u00e9s cr\u00e9ant une beaut\u00e9 luxueuse et unique.","robots":{"index":"index","follow":"follow","max-snippet":"max-snippet:-1","max-image-preview":"max-image-preview:large","max-video-preview":"max-video-preview:-1"},"canonical":"https:\/\/maison-chance.org\/shop\/fr\/produit\/dragon-5","og_locale":"fr_FR","og_type":"article","og_title":"Dragon","og_description":"La peluche dragon en tissu tha\u00eflandais est une pi\u00e8ce artisanale exquise mesurant 6 \u00d7 30 cm, fabriqu\u00e9e en tissu tha\u00eflandais haut de gamme. Accentu\u00e9e de motifs dor\u00e9s cr\u00e9ant une beaut\u00e9 luxueuse et unique.","og_url":"https:\/\/maison-chance.org\/shop\/fr\/produit\/dragon-5","og_site_name":"Nh\u00e0 May M\u1eafn - Maison Chance","article_publisher":"https:\/\/www.facebook.com\/dnxh.nhamayman\/","og_image":[{"width":600,"height":600,"url":"https:\/\/maison-chance.org\/shop\/wp-content\/uploads\/2024\/04\/moc-chia-khoa-hinh-con-rong-5.jpg","type":"image\/jpeg"}],"twitter_card":"summary_large_image","twitter_misc":{"Disponibilit\u00e9":"En stock"},"schema":{"@context":"https:\/\/schema.org","@graph":[{"@type":"WebPage","@id":"https:\/\/maison-chance.org\/shop\/fr\/produit\/dragon-5","url":"https:\/\/maison-chance.org\/shop\/fr\/produit\/dragon-5","name":"Dragon - peluche en tissu tha\u00eflandais - Nh\u00e0 May M\u1eafn - Maison Chance","isPartOf":{"@id":"https:\/\/maison-chance.org\/shop\/fr#website"},"primaryImageOfPage":{"@id":"https:\/\/maison-chance.org\/shop\/fr\/produit\/dragon-5#primaryimage"},"image":{"@id":"https:\/\/maison-chance.org\/shop\/fr\/produit\/dragon-5#primaryimage"},"thumbnailUrl":"https:\/\/maison-chance.org\/shop\/wp-content\/uploads\/2024\/04\/moc-chia-khoa-hinh-con-rong-5.jpg","datePublished":"2024-11-06T00:05:28+00:00","description":"La peluche dragon en tissu tha\u00eflandais est une pi\u00e8ce artisanale exquise mesurant 6 \u00d7 30 cm, fabriqu\u00e9e en tissu tha\u00eflandais haut de gamme. Accentu\u00e9e de motifs dor\u00e9s cr\u00e9ant une beaut\u00e9 luxueuse et unique.","breadcrumb":{"@id":"https:\/\/maison-chance.org\/shop\/fr\/produit\/dragon-5#breadcrumb"},"inLanguage":"fr-FR","potentialAction":[{"@type":"ReadAction","target":["https:\/\/maison-chance.org\/shop\/fr\/produit\/dragon-5"]}]},{"@type":"ImageObject","inLanguage":"fr-FR","@id":"https:\/\/maison-chance.org\/shop\/fr\/produit\/dragon-5#primaryimage","url":"https:\/\/maison-chance.org\/shop\/wp-content\/uploads\/2024\/04\/moc-chia-khoa-hinh-con-rong-5.jpg","contentUrl":"https:\/\/maison-chance.org\/shop\/wp-content\/uploads\/2024\/04\/moc-chia-khoa-hinh-con-rong-5.jpg","width":600,"height":600,"caption":"Peluche Dragon en Tissu Tha\u00eflandais"},{"@type":"BreadcrumbList","@id":"https:\/\/maison-chance.org\/shop\/fr\/produit\/dragon-5#breadcrumb","itemListElement":[{"@type":"ListItem","position":1,"name":"Trang ch\u1ee7","item":"https:\/\/maison-chance.org\/shop\/fr"},{"@type":"ListItem","position":2,"name":"Boutique","item":"https:\/\/maison-chance.org\/shop\/shop"},{"@type":"ListItem","position":3,"name":"Dragon"}]},{"@type":"WebSite","@id":"https:\/\/maison-chance.org\/shop\/fr#website","url":"https:\/\/maison-chance.org\/shop\/fr","name":"Nh\u00e0 May M\u1eafn - Maison Chance","description":"M\u1ecdi l\u1ee3i nhu\u1eadn thu v\u1ec1 t\u1eeb vi\u1ec7c b\u00e1n h\u00e0ng s\u1ebd tr\u00edch m\u1ed9t ph\u1ea7n \u0111\u1ec3 ch\u0103m lo cho \u0111\u1eddi s\u1ed1ng c\u00e1c b\u1ea1n khuy\u1ebft t\u1eadt v\u00e0 tr\u1ebb m\u1ed3 c\u00f4i \u1edf \u0111\u00e2y","publisher":{"@id":"https:\/\/maison-chance.org\/shop\/fr#organization"},"potentialAction":[{"@type":"SearchAction","target":{"@type":"EntryPoint","urlTemplate":"https:\/\/maison-chance.org\/shop\/fr?s={search_term_string}"},"query-input":{"@type":"PropertyValueSpecification","valueRequired":true,"valueName":"search_term_string"}}],"inLanguage":"fr-FR"},{"@type":"Organization","@id":"https:\/\/maison-chance.org\/shop\/fr#organization","name":"Nh\u00e0 May M\u1eafn - Maison Chance","url":"https:\/\/maison-chance.org\/shop\/fr","logo":{"@type":"ImageObject","inLanguage":"fr-FR","@id":"https:\/\/maison-chance.org\/shop\/fr#\/schema\/logo\/image\/","url":"https:\/\/maison-chance.org\/shop\/wp-content\/uploads\/2024\/03\/cropped-Logo_DNXH.png","contentUrl":"https:\/\/maison-chance.org\/shop\/wp-content\/uploads\/2024\/03\/cropped-Logo_DNXH.png","width":512,"height":512,"caption":"Nh\u00e0 May M\u1eafn - Maison Chance"},"image":{"@id":"https:\/\/maison-chance.org\/shop\/fr#\/schema\/logo\/image\/"},"sameAs":["https:\/\/www.facebook.com\/dnxh.nhamayman\/"]}]},"og_availability":"instock","product_availability":"instock","product_condition":"new"},"_links":{"self":[{"href":"https:\/\/maison-chance.org\/shop\/fr\/wp-json\/wp\/v2\/product\/40993","targetHints":{"allow":["GET"]}}],"collection":[{"href":"https:\/\/maison-chance.org\/shop\/fr\/wp-json\/wp\/v2\/product"}],"about":[{"href":"https:\/\/maison-chance.org\/shop\/fr\/wp-json\/wp\/v2\/types\/product"}],"wp:featuredmedia":[{"embeddable":true,"href":"https:\/\/maison-chance.org\/shop\/fr\/wp-json\/wp\/v2\/media\/36853"}],"wp:attachment":[{"href":"https:\/\/maison-chance.org\/shop\/fr\/wp-json\/wp\/v2\/media?parent=40993"}],"wp:term":[{"taxonomy":"product_brand","embeddable":true,"href":"https:\/\/maison-chance.org\/shop\/fr\/wp-json\/wp\/v2\/product_brand?post=40993"},{"taxonomy":"product_cat","embeddable":true,"href":"https:\/\/maison-chance.org\/shop\/fr\/wp-json\/wp\/v2\/product_cat?post=40993"},{"taxonomy":"product_tag","embeddable":true,"href":"https:\/\/maison-chance.org\/shop\/fr\/wp-json\/wp\/v2\/product_tag?post=40993"}],"curies":[{"name":"wp","href":"https:\/\/api.w.org\/{rel}","templated":true}]}}