{"id":41022,"date":"2024-11-07T07:00:39","date_gmt":"2024-11-07T00:00:39","guid":{"rendered":"https:\/\/maison-chance.org\/shop\/san-pham\/chat-4"},"modified":"2025-03-17T10:08:56","modified_gmt":"2025-03-17T03:08:56","slug":"chat-4","status":"publish","type":"product","link":"https:\/\/maison-chance.org\/shop\/fr\/produit\/chat-4","title":{"rendered":"Chat"},"content":{"rendered":"<p style=\"text-align: justify;\">Saviez-vous ? En feng shui, le chat est un symbole de chance, de richesse et de paix. Dans la spiritualit\u00e9, les chats apportent de la sensibilit\u00e9 et prot\u00e8gent leurs propri\u00e9taires des \u00e9nergies n\u00e9gatives. Et sur le plan affectif, un petit chat adorable peut vous aider \u00e0 transmettre un amour sinc\u00e8re au destinataire.<\/p>\n<p>Plus qu\u2019un simple objet artisanal, le chat en tissu de brocart porte en lui l\u2019essence de la culture et de la croyance spirituelle. Selon la tradition populaire, les chats apportent l\u2019abondance, repoussent les malheurs et attirent les \u00e9nergies positives. Placez un chat en tissu chez vous, sur votre bureau ou portez-le avec vous, et vous ressentirez une s\u00e9r\u00e9nit\u00e9 et une positivit\u00e9 au quotidien.<\/p>\n<p>Chaque d\u00e9tail du produit est minutieusement cousu \u00e0 la main avec une grande pr\u00e9cision, cr\u00e9ant une apparence vivante et captivante. Le tissu de brocart doux et respirant garantit un confort au toucher. Disponible en trois tailles diff\u00e9rentes (5 \u00d7 11 cm, 7 \u00d7 14 cm, 8 \u00d7 16 cm), vous pouvez choisir la taille id\u00e9ale pour votre espace.<\/p>\n<p data-start=\"463\" data-end=\"504\"><strong data-start=\"466\" data-end=\"502\">Un cadeau significatif pour tous les \u00e2ges<\/strong><\/p>\n<ul data-start=\"505\" data-end=\"674\">\n<li data-start=\"505\" data-end=\"560\">Les enfants s\u2019\u00e9merveillent devant ce chat color\u00e9 et adorable.<\/li>\n<li data-start=\"561\" data-end=\"618\">Les adultes appr\u00e9cient son artisanat et sa signification feng shui.<\/li>\n<li data-start=\"619\" data-end=\"674\">Un cadeau chaleureux pour ceux que vous aimez.<\/li>\n<\/ul>\n<p style=\"text-align: justify;\">Contrairement aux objets produits en s\u00e9rie, le chat en tissu de brocart est soigneusement cousu \u00e0 la main par des artisans handicap\u00e9s de Maison Chance, chaque point \u00e9tant empreint de pers\u00e9v\u00e9rance, d\u2019amour et de r\u00eaves d\u2019un avenir meilleur. En poss\u00e9dant l\u2019un de ces chats, vous n\u2019apportez pas seulement de la chance chez vous, vous offrez \u00e9galement des opportunit\u00e9s aux plus d\u00e9munis de la soci\u00e9t\u00e9.<\/p>\n<p style=\"text-align: justify;\">Achetez d\u00e8s maintenant un chat en tissu de brocart pour d\u00e9corer votre espace de vie et soutenir les tailleurs handicap\u00e9s de <a href=\"https:\/\/maison-chance.org\/shop\">Maison Chance<\/a>. En achetant chez Maison Chance, vous contribuez \u00e0 construire un avenir meilleur pour les personnes handicap\u00e9es, leur offrant des opportunit\u00e9s de d\u00e9veloppement et d\u2019autonomie.<\/p>\n<p>Ch\u00e9rissez la valeur de l\u2019artisanat et diffusez l\u2019amour !<\/p>\n<p><strong><em>Petit chat &#8211; Grand charme, amour complet !<\/em><\/strong><\/p>\n","protected":false},"excerpt":{"rendered":"<p style=\"text-align: justify;\">Le produit est fabriqu\u00e9 \u00e0 la main par des amis handicap\u00e9s d\u00e9favoris\u00e9s, sollicitant aimablement le soutien des clients estim\u00e9s.<\/p>\n<p>Mat\u00e9riau : Tissu brocart<\/p>\n<p>Code : TC04TB<\/p>\n<p>Hotline : <span style=\"font-size: 20px;\"><strong><span style=\"color: #ff0000;\">0909 06 25 28<\/span><\/strong><\/span><\/p>\n<p style=\"text-align: justify;\">Si vous \u00eates au Vietnam, veuillez nous contacter via la hotline ou la page fan de l&rsquo;entreprise Maison Chance pour conna\u00eetre le prix au Vietnam.<\/p>\n","protected":false},"featured_media":36947,"template":"","meta":[],"product_brand":[],"product_cat":[243,231],"product_tag":[],"class_list":{"0":"post-41022","1":"product","2":"type-product","3":"status-publish","4":"has-post-thumbnail","6":"product_cat-animal-en-peluche","7":"product_cat-atelier-de-couture","9":"first","10":"instock","11":"shipping-taxable","12":"purchasable","13":"product-type-variable"},"yoast_head":"<!-- This site is optimized with the Yoast SEO Premium plugin v22.7 (Yoast SEO v25.3.1) - https:\/\/yoast.com\/wordpress\/plugins\/seo\/ -->\n<title>Chat- peluche en brocart - Nh\u00e0 May M\u1eafn - Maison Chance<\/title>\n<meta name=\"description\" content=\"Achetez maintenant la Peluche Chat en Tissu Brocart pour d\u00e9corer votre espace de vie et soutenir les couturiers handicap\u00e9s de Maison Chance. Chaque produit apporte non seulement de la beaut\u00e9 mais aussi des valeurs d&#039;amour et de partage\" \/>\n<meta name=\"robots\" content=\"index, follow, max-snippet:-1, max-image-preview:large, max-video-preview:-1\" \/>\n<link rel=\"canonical\" href=\"https:\/\/maison-chance.org\/shop\/fr\/produit\/chat-4\" \/>\n<meta property=\"og:locale\" content=\"fr_FR\" \/>\n<meta property=\"og:type\" content=\"article\" \/>\n<meta property=\"og:title\" content=\"Chat\" \/>\n<meta property=\"og:description\" content=\"Achetez maintenant la Peluche Chat en Tissu Brocart pour d\u00e9corer votre espace de vie et soutenir les couturiers handicap\u00e9s de Maison Chance. Chaque produit apporte non seulement de la beaut\u00e9 mais aussi des valeurs d&#039;amour et de partage\" \/>\n<meta property=\"og:url\" content=\"https:\/\/maison-chance.org\/shop\/fr\/produit\/chat-4\" \/>\n<meta property=\"og:site_name\" content=\"Nh\u00e0 May M\u1eafn - Maison Chance\" \/>\n<meta property=\"article:publisher\" content=\"https:\/\/www.facebook.com\/dnxh.nhamayman\/\" \/>\n<meta property=\"article:modified_time\" content=\"2025-03-17T03:08:56+00:00\" \/>\n<meta property=\"og:image\" content=\"https:\/\/maison-chance.org\/shop\/wp-content\/uploads\/2024\/04\/thu-nhoi-bong-hinh-con-meo-vai-tho-cam-1.jpg\" \/>\n\t<meta property=\"og:image:width\" content=\"600\" \/>\n\t<meta property=\"og:image:height\" content=\"600\" \/>\n\t<meta property=\"og:image:type\" content=\"image\/jpeg\" \/>\n<meta name=\"twitter:card\" content=\"summary_large_image\" \/>\n<meta name=\"twitter:label1\" content=\"Disponibilit\u00e9\" \/>\n\t<meta name=\"twitter:data1\" content=\"En stock\" \/>\n<script type=\"application\/ld+json\" class=\"yoast-schema-graph\">{\"@context\":\"https:\/\/schema.org\",\"@graph\":[{\"@type\":\"WebPage\",\"@id\":\"https:\/\/maison-chance.org\/shop\/fr\/produit\/chat-4\",\"url\":\"https:\/\/maison-chance.org\/shop\/fr\/produit\/chat-4\",\"name\":\"Chat- peluche en brocart - Nh\u00e0 May M\u1eafn - Maison Chance\",\"isPartOf\":{\"@id\":\"https:\/\/maison-chance.org\/shop\/fr#website\"},\"primaryImageOfPage\":{\"@id\":\"https:\/\/maison-chance.org\/shop\/fr\/produit\/chat-4#primaryimage\"},\"image\":{\"@id\":\"https:\/\/maison-chance.org\/shop\/fr\/produit\/chat-4#primaryimage\"},\"thumbnailUrl\":\"https:\/\/maison-chance.org\/shop\/wp-content\/uploads\/2024\/04\/thu-nhoi-bong-hinh-con-meo-vai-tho-cam-1.jpg\",\"datePublished\":\"2024-11-07T00:00:39+00:00\",\"dateModified\":\"2025-03-17T03:08:56+00:00\",\"description\":\"Achetez maintenant la Peluche Chat en Tissu Brocart pour d\u00e9corer votre espace de vie et soutenir les couturiers handicap\u00e9s de Maison Chance. Chaque produit apporte non seulement de la beaut\u00e9 mais aussi des valeurs d'amour et de partage\",\"breadcrumb\":{\"@id\":\"https:\/\/maison-chance.org\/shop\/fr\/produit\/chat-4#breadcrumb\"},\"inLanguage\":\"fr-FR\",\"potentialAction\":[{\"@type\":\"ReadAction\",\"target\":[\"https:\/\/maison-chance.org\/shop\/fr\/produit\/chat-4\"]}]},{\"@type\":\"ImageObject\",\"inLanguage\":\"fr-FR\",\"@id\":\"https:\/\/maison-chance.org\/shop\/fr\/produit\/chat-4#primaryimage\",\"url\":\"https:\/\/maison-chance.org\/shop\/wp-content\/uploads\/2024\/04\/thu-nhoi-bong-hinh-con-meo-vai-tho-cam-1.jpg\",\"contentUrl\":\"https:\/\/maison-chance.org\/shop\/wp-content\/uploads\/2024\/04\/thu-nhoi-bong-hinh-con-meo-vai-tho-cam-1.jpg\",\"width\":600,\"height\":600,\"caption\":\"Peluche Chat en Tissu Brocart\"},{\"@type\":\"BreadcrumbList\",\"@id\":\"https:\/\/maison-chance.org\/shop\/fr\/produit\/chat-4#breadcrumb\",\"itemListElement\":[{\"@type\":\"ListItem\",\"position\":1,\"name\":\"Trang ch\u1ee7\",\"item\":\"https:\/\/maison-chance.org\/shop\/fr\"},{\"@type\":\"ListItem\",\"position\":2,\"name\":\"Boutique\",\"item\":\"https:\/\/maison-chance.org\/shop\/shop\"},{\"@type\":\"ListItem\",\"position\":3,\"name\":\"Chat\"}]},{\"@type\":\"WebSite\",\"@id\":\"https:\/\/maison-chance.org\/shop\/fr#website\",\"url\":\"https:\/\/maison-chance.org\/shop\/fr\",\"name\":\"Nh\u00e0 May M\u1eafn - Maison Chance\",\"description\":\"M\u1ecdi l\u1ee3i nhu\u1eadn thu v\u1ec1 t\u1eeb vi\u1ec7c b\u00e1n h\u00e0ng s\u1ebd tr\u00edch m\u1ed9t ph\u1ea7n \u0111\u1ec3 ch\u0103m lo cho \u0111\u1eddi s\u1ed1ng c\u00e1c b\u1ea1n khuy\u1ebft t\u1eadt v\u00e0 tr\u1ebb m\u1ed3 c\u00f4i \u1edf \u0111\u00e2y\",\"publisher\":{\"@id\":\"https:\/\/maison-chance.org\/shop\/fr#organization\"},\"potentialAction\":[{\"@type\":\"SearchAction\",\"target\":{\"@type\":\"EntryPoint\",\"urlTemplate\":\"https:\/\/maison-chance.org\/shop\/fr?s={search_term_string}\"},\"query-input\":{\"@type\":\"PropertyValueSpecification\",\"valueRequired\":true,\"valueName\":\"search_term_string\"}}],\"inLanguage\":\"fr-FR\"},{\"@type\":\"Organization\",\"@id\":\"https:\/\/maison-chance.org\/shop\/fr#organization\",\"name\":\"Nh\u00e0 May M\u1eafn - Maison Chance\",\"url\":\"https:\/\/maison-chance.org\/shop\/fr\",\"logo\":{\"@type\":\"ImageObject\",\"inLanguage\":\"fr-FR\",\"@id\":\"https:\/\/maison-chance.org\/shop\/fr#\/schema\/logo\/image\/\",\"url\":\"https:\/\/maison-chance.org\/shop\/wp-content\/uploads\/2024\/03\/cropped-Logo_DNXH.png\",\"contentUrl\":\"https:\/\/maison-chance.org\/shop\/wp-content\/uploads\/2024\/03\/cropped-Logo_DNXH.png\",\"width\":512,\"height\":512,\"caption\":\"Nh\u00e0 May M\u1eafn - Maison Chance\"},\"image\":{\"@id\":\"https:\/\/maison-chance.org\/shop\/fr#\/schema\/logo\/image\/\"},\"sameAs\":[\"https:\/\/www.facebook.com\/dnxh.nhamayman\/\"]}]}<\/script>\n<meta property=\"og:availability\" content=\"instock\" \/>\n<meta property=\"product:availability\" content=\"instock\" \/>\n<meta property=\"product:condition\" content=\"new\" \/>\n<!-- \/ Yoast SEO Premium plugin. -->","yoast_head_json":{"title":"Chat- peluche en brocart - Nh\u00e0 May M\u1eafn - Maison Chance","description":"Achetez maintenant la Peluche Chat en Tissu Brocart pour d\u00e9corer votre espace de vie et soutenir les couturiers handicap\u00e9s de Maison Chance. Chaque produit apporte non seulement de la beaut\u00e9 mais aussi des valeurs d'amour et de partage","robots":{"index":"index","follow":"follow","max-snippet":"max-snippet:-1","max-image-preview":"max-image-preview:large","max-video-preview":"max-video-preview:-1"},"canonical":"https:\/\/maison-chance.org\/shop\/fr\/produit\/chat-4","og_locale":"fr_FR","og_type":"article","og_title":"Chat","og_description":"Achetez maintenant la Peluche Chat en Tissu Brocart pour d\u00e9corer votre espace de vie et soutenir les couturiers handicap\u00e9s de Maison Chance. Chaque produit apporte non seulement de la beaut\u00e9 mais aussi des valeurs d'amour et de partage","og_url":"https:\/\/maison-chance.org\/shop\/fr\/produit\/chat-4","og_site_name":"Nh\u00e0 May M\u1eafn - Maison Chance","article_publisher":"https:\/\/www.facebook.com\/dnxh.nhamayman\/","article_modified_time":"2025-03-17T03:08:56+00:00","og_image":[{"width":600,"height":600,"url":"https:\/\/maison-chance.org\/shop\/wp-content\/uploads\/2024\/04\/thu-nhoi-bong-hinh-con-meo-vai-tho-cam-1.jpg","type":"image\/jpeg"}],"twitter_card":"summary_large_image","twitter_misc":{"Disponibilit\u00e9":"En stock"},"schema":{"@context":"https:\/\/schema.org","@graph":[{"@type":"WebPage","@id":"https:\/\/maison-chance.org\/shop\/fr\/produit\/chat-4","url":"https:\/\/maison-chance.org\/shop\/fr\/produit\/chat-4","name":"Chat- peluche en brocart - Nh\u00e0 May M\u1eafn - Maison Chance","isPartOf":{"@id":"https:\/\/maison-chance.org\/shop\/fr#website"},"primaryImageOfPage":{"@id":"https:\/\/maison-chance.org\/shop\/fr\/produit\/chat-4#primaryimage"},"image":{"@id":"https:\/\/maison-chance.org\/shop\/fr\/produit\/chat-4#primaryimage"},"thumbnailUrl":"https:\/\/maison-chance.org\/shop\/wp-content\/uploads\/2024\/04\/thu-nhoi-bong-hinh-con-meo-vai-tho-cam-1.jpg","datePublished":"2024-11-07T00:00:39+00:00","dateModified":"2025-03-17T03:08:56+00:00","description":"Achetez maintenant la Peluche Chat en Tissu Brocart pour d\u00e9corer votre espace de vie et soutenir les couturiers handicap\u00e9s de Maison Chance. Chaque produit apporte non seulement de la beaut\u00e9 mais aussi des valeurs d'amour et de partage","breadcrumb":{"@id":"https:\/\/maison-chance.org\/shop\/fr\/produit\/chat-4#breadcrumb"},"inLanguage":"fr-FR","potentialAction":[{"@type":"ReadAction","target":["https:\/\/maison-chance.org\/shop\/fr\/produit\/chat-4"]}]},{"@type":"ImageObject","inLanguage":"fr-FR","@id":"https:\/\/maison-chance.org\/shop\/fr\/produit\/chat-4#primaryimage","url":"https:\/\/maison-chance.org\/shop\/wp-content\/uploads\/2024\/04\/thu-nhoi-bong-hinh-con-meo-vai-tho-cam-1.jpg","contentUrl":"https:\/\/maison-chance.org\/shop\/wp-content\/uploads\/2024\/04\/thu-nhoi-bong-hinh-con-meo-vai-tho-cam-1.jpg","width":600,"height":600,"caption":"Peluche Chat en Tissu Brocart"},{"@type":"BreadcrumbList","@id":"https:\/\/maison-chance.org\/shop\/fr\/produit\/chat-4#breadcrumb","itemListElement":[{"@type":"ListItem","position":1,"name":"Trang ch\u1ee7","item":"https:\/\/maison-chance.org\/shop\/fr"},{"@type":"ListItem","position":2,"name":"Boutique","item":"https:\/\/maison-chance.org\/shop\/shop"},{"@type":"ListItem","position":3,"name":"Chat"}]},{"@type":"WebSite","@id":"https:\/\/maison-chance.org\/shop\/fr#website","url":"https:\/\/maison-chance.org\/shop\/fr","name":"Nh\u00e0 May M\u1eafn - Maison Chance","description":"M\u1ecdi l\u1ee3i nhu\u1eadn thu v\u1ec1 t\u1eeb vi\u1ec7c b\u00e1n h\u00e0ng s\u1ebd tr\u00edch m\u1ed9t ph\u1ea7n \u0111\u1ec3 ch\u0103m lo cho \u0111\u1eddi s\u1ed1ng c\u00e1c b\u1ea1n khuy\u1ebft t\u1eadt v\u00e0 tr\u1ebb m\u1ed3 c\u00f4i \u1edf \u0111\u00e2y","publisher":{"@id":"https:\/\/maison-chance.org\/shop\/fr#organization"},"potentialAction":[{"@type":"SearchAction","target":{"@type":"EntryPoint","urlTemplate":"https:\/\/maison-chance.org\/shop\/fr?s={search_term_string}"},"query-input":{"@type":"PropertyValueSpecification","valueRequired":true,"valueName":"search_term_string"}}],"inLanguage":"fr-FR"},{"@type":"Organization","@id":"https:\/\/maison-chance.org\/shop\/fr#organization","name":"Nh\u00e0 May M\u1eafn - Maison Chance","url":"https:\/\/maison-chance.org\/shop\/fr","logo":{"@type":"ImageObject","inLanguage":"fr-FR","@id":"https:\/\/maison-chance.org\/shop\/fr#\/schema\/logo\/image\/","url":"https:\/\/maison-chance.org\/shop\/wp-content\/uploads\/2024\/03\/cropped-Logo_DNXH.png","contentUrl":"https:\/\/maison-chance.org\/shop\/wp-content\/uploads\/2024\/03\/cropped-Logo_DNXH.png","width":512,"height":512,"caption":"Nh\u00e0 May M\u1eafn - Maison Chance"},"image":{"@id":"https:\/\/maison-chance.org\/shop\/fr#\/schema\/logo\/image\/"},"sameAs":["https:\/\/www.facebook.com\/dnxh.nhamayman\/"]}]},"og_availability":"instock","product_availability":"instock","product_condition":"new"},"_links":{"self":[{"href":"https:\/\/maison-chance.org\/shop\/fr\/wp-json\/wp\/v2\/product\/41022","targetHints":{"allow":["GET"]}}],"collection":[{"href":"https:\/\/maison-chance.org\/shop\/fr\/wp-json\/wp\/v2\/product"}],"about":[{"href":"https:\/\/maison-chance.org\/shop\/fr\/wp-json\/wp\/v2\/types\/product"}],"wp:featuredmedia":[{"embeddable":true,"href":"https:\/\/maison-chance.org\/shop\/fr\/wp-json\/wp\/v2\/media\/36947"}],"wp:attachment":[{"href":"https:\/\/maison-chance.org\/shop\/fr\/wp-json\/wp\/v2\/media?parent=41022"}],"wp:term":[{"taxonomy":"product_brand","embeddable":true,"href":"https:\/\/maison-chance.org\/shop\/fr\/wp-json\/wp\/v2\/product_brand?post=41022"},{"taxonomy":"product_cat","embeddable":true,"href":"https:\/\/maison-chance.org\/shop\/fr\/wp-json\/wp\/v2\/product_cat?post=41022"},{"taxonomy":"product_tag","embeddable":true,"href":"https:\/\/maison-chance.org\/shop\/fr\/wp-json\/wp\/v2\/product_tag?post=41022"}],"curies":[{"name":"wp","href":"https:\/\/api.w.org\/{rel}","templated":true}]}}