{"id":41035,"date":"2024-11-07T07:05:28","date_gmt":"2024-11-07T00:05:28","guid":{"rendered":"https:\/\/maison-chance.org\/shop\/san-pham\/tigre-3"},"modified":"2025-03-17T10:22:29","modified_gmt":"2025-03-17T03:22:29","slug":"tigre-3","status":"publish","type":"product","link":"https:\/\/maison-chance.org\/shop\/fr\/produit\/tigre-3","title":{"rendered":"Tigre"},"content":{"rendered":"<p data-start=\"181\" data-end=\"475\"><strong>TIGRE EN BROCAST \u2013 SYMBOLE DE FORCE, TALISMAN DE PAIX !<\/strong><\/p>\n<p data-start=\"181\" data-end=\"475\">Avez-vous d\u00e9j\u00e0 entendu le dicton <strong data-start=\"86\" data-end=\"122\">\u00ab\u00a0Quand le tigre descend de la montagne, l\u2019\u00e9nergie auspicious abonde\u00a0\u00bb<\/strong> ? Depuis des g\u00e9n\u00e9rations, le tigre n\u2019est pas seulement le roi de la jungle, mais aussi une cr\u00e9ature spirituelle symbolisant la force, le courage et la protection. Dans la culture orientale, le tigre incarne une volont\u00e9 in\u00e9branlable, la capacit\u00e9 \u00e0 repousser les \u00e9nergies mal\u00e9fiques et \u00e0 apporter chance et richesse. Un tigre dans votre maison agit comme un talisman protecteur, aidant son propri\u00e9taire \u00e0 rester ferme face aux d\u00e9fis de la vie et ouvrant la voie \u00e0 la bonne fortune.<\/p>\n<p data-start=\"477\" data-end=\"686\">Et maintenant, cet esprit est captur\u00e9 dans chaque point et fil de ces tigres en tissu de brocart \u2013 un produit unique et significatif, cr\u00e9\u00e9 par les mains habiles des artisans handicap\u00e9s de Maison Chance.<\/p>\n<p data-start=\"477\" data-end=\"686\"><strong>ANIMAL SPIRITUEL PROTECTEUR, CADEAU SPIRITUEL !<\/strong><\/p>\n<p data-start=\"715\" data-end=\"743\"><strong data-start=\"718\" data-end=\"741\">\ud83d\udc2f Tailles vari\u00e9es :<\/strong><\/p>\n<ul data-start=\"744\" data-end=\"973\">\n<li data-start=\"744\" data-end=\"819\">4 \u00d7 8 cm \u2013 Compact, parfait comme porte-cl\u00e9s ou pour accrocher sur des sacs \u00e0 dos ou des sacs.<\/li>\n<li data-start=\"820\" data-end=\"886\">6 \u00d7 11 cm \u2013 Id\u00e9al pour d\u00e9corer un bureau, une voiture ou une chambre.<\/li>\n<li data-start=\"887\" data-end=\"973\">8 \u00d7 15 cm \u2013 Talisman feng shui pour la maison, attirant l\u2019\u00e9nergie positive.<\/li>\n<\/ul>\n<p data-start=\"975\" data-end=\"1003\">\ud83d\udc2f <strong data-start=\"978\" data-end=\"1001\">Signification feng shui :<\/strong><\/p>\n<ul data-start=\"1004\" data-end=\"1203\">\n<li data-start=\"1004\" data-end=\"1068\">Symbolise la force, la r\u00e9silience et une intelligence aiguis\u00e9e.<\/li>\n<li data-start=\"1069\" data-end=\"1125\">Apporte richesse, chance et repousse les malheurs.<\/li>\n<li data-start=\"1126\" data-end=\"1203\">Un animal spirituel protecteur, aidant son propri\u00e9taire \u00e0 rester in\u00e9branlable face \u00e0 tous les d\u00e9fis.<\/li>\n<\/ul>\n<p data-start=\"1205\" data-end=\"1235\">\ud83d\udc2f <strong data-start=\"1208\" data-end=\"1233\">Mat\u00e9riaux &amp; Design :<\/strong><\/p>\n<ul data-start=\"1236\" data-end=\"1500\">\n<li data-start=\"1236\" data-end=\"1317\">Fabriqu\u00e9 en tissu de brocart traditionnel, chaque point brod\u00e9 avec pr\u00e9cision et nettet\u00e9.<\/li>\n<li data-start=\"1318\" data-end=\"1411\">Chaque couleur porte une \u00e9nergie unique, adapt\u00e9e aux pr\u00e9f\u00e9rences et aux besoins feng shui de chacun.<\/li>\n<li data-start=\"1412\" data-end=\"1500\">Motifs d\u00e9coratifs faits main, \u00e0 la fois rustiques et raffin\u00e9s, empreints d\u2019identit\u00e9 culturelle.<\/li>\n<\/ul>\n<p data-start=\"1502\" data-end=\"1544\">\ud83d\udc2f <strong data-start=\"1505\" data-end=\"1542\">Un cadeau significatif pour tous les \u00e2ges :<\/strong><\/p>\n<ul data-start=\"1545\" data-end=\"1796\">\n<li data-start=\"1545\" data-end=\"1614\">Enfants : L\u2019image du tigre inspire confiance, force et courage.<\/li>\n<li data-start=\"1615\" data-end=\"1720\">Adultes : Un tigre feng shui apporte \u00e9nergie positive, protection et soutien \u00e0 la carri\u00e8re et au succ\u00e8s.<\/li>\n<li data-start=\"1721\" data-end=\"1796\">Personnes \u00e2g\u00e9es : Un cadeau symbolisant long\u00e9vit\u00e9 et paix.<\/li>\n<\/ul>\n<p><strong>PLUS QU\u2019UN CADEAU \u2013 UN VOYAGE D\u2019AMOUR !<\/strong><\/p>\n<p style=\"text-align: justify;\">En choisissant d\u2019acheter un tigre en tissu de brocart, vous n\u2019acqu\u00e9rez pas seulement un talisman porte-bonheur, mais vous donnez \u00e9galement une motivation \u00e0 vivre aux personnes handicap\u00e9es \u2013 ces artisans silencieux mais r\u00e9silients qui, jour apr\u00e8s jour, s\u2019efforcent de surmonter leur destin avec leurs propres mains.<\/p>\n<p style=\"text-align: justify;\">D\u00e9p\u00eachez-vous de commander un tigre en tissu de brocart pour enrichir votre espace de vie tout en t\u00e9moignant votre appr\u00e9ciation du talent et des efforts des tailleurs handicap\u00e9s. Ce n\u2019est pas qu\u2019un objet d\u00e9coratif, c\u2019est un cadeau empreint de sens, porteur d\u2019un esprit de partage, diffusant l\u2019amour dans la communaut\u00e9.<\/p>\n<p><em><strong>Tigre en Brocart \u2013 La Force comme Bouclier, la Paix comme Compagnon !<\/strong><\/em><\/p>\n","protected":false},"excerpt":{"rendered":"<p style=\"text-align: justify;\">Le produit est fabriqu\u00e9 \u00e0 la main par des personnes handicap\u00e9es d\u00e9favoris\u00e9es, et nous esp\u00e9rons recevoir votre soutien.<\/p>\n<p>Mati\u00e8re : Tissu brocart<\/p>\n<p>Code : TC03TB<\/p>\n<p>Hotline : <span style=\"font-size: 20px;\"><strong><span style=\"color: #ff0000;\">0909 06 25 28<\/span><\/strong><\/span><\/p>\n<p style=\"text-align: justify;\">Si vous \u00eates au Vietnam, veuillez nous contacter via la hotline ou la page fan de Maison Chance pour obtenir des informations sur les prix locaux.<\/p>\n","protected":false},"featured_media":36835,"template":"","meta":[],"product_brand":[],"product_cat":[243,231],"product_tag":[],"class_list":{"0":"post-41035","1":"product","2":"type-product","3":"status-publish","4":"has-post-thumbnail","6":"product_cat-animal-en-peluche","7":"product_cat-atelier-de-couture","9":"first","10":"instock","11":"shipping-taxable","12":"purchasable","13":"product-type-variable"},"yoast_head":"<!-- This site is optimized with the Yoast SEO Premium plugin v22.7 (Yoast SEO v25.3.1) - https:\/\/yoast.com\/wordpress\/plugins\/seo\/ -->\n<title>Tigre - peluche en brocart - Nh\u00e0 May M\u1eafn - Maison Chance<\/title>\n<meta name=\"description\" content=\"Le tigre en peluche en brocart n&#039;est pas seulement un jouet ou un souvenir, mais aussi une d\u00e9coration \u00e9l\u00e9gante. Avec trois tailles flexibles \u2013 4 \u00d7 8 cm, 6 \u00d7 11 cm et 8 \u00d7 15 cm \u2013 vous pouvez facilement placer ce produit dans diff\u00e9rents coins de la maison.\" \/>\n<meta name=\"robots\" content=\"index, follow, max-snippet:-1, max-image-preview:large, max-video-preview:-1\" \/>\n<link rel=\"canonical\" href=\"https:\/\/maison-chance.org\/shop\/fr\/produit\/tigre-3\" \/>\n<meta property=\"og:locale\" content=\"fr_FR\" \/>\n<meta property=\"og:type\" content=\"article\" \/>\n<meta property=\"og:title\" content=\"Tigre\" \/>\n<meta property=\"og:description\" content=\"Le tigre en peluche en brocart n&#039;est pas seulement un jouet ou un souvenir, mais aussi une d\u00e9coration \u00e9l\u00e9gante. Avec trois tailles flexibles \u2013 4 \u00d7 8 cm, 6 \u00d7 11 cm et 8 \u00d7 15 cm \u2013 vous pouvez facilement placer ce produit dans diff\u00e9rents coins de la maison.\" \/>\n<meta property=\"og:url\" content=\"https:\/\/maison-chance.org\/shop\/fr\/produit\/tigre-3\" \/>\n<meta property=\"og:site_name\" content=\"Nh\u00e0 May M\u1eafn - Maison Chance\" \/>\n<meta property=\"article:publisher\" content=\"https:\/\/www.facebook.com\/dnxh.nhamayman\/\" \/>\n<meta property=\"article:modified_time\" content=\"2025-03-17T03:22:29+00:00\" \/>\n<meta property=\"og:image\" content=\"https:\/\/maison-chance.org\/shop\/wp-content\/uploads\/2024\/04\/thu-nhoi-bong-hinh-con-ho-vai-tho-cam-1.jpg\" \/>\n\t<meta property=\"og:image:width\" content=\"600\" \/>\n\t<meta property=\"og:image:height\" content=\"600\" \/>\n\t<meta property=\"og:image:type\" content=\"image\/jpeg\" \/>\n<meta name=\"twitter:card\" content=\"summary_large_image\" \/>\n<meta name=\"twitter:label1\" content=\"Disponibilit\u00e9\" \/>\n\t<meta name=\"twitter:data1\" content=\"En stock\" \/>\n<script type=\"application\/ld+json\" class=\"yoast-schema-graph\">{\"@context\":\"https:\/\/schema.org\",\"@graph\":[{\"@type\":\"WebPage\",\"@id\":\"https:\/\/maison-chance.org\/shop\/fr\/produit\/tigre-3\",\"url\":\"https:\/\/maison-chance.org\/shop\/fr\/produit\/tigre-3\",\"name\":\"Tigre - peluche en brocart - Nh\u00e0 May M\u1eafn - Maison Chance\",\"isPartOf\":{\"@id\":\"https:\/\/maison-chance.org\/shop\/fr#website\"},\"primaryImageOfPage\":{\"@id\":\"https:\/\/maison-chance.org\/shop\/fr\/produit\/tigre-3#primaryimage\"},\"image\":{\"@id\":\"https:\/\/maison-chance.org\/shop\/fr\/produit\/tigre-3#primaryimage\"},\"thumbnailUrl\":\"https:\/\/maison-chance.org\/shop\/wp-content\/uploads\/2024\/04\/thu-nhoi-bong-hinh-con-ho-vai-tho-cam-1.jpg\",\"datePublished\":\"2024-11-07T00:05:28+00:00\",\"dateModified\":\"2025-03-17T03:22:29+00:00\",\"description\":\"Le tigre en peluche en brocart n'est pas seulement un jouet ou un souvenir, mais aussi une d\u00e9coration \u00e9l\u00e9gante. Avec trois tailles flexibles \u2013 4 \u00d7 8 cm, 6 \u00d7 11 cm et 8 \u00d7 15 cm \u2013 vous pouvez facilement placer ce produit dans diff\u00e9rents coins de la maison.\",\"breadcrumb\":{\"@id\":\"https:\/\/maison-chance.org\/shop\/fr\/produit\/tigre-3#breadcrumb\"},\"inLanguage\":\"fr-FR\",\"potentialAction\":[{\"@type\":\"ReadAction\",\"target\":[\"https:\/\/maison-chance.org\/shop\/fr\/produit\/tigre-3\"]}]},{\"@type\":\"ImageObject\",\"inLanguage\":\"fr-FR\",\"@id\":\"https:\/\/maison-chance.org\/shop\/fr\/produit\/tigre-3#primaryimage\",\"url\":\"https:\/\/maison-chance.org\/shop\/wp-content\/uploads\/2024\/04\/thu-nhoi-bong-hinh-con-ho-vai-tho-cam-1.jpg\",\"contentUrl\":\"https:\/\/maison-chance.org\/shop\/wp-content\/uploads\/2024\/04\/thu-nhoi-bong-hinh-con-ho-vai-tho-cam-1.jpg\",\"width\":600,\"height\":600,\"caption\":\"Tigre en Peluche en Brocart\"},{\"@type\":\"BreadcrumbList\",\"@id\":\"https:\/\/maison-chance.org\/shop\/fr\/produit\/tigre-3#breadcrumb\",\"itemListElement\":[{\"@type\":\"ListItem\",\"position\":1,\"name\":\"Trang ch\u1ee7\",\"item\":\"https:\/\/maison-chance.org\/shop\/fr\"},{\"@type\":\"ListItem\",\"position\":2,\"name\":\"Boutique\",\"item\":\"https:\/\/maison-chance.org\/shop\/shop\"},{\"@type\":\"ListItem\",\"position\":3,\"name\":\"Tigre\"}]},{\"@type\":\"WebSite\",\"@id\":\"https:\/\/maison-chance.org\/shop\/fr#website\",\"url\":\"https:\/\/maison-chance.org\/shop\/fr\",\"name\":\"Nh\u00e0 May M\u1eafn - Maison Chance\",\"description\":\"M\u1ecdi l\u1ee3i nhu\u1eadn thu v\u1ec1 t\u1eeb vi\u1ec7c b\u00e1n h\u00e0ng s\u1ebd tr\u00edch m\u1ed9t ph\u1ea7n \u0111\u1ec3 ch\u0103m lo cho \u0111\u1eddi s\u1ed1ng c\u00e1c b\u1ea1n khuy\u1ebft t\u1eadt v\u00e0 tr\u1ebb m\u1ed3 c\u00f4i \u1edf \u0111\u00e2y\",\"publisher\":{\"@id\":\"https:\/\/maison-chance.org\/shop\/fr#organization\"},\"potentialAction\":[{\"@type\":\"SearchAction\",\"target\":{\"@type\":\"EntryPoint\",\"urlTemplate\":\"https:\/\/maison-chance.org\/shop\/fr?s={search_term_string}\"},\"query-input\":{\"@type\":\"PropertyValueSpecification\",\"valueRequired\":true,\"valueName\":\"search_term_string\"}}],\"inLanguage\":\"fr-FR\"},{\"@type\":\"Organization\",\"@id\":\"https:\/\/maison-chance.org\/shop\/fr#organization\",\"name\":\"Nh\u00e0 May M\u1eafn - Maison Chance\",\"url\":\"https:\/\/maison-chance.org\/shop\/fr\",\"logo\":{\"@type\":\"ImageObject\",\"inLanguage\":\"fr-FR\",\"@id\":\"https:\/\/maison-chance.org\/shop\/fr#\/schema\/logo\/image\/\",\"url\":\"https:\/\/maison-chance.org\/shop\/wp-content\/uploads\/2024\/03\/cropped-Logo_DNXH.png\",\"contentUrl\":\"https:\/\/maison-chance.org\/shop\/wp-content\/uploads\/2024\/03\/cropped-Logo_DNXH.png\",\"width\":512,\"height\":512,\"caption\":\"Nh\u00e0 May M\u1eafn - Maison Chance\"},\"image\":{\"@id\":\"https:\/\/maison-chance.org\/shop\/fr#\/schema\/logo\/image\/\"},\"sameAs\":[\"https:\/\/www.facebook.com\/dnxh.nhamayman\/\"]}]}<\/script>\n<meta property=\"og:availability\" content=\"instock\" \/>\n<meta property=\"product:availability\" content=\"instock\" \/>\n<meta property=\"product:condition\" content=\"new\" \/>\n<!-- \/ Yoast SEO Premium plugin. -->","yoast_head_json":{"title":"Tigre - peluche en brocart - Nh\u00e0 May M\u1eafn - Maison Chance","description":"Le tigre en peluche en brocart n'est pas seulement un jouet ou un souvenir, mais aussi une d\u00e9coration \u00e9l\u00e9gante. Avec trois tailles flexibles \u2013 4 \u00d7 8 cm, 6 \u00d7 11 cm et 8 \u00d7 15 cm \u2013 vous pouvez facilement placer ce produit dans diff\u00e9rents coins de la maison.","robots":{"index":"index","follow":"follow","max-snippet":"max-snippet:-1","max-image-preview":"max-image-preview:large","max-video-preview":"max-video-preview:-1"},"canonical":"https:\/\/maison-chance.org\/shop\/fr\/produit\/tigre-3","og_locale":"fr_FR","og_type":"article","og_title":"Tigre","og_description":"Le tigre en peluche en brocart n'est pas seulement un jouet ou un souvenir, mais aussi une d\u00e9coration \u00e9l\u00e9gante. Avec trois tailles flexibles \u2013 4 \u00d7 8 cm, 6 \u00d7 11 cm et 8 \u00d7 15 cm \u2013 vous pouvez facilement placer ce produit dans diff\u00e9rents coins de la maison.","og_url":"https:\/\/maison-chance.org\/shop\/fr\/produit\/tigre-3","og_site_name":"Nh\u00e0 May M\u1eafn - Maison Chance","article_publisher":"https:\/\/www.facebook.com\/dnxh.nhamayman\/","article_modified_time":"2025-03-17T03:22:29+00:00","og_image":[{"width":600,"height":600,"url":"https:\/\/maison-chance.org\/shop\/wp-content\/uploads\/2024\/04\/thu-nhoi-bong-hinh-con-ho-vai-tho-cam-1.jpg","type":"image\/jpeg"}],"twitter_card":"summary_large_image","twitter_misc":{"Disponibilit\u00e9":"En stock"},"schema":{"@context":"https:\/\/schema.org","@graph":[{"@type":"WebPage","@id":"https:\/\/maison-chance.org\/shop\/fr\/produit\/tigre-3","url":"https:\/\/maison-chance.org\/shop\/fr\/produit\/tigre-3","name":"Tigre - peluche en brocart - Nh\u00e0 May M\u1eafn - Maison Chance","isPartOf":{"@id":"https:\/\/maison-chance.org\/shop\/fr#website"},"primaryImageOfPage":{"@id":"https:\/\/maison-chance.org\/shop\/fr\/produit\/tigre-3#primaryimage"},"image":{"@id":"https:\/\/maison-chance.org\/shop\/fr\/produit\/tigre-3#primaryimage"},"thumbnailUrl":"https:\/\/maison-chance.org\/shop\/wp-content\/uploads\/2024\/04\/thu-nhoi-bong-hinh-con-ho-vai-tho-cam-1.jpg","datePublished":"2024-11-07T00:05:28+00:00","dateModified":"2025-03-17T03:22:29+00:00","description":"Le tigre en peluche en brocart n'est pas seulement un jouet ou un souvenir, mais aussi une d\u00e9coration \u00e9l\u00e9gante. Avec trois tailles flexibles \u2013 4 \u00d7 8 cm, 6 \u00d7 11 cm et 8 \u00d7 15 cm \u2013 vous pouvez facilement placer ce produit dans diff\u00e9rents coins de la maison.","breadcrumb":{"@id":"https:\/\/maison-chance.org\/shop\/fr\/produit\/tigre-3#breadcrumb"},"inLanguage":"fr-FR","potentialAction":[{"@type":"ReadAction","target":["https:\/\/maison-chance.org\/shop\/fr\/produit\/tigre-3"]}]},{"@type":"ImageObject","inLanguage":"fr-FR","@id":"https:\/\/maison-chance.org\/shop\/fr\/produit\/tigre-3#primaryimage","url":"https:\/\/maison-chance.org\/shop\/wp-content\/uploads\/2024\/04\/thu-nhoi-bong-hinh-con-ho-vai-tho-cam-1.jpg","contentUrl":"https:\/\/maison-chance.org\/shop\/wp-content\/uploads\/2024\/04\/thu-nhoi-bong-hinh-con-ho-vai-tho-cam-1.jpg","width":600,"height":600,"caption":"Tigre en Peluche en Brocart"},{"@type":"BreadcrumbList","@id":"https:\/\/maison-chance.org\/shop\/fr\/produit\/tigre-3#breadcrumb","itemListElement":[{"@type":"ListItem","position":1,"name":"Trang ch\u1ee7","item":"https:\/\/maison-chance.org\/shop\/fr"},{"@type":"ListItem","position":2,"name":"Boutique","item":"https:\/\/maison-chance.org\/shop\/shop"},{"@type":"ListItem","position":3,"name":"Tigre"}]},{"@type":"WebSite","@id":"https:\/\/maison-chance.org\/shop\/fr#website","url":"https:\/\/maison-chance.org\/shop\/fr","name":"Nh\u00e0 May M\u1eafn - Maison Chance","description":"M\u1ecdi l\u1ee3i nhu\u1eadn thu v\u1ec1 t\u1eeb vi\u1ec7c b\u00e1n h\u00e0ng s\u1ebd tr\u00edch m\u1ed9t ph\u1ea7n \u0111\u1ec3 ch\u0103m lo cho \u0111\u1eddi s\u1ed1ng c\u00e1c b\u1ea1n khuy\u1ebft t\u1eadt v\u00e0 tr\u1ebb m\u1ed3 c\u00f4i \u1edf \u0111\u00e2y","publisher":{"@id":"https:\/\/maison-chance.org\/shop\/fr#organization"},"potentialAction":[{"@type":"SearchAction","target":{"@type":"EntryPoint","urlTemplate":"https:\/\/maison-chance.org\/shop\/fr?s={search_term_string}"},"query-input":{"@type":"PropertyValueSpecification","valueRequired":true,"valueName":"search_term_string"}}],"inLanguage":"fr-FR"},{"@type":"Organization","@id":"https:\/\/maison-chance.org\/shop\/fr#organization","name":"Nh\u00e0 May M\u1eafn - Maison Chance","url":"https:\/\/maison-chance.org\/shop\/fr","logo":{"@type":"ImageObject","inLanguage":"fr-FR","@id":"https:\/\/maison-chance.org\/shop\/fr#\/schema\/logo\/image\/","url":"https:\/\/maison-chance.org\/shop\/wp-content\/uploads\/2024\/03\/cropped-Logo_DNXH.png","contentUrl":"https:\/\/maison-chance.org\/shop\/wp-content\/uploads\/2024\/03\/cropped-Logo_DNXH.png","width":512,"height":512,"caption":"Nh\u00e0 May M\u1eafn - Maison Chance"},"image":{"@id":"https:\/\/maison-chance.org\/shop\/fr#\/schema\/logo\/image\/"},"sameAs":["https:\/\/www.facebook.com\/dnxh.nhamayman\/"]}]},"og_availability":"instock","product_availability":"instock","product_condition":"new"},"_links":{"self":[{"href":"https:\/\/maison-chance.org\/shop\/fr\/wp-json\/wp\/v2\/product\/41035","targetHints":{"allow":["GET"]}}],"collection":[{"href":"https:\/\/maison-chance.org\/shop\/fr\/wp-json\/wp\/v2\/product"}],"about":[{"href":"https:\/\/maison-chance.org\/shop\/fr\/wp-json\/wp\/v2\/types\/product"}],"wp:featuredmedia":[{"embeddable":true,"href":"https:\/\/maison-chance.org\/shop\/fr\/wp-json\/wp\/v2\/media\/36835"}],"wp:attachment":[{"href":"https:\/\/maison-chance.org\/shop\/fr\/wp-json\/wp\/v2\/media?parent=41035"}],"wp:term":[{"taxonomy":"product_brand","embeddable":true,"href":"https:\/\/maison-chance.org\/shop\/fr\/wp-json\/wp\/v2\/product_brand?post=41035"},{"taxonomy":"product_cat","embeddable":true,"href":"https:\/\/maison-chance.org\/shop\/fr\/wp-json\/wp\/v2\/product_cat?post=41035"},{"taxonomy":"product_tag","embeddable":true,"href":"https:\/\/maison-chance.org\/shop\/fr\/wp-json\/wp\/v2\/product_tag?post=41035"}],"curies":[{"name":"wp","href":"https:\/\/api.w.org\/{rel}","templated":true}]}}