{"id":41057,"date":"2024-11-11T07:00:00","date_gmt":"2024-11-11T00:00:00","guid":{"rendered":"https:\/\/maison-chance.org\/shop\/san-pham\/buffle-3"},"modified":"2025-03-17T10:26:59","modified_gmt":"2025-03-17T03:26:59","slug":"buffle-3","status":"publish","type":"product","link":"https:\/\/maison-chance.org\/shop\/fr\/produit\/buffle-3","title":{"rendered":"Buffle"},"content":{"rendered":"<p data-start=\"59\" data-end=\"191\">Saviez-vous que le buffle n\u2019est pas seulement un animal li\u00e9 \u00e0 la campagne vietnamienne, mais qu\u2019il porte \u00e9galement une signification profonde en feng shui et en spiritualit\u00e9 ?<\/p>\n<p data-start=\"193\" data-end=\"529\">Depuis des temps imm\u00e9moriaux, l\u2019image du buffle est associ\u00e9e \u00e0 la diligence, \u00e0 la pers\u00e9v\u00e9rance et \u00e0 la prosp\u00e9rit\u00e9. En feng shui, le buffle symbolise la force int\u00e9rieure, l\u2019endurance et une richesse abondante. On croit qu\u2019en pla\u00e7ant un talisman buffle dans la maison ou sur le lieu de travail, le propri\u00e9taire b\u00e9n\u00e9ficiera de bonne chance, d\u2019affaires prosp\u00e8res et pr\u00e9servera le bonheur familial.<\/p>\n<p data-start=\"531\" data-end=\"716\">Aujourd\u2019hui, cet esprit prend vie dans le Buffle en Brocart (code TC02TB) \u2013 une cr\u00e9ation artisanale unique aux tons rouges chaleureux avec des accents blancs raffin\u00e9s, saisissants et empreints d\u2019art.<\/p>\n<p data-start=\"531\" data-end=\"716\"><strong>\u00c0 PROPOS DE CE PETIT :<\/strong><\/p>\n<p data-start=\"765\" data-end=\"793\">\ud83d\udc03 <strong data-start=\"768\" data-end=\"791\">Tailles vari\u00e9es :<\/strong><\/p>\n<ul data-start=\"794\" data-end=\"1074\">\n<li data-start=\"794\" data-end=\"875\">14 \u00d7 16 cm \u2013 Compact, parfait comme cadeau ou d\u00e9coration de bureau.<\/li>\n<li data-start=\"876\" data-end=\"948\">15 \u00d7 22 cm \u2013 Taille moyenne, facile \u00e0 exposer dans la maison.<\/li>\n<li data-start=\"949\" data-end=\"1074\">23 \u00d7 25 cm \u2013 Version plus grande, id\u00e9ale pour les salons, les espaces de travail ou comme cadeau feng shui significatif.<\/li>\n<\/ul>\n<p data-start=\"1076\" data-end=\"1104\">\ud83d\udc03 <strong data-start=\"1079\" data-end=\"1102\">Couleurs &amp; Design :<\/strong><\/p>\n<ul data-start=\"1105\" data-end=\"1370\">\n<li data-start=\"1105\" data-end=\"1180\">Teinte rouge dominante \u2013 Symbolisant chance, richesse et bonheur.<\/li>\n<li data-start=\"1181\" data-end=\"1267\">Accents blancs contrastants \u2013 Soulignant la force et l\u2019endurance du talisman buffle.<\/li>\n<li data-start=\"1268\" data-end=\"1370\">Fabriqu\u00e9 \u00e0 partir de tissu de brocart artisanal, impr\u00e9gn\u00e9 d\u2019une essence traditionnelle, \u00e0 la fois famili\u00e8re et raffin\u00e9e.<\/li>\n<\/ul>\n<p data-start=\"1372\" data-end=\"1400\">\ud83d\udc03 <strong data-start=\"1375\" data-end=\"1398\">Signification feng shui :<\/strong><\/p>\n<ul data-start=\"1401\" data-end=\"1601\">\n<li data-start=\"1401\" data-end=\"1481\">Apporte pers\u00e9v\u00e9rance, stabilit\u00e9 et succ\u00e8s dans le travail et la carri\u00e8re.<\/li>\n<li data-start=\"1482\" data-end=\"1540\">Aide \u00e0 dissiper les difficult\u00e9s, attirant chance et prosp\u00e9rit\u00e9.<\/li>\n<li data-start=\"1541\" data-end=\"1601\">Un symbole de sant\u00e9, d\u2019abondance et de s\u00e9r\u00e9nit\u00e9.<\/li>\n<\/ul>\n<p data-start=\"1603\" data-end=\"1646\">\ud83d\udc03 <strong data-start=\"1606\" data-end=\"1644\">Un cadeau sp\u00e9cial pour tous les \u00e2ges :<\/strong><\/p>\n<ul data-start=\"1647\" data-end=\"1932\">\n<li data-start=\"1647\" data-end=\"1748\">Professionnels actifs : Placez-le sur un bureau pour attirer l\u2019\u00e9nergie positive et faciliter le travail.<\/li>\n<li data-start=\"1749\" data-end=\"1841\">A\u00een\u00e9s : Un cadeau symbolisant d\u00e9tente, bonheur et une sant\u00e9 robuste.<\/li>\n<li data-start=\"1842\" data-end=\"1932\">Enfants : Un petit compagnon adorable qui aide les enfants \u00e0 d\u00e9couvrir la beaut\u00e9 de la culture folklorique.<\/li>\n<\/ul>\n<p style=\"text-align: justify;\">Chaque point sur ce produit est plus qu\u2019une technique de couture \u2013 il porte des histoires de r\u00e9silience et le d\u00e9sir de s\u2019\u00e9lever. En poss\u00e9dant un buffle en tissu de brocart, vous aidez \u00e0 motiver les tailleurs handicap\u00e9s de <a href=\"https:\/\/maison-chance.org\/shop\/\">Maison Chance<\/a> \u00e0 poursuivre leur passion et \u00e0 affirmer leur valeur. Jour apr\u00e8s jour, ils s\u2019efforcent de cr\u00e9er des produits artisanaux de qualit\u00e9, embellissant la vie et pr\u00e9servant la culture traditionnelle.<\/p>\n<p><em><strong>Buffle en Brocart \u2013 Pas R\u00e9solus, Prosp\u00e9rit\u00e9 Durable !<\/strong><\/em><\/p>\n","protected":false},"excerpt":{"rendered":"<p style=\"text-align: justify;\">Les produits sont fabriqu\u00e9s \u00e0 la main par des amis handicap\u00e9s d\u00e9favoris\u00e9s, esp\u00e9rant recevoir le soutien des clients.<\/p>\n<p>Mat\u00e9riau : Tissu brocart<\/p>\n<p>Code : TC02TB<\/p>\n<p>Hotline : <span style=\"font-size: 20px;\"><strong><span style=\"color: #ff0000;\">0909 06 25 28<\/span><\/strong><\/span><\/p>\n<p style=\"text-align: justify;\">Si vous \u00eates au Vietnam, veuillez nous contacter via la hotline ou la page fan de l&rsquo;entreprise Maison Chance pour conna\u00eetre le prix au Vietnam.<\/p>\n","protected":false},"featured_media":36759,"template":"","meta":[],"product_brand":[],"product_cat":[243,231],"product_tag":[],"class_list":{"0":"post-41057","1":"product","2":"type-product","3":"status-publish","4":"has-post-thumbnail","6":"product_cat-animal-en-peluche","7":"product_cat-atelier-de-couture","9":"first","10":"instock","11":"shipping-taxable","12":"purchasable","13":"product-type-variable"},"yoast_head":"<!-- This site is optimized with the Yoast SEO Premium plugin v22.7 (Yoast SEO v25.3.1) - https:\/\/yoast.com\/wordpress\/plugins\/seo\/ -->\n<title>Buffle- peluche en tissu brocart - Nh\u00e0 May M\u1eafn - Maison Chance<\/title>\n<meta name=\"description\" content=\"Le buffle en tissu brocart de Maison Chance se distingue par sa beaut\u00e9 rustique et sa profonde signification humanitaire. Chaque produit est le fruit du travail des mains habiles de couturiers handicap\u00e9s\" \/>\n<meta name=\"robots\" content=\"index, follow, max-snippet:-1, max-image-preview:large, max-video-preview:-1\" \/>\n<link rel=\"canonical\" href=\"https:\/\/maison-chance.org\/shop\/fr\/produit\/buffle-3\" \/>\n<meta property=\"og:locale\" content=\"fr_FR\" \/>\n<meta property=\"og:type\" content=\"article\" \/>\n<meta property=\"og:title\" content=\"Buffle\" \/>\n<meta property=\"og:description\" content=\"Le buffle en tissu brocart de Maison Chance se distingue par sa beaut\u00e9 rustique et sa profonde signification humanitaire. Chaque produit est le fruit du travail des mains habiles de couturiers handicap\u00e9s\" \/>\n<meta property=\"og:url\" content=\"https:\/\/maison-chance.org\/shop\/fr\/produit\/buffle-3\" \/>\n<meta property=\"og:site_name\" content=\"Nh\u00e0 May M\u1eafn - Maison Chance\" \/>\n<meta property=\"article:publisher\" content=\"https:\/\/www.facebook.com\/dnxh.nhamayman\/\" \/>\n<meta property=\"article:modified_time\" content=\"2025-03-17T03:26:59+00:00\" \/>\n<meta property=\"og:image\" content=\"https:\/\/maison-chance.org\/shop\/wp-content\/uploads\/2024\/04\/thu-nhoi-bong-hinh-con-trau-vai-tho-cam-1.jpg\" \/>\n\t<meta property=\"og:image:width\" content=\"600\" \/>\n\t<meta property=\"og:image:height\" content=\"600\" \/>\n\t<meta property=\"og:image:type\" content=\"image\/jpeg\" \/>\n<meta name=\"twitter:card\" content=\"summary_large_image\" \/>\n<meta name=\"twitter:label1\" content=\"Disponibilit\u00e9\" \/>\n\t<meta name=\"twitter:data1\" content=\"En stock\" \/>\n<script type=\"application\/ld+json\" class=\"yoast-schema-graph\">{\"@context\":\"https:\/\/schema.org\",\"@graph\":[{\"@type\":\"WebPage\",\"@id\":\"https:\/\/maison-chance.org\/shop\/fr\/produit\/buffle-3\",\"url\":\"https:\/\/maison-chance.org\/shop\/fr\/produit\/buffle-3\",\"name\":\"Buffle- peluche en tissu brocart - Nh\u00e0 May M\u1eafn - Maison Chance\",\"isPartOf\":{\"@id\":\"https:\/\/maison-chance.org\/shop\/fr#website\"},\"primaryImageOfPage\":{\"@id\":\"https:\/\/maison-chance.org\/shop\/fr\/produit\/buffle-3#primaryimage\"},\"image\":{\"@id\":\"https:\/\/maison-chance.org\/shop\/fr\/produit\/buffle-3#primaryimage\"},\"thumbnailUrl\":\"https:\/\/maison-chance.org\/shop\/wp-content\/uploads\/2024\/04\/thu-nhoi-bong-hinh-con-trau-vai-tho-cam-1.jpg\",\"datePublished\":\"2024-11-11T00:00:00+00:00\",\"dateModified\":\"2025-03-17T03:26:59+00:00\",\"description\":\"Le buffle en tissu brocart de Maison Chance se distingue par sa beaut\u00e9 rustique et sa profonde signification humanitaire. Chaque produit est le fruit du travail des mains habiles de couturiers handicap\u00e9s\",\"breadcrumb\":{\"@id\":\"https:\/\/maison-chance.org\/shop\/fr\/produit\/buffle-3#breadcrumb\"},\"inLanguage\":\"fr-FR\",\"potentialAction\":[{\"@type\":\"ReadAction\",\"target\":[\"https:\/\/maison-chance.org\/shop\/fr\/produit\/buffle-3\"]}]},{\"@type\":\"ImageObject\",\"inLanguage\":\"fr-FR\",\"@id\":\"https:\/\/maison-chance.org\/shop\/fr\/produit\/buffle-3#primaryimage\",\"url\":\"https:\/\/maison-chance.org\/shop\/wp-content\/uploads\/2024\/04\/thu-nhoi-bong-hinh-con-trau-vai-tho-cam-1.jpg\",\"contentUrl\":\"https:\/\/maison-chance.org\/shop\/wp-content\/uploads\/2024\/04\/thu-nhoi-bong-hinh-con-trau-vai-tho-cam-1.jpg\",\"width\":600,\"height\":600,\"caption\":\"Peluche Buffle en Tissu Brocart\"},{\"@type\":\"BreadcrumbList\",\"@id\":\"https:\/\/maison-chance.org\/shop\/fr\/produit\/buffle-3#breadcrumb\",\"itemListElement\":[{\"@type\":\"ListItem\",\"position\":1,\"name\":\"Trang ch\u1ee7\",\"item\":\"https:\/\/maison-chance.org\/shop\/fr\"},{\"@type\":\"ListItem\",\"position\":2,\"name\":\"Boutique\",\"item\":\"https:\/\/maison-chance.org\/shop\/shop\"},{\"@type\":\"ListItem\",\"position\":3,\"name\":\"Buffle\"}]},{\"@type\":\"WebSite\",\"@id\":\"https:\/\/maison-chance.org\/shop\/fr#website\",\"url\":\"https:\/\/maison-chance.org\/shop\/fr\",\"name\":\"Nh\u00e0 May M\u1eafn - Maison Chance\",\"description\":\"M\u1ecdi l\u1ee3i nhu\u1eadn thu v\u1ec1 t\u1eeb vi\u1ec7c b\u00e1n h\u00e0ng s\u1ebd tr\u00edch m\u1ed9t ph\u1ea7n \u0111\u1ec3 ch\u0103m lo cho \u0111\u1eddi s\u1ed1ng c\u00e1c b\u1ea1n khuy\u1ebft t\u1eadt v\u00e0 tr\u1ebb m\u1ed3 c\u00f4i \u1edf \u0111\u00e2y\",\"publisher\":{\"@id\":\"https:\/\/maison-chance.org\/shop\/fr#organization\"},\"potentialAction\":[{\"@type\":\"SearchAction\",\"target\":{\"@type\":\"EntryPoint\",\"urlTemplate\":\"https:\/\/maison-chance.org\/shop\/fr?s={search_term_string}\"},\"query-input\":{\"@type\":\"PropertyValueSpecification\",\"valueRequired\":true,\"valueName\":\"search_term_string\"}}],\"inLanguage\":\"fr-FR\"},{\"@type\":\"Organization\",\"@id\":\"https:\/\/maison-chance.org\/shop\/fr#organization\",\"name\":\"Nh\u00e0 May M\u1eafn - Maison Chance\",\"url\":\"https:\/\/maison-chance.org\/shop\/fr\",\"logo\":{\"@type\":\"ImageObject\",\"inLanguage\":\"fr-FR\",\"@id\":\"https:\/\/maison-chance.org\/shop\/fr#\/schema\/logo\/image\/\",\"url\":\"https:\/\/maison-chance.org\/shop\/wp-content\/uploads\/2024\/03\/cropped-Logo_DNXH.png\",\"contentUrl\":\"https:\/\/maison-chance.org\/shop\/wp-content\/uploads\/2024\/03\/cropped-Logo_DNXH.png\",\"width\":512,\"height\":512,\"caption\":\"Nh\u00e0 May M\u1eafn - Maison Chance\"},\"image\":{\"@id\":\"https:\/\/maison-chance.org\/shop\/fr#\/schema\/logo\/image\/\"},\"sameAs\":[\"https:\/\/www.facebook.com\/dnxh.nhamayman\/\"]}]}<\/script>\n<meta property=\"og:availability\" content=\"instock\" \/>\n<meta property=\"product:availability\" content=\"instock\" \/>\n<meta property=\"product:condition\" content=\"new\" \/>\n<!-- \/ Yoast SEO Premium plugin. -->","yoast_head_json":{"title":"Buffle- peluche en tissu brocart - Nh\u00e0 May M\u1eafn - Maison Chance","description":"Le buffle en tissu brocart de Maison Chance se distingue par sa beaut\u00e9 rustique et sa profonde signification humanitaire. Chaque produit est le fruit du travail des mains habiles de couturiers handicap\u00e9s","robots":{"index":"index","follow":"follow","max-snippet":"max-snippet:-1","max-image-preview":"max-image-preview:large","max-video-preview":"max-video-preview:-1"},"canonical":"https:\/\/maison-chance.org\/shop\/fr\/produit\/buffle-3","og_locale":"fr_FR","og_type":"article","og_title":"Buffle","og_description":"Le buffle en tissu brocart de Maison Chance se distingue par sa beaut\u00e9 rustique et sa profonde signification humanitaire. Chaque produit est le fruit du travail des mains habiles de couturiers handicap\u00e9s","og_url":"https:\/\/maison-chance.org\/shop\/fr\/produit\/buffle-3","og_site_name":"Nh\u00e0 May M\u1eafn - Maison Chance","article_publisher":"https:\/\/www.facebook.com\/dnxh.nhamayman\/","article_modified_time":"2025-03-17T03:26:59+00:00","og_image":[{"width":600,"height":600,"url":"https:\/\/maison-chance.org\/shop\/wp-content\/uploads\/2024\/04\/thu-nhoi-bong-hinh-con-trau-vai-tho-cam-1.jpg","type":"image\/jpeg"}],"twitter_card":"summary_large_image","twitter_misc":{"Disponibilit\u00e9":"En stock"},"schema":{"@context":"https:\/\/schema.org","@graph":[{"@type":"WebPage","@id":"https:\/\/maison-chance.org\/shop\/fr\/produit\/buffle-3","url":"https:\/\/maison-chance.org\/shop\/fr\/produit\/buffle-3","name":"Buffle- peluche en tissu brocart - Nh\u00e0 May M\u1eafn - Maison Chance","isPartOf":{"@id":"https:\/\/maison-chance.org\/shop\/fr#website"},"primaryImageOfPage":{"@id":"https:\/\/maison-chance.org\/shop\/fr\/produit\/buffle-3#primaryimage"},"image":{"@id":"https:\/\/maison-chance.org\/shop\/fr\/produit\/buffle-3#primaryimage"},"thumbnailUrl":"https:\/\/maison-chance.org\/shop\/wp-content\/uploads\/2024\/04\/thu-nhoi-bong-hinh-con-trau-vai-tho-cam-1.jpg","datePublished":"2024-11-11T00:00:00+00:00","dateModified":"2025-03-17T03:26:59+00:00","description":"Le buffle en tissu brocart de Maison Chance se distingue par sa beaut\u00e9 rustique et sa profonde signification humanitaire. Chaque produit est le fruit du travail des mains habiles de couturiers handicap\u00e9s","breadcrumb":{"@id":"https:\/\/maison-chance.org\/shop\/fr\/produit\/buffle-3#breadcrumb"},"inLanguage":"fr-FR","potentialAction":[{"@type":"ReadAction","target":["https:\/\/maison-chance.org\/shop\/fr\/produit\/buffle-3"]}]},{"@type":"ImageObject","inLanguage":"fr-FR","@id":"https:\/\/maison-chance.org\/shop\/fr\/produit\/buffle-3#primaryimage","url":"https:\/\/maison-chance.org\/shop\/wp-content\/uploads\/2024\/04\/thu-nhoi-bong-hinh-con-trau-vai-tho-cam-1.jpg","contentUrl":"https:\/\/maison-chance.org\/shop\/wp-content\/uploads\/2024\/04\/thu-nhoi-bong-hinh-con-trau-vai-tho-cam-1.jpg","width":600,"height":600,"caption":"Peluche Buffle en Tissu Brocart"},{"@type":"BreadcrumbList","@id":"https:\/\/maison-chance.org\/shop\/fr\/produit\/buffle-3#breadcrumb","itemListElement":[{"@type":"ListItem","position":1,"name":"Trang ch\u1ee7","item":"https:\/\/maison-chance.org\/shop\/fr"},{"@type":"ListItem","position":2,"name":"Boutique","item":"https:\/\/maison-chance.org\/shop\/shop"},{"@type":"ListItem","position":3,"name":"Buffle"}]},{"@type":"WebSite","@id":"https:\/\/maison-chance.org\/shop\/fr#website","url":"https:\/\/maison-chance.org\/shop\/fr","name":"Nh\u00e0 May M\u1eafn - Maison Chance","description":"M\u1ecdi l\u1ee3i nhu\u1eadn thu v\u1ec1 t\u1eeb vi\u1ec7c b\u00e1n h\u00e0ng s\u1ebd tr\u00edch m\u1ed9t ph\u1ea7n \u0111\u1ec3 ch\u0103m lo cho \u0111\u1eddi s\u1ed1ng c\u00e1c b\u1ea1n khuy\u1ebft t\u1eadt v\u00e0 tr\u1ebb m\u1ed3 c\u00f4i \u1edf \u0111\u00e2y","publisher":{"@id":"https:\/\/maison-chance.org\/shop\/fr#organization"},"potentialAction":[{"@type":"SearchAction","target":{"@type":"EntryPoint","urlTemplate":"https:\/\/maison-chance.org\/shop\/fr?s={search_term_string}"},"query-input":{"@type":"PropertyValueSpecification","valueRequired":true,"valueName":"search_term_string"}}],"inLanguage":"fr-FR"},{"@type":"Organization","@id":"https:\/\/maison-chance.org\/shop\/fr#organization","name":"Nh\u00e0 May M\u1eafn - Maison Chance","url":"https:\/\/maison-chance.org\/shop\/fr","logo":{"@type":"ImageObject","inLanguage":"fr-FR","@id":"https:\/\/maison-chance.org\/shop\/fr#\/schema\/logo\/image\/","url":"https:\/\/maison-chance.org\/shop\/wp-content\/uploads\/2024\/03\/cropped-Logo_DNXH.png","contentUrl":"https:\/\/maison-chance.org\/shop\/wp-content\/uploads\/2024\/03\/cropped-Logo_DNXH.png","width":512,"height":512,"caption":"Nh\u00e0 May M\u1eafn - Maison Chance"},"image":{"@id":"https:\/\/maison-chance.org\/shop\/fr#\/schema\/logo\/image\/"},"sameAs":["https:\/\/www.facebook.com\/dnxh.nhamayman\/"]}]},"og_availability":"instock","product_availability":"instock","product_condition":"new"},"_links":{"self":[{"href":"https:\/\/maison-chance.org\/shop\/fr\/wp-json\/wp\/v2\/product\/41057","targetHints":{"allow":["GET"]}}],"collection":[{"href":"https:\/\/maison-chance.org\/shop\/fr\/wp-json\/wp\/v2\/product"}],"about":[{"href":"https:\/\/maison-chance.org\/shop\/fr\/wp-json\/wp\/v2\/types\/product"}],"wp:featuredmedia":[{"embeddable":true,"href":"https:\/\/maison-chance.org\/shop\/fr\/wp-json\/wp\/v2\/media\/36759"}],"wp:attachment":[{"href":"https:\/\/maison-chance.org\/shop\/fr\/wp-json\/wp\/v2\/media?parent=41057"}],"wp:term":[{"taxonomy":"product_brand","embeddable":true,"href":"https:\/\/maison-chance.org\/shop\/fr\/wp-json\/wp\/v2\/product_brand?post=41057"},{"taxonomy":"product_cat","embeddable":true,"href":"https:\/\/maison-chance.org\/shop\/fr\/wp-json\/wp\/v2\/product_cat?post=41057"},{"taxonomy":"product_tag","embeddable":true,"href":"https:\/\/maison-chance.org\/shop\/fr\/wp-json\/wp\/v2\/product_tag?post=41057"}],"curies":[{"name":"wp","href":"https:\/\/api.w.org\/{rel}","templated":true}]}}