{"id":41070,"date":"2024-11-11T07:05:58","date_gmt":"2024-11-11T00:05:58","guid":{"rendered":"https:\/\/maison-chance.org\/shop\/san-pham\/souris-4"},"modified":"2025-03-17T10:34:03","modified_gmt":"2025-03-17T03:34:03","slug":"souris-4","status":"publish","type":"product","link":"https:\/\/maison-chance.org\/shop\/fr\/produit\/souris-4","title":{"rendered":"Souris"},"content":{"rendered":"<p>Avez-vous d\u00e9j\u00e0 trouv\u00e9 l\u2019animal spirituel repr\u00e9sentant votre ann\u00e9e zodiacale ? Dans le cycle du destin, le rat est le signe pionnier, symbolisant la sagesse, l\u2019agilit\u00e9 et la richesse. Quel que soit votre \u00e2ge ou votre signe zodiacal, poss\u00e9der un petit rat signifie inviter plus de b\u00e9n\u00e9dictions et de bonne fortune dans votre maison !<\/p>\n<p data-start=\"325\" data-end=\"378\"><strong data-start=\"328\" data-end=\"376\">Pourquoi ne pouvez-vous pas manquer ce rat ?<\/strong><\/p>\n<p data-start=\"380\" data-end=\"924\">\u2705 <strong data-start=\"382\" data-end=\"411\">Mat\u00e9riau en brocart unique<\/strong> \u2013 chaque morceau de tissu porte l\u2019essence de la culture traditionnelle, \u00e0 la fois famili\u00e8re et raffin\u00e9e.<br data-start=\"488\" data-end=\"492\" \/>\u2705 <strong data-start=\"494\" data-end=\"516\">Enti\u00e8rement fait main<\/strong> \u2013 chaque point et fil est soigneusement confectionn\u00e9 par les mains d\u2019artisans sp\u00e9ciaux \u2013 des personnes handicap\u00e9es qui se surpassent chaque jour.<br data-start=\"657\" data-end=\"660\" \/>\u2705 <strong data-start=\"662\" data-end=\"697\">Un cadeau empreint de signification feng shui<\/strong> \u2013 le rat symbolise un d\u00e9but favorable, aidant le propri\u00e9taire \u00e0 attirer la richesse et \u00e0 b\u00e9n\u00e9ficier de beaucoup de chance.<br data-start=\"791\" data-end=\"794\" \/>\u2705 <strong data-start=\"796\" data-end=\"830\" data-is-only-node=\"\">Un talisman pour tous les \u00e2ges et toutes les maisons<\/strong> \u2013 quel que soit votre signe zodiacal, ce rat adorable est un merveilleux cadeau spirituel !<\/p>\n<p>Pour r\u00e9pondre \u00e0 une vari\u00e9t\u00e9 de besoins, le produit est con\u00e7u en trois tailles \u00e9l\u00e9gantes :<\/p>\n<p>&#8211; <strong>Taille 1 (6&#215;24 cm)<\/strong> : Compact et mignon, parfait pour un coin de travail<br \/>\n&#8211; <strong>Taille 2 (8&#215;28 cm)<\/strong> : Taille moyenne, id\u00e9al comme cadeau<br \/>\n&#8211; <strong>Taille 3 (10&#215;30 cm)<\/strong> : Grand et impressionnant, adapt\u00e9 aux espaces spacieux<\/p>\n<p>Fabriqu\u00e9 avec un tissu doux et des coutures solides, ce produit devient un jouet s\u00fbr pour les enfants. Au-del\u00e0 de stimuler leur imagination, les motifs en brocart initient \u00e9galement les enfants \u00e0 la beaut\u00e9 de la culture traditionnelle de mani\u00e8re naturelle.<\/p>\n<p>Chaque rat en tissu de brocart est une cristallisation de patience et de passion. Cr\u00e9\u00e9 par les tailleurs handicap\u00e9s de Maison Chance, ce produit est bien plus qu\u2019un objet d\u00e9coratif \u2013 c\u2019est un symbole d\u2019espoir et du d\u00e9sir de surmonter l\u2019adversit\u00e9. Chaque couture raconte une histoire, et chaque pi\u00e8ce est une \u0153uvre d\u2019art empreinte d\u2019amour et d\u2019efforts incessants.<\/p>\n<p>Lorsque vous choisissez d\u2019acheter un rat en tissu de brocart, vous n\u2019acqu\u00e9rez pas seulement un objet artisanal unique \u2013 vous offrez \u00e9galement de la motivation aux tailleurs sp\u00e9ciaux de <a href=\"https:\/\/maison-chance.org\/shop\">Maison Chance<\/a>. Chaque produit vendu repr\u00e9sente une opportunit\u00e9 d\u2019emploi, une \u00e9tincelle de foi et un r\u00eave nourri. Rejoignez-nous pour diffuser amour et croyance en la vie \u00e0 travers ces cr\u00e9ations significatives.<\/p>\n<p><strong><em>Petit rat \u2013 Grande fortune, transmettant l\u2019amour !<\/em><\/strong><\/p>\n","protected":false},"excerpt":{"rendered":"<p style=\"text-align: justify;\">Les produits sont fabriqu\u00e9s \u00e0 la main par des amis handicap\u00e9s d\u00e9favoris\u00e9s, esp\u00e9rant recevoir le soutien des clients.<\/p>\n<p>Mat\u00e9riau : Tissu brocart<\/p>\n<p>Code : TC01TB<\/p>\n<p>Hotline : <span style=\"font-size: 20px;\"><strong><span style=\"color: #ff0000;\">0909 06 25 28<\/span><\/strong><\/span><\/p>\n<p style=\"text-align: justify;\">Si vous \u00eates au Vietnam, veuillez nous contacter via la hotline ou la page fan de l&rsquo;entreprise Maison Chance pour conna\u00eetre le prix au Vietnam.<\/p>\n","protected":false},"featured_media":36922,"template":"","meta":[],"product_brand":[],"product_cat":[243,231],"product_tag":[],"class_list":{"0":"post-41070","1":"product","2":"type-product","3":"status-publish","4":"has-post-thumbnail","6":"product_cat-animal-en-peluche","7":"product_cat-atelier-de-couture","9":"first","10":"instock","11":"shipping-taxable","12":"purchasable","13":"product-type-variable"},"yoast_head":"<!-- This site is optimized with the Yoast SEO Premium plugin v22.7 (Yoast SEO v25.3.1) - https:\/\/yoast.com\/wordpress\/plugins\/seo\/ -->\n<title>Souris- peluche en tissu brocart - Nh\u00e0 May M\u1eafn - Maison Chance<\/title>\n<meta name=\"description\" content=\"La peluche souris en tissu brocart est un jouet ador\u00e9 des enfants, fabriqu\u00e9 en tissu brocart de premi\u00e8re qualit\u00e9, chaque produit pr\u00e9sente des motifs uniques aux couleurs al\u00e9atoires\" \/>\n<meta name=\"robots\" content=\"index, follow, max-snippet:-1, max-image-preview:large, max-video-preview:-1\" \/>\n<link rel=\"canonical\" href=\"https:\/\/maison-chance.org\/shop\/fr\/produit\/souris-4\" \/>\n<meta property=\"og:locale\" content=\"fr_FR\" \/>\n<meta property=\"og:type\" content=\"article\" \/>\n<meta property=\"og:title\" content=\"Souris\" \/>\n<meta property=\"og:description\" content=\"La peluche souris en tissu brocart est un jouet ador\u00e9 des enfants, fabriqu\u00e9 en tissu brocart de premi\u00e8re qualit\u00e9, chaque produit pr\u00e9sente des motifs uniques aux couleurs al\u00e9atoires\" \/>\n<meta property=\"og:url\" content=\"https:\/\/maison-chance.org\/shop\/fr\/produit\/souris-4\" \/>\n<meta property=\"og:site_name\" content=\"Nh\u00e0 May M\u1eafn - Maison Chance\" \/>\n<meta property=\"article:publisher\" content=\"https:\/\/www.facebook.com\/dnxh.nhamayman\/\" \/>\n<meta property=\"article:modified_time\" content=\"2025-03-17T03:34:03+00:00\" \/>\n<meta property=\"og:image\" content=\"https:\/\/maison-chance.org\/shop\/wp-content\/uploads\/2024\/04\/thu-nhoi-bong-hinh-con-chuot-vai-tho-cam-1.jpg\" \/>\n\t<meta property=\"og:image:width\" content=\"600\" \/>\n\t<meta property=\"og:image:height\" content=\"600\" \/>\n\t<meta property=\"og:image:type\" content=\"image\/jpeg\" \/>\n<meta name=\"twitter:card\" content=\"summary_large_image\" \/>\n<meta name=\"twitter:label1\" content=\"Disponibilit\u00e9\" \/>\n\t<meta name=\"twitter:data1\" content=\"En stock\" \/>\n<script type=\"application\/ld+json\" class=\"yoast-schema-graph\">{\"@context\":\"https:\/\/schema.org\",\"@graph\":[{\"@type\":\"WebPage\",\"@id\":\"https:\/\/maison-chance.org\/shop\/fr\/produit\/souris-4\",\"url\":\"https:\/\/maison-chance.org\/shop\/fr\/produit\/souris-4\",\"name\":\"Souris- peluche en tissu brocart - Nh\u00e0 May M\u1eafn - Maison Chance\",\"isPartOf\":{\"@id\":\"https:\/\/maison-chance.org\/shop\/fr#website\"},\"primaryImageOfPage\":{\"@id\":\"https:\/\/maison-chance.org\/shop\/fr\/produit\/souris-4#primaryimage\"},\"image\":{\"@id\":\"https:\/\/maison-chance.org\/shop\/fr\/produit\/souris-4#primaryimage\"},\"thumbnailUrl\":\"https:\/\/maison-chance.org\/shop\/wp-content\/uploads\/2024\/04\/thu-nhoi-bong-hinh-con-chuot-vai-tho-cam-1.jpg\",\"datePublished\":\"2024-11-11T00:05:58+00:00\",\"dateModified\":\"2025-03-17T03:34:03+00:00\",\"description\":\"La peluche souris en tissu brocart est un jouet ador\u00e9 des enfants, fabriqu\u00e9 en tissu brocart de premi\u00e8re qualit\u00e9, chaque produit pr\u00e9sente des motifs uniques aux couleurs al\u00e9atoires\",\"breadcrumb\":{\"@id\":\"https:\/\/maison-chance.org\/shop\/fr\/produit\/souris-4#breadcrumb\"},\"inLanguage\":\"fr-FR\",\"potentialAction\":[{\"@type\":\"ReadAction\",\"target\":[\"https:\/\/maison-chance.org\/shop\/fr\/produit\/souris-4\"]}]},{\"@type\":\"ImageObject\",\"inLanguage\":\"fr-FR\",\"@id\":\"https:\/\/maison-chance.org\/shop\/fr\/produit\/souris-4#primaryimage\",\"url\":\"https:\/\/maison-chance.org\/shop\/wp-content\/uploads\/2024\/04\/thu-nhoi-bong-hinh-con-chuot-vai-tho-cam-1.jpg\",\"contentUrl\":\"https:\/\/maison-chance.org\/shop\/wp-content\/uploads\/2024\/04\/thu-nhoi-bong-hinh-con-chuot-vai-tho-cam-1.jpg\",\"width\":600,\"height\":600,\"caption\":\"Peluche Souris en Tissu Brocart\"},{\"@type\":\"BreadcrumbList\",\"@id\":\"https:\/\/maison-chance.org\/shop\/fr\/produit\/souris-4#breadcrumb\",\"itemListElement\":[{\"@type\":\"ListItem\",\"position\":1,\"name\":\"Trang ch\u1ee7\",\"item\":\"https:\/\/maison-chance.org\/shop\/fr\"},{\"@type\":\"ListItem\",\"position\":2,\"name\":\"Boutique\",\"item\":\"https:\/\/maison-chance.org\/shop\/shop\"},{\"@type\":\"ListItem\",\"position\":3,\"name\":\"Souris\"}]},{\"@type\":\"WebSite\",\"@id\":\"https:\/\/maison-chance.org\/shop\/fr#website\",\"url\":\"https:\/\/maison-chance.org\/shop\/fr\",\"name\":\"Nh\u00e0 May M\u1eafn - Maison Chance\",\"description\":\"M\u1ecdi l\u1ee3i nhu\u1eadn thu v\u1ec1 t\u1eeb vi\u1ec7c b\u00e1n h\u00e0ng s\u1ebd tr\u00edch m\u1ed9t ph\u1ea7n \u0111\u1ec3 ch\u0103m lo cho \u0111\u1eddi s\u1ed1ng c\u00e1c b\u1ea1n khuy\u1ebft t\u1eadt v\u00e0 tr\u1ebb m\u1ed3 c\u00f4i \u1edf \u0111\u00e2y\",\"publisher\":{\"@id\":\"https:\/\/maison-chance.org\/shop\/fr#organization\"},\"potentialAction\":[{\"@type\":\"SearchAction\",\"target\":{\"@type\":\"EntryPoint\",\"urlTemplate\":\"https:\/\/maison-chance.org\/shop\/fr?s={search_term_string}\"},\"query-input\":{\"@type\":\"PropertyValueSpecification\",\"valueRequired\":true,\"valueName\":\"search_term_string\"}}],\"inLanguage\":\"fr-FR\"},{\"@type\":\"Organization\",\"@id\":\"https:\/\/maison-chance.org\/shop\/fr#organization\",\"name\":\"Nh\u00e0 May M\u1eafn - Maison Chance\",\"url\":\"https:\/\/maison-chance.org\/shop\/fr\",\"logo\":{\"@type\":\"ImageObject\",\"inLanguage\":\"fr-FR\",\"@id\":\"https:\/\/maison-chance.org\/shop\/fr#\/schema\/logo\/image\/\",\"url\":\"https:\/\/maison-chance.org\/shop\/wp-content\/uploads\/2024\/03\/cropped-Logo_DNXH.png\",\"contentUrl\":\"https:\/\/maison-chance.org\/shop\/wp-content\/uploads\/2024\/03\/cropped-Logo_DNXH.png\",\"width\":512,\"height\":512,\"caption\":\"Nh\u00e0 May M\u1eafn - Maison Chance\"},\"image\":{\"@id\":\"https:\/\/maison-chance.org\/shop\/fr#\/schema\/logo\/image\/\"},\"sameAs\":[\"https:\/\/www.facebook.com\/dnxh.nhamayman\/\"]}]}<\/script>\n<meta property=\"og:availability\" content=\"instock\" \/>\n<meta property=\"product:availability\" content=\"instock\" \/>\n<meta property=\"product:condition\" content=\"new\" \/>\n<!-- \/ Yoast SEO Premium plugin. -->","yoast_head_json":{"title":"Souris- peluche en tissu brocart - Nh\u00e0 May M\u1eafn - Maison Chance","description":"La peluche souris en tissu brocart est un jouet ador\u00e9 des enfants, fabriqu\u00e9 en tissu brocart de premi\u00e8re qualit\u00e9, chaque produit pr\u00e9sente des motifs uniques aux couleurs al\u00e9atoires","robots":{"index":"index","follow":"follow","max-snippet":"max-snippet:-1","max-image-preview":"max-image-preview:large","max-video-preview":"max-video-preview:-1"},"canonical":"https:\/\/maison-chance.org\/shop\/fr\/produit\/souris-4","og_locale":"fr_FR","og_type":"article","og_title":"Souris","og_description":"La peluche souris en tissu brocart est un jouet ador\u00e9 des enfants, fabriqu\u00e9 en tissu brocart de premi\u00e8re qualit\u00e9, chaque produit pr\u00e9sente des motifs uniques aux couleurs al\u00e9atoires","og_url":"https:\/\/maison-chance.org\/shop\/fr\/produit\/souris-4","og_site_name":"Nh\u00e0 May M\u1eafn - Maison Chance","article_publisher":"https:\/\/www.facebook.com\/dnxh.nhamayman\/","article_modified_time":"2025-03-17T03:34:03+00:00","og_image":[{"width":600,"height":600,"url":"https:\/\/maison-chance.org\/shop\/wp-content\/uploads\/2024\/04\/thu-nhoi-bong-hinh-con-chuot-vai-tho-cam-1.jpg","type":"image\/jpeg"}],"twitter_card":"summary_large_image","twitter_misc":{"Disponibilit\u00e9":"En stock"},"schema":{"@context":"https:\/\/schema.org","@graph":[{"@type":"WebPage","@id":"https:\/\/maison-chance.org\/shop\/fr\/produit\/souris-4","url":"https:\/\/maison-chance.org\/shop\/fr\/produit\/souris-4","name":"Souris- peluche en tissu brocart - Nh\u00e0 May M\u1eafn - Maison Chance","isPartOf":{"@id":"https:\/\/maison-chance.org\/shop\/fr#website"},"primaryImageOfPage":{"@id":"https:\/\/maison-chance.org\/shop\/fr\/produit\/souris-4#primaryimage"},"image":{"@id":"https:\/\/maison-chance.org\/shop\/fr\/produit\/souris-4#primaryimage"},"thumbnailUrl":"https:\/\/maison-chance.org\/shop\/wp-content\/uploads\/2024\/04\/thu-nhoi-bong-hinh-con-chuot-vai-tho-cam-1.jpg","datePublished":"2024-11-11T00:05:58+00:00","dateModified":"2025-03-17T03:34:03+00:00","description":"La peluche souris en tissu brocart est un jouet ador\u00e9 des enfants, fabriqu\u00e9 en tissu brocart de premi\u00e8re qualit\u00e9, chaque produit pr\u00e9sente des motifs uniques aux couleurs al\u00e9atoires","breadcrumb":{"@id":"https:\/\/maison-chance.org\/shop\/fr\/produit\/souris-4#breadcrumb"},"inLanguage":"fr-FR","potentialAction":[{"@type":"ReadAction","target":["https:\/\/maison-chance.org\/shop\/fr\/produit\/souris-4"]}]},{"@type":"ImageObject","inLanguage":"fr-FR","@id":"https:\/\/maison-chance.org\/shop\/fr\/produit\/souris-4#primaryimage","url":"https:\/\/maison-chance.org\/shop\/wp-content\/uploads\/2024\/04\/thu-nhoi-bong-hinh-con-chuot-vai-tho-cam-1.jpg","contentUrl":"https:\/\/maison-chance.org\/shop\/wp-content\/uploads\/2024\/04\/thu-nhoi-bong-hinh-con-chuot-vai-tho-cam-1.jpg","width":600,"height":600,"caption":"Peluche Souris en Tissu Brocart"},{"@type":"BreadcrumbList","@id":"https:\/\/maison-chance.org\/shop\/fr\/produit\/souris-4#breadcrumb","itemListElement":[{"@type":"ListItem","position":1,"name":"Trang ch\u1ee7","item":"https:\/\/maison-chance.org\/shop\/fr"},{"@type":"ListItem","position":2,"name":"Boutique","item":"https:\/\/maison-chance.org\/shop\/shop"},{"@type":"ListItem","position":3,"name":"Souris"}]},{"@type":"WebSite","@id":"https:\/\/maison-chance.org\/shop\/fr#website","url":"https:\/\/maison-chance.org\/shop\/fr","name":"Nh\u00e0 May M\u1eafn - Maison Chance","description":"M\u1ecdi l\u1ee3i nhu\u1eadn thu v\u1ec1 t\u1eeb vi\u1ec7c b\u00e1n h\u00e0ng s\u1ebd tr\u00edch m\u1ed9t ph\u1ea7n \u0111\u1ec3 ch\u0103m lo cho \u0111\u1eddi s\u1ed1ng c\u00e1c b\u1ea1n khuy\u1ebft t\u1eadt v\u00e0 tr\u1ebb m\u1ed3 c\u00f4i \u1edf \u0111\u00e2y","publisher":{"@id":"https:\/\/maison-chance.org\/shop\/fr#organization"},"potentialAction":[{"@type":"SearchAction","target":{"@type":"EntryPoint","urlTemplate":"https:\/\/maison-chance.org\/shop\/fr?s={search_term_string}"},"query-input":{"@type":"PropertyValueSpecification","valueRequired":true,"valueName":"search_term_string"}}],"inLanguage":"fr-FR"},{"@type":"Organization","@id":"https:\/\/maison-chance.org\/shop\/fr#organization","name":"Nh\u00e0 May M\u1eafn - Maison Chance","url":"https:\/\/maison-chance.org\/shop\/fr","logo":{"@type":"ImageObject","inLanguage":"fr-FR","@id":"https:\/\/maison-chance.org\/shop\/fr#\/schema\/logo\/image\/","url":"https:\/\/maison-chance.org\/shop\/wp-content\/uploads\/2024\/03\/cropped-Logo_DNXH.png","contentUrl":"https:\/\/maison-chance.org\/shop\/wp-content\/uploads\/2024\/03\/cropped-Logo_DNXH.png","width":512,"height":512,"caption":"Nh\u00e0 May M\u1eafn - Maison Chance"},"image":{"@id":"https:\/\/maison-chance.org\/shop\/fr#\/schema\/logo\/image\/"},"sameAs":["https:\/\/www.facebook.com\/dnxh.nhamayman\/"]}]},"og_availability":"instock","product_availability":"instock","product_condition":"new"},"_links":{"self":[{"href":"https:\/\/maison-chance.org\/shop\/fr\/wp-json\/wp\/v2\/product\/41070","targetHints":{"allow":["GET"]}}],"collection":[{"href":"https:\/\/maison-chance.org\/shop\/fr\/wp-json\/wp\/v2\/product"}],"about":[{"href":"https:\/\/maison-chance.org\/shop\/fr\/wp-json\/wp\/v2\/types\/product"}],"wp:featuredmedia":[{"embeddable":true,"href":"https:\/\/maison-chance.org\/shop\/fr\/wp-json\/wp\/v2\/media\/36922"}],"wp:attachment":[{"href":"https:\/\/maison-chance.org\/shop\/fr\/wp-json\/wp\/v2\/media?parent=41070"}],"wp:term":[{"taxonomy":"product_brand","embeddable":true,"href":"https:\/\/maison-chance.org\/shop\/fr\/wp-json\/wp\/v2\/product_brand?post=41070"},{"taxonomy":"product_cat","embeddable":true,"href":"https:\/\/maison-chance.org\/shop\/fr\/wp-json\/wp\/v2\/product_cat?post=41070"},{"taxonomy":"product_tag","embeddable":true,"href":"https:\/\/maison-chance.org\/shop\/fr\/wp-json\/wp\/v2\/product_tag?post=41070"}],"curies":[{"name":"wp","href":"https:\/\/api.w.org\/{rel}","templated":true}]}}