{"id":41123,"date":"2024-11-12T07:00:02","date_gmt":"2024-11-12T00:00:02","guid":{"rendered":"https:\/\/maison-chance.org\/shop\/san-pham\/creme-glacee-a-la-mangue"},"modified":"2024-11-12T07:00:02","modified_gmt":"2024-11-12T00:00:02","slug":"creme-glacee-a-la-mangue","status":"publish","type":"product","link":"https:\/\/maison-chance.org\/shop\/fr\/produit\/creme-glacee-a-la-mangue","title":{"rendered":"Cr\u00e8me Glac\u00e9e \u00e0 la Mangue"},"content":{"rendered":"<p style=\"text-align: justify;\">Avez-vous d\u00e9j\u00e0 go\u00fbt\u00e9 une cr\u00e8me glac\u00e9e qui n&rsquo;est pas seulement d\u00e9licieuse mais qui raconte aussi une histoire inspirante ? La cr\u00e8me glac\u00e9e \u00e0 la mangue de Maison Chance est pr\u00e9cis\u00e9ment ce voyage &#8211; o\u00f9 les saveurs raffin\u00e9es rencontrent des histoires humanitaires, cr\u00e9\u00e9es par les mains habiles de jeunes personnes sp\u00e9ciales.<\/p>\n<p style=\"text-align: justify;\">Ce qui rend unique la cr\u00e8me glac\u00e9e \u00e0 la mangue de Maison Chance r\u00e9side dans sa recette distinctive avec des ingr\u00e9dients soigneusement s\u00e9lectionn\u00e9s. La cr\u00e8me fouett\u00e9e premium se m\u00e9lange au lait frais non sucr\u00e9 pour cr\u00e9er une base de cr\u00e8me glac\u00e9e onctueuse et naturellement cr\u00e9meuse. La combinaison sophistiqu\u00e9e de base san marco et d&rsquo;interga latte n&rsquo;offre pas seulement une douceur parfaite mais assure aussi une texture stable \u00e0 chaque cuill\u00e8re.<\/p>\n<p style=\"text-align: justify;\">Les mangues m\u00fbres sont m\u00e9ticuleusement s\u00e9lectionn\u00e9es, apportant une saveur naturelle caract\u00e9ristique et une couleur attrayante au produit. Il n&rsquo;y a pas de colorants artificiels, uniquement la douceur pure des fruits frais.<\/p>\n<p style=\"text-align: justify;\">En d\u00e9gustant la cr\u00e8me glac\u00e9e \u00e0 la mangue de Maison Chance, vous vivrez un voyage gustatif passionnant. D\u00e8s le premier instant, la cr\u00e8me glac\u00e9e fond doucement sur votre langue, laissant un arri\u00e8re-go\u00fbt parfum\u00e9 de mangue. La onctuosit\u00e9 mod\u00e9r\u00e9e s&rsquo;harmonise avec le go\u00fbt naturellement sucr\u00e9 et acidul\u00e9 de la mangue, cr\u00e9ant un ensemble parfait irr\u00e9sistible.<\/p>\n<p style=\"text-align: justify;\">Avec deux options de conditionnement de 300gr et 500gr, la cr\u00e8me glac\u00e9e fra\u00eeche de Maison Chance convient \u00e0 toutes les occasions &#8211; des moments priv\u00e9s aux r\u00e9unions familiales. Le contenant est con\u00e7u professionnellement, garantissant que la cr\u00e8me glac\u00e9e conserve sa fra\u00eecheur dans des conditions de stockage au froid.<\/p>\n<p style=\"text-align: justify;\">Chaque bo\u00eete de cr\u00e8me glac\u00e9e \u00e0 la mangue de Maison Chance est la cristallisation de la passion et de l&rsquo;aspiration. Derri\u00e8re ces d\u00e9licieuses bo\u00eetes de cr\u00e8me glac\u00e9e se cache une histoire de d\u00e9termination extraordinaire de jeunes personnes sp\u00e9ciales, qui ont \u00e9t\u00e9 et continuent de s&rsquo;efforcer de s&rsquo;int\u00e9grer dans la communaut\u00e9 en apprenant et en pratiquant la p\u00e2tisserie et la fabrication de cr\u00e8me glac\u00e9e.<\/p>\n<p style=\"text-align: justify;\">Chaque processus de production est effectu\u00e9 m\u00e9ticuleusement sous supervision professionnelle, garantissant que chaque bo\u00eete de cr\u00e8me glac\u00e9e est non seulement d\u00e9licieuse mais aussi s\u00fbre et hygi\u00e9nique. Ce n&rsquo;est pas simplement un produit commercial &#8211; c&rsquo;est le fruit de l&rsquo;amour, de la pers\u00e9v\u00e9rance et des r\u00eaves qui deviennent progressivement r\u00e9alit\u00e9.<\/p>\n<p style=\"text-align: justify;\">Lorsque vous choisissez la cr\u00e8me glac\u00e9e \u00e0 la mangue de <a href=\"https:\/\/maison-chance.org\/shop\">Maison Chance<\/a>, vous ne savourez pas seulement un excellent dessert mais vous contribuez aussi au voyage significatif de jeunes personnes sp\u00e9ciales. Chaque bo\u00eete de cr\u00e8me glac\u00e9e vendue repr\u00e9sente une opportunit\u00e9 d&#8217;emploi, une croyance et une motivation pour qu&rsquo;ils continuent \u00e0 se d\u00e9velopper.<\/p>\n","protected":false},"excerpt":{"rendered":"<p style=\"text-align: justify;\">Les produits de cr\u00e8me glac\u00e9e fra\u00eeche sont fabriqu\u00e9s par des jeunes orphelins actuellement pris en charge \u00e0 Maison Chance. Nous esp\u00e9rons sinc\u00e8rement recevoir votre soutien !<\/p>\n<p style=\"text-align: justify;\">Petite bo\u00eete 300gr : <span style=\"font-size: 115%; color: #ed1c24;\"><strong>79.000 vnd<\/strong><\/span><\/p>\n<p style=\"text-align: justify;\">Grande bo\u00eete 500gr : <span style=\"font-size: 115%; color: #ed1c24;\"><strong>99.000 vnd<\/strong><\/span><\/p>\n<p style=\"text-align: justify;\">Hotline : <span style=\"font-size: 115%; color: #ed1c24;\"><strong>090 906 2528<\/strong><\/span><\/p>\n","protected":false},"featured_media":38171,"template":"","meta":[],"product_brand":[],"product_cat":[210,228],"product_tag":[],"class_list":{"0":"post-41123","1":"product","2":"type-product","3":"status-publish","4":"has-post-thumbnail","6":"product_cat-boulangerie","7":"product_cat-creme-boulangerie","9":"first","10":"instock","11":"shipping-taxable","12":"product-type-simple"},"yoast_head":"<!-- This site is optimized with the Yoast SEO Premium plugin v22.7 (Yoast SEO v25.3.1) - https:\/\/yoast.com\/wordpress\/plugins\/seo\/ -->\n<title>Cr\u00e8me Glac\u00e9e \u00e0 la Mangue - Nh\u00e0 May M\u1eafn - Maison Chance<\/title>\n<meta name=\"description\" content=\"Ce qui rend unique la cr\u00e8me glac\u00e9e \u00e0 la mangue de Maison Chance r\u00e9side dans sa recette distinctive avec des ingr\u00e9dients soigneusement s\u00e9lectionn\u00e9s. La cr\u00e8me fouett\u00e9e premium se m\u00e9lange au lait frais non sucr\u00e9 pour cr\u00e9er une base de cr\u00e8me glac\u00e9e onctueuse et naturellement cr\u00e9meuse\" \/>\n<meta name=\"robots\" content=\"index, follow, max-snippet:-1, max-image-preview:large, max-video-preview:-1\" \/>\n<link rel=\"canonical\" href=\"https:\/\/maison-chance.org\/shop\/fr\/produit\/creme-glacee-a-la-mangue\" \/>\n<meta property=\"og:locale\" content=\"fr_FR\" \/>\n<meta property=\"og:type\" content=\"article\" \/>\n<meta property=\"og:title\" content=\"Cr\u00e8me Glac\u00e9e \u00e0 la Mangue\" \/>\n<meta property=\"og:description\" content=\"Ce qui rend unique la cr\u00e8me glac\u00e9e \u00e0 la mangue de Maison Chance r\u00e9side dans sa recette distinctive avec des ingr\u00e9dients soigneusement s\u00e9lectionn\u00e9s. La cr\u00e8me fouett\u00e9e premium se m\u00e9lange au lait frais non sucr\u00e9 pour cr\u00e9er une base de cr\u00e8me glac\u00e9e onctueuse et naturellement cr\u00e9meuse\" \/>\n<meta property=\"og:url\" content=\"https:\/\/maison-chance.org\/shop\/fr\/produit\/creme-glacee-a-la-mangue\" \/>\n<meta property=\"og:site_name\" content=\"Nh\u00e0 May M\u1eafn - Maison Chance\" \/>\n<meta property=\"article:publisher\" content=\"https:\/\/www.facebook.com\/dnxh.nhamayman\/\" \/>\n<meta property=\"og:image\" content=\"https:\/\/maison-chance.org\/shop\/wp-content\/uploads\/2024\/04\/kem-xoai.jpg\" \/>\n\t<meta property=\"og:image:width\" content=\"1000\" \/>\n\t<meta property=\"og:image:height\" content=\"1000\" \/>\n\t<meta property=\"og:image:type\" content=\"image\/jpeg\" \/>\n<meta name=\"twitter:card\" content=\"summary_large_image\" \/>\n<meta name=\"twitter:label1\" content=\"Prix\" \/>\n\t<meta name=\"twitter:data1\" content=\"\" \/>\n\t<meta name=\"twitter:label2\" content=\"Disponibilit\u00e9\" \/>\n\t<meta name=\"twitter:data2\" content=\"En stock\" \/>\n<script type=\"application\/ld+json\" class=\"yoast-schema-graph\">{\"@context\":\"https:\/\/schema.org\",\"@graph\":[{\"@type\":\"WebPage\",\"@id\":\"https:\/\/maison-chance.org\/shop\/fr\/produit\/creme-glacee-a-la-mangue\",\"url\":\"https:\/\/maison-chance.org\/shop\/fr\/produit\/creme-glacee-a-la-mangue\",\"name\":\"Cr\u00e8me Glac\u00e9e \u00e0 la Mangue - Nh\u00e0 May M\u1eafn - Maison Chance\",\"isPartOf\":{\"@id\":\"https:\/\/maison-chance.org\/shop\/fr#website\"},\"primaryImageOfPage\":{\"@id\":\"https:\/\/maison-chance.org\/shop\/fr\/produit\/creme-glacee-a-la-mangue#primaryimage\"},\"image\":{\"@id\":\"https:\/\/maison-chance.org\/shop\/fr\/produit\/creme-glacee-a-la-mangue#primaryimage\"},\"thumbnailUrl\":\"https:\/\/maison-chance.org\/shop\/wp-content\/uploads\/2024\/04\/kem-xoai.jpg\",\"datePublished\":\"2024-11-12T00:00:02+00:00\",\"description\":\"Ce qui rend unique la cr\u00e8me glac\u00e9e \u00e0 la mangue de Maison Chance r\u00e9side dans sa recette distinctive avec des ingr\u00e9dients soigneusement s\u00e9lectionn\u00e9s. La cr\u00e8me fouett\u00e9e premium se m\u00e9lange au lait frais non sucr\u00e9 pour cr\u00e9er une base de cr\u00e8me glac\u00e9e onctueuse et naturellement cr\u00e9meuse\",\"breadcrumb\":{\"@id\":\"https:\/\/maison-chance.org\/shop\/fr\/produit\/creme-glacee-a-la-mangue#breadcrumb\"},\"inLanguage\":\"fr-FR\",\"potentialAction\":[{\"@type\":\"ReadAction\",\"target\":[\"https:\/\/maison-chance.org\/shop\/fr\/produit\/creme-glacee-a-la-mangue\"]}]},{\"@type\":\"ImageObject\",\"inLanguage\":\"fr-FR\",\"@id\":\"https:\/\/maison-chance.org\/shop\/fr\/produit\/creme-glacee-a-la-mangue#primaryimage\",\"url\":\"https:\/\/maison-chance.org\/shop\/wp-content\/uploads\/2024\/04\/kem-xoai.jpg\",\"contentUrl\":\"https:\/\/maison-chance.org\/shop\/wp-content\/uploads\/2024\/04\/kem-xoai.jpg\",\"width\":1000,\"height\":1000,\"caption\":\"Cr\u00e8me Glac\u00e9e \u00e0 la Mangue\"},{\"@type\":\"BreadcrumbList\",\"@id\":\"https:\/\/maison-chance.org\/shop\/fr\/produit\/creme-glacee-a-la-mangue#breadcrumb\",\"itemListElement\":[{\"@type\":\"ListItem\",\"position\":1,\"name\":\"Trang ch\u1ee7\",\"item\":\"https:\/\/maison-chance.org\/shop\/fr\"},{\"@type\":\"ListItem\",\"position\":2,\"name\":\"Boutique\",\"item\":\"https:\/\/maison-chance.org\/shop\/shop\"},{\"@type\":\"ListItem\",\"position\":3,\"name\":\"Cr\u00e8me Glac\u00e9e \u00e0 la Mangue\"}]},{\"@type\":\"WebSite\",\"@id\":\"https:\/\/maison-chance.org\/shop\/fr#website\",\"url\":\"https:\/\/maison-chance.org\/shop\/fr\",\"name\":\"Nh\u00e0 May M\u1eafn - Maison Chance\",\"description\":\"M\u1ecdi l\u1ee3i nhu\u1eadn thu v\u1ec1 t\u1eeb vi\u1ec7c b\u00e1n h\u00e0ng s\u1ebd tr\u00edch m\u1ed9t ph\u1ea7n \u0111\u1ec3 ch\u0103m lo cho \u0111\u1eddi s\u1ed1ng c\u00e1c b\u1ea1n khuy\u1ebft t\u1eadt v\u00e0 tr\u1ebb m\u1ed3 c\u00f4i \u1edf \u0111\u00e2y\",\"publisher\":{\"@id\":\"https:\/\/maison-chance.org\/shop\/fr#organization\"},\"potentialAction\":[{\"@type\":\"SearchAction\",\"target\":{\"@type\":\"EntryPoint\",\"urlTemplate\":\"https:\/\/maison-chance.org\/shop\/fr?s={search_term_string}\"},\"query-input\":{\"@type\":\"PropertyValueSpecification\",\"valueRequired\":true,\"valueName\":\"search_term_string\"}}],\"inLanguage\":\"fr-FR\"},{\"@type\":\"Organization\",\"@id\":\"https:\/\/maison-chance.org\/shop\/fr#organization\",\"name\":\"Nh\u00e0 May M\u1eafn - Maison Chance\",\"url\":\"https:\/\/maison-chance.org\/shop\/fr\",\"logo\":{\"@type\":\"ImageObject\",\"inLanguage\":\"fr-FR\",\"@id\":\"https:\/\/maison-chance.org\/shop\/fr#\/schema\/logo\/image\/\",\"url\":\"https:\/\/maison-chance.org\/shop\/wp-content\/uploads\/2024\/03\/cropped-Logo_DNXH.png\",\"contentUrl\":\"https:\/\/maison-chance.org\/shop\/wp-content\/uploads\/2024\/03\/cropped-Logo_DNXH.png\",\"width\":512,\"height\":512,\"caption\":\"Nh\u00e0 May M\u1eafn - Maison Chance\"},\"image\":{\"@id\":\"https:\/\/maison-chance.org\/shop\/fr#\/schema\/logo\/image\/\"},\"sameAs\":[\"https:\/\/www.facebook.com\/dnxh.nhamayman\/\"]}]}<\/script>\n<meta property=\"product:price:amount\" content=\"0.00\" \/>\n<meta property=\"product:price:currency\" content=\"EUR\" \/>\n<meta property=\"og:availability\" content=\"instock\" \/>\n<meta property=\"product:availability\" content=\"instock\" \/>\n<meta property=\"product:condition\" content=\"new\" \/>\n<!-- \/ Yoast SEO Premium plugin. -->","yoast_head_json":{"title":"Cr\u00e8me Glac\u00e9e \u00e0 la Mangue - Nh\u00e0 May M\u1eafn - Maison Chance","description":"Ce qui rend unique la cr\u00e8me glac\u00e9e \u00e0 la mangue de Maison Chance r\u00e9side dans sa recette distinctive avec des ingr\u00e9dients soigneusement s\u00e9lectionn\u00e9s. La cr\u00e8me fouett\u00e9e premium se m\u00e9lange au lait frais non sucr\u00e9 pour cr\u00e9er une base de cr\u00e8me glac\u00e9e onctueuse et naturellement cr\u00e9meuse","robots":{"index":"index","follow":"follow","max-snippet":"max-snippet:-1","max-image-preview":"max-image-preview:large","max-video-preview":"max-video-preview:-1"},"canonical":"https:\/\/maison-chance.org\/shop\/fr\/produit\/creme-glacee-a-la-mangue","og_locale":"fr_FR","og_type":"article","og_title":"Cr\u00e8me Glac\u00e9e \u00e0 la Mangue","og_description":"Ce qui rend unique la cr\u00e8me glac\u00e9e \u00e0 la mangue de Maison Chance r\u00e9side dans sa recette distinctive avec des ingr\u00e9dients soigneusement s\u00e9lectionn\u00e9s. La cr\u00e8me fouett\u00e9e premium se m\u00e9lange au lait frais non sucr\u00e9 pour cr\u00e9er une base de cr\u00e8me glac\u00e9e onctueuse et naturellement cr\u00e9meuse","og_url":"https:\/\/maison-chance.org\/shop\/fr\/produit\/creme-glacee-a-la-mangue","og_site_name":"Nh\u00e0 May M\u1eafn - Maison Chance","article_publisher":"https:\/\/www.facebook.com\/dnxh.nhamayman\/","og_image":[{"width":1000,"height":1000,"url":"https:\/\/maison-chance.org\/shop\/wp-content\/uploads\/2024\/04\/kem-xoai.jpg","type":"image\/jpeg"}],"twitter_card":"summary_large_image","twitter_misc":{"Prix":"","Disponibilit\u00e9":"En stock"},"schema":{"@context":"https:\/\/schema.org","@graph":[{"@type":"WebPage","@id":"https:\/\/maison-chance.org\/shop\/fr\/produit\/creme-glacee-a-la-mangue","url":"https:\/\/maison-chance.org\/shop\/fr\/produit\/creme-glacee-a-la-mangue","name":"Cr\u00e8me Glac\u00e9e \u00e0 la Mangue - Nh\u00e0 May M\u1eafn - Maison Chance","isPartOf":{"@id":"https:\/\/maison-chance.org\/shop\/fr#website"},"primaryImageOfPage":{"@id":"https:\/\/maison-chance.org\/shop\/fr\/produit\/creme-glacee-a-la-mangue#primaryimage"},"image":{"@id":"https:\/\/maison-chance.org\/shop\/fr\/produit\/creme-glacee-a-la-mangue#primaryimage"},"thumbnailUrl":"https:\/\/maison-chance.org\/shop\/wp-content\/uploads\/2024\/04\/kem-xoai.jpg","datePublished":"2024-11-12T00:00:02+00:00","description":"Ce qui rend unique la cr\u00e8me glac\u00e9e \u00e0 la mangue de Maison Chance r\u00e9side dans sa recette distinctive avec des ingr\u00e9dients soigneusement s\u00e9lectionn\u00e9s. La cr\u00e8me fouett\u00e9e premium se m\u00e9lange au lait frais non sucr\u00e9 pour cr\u00e9er une base de cr\u00e8me glac\u00e9e onctueuse et naturellement cr\u00e9meuse","breadcrumb":{"@id":"https:\/\/maison-chance.org\/shop\/fr\/produit\/creme-glacee-a-la-mangue#breadcrumb"},"inLanguage":"fr-FR","potentialAction":[{"@type":"ReadAction","target":["https:\/\/maison-chance.org\/shop\/fr\/produit\/creme-glacee-a-la-mangue"]}]},{"@type":"ImageObject","inLanguage":"fr-FR","@id":"https:\/\/maison-chance.org\/shop\/fr\/produit\/creme-glacee-a-la-mangue#primaryimage","url":"https:\/\/maison-chance.org\/shop\/wp-content\/uploads\/2024\/04\/kem-xoai.jpg","contentUrl":"https:\/\/maison-chance.org\/shop\/wp-content\/uploads\/2024\/04\/kem-xoai.jpg","width":1000,"height":1000,"caption":"Cr\u00e8me Glac\u00e9e \u00e0 la Mangue"},{"@type":"BreadcrumbList","@id":"https:\/\/maison-chance.org\/shop\/fr\/produit\/creme-glacee-a-la-mangue#breadcrumb","itemListElement":[{"@type":"ListItem","position":1,"name":"Trang ch\u1ee7","item":"https:\/\/maison-chance.org\/shop\/fr"},{"@type":"ListItem","position":2,"name":"Boutique","item":"https:\/\/maison-chance.org\/shop\/shop"},{"@type":"ListItem","position":3,"name":"Cr\u00e8me Glac\u00e9e \u00e0 la Mangue"}]},{"@type":"WebSite","@id":"https:\/\/maison-chance.org\/shop\/fr#website","url":"https:\/\/maison-chance.org\/shop\/fr","name":"Nh\u00e0 May M\u1eafn - Maison Chance","description":"M\u1ecdi l\u1ee3i nhu\u1eadn thu v\u1ec1 t\u1eeb vi\u1ec7c b\u00e1n h\u00e0ng s\u1ebd tr\u00edch m\u1ed9t ph\u1ea7n \u0111\u1ec3 ch\u0103m lo cho \u0111\u1eddi s\u1ed1ng c\u00e1c b\u1ea1n khuy\u1ebft t\u1eadt v\u00e0 tr\u1ebb m\u1ed3 c\u00f4i \u1edf \u0111\u00e2y","publisher":{"@id":"https:\/\/maison-chance.org\/shop\/fr#organization"},"potentialAction":[{"@type":"SearchAction","target":{"@type":"EntryPoint","urlTemplate":"https:\/\/maison-chance.org\/shop\/fr?s={search_term_string}"},"query-input":{"@type":"PropertyValueSpecification","valueRequired":true,"valueName":"search_term_string"}}],"inLanguage":"fr-FR"},{"@type":"Organization","@id":"https:\/\/maison-chance.org\/shop\/fr#organization","name":"Nh\u00e0 May M\u1eafn - Maison Chance","url":"https:\/\/maison-chance.org\/shop\/fr","logo":{"@type":"ImageObject","inLanguage":"fr-FR","@id":"https:\/\/maison-chance.org\/shop\/fr#\/schema\/logo\/image\/","url":"https:\/\/maison-chance.org\/shop\/wp-content\/uploads\/2024\/03\/cropped-Logo_DNXH.png","contentUrl":"https:\/\/maison-chance.org\/shop\/wp-content\/uploads\/2024\/03\/cropped-Logo_DNXH.png","width":512,"height":512,"caption":"Nh\u00e0 May M\u1eafn - Maison Chance"},"image":{"@id":"https:\/\/maison-chance.org\/shop\/fr#\/schema\/logo\/image\/"},"sameAs":["https:\/\/www.facebook.com\/dnxh.nhamayman\/"]}]},"product_price_amount":"0.00","product_price_currency":"EUR","og_availability":"instock","product_availability":"instock","product_condition":"new"},"_links":{"self":[{"href":"https:\/\/maison-chance.org\/shop\/fr\/wp-json\/wp\/v2\/product\/41123","targetHints":{"allow":["GET"]}}],"collection":[{"href":"https:\/\/maison-chance.org\/shop\/fr\/wp-json\/wp\/v2\/product"}],"about":[{"href":"https:\/\/maison-chance.org\/shop\/fr\/wp-json\/wp\/v2\/types\/product"}],"wp:featuredmedia":[{"embeddable":true,"href":"https:\/\/maison-chance.org\/shop\/fr\/wp-json\/wp\/v2\/media\/38171"}],"wp:attachment":[{"href":"https:\/\/maison-chance.org\/shop\/fr\/wp-json\/wp\/v2\/media?parent=41123"}],"wp:term":[{"taxonomy":"product_brand","embeddable":true,"href":"https:\/\/maison-chance.org\/shop\/fr\/wp-json\/wp\/v2\/product_brand?post=41123"},{"taxonomy":"product_cat","embeddable":true,"href":"https:\/\/maison-chance.org\/shop\/fr\/wp-json\/wp\/v2\/product_cat?post=41123"},{"taxonomy":"product_tag","embeddable":true,"href":"https:\/\/maison-chance.org\/shop\/fr\/wp-json\/wp\/v2\/product_tag?post=41123"}],"curies":[{"name":"wp","href":"https:\/\/api.w.org\/{rel}","templated":true}]}}