{"id":41132,"date":"2024-11-12T09:00:27","date_gmt":"2024-11-12T02:00:27","guid":{"rendered":"https:\/\/maison-chance.org\/shop\/san-pham\/creme-glacee-au-the-vert"},"modified":"2024-04-15T08:05:27","modified_gmt":"2024-04-15T01:05:27","slug":"creme-glacee-au-the-vert","status":"publish","type":"product","link":"https:\/\/maison-chance.org\/shop\/fr\/produit\/creme-glacee-au-the-vert","title":{"rendered":"Cr\u00e8me glac\u00e9e au th\u00e9 vert"},"content":{"rendered":"<p style=\"text-align: justify;\">La cr\u00e8me glac\u00e9e au th\u00e9 vert de Maison Chance n&rsquo;est pas qu&rsquo;un simple dessert d\u00e9licieux, mais aussi une combinaison parfaite entre nature et savoir-faire raffin\u00e9, offrant une exp\u00e9rience gustative totalement diff\u00e9rente. Chaque cuill\u00e8re fondante de cr\u00e8me glac\u00e9e \u00e9veillera vos sens avec la saveur fra\u00eeche du th\u00e9 vert, apportant une sensation de d\u00e9tente inoubliable. D\u00e9couvrons ce qui rend la cr\u00e8me glac\u00e9e au th\u00e9 vert de Maison Chance si sp\u00e9ciale et conquiert les c\u0153urs.<\/p>\n<p style=\"text-align: justify;\">La cr\u00e8me glac\u00e9e au th\u00e9 vert de Maison Chance est fabriqu\u00e9e \u00e0 partir d&rsquo;ingr\u00e9dients purs soigneusement s\u00e9lectionn\u00e9s, cr\u00e9ant non seulement une saveur unique mais garantissant aussi la s\u00e9curit\u00e9 et les bienfaits pour la sant\u00e9 des consommateurs. Chaque ingr\u00e9dient de la cr\u00e8me glac\u00e9e joue un r\u00f4le particulier:<\/p>\n<p style=\"text-align: justify;\">Cr\u00e8me \u00e0 fouetter: C&rsquo;est l&rsquo;\u00e9l\u00e9ment qui apporte l&rsquo;onctuosit\u00e9 riche \u00e0 la cr\u00e8me glac\u00e9e au th\u00e9 vert, cr\u00e9ant une base lisse qui fond imm\u00e9diatement au contact de la langue. Cette onctuosit\u00e9 riche met en valeur la saveur du th\u00e9 vert, rendant chaque cuill\u00e8re de cr\u00e8me glac\u00e9e irr\u00e9sistiblement attrayante.<\/p>\n<p style=\"text-align: justify;\">Lait frais non sucr\u00e9: Le lait frais non sucr\u00e9 aide \u00e0 r\u00e9duire la douceur, cr\u00e9ant une sensation pure tout en assurant \u00e0 la cr\u00e8me glac\u00e9e une douceur naturelle. Cela rend la cr\u00e8me glac\u00e9e au th\u00e9 vert de Maison Chance pas trop intense, mais facilement appr\u00e9ciable m\u00eame par ceux qui n&rsquo;aiment pas les sucreries.<\/p>\n<p style=\"text-align: justify;\">Base San Marco et Interga Latte: Ce sont des composants importants qui aident la cr\u00e8me glac\u00e9e \u00e0 atteindre une texture parfaite, gardant chaque boule non seulement belle mais aussi coh\u00e9rente en qualit\u00e9 et en saveur. Cette combinaison aide la cr\u00e8me glac\u00e9e au th\u00e9 vert \u00e0 avoir une texture lisse et une saveur pleine, caract\u00e9ristique des produits de haute qualit\u00e9.<\/p>\n<p style=\"text-align: justify;\">Poudre de th\u00e9 vert pure: Le composant principal et aussi l&rsquo;\u00e2me de la cr\u00e8me glac\u00e9e \u2013 la poudre de th\u00e9 vert pure \u2013 apporte une couleur verte apaisante et une riche saveur de th\u00e9 vert. Outre le go\u00fbt, le th\u00e9 vert contient aussi de nombreux antioxydants, apportant des bienfaits pour la sant\u00e9 comme la r\u00e9duction du stress et la relaxation mentale.<\/p>\n<p style=\"text-align: justify;\">Rien n&rsquo;est plus merveilleux que de savourer chaque cuill\u00e8re de cr\u00e8me glac\u00e9e fra\u00eeche au th\u00e9 vert, ressentant la fra\u00eecheur qui se r\u00e9pand, l&rsquo;onctuosit\u00e9 de la cr\u00e8me glac\u00e9e se m\u00ealant \u00e0 l&rsquo;ar\u00f4me rafra\u00eechissant du th\u00e9 vert. En mangeant, la douce douceur du lait, combin\u00e9e \u00e0 la l\u00e9g\u00e8re amertume caract\u00e9ristique du th\u00e9 vert cr\u00e9e une symphonie gustative int\u00e9ressante. Chaque bouch\u00e9e de cr\u00e8me glac\u00e9e est comme une brise fra\u00eeche, dissipant tout stress, apportant d\u00e9tente et rafra\u00eechissement.<\/p>\n<p style=\"text-align: justify;\">En particulier, la cr\u00e8me glac\u00e9e au th\u00e9 vert de Maison Chance n&rsquo;est pas seulement un plat id\u00e9al pour les chaudes journ\u00e9es d&rsquo;\u00e9t\u00e9 mais aussi un choix parfait pour les soir\u00e9es fra\u00eeches, permettant aux familles ou aux groupes d&rsquo;amis de profiter ensemble. Avec juste une bo\u00eete de 500g, vous avez d\u00e9j\u00e0 une raison d&rsquo;organiser des rassemblements, de partager des saveurs douces ensemble et de renforcer les liens.<\/p>\n<p style=\"text-align: justify;\">La cr\u00e8me glac\u00e9e au th\u00e9 vert de <a href=\"https:\/\/maison-chance.org\/shop\/phong-banh\">Maison Chance<\/a> est la cristallisation des saveurs naturelles et du savoir-faire habile, offrant un produit \u00e0 la fois d\u00e9licieux et nutritif. Quand vous choisissez ce produit, vous n&rsquo;apportez pas seulement \u00e0 vous-m\u00eame et \u00e0 votre famille un dessert rafra\u00eechissant mais vous soutenez aussi Maison Chance dans son parcours significatif. Venez \u00e0 Maison Chance, achetez la cr\u00e8me glac\u00e9e au th\u00e9 vert maintenant et r\u00e9pandez l&rsquo;amour dans la communaut\u00e9. Ce n&rsquo;est pas qu&rsquo;un simple acte d&rsquo;achat, mais aussi une fa\u00e7on pour nous de montrer le partage et l&#8217;empathie les uns envers les autres.<\/p>\n","protected":false},"excerpt":{"rendered":"<p style=\"text-align: justify;\">Les produits de cr\u00e8me glac\u00e9e fra\u00eeche sont fabriqu\u00e9s par des jeunes orphelins actuellement pris en charge par Maison Chance. Nous attendons avec impatience votre soutien!<\/p>\n<p style=\"text-align: justify;\">Petite bo\u00eete 300gr: <span style=\"font-size: 115%; color: #ed1c24;\"><strong>79.000 vnd<\/strong><\/span><\/p>\n<p style=\"text-align: justify;\">Grande bo\u00eete 500gr: <span style=\"font-size: 115%; color: #ed1c24;\"><strong>99.000 vnd<\/strong><\/span><\/p>\n<p style=\"text-align: justify;\">Hotline: <span style=\"font-size: 115%; color: #ed1c24;\"><strong>090 906 2528<\/strong><\/span><\/p>\n","protected":false},"featured_media":38156,"template":"","meta":[],"product_brand":[],"product_cat":[210,228],"product_tag":[],"class_list":{"0":"post-41132","1":"product","2":"type-product","3":"status-publish","4":"has-post-thumbnail","6":"product_cat-boulangerie","7":"product_cat-creme-boulangerie","9":"first","10":"instock","11":"shipping-taxable","12":"product-type-simple"},"yoast_head":"<!-- This site is optimized with the Yoast SEO Premium plugin v22.7 (Yoast SEO v25.3.1) - https:\/\/yoast.com\/wordpress\/plugins\/seo\/ -->\n<title>Cr\u00e8me glac\u00e9e au th\u00e9 vert - Nh\u00e0 May M\u1eafn - Maison Chance<\/title>\n<meta name=\"description\" content=\"La cr\u00e8me glac\u00e9e au th\u00e9 vert de Maison Chance n&#039;est pas qu&#039;un simple dessert d\u00e9licieux, mais aussi une combinaison parfaite entre nature et savoir-faire raffin\u00e9, offrant une exp\u00e9rience gustative totalement diff\u00e9rente\" \/>\n<meta name=\"robots\" content=\"index, follow, max-snippet:-1, max-image-preview:large, max-video-preview:-1\" \/>\n<link rel=\"canonical\" href=\"https:\/\/maison-chance.org\/shop\/fr\/produit\/creme-glacee-au-the-vert\" \/>\n<meta property=\"og:locale\" content=\"fr_FR\" \/>\n<meta property=\"og:type\" content=\"article\" \/>\n<meta property=\"og:title\" content=\"Cr\u00e8me glac\u00e9e au th\u00e9 vert\" \/>\n<meta property=\"og:description\" content=\"La cr\u00e8me glac\u00e9e au th\u00e9 vert de Maison Chance n&#039;est pas qu&#039;un simple dessert d\u00e9licieux, mais aussi une combinaison parfaite entre nature et savoir-faire raffin\u00e9, offrant une exp\u00e9rience gustative totalement diff\u00e9rente\" \/>\n<meta property=\"og:url\" content=\"https:\/\/maison-chance.org\/shop\/fr\/produit\/creme-glacee-au-the-vert\" \/>\n<meta property=\"og:site_name\" content=\"Nh\u00e0 May M\u1eafn - Maison Chance\" \/>\n<meta property=\"article:publisher\" content=\"https:\/\/www.facebook.com\/dnxh.nhamayman\/\" \/>\n<meta property=\"og:image\" content=\"https:\/\/maison-chance.org\/shop\/wp-content\/uploads\/2024\/04\/kem-matcha-tra-xanh.jpg\" \/>\n\t<meta property=\"og:image:width\" content=\"1000\" \/>\n\t<meta property=\"og:image:height\" content=\"1000\" \/>\n\t<meta property=\"og:image:type\" content=\"image\/jpeg\" \/>\n<meta name=\"twitter:card\" content=\"summary_large_image\" \/>\n<meta name=\"twitter:label1\" content=\"Prix\" \/>\n\t<meta name=\"twitter:data1\" content=\"\" \/>\n\t<meta name=\"twitter:label2\" content=\"Disponibilit\u00e9\" \/>\n\t<meta name=\"twitter:data2\" content=\"En stock\" \/>\n<script type=\"application\/ld+json\" class=\"yoast-schema-graph\">{\"@context\":\"https:\/\/schema.org\",\"@graph\":[{\"@type\":\"WebPage\",\"@id\":\"https:\/\/maison-chance.org\/shop\/fr\/produit\/creme-glacee-au-the-vert\",\"url\":\"https:\/\/maison-chance.org\/shop\/fr\/produit\/creme-glacee-au-the-vert\",\"name\":\"Cr\u00e8me glac\u00e9e au th\u00e9 vert - Nh\u00e0 May M\u1eafn - Maison Chance\",\"isPartOf\":{\"@id\":\"https:\/\/maison-chance.org\/shop\/fr#website\"},\"primaryImageOfPage\":{\"@id\":\"https:\/\/maison-chance.org\/shop\/fr\/produit\/creme-glacee-au-the-vert#primaryimage\"},\"image\":{\"@id\":\"https:\/\/maison-chance.org\/shop\/fr\/produit\/creme-glacee-au-the-vert#primaryimage\"},\"thumbnailUrl\":\"https:\/\/maison-chance.org\/shop\/wp-content\/uploads\/2024\/04\/kem-matcha-tra-xanh.jpg\",\"datePublished\":\"2024-11-12T02:00:27+00:00\",\"description\":\"La cr\u00e8me glac\u00e9e au th\u00e9 vert de Maison Chance n'est pas qu'un simple dessert d\u00e9licieux, mais aussi une combinaison parfaite entre nature et savoir-faire raffin\u00e9, offrant une exp\u00e9rience gustative totalement diff\u00e9rente\",\"breadcrumb\":{\"@id\":\"https:\/\/maison-chance.org\/shop\/fr\/produit\/creme-glacee-au-the-vert#breadcrumb\"},\"inLanguage\":\"fr-FR\",\"potentialAction\":[{\"@type\":\"ReadAction\",\"target\":[\"https:\/\/maison-chance.org\/shop\/fr\/produit\/creme-glacee-au-the-vert\"]}]},{\"@type\":\"ImageObject\",\"inLanguage\":\"fr-FR\",\"@id\":\"https:\/\/maison-chance.org\/shop\/fr\/produit\/creme-glacee-au-the-vert#primaryimage\",\"url\":\"https:\/\/maison-chance.org\/shop\/wp-content\/uploads\/2024\/04\/kem-matcha-tra-xanh.jpg\",\"contentUrl\":\"https:\/\/maison-chance.org\/shop\/wp-content\/uploads\/2024\/04\/kem-matcha-tra-xanh.jpg\",\"width\":1000,\"height\":1000,\"caption\":\"Cr\u00e8me glac\u00e9e au th\u00e9 vert\"},{\"@type\":\"BreadcrumbList\",\"@id\":\"https:\/\/maison-chance.org\/shop\/fr\/produit\/creme-glacee-au-the-vert#breadcrumb\",\"itemListElement\":[{\"@type\":\"ListItem\",\"position\":1,\"name\":\"Trang ch\u1ee7\",\"item\":\"https:\/\/maison-chance.org\/shop\/fr\"},{\"@type\":\"ListItem\",\"position\":2,\"name\":\"Boutique\",\"item\":\"https:\/\/maison-chance.org\/shop\/shop\"},{\"@type\":\"ListItem\",\"position\":3,\"name\":\"Cr\u00e8me glac\u00e9e au th\u00e9 vert\"}]},{\"@type\":\"WebSite\",\"@id\":\"https:\/\/maison-chance.org\/shop\/fr#website\",\"url\":\"https:\/\/maison-chance.org\/shop\/fr\",\"name\":\"Nh\u00e0 May M\u1eafn - Maison Chance\",\"description\":\"M\u1ecdi l\u1ee3i nhu\u1eadn thu v\u1ec1 t\u1eeb vi\u1ec7c b\u00e1n h\u00e0ng s\u1ebd tr\u00edch m\u1ed9t ph\u1ea7n \u0111\u1ec3 ch\u0103m lo cho \u0111\u1eddi s\u1ed1ng c\u00e1c b\u1ea1n khuy\u1ebft t\u1eadt v\u00e0 tr\u1ebb m\u1ed3 c\u00f4i \u1edf \u0111\u00e2y\",\"publisher\":{\"@id\":\"https:\/\/maison-chance.org\/shop\/fr#organization\"},\"potentialAction\":[{\"@type\":\"SearchAction\",\"target\":{\"@type\":\"EntryPoint\",\"urlTemplate\":\"https:\/\/maison-chance.org\/shop\/fr?s={search_term_string}\"},\"query-input\":{\"@type\":\"PropertyValueSpecification\",\"valueRequired\":true,\"valueName\":\"search_term_string\"}}],\"inLanguage\":\"fr-FR\"},{\"@type\":\"Organization\",\"@id\":\"https:\/\/maison-chance.org\/shop\/fr#organization\",\"name\":\"Nh\u00e0 May M\u1eafn - Maison Chance\",\"url\":\"https:\/\/maison-chance.org\/shop\/fr\",\"logo\":{\"@type\":\"ImageObject\",\"inLanguage\":\"fr-FR\",\"@id\":\"https:\/\/maison-chance.org\/shop\/fr#\/schema\/logo\/image\/\",\"url\":\"https:\/\/maison-chance.org\/shop\/wp-content\/uploads\/2024\/03\/cropped-Logo_DNXH.png\",\"contentUrl\":\"https:\/\/maison-chance.org\/shop\/wp-content\/uploads\/2024\/03\/cropped-Logo_DNXH.png\",\"width\":512,\"height\":512,\"caption\":\"Nh\u00e0 May M\u1eafn - Maison Chance\"},\"image\":{\"@id\":\"https:\/\/maison-chance.org\/shop\/fr#\/schema\/logo\/image\/\"},\"sameAs\":[\"https:\/\/www.facebook.com\/dnxh.nhamayman\/\"]}]}<\/script>\n<meta property=\"product:price:amount\" content=\"0.00\" \/>\n<meta property=\"product:price:currency\" content=\"EUR\" \/>\n<meta property=\"og:availability\" content=\"instock\" \/>\n<meta property=\"product:availability\" content=\"instock\" \/>\n<meta property=\"product:condition\" content=\"new\" \/>\n<!-- \/ Yoast SEO Premium plugin. -->","yoast_head_json":{"title":"Cr\u00e8me glac\u00e9e au th\u00e9 vert - Nh\u00e0 May M\u1eafn - Maison Chance","description":"La cr\u00e8me glac\u00e9e au th\u00e9 vert de Maison Chance n'est pas qu'un simple dessert d\u00e9licieux, mais aussi une combinaison parfaite entre nature et savoir-faire raffin\u00e9, offrant une exp\u00e9rience gustative totalement diff\u00e9rente","robots":{"index":"index","follow":"follow","max-snippet":"max-snippet:-1","max-image-preview":"max-image-preview:large","max-video-preview":"max-video-preview:-1"},"canonical":"https:\/\/maison-chance.org\/shop\/fr\/produit\/creme-glacee-au-the-vert","og_locale":"fr_FR","og_type":"article","og_title":"Cr\u00e8me glac\u00e9e au th\u00e9 vert","og_description":"La cr\u00e8me glac\u00e9e au th\u00e9 vert de Maison Chance n'est pas qu'un simple dessert d\u00e9licieux, mais aussi une combinaison parfaite entre nature et savoir-faire raffin\u00e9, offrant une exp\u00e9rience gustative totalement diff\u00e9rente","og_url":"https:\/\/maison-chance.org\/shop\/fr\/produit\/creme-glacee-au-the-vert","og_site_name":"Nh\u00e0 May M\u1eafn - Maison Chance","article_publisher":"https:\/\/www.facebook.com\/dnxh.nhamayman\/","og_image":[{"width":1000,"height":1000,"url":"https:\/\/maison-chance.org\/shop\/wp-content\/uploads\/2024\/04\/kem-matcha-tra-xanh.jpg","type":"image\/jpeg"}],"twitter_card":"summary_large_image","twitter_misc":{"Prix":"","Disponibilit\u00e9":"En stock"},"schema":{"@context":"https:\/\/schema.org","@graph":[{"@type":"WebPage","@id":"https:\/\/maison-chance.org\/shop\/fr\/produit\/creme-glacee-au-the-vert","url":"https:\/\/maison-chance.org\/shop\/fr\/produit\/creme-glacee-au-the-vert","name":"Cr\u00e8me glac\u00e9e au th\u00e9 vert - Nh\u00e0 May M\u1eafn - Maison Chance","isPartOf":{"@id":"https:\/\/maison-chance.org\/shop\/fr#website"},"primaryImageOfPage":{"@id":"https:\/\/maison-chance.org\/shop\/fr\/produit\/creme-glacee-au-the-vert#primaryimage"},"image":{"@id":"https:\/\/maison-chance.org\/shop\/fr\/produit\/creme-glacee-au-the-vert#primaryimage"},"thumbnailUrl":"https:\/\/maison-chance.org\/shop\/wp-content\/uploads\/2024\/04\/kem-matcha-tra-xanh.jpg","datePublished":"2024-11-12T02:00:27+00:00","description":"La cr\u00e8me glac\u00e9e au th\u00e9 vert de Maison Chance n'est pas qu'un simple dessert d\u00e9licieux, mais aussi une combinaison parfaite entre nature et savoir-faire raffin\u00e9, offrant une exp\u00e9rience gustative totalement diff\u00e9rente","breadcrumb":{"@id":"https:\/\/maison-chance.org\/shop\/fr\/produit\/creme-glacee-au-the-vert#breadcrumb"},"inLanguage":"fr-FR","potentialAction":[{"@type":"ReadAction","target":["https:\/\/maison-chance.org\/shop\/fr\/produit\/creme-glacee-au-the-vert"]}]},{"@type":"ImageObject","inLanguage":"fr-FR","@id":"https:\/\/maison-chance.org\/shop\/fr\/produit\/creme-glacee-au-the-vert#primaryimage","url":"https:\/\/maison-chance.org\/shop\/wp-content\/uploads\/2024\/04\/kem-matcha-tra-xanh.jpg","contentUrl":"https:\/\/maison-chance.org\/shop\/wp-content\/uploads\/2024\/04\/kem-matcha-tra-xanh.jpg","width":1000,"height":1000,"caption":"Cr\u00e8me glac\u00e9e au th\u00e9 vert"},{"@type":"BreadcrumbList","@id":"https:\/\/maison-chance.org\/shop\/fr\/produit\/creme-glacee-au-the-vert#breadcrumb","itemListElement":[{"@type":"ListItem","position":1,"name":"Trang ch\u1ee7","item":"https:\/\/maison-chance.org\/shop\/fr"},{"@type":"ListItem","position":2,"name":"Boutique","item":"https:\/\/maison-chance.org\/shop\/shop"},{"@type":"ListItem","position":3,"name":"Cr\u00e8me glac\u00e9e au th\u00e9 vert"}]},{"@type":"WebSite","@id":"https:\/\/maison-chance.org\/shop\/fr#website","url":"https:\/\/maison-chance.org\/shop\/fr","name":"Nh\u00e0 May M\u1eafn - Maison Chance","description":"M\u1ecdi l\u1ee3i nhu\u1eadn thu v\u1ec1 t\u1eeb vi\u1ec7c b\u00e1n h\u00e0ng s\u1ebd tr\u00edch m\u1ed9t ph\u1ea7n \u0111\u1ec3 ch\u0103m lo cho \u0111\u1eddi s\u1ed1ng c\u00e1c b\u1ea1n khuy\u1ebft t\u1eadt v\u00e0 tr\u1ebb m\u1ed3 c\u00f4i \u1edf \u0111\u00e2y","publisher":{"@id":"https:\/\/maison-chance.org\/shop\/fr#organization"},"potentialAction":[{"@type":"SearchAction","target":{"@type":"EntryPoint","urlTemplate":"https:\/\/maison-chance.org\/shop\/fr?s={search_term_string}"},"query-input":{"@type":"PropertyValueSpecification","valueRequired":true,"valueName":"search_term_string"}}],"inLanguage":"fr-FR"},{"@type":"Organization","@id":"https:\/\/maison-chance.org\/shop\/fr#organization","name":"Nh\u00e0 May M\u1eafn - Maison Chance","url":"https:\/\/maison-chance.org\/shop\/fr","logo":{"@type":"ImageObject","inLanguage":"fr-FR","@id":"https:\/\/maison-chance.org\/shop\/fr#\/schema\/logo\/image\/","url":"https:\/\/maison-chance.org\/shop\/wp-content\/uploads\/2024\/03\/cropped-Logo_DNXH.png","contentUrl":"https:\/\/maison-chance.org\/shop\/wp-content\/uploads\/2024\/03\/cropped-Logo_DNXH.png","width":512,"height":512,"caption":"Nh\u00e0 May M\u1eafn - Maison Chance"},"image":{"@id":"https:\/\/maison-chance.org\/shop\/fr#\/schema\/logo\/image\/"},"sameAs":["https:\/\/www.facebook.com\/dnxh.nhamayman\/"]}]},"product_price_amount":"0.00","product_price_currency":"EUR","og_availability":"instock","product_availability":"instock","product_condition":"new"},"_links":{"self":[{"href":"https:\/\/maison-chance.org\/shop\/fr\/wp-json\/wp\/v2\/product\/41132","targetHints":{"allow":["GET"]}}],"collection":[{"href":"https:\/\/maison-chance.org\/shop\/fr\/wp-json\/wp\/v2\/product"}],"about":[{"href":"https:\/\/maison-chance.org\/shop\/fr\/wp-json\/wp\/v2\/types\/product"}],"wp:featuredmedia":[{"embeddable":true,"href":"https:\/\/maison-chance.org\/shop\/fr\/wp-json\/wp\/v2\/media\/38156"}],"wp:attachment":[{"href":"https:\/\/maison-chance.org\/shop\/fr\/wp-json\/wp\/v2\/media?parent=41132"}],"wp:term":[{"taxonomy":"product_brand","embeddable":true,"href":"https:\/\/maison-chance.org\/shop\/fr\/wp-json\/wp\/v2\/product_brand?post=41132"},{"taxonomy":"product_cat","embeddable":true,"href":"https:\/\/maison-chance.org\/shop\/fr\/wp-json\/wp\/v2\/product_cat?post=41132"},{"taxonomy":"product_tag","embeddable":true,"href":"https:\/\/maison-chance.org\/shop\/fr\/wp-json\/wp\/v2\/product_tag?post=41132"}],"curies":[{"name":"wp","href":"https:\/\/api.w.org\/{rel}","templated":true}]}}