{"id":41194,"date":"2024-11-21T10:00:50","date_gmt":"2024-11-21T03:00:50","guid":{"rendered":"https:\/\/maison-chance.org\/shop\/san-pham\/creme-glacee-a-la-fraise"},"modified":"2024-11-21T10:00:50","modified_gmt":"2024-11-21T03:00:50","slug":"creme-glacee-a-la-fraise","status":"publish","type":"product","link":"https:\/\/maison-chance.org\/shop\/fr\/produit\/creme-glacee-a-la-fraise","title":{"rendered":"Cr\u00e8me glac\u00e9e \u00e0 la fraise"},"content":{"rendered":"<p style=\"text-align: justify;\">La cr\u00e8me glac\u00e9e \u00e0 la fraise de Maison Chance est l&rsquo;un des produits phares de la marque, se distinguant par une s\u00e9lection raffin\u00e9e d&rsquo;ingr\u00e9dients et un processus de fabrication expert. Offrant une saveur douce et rafra\u00eechissante, cette cr\u00e8me glac\u00e9e \u00e0 la fraise promet d\u2019\u00eatre le dessert id\u00e9al pour toutes les familles. Non seulement d\u00e9licieuse, mais elle refl\u00e8te \u00e9galement la passion dans chaque \u00e9tape de sa pr\u00e9paration, assurant la satisfaction de chaque client.<\/p>\n<p style=\"text-align: justify;\">La cr\u00e8me glac\u00e9e Maison Chance est fabriqu\u00e9e \u00e0 partir d&rsquo;ingr\u00e9dients frais et de qualit\u00e9, y compris de la cr\u00e8me fouett\u00e9e, du lait frais non sucr\u00e9, de la base San Marco, de l&rsquo;Integra Latte et des fraises fra\u00eeches. L&rsquo;association parfaite de ces ingr\u00e9dients permet \u00e0 la cr\u00e8me glac\u00e9e d&rsquo;avoir une texture lisse et cr\u00e9meuse, tout en offrant une saveur naturelle et l\u00e9g\u00e8rement sucr\u00e9e de fraises fra\u00eeches, offrant une exp\u00e9rience sensorielle compl\u00e8te.<\/p>\n<p style=\"text-align: justify;\">Lorsque vous la d\u00e9gustez, vous ressentirez imm\u00e9diatement la fusion entre la douceur l\u00e9g\u00e8re de la cr\u00e8me fouett\u00e9e et la fra\u00eecheur des fraises. La cr\u00e8me glac\u00e9e n\u2019est pas trop sucr\u00e9e, elle offre une douceur naturelle et l\u00e9g\u00e8re, agr\u00e9able \u00e0 d\u00e9guster sans \u00eatre \u00e9c\u0153urante. Le lait frais non sucr\u00e9 \u00e9quilibre la richesse, cr\u00e9ant une harmonie parfaite entre la douceur des fruits et la cr\u00e9meuse de la cr\u00e8me glac\u00e9e. De plus, cette cr\u00e8me glac\u00e9e a une texture lisse qui fond instantan\u00e9ment dans la bouche, contrairement aux autres types de cr\u00e8mes glac\u00e9es qui peuvent \u00eatre dures ou glac\u00e9es.<\/p>\n<p style=\"text-align: justify;\">Avec des ingr\u00e9dients soigneusement s\u00e9lectionn\u00e9s, en particulier des fraises fra\u00eeches, la cr\u00e8me glac\u00e9e \u00e0 la fraise Maison Chance garantit non seulement la qualit\u00e9, mais conserve \u00e9galement la saveur naturelle du fruit. Les fraises fra\u00eeches apportent une couleur rose douce et sont riches en vitamines, offrant des bienfaits pour la sant\u00e9. Cela rend la cr\u00e8me glac\u00e9e encore plus attrayante et un excellent choix pour ceux qui aiment les desserts savoureux tout en restant nutritionnels.<\/p>\n<p style=\"text-align: justify;\">Chaque bo\u00eete de cr\u00e8me glac\u00e9e offre une friandise d\u00e9licieuse et nutritive, parfaite pour les r\u00e9unions entre amis ou en famille, ou comme dessert apr\u00e8s un repas. Elle ne contient pas de sucres artificiels, ce qui aide \u00e0 r\u00e9duire la douceur excessive et la rend encore plus agr\u00e9able \u00e0 d\u00e9guster.<\/p>\n<p style=\"text-align: justify;\">Appr\u00e9ci\u00e9e de nombreux clients, la cr\u00e8me glac\u00e9e \u00e0 la fraise Maison Chance est non seulement d\u00e9licieuse, mais elle satisfait \u00e9galement les clients les plus exigeants. Ils ressentiront la diff\u00e9rence dans chaque cuill\u00e8re, avec la douceur d\u00e9licate des fraises fra\u00eeches combin\u00e9e \u00e0 la texture parfaite de la cr\u00e8me glac\u00e9e. Ce dessert est un incontournable pour ceux qui recherchent quelque chose de l\u00e9ger et rafra\u00eechissant.<\/p>\n<p style=\"text-align: justify;\">La cr\u00e8me glac\u00e9e \u00e0 la fraise de Maison Chance n&rsquo;est pas seulement un d\u00e9lice, mais aussi une occasion d&rsquo;aider la communaut\u00e9. En achetant ce produit, vous ne vous r\u00e9galez pas seulement avec de la cr\u00e8me glac\u00e9e de qualit\u00e9, mais vous soutenez \u00e9galement les personnes handicap\u00e9es et les jeunes en difficult\u00e9. Chaque bo\u00eete de cr\u00e8me glac\u00e9e contribue au d\u00e9veloppement de la communaut\u00e9, les aidant \u00e0 surmonter les d\u00e9fis de la vie.<\/p>\n","protected":false},"excerpt":{"rendered":"<p style=\"text-align: justify;\">Cette cr\u00e8me glac\u00e9e est fabriqu\u00e9e par des jeunes orphelins soutenus actuellement par Maison Chance. Nous vous remercions de votre soutien !<\/p>\n<p style=\"text-align: justify;\">Petite bo\u00eete (300g): <span style=\"font-size: 115%; color: #ed1c24;\"><strong>79.000 VND<\/strong><\/span><\/p>\n<p style=\"text-align: justify;\">Grande bo\u00eete (500g): <span style=\"font-size: 115%; color: #ed1c24;\"><strong>99.000 VND<\/strong><\/span><\/p>\n<p style=\"text-align: justify;\">Hotline : <span style=\"font-size: 115%; color: #ed1c24;\"><strong>090 906 2528<\/strong><\/span><\/p>\n","protected":false},"featured_media":38007,"template":"","meta":[],"product_brand":[],"product_cat":[210,228],"product_tag":[],"class_list":{"0":"post-41194","1":"product","2":"type-product","3":"status-publish","4":"has-post-thumbnail","6":"product_cat-boulangerie","7":"product_cat-creme-boulangerie","9":"first","10":"instock","11":"shipping-taxable","12":"product-type-simple"},"yoast_head":"<!-- This site is optimized with the Yoast SEO Premium plugin v22.7 (Yoast SEO v25.3.1) - https:\/\/yoast.com\/wordpress\/plugins\/seo\/ -->\n<title>Cr\u00e8me glac\u00e9e \u00e0 la fraise - Nh\u00e0 May M\u1eafn - Maison Chance<\/title>\n<meta name=\"description\" content=\"La cr\u00e8me glac\u00e9e \u00e0 la fraise de Maison Chance est l&#039;un des produits phares de la marque, se distinguant par une s\u00e9lection raffin\u00e9e d&#039;ingr\u00e9dients et un processus de fabrication expert.\" \/>\n<meta name=\"robots\" content=\"index, follow, max-snippet:-1, max-image-preview:large, max-video-preview:-1\" \/>\n<link rel=\"canonical\" href=\"https:\/\/maison-chance.org\/shop\/fr\/produit\/creme-glacee-a-la-fraise\" \/>\n<meta property=\"og:locale\" content=\"fr_FR\" \/>\n<meta property=\"og:type\" content=\"article\" \/>\n<meta property=\"og:title\" content=\"Cr\u00e8me glac\u00e9e \u00e0 la fraise\" \/>\n<meta property=\"og:description\" content=\"La cr\u00e8me glac\u00e9e \u00e0 la fraise de Maison Chance est l&#039;un des produits phares de la marque, se distinguant par une s\u00e9lection raffin\u00e9e d&#039;ingr\u00e9dients et un processus de fabrication expert.\" \/>\n<meta property=\"og:url\" content=\"https:\/\/maison-chance.org\/shop\/fr\/produit\/creme-glacee-a-la-fraise\" \/>\n<meta property=\"og:site_name\" content=\"Nh\u00e0 May M\u1eafn - Maison Chance\" \/>\n<meta property=\"article:publisher\" content=\"https:\/\/www.facebook.com\/dnxh.nhamayman\/\" \/>\n<meta property=\"og:image\" content=\"https:\/\/maison-chance.org\/shop\/wp-content\/uploads\/2024\/04\/kem-dau-1.jpg\" \/>\n\t<meta property=\"og:image:width\" content=\"1000\" \/>\n\t<meta property=\"og:image:height\" content=\"1000\" \/>\n\t<meta property=\"og:image:type\" content=\"image\/jpeg\" \/>\n<meta name=\"twitter:card\" content=\"summary_large_image\" \/>\n<meta name=\"twitter:label1\" content=\"Prix\" \/>\n\t<meta name=\"twitter:data1\" content=\"\" \/>\n\t<meta name=\"twitter:label2\" content=\"Disponibilit\u00e9\" \/>\n\t<meta name=\"twitter:data2\" content=\"En stock\" \/>\n<script type=\"application\/ld+json\" class=\"yoast-schema-graph\">{\"@context\":\"https:\/\/schema.org\",\"@graph\":[{\"@type\":\"WebPage\",\"@id\":\"https:\/\/maison-chance.org\/shop\/fr\/produit\/creme-glacee-a-la-fraise\",\"url\":\"https:\/\/maison-chance.org\/shop\/fr\/produit\/creme-glacee-a-la-fraise\",\"name\":\"Cr\u00e8me glac\u00e9e \u00e0 la fraise - Nh\u00e0 May M\u1eafn - Maison Chance\",\"isPartOf\":{\"@id\":\"https:\/\/maison-chance.org\/shop\/fr#website\"},\"primaryImageOfPage\":{\"@id\":\"https:\/\/maison-chance.org\/shop\/fr\/produit\/creme-glacee-a-la-fraise#primaryimage\"},\"image\":{\"@id\":\"https:\/\/maison-chance.org\/shop\/fr\/produit\/creme-glacee-a-la-fraise#primaryimage\"},\"thumbnailUrl\":\"https:\/\/maison-chance.org\/shop\/wp-content\/uploads\/2024\/04\/kem-dau-1.jpg\",\"datePublished\":\"2024-11-21T03:00:50+00:00\",\"description\":\"La cr\u00e8me glac\u00e9e \u00e0 la fraise de Maison Chance est l'un des produits phares de la marque, se distinguant par une s\u00e9lection raffin\u00e9e d'ingr\u00e9dients et un processus de fabrication expert.\",\"breadcrumb\":{\"@id\":\"https:\/\/maison-chance.org\/shop\/fr\/produit\/creme-glacee-a-la-fraise#breadcrumb\"},\"inLanguage\":\"fr-FR\",\"potentialAction\":[{\"@type\":\"ReadAction\",\"target\":[\"https:\/\/maison-chance.org\/shop\/fr\/produit\/creme-glacee-a-la-fraise\"]}]},{\"@type\":\"ImageObject\",\"inLanguage\":\"fr-FR\",\"@id\":\"https:\/\/maison-chance.org\/shop\/fr\/produit\/creme-glacee-a-la-fraise#primaryimage\",\"url\":\"https:\/\/maison-chance.org\/shop\/wp-content\/uploads\/2024\/04\/kem-dau-1.jpg\",\"contentUrl\":\"https:\/\/maison-chance.org\/shop\/wp-content\/uploads\/2024\/04\/kem-dau-1.jpg\",\"width\":1000,\"height\":1000,\"caption\":\"Cr\u00e8me glac\u00e9e \u00e0 la fraise\"},{\"@type\":\"BreadcrumbList\",\"@id\":\"https:\/\/maison-chance.org\/shop\/fr\/produit\/creme-glacee-a-la-fraise#breadcrumb\",\"itemListElement\":[{\"@type\":\"ListItem\",\"position\":1,\"name\":\"Trang ch\u1ee7\",\"item\":\"https:\/\/maison-chance.org\/shop\/fr\"},{\"@type\":\"ListItem\",\"position\":2,\"name\":\"Boutique\",\"item\":\"https:\/\/maison-chance.org\/shop\/shop\"},{\"@type\":\"ListItem\",\"position\":3,\"name\":\"Cr\u00e8me glac\u00e9e \u00e0 la fraise\"}]},{\"@type\":\"WebSite\",\"@id\":\"https:\/\/maison-chance.org\/shop\/fr#website\",\"url\":\"https:\/\/maison-chance.org\/shop\/fr\",\"name\":\"Nh\u00e0 May M\u1eafn - Maison Chance\",\"description\":\"M\u1ecdi l\u1ee3i nhu\u1eadn thu v\u1ec1 t\u1eeb vi\u1ec7c b\u00e1n h\u00e0ng s\u1ebd tr\u00edch m\u1ed9t ph\u1ea7n \u0111\u1ec3 ch\u0103m lo cho \u0111\u1eddi s\u1ed1ng c\u00e1c b\u1ea1n khuy\u1ebft t\u1eadt v\u00e0 tr\u1ebb m\u1ed3 c\u00f4i \u1edf \u0111\u00e2y\",\"publisher\":{\"@id\":\"https:\/\/maison-chance.org\/shop\/fr#organization\"},\"potentialAction\":[{\"@type\":\"SearchAction\",\"target\":{\"@type\":\"EntryPoint\",\"urlTemplate\":\"https:\/\/maison-chance.org\/shop\/fr?s={search_term_string}\"},\"query-input\":{\"@type\":\"PropertyValueSpecification\",\"valueRequired\":true,\"valueName\":\"search_term_string\"}}],\"inLanguage\":\"fr-FR\"},{\"@type\":\"Organization\",\"@id\":\"https:\/\/maison-chance.org\/shop\/fr#organization\",\"name\":\"Nh\u00e0 May M\u1eafn - Maison Chance\",\"url\":\"https:\/\/maison-chance.org\/shop\/fr\",\"logo\":{\"@type\":\"ImageObject\",\"inLanguage\":\"fr-FR\",\"@id\":\"https:\/\/maison-chance.org\/shop\/fr#\/schema\/logo\/image\/\",\"url\":\"https:\/\/maison-chance.org\/shop\/wp-content\/uploads\/2024\/03\/cropped-Logo_DNXH.png\",\"contentUrl\":\"https:\/\/maison-chance.org\/shop\/wp-content\/uploads\/2024\/03\/cropped-Logo_DNXH.png\",\"width\":512,\"height\":512,\"caption\":\"Nh\u00e0 May M\u1eafn - Maison Chance\"},\"image\":{\"@id\":\"https:\/\/maison-chance.org\/shop\/fr#\/schema\/logo\/image\/\"},\"sameAs\":[\"https:\/\/www.facebook.com\/dnxh.nhamayman\/\"]}]}<\/script>\n<meta property=\"product:price:amount\" content=\"0.00\" \/>\n<meta property=\"product:price:currency\" content=\"EUR\" \/>\n<meta property=\"og:availability\" content=\"instock\" \/>\n<meta property=\"product:availability\" content=\"instock\" \/>\n<meta property=\"product:condition\" content=\"new\" \/>\n<!-- \/ Yoast SEO Premium plugin. -->","yoast_head_json":{"title":"Cr\u00e8me glac\u00e9e \u00e0 la fraise - Nh\u00e0 May M\u1eafn - Maison Chance","description":"La cr\u00e8me glac\u00e9e \u00e0 la fraise de Maison Chance est l'un des produits phares de la marque, se distinguant par une s\u00e9lection raffin\u00e9e d'ingr\u00e9dients et un processus de fabrication expert.","robots":{"index":"index","follow":"follow","max-snippet":"max-snippet:-1","max-image-preview":"max-image-preview:large","max-video-preview":"max-video-preview:-1"},"canonical":"https:\/\/maison-chance.org\/shop\/fr\/produit\/creme-glacee-a-la-fraise","og_locale":"fr_FR","og_type":"article","og_title":"Cr\u00e8me glac\u00e9e \u00e0 la fraise","og_description":"La cr\u00e8me glac\u00e9e \u00e0 la fraise de Maison Chance est l'un des produits phares de la marque, se distinguant par une s\u00e9lection raffin\u00e9e d'ingr\u00e9dients et un processus de fabrication expert.","og_url":"https:\/\/maison-chance.org\/shop\/fr\/produit\/creme-glacee-a-la-fraise","og_site_name":"Nh\u00e0 May M\u1eafn - Maison Chance","article_publisher":"https:\/\/www.facebook.com\/dnxh.nhamayman\/","og_image":[{"width":1000,"height":1000,"url":"https:\/\/maison-chance.org\/shop\/wp-content\/uploads\/2024\/04\/kem-dau-1.jpg","type":"image\/jpeg"}],"twitter_card":"summary_large_image","twitter_misc":{"Prix":"","Disponibilit\u00e9":"En stock"},"schema":{"@context":"https:\/\/schema.org","@graph":[{"@type":"WebPage","@id":"https:\/\/maison-chance.org\/shop\/fr\/produit\/creme-glacee-a-la-fraise","url":"https:\/\/maison-chance.org\/shop\/fr\/produit\/creme-glacee-a-la-fraise","name":"Cr\u00e8me glac\u00e9e \u00e0 la fraise - Nh\u00e0 May M\u1eafn - Maison Chance","isPartOf":{"@id":"https:\/\/maison-chance.org\/shop\/fr#website"},"primaryImageOfPage":{"@id":"https:\/\/maison-chance.org\/shop\/fr\/produit\/creme-glacee-a-la-fraise#primaryimage"},"image":{"@id":"https:\/\/maison-chance.org\/shop\/fr\/produit\/creme-glacee-a-la-fraise#primaryimage"},"thumbnailUrl":"https:\/\/maison-chance.org\/shop\/wp-content\/uploads\/2024\/04\/kem-dau-1.jpg","datePublished":"2024-11-21T03:00:50+00:00","description":"La cr\u00e8me glac\u00e9e \u00e0 la fraise de Maison Chance est l'un des produits phares de la marque, se distinguant par une s\u00e9lection raffin\u00e9e d'ingr\u00e9dients et un processus de fabrication expert.","breadcrumb":{"@id":"https:\/\/maison-chance.org\/shop\/fr\/produit\/creme-glacee-a-la-fraise#breadcrumb"},"inLanguage":"fr-FR","potentialAction":[{"@type":"ReadAction","target":["https:\/\/maison-chance.org\/shop\/fr\/produit\/creme-glacee-a-la-fraise"]}]},{"@type":"ImageObject","inLanguage":"fr-FR","@id":"https:\/\/maison-chance.org\/shop\/fr\/produit\/creme-glacee-a-la-fraise#primaryimage","url":"https:\/\/maison-chance.org\/shop\/wp-content\/uploads\/2024\/04\/kem-dau-1.jpg","contentUrl":"https:\/\/maison-chance.org\/shop\/wp-content\/uploads\/2024\/04\/kem-dau-1.jpg","width":1000,"height":1000,"caption":"Cr\u00e8me glac\u00e9e \u00e0 la fraise"},{"@type":"BreadcrumbList","@id":"https:\/\/maison-chance.org\/shop\/fr\/produit\/creme-glacee-a-la-fraise#breadcrumb","itemListElement":[{"@type":"ListItem","position":1,"name":"Trang ch\u1ee7","item":"https:\/\/maison-chance.org\/shop\/fr"},{"@type":"ListItem","position":2,"name":"Boutique","item":"https:\/\/maison-chance.org\/shop\/shop"},{"@type":"ListItem","position":3,"name":"Cr\u00e8me glac\u00e9e \u00e0 la fraise"}]},{"@type":"WebSite","@id":"https:\/\/maison-chance.org\/shop\/fr#website","url":"https:\/\/maison-chance.org\/shop\/fr","name":"Nh\u00e0 May M\u1eafn - Maison Chance","description":"M\u1ecdi l\u1ee3i nhu\u1eadn thu v\u1ec1 t\u1eeb vi\u1ec7c b\u00e1n h\u00e0ng s\u1ebd tr\u00edch m\u1ed9t ph\u1ea7n \u0111\u1ec3 ch\u0103m lo cho \u0111\u1eddi s\u1ed1ng c\u00e1c b\u1ea1n khuy\u1ebft t\u1eadt v\u00e0 tr\u1ebb m\u1ed3 c\u00f4i \u1edf \u0111\u00e2y","publisher":{"@id":"https:\/\/maison-chance.org\/shop\/fr#organization"},"potentialAction":[{"@type":"SearchAction","target":{"@type":"EntryPoint","urlTemplate":"https:\/\/maison-chance.org\/shop\/fr?s={search_term_string}"},"query-input":{"@type":"PropertyValueSpecification","valueRequired":true,"valueName":"search_term_string"}}],"inLanguage":"fr-FR"},{"@type":"Organization","@id":"https:\/\/maison-chance.org\/shop\/fr#organization","name":"Nh\u00e0 May M\u1eafn - Maison Chance","url":"https:\/\/maison-chance.org\/shop\/fr","logo":{"@type":"ImageObject","inLanguage":"fr-FR","@id":"https:\/\/maison-chance.org\/shop\/fr#\/schema\/logo\/image\/","url":"https:\/\/maison-chance.org\/shop\/wp-content\/uploads\/2024\/03\/cropped-Logo_DNXH.png","contentUrl":"https:\/\/maison-chance.org\/shop\/wp-content\/uploads\/2024\/03\/cropped-Logo_DNXH.png","width":512,"height":512,"caption":"Nh\u00e0 May M\u1eafn - Maison Chance"},"image":{"@id":"https:\/\/maison-chance.org\/shop\/fr#\/schema\/logo\/image\/"},"sameAs":["https:\/\/www.facebook.com\/dnxh.nhamayman\/"]}]},"product_price_amount":"0.00","product_price_currency":"EUR","og_availability":"instock","product_availability":"instock","product_condition":"new"},"_links":{"self":[{"href":"https:\/\/maison-chance.org\/shop\/fr\/wp-json\/wp\/v2\/product\/41194","targetHints":{"allow":["GET"]}}],"collection":[{"href":"https:\/\/maison-chance.org\/shop\/fr\/wp-json\/wp\/v2\/product"}],"about":[{"href":"https:\/\/maison-chance.org\/shop\/fr\/wp-json\/wp\/v2\/types\/product"}],"wp:featuredmedia":[{"embeddable":true,"href":"https:\/\/maison-chance.org\/shop\/fr\/wp-json\/wp\/v2\/media\/38007"}],"wp:attachment":[{"href":"https:\/\/maison-chance.org\/shop\/fr\/wp-json\/wp\/v2\/media?parent=41194"}],"wp:term":[{"taxonomy":"product_brand","embeddable":true,"href":"https:\/\/maison-chance.org\/shop\/fr\/wp-json\/wp\/v2\/product_brand?post=41194"},{"taxonomy":"product_cat","embeddable":true,"href":"https:\/\/maison-chance.org\/shop\/fr\/wp-json\/wp\/v2\/product_cat?post=41194"},{"taxonomy":"product_tag","embeddable":true,"href":"https:\/\/maison-chance.org\/shop\/fr\/wp-json\/wp\/v2\/product_tag?post=41194"}],"curies":[{"name":"wp","href":"https:\/\/api.w.org\/{rel}","templated":true}]}}