{"id":41213,"date":"2024-11-26T11:08:14","date_gmt":"2024-11-26T04:08:14","guid":{"rendered":"https:\/\/maison-chance.org\/shop\/san-pham\/biscuits-au-beurre"},"modified":"2024-11-26T11:08:14","modified_gmt":"2024-11-26T04:08:14","slug":"biscuits-au-beurre","status":"publish","type":"product","link":"https:\/\/maison-chance.org\/shop\/fr\/produit\/biscuits-au-beurre","title":{"rendered":"Biscuits au beurre"},"content":{"rendered":"<p style=\"text-align: justify;\">Biscuits au beurre conqui\u00e8rent toujours l&rsquo;affection des amateurs de cuisine gr\u00e2ce \u00e0 leur saveur d\u00e9licieuse, riche et leur texture croustillante caract\u00e9ristique. Les biscuits au beurre de Maison Chance offrent non seulement une exp\u00e9rience gustative incroyable, mais r\u00e9pandent aussi la chaleur et la passion dans chaque biscuit. Ce n&rsquo;est pas simplement un produit, mais un cadeau plein de sens pour vous et vos proches.<\/p>\n<p style=\"text-align: justify;\">Les biscuits au beurre de <a href=\"https:\/\/maison-chance.org\/shop\">Maison Chance<\/a> sont faits d&rsquo;ingr\u00e9dients naturels soigneusement s\u00e9lectionn\u00e9s pour garantir la plus haute qualit\u00e9.<\/p>\n<p style=\"text-align: justify;\">Ces biscuits parfum\u00e9s et croustillants sont compos\u00e9s de :<\/p>\n<p style=\"text-align: justify;\">&#8211; Farine de bl\u00e9 : L&rsquo;ingr\u00e9dient principal qui cr\u00e9e la croustillance caract\u00e9ristique des biscuits.<\/p>\n<p style=\"text-align: justify;\">&#8211; Beurre : Un beurre de premi\u00e8re qualit\u00e9 qui apporte un ar\u00f4me riche, intense et irr\u00e9sistible.<\/p>\n<p style=\"text-align: justify;\">&#8211; Lait : Am\u00e9liore la douceur de la saveur, aidant les biscuits \u00e0 fondre d\u00e9licatement d\u00e8s qu&rsquo;ils touchent la langue.<\/p>\n<p style=\"text-align: justify;\">&#8211; \u0152ufs : Jouent un r\u00f4le de liaison et cr\u00e9ent une texture l\u00e9g\u00e8re et a\u00e9rienne, rendant chaque biscuit moelleux et harmonieux.<\/p>\n<p style=\"text-align: justify;\">&#8211; Sucre : Une douceur parfaitement \u00e9quilibr\u00e9e qui n&rsquo;est pas trop forte, ce qui en fait un choix parfait pour tous les \u00e2ges, des enfants aux personnes \u00e2g\u00e9es.<\/p>\n<p style=\"text-align: justify;\">La combinaison parfaite de ces ingr\u00e9dients cr\u00e9e des p\u00e2tisseries sucr\u00e9es qui sont non seulement d\u00e9licieuses mais aussi saines et s\u00fbres.<\/p>\n<p style=\"text-align: justify;\">En les d\u00e9gustant, vous ressentirez une l\u00e9g\u00e8re croustillance sur la langue, suivie d&rsquo;un m\u00e9lange riche et sucr\u00e9 qui cr\u00e9e un arri\u00e8re-go\u00fbt d\u00e9licat et inoubliable. Une tasse de th\u00e9 chaud ou un verre de lait seront une combinaison merveilleuse, rendant votre exp\u00e9rience culinaire encore plus compl\u00e8te.<\/p>\n<p style=\"text-align: justify;\">Plus qu&rsquo;une simple collation, ces biscuits au beurre apportent une sensation chaleureuse et intime, comme si vous d\u00e9gustiez un cadeau venu du c\u0153ur.<\/p>\n<p style=\"text-align: justify;\">Laissez les biscuits au beurre de Maison Chance faire partie de vos rassemblements, en r\u00e9pandant non seulement une saveur sucr\u00e9e mais aussi en transmettant un message d&rsquo;amour \u00e0 ceux que vous ch\u00e9rissez.<\/p>\n","protected":false},"excerpt":{"rendered":"<p style=\"text-align: justify;\">Les produits de p\u00e2tisserie sucr\u00e9e sont fabriqu\u00e9s par de jeunes orphelins actuellement pris en charge par Maison Chance. Nous vous demandons gentiment votre soutien !<\/p>\n<p style=\"text-align: justify;\">Le prix pour 1 kg de biscuits est de 350 000 VND<\/p>\n<p>Ligne directe : <span style=\"font-size: 20px;\"><strong><span style=\"color: #ff0000;\">0909 06 25 28<\/span><\/strong><\/span><\/p>\n","protected":false},"featured_media":41209,"template":"","meta":[],"product_brand":[],"product_cat":[210,219],"product_tag":[],"class_list":{"0":"post-41213","1":"product","2":"type-product","3":"status-publish","4":"has-post-thumbnail","6":"product_cat-boulangerie","7":"product_cat-viennoiseries-patisseries","9":"first","10":"instock","11":"shipping-taxable","12":"product-type-simple"},"yoast_head":"<!-- This site is optimized with the Yoast SEO Premium plugin v22.7 (Yoast SEO v25.3.1) - https:\/\/yoast.com\/wordpress\/plugins\/seo\/ -->\n<title>Biscuits au beurre - Nh\u00e0 May M\u1eafn - Maison Chance<\/title>\n<meta name=\"description\" content=\"Les biscuits au beurre conqui\u00e8rent toujours l&#039;affection des amateurs de cuisine gr\u00e2ce \u00e0 leur saveur d\u00e9licieuse, riche et leur texture croustillante caract\u00e9ristique. Biscuits au beurre de Maison Chance - une saveur croustillante et riche issue du beurre naturel\" \/>\n<meta name=\"robots\" content=\"index, follow, max-snippet:-1, max-image-preview:large, max-video-preview:-1\" \/>\n<link rel=\"canonical\" href=\"https:\/\/maison-chance.org\/shop\/fr\/produit\/biscuits-au-beurre\" \/>\n<meta property=\"og:locale\" content=\"fr_FR\" \/>\n<meta property=\"og:type\" content=\"article\" \/>\n<meta property=\"og:title\" content=\"Biscuits au beurre\" \/>\n<meta property=\"og:description\" content=\"Les biscuits au beurre conqui\u00e8rent toujours l&#039;affection des amateurs de cuisine gr\u00e2ce \u00e0 leur saveur d\u00e9licieuse, riche et leur texture croustillante caract\u00e9ristique. Biscuits au beurre de Maison Chance - une saveur croustillante et riche issue du beurre naturel\" \/>\n<meta property=\"og:url\" content=\"https:\/\/maison-chance.org\/shop\/fr\/produit\/biscuits-au-beurre\" \/>\n<meta property=\"og:site_name\" content=\"Nh\u00e0 May M\u1eafn - Maison Chance\" \/>\n<meta property=\"article:publisher\" content=\"https:\/\/www.facebook.com\/dnxh.nhamayman\/\" \/>\n<meta property=\"og:image\" content=\"https:\/\/maison-chance.org\/shop\/wp-content\/uploads\/2024\/11\/banh-quy-bo.png\" \/>\n\t<meta property=\"og:image:width\" content=\"600\" \/>\n\t<meta property=\"og:image:height\" content=\"600\" \/>\n\t<meta property=\"og:image:type\" content=\"image\/png\" \/>\n<meta name=\"twitter:card\" content=\"summary_large_image\" \/>\n<meta name=\"twitter:label1\" content=\"Prix\" \/>\n\t<meta name=\"twitter:data1\" content=\"\" \/>\n\t<meta name=\"twitter:label2\" content=\"Disponibilit\u00e9\" \/>\n\t<meta name=\"twitter:data2\" content=\"En stock\" \/>\n<script type=\"application\/ld+json\" class=\"yoast-schema-graph\">{\"@context\":\"https:\/\/schema.org\",\"@graph\":[{\"@type\":\"WebPage\",\"@id\":\"https:\/\/maison-chance.org\/shop\/fr\/produit\/biscuits-au-beurre\",\"url\":\"https:\/\/maison-chance.org\/shop\/fr\/produit\/biscuits-au-beurre\",\"name\":\"Biscuits au beurre - Nh\u00e0 May M\u1eafn - Maison Chance\",\"isPartOf\":{\"@id\":\"https:\/\/maison-chance.org\/shop\/fr#website\"},\"primaryImageOfPage\":{\"@id\":\"https:\/\/maison-chance.org\/shop\/fr\/produit\/biscuits-au-beurre#primaryimage\"},\"image\":{\"@id\":\"https:\/\/maison-chance.org\/shop\/fr\/produit\/biscuits-au-beurre#primaryimage\"},\"thumbnailUrl\":\"https:\/\/maison-chance.org\/shop\/wp-content\/uploads\/2024\/11\/banh-quy-bo.png\",\"datePublished\":\"2024-11-26T04:08:14+00:00\",\"description\":\"Les biscuits au beurre conqui\u00e8rent toujours l'affection des amateurs de cuisine gr\u00e2ce \u00e0 leur saveur d\u00e9licieuse, riche et leur texture croustillante caract\u00e9ristique. Biscuits au beurre de Maison Chance - une saveur croustillante et riche issue du beurre naturel\",\"breadcrumb\":{\"@id\":\"https:\/\/maison-chance.org\/shop\/fr\/produit\/biscuits-au-beurre#breadcrumb\"},\"inLanguage\":\"fr-FR\",\"potentialAction\":[{\"@type\":\"ReadAction\",\"target\":[\"https:\/\/maison-chance.org\/shop\/fr\/produit\/biscuits-au-beurre\"]}]},{\"@type\":\"ImageObject\",\"inLanguage\":\"fr-FR\",\"@id\":\"https:\/\/maison-chance.org\/shop\/fr\/produit\/biscuits-au-beurre#primaryimage\",\"url\":\"https:\/\/maison-chance.org\/shop\/wp-content\/uploads\/2024\/11\/banh-quy-bo.png\",\"contentUrl\":\"https:\/\/maison-chance.org\/shop\/wp-content\/uploads\/2024\/11\/banh-quy-bo.png\",\"width\":600,\"height\":600,\"caption\":\"Biscuits au beurre\"},{\"@type\":\"BreadcrumbList\",\"@id\":\"https:\/\/maison-chance.org\/shop\/fr\/produit\/biscuits-au-beurre#breadcrumb\",\"itemListElement\":[{\"@type\":\"ListItem\",\"position\":1,\"name\":\"Trang ch\u1ee7\",\"item\":\"https:\/\/maison-chance.org\/shop\/fr\"},{\"@type\":\"ListItem\",\"position\":2,\"name\":\"Boutique\",\"item\":\"https:\/\/maison-chance.org\/shop\/shop\"},{\"@type\":\"ListItem\",\"position\":3,\"name\":\"Biscuits au beurre\"}]},{\"@type\":\"WebSite\",\"@id\":\"https:\/\/maison-chance.org\/shop\/fr#website\",\"url\":\"https:\/\/maison-chance.org\/shop\/fr\",\"name\":\"Nh\u00e0 May M\u1eafn - Maison Chance\",\"description\":\"M\u1ecdi l\u1ee3i nhu\u1eadn thu v\u1ec1 t\u1eeb vi\u1ec7c b\u00e1n h\u00e0ng s\u1ebd tr\u00edch m\u1ed9t ph\u1ea7n \u0111\u1ec3 ch\u0103m lo cho \u0111\u1eddi s\u1ed1ng c\u00e1c b\u1ea1n khuy\u1ebft t\u1eadt v\u00e0 tr\u1ebb m\u1ed3 c\u00f4i \u1edf \u0111\u00e2y\",\"publisher\":{\"@id\":\"https:\/\/maison-chance.org\/shop\/fr#organization\"},\"potentialAction\":[{\"@type\":\"SearchAction\",\"target\":{\"@type\":\"EntryPoint\",\"urlTemplate\":\"https:\/\/maison-chance.org\/shop\/fr?s={search_term_string}\"},\"query-input\":{\"@type\":\"PropertyValueSpecification\",\"valueRequired\":true,\"valueName\":\"search_term_string\"}}],\"inLanguage\":\"fr-FR\"},{\"@type\":\"Organization\",\"@id\":\"https:\/\/maison-chance.org\/shop\/fr#organization\",\"name\":\"Nh\u00e0 May M\u1eafn - Maison Chance\",\"url\":\"https:\/\/maison-chance.org\/shop\/fr\",\"logo\":{\"@type\":\"ImageObject\",\"inLanguage\":\"fr-FR\",\"@id\":\"https:\/\/maison-chance.org\/shop\/fr#\/schema\/logo\/image\/\",\"url\":\"https:\/\/maison-chance.org\/shop\/wp-content\/uploads\/2024\/03\/cropped-Logo_DNXH.png\",\"contentUrl\":\"https:\/\/maison-chance.org\/shop\/wp-content\/uploads\/2024\/03\/cropped-Logo_DNXH.png\",\"width\":512,\"height\":512,\"caption\":\"Nh\u00e0 May M\u1eafn - Maison Chance\"},\"image\":{\"@id\":\"https:\/\/maison-chance.org\/shop\/fr#\/schema\/logo\/image\/\"},\"sameAs\":[\"https:\/\/www.facebook.com\/dnxh.nhamayman\/\"]}]}<\/script>\n<meta property=\"product:price:amount\" content=\"0.00\" \/>\n<meta property=\"product:price:currency\" content=\"EUR\" \/>\n<meta property=\"og:availability\" content=\"instock\" \/>\n<meta property=\"product:availability\" content=\"instock\" \/>\n<meta property=\"product:condition\" content=\"new\" \/>\n<!-- \/ Yoast SEO Premium plugin. -->","yoast_head_json":{"title":"Biscuits au beurre - Nh\u00e0 May M\u1eafn - Maison Chance","description":"Les biscuits au beurre conqui\u00e8rent toujours l'affection des amateurs de cuisine gr\u00e2ce \u00e0 leur saveur d\u00e9licieuse, riche et leur texture croustillante caract\u00e9ristique. Biscuits au beurre de Maison Chance - une saveur croustillante et riche issue du beurre naturel","robots":{"index":"index","follow":"follow","max-snippet":"max-snippet:-1","max-image-preview":"max-image-preview:large","max-video-preview":"max-video-preview:-1"},"canonical":"https:\/\/maison-chance.org\/shop\/fr\/produit\/biscuits-au-beurre","og_locale":"fr_FR","og_type":"article","og_title":"Biscuits au beurre","og_description":"Les biscuits au beurre conqui\u00e8rent toujours l'affection des amateurs de cuisine gr\u00e2ce \u00e0 leur saveur d\u00e9licieuse, riche et leur texture croustillante caract\u00e9ristique. Biscuits au beurre de Maison Chance - une saveur croustillante et riche issue du beurre naturel","og_url":"https:\/\/maison-chance.org\/shop\/fr\/produit\/biscuits-au-beurre","og_site_name":"Nh\u00e0 May M\u1eafn - Maison Chance","article_publisher":"https:\/\/www.facebook.com\/dnxh.nhamayman\/","og_image":[{"width":600,"height":600,"url":"https:\/\/maison-chance.org\/shop\/wp-content\/uploads\/2024\/11\/banh-quy-bo.png","type":"image\/png"}],"twitter_card":"summary_large_image","twitter_misc":{"Prix":"","Disponibilit\u00e9":"En stock"},"schema":{"@context":"https:\/\/schema.org","@graph":[{"@type":"WebPage","@id":"https:\/\/maison-chance.org\/shop\/fr\/produit\/biscuits-au-beurre","url":"https:\/\/maison-chance.org\/shop\/fr\/produit\/biscuits-au-beurre","name":"Biscuits au beurre - Nh\u00e0 May M\u1eafn - Maison Chance","isPartOf":{"@id":"https:\/\/maison-chance.org\/shop\/fr#website"},"primaryImageOfPage":{"@id":"https:\/\/maison-chance.org\/shop\/fr\/produit\/biscuits-au-beurre#primaryimage"},"image":{"@id":"https:\/\/maison-chance.org\/shop\/fr\/produit\/biscuits-au-beurre#primaryimage"},"thumbnailUrl":"https:\/\/maison-chance.org\/shop\/wp-content\/uploads\/2024\/11\/banh-quy-bo.png","datePublished":"2024-11-26T04:08:14+00:00","description":"Les biscuits au beurre conqui\u00e8rent toujours l'affection des amateurs de cuisine gr\u00e2ce \u00e0 leur saveur d\u00e9licieuse, riche et leur texture croustillante caract\u00e9ristique. Biscuits au beurre de Maison Chance - une saveur croustillante et riche issue du beurre naturel","breadcrumb":{"@id":"https:\/\/maison-chance.org\/shop\/fr\/produit\/biscuits-au-beurre#breadcrumb"},"inLanguage":"fr-FR","potentialAction":[{"@type":"ReadAction","target":["https:\/\/maison-chance.org\/shop\/fr\/produit\/biscuits-au-beurre"]}]},{"@type":"ImageObject","inLanguage":"fr-FR","@id":"https:\/\/maison-chance.org\/shop\/fr\/produit\/biscuits-au-beurre#primaryimage","url":"https:\/\/maison-chance.org\/shop\/wp-content\/uploads\/2024\/11\/banh-quy-bo.png","contentUrl":"https:\/\/maison-chance.org\/shop\/wp-content\/uploads\/2024\/11\/banh-quy-bo.png","width":600,"height":600,"caption":"Biscuits au beurre"},{"@type":"BreadcrumbList","@id":"https:\/\/maison-chance.org\/shop\/fr\/produit\/biscuits-au-beurre#breadcrumb","itemListElement":[{"@type":"ListItem","position":1,"name":"Trang ch\u1ee7","item":"https:\/\/maison-chance.org\/shop\/fr"},{"@type":"ListItem","position":2,"name":"Boutique","item":"https:\/\/maison-chance.org\/shop\/shop"},{"@type":"ListItem","position":3,"name":"Biscuits au beurre"}]},{"@type":"WebSite","@id":"https:\/\/maison-chance.org\/shop\/fr#website","url":"https:\/\/maison-chance.org\/shop\/fr","name":"Nh\u00e0 May M\u1eafn - Maison Chance","description":"M\u1ecdi l\u1ee3i nhu\u1eadn thu v\u1ec1 t\u1eeb vi\u1ec7c b\u00e1n h\u00e0ng s\u1ebd tr\u00edch m\u1ed9t ph\u1ea7n \u0111\u1ec3 ch\u0103m lo cho \u0111\u1eddi s\u1ed1ng c\u00e1c b\u1ea1n khuy\u1ebft t\u1eadt v\u00e0 tr\u1ebb m\u1ed3 c\u00f4i \u1edf \u0111\u00e2y","publisher":{"@id":"https:\/\/maison-chance.org\/shop\/fr#organization"},"potentialAction":[{"@type":"SearchAction","target":{"@type":"EntryPoint","urlTemplate":"https:\/\/maison-chance.org\/shop\/fr?s={search_term_string}"},"query-input":{"@type":"PropertyValueSpecification","valueRequired":true,"valueName":"search_term_string"}}],"inLanguage":"fr-FR"},{"@type":"Organization","@id":"https:\/\/maison-chance.org\/shop\/fr#organization","name":"Nh\u00e0 May M\u1eafn - Maison Chance","url":"https:\/\/maison-chance.org\/shop\/fr","logo":{"@type":"ImageObject","inLanguage":"fr-FR","@id":"https:\/\/maison-chance.org\/shop\/fr#\/schema\/logo\/image\/","url":"https:\/\/maison-chance.org\/shop\/wp-content\/uploads\/2024\/03\/cropped-Logo_DNXH.png","contentUrl":"https:\/\/maison-chance.org\/shop\/wp-content\/uploads\/2024\/03\/cropped-Logo_DNXH.png","width":512,"height":512,"caption":"Nh\u00e0 May M\u1eafn - Maison Chance"},"image":{"@id":"https:\/\/maison-chance.org\/shop\/fr#\/schema\/logo\/image\/"},"sameAs":["https:\/\/www.facebook.com\/dnxh.nhamayman\/"]}]},"product_price_amount":"0.00","product_price_currency":"EUR","og_availability":"instock","product_availability":"instock","product_condition":"new"},"_links":{"self":[{"href":"https:\/\/maison-chance.org\/shop\/fr\/wp-json\/wp\/v2\/product\/41213","targetHints":{"allow":["GET"]}}],"collection":[{"href":"https:\/\/maison-chance.org\/shop\/fr\/wp-json\/wp\/v2\/product"}],"about":[{"href":"https:\/\/maison-chance.org\/shop\/fr\/wp-json\/wp\/v2\/types\/product"}],"wp:featuredmedia":[{"embeddable":true,"href":"https:\/\/maison-chance.org\/shop\/fr\/wp-json\/wp\/v2\/media\/41209"}],"wp:attachment":[{"href":"https:\/\/maison-chance.org\/shop\/fr\/wp-json\/wp\/v2\/media?parent=41213"}],"wp:term":[{"taxonomy":"product_brand","embeddable":true,"href":"https:\/\/maison-chance.org\/shop\/fr\/wp-json\/wp\/v2\/product_brand?post=41213"},{"taxonomy":"product_cat","embeddable":true,"href":"https:\/\/maison-chance.org\/shop\/fr\/wp-json\/wp\/v2\/product_cat?post=41213"},{"taxonomy":"product_tag","embeddable":true,"href":"https:\/\/maison-chance.org\/shop\/fr\/wp-json\/wp\/v2\/product_tag?post=41213"}],"curies":[{"name":"wp","href":"https:\/\/api.w.org\/{rel}","templated":true}]}}