{"id":41271,"date":"2024-11-27T10:08:50","date_gmt":"2024-11-27T03:08:50","guid":{"rendered":"https:\/\/maison-chance.org\/shop\/san-pham\/langues-de-chat-au-matcha"},"modified":"2024-11-27T10:08:50","modified_gmt":"2024-11-27T03:08:50","slug":"langues-de-chat-au-matcha","status":"publish","type":"product","link":"https:\/\/maison-chance.org\/shop\/fr\/produit\/langues-de-chat-au-matcha","title":{"rendered":"Langues de chat au matcha"},"content":{"rendered":"<p style=\"text-align: justify;\">Dans le monde riche des p\u00e2tisseries, les biscuits langue de chat au th\u00e9 vert occupent toujours une place sp\u00e9ciale gr\u00e2ce \u00e0 leur combinaison d\u00e9licate de saveurs traditionnelles et de cr\u00e9ativit\u00e9 unique. Aujourd&rsquo;hui, nous allons explorer une version sp\u00e9ciale de biscuits langue de chat de Maison Chance, o\u00f9 ces biscuits ne sont pas seulement une collation mais une histoire de passion et de d\u00e9vouement.<\/p>\n<p style=\"text-align: justify;\">Les p\u00e2tisseries sucr\u00e9es de Maison Chance s\u00e9duisent les clients d\u00e8s le premier regard avec leur couleur verte attrayante, d\u00e9licatement orn\u00e9e de tranches d&rsquo;amandes ivoire. Mais ce qui distingue vraiment ce biscuit r\u00e9side dans la qualit\u00e9 des ingr\u00e9dients et le processus de pr\u00e9paration m\u00e9ticuleux.<\/p>\n<p style=\"text-align: justify;\">Ingr\u00e9dients de premier choix, saveur raffin\u00e9e : Chaque biscuit est un m\u00e9lange parfait de farine de premi\u00e8re qualit\u00e9, de blancs d&rsquo;\u0153ufs frais, de sucre de canne pur, de beurre parfum\u00e9 et de lait frais. En particulier, l&rsquo;ajout de poudre de th\u00e9 vert de haute qualit\u00e9 apporte un ar\u00f4me rafra\u00eechissant, une l\u00e9g\u00e8re amertume caract\u00e9ristique du th\u00e9 vert, qui \u00e9quilibre parfaitement la douceur riche des autres ingr\u00e9dients. Les tranches d&rsquo;amandes croustillantes parsem\u00e9es uniform\u00e9ment sur la surface non seulement am\u00e9liorent son attrait mais ajoutent \u00e9galement une saveur cr\u00e9meuse et beurr\u00e9e, cr\u00e9ant une symphonie gustative d\u00e9licieuse.<\/p>\n<p style=\"text-align: justify;\">Processus de pr\u00e9paration m\u00e9ticuleux, cr\u00e9ant une texture parfaite : Pour cr\u00e9er des biscuits langue de chat qui atteignent la perfection en termes de texture, les boulangers doivent passer par de nombreuses \u00e9tapes soigneuses et \u00e9labor\u00e9es. De la s\u00e9lection des ingr\u00e9dients, \u00e0 la mesure pr\u00e9cise des proportions, en passant par la technique de fouetter les blancs d&rsquo;\u0153ufs, de m\u00e9langer la p\u00e2te, de fa\u00e7onner et de cuire, tout exige du savoir-faire et de l&rsquo;exp\u00e9rience. Le r\u00e9sultat est des biscuits fins, l\u00e9gers, croustillants qui fondent instantan\u00e9ment sur la langue, offrant une exp\u00e9rience culinaire inoubliable.<\/p>\n<p style=\"text-align: justify;\">Les biscuits langue de chat au th\u00e9 vert de Maison Chance ne sont pas seulement une collation d\u00e9licieuse mais un cadeau significatif pour vos proches. Chaque biscuit est une cristallisation de passion, de d\u00e9vouement et d&rsquo;amour. En les d\u00e9gustant, vous ne go\u00fbtez pas seulement une saveur incroyable mais contribuez \u00e9galement \u00e0 r\u00e9pandre de bonnes valeurs dans la communaut\u00e9. Venez \u00e0 Maison Chance et exp\u00e9rimentez ce biscuit langue de chat au th\u00e9 vert unique ! Votre soutien sera un grand encouragement pour <a href=\"https:\/\/maison-chance.org\/shop\">Maison Chance<\/a> de continuer \u00e0 cr\u00e9er des produits de qualit\u00e9 et significatifs.<\/p>\n","protected":false},"excerpt":{"rendered":"<p style=\"text-align: justify;\">Les produits de p\u00e2tisserie sucr\u00e9e sont fabriqu\u00e9s par de jeunes orphelins actuellement pris en charge par Maison Chance. Nous vous prions de bien vouloir nous soutenir !<\/p>\n<p>Hotline : <span style=\"font-size: 20px;\"><strong><span style=\"color: #ff0000;\">0909 06 25 28<\/span><\/strong><\/span><\/p>\n","protected":false},"featured_media":41267,"template":"","meta":[],"product_brand":[],"product_cat":[210,219],"product_tag":[],"class_list":{"0":"post-41271","1":"product","2":"type-product","3":"status-publish","4":"has-post-thumbnail","6":"product_cat-boulangerie","7":"product_cat-viennoiseries-patisseries","9":"first","10":"instock","11":"shipping-taxable","12":"purchasable","13":"product-type-simple"},"yoast_head":"<!-- This site is optimized with the Yoast SEO Premium plugin v22.7 (Yoast SEO v25.3.1) - https:\/\/yoast.com\/wordpress\/plugins\/seo\/ -->\n<title>Langues de chat au matcha - Nh\u00e0 May M\u1eafn - Maison Chance<\/title>\n<meta name=\"description\" content=\"Les biscuits langue de chat au th\u00e9 vert de Maison Chance ne sont pas seulement une collation d\u00e9licieuse mais un cadeau significatif pour vos proches. Chaque biscuit est une cristallisation de passion, de d\u00e9vouement et d&#039;amour.\" \/>\n<meta name=\"robots\" content=\"index, follow, max-snippet:-1, max-image-preview:large, max-video-preview:-1\" \/>\n<link rel=\"canonical\" href=\"https:\/\/maison-chance.org\/shop\/fr\/produit\/langues-de-chat-au-matcha\" \/>\n<meta property=\"og:locale\" content=\"fr_FR\" \/>\n<meta property=\"og:type\" content=\"article\" \/>\n<meta property=\"og:title\" content=\"Langues de chat au matcha\" \/>\n<meta property=\"og:description\" content=\"Les biscuits langue de chat au th\u00e9 vert de Maison Chance ne sont pas seulement une collation d\u00e9licieuse mais un cadeau significatif pour vos proches. Chaque biscuit est une cristallisation de passion, de d\u00e9vouement et d&#039;amour.\" \/>\n<meta property=\"og:url\" content=\"https:\/\/maison-chance.org\/shop\/fr\/produit\/langues-de-chat-au-matcha\" \/>\n<meta property=\"og:site_name\" content=\"Nh\u00e0 May M\u1eafn - Maison Chance\" \/>\n<meta property=\"article:publisher\" content=\"https:\/\/www.facebook.com\/dnxh.nhamayman\/\" \/>\n<meta property=\"og:image\" content=\"https:\/\/maison-chance.org\/shop\/wp-content\/uploads\/2024\/11\/banh-luoi-meo-tra-xanh.png\" \/>\n\t<meta property=\"og:image:width\" content=\"600\" \/>\n\t<meta property=\"og:image:height\" content=\"600\" \/>\n\t<meta property=\"og:image:type\" content=\"image\/png\" \/>\n<meta name=\"twitter:card\" content=\"summary_large_image\" \/>\n<meta name=\"twitter:label1\" content=\"Prix\" \/>\n\t<meta name=\"twitter:data1\" content=\"&euro;2.39\" \/>\n\t<meta name=\"twitter:label2\" content=\"Disponibilit\u00e9\" \/>\n\t<meta name=\"twitter:data2\" content=\"En stock\" \/>\n<script type=\"application\/ld+json\" class=\"yoast-schema-graph\">{\"@context\":\"https:\/\/schema.org\",\"@graph\":[{\"@type\":\"WebPage\",\"@id\":\"https:\/\/maison-chance.org\/shop\/fr\/produit\/langues-de-chat-au-matcha\",\"url\":\"https:\/\/maison-chance.org\/shop\/fr\/produit\/langues-de-chat-au-matcha\",\"name\":\"Langues de chat au matcha - Nh\u00e0 May M\u1eafn - Maison Chance\",\"isPartOf\":{\"@id\":\"https:\/\/maison-chance.org\/shop\/fr#website\"},\"primaryImageOfPage\":{\"@id\":\"https:\/\/maison-chance.org\/shop\/fr\/produit\/langues-de-chat-au-matcha#primaryimage\"},\"image\":{\"@id\":\"https:\/\/maison-chance.org\/shop\/fr\/produit\/langues-de-chat-au-matcha#primaryimage\"},\"thumbnailUrl\":\"https:\/\/maison-chance.org\/shop\/wp-content\/uploads\/2024\/11\/banh-luoi-meo-tra-xanh.png\",\"datePublished\":\"2024-11-27T03:08:50+00:00\",\"description\":\"Les biscuits langue de chat au th\u00e9 vert de Maison Chance ne sont pas seulement une collation d\u00e9licieuse mais un cadeau significatif pour vos proches. Chaque biscuit est une cristallisation de passion, de d\u00e9vouement et d'amour.\",\"breadcrumb\":{\"@id\":\"https:\/\/maison-chance.org\/shop\/fr\/produit\/langues-de-chat-au-matcha#breadcrumb\"},\"inLanguage\":\"fr-FR\",\"potentialAction\":[{\"@type\":\"ReadAction\",\"target\":[\"https:\/\/maison-chance.org\/shop\/fr\/produit\/langues-de-chat-au-matcha\"]}]},{\"@type\":\"ImageObject\",\"inLanguage\":\"fr-FR\",\"@id\":\"https:\/\/maison-chance.org\/shop\/fr\/produit\/langues-de-chat-au-matcha#primaryimage\",\"url\":\"https:\/\/maison-chance.org\/shop\/wp-content\/uploads\/2024\/11\/banh-luoi-meo-tra-xanh.png\",\"contentUrl\":\"https:\/\/maison-chance.org\/shop\/wp-content\/uploads\/2024\/11\/banh-luoi-meo-tra-xanh.png\",\"width\":600,\"height\":600,\"caption\":\"Langues de chat au matcha\"},{\"@type\":\"BreadcrumbList\",\"@id\":\"https:\/\/maison-chance.org\/shop\/fr\/produit\/langues-de-chat-au-matcha#breadcrumb\",\"itemListElement\":[{\"@type\":\"ListItem\",\"position\":1,\"name\":\"Trang ch\u1ee7\",\"item\":\"https:\/\/maison-chance.org\/shop\/fr\"},{\"@type\":\"ListItem\",\"position\":2,\"name\":\"Boutique\",\"item\":\"https:\/\/maison-chance.org\/shop\/shop\"},{\"@type\":\"ListItem\",\"position\":3,\"name\":\"Langues de chat au matcha\"}]},{\"@type\":\"WebSite\",\"@id\":\"https:\/\/maison-chance.org\/shop\/fr#website\",\"url\":\"https:\/\/maison-chance.org\/shop\/fr\",\"name\":\"Nh\u00e0 May M\u1eafn - Maison Chance\",\"description\":\"M\u1ecdi l\u1ee3i nhu\u1eadn thu v\u1ec1 t\u1eeb vi\u1ec7c b\u00e1n h\u00e0ng s\u1ebd tr\u00edch m\u1ed9t ph\u1ea7n \u0111\u1ec3 ch\u0103m lo cho \u0111\u1eddi s\u1ed1ng c\u00e1c b\u1ea1n khuy\u1ebft t\u1eadt v\u00e0 tr\u1ebb m\u1ed3 c\u00f4i \u1edf \u0111\u00e2y\",\"publisher\":{\"@id\":\"https:\/\/maison-chance.org\/shop\/fr#organization\"},\"potentialAction\":[{\"@type\":\"SearchAction\",\"target\":{\"@type\":\"EntryPoint\",\"urlTemplate\":\"https:\/\/maison-chance.org\/shop\/fr?s={search_term_string}\"},\"query-input\":{\"@type\":\"PropertyValueSpecification\",\"valueRequired\":true,\"valueName\":\"search_term_string\"}}],\"inLanguage\":\"fr-FR\"},{\"@type\":\"Organization\",\"@id\":\"https:\/\/maison-chance.org\/shop\/fr#organization\",\"name\":\"Nh\u00e0 May M\u1eafn - Maison Chance\",\"url\":\"https:\/\/maison-chance.org\/shop\/fr\",\"logo\":{\"@type\":\"ImageObject\",\"inLanguage\":\"fr-FR\",\"@id\":\"https:\/\/maison-chance.org\/shop\/fr#\/schema\/logo\/image\/\",\"url\":\"https:\/\/maison-chance.org\/shop\/wp-content\/uploads\/2024\/03\/cropped-Logo_DNXH.png\",\"contentUrl\":\"https:\/\/maison-chance.org\/shop\/wp-content\/uploads\/2024\/03\/cropped-Logo_DNXH.png\",\"width\":512,\"height\":512,\"caption\":\"Nh\u00e0 May M\u1eafn - Maison Chance\"},\"image\":{\"@id\":\"https:\/\/maison-chance.org\/shop\/fr#\/schema\/logo\/image\/\"},\"sameAs\":[\"https:\/\/www.facebook.com\/dnxh.nhamayman\/\"]}]}<\/script>\n<meta property=\"product:price:amount\" content=\"2.39\" \/>\n<meta property=\"product:price:currency\" content=\"EUR\" \/>\n<meta property=\"og:availability\" content=\"instock\" \/>\n<meta property=\"product:availability\" content=\"instock\" \/>\n<meta property=\"product:condition\" content=\"new\" \/>\n<!-- \/ Yoast SEO Premium plugin. -->","yoast_head_json":{"title":"Langues de chat au matcha - Nh\u00e0 May M\u1eafn - Maison Chance","description":"Les biscuits langue de chat au th\u00e9 vert de Maison Chance ne sont pas seulement une collation d\u00e9licieuse mais un cadeau significatif pour vos proches. Chaque biscuit est une cristallisation de passion, de d\u00e9vouement et d'amour.","robots":{"index":"index","follow":"follow","max-snippet":"max-snippet:-1","max-image-preview":"max-image-preview:large","max-video-preview":"max-video-preview:-1"},"canonical":"https:\/\/maison-chance.org\/shop\/fr\/produit\/langues-de-chat-au-matcha","og_locale":"fr_FR","og_type":"article","og_title":"Langues de chat au matcha","og_description":"Les biscuits langue de chat au th\u00e9 vert de Maison Chance ne sont pas seulement une collation d\u00e9licieuse mais un cadeau significatif pour vos proches. Chaque biscuit est une cristallisation de passion, de d\u00e9vouement et d'amour.","og_url":"https:\/\/maison-chance.org\/shop\/fr\/produit\/langues-de-chat-au-matcha","og_site_name":"Nh\u00e0 May M\u1eafn - Maison Chance","article_publisher":"https:\/\/www.facebook.com\/dnxh.nhamayman\/","og_image":[{"width":600,"height":600,"url":"https:\/\/maison-chance.org\/shop\/wp-content\/uploads\/2024\/11\/banh-luoi-meo-tra-xanh.png","type":"image\/png"}],"twitter_card":"summary_large_image","twitter_misc":{"Prix":"&euro;2.39","Disponibilit\u00e9":"En stock"},"schema":{"@context":"https:\/\/schema.org","@graph":[{"@type":"WebPage","@id":"https:\/\/maison-chance.org\/shop\/fr\/produit\/langues-de-chat-au-matcha","url":"https:\/\/maison-chance.org\/shop\/fr\/produit\/langues-de-chat-au-matcha","name":"Langues de chat au matcha - Nh\u00e0 May M\u1eafn - Maison Chance","isPartOf":{"@id":"https:\/\/maison-chance.org\/shop\/fr#website"},"primaryImageOfPage":{"@id":"https:\/\/maison-chance.org\/shop\/fr\/produit\/langues-de-chat-au-matcha#primaryimage"},"image":{"@id":"https:\/\/maison-chance.org\/shop\/fr\/produit\/langues-de-chat-au-matcha#primaryimage"},"thumbnailUrl":"https:\/\/maison-chance.org\/shop\/wp-content\/uploads\/2024\/11\/banh-luoi-meo-tra-xanh.png","datePublished":"2024-11-27T03:08:50+00:00","description":"Les biscuits langue de chat au th\u00e9 vert de Maison Chance ne sont pas seulement une collation d\u00e9licieuse mais un cadeau significatif pour vos proches. Chaque biscuit est une cristallisation de passion, de d\u00e9vouement et d'amour.","breadcrumb":{"@id":"https:\/\/maison-chance.org\/shop\/fr\/produit\/langues-de-chat-au-matcha#breadcrumb"},"inLanguage":"fr-FR","potentialAction":[{"@type":"ReadAction","target":["https:\/\/maison-chance.org\/shop\/fr\/produit\/langues-de-chat-au-matcha"]}]},{"@type":"ImageObject","inLanguage":"fr-FR","@id":"https:\/\/maison-chance.org\/shop\/fr\/produit\/langues-de-chat-au-matcha#primaryimage","url":"https:\/\/maison-chance.org\/shop\/wp-content\/uploads\/2024\/11\/banh-luoi-meo-tra-xanh.png","contentUrl":"https:\/\/maison-chance.org\/shop\/wp-content\/uploads\/2024\/11\/banh-luoi-meo-tra-xanh.png","width":600,"height":600,"caption":"Langues de chat au matcha"},{"@type":"BreadcrumbList","@id":"https:\/\/maison-chance.org\/shop\/fr\/produit\/langues-de-chat-au-matcha#breadcrumb","itemListElement":[{"@type":"ListItem","position":1,"name":"Trang ch\u1ee7","item":"https:\/\/maison-chance.org\/shop\/fr"},{"@type":"ListItem","position":2,"name":"Boutique","item":"https:\/\/maison-chance.org\/shop\/shop"},{"@type":"ListItem","position":3,"name":"Langues de chat au matcha"}]},{"@type":"WebSite","@id":"https:\/\/maison-chance.org\/shop\/fr#website","url":"https:\/\/maison-chance.org\/shop\/fr","name":"Nh\u00e0 May M\u1eafn - Maison Chance","description":"M\u1ecdi l\u1ee3i nhu\u1eadn thu v\u1ec1 t\u1eeb vi\u1ec7c b\u00e1n h\u00e0ng s\u1ebd tr\u00edch m\u1ed9t ph\u1ea7n \u0111\u1ec3 ch\u0103m lo cho \u0111\u1eddi s\u1ed1ng c\u00e1c b\u1ea1n khuy\u1ebft t\u1eadt v\u00e0 tr\u1ebb m\u1ed3 c\u00f4i \u1edf \u0111\u00e2y","publisher":{"@id":"https:\/\/maison-chance.org\/shop\/fr#organization"},"potentialAction":[{"@type":"SearchAction","target":{"@type":"EntryPoint","urlTemplate":"https:\/\/maison-chance.org\/shop\/fr?s={search_term_string}"},"query-input":{"@type":"PropertyValueSpecification","valueRequired":true,"valueName":"search_term_string"}}],"inLanguage":"fr-FR"},{"@type":"Organization","@id":"https:\/\/maison-chance.org\/shop\/fr#organization","name":"Nh\u00e0 May M\u1eafn - Maison Chance","url":"https:\/\/maison-chance.org\/shop\/fr","logo":{"@type":"ImageObject","inLanguage":"fr-FR","@id":"https:\/\/maison-chance.org\/shop\/fr#\/schema\/logo\/image\/","url":"https:\/\/maison-chance.org\/shop\/wp-content\/uploads\/2024\/03\/cropped-Logo_DNXH.png","contentUrl":"https:\/\/maison-chance.org\/shop\/wp-content\/uploads\/2024\/03\/cropped-Logo_DNXH.png","width":512,"height":512,"caption":"Nh\u00e0 May M\u1eafn - Maison Chance"},"image":{"@id":"https:\/\/maison-chance.org\/shop\/fr#\/schema\/logo\/image\/"},"sameAs":["https:\/\/www.facebook.com\/dnxh.nhamayman\/"]}]},"product_price_amount":"2.39","product_price_currency":"EUR","og_availability":"instock","product_availability":"instock","product_condition":"new"},"_links":{"self":[{"href":"https:\/\/maison-chance.org\/shop\/fr\/wp-json\/wp\/v2\/product\/41271","targetHints":{"allow":["GET"]}}],"collection":[{"href":"https:\/\/maison-chance.org\/shop\/fr\/wp-json\/wp\/v2\/product"}],"about":[{"href":"https:\/\/maison-chance.org\/shop\/fr\/wp-json\/wp\/v2\/types\/product"}],"wp:featuredmedia":[{"embeddable":true,"href":"https:\/\/maison-chance.org\/shop\/fr\/wp-json\/wp\/v2\/media\/41267"}],"wp:attachment":[{"href":"https:\/\/maison-chance.org\/shop\/fr\/wp-json\/wp\/v2\/media?parent=41271"}],"wp:term":[{"taxonomy":"product_brand","embeddable":true,"href":"https:\/\/maison-chance.org\/shop\/fr\/wp-json\/wp\/v2\/product_brand?post=41271"},{"taxonomy":"product_cat","embeddable":true,"href":"https:\/\/maison-chance.org\/shop\/fr\/wp-json\/wp\/v2\/product_cat?post=41271"},{"taxonomy":"product_tag","embeddable":true,"href":"https:\/\/maison-chance.org\/shop\/fr\/wp-json\/wp\/v2\/product_tag?post=41271"}],"curies":[{"name":"wp","href":"https:\/\/api.w.org\/{rel}","templated":true}]}}