{"id":41289,"date":"2024-11-27T14:16:39","date_gmt":"2024-11-27T07:16:39","guid":{"rendered":"https:\/\/maison-chance.org\/shop\/san-pham\/cookies-granola"},"modified":"2024-11-27T14:16:39","modified_gmt":"2024-11-27T07:16:39","slug":"cookies-granola","status":"publish","type":"product","link":"https:\/\/maison-chance.org\/shop\/fr\/produit\/cookies-granola","title":{"rendered":"Cookies granola"},"content":{"rendered":"<p style=\"text-align: justify;\">Maison Chance propose des barres de c\u00e9r\u00e9ales nutritives \u2013 une combinaison parfaite de saveur et de valeur nutritionnelle. Avec un soin m\u00e9ticuleux \u00e0 chaque \u00e9tape de la pr\u00e9paration, ce snack est non seulement un repas l\u00e9ger pratique mais aussi un cadeau sant\u00e9 pour tous les \u00e2ges.<\/p>\n<p style=\"text-align: justify;\">Qu&rsquo;est-ce qui rend les p\u00e2tisseries de <a href=\"https:\/\/maison-chance.org\/shop\">Maison Chance<\/a> si uniques et attrayantes ? Cela r\u00e9side dans les ingr\u00e9dients de haute qualit\u00e9, soigneusement s\u00e9lectionn\u00e9s pour cr\u00e9er un m\u00e9lange parfait :<\/p>\n<p style=\"text-align: justify;\">Amandes et noix de cajou : Ces noix sont non seulement croquantes mais aussi riches en graisses saines et en vitamine E, favorisant la sant\u00e9 cardiaque.<\/p>\n<p style=\"text-align: justify;\">Graines de tournesol et graines de s\u00e9same : Une riche source d&rsquo;antioxydants, elles ajoutent une saveur de noisette agr\u00e9able, irr\u00e9sistible pour les amateurs.<\/p>\n<p style=\"text-align: justify;\">Courgettes et raisins secs : La courgette apporte des fibres naturelles, tandis que les raisins secs ajoutent une douce touche sucr\u00e9e, \u00e9quilibrant saveurs et nutrition.<\/p>\n<p style=\"text-align: justify;\">Miel et blancs d&rsquo;\u0153ufs : Ces \u00e9l\u00e9ments sont le \u00ab\u00a0secret d&rsquo;or\u00a0\u00bb pour une coh\u00e9sion parfaite et une douceur l\u00e9g\u00e8re qui ne lasse pas.<\/p>\n<p style=\"text-align: justify;\">Vous serez conquis par le parfum envo\u00fbtant du miel m\u00eal\u00e9 \u00e0 la richesse douce des noix. Chaque bouch\u00e9e croquante offre une saveur de noisette, l\u00e9g\u00e8rement sucr\u00e9e, et incroyablement l\u00e9g\u00e8re. Ces barres sont id\u00e9ales pour un regain d&rsquo;\u00e9nergie \u00e0 mi-journ\u00e9e ou comme collation l\u00e9g\u00e8re \u00e0 tout moment.<\/p>\n<p style=\"text-align: justify;\">De plus, ces barres de c\u00e9r\u00e9ales nutritives constituent un cadeau significatif pour les proches lors d&rsquo;occasions sp\u00e9ciales.<\/p>\n<p style=\"text-align: justify;\">Chaque barre n&rsquo;est pas seulement un produit de haute qualit\u00e9, mais aussi un message de soin et d&rsquo;affection pour le destinataire.<\/p>\n<p style=\"text-align: justify;\">Laissez les barres de c\u00e9r\u00e9ales nutritives de Maison Chance vous accompagner dans votre qu\u00eate d&rsquo;une meilleure sant\u00e9. Un produit savoureux, sain, et fabriqu\u00e9 avec passion ne pourra que vous ravir.<\/p>\n","protected":false},"excerpt":{"rendered":"<p style=\"text-align: justify;\">Les p\u00e2tisseries sont fabriqu\u00e9es par de jeunes orphelins actuellement pris en charge par Maison Chance. Nous esp\u00e9rons sinc\u00e8rement votre soutien !<\/p>\n<p>Hotline : <span style=\"font-size: 20px;\"><strong><span style=\"color: #ff0000;\">0909 06 25 28<\/span><\/strong><\/span><\/p>\n","protected":false},"featured_media":41285,"template":"","meta":[],"product_brand":[],"product_cat":[210,219],"product_tag":[],"class_list":{"0":"post-41289","1":"product","2":"type-product","3":"status-publish","4":"has-post-thumbnail","6":"product_cat-boulangerie","7":"product_cat-viennoiseries-patisseries","9":"first","10":"instock","11":"shipping-taxable","12":"purchasable","13":"product-type-simple"},"yoast_head":"<!-- This site is optimized with the Yoast SEO Premium plugin v22.7 (Yoast SEO v25.3.1) - https:\/\/yoast.com\/wordpress\/plugins\/seo\/ -->\n<title>Cookies granola - Nh\u00e0 May M\u1eafn - Maison Chance<\/title>\n<meta name=\"description\" content=\"Laissez les barres de c\u00e9r\u00e9ales nutritives de Maison Chance vous accompagner dans votre qu\u00eate d&#039;une meilleure sant\u00e9. Un produit savoureux, sain, et fabriqu\u00e9 avec passion ne pourra que vous ravir.\" \/>\n<meta name=\"robots\" content=\"index, follow, max-snippet:-1, max-image-preview:large, max-video-preview:-1\" \/>\n<link rel=\"canonical\" href=\"https:\/\/maison-chance.org\/shop\/fr\/produit\/cookies-granola\" \/>\n<meta property=\"og:locale\" content=\"fr_FR\" \/>\n<meta property=\"og:type\" content=\"article\" \/>\n<meta property=\"og:title\" content=\"Cookies granola\" \/>\n<meta property=\"og:description\" content=\"Laissez les barres de c\u00e9r\u00e9ales nutritives de Maison Chance vous accompagner dans votre qu\u00eate d&#039;une meilleure sant\u00e9. Un produit savoureux, sain, et fabriqu\u00e9 avec passion ne pourra que vous ravir.\" \/>\n<meta property=\"og:url\" content=\"https:\/\/maison-chance.org\/shop\/fr\/produit\/cookies-granola\" \/>\n<meta property=\"og:site_name\" content=\"Nh\u00e0 May M\u1eafn - Maison Chance\" \/>\n<meta property=\"article:publisher\" content=\"https:\/\/www.facebook.com\/dnxh.nhamayman\/\" \/>\n<meta property=\"og:image\" content=\"https:\/\/maison-chance.org\/shop\/wp-content\/uploads\/2024\/11\/banh-ngu-coc-dinh-duong.png\" \/>\n\t<meta property=\"og:image:width\" content=\"600\" \/>\n\t<meta property=\"og:image:height\" content=\"600\" \/>\n\t<meta property=\"og:image:type\" content=\"image\/png\" \/>\n<meta name=\"twitter:card\" content=\"summary_large_image\" \/>\n<meta name=\"twitter:label1\" content=\"Prix\" \/>\n\t<meta name=\"twitter:data1\" content=\"&euro;2.67\" \/>\n\t<meta name=\"twitter:label2\" content=\"Disponibilit\u00e9\" \/>\n\t<meta name=\"twitter:data2\" content=\"En stock\" \/>\n<script type=\"application\/ld+json\" class=\"yoast-schema-graph\">{\"@context\":\"https:\/\/schema.org\",\"@graph\":[{\"@type\":\"WebPage\",\"@id\":\"https:\/\/maison-chance.org\/shop\/fr\/produit\/cookies-granola\",\"url\":\"https:\/\/maison-chance.org\/shop\/fr\/produit\/cookies-granola\",\"name\":\"Cookies granola - Nh\u00e0 May M\u1eafn - Maison Chance\",\"isPartOf\":{\"@id\":\"https:\/\/maison-chance.org\/shop\/fr#website\"},\"primaryImageOfPage\":{\"@id\":\"https:\/\/maison-chance.org\/shop\/fr\/produit\/cookies-granola#primaryimage\"},\"image\":{\"@id\":\"https:\/\/maison-chance.org\/shop\/fr\/produit\/cookies-granola#primaryimage\"},\"thumbnailUrl\":\"https:\/\/maison-chance.org\/shop\/wp-content\/uploads\/2024\/11\/banh-ngu-coc-dinh-duong.png\",\"datePublished\":\"2024-11-27T07:16:39+00:00\",\"description\":\"Laissez les barres de c\u00e9r\u00e9ales nutritives de Maison Chance vous accompagner dans votre qu\u00eate d'une meilleure sant\u00e9. Un produit savoureux, sain, et fabriqu\u00e9 avec passion ne pourra que vous ravir.\",\"breadcrumb\":{\"@id\":\"https:\/\/maison-chance.org\/shop\/fr\/produit\/cookies-granola#breadcrumb\"},\"inLanguage\":\"fr-FR\",\"potentialAction\":[{\"@type\":\"ReadAction\",\"target\":[\"https:\/\/maison-chance.org\/shop\/fr\/produit\/cookies-granola\"]}]},{\"@type\":\"ImageObject\",\"inLanguage\":\"fr-FR\",\"@id\":\"https:\/\/maison-chance.org\/shop\/fr\/produit\/cookies-granola#primaryimage\",\"url\":\"https:\/\/maison-chance.org\/shop\/wp-content\/uploads\/2024\/11\/banh-ngu-coc-dinh-duong.png\",\"contentUrl\":\"https:\/\/maison-chance.org\/shop\/wp-content\/uploads\/2024\/11\/banh-ngu-coc-dinh-duong.png\",\"width\":600,\"height\":600,\"caption\":\"Cookies granola\"},{\"@type\":\"BreadcrumbList\",\"@id\":\"https:\/\/maison-chance.org\/shop\/fr\/produit\/cookies-granola#breadcrumb\",\"itemListElement\":[{\"@type\":\"ListItem\",\"position\":1,\"name\":\"Trang ch\u1ee7\",\"item\":\"https:\/\/maison-chance.org\/shop\/fr\"},{\"@type\":\"ListItem\",\"position\":2,\"name\":\"Boutique\",\"item\":\"https:\/\/maison-chance.org\/shop\/shop\"},{\"@type\":\"ListItem\",\"position\":3,\"name\":\"Cookies granola\"}]},{\"@type\":\"WebSite\",\"@id\":\"https:\/\/maison-chance.org\/shop\/fr#website\",\"url\":\"https:\/\/maison-chance.org\/shop\/fr\",\"name\":\"Nh\u00e0 May M\u1eafn - Maison Chance\",\"description\":\"M\u1ecdi l\u1ee3i nhu\u1eadn thu v\u1ec1 t\u1eeb vi\u1ec7c b\u00e1n h\u00e0ng s\u1ebd tr\u00edch m\u1ed9t ph\u1ea7n \u0111\u1ec3 ch\u0103m lo cho \u0111\u1eddi s\u1ed1ng c\u00e1c b\u1ea1n khuy\u1ebft t\u1eadt v\u00e0 tr\u1ebb m\u1ed3 c\u00f4i \u1edf \u0111\u00e2y\",\"publisher\":{\"@id\":\"https:\/\/maison-chance.org\/shop\/fr#organization\"},\"potentialAction\":[{\"@type\":\"SearchAction\",\"target\":{\"@type\":\"EntryPoint\",\"urlTemplate\":\"https:\/\/maison-chance.org\/shop\/fr?s={search_term_string}\"},\"query-input\":{\"@type\":\"PropertyValueSpecification\",\"valueRequired\":true,\"valueName\":\"search_term_string\"}}],\"inLanguage\":\"fr-FR\"},{\"@type\":\"Organization\",\"@id\":\"https:\/\/maison-chance.org\/shop\/fr#organization\",\"name\":\"Nh\u00e0 May M\u1eafn - Maison Chance\",\"url\":\"https:\/\/maison-chance.org\/shop\/fr\",\"logo\":{\"@type\":\"ImageObject\",\"inLanguage\":\"fr-FR\",\"@id\":\"https:\/\/maison-chance.org\/shop\/fr#\/schema\/logo\/image\/\",\"url\":\"https:\/\/maison-chance.org\/shop\/wp-content\/uploads\/2024\/03\/cropped-Logo_DNXH.png\",\"contentUrl\":\"https:\/\/maison-chance.org\/shop\/wp-content\/uploads\/2024\/03\/cropped-Logo_DNXH.png\",\"width\":512,\"height\":512,\"caption\":\"Nh\u00e0 May M\u1eafn - Maison Chance\"},\"image\":{\"@id\":\"https:\/\/maison-chance.org\/shop\/fr#\/schema\/logo\/image\/\"},\"sameAs\":[\"https:\/\/www.facebook.com\/dnxh.nhamayman\/\"]}]}<\/script>\n<meta property=\"product:price:amount\" content=\"2.67\" \/>\n<meta property=\"product:price:currency\" content=\"EUR\" \/>\n<meta property=\"og:availability\" content=\"instock\" \/>\n<meta property=\"product:availability\" content=\"instock\" \/>\n<meta property=\"product:condition\" content=\"new\" \/>\n<!-- \/ Yoast SEO Premium plugin. -->","yoast_head_json":{"title":"Cookies granola - Nh\u00e0 May M\u1eafn - Maison Chance","description":"Laissez les barres de c\u00e9r\u00e9ales nutritives de Maison Chance vous accompagner dans votre qu\u00eate d'une meilleure sant\u00e9. Un produit savoureux, sain, et fabriqu\u00e9 avec passion ne pourra que vous ravir.","robots":{"index":"index","follow":"follow","max-snippet":"max-snippet:-1","max-image-preview":"max-image-preview:large","max-video-preview":"max-video-preview:-1"},"canonical":"https:\/\/maison-chance.org\/shop\/fr\/produit\/cookies-granola","og_locale":"fr_FR","og_type":"article","og_title":"Cookies granola","og_description":"Laissez les barres de c\u00e9r\u00e9ales nutritives de Maison Chance vous accompagner dans votre qu\u00eate d'une meilleure sant\u00e9. Un produit savoureux, sain, et fabriqu\u00e9 avec passion ne pourra que vous ravir.","og_url":"https:\/\/maison-chance.org\/shop\/fr\/produit\/cookies-granola","og_site_name":"Nh\u00e0 May M\u1eafn - Maison Chance","article_publisher":"https:\/\/www.facebook.com\/dnxh.nhamayman\/","og_image":[{"width":600,"height":600,"url":"https:\/\/maison-chance.org\/shop\/wp-content\/uploads\/2024\/11\/banh-ngu-coc-dinh-duong.png","type":"image\/png"}],"twitter_card":"summary_large_image","twitter_misc":{"Prix":"&euro;2.67","Disponibilit\u00e9":"En stock"},"schema":{"@context":"https:\/\/schema.org","@graph":[{"@type":"WebPage","@id":"https:\/\/maison-chance.org\/shop\/fr\/produit\/cookies-granola","url":"https:\/\/maison-chance.org\/shop\/fr\/produit\/cookies-granola","name":"Cookies granola - Nh\u00e0 May M\u1eafn - Maison Chance","isPartOf":{"@id":"https:\/\/maison-chance.org\/shop\/fr#website"},"primaryImageOfPage":{"@id":"https:\/\/maison-chance.org\/shop\/fr\/produit\/cookies-granola#primaryimage"},"image":{"@id":"https:\/\/maison-chance.org\/shop\/fr\/produit\/cookies-granola#primaryimage"},"thumbnailUrl":"https:\/\/maison-chance.org\/shop\/wp-content\/uploads\/2024\/11\/banh-ngu-coc-dinh-duong.png","datePublished":"2024-11-27T07:16:39+00:00","description":"Laissez les barres de c\u00e9r\u00e9ales nutritives de Maison Chance vous accompagner dans votre qu\u00eate d'une meilleure sant\u00e9. Un produit savoureux, sain, et fabriqu\u00e9 avec passion ne pourra que vous ravir.","breadcrumb":{"@id":"https:\/\/maison-chance.org\/shop\/fr\/produit\/cookies-granola#breadcrumb"},"inLanguage":"fr-FR","potentialAction":[{"@type":"ReadAction","target":["https:\/\/maison-chance.org\/shop\/fr\/produit\/cookies-granola"]}]},{"@type":"ImageObject","inLanguage":"fr-FR","@id":"https:\/\/maison-chance.org\/shop\/fr\/produit\/cookies-granola#primaryimage","url":"https:\/\/maison-chance.org\/shop\/wp-content\/uploads\/2024\/11\/banh-ngu-coc-dinh-duong.png","contentUrl":"https:\/\/maison-chance.org\/shop\/wp-content\/uploads\/2024\/11\/banh-ngu-coc-dinh-duong.png","width":600,"height":600,"caption":"Cookies granola"},{"@type":"BreadcrumbList","@id":"https:\/\/maison-chance.org\/shop\/fr\/produit\/cookies-granola#breadcrumb","itemListElement":[{"@type":"ListItem","position":1,"name":"Trang ch\u1ee7","item":"https:\/\/maison-chance.org\/shop\/fr"},{"@type":"ListItem","position":2,"name":"Boutique","item":"https:\/\/maison-chance.org\/shop\/shop"},{"@type":"ListItem","position":3,"name":"Cookies granola"}]},{"@type":"WebSite","@id":"https:\/\/maison-chance.org\/shop\/fr#website","url":"https:\/\/maison-chance.org\/shop\/fr","name":"Nh\u00e0 May M\u1eafn - Maison Chance","description":"M\u1ecdi l\u1ee3i nhu\u1eadn thu v\u1ec1 t\u1eeb vi\u1ec7c b\u00e1n h\u00e0ng s\u1ebd tr\u00edch m\u1ed9t ph\u1ea7n \u0111\u1ec3 ch\u0103m lo cho \u0111\u1eddi s\u1ed1ng c\u00e1c b\u1ea1n khuy\u1ebft t\u1eadt v\u00e0 tr\u1ebb m\u1ed3 c\u00f4i \u1edf \u0111\u00e2y","publisher":{"@id":"https:\/\/maison-chance.org\/shop\/fr#organization"},"potentialAction":[{"@type":"SearchAction","target":{"@type":"EntryPoint","urlTemplate":"https:\/\/maison-chance.org\/shop\/fr?s={search_term_string}"},"query-input":{"@type":"PropertyValueSpecification","valueRequired":true,"valueName":"search_term_string"}}],"inLanguage":"fr-FR"},{"@type":"Organization","@id":"https:\/\/maison-chance.org\/shop\/fr#organization","name":"Nh\u00e0 May M\u1eafn - Maison Chance","url":"https:\/\/maison-chance.org\/shop\/fr","logo":{"@type":"ImageObject","inLanguage":"fr-FR","@id":"https:\/\/maison-chance.org\/shop\/fr#\/schema\/logo\/image\/","url":"https:\/\/maison-chance.org\/shop\/wp-content\/uploads\/2024\/03\/cropped-Logo_DNXH.png","contentUrl":"https:\/\/maison-chance.org\/shop\/wp-content\/uploads\/2024\/03\/cropped-Logo_DNXH.png","width":512,"height":512,"caption":"Nh\u00e0 May M\u1eafn - Maison Chance"},"image":{"@id":"https:\/\/maison-chance.org\/shop\/fr#\/schema\/logo\/image\/"},"sameAs":["https:\/\/www.facebook.com\/dnxh.nhamayman\/"]}]},"product_price_amount":"2.67","product_price_currency":"EUR","og_availability":"instock","product_availability":"instock","product_condition":"new"},"_links":{"self":[{"href":"https:\/\/maison-chance.org\/shop\/fr\/wp-json\/wp\/v2\/product\/41289","targetHints":{"allow":["GET"]}}],"collection":[{"href":"https:\/\/maison-chance.org\/shop\/fr\/wp-json\/wp\/v2\/product"}],"about":[{"href":"https:\/\/maison-chance.org\/shop\/fr\/wp-json\/wp\/v2\/types\/product"}],"wp:featuredmedia":[{"embeddable":true,"href":"https:\/\/maison-chance.org\/shop\/fr\/wp-json\/wp\/v2\/media\/41285"}],"wp:attachment":[{"href":"https:\/\/maison-chance.org\/shop\/fr\/wp-json\/wp\/v2\/media?parent=41289"}],"wp:term":[{"taxonomy":"product_brand","embeddable":true,"href":"https:\/\/maison-chance.org\/shop\/fr\/wp-json\/wp\/v2\/product_brand?post=41289"},{"taxonomy":"product_cat","embeddable":true,"href":"https:\/\/maison-chance.org\/shop\/fr\/wp-json\/wp\/v2\/product_cat?post=41289"},{"taxonomy":"product_tag","embeddable":true,"href":"https:\/\/maison-chance.org\/shop\/fr\/wp-json\/wp\/v2\/product_tag?post=41289"}],"curies":[{"name":"wp","href":"https:\/\/api.w.org\/{rel}","templated":true}]}}