{"id":41311,"date":"2024-12-04T10:58:20","date_gmt":"2024-12-04T03:58:20","guid":{"rendered":"https:\/\/maison-chance.org\/shop\/san-pham\/cookies-aux-amandes"},"modified":"2024-12-04T10:58:20","modified_gmt":"2024-12-04T03:58:20","slug":"cookies-aux-amandes","status":"publish","type":"product","link":"https:\/\/maison-chance.org\/shop\/fr\/produit\/cookies-aux-amandes","title":{"rendered":"Cookies aux amandes"},"content":{"rendered":"<p style=\"text-align: justify;\">Biscuits aux Amandes de Maison Chance sont pr\u00e9par\u00e9s \u00e0 partir des ingr\u00e9dients naturels les plus fins. De la farine fine de qualit\u00e9 sup\u00e9rieure combin\u00e9e avec des \u0153ufs frais, du sucre raffin\u00e9 et du beurre fran\u00e7ais cr\u00e9ent un m\u00e9lange homog\u00e8ne et lisse. Le point fort sp\u00e9cial provient des noix d&rsquo;amande soigneusement s\u00e9lectionn\u00e9es, contribuant \u00e0 une saveur distinctive et inimitable.<\/p>\n<p style=\"text-align: justify;\">En les d\u00e9gustant, vous serez imm\u00e9diatement captiv\u00e9 par l&rsquo;apparence attrayante des <a href=\"https:\/\/maison-chance.org\/shop\/banh-ngot\">p\u00e2tisseries sucr<\/a>\u00e9<a href=\"https:\/\/maison-chance.org\/shop\/banh-ngot\">es<\/a> d&rsquo;un jaune dor\u00e9. La cro\u00fbte des biscuits est croustillante et fond dans la bouche, laissant un ar\u00f4me riche de beurre et de lait. Des morceaux d&rsquo;amandes croustillants entrem\u00eal\u00e9s cr\u00e9ent une exp\u00e9rience culinaire multicouche fascinante.<\/p>\n<p style=\"text-align: justify;\">Le produit est emball\u00e9 dans un pot en plastique transparent de haute qualit\u00e9 avec un couvercle m\u00e9tallique herm\u00e9tique, garantissant la fra\u00eecheur et la saveur originales des biscuits. Chaque pot de 110g contient des biscuits soigneusement dispos\u00e9s, constituant un cadeau parfait pour les occasions sp\u00e9ciales ou \u00e0 d\u00e9guster quotidiennement avec du th\u00e9 ou du caf\u00e9.<\/p>\n<p style=\"text-align: justify;\">Chaque lot de biscuits fait l&rsquo;objet d&rsquo;un contr\u00f4le qualit\u00e9 strict, respectant les normes de s\u00e9curit\u00e9 et d&rsquo;hygi\u00e8ne alimentaires. Le produit n&rsquo;utilise pas de conservateurs ni de colorants artificiels, offrant une tranquillit\u00e9 d&rsquo;esprit absolue aux consommateurs.<\/p>\n<p style=\"text-align: justify;\">Venez \u00e0 <a href=\"https:\/\/maison-chance.org\/shop\">Maison Chance<\/a> pour d\u00e9guster ces d\u00e9licieux biscuits aux amandes croustillants. Commandez aujourd&rsquo;hui pour soutenir les produits de haute qualit\u00e9 de Maison Chance.<\/p>\n","protected":false},"excerpt":{"rendered":"<p style=\"text-align: justify;\">Ces p\u00e2tisseries sucr\u00e9es sont r\u00e9alis\u00e9es par de jeunes orphelins actuellement pris en charge par Maison Chance. Nous vous prions de bien vouloir nous soutenir !<\/p>\n<p>Num\u00e9ro de t\u00e9l\u00e9phone : <span style=\"font-size: 20px;\"><strong><span style=\"color: #ff0000;\">0909 06 25 28<\/span><\/strong><\/span><\/p>\n","protected":false},"featured_media":41333,"template":"","meta":[],"product_brand":[],"product_cat":[210,219],"product_tag":[],"class_list":{"0":"post-41311","1":"product","2":"type-product","3":"status-publish","4":"has-post-thumbnail","6":"product_cat-boulangerie","7":"product_cat-viennoiseries-patisseries","9":"first","10":"instock","11":"shipping-taxable","12":"purchasable","13":"product-type-simple"},"yoast_head":"<!-- This site is optimized with the Yoast SEO Premium plugin v22.7 (Yoast SEO v25.3.1) - https:\/\/yoast.com\/wordpress\/plugins\/seo\/ -->\n<title>Cookies aux amandes - Nh\u00e0 May M\u1eafn - Maison Chance<\/title>\n<meta name=\"description\" content=\"Biscuits aux amandes de Maison Chance sont pr\u00e9par\u00e9s \u00e0 partir des ingr\u00e9dients naturels les plus fins. De la farine fine de qualit\u00e9 sup\u00e9rieure combin\u00e9e avec des \u0153ufs frais, du sucre raffin\u00e9 et du beurre fran\u00e7ais cr\u00e9ent un m\u00e9lange homog\u00e8ne et lisse\" \/>\n<meta name=\"robots\" content=\"index, follow, max-snippet:-1, max-image-preview:large, max-video-preview:-1\" \/>\n<link rel=\"canonical\" href=\"https:\/\/maison-chance.org\/shop\/fr\/produit\/cookies-aux-amandes\" \/>\n<meta property=\"og:locale\" content=\"fr_FR\" \/>\n<meta property=\"og:type\" content=\"article\" \/>\n<meta property=\"og:title\" content=\"Cookies aux amandes\" \/>\n<meta property=\"og:description\" content=\"Biscuits aux amandes de Maison Chance sont pr\u00e9par\u00e9s \u00e0 partir des ingr\u00e9dients naturels les plus fins. De la farine fine de qualit\u00e9 sup\u00e9rieure combin\u00e9e avec des \u0153ufs frais, du sucre raffin\u00e9 et du beurre fran\u00e7ais cr\u00e9ent un m\u00e9lange homog\u00e8ne et lisse\" \/>\n<meta property=\"og:url\" content=\"https:\/\/maison-chance.org\/shop\/fr\/produit\/cookies-aux-amandes\" \/>\n<meta property=\"og:site_name\" content=\"Nh\u00e0 May M\u1eafn - Maison Chance\" \/>\n<meta property=\"article:publisher\" content=\"https:\/\/www.facebook.com\/dnxh.nhamayman\/\" \/>\n<meta property=\"og:image\" content=\"https:\/\/maison-chance.org\/shop\/wp-content\/uploads\/2024\/12\/hop-banh-quy-oc-cho.jpg\" \/>\n\t<meta property=\"og:image:width\" content=\"600\" \/>\n\t<meta property=\"og:image:height\" content=\"600\" \/>\n\t<meta property=\"og:image:type\" content=\"image\/jpeg\" \/>\n<meta name=\"twitter:card\" content=\"summary_large_image\" \/>\n<meta name=\"twitter:label1\" content=\"Prix\" \/>\n\t<meta name=\"twitter:data1\" content=\"&euro;2.58\" \/>\n\t<meta name=\"twitter:label2\" content=\"Disponibilit\u00e9\" \/>\n\t<meta name=\"twitter:data2\" content=\"En stock\" \/>\n<script type=\"application\/ld+json\" class=\"yoast-schema-graph\">{\"@context\":\"https:\/\/schema.org\",\"@graph\":[{\"@type\":\"WebPage\",\"@id\":\"https:\/\/maison-chance.org\/shop\/fr\/produit\/cookies-aux-amandes\",\"url\":\"https:\/\/maison-chance.org\/shop\/fr\/produit\/cookies-aux-amandes\",\"name\":\"Cookies aux amandes - Nh\u00e0 May M\u1eafn - Maison Chance\",\"isPartOf\":{\"@id\":\"https:\/\/maison-chance.org\/shop\/fr#website\"},\"primaryImageOfPage\":{\"@id\":\"https:\/\/maison-chance.org\/shop\/fr\/produit\/cookies-aux-amandes#primaryimage\"},\"image\":{\"@id\":\"https:\/\/maison-chance.org\/shop\/fr\/produit\/cookies-aux-amandes#primaryimage\"},\"thumbnailUrl\":\"https:\/\/maison-chance.org\/shop\/wp-content\/uploads\/2024\/12\/hop-banh-quy-hanh-nhan-120gr.jpg\",\"datePublished\":\"2024-12-04T03:58:20+00:00\",\"description\":\"Biscuits aux amandes de Maison Chance sont pr\u00e9par\u00e9s \u00e0 partir des ingr\u00e9dients naturels les plus fins. De la farine fine de qualit\u00e9 sup\u00e9rieure combin\u00e9e avec des \u0153ufs frais, du sucre raffin\u00e9 et du beurre fran\u00e7ais cr\u00e9ent un m\u00e9lange homog\u00e8ne et lisse\",\"breadcrumb\":{\"@id\":\"https:\/\/maison-chance.org\/shop\/fr\/produit\/cookies-aux-amandes#breadcrumb\"},\"inLanguage\":\"fr-FR\",\"potentialAction\":[{\"@type\":\"ReadAction\",\"target\":[\"https:\/\/maison-chance.org\/shop\/fr\/produit\/cookies-aux-amandes\"]}]},{\"@type\":\"ImageObject\",\"inLanguage\":\"fr-FR\",\"@id\":\"https:\/\/maison-chance.org\/shop\/fr\/produit\/cookies-aux-amandes#primaryimage\",\"url\":\"https:\/\/maison-chance.org\/shop\/wp-content\/uploads\/2024\/12\/hop-banh-quy-hanh-nhan-120gr.jpg\",\"contentUrl\":\"https:\/\/maison-chance.org\/shop\/wp-content\/uploads\/2024\/12\/hop-banh-quy-hanh-nhan-120gr.jpg\",\"width\":600,\"height\":600,\"caption\":\"B\u00e1nh quy h\u1ea1nh nh\u00e2n\"},{\"@type\":\"BreadcrumbList\",\"@id\":\"https:\/\/maison-chance.org\/shop\/fr\/produit\/cookies-aux-amandes#breadcrumb\",\"itemListElement\":[{\"@type\":\"ListItem\",\"position\":1,\"name\":\"Trang ch\u1ee7\",\"item\":\"https:\/\/maison-chance.org\/shop\/fr\"},{\"@type\":\"ListItem\",\"position\":2,\"name\":\"Boutique\",\"item\":\"https:\/\/maison-chance.org\/shop\/shop\"},{\"@type\":\"ListItem\",\"position\":3,\"name\":\"Cookies aux amandes\"}]},{\"@type\":\"WebSite\",\"@id\":\"https:\/\/maison-chance.org\/shop\/fr#website\",\"url\":\"https:\/\/maison-chance.org\/shop\/fr\",\"name\":\"Nh\u00e0 May M\u1eafn - Maison Chance\",\"description\":\"M\u1ecdi l\u1ee3i nhu\u1eadn thu v\u1ec1 t\u1eeb vi\u1ec7c b\u00e1n h\u00e0ng s\u1ebd tr\u00edch m\u1ed9t ph\u1ea7n \u0111\u1ec3 ch\u0103m lo cho \u0111\u1eddi s\u1ed1ng c\u00e1c b\u1ea1n khuy\u1ebft t\u1eadt v\u00e0 tr\u1ebb m\u1ed3 c\u00f4i \u1edf \u0111\u00e2y\",\"publisher\":{\"@id\":\"https:\/\/maison-chance.org\/shop\/fr#organization\"},\"potentialAction\":[{\"@type\":\"SearchAction\",\"target\":{\"@type\":\"EntryPoint\",\"urlTemplate\":\"https:\/\/maison-chance.org\/shop\/fr?s={search_term_string}\"},\"query-input\":{\"@type\":\"PropertyValueSpecification\",\"valueRequired\":true,\"valueName\":\"search_term_string\"}}],\"inLanguage\":\"fr-FR\"},{\"@type\":\"Organization\",\"@id\":\"https:\/\/maison-chance.org\/shop\/fr#organization\",\"name\":\"Nh\u00e0 May M\u1eafn - Maison Chance\",\"url\":\"https:\/\/maison-chance.org\/shop\/fr\",\"logo\":{\"@type\":\"ImageObject\",\"inLanguage\":\"fr-FR\",\"@id\":\"https:\/\/maison-chance.org\/shop\/fr#\/schema\/logo\/image\/\",\"url\":\"https:\/\/maison-chance.org\/shop\/wp-content\/uploads\/2024\/03\/cropped-Logo_DNXH.png\",\"contentUrl\":\"https:\/\/maison-chance.org\/shop\/wp-content\/uploads\/2024\/03\/cropped-Logo_DNXH.png\",\"width\":512,\"height\":512,\"caption\":\"Nh\u00e0 May M\u1eafn - Maison Chance\"},\"image\":{\"@id\":\"https:\/\/maison-chance.org\/shop\/fr#\/schema\/logo\/image\/\"},\"sameAs\":[\"https:\/\/www.facebook.com\/dnxh.nhamayman\/\"]}]}<\/script>\n<meta property=\"product:price:amount\" content=\"2.58\" \/>\n<meta property=\"product:price:currency\" content=\"EUR\" \/>\n<meta property=\"og:availability\" content=\"instock\" \/>\n<meta property=\"product:availability\" content=\"instock\" \/>\n<meta property=\"product:condition\" content=\"new\" \/>\n<!-- \/ Yoast SEO Premium plugin. -->","yoast_head_json":{"title":"Cookies aux amandes - Nh\u00e0 May M\u1eafn - Maison Chance","description":"Biscuits aux amandes de Maison Chance sont pr\u00e9par\u00e9s \u00e0 partir des ingr\u00e9dients naturels les plus fins. De la farine fine de qualit\u00e9 sup\u00e9rieure combin\u00e9e avec des \u0153ufs frais, du sucre raffin\u00e9 et du beurre fran\u00e7ais cr\u00e9ent un m\u00e9lange homog\u00e8ne et lisse","robots":{"index":"index","follow":"follow","max-snippet":"max-snippet:-1","max-image-preview":"max-image-preview:large","max-video-preview":"max-video-preview:-1"},"canonical":"https:\/\/maison-chance.org\/shop\/fr\/produit\/cookies-aux-amandes","og_locale":"fr_FR","og_type":"article","og_title":"Cookies aux amandes","og_description":"Biscuits aux amandes de Maison Chance sont pr\u00e9par\u00e9s \u00e0 partir des ingr\u00e9dients naturels les plus fins. De la farine fine de qualit\u00e9 sup\u00e9rieure combin\u00e9e avec des \u0153ufs frais, du sucre raffin\u00e9 et du beurre fran\u00e7ais cr\u00e9ent un m\u00e9lange homog\u00e8ne et lisse","og_url":"https:\/\/maison-chance.org\/shop\/fr\/produit\/cookies-aux-amandes","og_site_name":"Nh\u00e0 May M\u1eafn - Maison Chance","article_publisher":"https:\/\/www.facebook.com\/dnxh.nhamayman\/","og_image":[{"width":600,"height":600,"url":"https:\/\/maison-chance.org\/shop\/wp-content\/uploads\/2024\/12\/hop-banh-quy-oc-cho.jpg","type":"image\/jpeg"}],"twitter_card":"summary_large_image","twitter_misc":{"Prix":"&euro;2.58","Disponibilit\u00e9":"En stock"},"schema":{"@context":"https:\/\/schema.org","@graph":[{"@type":"WebPage","@id":"https:\/\/maison-chance.org\/shop\/fr\/produit\/cookies-aux-amandes","url":"https:\/\/maison-chance.org\/shop\/fr\/produit\/cookies-aux-amandes","name":"Cookies aux amandes - Nh\u00e0 May M\u1eafn - Maison Chance","isPartOf":{"@id":"https:\/\/maison-chance.org\/shop\/fr#website"},"primaryImageOfPage":{"@id":"https:\/\/maison-chance.org\/shop\/fr\/produit\/cookies-aux-amandes#primaryimage"},"image":{"@id":"https:\/\/maison-chance.org\/shop\/fr\/produit\/cookies-aux-amandes#primaryimage"},"thumbnailUrl":"https:\/\/maison-chance.org\/shop\/wp-content\/uploads\/2024\/12\/hop-banh-quy-hanh-nhan-120gr.jpg","datePublished":"2024-12-04T03:58:20+00:00","description":"Biscuits aux amandes de Maison Chance sont pr\u00e9par\u00e9s \u00e0 partir des ingr\u00e9dients naturels les plus fins. De la farine fine de qualit\u00e9 sup\u00e9rieure combin\u00e9e avec des \u0153ufs frais, du sucre raffin\u00e9 et du beurre fran\u00e7ais cr\u00e9ent un m\u00e9lange homog\u00e8ne et lisse","breadcrumb":{"@id":"https:\/\/maison-chance.org\/shop\/fr\/produit\/cookies-aux-amandes#breadcrumb"},"inLanguage":"fr-FR","potentialAction":[{"@type":"ReadAction","target":["https:\/\/maison-chance.org\/shop\/fr\/produit\/cookies-aux-amandes"]}]},{"@type":"ImageObject","inLanguage":"fr-FR","@id":"https:\/\/maison-chance.org\/shop\/fr\/produit\/cookies-aux-amandes#primaryimage","url":"https:\/\/maison-chance.org\/shop\/wp-content\/uploads\/2024\/12\/hop-banh-quy-hanh-nhan-120gr.jpg","contentUrl":"https:\/\/maison-chance.org\/shop\/wp-content\/uploads\/2024\/12\/hop-banh-quy-hanh-nhan-120gr.jpg","width":600,"height":600,"caption":"B\u00e1nh quy h\u1ea1nh nh\u00e2n"},{"@type":"BreadcrumbList","@id":"https:\/\/maison-chance.org\/shop\/fr\/produit\/cookies-aux-amandes#breadcrumb","itemListElement":[{"@type":"ListItem","position":1,"name":"Trang ch\u1ee7","item":"https:\/\/maison-chance.org\/shop\/fr"},{"@type":"ListItem","position":2,"name":"Boutique","item":"https:\/\/maison-chance.org\/shop\/shop"},{"@type":"ListItem","position":3,"name":"Cookies aux amandes"}]},{"@type":"WebSite","@id":"https:\/\/maison-chance.org\/shop\/fr#website","url":"https:\/\/maison-chance.org\/shop\/fr","name":"Nh\u00e0 May M\u1eafn - Maison Chance","description":"M\u1ecdi l\u1ee3i nhu\u1eadn thu v\u1ec1 t\u1eeb vi\u1ec7c b\u00e1n h\u00e0ng s\u1ebd tr\u00edch m\u1ed9t ph\u1ea7n \u0111\u1ec3 ch\u0103m lo cho \u0111\u1eddi s\u1ed1ng c\u00e1c b\u1ea1n khuy\u1ebft t\u1eadt v\u00e0 tr\u1ebb m\u1ed3 c\u00f4i \u1edf \u0111\u00e2y","publisher":{"@id":"https:\/\/maison-chance.org\/shop\/fr#organization"},"potentialAction":[{"@type":"SearchAction","target":{"@type":"EntryPoint","urlTemplate":"https:\/\/maison-chance.org\/shop\/fr?s={search_term_string}"},"query-input":{"@type":"PropertyValueSpecification","valueRequired":true,"valueName":"search_term_string"}}],"inLanguage":"fr-FR"},{"@type":"Organization","@id":"https:\/\/maison-chance.org\/shop\/fr#organization","name":"Nh\u00e0 May M\u1eafn - Maison Chance","url":"https:\/\/maison-chance.org\/shop\/fr","logo":{"@type":"ImageObject","inLanguage":"fr-FR","@id":"https:\/\/maison-chance.org\/shop\/fr#\/schema\/logo\/image\/","url":"https:\/\/maison-chance.org\/shop\/wp-content\/uploads\/2024\/03\/cropped-Logo_DNXH.png","contentUrl":"https:\/\/maison-chance.org\/shop\/wp-content\/uploads\/2024\/03\/cropped-Logo_DNXH.png","width":512,"height":512,"caption":"Nh\u00e0 May M\u1eafn - Maison Chance"},"image":{"@id":"https:\/\/maison-chance.org\/shop\/fr#\/schema\/logo\/image\/"},"sameAs":["https:\/\/www.facebook.com\/dnxh.nhamayman\/"]}]},"product_price_amount":"2.58","product_price_currency":"EUR","og_availability":"instock","product_availability":"instock","product_condition":"new"},"_links":{"self":[{"href":"https:\/\/maison-chance.org\/shop\/fr\/wp-json\/wp\/v2\/product\/41311","targetHints":{"allow":["GET"]}}],"collection":[{"href":"https:\/\/maison-chance.org\/shop\/fr\/wp-json\/wp\/v2\/product"}],"about":[{"href":"https:\/\/maison-chance.org\/shop\/fr\/wp-json\/wp\/v2\/types\/product"}],"wp:featuredmedia":[{"embeddable":true,"href":"https:\/\/maison-chance.org\/shop\/fr\/wp-json\/wp\/v2\/media\/41333"}],"wp:attachment":[{"href":"https:\/\/maison-chance.org\/shop\/fr\/wp-json\/wp\/v2\/media?parent=41311"}],"wp:term":[{"taxonomy":"product_brand","embeddable":true,"href":"https:\/\/maison-chance.org\/shop\/fr\/wp-json\/wp\/v2\/product_brand?post=41311"},{"taxonomy":"product_cat","embeddable":true,"href":"https:\/\/maison-chance.org\/shop\/fr\/wp-json\/wp\/v2\/product_cat?post=41311"},{"taxonomy":"product_tag","embeddable":true,"href":"https:\/\/maison-chance.org\/shop\/fr\/wp-json\/wp\/v2\/product_tag?post=41311"}],"curies":[{"name":"wp","href":"https:\/\/api.w.org\/{rel}","templated":true}]}}