{"id":41320,"date":"2024-12-04T14:05:30","date_gmt":"2024-12-04T07:05:30","guid":{"rendered":"https:\/\/maison-chance.org\/shop\/san-pham\/cookies-au-matcha"},"modified":"2024-12-04T14:05:30","modified_gmt":"2024-12-04T07:05:30","slug":"cookies-au-matcha","status":"publish","type":"product","link":"https:\/\/maison-chance.org\/shop\/fr\/produit\/cookies-au-matcha","title":{"rendered":"Cookies au Matcha"},"content":{"rendered":"<p style=\"text-align: justify;\">Biscuits au Th\u00e9 Vert de Maison Chance sont pr\u00e9par\u00e9s \u00e0 partir d&rsquo;ingr\u00e9dients de haute qualit\u00e9 tels que de la farine de bl\u00e9 pure, des \u0153ufs frais, du sucre raffin\u00e9, du beurre fran\u00e7ais premium, du lait frais, et surtout de la poudre de th\u00e9 vert pure. Chaque biscuit porte une couleur verte naturelle et douce, \u00e9voquant un sentiment de puret\u00e9 et d&rsquo;\u00e9l\u00e9gance !<\/p>\n<p style=\"text-align: justify;\">En tenant le biscuit au th\u00e9 vert, vous serez instantan\u00e9ment captiv\u00e9 par sa couleur naturelle et l&rsquo;ar\u00f4me distinctif du th\u00e9 vert m\u00e9lang\u00e9 \u00e0 la riche fragrance beurr\u00e9e. Une fois mis en bouche, le biscuit se dissout lentement avec une croustillance mod\u00e9r\u00e9e, ni trop dur ni trop mou. La saveur d\u00e9licate du th\u00e9 vert se r\u00e9pand, combin\u00e9e \u00e0 une douceur juste, cr\u00e9ant une exp\u00e9rience culinaire m\u00e9morable !<\/p>\n<p style=\"text-align: justify;\">Le produit est emball\u00e9 dans un pot en verre de haute qualit\u00e9 d&rsquo;une capacit\u00e9 de 110g, avec un couvercle m\u00e9tallique garantissant la fra\u00eecheur des biscuits. Le design transparent permet non seulement aux consommateurs de voir facilement le produit \u00e0 l&rsquo;int\u00e9rieur mais cr\u00e9e \u00e9galement une sensation de luxe, parfait pour offrir \u00e0 vos proches et amis !<\/p>\n<p style=\"text-align: justify;\">Biscuits de <a href=\"https:\/\/maison-chance.org\/shop\">Maison Chance<\/a> ne sont pas seulement un produit d\u00e9licieux mais aussi un t\u00e9moignage du d\u00e9vouement \u00e0 chaque \u00e9tape de production. En d\u00e9gustant ce produit, vous ne go\u00fbtez pas seulement une d\u00e9licieuse friandise mais soutenez \u00e9galement une marque vietnamienne qui s&rsquo;efforce de fournir les meilleurs produits aux consommateurs!<\/p>\n","protected":false},"excerpt":{"rendered":"<p style=\"text-align: justify;\">Les produits de p\u00e2tisserie sucr\u00e9e sont fabriqu\u00e9s par de jeunes orphelins actuellement pris en charge par Maison Chance. Nous vous prions de bien vouloir nous soutenir !<br \/>\nNum\u00e9ro de t\u00e9l\u00e9phone : <span style=\"font-size: 20px;\"><strong><span style=\"color: #ff0000;\">0909 06 25 28<\/span><\/strong><\/span><\/p>\n","protected":false},"featured_media":41316,"template":"","meta":[],"product_brand":[],"product_cat":[210,219],"product_tag":[],"class_list":{"0":"post-41320","1":"product","2":"type-product","3":"status-publish","4":"has-post-thumbnail","6":"product_cat-boulangerie","7":"product_cat-viennoiseries-patisseries","9":"first","10":"instock","11":"shipping-taxable","12":"purchasable","13":"product-type-simple"},"yoast_head":"<!-- This site is optimized with the Yoast SEO Premium plugin v22.7 (Yoast SEO v25.3.1) - https:\/\/yoast.com\/wordpress\/plugins\/seo\/ -->\n<title>Cookies au Matcha - Nh\u00e0 May M\u1eafn - Maison Chance<\/title>\n<meta name=\"description\" content=\"Biscuits au Th\u00e9 Vert de Maison Chance sont pr\u00e9par\u00e9s \u00e0 partir d&#039;ingr\u00e9dients de haute qualit\u00e9 tels que de la farine de bl\u00e9 pure, des \u0153ufs frais, du sucre raffin\u00e9, du beurre fran\u00e7ais premium\" \/>\n<meta name=\"robots\" content=\"index, follow, max-snippet:-1, max-image-preview:large, max-video-preview:-1\" \/>\n<link rel=\"canonical\" href=\"https:\/\/maison-chance.org\/shop\/fr\/produit\/cookies-au-matcha\" \/>\n<meta property=\"og:locale\" content=\"fr_FR\" \/>\n<meta property=\"og:type\" content=\"article\" \/>\n<meta property=\"og:title\" content=\"Cookies au Matcha\" \/>\n<meta property=\"og:description\" content=\"Biscuits au Th\u00e9 Vert de Maison Chance sont pr\u00e9par\u00e9s \u00e0 partir d&#039;ingr\u00e9dients de haute qualit\u00e9 tels que de la farine de bl\u00e9 pure, des \u0153ufs frais, du sucre raffin\u00e9, du beurre fran\u00e7ais premium\" \/>\n<meta property=\"og:url\" content=\"https:\/\/maison-chance.org\/shop\/fr\/produit\/cookies-au-matcha\" \/>\n<meta property=\"og:site_name\" content=\"Nh\u00e0 May M\u1eafn - Maison Chance\" \/>\n<meta property=\"article:publisher\" content=\"https:\/\/www.facebook.com\/dnxh.nhamayman\/\" \/>\n<meta property=\"og:image\" content=\"https:\/\/maison-chance.org\/shop\/wp-content\/uploads\/2024\/12\/hop-banh-quy-tra-xanh-120gr.jpg\" \/>\n\t<meta property=\"og:image:width\" content=\"600\" \/>\n\t<meta property=\"og:image:height\" content=\"600\" \/>\n\t<meta property=\"og:image:type\" content=\"image\/jpeg\" \/>\n<meta name=\"twitter:card\" content=\"summary_large_image\" \/>\n<meta name=\"twitter:label1\" content=\"Prix\" \/>\n\t<meta name=\"twitter:data1\" content=\"&euro;2.58\" \/>\n\t<meta name=\"twitter:label2\" content=\"Disponibilit\u00e9\" \/>\n\t<meta name=\"twitter:data2\" content=\"En stock\" \/>\n<script type=\"application\/ld+json\" class=\"yoast-schema-graph\">{\"@context\":\"https:\/\/schema.org\",\"@graph\":[{\"@type\":\"WebPage\",\"@id\":\"https:\/\/maison-chance.org\/shop\/fr\/produit\/cookies-au-matcha\",\"url\":\"https:\/\/maison-chance.org\/shop\/fr\/produit\/cookies-au-matcha\",\"name\":\"Cookies au Matcha - Nh\u00e0 May M\u1eafn - Maison Chance\",\"isPartOf\":{\"@id\":\"https:\/\/maison-chance.org\/shop\/fr#website\"},\"primaryImageOfPage\":{\"@id\":\"https:\/\/maison-chance.org\/shop\/fr\/produit\/cookies-au-matcha#primaryimage\"},\"image\":{\"@id\":\"https:\/\/maison-chance.org\/shop\/fr\/produit\/cookies-au-matcha#primaryimage\"},\"thumbnailUrl\":\"https:\/\/maison-chance.org\/shop\/wp-content\/uploads\/2024\/12\/hop-banh-quy-tra-xanh-120gr.jpg\",\"datePublished\":\"2024-12-04T07:05:30+00:00\",\"description\":\"Biscuits au Th\u00e9 Vert de Maison Chance sont pr\u00e9par\u00e9s \u00e0 partir d'ingr\u00e9dients de haute qualit\u00e9 tels que de la farine de bl\u00e9 pure, des \u0153ufs frais, du sucre raffin\u00e9, du beurre fran\u00e7ais premium\",\"breadcrumb\":{\"@id\":\"https:\/\/maison-chance.org\/shop\/fr\/produit\/cookies-au-matcha#breadcrumb\"},\"inLanguage\":\"fr-FR\",\"potentialAction\":[{\"@type\":\"ReadAction\",\"target\":[\"https:\/\/maison-chance.org\/shop\/fr\/produit\/cookies-au-matcha\"]}]},{\"@type\":\"ImageObject\",\"inLanguage\":\"fr-FR\",\"@id\":\"https:\/\/maison-chance.org\/shop\/fr\/produit\/cookies-au-matcha#primaryimage\",\"url\":\"https:\/\/maison-chance.org\/shop\/wp-content\/uploads\/2024\/12\/hop-banh-quy-tra-xanh-120gr.jpg\",\"contentUrl\":\"https:\/\/maison-chance.org\/shop\/wp-content\/uploads\/2024\/12\/hop-banh-quy-tra-xanh-120gr.jpg\",\"width\":600,\"height\":600,\"caption\":\"Cookies au Matcha\"},{\"@type\":\"BreadcrumbList\",\"@id\":\"https:\/\/maison-chance.org\/shop\/fr\/produit\/cookies-au-matcha#breadcrumb\",\"itemListElement\":[{\"@type\":\"ListItem\",\"position\":1,\"name\":\"Trang ch\u1ee7\",\"item\":\"https:\/\/maison-chance.org\/shop\/fr\"},{\"@type\":\"ListItem\",\"position\":2,\"name\":\"Boutique\",\"item\":\"https:\/\/maison-chance.org\/shop\/shop\"},{\"@type\":\"ListItem\",\"position\":3,\"name\":\"Cookies au Matcha\"}]},{\"@type\":\"WebSite\",\"@id\":\"https:\/\/maison-chance.org\/shop\/fr#website\",\"url\":\"https:\/\/maison-chance.org\/shop\/fr\",\"name\":\"Nh\u00e0 May M\u1eafn - Maison Chance\",\"description\":\"M\u1ecdi l\u1ee3i nhu\u1eadn thu v\u1ec1 t\u1eeb vi\u1ec7c b\u00e1n h\u00e0ng s\u1ebd tr\u00edch m\u1ed9t ph\u1ea7n \u0111\u1ec3 ch\u0103m lo cho \u0111\u1eddi s\u1ed1ng c\u00e1c b\u1ea1n khuy\u1ebft t\u1eadt v\u00e0 tr\u1ebb m\u1ed3 c\u00f4i \u1edf \u0111\u00e2y\",\"publisher\":{\"@id\":\"https:\/\/maison-chance.org\/shop\/fr#organization\"},\"potentialAction\":[{\"@type\":\"SearchAction\",\"target\":{\"@type\":\"EntryPoint\",\"urlTemplate\":\"https:\/\/maison-chance.org\/shop\/fr?s={search_term_string}\"},\"query-input\":{\"@type\":\"PropertyValueSpecification\",\"valueRequired\":true,\"valueName\":\"search_term_string\"}}],\"inLanguage\":\"fr-FR\"},{\"@type\":\"Organization\",\"@id\":\"https:\/\/maison-chance.org\/shop\/fr#organization\",\"name\":\"Nh\u00e0 May M\u1eafn - Maison Chance\",\"url\":\"https:\/\/maison-chance.org\/shop\/fr\",\"logo\":{\"@type\":\"ImageObject\",\"inLanguage\":\"fr-FR\",\"@id\":\"https:\/\/maison-chance.org\/shop\/fr#\/schema\/logo\/image\/\",\"url\":\"https:\/\/maison-chance.org\/shop\/wp-content\/uploads\/2024\/03\/cropped-Logo_DNXH.png\",\"contentUrl\":\"https:\/\/maison-chance.org\/shop\/wp-content\/uploads\/2024\/03\/cropped-Logo_DNXH.png\",\"width\":512,\"height\":512,\"caption\":\"Nh\u00e0 May M\u1eafn - Maison Chance\"},\"image\":{\"@id\":\"https:\/\/maison-chance.org\/shop\/fr#\/schema\/logo\/image\/\"},\"sameAs\":[\"https:\/\/www.facebook.com\/dnxh.nhamayman\/\"]}]}<\/script>\n<meta property=\"product:price:amount\" content=\"2.58\" \/>\n<meta property=\"product:price:currency\" content=\"EUR\" \/>\n<meta property=\"og:availability\" content=\"instock\" \/>\n<meta property=\"product:availability\" content=\"instock\" \/>\n<meta property=\"product:condition\" content=\"new\" \/>\n<!-- \/ Yoast SEO Premium plugin. -->","yoast_head_json":{"title":"Cookies au Matcha - Nh\u00e0 May M\u1eafn - Maison Chance","description":"Biscuits au Th\u00e9 Vert de Maison Chance sont pr\u00e9par\u00e9s \u00e0 partir d'ingr\u00e9dients de haute qualit\u00e9 tels que de la farine de bl\u00e9 pure, des \u0153ufs frais, du sucre raffin\u00e9, du beurre fran\u00e7ais premium","robots":{"index":"index","follow":"follow","max-snippet":"max-snippet:-1","max-image-preview":"max-image-preview:large","max-video-preview":"max-video-preview:-1"},"canonical":"https:\/\/maison-chance.org\/shop\/fr\/produit\/cookies-au-matcha","og_locale":"fr_FR","og_type":"article","og_title":"Cookies au Matcha","og_description":"Biscuits au Th\u00e9 Vert de Maison Chance sont pr\u00e9par\u00e9s \u00e0 partir d'ingr\u00e9dients de haute qualit\u00e9 tels que de la farine de bl\u00e9 pure, des \u0153ufs frais, du sucre raffin\u00e9, du beurre fran\u00e7ais premium","og_url":"https:\/\/maison-chance.org\/shop\/fr\/produit\/cookies-au-matcha","og_site_name":"Nh\u00e0 May M\u1eafn - Maison Chance","article_publisher":"https:\/\/www.facebook.com\/dnxh.nhamayman\/","og_image":[{"width":600,"height":600,"url":"https:\/\/maison-chance.org\/shop\/wp-content\/uploads\/2024\/12\/hop-banh-quy-tra-xanh-120gr.jpg","type":"image\/jpeg"}],"twitter_card":"summary_large_image","twitter_misc":{"Prix":"&euro;2.58","Disponibilit\u00e9":"En stock"},"schema":{"@context":"https:\/\/schema.org","@graph":[{"@type":"WebPage","@id":"https:\/\/maison-chance.org\/shop\/fr\/produit\/cookies-au-matcha","url":"https:\/\/maison-chance.org\/shop\/fr\/produit\/cookies-au-matcha","name":"Cookies au Matcha - Nh\u00e0 May M\u1eafn - Maison Chance","isPartOf":{"@id":"https:\/\/maison-chance.org\/shop\/fr#website"},"primaryImageOfPage":{"@id":"https:\/\/maison-chance.org\/shop\/fr\/produit\/cookies-au-matcha#primaryimage"},"image":{"@id":"https:\/\/maison-chance.org\/shop\/fr\/produit\/cookies-au-matcha#primaryimage"},"thumbnailUrl":"https:\/\/maison-chance.org\/shop\/wp-content\/uploads\/2024\/12\/hop-banh-quy-tra-xanh-120gr.jpg","datePublished":"2024-12-04T07:05:30+00:00","description":"Biscuits au Th\u00e9 Vert de Maison Chance sont pr\u00e9par\u00e9s \u00e0 partir d'ingr\u00e9dients de haute qualit\u00e9 tels que de la farine de bl\u00e9 pure, des \u0153ufs frais, du sucre raffin\u00e9, du beurre fran\u00e7ais premium","breadcrumb":{"@id":"https:\/\/maison-chance.org\/shop\/fr\/produit\/cookies-au-matcha#breadcrumb"},"inLanguage":"fr-FR","potentialAction":[{"@type":"ReadAction","target":["https:\/\/maison-chance.org\/shop\/fr\/produit\/cookies-au-matcha"]}]},{"@type":"ImageObject","inLanguage":"fr-FR","@id":"https:\/\/maison-chance.org\/shop\/fr\/produit\/cookies-au-matcha#primaryimage","url":"https:\/\/maison-chance.org\/shop\/wp-content\/uploads\/2024\/12\/hop-banh-quy-tra-xanh-120gr.jpg","contentUrl":"https:\/\/maison-chance.org\/shop\/wp-content\/uploads\/2024\/12\/hop-banh-quy-tra-xanh-120gr.jpg","width":600,"height":600,"caption":"Cookies au Matcha"},{"@type":"BreadcrumbList","@id":"https:\/\/maison-chance.org\/shop\/fr\/produit\/cookies-au-matcha#breadcrumb","itemListElement":[{"@type":"ListItem","position":1,"name":"Trang ch\u1ee7","item":"https:\/\/maison-chance.org\/shop\/fr"},{"@type":"ListItem","position":2,"name":"Boutique","item":"https:\/\/maison-chance.org\/shop\/shop"},{"@type":"ListItem","position":3,"name":"Cookies au Matcha"}]},{"@type":"WebSite","@id":"https:\/\/maison-chance.org\/shop\/fr#website","url":"https:\/\/maison-chance.org\/shop\/fr","name":"Nh\u00e0 May M\u1eafn - Maison Chance","description":"M\u1ecdi l\u1ee3i nhu\u1eadn thu v\u1ec1 t\u1eeb vi\u1ec7c b\u00e1n h\u00e0ng s\u1ebd tr\u00edch m\u1ed9t ph\u1ea7n \u0111\u1ec3 ch\u0103m lo cho \u0111\u1eddi s\u1ed1ng c\u00e1c b\u1ea1n khuy\u1ebft t\u1eadt v\u00e0 tr\u1ebb m\u1ed3 c\u00f4i \u1edf \u0111\u00e2y","publisher":{"@id":"https:\/\/maison-chance.org\/shop\/fr#organization"},"potentialAction":[{"@type":"SearchAction","target":{"@type":"EntryPoint","urlTemplate":"https:\/\/maison-chance.org\/shop\/fr?s={search_term_string}"},"query-input":{"@type":"PropertyValueSpecification","valueRequired":true,"valueName":"search_term_string"}}],"inLanguage":"fr-FR"},{"@type":"Organization","@id":"https:\/\/maison-chance.org\/shop\/fr#organization","name":"Nh\u00e0 May M\u1eafn - Maison Chance","url":"https:\/\/maison-chance.org\/shop\/fr","logo":{"@type":"ImageObject","inLanguage":"fr-FR","@id":"https:\/\/maison-chance.org\/shop\/fr#\/schema\/logo\/image\/","url":"https:\/\/maison-chance.org\/shop\/wp-content\/uploads\/2024\/03\/cropped-Logo_DNXH.png","contentUrl":"https:\/\/maison-chance.org\/shop\/wp-content\/uploads\/2024\/03\/cropped-Logo_DNXH.png","width":512,"height":512,"caption":"Nh\u00e0 May M\u1eafn - Maison Chance"},"image":{"@id":"https:\/\/maison-chance.org\/shop\/fr#\/schema\/logo\/image\/"},"sameAs":["https:\/\/www.facebook.com\/dnxh.nhamayman\/"]}]},"product_price_amount":"2.58","product_price_currency":"EUR","og_availability":"instock","product_availability":"instock","product_condition":"new"},"_links":{"self":[{"href":"https:\/\/maison-chance.org\/shop\/fr\/wp-json\/wp\/v2\/product\/41320","targetHints":{"allow":["GET"]}}],"collection":[{"href":"https:\/\/maison-chance.org\/shop\/fr\/wp-json\/wp\/v2\/product"}],"about":[{"href":"https:\/\/maison-chance.org\/shop\/fr\/wp-json\/wp\/v2\/types\/product"}],"wp:featuredmedia":[{"embeddable":true,"href":"https:\/\/maison-chance.org\/shop\/fr\/wp-json\/wp\/v2\/media\/41316"}],"wp:attachment":[{"href":"https:\/\/maison-chance.org\/shop\/fr\/wp-json\/wp\/v2\/media?parent=41320"}],"wp:term":[{"taxonomy":"product_brand","embeddable":true,"href":"https:\/\/maison-chance.org\/shop\/fr\/wp-json\/wp\/v2\/product_brand?post=41320"},{"taxonomy":"product_cat","embeddable":true,"href":"https:\/\/maison-chance.org\/shop\/fr\/wp-json\/wp\/v2\/product_cat?post=41320"},{"taxonomy":"product_tag","embeddable":true,"href":"https:\/\/maison-chance.org\/shop\/fr\/wp-json\/wp\/v2\/product_tag?post=41320"}],"curies":[{"name":"wp","href":"https:\/\/api.w.org\/{rel}","templated":true}]}}