{"id":41337,"date":"2024-12-04T15:08:32","date_gmt":"2024-12-04T08:08:32","guid":{"rendered":"https:\/\/maison-chance.org\/shop\/san-pham\/cookies-aux-noix"},"modified":"2024-12-04T15:08:32","modified_gmt":"2024-12-04T08:08:32","slug":"cookies-aux-noix","status":"publish","type":"product","link":"https:\/\/maison-chance.org\/shop\/fr\/produit\/cookies-aux-noix","title":{"rendered":"Cookies aux noix"},"content":{"rendered":"<p style=\"text-align: justify;\">Biscuits aux Noix de Maison Chance apportent non seulement une diff\u00e9rence de qualit\u00e9 mais contiennent \u00e9galement une histoire touchante et significative sur l&rsquo;effort et l&rsquo;aspiration. Parmi les produits exceptionnels de <a href=\"https:\/\/maison-chance.org\/shop\">Maison Chance<\/a>, les biscuits aux noix sont une friandise attrayante, parfaite pour ceux qui aiment la combinaison de saveur d\u00e9licieuse et de valeur nutritionnelle.<\/p>\n<p style=\"text-align: justify;\">Les biscuits aux noix de Maison Chance sont pr\u00e9par\u00e9s \u00e0 partir d&rsquo;ingr\u00e9dients naturels, offrant une saveur d\u00e9licate mais inoubliablement riche. Les principaux ingr\u00e9dients comprennent de la farine de bl\u00e9, des \u0153ufs, du sucre, du beurre, du lait et des noix \u2013 des ingr\u00e9dients familiers qui sont pleins de nutriments.<\/p>\n<p style=\"text-align: justify;\">En particulier, les noix sont l&rsquo;\u00e2me de ces biscuits, apportant une saveur sp\u00e9ciale qui est \u00e0 la fois aromatique et cr\u00e9meuse. Les noix non seulement am\u00e9liorent la valeur nutritionnelle mais ajoutent \u00e9galement des fibres, de la vitamine E et des antioxydants, aidant \u00e0 prot\u00e9ger la sant\u00e9 et \u00e0 offrir une exp\u00e9rience plus d\u00e9licieuse \u00e0 chaque bouch\u00e9e.<\/p>\n<p style=\"text-align: justify;\">Chaque biscuit aux noix est pr\u00e9par\u00e9 m\u00e9ticuleusement, combinant harmonieusement des ingr\u00e9dients naturels, offrant une collation id\u00e9ale pour ceux qui aiment la simplicit\u00e9 sans compromettre la sophistication. Avec chaque pot de 110g de biscuits aux noix, vous vivrez une friandise l\u00e9g\u00e8re mais riche en nutriments qui satisfait votre envie sans vous soucier de l&rsquo;apport calorique.<\/p>\n<p style=\"text-align: justify;\">En choisissant des biscuits aux noix de Maison Chance, vous n&rsquo;achetez pas simplement une collation mais contribuez \u00e9galement au d\u00e9veloppement de produits avec un fort esprit communautaire. Ces biscuits aux noix sont pr\u00e9par\u00e9s sous la supervision stricte d&rsquo;un boulanger exp\u00e9riment\u00e9, garantissant la qualit\u00e9 et la s\u00e9curit\u00e9 alimentaire. Chaque biscuit est une cristallisation de passion, d&rsquo;amour pour le m\u00e9tier et d&rsquo;attention aux plus petits d\u00e9tails.<\/p>\n","protected":false},"excerpt":{"rendered":"<p style=\"text-align: justify;\">Les produits sucr\u00e9s sont fabriqu\u00e9s par de jeunes orphelins actuellement pris en charge par Maison Chance. Nous vous demandons gentiment votre soutien !<\/p>\n<p>Ligne directe : <span style=\"font-size: 20px;\"><strong><span style=\"color: #ff0000;\">0909 06 25 28<\/span><\/strong><\/span><\/p>\n","protected":false},"featured_media":41308,"template":"","meta":[],"product_brand":[],"product_cat":[210,219],"product_tag":[],"class_list":{"0":"post-41337","1":"product","2":"type-product","3":"status-publish","4":"has-post-thumbnail","6":"product_cat-boulangerie","7":"product_cat-viennoiseries-patisseries","9":"first","10":"instock","11":"shipping-taxable","12":"purchasable","13":"product-type-simple"},"yoast_head":"<!-- This site is optimized with the Yoast SEO Premium plugin v22.7 (Yoast SEO v25.3.1) - https:\/\/yoast.com\/wordpress\/plugins\/seo\/ -->\n<title>Cookies aux noix - Nh\u00e0 May M\u1eafn - Maison Chance<\/title>\n<meta name=\"description\" content=\"Les biscuits aux noix de Maison Chance sont pr\u00e9par\u00e9s \u00e0 partir d&#039;ingr\u00e9dients naturels, offrant une saveur d\u00e9licate mais inoubliablement riche\" \/>\n<meta name=\"robots\" content=\"index, follow, max-snippet:-1, max-image-preview:large, max-video-preview:-1\" \/>\n<link rel=\"canonical\" href=\"https:\/\/maison-chance.org\/shop\/fr\/produit\/cookies-aux-noix\" \/>\n<meta property=\"og:locale\" content=\"fr_FR\" \/>\n<meta property=\"og:type\" content=\"article\" \/>\n<meta property=\"og:title\" content=\"Cookies aux noix\" \/>\n<meta property=\"og:description\" content=\"Les biscuits aux noix de Maison Chance sont pr\u00e9par\u00e9s \u00e0 partir d&#039;ingr\u00e9dients naturels, offrant une saveur d\u00e9licate mais inoubliablement riche\" \/>\n<meta property=\"og:url\" content=\"https:\/\/maison-chance.org\/shop\/fr\/produit\/cookies-aux-noix\" \/>\n<meta property=\"og:site_name\" content=\"Nh\u00e0 May M\u1eafn - Maison Chance\" \/>\n<meta property=\"article:publisher\" content=\"https:\/\/www.facebook.com\/dnxh.nhamayman\/\" \/>\n<meta property=\"og:image\" content=\"https:\/\/maison-chance.org\/shop\/wp-content\/uploads\/2024\/12\/hop-banh-quy-oc-cho.jpg\" \/>\n\t<meta property=\"og:image:width\" content=\"600\" \/>\n\t<meta property=\"og:image:height\" content=\"600\" \/>\n\t<meta property=\"og:image:type\" content=\"image\/jpeg\" \/>\n<meta name=\"twitter:card\" content=\"summary_large_image\" \/>\n<meta name=\"twitter:label1\" content=\"Prix\" \/>\n\t<meta name=\"twitter:data1\" content=\"&euro;2.58\" \/>\n\t<meta name=\"twitter:label2\" content=\"Disponibilit\u00e9\" \/>\n\t<meta name=\"twitter:data2\" content=\"En stock\" \/>\n<script type=\"application\/ld+json\" class=\"yoast-schema-graph\">{\"@context\":\"https:\/\/schema.org\",\"@graph\":[{\"@type\":\"WebPage\",\"@id\":\"https:\/\/maison-chance.org\/shop\/fr\/produit\/cookies-aux-noix\",\"url\":\"https:\/\/maison-chance.org\/shop\/fr\/produit\/cookies-aux-noix\",\"name\":\"Cookies aux noix - Nh\u00e0 May M\u1eafn - Maison Chance\",\"isPartOf\":{\"@id\":\"https:\/\/maison-chance.org\/shop\/fr#website\"},\"primaryImageOfPage\":{\"@id\":\"https:\/\/maison-chance.org\/shop\/fr\/produit\/cookies-aux-noix#primaryimage\"},\"image\":{\"@id\":\"https:\/\/maison-chance.org\/shop\/fr\/produit\/cookies-aux-noix#primaryimage\"},\"thumbnailUrl\":\"https:\/\/maison-chance.org\/shop\/wp-content\/uploads\/2024\/12\/hop-banh-quy-oc-cho.jpg\",\"datePublished\":\"2024-12-04T08:08:32+00:00\",\"description\":\"Les biscuits aux noix de Maison Chance sont pr\u00e9par\u00e9s \u00e0 partir d'ingr\u00e9dients naturels, offrant une saveur d\u00e9licate mais inoubliablement riche\",\"breadcrumb\":{\"@id\":\"https:\/\/maison-chance.org\/shop\/fr\/produit\/cookies-aux-noix#breadcrumb\"},\"inLanguage\":\"fr-FR\",\"potentialAction\":[{\"@type\":\"ReadAction\",\"target\":[\"https:\/\/maison-chance.org\/shop\/fr\/produit\/cookies-aux-noix\"]}]},{\"@type\":\"ImageObject\",\"inLanguage\":\"fr-FR\",\"@id\":\"https:\/\/maison-chance.org\/shop\/fr\/produit\/cookies-aux-noix#primaryimage\",\"url\":\"https:\/\/maison-chance.org\/shop\/wp-content\/uploads\/2024\/12\/hop-banh-quy-oc-cho.jpg\",\"contentUrl\":\"https:\/\/maison-chance.org\/shop\/wp-content\/uploads\/2024\/12\/hop-banh-quy-oc-cho.jpg\",\"width\":600,\"height\":600,\"caption\":\"Cookies aux noix\"},{\"@type\":\"BreadcrumbList\",\"@id\":\"https:\/\/maison-chance.org\/shop\/fr\/produit\/cookies-aux-noix#breadcrumb\",\"itemListElement\":[{\"@type\":\"ListItem\",\"position\":1,\"name\":\"Trang ch\u1ee7\",\"item\":\"https:\/\/maison-chance.org\/shop\/fr\"},{\"@type\":\"ListItem\",\"position\":2,\"name\":\"Boutique\",\"item\":\"https:\/\/maison-chance.org\/shop\/shop\"},{\"@type\":\"ListItem\",\"position\":3,\"name\":\"Cookies aux noix\"}]},{\"@type\":\"WebSite\",\"@id\":\"https:\/\/maison-chance.org\/shop\/fr#website\",\"url\":\"https:\/\/maison-chance.org\/shop\/fr\",\"name\":\"Nh\u00e0 May M\u1eafn - Maison Chance\",\"description\":\"M\u1ecdi l\u1ee3i nhu\u1eadn thu v\u1ec1 t\u1eeb vi\u1ec7c b\u00e1n h\u00e0ng s\u1ebd tr\u00edch m\u1ed9t ph\u1ea7n \u0111\u1ec3 ch\u0103m lo cho \u0111\u1eddi s\u1ed1ng c\u00e1c b\u1ea1n khuy\u1ebft t\u1eadt v\u00e0 tr\u1ebb m\u1ed3 c\u00f4i \u1edf \u0111\u00e2y\",\"publisher\":{\"@id\":\"https:\/\/maison-chance.org\/shop\/fr#organization\"},\"potentialAction\":[{\"@type\":\"SearchAction\",\"target\":{\"@type\":\"EntryPoint\",\"urlTemplate\":\"https:\/\/maison-chance.org\/shop\/fr?s={search_term_string}\"},\"query-input\":{\"@type\":\"PropertyValueSpecification\",\"valueRequired\":true,\"valueName\":\"search_term_string\"}}],\"inLanguage\":\"fr-FR\"},{\"@type\":\"Organization\",\"@id\":\"https:\/\/maison-chance.org\/shop\/fr#organization\",\"name\":\"Nh\u00e0 May M\u1eafn - Maison Chance\",\"url\":\"https:\/\/maison-chance.org\/shop\/fr\",\"logo\":{\"@type\":\"ImageObject\",\"inLanguage\":\"fr-FR\",\"@id\":\"https:\/\/maison-chance.org\/shop\/fr#\/schema\/logo\/image\/\",\"url\":\"https:\/\/maison-chance.org\/shop\/wp-content\/uploads\/2024\/03\/cropped-Logo_DNXH.png\",\"contentUrl\":\"https:\/\/maison-chance.org\/shop\/wp-content\/uploads\/2024\/03\/cropped-Logo_DNXH.png\",\"width\":512,\"height\":512,\"caption\":\"Nh\u00e0 May M\u1eafn - Maison Chance\"},\"image\":{\"@id\":\"https:\/\/maison-chance.org\/shop\/fr#\/schema\/logo\/image\/\"},\"sameAs\":[\"https:\/\/www.facebook.com\/dnxh.nhamayman\/\"]}]}<\/script>\n<meta property=\"product:price:amount\" content=\"2.58\" \/>\n<meta property=\"product:price:currency\" content=\"EUR\" \/>\n<meta property=\"og:availability\" content=\"instock\" \/>\n<meta property=\"product:availability\" content=\"instock\" \/>\n<meta property=\"product:condition\" content=\"new\" \/>\n<!-- \/ Yoast SEO Premium plugin. -->","yoast_head_json":{"title":"Cookies aux noix - Nh\u00e0 May M\u1eafn - Maison Chance","description":"Les biscuits aux noix de Maison Chance sont pr\u00e9par\u00e9s \u00e0 partir d'ingr\u00e9dients naturels, offrant une saveur d\u00e9licate mais inoubliablement riche","robots":{"index":"index","follow":"follow","max-snippet":"max-snippet:-1","max-image-preview":"max-image-preview:large","max-video-preview":"max-video-preview:-1"},"canonical":"https:\/\/maison-chance.org\/shop\/fr\/produit\/cookies-aux-noix","og_locale":"fr_FR","og_type":"article","og_title":"Cookies aux noix","og_description":"Les biscuits aux noix de Maison Chance sont pr\u00e9par\u00e9s \u00e0 partir d'ingr\u00e9dients naturels, offrant une saveur d\u00e9licate mais inoubliablement riche","og_url":"https:\/\/maison-chance.org\/shop\/fr\/produit\/cookies-aux-noix","og_site_name":"Nh\u00e0 May M\u1eafn - Maison Chance","article_publisher":"https:\/\/www.facebook.com\/dnxh.nhamayman\/","og_image":[{"width":600,"height":600,"url":"https:\/\/maison-chance.org\/shop\/wp-content\/uploads\/2024\/12\/hop-banh-quy-oc-cho.jpg","type":"image\/jpeg"}],"twitter_card":"summary_large_image","twitter_misc":{"Prix":"&euro;2.58","Disponibilit\u00e9":"En stock"},"schema":{"@context":"https:\/\/schema.org","@graph":[{"@type":"WebPage","@id":"https:\/\/maison-chance.org\/shop\/fr\/produit\/cookies-aux-noix","url":"https:\/\/maison-chance.org\/shop\/fr\/produit\/cookies-aux-noix","name":"Cookies aux noix - Nh\u00e0 May M\u1eafn - Maison Chance","isPartOf":{"@id":"https:\/\/maison-chance.org\/shop\/fr#website"},"primaryImageOfPage":{"@id":"https:\/\/maison-chance.org\/shop\/fr\/produit\/cookies-aux-noix#primaryimage"},"image":{"@id":"https:\/\/maison-chance.org\/shop\/fr\/produit\/cookies-aux-noix#primaryimage"},"thumbnailUrl":"https:\/\/maison-chance.org\/shop\/wp-content\/uploads\/2024\/12\/hop-banh-quy-oc-cho.jpg","datePublished":"2024-12-04T08:08:32+00:00","description":"Les biscuits aux noix de Maison Chance sont pr\u00e9par\u00e9s \u00e0 partir d'ingr\u00e9dients naturels, offrant une saveur d\u00e9licate mais inoubliablement riche","breadcrumb":{"@id":"https:\/\/maison-chance.org\/shop\/fr\/produit\/cookies-aux-noix#breadcrumb"},"inLanguage":"fr-FR","potentialAction":[{"@type":"ReadAction","target":["https:\/\/maison-chance.org\/shop\/fr\/produit\/cookies-aux-noix"]}]},{"@type":"ImageObject","inLanguage":"fr-FR","@id":"https:\/\/maison-chance.org\/shop\/fr\/produit\/cookies-aux-noix#primaryimage","url":"https:\/\/maison-chance.org\/shop\/wp-content\/uploads\/2024\/12\/hop-banh-quy-oc-cho.jpg","contentUrl":"https:\/\/maison-chance.org\/shop\/wp-content\/uploads\/2024\/12\/hop-banh-quy-oc-cho.jpg","width":600,"height":600,"caption":"Cookies aux noix"},{"@type":"BreadcrumbList","@id":"https:\/\/maison-chance.org\/shop\/fr\/produit\/cookies-aux-noix#breadcrumb","itemListElement":[{"@type":"ListItem","position":1,"name":"Trang ch\u1ee7","item":"https:\/\/maison-chance.org\/shop\/fr"},{"@type":"ListItem","position":2,"name":"Boutique","item":"https:\/\/maison-chance.org\/shop\/shop"},{"@type":"ListItem","position":3,"name":"Cookies aux noix"}]},{"@type":"WebSite","@id":"https:\/\/maison-chance.org\/shop\/fr#website","url":"https:\/\/maison-chance.org\/shop\/fr","name":"Nh\u00e0 May M\u1eafn - Maison Chance","description":"M\u1ecdi l\u1ee3i nhu\u1eadn thu v\u1ec1 t\u1eeb vi\u1ec7c b\u00e1n h\u00e0ng s\u1ebd tr\u00edch m\u1ed9t ph\u1ea7n \u0111\u1ec3 ch\u0103m lo cho \u0111\u1eddi s\u1ed1ng c\u00e1c b\u1ea1n khuy\u1ebft t\u1eadt v\u00e0 tr\u1ebb m\u1ed3 c\u00f4i \u1edf \u0111\u00e2y","publisher":{"@id":"https:\/\/maison-chance.org\/shop\/fr#organization"},"potentialAction":[{"@type":"SearchAction","target":{"@type":"EntryPoint","urlTemplate":"https:\/\/maison-chance.org\/shop\/fr?s={search_term_string}"},"query-input":{"@type":"PropertyValueSpecification","valueRequired":true,"valueName":"search_term_string"}}],"inLanguage":"fr-FR"},{"@type":"Organization","@id":"https:\/\/maison-chance.org\/shop\/fr#organization","name":"Nh\u00e0 May M\u1eafn - Maison Chance","url":"https:\/\/maison-chance.org\/shop\/fr","logo":{"@type":"ImageObject","inLanguage":"fr-FR","@id":"https:\/\/maison-chance.org\/shop\/fr#\/schema\/logo\/image\/","url":"https:\/\/maison-chance.org\/shop\/wp-content\/uploads\/2024\/03\/cropped-Logo_DNXH.png","contentUrl":"https:\/\/maison-chance.org\/shop\/wp-content\/uploads\/2024\/03\/cropped-Logo_DNXH.png","width":512,"height":512,"caption":"Nh\u00e0 May M\u1eafn - Maison Chance"},"image":{"@id":"https:\/\/maison-chance.org\/shop\/fr#\/schema\/logo\/image\/"},"sameAs":["https:\/\/www.facebook.com\/dnxh.nhamayman\/"]}]},"product_price_amount":"2.58","product_price_currency":"EUR","og_availability":"instock","product_availability":"instock","product_condition":"new"},"_links":{"self":[{"href":"https:\/\/maison-chance.org\/shop\/fr\/wp-json\/wp\/v2\/product\/41337","targetHints":{"allow":["GET"]}}],"collection":[{"href":"https:\/\/maison-chance.org\/shop\/fr\/wp-json\/wp\/v2\/product"}],"about":[{"href":"https:\/\/maison-chance.org\/shop\/fr\/wp-json\/wp\/v2\/types\/product"}],"wp:featuredmedia":[{"embeddable":true,"href":"https:\/\/maison-chance.org\/shop\/fr\/wp-json\/wp\/v2\/media\/41308"}],"wp:attachment":[{"href":"https:\/\/maison-chance.org\/shop\/fr\/wp-json\/wp\/v2\/media?parent=41337"}],"wp:term":[{"taxonomy":"product_brand","embeddable":true,"href":"https:\/\/maison-chance.org\/shop\/fr\/wp-json\/wp\/v2\/product_brand?post=41337"},{"taxonomy":"product_cat","embeddable":true,"href":"https:\/\/maison-chance.org\/shop\/fr\/wp-json\/wp\/v2\/product_cat?post=41337"},{"taxonomy":"product_tag","embeddable":true,"href":"https:\/\/maison-chance.org\/shop\/fr\/wp-json\/wp\/v2\/product_tag?post=41337"}],"curies":[{"name":"wp","href":"https:\/\/api.w.org\/{rel}","templated":true}]}}