{"id":41358,"date":"2024-12-09T14:53:40","date_gmt":"2024-12-09T07:53:40","guid":{"rendered":"https:\/\/maison-chance.org\/shop\/san-pham\/pain-de-maison-chance"},"modified":"2024-12-09T14:53:40","modified_gmt":"2024-12-09T07:53:40","slug":"pain-de-maison-chance","status":"publish","type":"product","link":"https:\/\/maison-chance.org\/shop\/fr\/produit\/pain-de-maison-chance","title":{"rendered":"Pain de Maison Chance"},"content":{"rendered":"<p style=\"text-align: justify;\">Si vous \u00eates un fan de la cuisine vietnamienne, vous ne pouvez certainement pas manquer le pain de Maison Chance. Plus qu&rsquo;un simple plat, le pain de Maison Chance est une combinaison parfaite d&rsquo;ingr\u00e9dients frais, de saveurs riches et d&rsquo;amour pour la cuisine traditionnelle. Avec sa qualit\u00e9 exceptionnelle et sa cr\u00e9ativit\u00e9 dans chaque pain, c&rsquo;est le choix parfait pour votre repas.<\/p>\n<p style=\"text-align: justify;\">Le pain de Maison Chance est pr\u00e9par\u00e9 \u00e0 partir d&rsquo;ingr\u00e9dients frais et de haute qualit\u00e9, apportant satisfaction d\u00e8s la premi\u00e8re bouch\u00e9e.<\/p>\n<p style=\"text-align: justify;\">Cro\u00fbte du pain : Faite de farine de bl\u00e9 de haute qualit\u00e9, combin\u00e9e avec du beurre, du lait, des \u0153ufs et du sucre, la cro\u00fbte du pain de Maison Chance a une ext\u00e9rieur d\u00e9licieusement croustillant, mais est tendre et a\u00e9r\u00e9e \u00e0 l&rsquo;int\u00e9rieur. La sensation de mordre dans un pain \u00e0 la fois parfum\u00e9 et croustillant est irr\u00e9sistible.<\/p>\n<p style=\"text-align: justify;\">Garniture : La garniture du pain est une merveilleuse combinaison de viandes fra\u00eeches soigneusement pr\u00e9par\u00e9es, profond\u00e9ment infus\u00e9es avec des \u00e9pices, cr\u00e9ant une saveur riche qui satisfait tous les palais. De plus, les l\u00e9gumes comme les carottes, les radis et les concombres frais non seulement rendent le plat plus vari\u00e9 mais apportent \u00e9galement fra\u00eecheur et bienfaits pour la sant\u00e9. En particulier, la sauce d\u00e9licieuse, pr\u00e9par\u00e9e sp\u00e9cialement, non seulement attendrit la garniture mais cr\u00e9e \u00e9galement une saveur riche inoubliable.<\/p>\n<p style=\"text-align: justify;\">\u00c9pices et Herbes : La coriandre, les \u00e9chalotes et d&rsquo;autres \u00e9pices aident le pain de Maison Chance \u00e0 avoir une couche suppl\u00e9mentaire d&rsquo;ar\u00f4me, augmentant l&rsquo;attrait du plat. Chaque tranche apporte une sensation harmonieuse, de la douceur des l\u00e9gumes \u00e0 la richesse de la viande, parfaitement combin\u00e9e avec l&rsquo;ar\u00f4me de la sauce et des \u00e9pices.<\/p>\n<p style=\"text-align: justify;\">Plus qu&rsquo;un repas rapide et pratique, le pain de Maison Chance est un choix id\u00e9al pour ceux qui aiment la nouveaut\u00e9 et la richesse de la cuisine vietnamienne. En particulier, le pain peut facilement devenir le plat principal du petit-d\u00e9jeuner, du d\u00e9jeuner ou des repas rapides. Avec sa saveur riche et sa nutrition compl\u00e8te, c&rsquo;est un plat qui vous aide \u00e0 retrouver rapidement de l&rsquo;\u00e9nergie pour continuer le travail ou les activit\u00e9s de la journ\u00e9e.<\/p>\n<p style=\"text-align: justify;\">Ne manquez pas l&rsquo;occasion de d\u00e9guster ce merveilleux pain. Avec le pain de <a href=\"https:\/\/maison-chance.org\/shop\">Maison Chance<\/a> bread, vous ne vous contentez pas de d\u00e9guster un d\u00e9licieux plat mais vous vivez \u00e9galement une partie de la culture culinaire vietnamienne. Venez imm\u00e9diatement et ressentez la fra\u00eecheur, la richesse et le caract\u00e8re impressionnant que chaque pain apporte.<\/p>\n","protected":false},"excerpt":{"rendered":"<p style=\"text-align: justify;\">Les produits de p\u00e2tisserie sont fabriqu\u00e9s par de jeunes orphelins actuellement pris en charge par Maison Chance. Nous esp\u00e9rons sinc\u00e8rement recevoir votre soutien !<\/p>\n<p>Ligne directe : <span style=\"font-size: 20px;\"><strong><span style=\"color: #ff0000;\">0909 06 25 28<\/span><\/strong><\/span><\/p>\n","protected":false},"featured_media":41354,"template":"","meta":[],"product_brand":[],"product_cat":[210,216],"product_tag":[],"class_list":{"0":"post-41358","1":"product","2":"type-product","3":"status-publish","4":"has-post-thumbnail","6":"product_cat-boulangerie","7":"product_cat-produits-sales","9":"first","10":"instock","11":"shipping-taxable","12":"purchasable","13":"product-type-simple"},"yoast_head":"<!-- This site is optimized with the Yoast SEO Premium plugin v22.7 (Yoast SEO v25.3.1) - https:\/\/yoast.com\/wordpress\/plugins\/seo\/ -->\n<title>Pain de Maison Chance - Nh\u00e0 May M\u1eafn - Maison Chance<\/title>\n<meta name=\"description\" content=\"Avec le pain de Maison Chance, vous ne vous contentez pas de d\u00e9guster un d\u00e9licieux plat mais vous vivez \u00e9galement une partie de la culture culinaire vietnamienne. Venez imm\u00e9diatement et ressentez la fra\u00eecheur, la richesse et le caract\u00e8re impressionnant que chaque pain apporte.\" \/>\n<meta name=\"robots\" content=\"index, follow, max-snippet:-1, max-image-preview:large, max-video-preview:-1\" \/>\n<link rel=\"canonical\" href=\"https:\/\/maison-chance.org\/shop\/fr\/produit\/pain-de-maison-chance\" \/>\n<meta property=\"og:locale\" content=\"fr_FR\" \/>\n<meta property=\"og:type\" content=\"article\" \/>\n<meta property=\"og:title\" content=\"Pain de Maison Chance\" \/>\n<meta property=\"og:description\" content=\"Avec le pain de Maison Chance, vous ne vous contentez pas de d\u00e9guster un d\u00e9licieux plat mais vous vivez \u00e9galement une partie de la culture culinaire vietnamienne. Venez imm\u00e9diatement et ressentez la fra\u00eecheur, la richesse et le caract\u00e8re impressionnant que chaque pain apporte.\" \/>\n<meta property=\"og:url\" content=\"https:\/\/maison-chance.org\/shop\/fr\/produit\/pain-de-maison-chance\" \/>\n<meta property=\"og:site_name\" content=\"Nh\u00e0 May M\u1eafn - Maison Chance\" \/>\n<meta property=\"article:publisher\" content=\"https:\/\/www.facebook.com\/dnxh.nhamayman\/\" \/>\n<meta property=\"og:image\" content=\"https:\/\/maison-chance.org\/shop\/wp-content\/uploads\/2024\/12\/banh-mi-nha-may-man.png\" \/>\n\t<meta property=\"og:image:width\" content=\"600\" \/>\n\t<meta property=\"og:image:height\" content=\"600\" \/>\n\t<meta property=\"og:image:type\" content=\"image\/png\" \/>\n<meta name=\"twitter:card\" content=\"summary_large_image\" \/>\n<meta name=\"twitter:label1\" content=\"Prix\" \/>\n\t<meta name=\"twitter:data1\" content=\"&euro;0.74\" \/>\n\t<meta name=\"twitter:label2\" content=\"Disponibilit\u00e9\" \/>\n\t<meta name=\"twitter:data2\" content=\"En stock\" \/>\n<script type=\"application\/ld+json\" class=\"yoast-schema-graph\">{\"@context\":\"https:\/\/schema.org\",\"@graph\":[{\"@type\":\"WebPage\",\"@id\":\"https:\/\/maison-chance.org\/shop\/fr\/produit\/pain-de-maison-chance\",\"url\":\"https:\/\/maison-chance.org\/shop\/fr\/produit\/pain-de-maison-chance\",\"name\":\"Pain de Maison Chance - Nh\u00e0 May M\u1eafn - Maison Chance\",\"isPartOf\":{\"@id\":\"https:\/\/maison-chance.org\/shop\/fr#website\"},\"primaryImageOfPage\":{\"@id\":\"https:\/\/maison-chance.org\/shop\/fr\/produit\/pain-de-maison-chance#primaryimage\"},\"image\":{\"@id\":\"https:\/\/maison-chance.org\/shop\/fr\/produit\/pain-de-maison-chance#primaryimage\"},\"thumbnailUrl\":\"https:\/\/maison-chance.org\/shop\/wp-content\/uploads\/2024\/12\/banh-mi-nha-may-man.png\",\"datePublished\":\"2024-12-09T07:53:40+00:00\",\"description\":\"Avec le pain de Maison Chance, vous ne vous contentez pas de d\u00e9guster un d\u00e9licieux plat mais vous vivez \u00e9galement une partie de la culture culinaire vietnamienne. Venez imm\u00e9diatement et ressentez la fra\u00eecheur, la richesse et le caract\u00e8re impressionnant que chaque pain apporte.\",\"breadcrumb\":{\"@id\":\"https:\/\/maison-chance.org\/shop\/fr\/produit\/pain-de-maison-chance#breadcrumb\"},\"inLanguage\":\"fr-FR\",\"potentialAction\":[{\"@type\":\"ReadAction\",\"target\":[\"https:\/\/maison-chance.org\/shop\/fr\/produit\/pain-de-maison-chance\"]}]},{\"@type\":\"ImageObject\",\"inLanguage\":\"fr-FR\",\"@id\":\"https:\/\/maison-chance.org\/shop\/fr\/produit\/pain-de-maison-chance#primaryimage\",\"url\":\"https:\/\/maison-chance.org\/shop\/wp-content\/uploads\/2024\/12\/banh-mi-nha-may-man.png\",\"contentUrl\":\"https:\/\/maison-chance.org\/shop\/wp-content\/uploads\/2024\/12\/banh-mi-nha-may-man.png\",\"width\":600,\"height\":600,\"caption\":\"Pain de Maison Chance\"},{\"@type\":\"BreadcrumbList\",\"@id\":\"https:\/\/maison-chance.org\/shop\/fr\/produit\/pain-de-maison-chance#breadcrumb\",\"itemListElement\":[{\"@type\":\"ListItem\",\"position\":1,\"name\":\"Trang ch\u1ee7\",\"item\":\"https:\/\/maison-chance.org\/shop\/fr\"},{\"@type\":\"ListItem\",\"position\":2,\"name\":\"Boutique\",\"item\":\"https:\/\/maison-chance.org\/shop\/shop\"},{\"@type\":\"ListItem\",\"position\":3,\"name\":\"Pain de Maison Chance\"}]},{\"@type\":\"WebSite\",\"@id\":\"https:\/\/maison-chance.org\/shop\/fr#website\",\"url\":\"https:\/\/maison-chance.org\/shop\/fr\",\"name\":\"Nh\u00e0 May M\u1eafn - Maison Chance\",\"description\":\"M\u1ecdi l\u1ee3i nhu\u1eadn thu v\u1ec1 t\u1eeb vi\u1ec7c b\u00e1n h\u00e0ng s\u1ebd tr\u00edch m\u1ed9t ph\u1ea7n \u0111\u1ec3 ch\u0103m lo cho \u0111\u1eddi s\u1ed1ng c\u00e1c b\u1ea1n khuy\u1ebft t\u1eadt v\u00e0 tr\u1ebb m\u1ed3 c\u00f4i \u1edf \u0111\u00e2y\",\"publisher\":{\"@id\":\"https:\/\/maison-chance.org\/shop\/fr#organization\"},\"potentialAction\":[{\"@type\":\"SearchAction\",\"target\":{\"@type\":\"EntryPoint\",\"urlTemplate\":\"https:\/\/maison-chance.org\/shop\/fr?s={search_term_string}\"},\"query-input\":{\"@type\":\"PropertyValueSpecification\",\"valueRequired\":true,\"valueName\":\"search_term_string\"}}],\"inLanguage\":\"fr-FR\"},{\"@type\":\"Organization\",\"@id\":\"https:\/\/maison-chance.org\/shop\/fr#organization\",\"name\":\"Nh\u00e0 May M\u1eafn - Maison Chance\",\"url\":\"https:\/\/maison-chance.org\/shop\/fr\",\"logo\":{\"@type\":\"ImageObject\",\"inLanguage\":\"fr-FR\",\"@id\":\"https:\/\/maison-chance.org\/shop\/fr#\/schema\/logo\/image\/\",\"url\":\"https:\/\/maison-chance.org\/shop\/wp-content\/uploads\/2024\/03\/cropped-Logo_DNXH.png\",\"contentUrl\":\"https:\/\/maison-chance.org\/shop\/wp-content\/uploads\/2024\/03\/cropped-Logo_DNXH.png\",\"width\":512,\"height\":512,\"caption\":\"Nh\u00e0 May M\u1eafn - Maison Chance\"},\"image\":{\"@id\":\"https:\/\/maison-chance.org\/shop\/fr#\/schema\/logo\/image\/\"},\"sameAs\":[\"https:\/\/www.facebook.com\/dnxh.nhamayman\/\"]}]}<\/script>\n<meta property=\"product:price:amount\" content=\"0.74\" \/>\n<meta property=\"product:price:currency\" content=\"EUR\" \/>\n<meta property=\"og:availability\" content=\"instock\" \/>\n<meta property=\"product:availability\" content=\"instock\" \/>\n<meta property=\"product:condition\" content=\"new\" \/>\n<!-- \/ Yoast SEO Premium plugin. -->","yoast_head_json":{"title":"Pain de Maison Chance - Nh\u00e0 May M\u1eafn - Maison Chance","description":"Avec le pain de Maison Chance, vous ne vous contentez pas de d\u00e9guster un d\u00e9licieux plat mais vous vivez \u00e9galement une partie de la culture culinaire vietnamienne. Venez imm\u00e9diatement et ressentez la fra\u00eecheur, la richesse et le caract\u00e8re impressionnant que chaque pain apporte.","robots":{"index":"index","follow":"follow","max-snippet":"max-snippet:-1","max-image-preview":"max-image-preview:large","max-video-preview":"max-video-preview:-1"},"canonical":"https:\/\/maison-chance.org\/shop\/fr\/produit\/pain-de-maison-chance","og_locale":"fr_FR","og_type":"article","og_title":"Pain de Maison Chance","og_description":"Avec le pain de Maison Chance, vous ne vous contentez pas de d\u00e9guster un d\u00e9licieux plat mais vous vivez \u00e9galement une partie de la culture culinaire vietnamienne. Venez imm\u00e9diatement et ressentez la fra\u00eecheur, la richesse et le caract\u00e8re impressionnant que chaque pain apporte.","og_url":"https:\/\/maison-chance.org\/shop\/fr\/produit\/pain-de-maison-chance","og_site_name":"Nh\u00e0 May M\u1eafn - Maison Chance","article_publisher":"https:\/\/www.facebook.com\/dnxh.nhamayman\/","og_image":[{"width":600,"height":600,"url":"https:\/\/maison-chance.org\/shop\/wp-content\/uploads\/2024\/12\/banh-mi-nha-may-man.png","type":"image\/png"}],"twitter_card":"summary_large_image","twitter_misc":{"Prix":"&euro;0.74","Disponibilit\u00e9":"En stock"},"schema":{"@context":"https:\/\/schema.org","@graph":[{"@type":"WebPage","@id":"https:\/\/maison-chance.org\/shop\/fr\/produit\/pain-de-maison-chance","url":"https:\/\/maison-chance.org\/shop\/fr\/produit\/pain-de-maison-chance","name":"Pain de Maison Chance - Nh\u00e0 May M\u1eafn - Maison Chance","isPartOf":{"@id":"https:\/\/maison-chance.org\/shop\/fr#website"},"primaryImageOfPage":{"@id":"https:\/\/maison-chance.org\/shop\/fr\/produit\/pain-de-maison-chance#primaryimage"},"image":{"@id":"https:\/\/maison-chance.org\/shop\/fr\/produit\/pain-de-maison-chance#primaryimage"},"thumbnailUrl":"https:\/\/maison-chance.org\/shop\/wp-content\/uploads\/2024\/12\/banh-mi-nha-may-man.png","datePublished":"2024-12-09T07:53:40+00:00","description":"Avec le pain de Maison Chance, vous ne vous contentez pas de d\u00e9guster un d\u00e9licieux plat mais vous vivez \u00e9galement une partie de la culture culinaire vietnamienne. Venez imm\u00e9diatement et ressentez la fra\u00eecheur, la richesse et le caract\u00e8re impressionnant que chaque pain apporte.","breadcrumb":{"@id":"https:\/\/maison-chance.org\/shop\/fr\/produit\/pain-de-maison-chance#breadcrumb"},"inLanguage":"fr-FR","potentialAction":[{"@type":"ReadAction","target":["https:\/\/maison-chance.org\/shop\/fr\/produit\/pain-de-maison-chance"]}]},{"@type":"ImageObject","inLanguage":"fr-FR","@id":"https:\/\/maison-chance.org\/shop\/fr\/produit\/pain-de-maison-chance#primaryimage","url":"https:\/\/maison-chance.org\/shop\/wp-content\/uploads\/2024\/12\/banh-mi-nha-may-man.png","contentUrl":"https:\/\/maison-chance.org\/shop\/wp-content\/uploads\/2024\/12\/banh-mi-nha-may-man.png","width":600,"height":600,"caption":"Pain de Maison Chance"},{"@type":"BreadcrumbList","@id":"https:\/\/maison-chance.org\/shop\/fr\/produit\/pain-de-maison-chance#breadcrumb","itemListElement":[{"@type":"ListItem","position":1,"name":"Trang ch\u1ee7","item":"https:\/\/maison-chance.org\/shop\/fr"},{"@type":"ListItem","position":2,"name":"Boutique","item":"https:\/\/maison-chance.org\/shop\/shop"},{"@type":"ListItem","position":3,"name":"Pain de Maison Chance"}]},{"@type":"WebSite","@id":"https:\/\/maison-chance.org\/shop\/fr#website","url":"https:\/\/maison-chance.org\/shop\/fr","name":"Nh\u00e0 May M\u1eafn - Maison Chance","description":"M\u1ecdi l\u1ee3i nhu\u1eadn thu v\u1ec1 t\u1eeb vi\u1ec7c b\u00e1n h\u00e0ng s\u1ebd tr\u00edch m\u1ed9t ph\u1ea7n \u0111\u1ec3 ch\u0103m lo cho \u0111\u1eddi s\u1ed1ng c\u00e1c b\u1ea1n khuy\u1ebft t\u1eadt v\u00e0 tr\u1ebb m\u1ed3 c\u00f4i \u1edf \u0111\u00e2y","publisher":{"@id":"https:\/\/maison-chance.org\/shop\/fr#organization"},"potentialAction":[{"@type":"SearchAction","target":{"@type":"EntryPoint","urlTemplate":"https:\/\/maison-chance.org\/shop\/fr?s={search_term_string}"},"query-input":{"@type":"PropertyValueSpecification","valueRequired":true,"valueName":"search_term_string"}}],"inLanguage":"fr-FR"},{"@type":"Organization","@id":"https:\/\/maison-chance.org\/shop\/fr#organization","name":"Nh\u00e0 May M\u1eafn - Maison Chance","url":"https:\/\/maison-chance.org\/shop\/fr","logo":{"@type":"ImageObject","inLanguage":"fr-FR","@id":"https:\/\/maison-chance.org\/shop\/fr#\/schema\/logo\/image\/","url":"https:\/\/maison-chance.org\/shop\/wp-content\/uploads\/2024\/03\/cropped-Logo_DNXH.png","contentUrl":"https:\/\/maison-chance.org\/shop\/wp-content\/uploads\/2024\/03\/cropped-Logo_DNXH.png","width":512,"height":512,"caption":"Nh\u00e0 May M\u1eafn - Maison Chance"},"image":{"@id":"https:\/\/maison-chance.org\/shop\/fr#\/schema\/logo\/image\/"},"sameAs":["https:\/\/www.facebook.com\/dnxh.nhamayman\/"]}]},"product_price_amount":"0.74","product_price_currency":"EUR","og_availability":"instock","product_availability":"instock","product_condition":"new"},"_links":{"self":[{"href":"https:\/\/maison-chance.org\/shop\/fr\/wp-json\/wp\/v2\/product\/41358","targetHints":{"allow":["GET"]}}],"collection":[{"href":"https:\/\/maison-chance.org\/shop\/fr\/wp-json\/wp\/v2\/product"}],"about":[{"href":"https:\/\/maison-chance.org\/shop\/fr\/wp-json\/wp\/v2\/types\/product"}],"wp:featuredmedia":[{"embeddable":true,"href":"https:\/\/maison-chance.org\/shop\/fr\/wp-json\/wp\/v2\/media\/41354"}],"wp:attachment":[{"href":"https:\/\/maison-chance.org\/shop\/fr\/wp-json\/wp\/v2\/media?parent=41358"}],"wp:term":[{"taxonomy":"product_brand","embeddable":true,"href":"https:\/\/maison-chance.org\/shop\/fr\/wp-json\/wp\/v2\/product_brand?post=41358"},{"taxonomy":"product_cat","embeddable":true,"href":"https:\/\/maison-chance.org\/shop\/fr\/wp-json\/wp\/v2\/product_cat?post=41358"},{"taxonomy":"product_tag","embeddable":true,"href":"https:\/\/maison-chance.org\/shop\/fr\/wp-json\/wp\/v2\/product_tag?post=41358"}],"curies":[{"name":"wp","href":"https:\/\/api.w.org\/{rel}","templated":true}]}}